{"id":7374,"date":"2024-01-17T18:58:20","date_gmt":"2024-01-17T16:58:20","guid":{"rendered":"https:\/\/detailspot.lt\/produktas\/maxshine-coating-applicator\/"},"modified":"2024-01-17T18:58:20","modified_gmt":"2024-01-17T16:58:20","slug":"maxshine-coating-applicator","status":"publish","type":"product","link":"https:\/\/detailspot.lt\/en\/produktas\/maxshine-coating-applicator\/","title":{"rendered":"MaxShine Coating applicator"},"content":{"rendered":"<h1>MaxShine Coating applicator<\/h1>\n<p>Made of high-density foam for softness, absorption and durability. These premium applicator pads are precisely stitched so that their edges never touch the paint surface, avoiding surface scratches and improving product application.<\/p>\n<p><strong>Characteristics:<\/strong><\/p>\n<ol>\n<li>. Absorbent premium microfibre for a soft feel and long-lasting quality.<\/li>\n<li> Ideal for cleaning the interior and exterior of the car<\/li>\n<li>Lightly apply polishes, waxes, sealants and protectants.<\/li>\n<li> Machine washable, durable, eco-friendly and reusable.<\/li>\n<\/ol>\n<p>&nbsp;<\/p>\n<p>&nbsp;<\/p>\n<p style=\"text-align: center;\"><img loading=\"lazy\" decoding=\"async\" class=\"alignnone size-medium wp-image-1102\" src=\"https:\/\/detailspot.lt\/wp-content\/uploads\/2022\/11\/MaxshineLogominusculas-02-300x68.png\" alt=\"\" width=\"300\" height=\"68\" srcset=\"https:\/\/detailspot.lt\/wp-content\/uploads\/2022\/11\/MaxshineLogominusculas-02-300x68.png 300w, https:\/\/detailspot.lt\/wp-content\/uploads\/2022\/11\/MaxshineLogominusculas-02-1024x231.png 1024w, https:\/\/detailspot.lt\/wp-content\/uploads\/2022\/11\/MaxshineLogominusculas-02-768x173.png 768w, https:\/\/detailspot.lt\/wp-content\/uploads\/2022\/11\/MaxshineLogominusculas-02-600x135.png 600w, https:\/\/detailspot.lt\/wp-content\/uploads\/2022\/11\/MaxshineLogominusculas-02-64x14.png 64w, https:\/\/detailspot.lt\/wp-content\/uploads\/2022\/11\/MaxshineLogominusculas-02.png 1500w\" sizes=\"auto, (max-width: 300px) 100vw, 300px\" \/><\/p>\n","protected":false},"excerpt":{"rendered":"<p>MaxShine Coating applicator Made of high-density foam for softness, absorption and durability. These premium applicator pads are precisely stitched so that their edges never touch the paint surface, avoiding surface scratches and improving product application. Characteristics: . Absorbent premium microfibre for a soft feel and long-lasting quality. Ideal for cleaning the interior and exterior of&hellip;<\/p>\n","protected":false},"featured_media":7366,"comment_status":"closed","ping_status":"closed","template":"","meta":[],"product_brand":[],"product_cat":[155,156],"product_tag":[],"class_list":{"0":"post-7374","1":"product","2":"type-product","3":"status-publish","4":"has-post-thumbnail","6":"product_cat-accessories","7":"product_cat-applicators","8":"description-off","10":"first","11":"instock","12":"taxable","13":"shipping-taxable","14":"purchasable","15":"product-type-simple"},"yoast_head":"<!-- This site is optimized with the Yoast SEO plugin v27.2 - https:\/\/yoast.com\/product\/yoast-seo-wordpress\/ -->\n<title>MaxShine Coating applicator - Detail Spot<\/title>\n<meta name=\"description\" content=\"MaxShine Coating applicator Made of high-density foam for softness, absorption and durability.\" \/>\n<meta name=\"robots\" content=\"index, follow, max-snippet:-1, max-image-preview:large, max-video-preview:-1\" \/>\n<link rel=\"canonical\" href=\"https:\/\/detailspot.lt\/en\/produktas\/maxshine-coating-applicator\/\" \/>\n<meta property=\"og:locale\" content=\"en_US\" \/>\n<meta property=\"og:type\" content=\"article\" \/>\n<meta property=\"og:title\" content=\"MaxShine Coating applicator - Detail Spot\" \/>\n<meta property=\"og:description\" content=\"MaxShine Coating applicator Made of high-density foam for softness, absorption and durability.\" \/>\n<meta property=\"og:url\" content=\"https:\/\/detailspot.lt\/en\/produktas\/maxshine-coating-applicator\/\" \/>\n<meta property=\"og:site_name\" content=\"Detail Spot\" \/>\n<meta property=\"article:publisher\" content=\"https:\/\/www.facebook.com\/profile.php?id=100039208338156\" \/>\n<meta property=\"og:image\" content=\"https:\/\/detailspot.lt\/wp-content\/uploads\/2024\/01\/4513-maxshine-mf-coating-applicator-4pcs-microfiber-applicator-2.jpg\" \/>\n\t<meta property=\"og:image:width\" content=\"800\" \/>\n\t<meta property=\"og:image:height\" content=\"800\" \/>\n\t<meta property=\"og:image:type\" content=\"image\/jpeg\" \/>\n<meta name=\"twitter:card\" content=\"summary_large_image\" \/>\n<script type=\"application\/ld+json\" class=\"yoast-schema-graph\">{\"@context\":\"https:\/\/schema.org\",\"@graph\":[{\"@type\":\"WebPage\",\"@id\":\"https:\/\/detailspot.lt\/en\/produktas\/maxshine-coating-applicator\/\",\"url\":\"https:\/\/detailspot.lt\/en\/produktas\/maxshine-coating-applicator\/\",\"name\":\"MaxShine Coating applicator - Detail Spot\",\"isPartOf\":{\"@id\":\"https:\/\/detailspot.lt\/#website\"},\"primaryImageOfPage\":{\"@id\":\"https:\/\/detailspot.lt\/en\/produktas\/maxshine-coating-applicator\/#primaryimage\"},\"image\":{\"@id\":\"https:\/\/detailspot.lt\/en\/produktas\/maxshine-coating-applicator\/#primaryimage\"},\"thumbnailUrl\":\"https:\/\/detailspot.lt\/wp-content\/uploads\/2024\/01\/4513-maxshine-mf-coating-applicator-4pcs-microfiber-applicator-2.jpg\",\"datePublished\":\"2024-01-17T16:58:20+00:00\",\"description\":\"MaxShine Coating applicator Made of high-density foam for softness, absorption and durability.\",\"breadcrumb\":{\"@id\":\"https:\/\/detailspot.lt\/en\/produktas\/maxshine-coating-applicator\/#breadcrumb\"},\"inLanguage\":\"en-US\",\"potentialAction\":[{\"@type\":\"ReadAction\",\"target\":[\"https:\/\/detailspot.lt\/en\/produktas\/maxshine-coating-applicator\/\"]}]},{\"@type\":\"ImageObject\",\"inLanguage\":\"en-US\",\"@id\":\"https:\/\/detailspot.lt\/en\/produktas\/maxshine-coating-applicator\/#primaryimage\",\"url\":\"https:\/\/detailspot.lt\/wp-content\/uploads\/2024\/01\/4513-maxshine-mf-coating-applicator-4pcs-microfiber-applicator-2.jpg\",\"contentUrl\":\"https:\/\/detailspot.lt\/wp-content\/uploads\/2024\/01\/4513-maxshine-mf-coating-applicator-4pcs-microfiber-applicator-2.jpg\",\"width\":800,\"height\":800},{\"@type\":\"BreadcrumbList\",\"@id\":\"https:\/\/detailspot.lt\/en\/produktas\/maxshine-coating-applicator\/#breadcrumb\",\"itemListElement\":[{\"@type\":\"ListItem\",\"position\":1,\"name\":\"Home\",\"item\":\"https:\/\/detailspot.lt\/en\/\"},{\"@type\":\"ListItem\",\"position\":2,\"name\":\"Shop\",\"item\":\"https:\/\/detailspot.lt\/en\/parduotuve\/\"},{\"@type\":\"ListItem\",\"position\":3,\"name\":\"MaxShine Coating applicator\"}]},{\"@type\":\"WebSite\",\"@id\":\"https:\/\/detailspot.lt\/#website\",\"url\":\"https:\/\/detailspot.lt\/\",\"name\":\"Detail Spot\",\"description\":\"Automobili\u0173 prie\u017ei\u016bros priemon\u0117s\",\"publisher\":{\"@id\":\"https:\/\/detailspot.lt\/#organization\"},\"potentialAction\":[{\"@type\":\"SearchAction\",\"target\":{\"@type\":\"EntryPoint\",\"urlTemplate\":\"https:\/\/detailspot.lt\/?s={search_term_string}\"},\"query-input\":{\"@type\":\"PropertyValueSpecification\",\"valueRequired\":true,\"valueName\":\"search_term_string\"}}],\"inLanguage\":\"en-US\"},{\"@type\":\"Organization\",\"@id\":\"https:\/\/detailspot.lt\/#organization\",\"name\":\"Detail Spot\",\"url\":\"https:\/\/detailspot.lt\/\",\"logo\":{\"@type\":\"ImageObject\",\"inLanguage\":\"en-US\",\"@id\":\"https:\/\/detailspot.lt\/#\/schema\/logo\/image\/\",\"url\":\"https:\/\/detailspot.lt\/wp-content\/uploads\/2022\/10\/logo-original.svg\",\"contentUrl\":\"https:\/\/detailspot.lt\/wp-content\/uploads\/2022\/10\/logo-original.svg\",\"width\":1,\"height\":1,\"caption\":\"Detail Spot\"},\"image\":{\"@id\":\"https:\/\/detailspot.lt\/#\/schema\/logo\/image\/\"},\"sameAs\":[\"https:\/\/www.facebook.com\/profile.php?id=100039208338156\"]}]}<\/script>\n<!-- \/ Yoast SEO plugin. -->","yoast_head_json":{"title":"MaxShine Coating applicator - Detail Spot","description":"MaxShine Coating applicator Made of high-density foam for softness, absorption and durability.","robots":{"index":"index","follow":"follow","max-snippet":"max-snippet:-1","max-image-preview":"max-image-preview:large","max-video-preview":"max-video-preview:-1"},"canonical":"https:\/\/detailspot.lt\/en\/produktas\/maxshine-coating-applicator\/","og_locale":"en_US","og_type":"article","og_title":"MaxShine Coating applicator - Detail Spot","og_description":"MaxShine Coating applicator Made of high-density foam for softness, absorption and durability.","og_url":"https:\/\/detailspot.lt\/en\/produktas\/maxshine-coating-applicator\/","og_site_name":"Detail Spot","article_publisher":"https:\/\/www.facebook.com\/profile.php?id=100039208338156","og_image":[{"width":800,"height":800,"url":"https:\/\/detailspot.lt\/wp-content\/uploads\/2024\/01\/4513-maxshine-mf-coating-applicator-4pcs-microfiber-applicator-2.jpg","type":"image\/jpeg"}],"twitter_card":"summary_large_image","schema":{"@context":"https:\/\/schema.org","@graph":[{"@type":"WebPage","@id":"https:\/\/detailspot.lt\/en\/produktas\/maxshine-coating-applicator\/","url":"https:\/\/detailspot.lt\/en\/produktas\/maxshine-coating-applicator\/","name":"MaxShine Coating applicator - Detail Spot","isPartOf":{"@id":"https:\/\/detailspot.lt\/#website"},"primaryImageOfPage":{"@id":"https:\/\/detailspot.lt\/en\/produktas\/maxshine-coating-applicator\/#primaryimage"},"image":{"@id":"https:\/\/detailspot.lt\/en\/produktas\/maxshine-coating-applicator\/#primaryimage"},"thumbnailUrl":"https:\/\/detailspot.lt\/wp-content\/uploads\/2024\/01\/4513-maxshine-mf-coating-applicator-4pcs-microfiber-applicator-2.jpg","datePublished":"2024-01-17T16:58:20+00:00","description":"MaxShine Coating applicator Made of high-density foam for softness, absorption and durability.","breadcrumb":{"@id":"https:\/\/detailspot.lt\/en\/produktas\/maxshine-coating-applicator\/#breadcrumb"},"inLanguage":"en-US","potentialAction":[{"@type":"ReadAction","target":["https:\/\/detailspot.lt\/en\/produktas\/maxshine-coating-applicator\/"]}]},{"@type":"ImageObject","inLanguage":"en-US","@id":"https:\/\/detailspot.lt\/en\/produktas\/maxshine-coating-applicator\/#primaryimage","url":"https:\/\/detailspot.lt\/wp-content\/uploads\/2024\/01\/4513-maxshine-mf-coating-applicator-4pcs-microfiber-applicator-2.jpg","contentUrl":"https:\/\/detailspot.lt\/wp-content\/uploads\/2024\/01\/4513-maxshine-mf-coating-applicator-4pcs-microfiber-applicator-2.jpg","width":800,"height":800},{"@type":"BreadcrumbList","@id":"https:\/\/detailspot.lt\/en\/produktas\/maxshine-coating-applicator\/#breadcrumb","itemListElement":[{"@type":"ListItem","position":1,"name":"Home","item":"https:\/\/detailspot.lt\/en\/"},{"@type":"ListItem","position":2,"name":"Shop","item":"https:\/\/detailspot.lt\/en\/parduotuve\/"},{"@type":"ListItem","position":3,"name":"MaxShine Coating applicator"}]},{"@type":"WebSite","@id":"https:\/\/detailspot.lt\/#website","url":"https:\/\/detailspot.lt\/","name":"Detail Spot","description":"Automobili\u0173 prie\u017ei\u016bros priemon\u0117s","publisher":{"@id":"https:\/\/detailspot.lt\/#organization"},"potentialAction":[{"@type":"SearchAction","target":{"@type":"EntryPoint","urlTemplate":"https:\/\/detailspot.lt\/?s={search_term_string}"},"query-input":{"@type":"PropertyValueSpecification","valueRequired":true,"valueName":"search_term_string"}}],"inLanguage":"en-US"},{"@type":"Organization","@id":"https:\/\/detailspot.lt\/#organization","name":"Detail Spot","url":"https:\/\/detailspot.lt\/","logo":{"@type":"ImageObject","inLanguage":"en-US","@id":"https:\/\/detailspot.lt\/#\/schema\/logo\/image\/","url":"https:\/\/detailspot.lt\/wp-content\/uploads\/2022\/10\/logo-original.svg","contentUrl":"https:\/\/detailspot.lt\/wp-content\/uploads\/2022\/10\/logo-original.svg","width":1,"height":1,"caption":"Detail Spot"},"image":{"@id":"https:\/\/detailspot.lt\/#\/schema\/logo\/image\/"},"sameAs":["https:\/\/www.facebook.com\/profile.php?id=100039208338156"]}]}},"_links":{"self":[{"href":"https:\/\/detailspot.lt\/en\/wp-json\/wp\/v2\/product\/7374","targetHints":{"allow":["GET"]}}],"collection":[{"href":"https:\/\/detailspot.lt\/en\/wp-json\/wp\/v2\/product"}],"about":[{"href":"https:\/\/detailspot.lt\/en\/wp-json\/wp\/v2\/types\/product"}],"replies":[{"embeddable":true,"href":"https:\/\/detailspot.lt\/en\/wp-json\/wp\/v2\/comments?post=7374"}],"wp:featuredmedia":[{"embeddable":true,"href":"https:\/\/detailspot.lt\/en\/wp-json\/wp\/v2\/media\/7366"}],"wp:attachment":[{"href":"https:\/\/detailspot.lt\/en\/wp-json\/wp\/v2\/media?parent=7374"}],"wp:term":[{"taxonomy":"product_brand","embeddable":true,"href":"https:\/\/detailspot.lt\/en\/wp-json\/wp\/v2\/product_brand?post=7374"},{"taxonomy":"product_cat","embeddable":true,"href":"https:\/\/detailspot.lt\/en\/wp-json\/wp\/v2\/product_cat?post=7374"},{"taxonomy":"product_tag","embeddable":true,"href":"https:\/\/detailspot.lt\/en\/wp-json\/wp\/v2\/product_tag?post=7374"}],"curies":[{"name":"wp","href":"https:\/\/api.w.org\/{rel}","templated":true}]}}