{"id":7372,"date":"2024-01-17T18:43:06","date_gmt":"2024-01-17T16:43:06","guid":{"rendered":"https:\/\/detailspot.lt\/produktas\/maxshine-drill-upholstery-brush-set-soft\/"},"modified":"2024-01-17T18:43:06","modified_gmt":"2024-01-17T16:43:06","slug":"maxshine-drill-upholstery-brush-set-soft","status":"publish","type":"product","link":"https:\/\/detailspot.lt\/en\/produktas\/maxshine-drill-upholstery-brush-set-soft\/","title":{"rendered":"MAXSHINE DRILL UPHOLSTERY BRUSH SET SOFT"},"content":{"rendered":"<h1>MAXSHINE DRILL UPHOLSTERY BRUSH SET SOFT 100mm &amp; 50mm<\/h1>\n<p>Easily lifts and removes unwanted stains from convertible tops, soft carpets, car upholstery and leather. The fast rotation of the cordless drill combined with our high quality soft leather and cloth brush set makes gentle cleaning more effective. Whether it&#8217;s the exterior or interior of your car, MaxShine detailing brushes are indispensable for effective car cleaning. Mobile detailers, detail shops and home users can clean the interior of the car faster, and extremely dirty exterior areas will shine effortlessly. Wash the car by hand, without tiring or catching your fingers. &#8220;MaxShine Detailing Brushes are the perfect helper for any car detailing job.<\/p>\n<h2>Characteristics:<\/h2>\n<ol>\n<li>Made of 100% polypropylene &#8211; the most durable brush material;<\/li>\n<li>Stiff enough to remove old stains but soft enough not to damage surfaces;<\/li>\n<li>Ideal for light scrubbing of fabric or vinyl convertible roofs.<\/li>\n<\/ol>\n<p>&nbsp;<\/p>\n<p style=\"text-align: center;\"><img loading=\"lazy\" decoding=\"async\" class=\"alignnone size-medium wp-image-1102\" src=\"https:\/\/detailspot.lt\/wp-content\/uploads\/2022\/11\/MaxshineLogominusculas-02-300x68.png\" alt=\"\" width=\"300\" height=\"68\" srcset=\"https:\/\/detailspot.lt\/wp-content\/uploads\/2022\/11\/MaxshineLogominusculas-02-300x68.png 300w, https:\/\/detailspot.lt\/wp-content\/uploads\/2022\/11\/MaxshineLogominusculas-02-1024x231.png 1024w, https:\/\/detailspot.lt\/wp-content\/uploads\/2022\/11\/MaxshineLogominusculas-02-768x173.png 768w, https:\/\/detailspot.lt\/wp-content\/uploads\/2022\/11\/MaxshineLogominusculas-02-600x135.png 600w, https:\/\/detailspot.lt\/wp-content\/uploads\/2022\/11\/MaxshineLogominusculas-02-64x14.png 64w, https:\/\/detailspot.lt\/wp-content\/uploads\/2022\/11\/MaxshineLogominusculas-02.png 1500w\" sizes=\"auto, (max-width: 300px) 100vw, 300px\" \/><\/p>\n","protected":false},"excerpt":{"rendered":"<p>MAXSHINE DRILL UPHOLSTERY BRUSH SET SOFT 100mm &amp; 50mm Easily lifts and removes unwanted stains from convertible tops, soft carpets, car upholstery and leather. The fast rotation of the cordless drill combined with our high quality soft leather and cloth brush set makes gentle cleaning more effective. Whether it&#8217;s the exterior or interior of your&hellip;<\/p>\n","protected":false},"featured_media":7350,"comment_status":"closed","ping_status":"closed","template":"","meta":[],"product_brand":[],"product_cat":[155,183],"product_tag":[],"class_list":{"0":"post-7372","1":"product","2":"type-product","3":"status-publish","4":"has-post-thumbnail","6":"product_cat-accessories","7":"product_cat-brushes","8":"description-off","10":"first","11":"instock","12":"taxable","13":"shipping-taxable","14":"purchasable","15":"product-type-simple"},"yoast_head":"<!-- This site is optimized with the Yoast SEO plugin v27.4 - https:\/\/yoast.com\/product\/yoast-seo-wordpress\/ -->\n<title>MAXSHINE DRILL UPHOLSTERY BRUSH SET SOFT<\/title>\n<meta name=\"description\" content=\"The brushes easily lift and remove unwanted stains from convertible tops, soft carpets, car upholstery and leather\" \/>\n<meta name=\"robots\" content=\"index, follow, max-snippet:-1, max-image-preview:large, max-video-preview:-1\" \/>\n<link rel=\"canonical\" href=\"https:\/\/detailspot.lt\/en\/produktas\/maxshine-drill-upholstery-brush-set-soft\/\" \/>\n<meta property=\"og:locale\" content=\"en_US\" \/>\n<meta property=\"og:type\" content=\"article\" \/>\n<meta property=\"og:title\" content=\"MAXSHINE DRILL UPHOLSTERY BRUSH SET SOFT\" \/>\n<meta property=\"og:description\" content=\"The brushes easily lift and remove unwanted stains from convertible tops, soft carpets, car upholstery and leather\" \/>\n<meta property=\"og:url\" content=\"https:\/\/detailspot.lt\/en\/produktas\/maxshine-drill-upholstery-brush-set-soft\/\" \/>\n<meta property=\"og:site_name\" content=\"Detail Spot\" \/>\n<meta property=\"article:publisher\" content=\"https:\/\/www.facebook.com\/profile.php?id=100039208338156\" \/>\n<meta property=\"og:image\" content=\"https:\/\/detailspot.lt\/wp-content\/uploads\/2024\/01\/5006-maxshine-drill-upholstery-brush-set-soft-100mm-50mm-drill-attachment-birste.jpg\" \/>\n\t<meta property=\"og:image:width\" content=\"800\" \/>\n\t<meta property=\"og:image:height\" content=\"800\" \/>\n\t<meta property=\"og:image:type\" content=\"image\/jpeg\" \/>\n<meta name=\"twitter:card\" content=\"summary_large_image\" \/>\n<meta name=\"twitter:label1\" content=\"Est. reading time\" \/>\n\t<meta name=\"twitter:data1\" content=\"1 minute\" \/>\n<script type=\"application\/ld+json\" class=\"yoast-schema-graph\">{\"@context\":\"https:\\\/\\\/schema.org\",\"@graph\":[{\"@type\":\"WebPage\",\"@id\":\"https:\\\/\\\/detailspot.lt\\\/en\\\/produktas\\\/maxshine-drill-upholstery-brush-set-soft\\\/\",\"url\":\"https:\\\/\\\/detailspot.lt\\\/en\\\/produktas\\\/maxshine-drill-upholstery-brush-set-soft\\\/\",\"name\":\"MAXSHINE DRILL UPHOLSTERY BRUSH SET SOFT\",\"isPartOf\":{\"@id\":\"https:\\\/\\\/detailspot.lt\\\/#website\"},\"primaryImageOfPage\":{\"@id\":\"https:\\\/\\\/detailspot.lt\\\/en\\\/produktas\\\/maxshine-drill-upholstery-brush-set-soft\\\/#primaryimage\"},\"image\":{\"@id\":\"https:\\\/\\\/detailspot.lt\\\/en\\\/produktas\\\/maxshine-drill-upholstery-brush-set-soft\\\/#primaryimage\"},\"thumbnailUrl\":\"https:\\\/\\\/detailspot.lt\\\/wp-content\\\/uploads\\\/2024\\\/01\\\/5006-maxshine-drill-upholstery-brush-set-soft-100mm-50mm-drill-attachment-birste.jpg\",\"datePublished\":\"2024-01-17T16:43:06+00:00\",\"description\":\"The brushes easily lift and remove unwanted stains from convertible tops, soft carpets, car upholstery and leather\",\"breadcrumb\":{\"@id\":\"https:\\\/\\\/detailspot.lt\\\/en\\\/produktas\\\/maxshine-drill-upholstery-brush-set-soft\\\/#breadcrumb\"},\"inLanguage\":\"en-US\",\"potentialAction\":[{\"@type\":\"ReadAction\",\"target\":[\"https:\\\/\\\/detailspot.lt\\\/en\\\/produktas\\\/maxshine-drill-upholstery-brush-set-soft\\\/\"]}]},{\"@type\":\"ImageObject\",\"inLanguage\":\"en-US\",\"@id\":\"https:\\\/\\\/detailspot.lt\\\/en\\\/produktas\\\/maxshine-drill-upholstery-brush-set-soft\\\/#primaryimage\",\"url\":\"https:\\\/\\\/detailspot.lt\\\/wp-content\\\/uploads\\\/2024\\\/01\\\/5006-maxshine-drill-upholstery-brush-set-soft-100mm-50mm-drill-attachment-birste.jpg\",\"contentUrl\":\"https:\\\/\\\/detailspot.lt\\\/wp-content\\\/uploads\\\/2024\\\/01\\\/5006-maxshine-drill-upholstery-brush-set-soft-100mm-50mm-drill-attachment-birste.jpg\",\"width\":800,\"height\":800},{\"@type\":\"BreadcrumbList\",\"@id\":\"https:\\\/\\\/detailspot.lt\\\/en\\\/produktas\\\/maxshine-drill-upholstery-brush-set-soft\\\/#breadcrumb\",\"itemListElement\":[{\"@type\":\"ListItem\",\"position\":1,\"name\":\"Home\",\"item\":\"https:\\\/\\\/detailspot.lt\\\/en\\\/\"},{\"@type\":\"ListItem\",\"position\":2,\"name\":\"Shop\",\"item\":\"https:\\\/\\\/detailspot.lt\\\/en\\\/parduotuve\\\/\"},{\"@type\":\"ListItem\",\"position\":3,\"name\":\"MAXSHINE DRILL UPHOLSTERY BRUSH SET SOFT\"}]},{\"@type\":\"WebSite\",\"@id\":\"https:\\\/\\\/detailspot.lt\\\/#website\",\"url\":\"https:\\\/\\\/detailspot.lt\\\/\",\"name\":\"Detail Spot\",\"description\":\"Automobili\u0173 prie\u017ei\u016bros priemon\u0117s\",\"publisher\":{\"@id\":\"https:\\\/\\\/detailspot.lt\\\/#organization\"},\"potentialAction\":[{\"@type\":\"SearchAction\",\"target\":{\"@type\":\"EntryPoint\",\"urlTemplate\":\"https:\\\/\\\/detailspot.lt\\\/?s={search_term_string}\"},\"query-input\":{\"@type\":\"PropertyValueSpecification\",\"valueRequired\":true,\"valueName\":\"search_term_string\"}}],\"inLanguage\":\"en-US\"},{\"@type\":\"Organization\",\"@id\":\"https:\\\/\\\/detailspot.lt\\\/#organization\",\"name\":\"Detail Spot\",\"url\":\"https:\\\/\\\/detailspot.lt\\\/\",\"logo\":{\"@type\":\"ImageObject\",\"inLanguage\":\"en-US\",\"@id\":\"https:\\\/\\\/detailspot.lt\\\/#\\\/schema\\\/logo\\\/image\\\/\",\"url\":\"https:\\\/\\\/detailspot.lt\\\/wp-content\\\/uploads\\\/2022\\\/10\\\/logo-original.svg\",\"contentUrl\":\"https:\\\/\\\/detailspot.lt\\\/wp-content\\\/uploads\\\/2022\\\/10\\\/logo-original.svg\",\"width\":1,\"height\":1,\"caption\":\"Detail Spot\"},\"image\":{\"@id\":\"https:\\\/\\\/detailspot.lt\\\/#\\\/schema\\\/logo\\\/image\\\/\"},\"sameAs\":[\"https:\\\/\\\/www.facebook.com\\\/profile.php?id=100039208338156\"]}]}<\/script>\n<!-- \/ Yoast SEO plugin. -->","yoast_head_json":{"title":"MAXSHINE DRILL UPHOLSTERY BRUSH SET SOFT","description":"The brushes easily lift and remove unwanted stains from convertible tops, soft carpets, car upholstery and leather","robots":{"index":"index","follow":"follow","max-snippet":"max-snippet:-1","max-image-preview":"max-image-preview:large","max-video-preview":"max-video-preview:-1"},"canonical":"https:\/\/detailspot.lt\/en\/produktas\/maxshine-drill-upholstery-brush-set-soft\/","og_locale":"en_US","og_type":"article","og_title":"MAXSHINE DRILL UPHOLSTERY BRUSH SET SOFT","og_description":"The brushes easily lift and remove unwanted stains from convertible tops, soft carpets, car upholstery and leather","og_url":"https:\/\/detailspot.lt\/en\/produktas\/maxshine-drill-upholstery-brush-set-soft\/","og_site_name":"Detail Spot","article_publisher":"https:\/\/www.facebook.com\/profile.php?id=100039208338156","og_image":[{"width":800,"height":800,"url":"https:\/\/detailspot.lt\/wp-content\/uploads\/2024\/01\/5006-maxshine-drill-upholstery-brush-set-soft-100mm-50mm-drill-attachment-birste.jpg","type":"image\/jpeg"}],"twitter_card":"summary_large_image","twitter_misc":{"Est. reading time":"1 minute"},"schema":{"@context":"https:\/\/schema.org","@graph":[{"@type":"WebPage","@id":"https:\/\/detailspot.lt\/en\/produktas\/maxshine-drill-upholstery-brush-set-soft\/","url":"https:\/\/detailspot.lt\/en\/produktas\/maxshine-drill-upholstery-brush-set-soft\/","name":"MAXSHINE DRILL UPHOLSTERY BRUSH SET SOFT","isPartOf":{"@id":"https:\/\/detailspot.lt\/#website"},"primaryImageOfPage":{"@id":"https:\/\/detailspot.lt\/en\/produktas\/maxshine-drill-upholstery-brush-set-soft\/#primaryimage"},"image":{"@id":"https:\/\/detailspot.lt\/en\/produktas\/maxshine-drill-upholstery-brush-set-soft\/#primaryimage"},"thumbnailUrl":"https:\/\/detailspot.lt\/wp-content\/uploads\/2024\/01\/5006-maxshine-drill-upholstery-brush-set-soft-100mm-50mm-drill-attachment-birste.jpg","datePublished":"2024-01-17T16:43:06+00:00","description":"The brushes easily lift and remove unwanted stains from convertible tops, soft carpets, car upholstery and leather","breadcrumb":{"@id":"https:\/\/detailspot.lt\/en\/produktas\/maxshine-drill-upholstery-brush-set-soft\/#breadcrumb"},"inLanguage":"en-US","potentialAction":[{"@type":"ReadAction","target":["https:\/\/detailspot.lt\/en\/produktas\/maxshine-drill-upholstery-brush-set-soft\/"]}]},{"@type":"ImageObject","inLanguage":"en-US","@id":"https:\/\/detailspot.lt\/en\/produktas\/maxshine-drill-upholstery-brush-set-soft\/#primaryimage","url":"https:\/\/detailspot.lt\/wp-content\/uploads\/2024\/01\/5006-maxshine-drill-upholstery-brush-set-soft-100mm-50mm-drill-attachment-birste.jpg","contentUrl":"https:\/\/detailspot.lt\/wp-content\/uploads\/2024\/01\/5006-maxshine-drill-upholstery-brush-set-soft-100mm-50mm-drill-attachment-birste.jpg","width":800,"height":800},{"@type":"BreadcrumbList","@id":"https:\/\/detailspot.lt\/en\/produktas\/maxshine-drill-upholstery-brush-set-soft\/#breadcrumb","itemListElement":[{"@type":"ListItem","position":1,"name":"Home","item":"https:\/\/detailspot.lt\/en\/"},{"@type":"ListItem","position":2,"name":"Shop","item":"https:\/\/detailspot.lt\/en\/parduotuve\/"},{"@type":"ListItem","position":3,"name":"MAXSHINE DRILL UPHOLSTERY BRUSH SET SOFT"}]},{"@type":"WebSite","@id":"https:\/\/detailspot.lt\/#website","url":"https:\/\/detailspot.lt\/","name":"Detail Spot","description":"Automobili\u0173 prie\u017ei\u016bros priemon\u0117s","publisher":{"@id":"https:\/\/detailspot.lt\/#organization"},"potentialAction":[{"@type":"SearchAction","target":{"@type":"EntryPoint","urlTemplate":"https:\/\/detailspot.lt\/?s={search_term_string}"},"query-input":{"@type":"PropertyValueSpecification","valueRequired":true,"valueName":"search_term_string"}}],"inLanguage":"en-US"},{"@type":"Organization","@id":"https:\/\/detailspot.lt\/#organization","name":"Detail Spot","url":"https:\/\/detailspot.lt\/","logo":{"@type":"ImageObject","inLanguage":"en-US","@id":"https:\/\/detailspot.lt\/#\/schema\/logo\/image\/","url":"https:\/\/detailspot.lt\/wp-content\/uploads\/2022\/10\/logo-original.svg","contentUrl":"https:\/\/detailspot.lt\/wp-content\/uploads\/2022\/10\/logo-original.svg","width":1,"height":1,"caption":"Detail Spot"},"image":{"@id":"https:\/\/detailspot.lt\/#\/schema\/logo\/image\/"},"sameAs":["https:\/\/www.facebook.com\/profile.php?id=100039208338156"]}]}},"_links":{"self":[{"href":"https:\/\/detailspot.lt\/en\/wp-json\/wp\/v2\/product\/7372","targetHints":{"allow":["GET"]}}],"collection":[{"href":"https:\/\/detailspot.lt\/en\/wp-json\/wp\/v2\/product"}],"about":[{"href":"https:\/\/detailspot.lt\/en\/wp-json\/wp\/v2\/types\/product"}],"replies":[{"embeddable":true,"href":"https:\/\/detailspot.lt\/en\/wp-json\/wp\/v2\/comments?post=7372"}],"wp:featuredmedia":[{"embeddable":true,"href":"https:\/\/detailspot.lt\/en\/wp-json\/wp\/v2\/media\/7350"}],"wp:attachment":[{"href":"https:\/\/detailspot.lt\/en\/wp-json\/wp\/v2\/media?parent=7372"}],"wp:term":[{"taxonomy":"product_brand","embeddable":true,"href":"https:\/\/detailspot.lt\/en\/wp-json\/wp\/v2\/product_brand?post=7372"},{"taxonomy":"product_cat","embeddable":true,"href":"https:\/\/detailspot.lt\/en\/wp-json\/wp\/v2\/product_cat?post=7372"},{"taxonomy":"product_tag","embeddable":true,"href":"https:\/\/detailspot.lt\/en\/wp-json\/wp\/v2\/product_tag?post=7372"}],"curies":[{"name":"wp","href":"https:\/\/api.w.org\/{rel}","templated":true}]}}