{"id":7371,"date":"2024-01-17T18:32:41","date_gmt":"2024-01-17T16:32:41","guid":{"rendered":"https:\/\/detailspot.lt\/produktas\/maxshine-carpet-lint-and-hair-brush\/"},"modified":"2024-01-17T19:03:24","modified_gmt":"2024-01-17T17:03:24","slug":"maxshine-carpet-lint-and-hair-brush","status":"publish","type":"product","link":"https:\/\/detailspot.lt\/en\/produktas\/maxshine-carpet-lint-and-hair-brush\/","title":{"rendered":"MaxShine Carpet Lint and Hair Brush"},"content":{"rendered":"<div id=\"heading2\">\n<h1>MaxShine Carpet Lint and Hair Brush<\/h1>\n<\/div>\n<div class=\"clear\">It uses electrostatic technology that attracts fur and hair like a magnet from car mats, upholstery and carpets. Simply rub the right surfaces and the brush will create a magnetic charge that will lift the debris into the rubber bristles for easy disposal!<\/div>\n<div><\/div>\n<div>\n<p><strong>Characteristics:<\/strong><\/p>\n<ol>\n<li>Electrostatic rubber bristles;<\/li>\n<li>Safe for all surfaces, including skin;<\/li>\n<li>Safe plastic frame;<\/li>\n<li>Comfortable handle;<\/li>\n<li>Easily cleaned with soap and water.<\/li>\n<\/ol>\n<\/div>\n<p>&nbsp;<\/p>\n<p style=\"text-align: center;\"><img loading=\"lazy\" decoding=\"async\" class=\"alignnone size-medium wp-image-1102\" src=\"https:\/\/detailspot.lt\/wp-content\/uploads\/2022\/11\/MaxshineLogominusculas-02-300x68.png\" alt=\"\" width=\"300\" height=\"68\" srcset=\"https:\/\/detailspot.lt\/wp-content\/uploads\/2022\/11\/MaxshineLogominusculas-02-300x68.png 300w, https:\/\/detailspot.lt\/wp-content\/uploads\/2022\/11\/MaxshineLogominusculas-02-1024x231.png 1024w, https:\/\/detailspot.lt\/wp-content\/uploads\/2022\/11\/MaxshineLogominusculas-02-768x173.png 768w, https:\/\/detailspot.lt\/wp-content\/uploads\/2022\/11\/MaxshineLogominusculas-02-600x135.png 600w, https:\/\/detailspot.lt\/wp-content\/uploads\/2022\/11\/MaxshineLogominusculas-02-64x14.png 64w, https:\/\/detailspot.lt\/wp-content\/uploads\/2022\/11\/MaxshineLogominusculas-02.png 1500w\" sizes=\"auto, (max-width: 300px) 100vw, 300px\" \/><\/p>\n","protected":false},"excerpt":{"rendered":"<p>MaxShine Carpet Lint and Hair Brush It uses electrostatic technology that attracts fur and hair like a magnet from car mats, upholstery and carpets. Simply rub the right surfaces and the brush will create a magnetic charge that will lift the debris into the rubber bristles for easy disposal! Characteristics: Electrostatic rubber bristles; Safe for&hellip;<\/p>\n","protected":false},"featured_media":7337,"comment_status":"closed","ping_status":"closed","template":"","meta":[],"product_brand":[],"product_cat":[155,183],"product_tag":[],"class_list":{"0":"post-7371","1":"product","2":"type-product","3":"status-publish","4":"has-post-thumbnail","6":"product_cat-accessories","7":"product_cat-brushes","8":"description-off","10":"first","11":"instock","12":"taxable","13":"shipping-taxable","14":"purchasable","15":"product-type-simple"},"yoast_head":"<!-- This site is optimized with the Yoast SEO plugin v27.4 - https:\/\/yoast.com\/product\/yoast-seo-wordpress\/ -->\n<title>MaxShine Carpet Lint and Hair Brush - Detail Spot<\/title>\n<meta name=\"description\" content=\"Uses electrostatic technology that attracts fur and hair like a magnet from car mats, upholstery and carpets\" \/>\n<meta name=\"robots\" content=\"index, follow, max-snippet:-1, max-image-preview:large, max-video-preview:-1\" \/>\n<link rel=\"canonical\" href=\"https:\/\/detailspot.lt\/en\/produktas\/maxshine-carpet-lint-and-hair-brush\/\" \/>\n<meta property=\"og:locale\" content=\"en_US\" \/>\n<meta property=\"og:type\" content=\"article\" \/>\n<meta property=\"og:title\" content=\"MaxShine Carpet Lint and Hair Brush - Detail Spot\" \/>\n<meta property=\"og:description\" content=\"Uses electrostatic technology that attracts fur and hair like a magnet from car mats, upholstery and carpets\" \/>\n<meta property=\"og:url\" content=\"https:\/\/detailspot.lt\/en\/produktas\/maxshine-carpet-lint-and-hair-brush\/\" \/>\n<meta property=\"og:site_name\" content=\"Detail Spot\" \/>\n<meta property=\"article:publisher\" content=\"https:\/\/www.facebook.com\/profile.php?id=100039208338156\" \/>\n<meta property=\"article:modified_time\" content=\"2024-01-17T17:03:24+00:00\" \/>\n<meta property=\"og:image\" content=\"https:\/\/detailspot.lt\/wp-content\/uploads\/2024\/01\/4341-maxshine-car-carpet-lint-hair-removal-brush-pet-hair-removal-brush.jpg\" \/>\n\t<meta property=\"og:image:width\" content=\"800\" \/>\n\t<meta property=\"og:image:height\" content=\"800\" \/>\n\t<meta property=\"og:image:type\" content=\"image\/jpeg\" \/>\n<meta name=\"twitter:card\" content=\"summary_large_image\" \/>\n<script type=\"application\/ld+json\" class=\"yoast-schema-graph\">{\"@context\":\"https:\\\/\\\/schema.org\",\"@graph\":[{\"@type\":\"WebPage\",\"@id\":\"https:\\\/\\\/detailspot.lt\\\/en\\\/produktas\\\/maxshine-carpet-lint-and-hair-brush\\\/\",\"url\":\"https:\\\/\\\/detailspot.lt\\\/en\\\/produktas\\\/maxshine-carpet-lint-and-hair-brush\\\/\",\"name\":\"MaxShine Carpet Lint and Hair Brush - Detail Spot\",\"isPartOf\":{\"@id\":\"https:\\\/\\\/detailspot.lt\\\/#website\"},\"primaryImageOfPage\":{\"@id\":\"https:\\\/\\\/detailspot.lt\\\/en\\\/produktas\\\/maxshine-carpet-lint-and-hair-brush\\\/#primaryimage\"},\"image\":{\"@id\":\"https:\\\/\\\/detailspot.lt\\\/en\\\/produktas\\\/maxshine-carpet-lint-and-hair-brush\\\/#primaryimage\"},\"thumbnailUrl\":\"https:\\\/\\\/detailspot.lt\\\/wp-content\\\/uploads\\\/2024\\\/01\\\/4341-maxshine-car-carpet-lint-hair-removal-brush-pet-hair-removal-brush.jpg\",\"datePublished\":\"2024-01-17T16:32:41+00:00\",\"dateModified\":\"2024-01-17T17:03:24+00:00\",\"description\":\"Uses electrostatic technology that attracts fur and hair like a magnet from car mats, upholstery and carpets\",\"breadcrumb\":{\"@id\":\"https:\\\/\\\/detailspot.lt\\\/en\\\/produktas\\\/maxshine-carpet-lint-and-hair-brush\\\/#breadcrumb\"},\"inLanguage\":\"en-US\",\"potentialAction\":[{\"@type\":\"ReadAction\",\"target\":[\"https:\\\/\\\/detailspot.lt\\\/en\\\/produktas\\\/maxshine-carpet-lint-and-hair-brush\\\/\"]}]},{\"@type\":\"ImageObject\",\"inLanguage\":\"en-US\",\"@id\":\"https:\\\/\\\/detailspot.lt\\\/en\\\/produktas\\\/maxshine-carpet-lint-and-hair-brush\\\/#primaryimage\",\"url\":\"https:\\\/\\\/detailspot.lt\\\/wp-content\\\/uploads\\\/2024\\\/01\\\/4341-maxshine-car-carpet-lint-hair-removal-brush-pet-hair-removal-brush.jpg\",\"contentUrl\":\"https:\\\/\\\/detailspot.lt\\\/wp-content\\\/uploads\\\/2024\\\/01\\\/4341-maxshine-car-carpet-lint-hair-removal-brush-pet-hair-removal-brush.jpg\",\"width\":800,\"height\":800},{\"@type\":\"BreadcrumbList\",\"@id\":\"https:\\\/\\\/detailspot.lt\\\/en\\\/produktas\\\/maxshine-carpet-lint-and-hair-brush\\\/#breadcrumb\",\"itemListElement\":[{\"@type\":\"ListItem\",\"position\":1,\"name\":\"Home\",\"item\":\"https:\\\/\\\/detailspot.lt\\\/en\\\/\"},{\"@type\":\"ListItem\",\"position\":2,\"name\":\"Shop\",\"item\":\"https:\\\/\\\/detailspot.lt\\\/en\\\/parduotuve\\\/\"},{\"@type\":\"ListItem\",\"position\":3,\"name\":\"MaxShine Carpet Lint and Hair Brush\"}]},{\"@type\":\"WebSite\",\"@id\":\"https:\\\/\\\/detailspot.lt\\\/#website\",\"url\":\"https:\\\/\\\/detailspot.lt\\\/\",\"name\":\"Detail Spot\",\"description\":\"Automobili\u0173 prie\u017ei\u016bros priemon\u0117s\",\"publisher\":{\"@id\":\"https:\\\/\\\/detailspot.lt\\\/#organization\"},\"potentialAction\":[{\"@type\":\"SearchAction\",\"target\":{\"@type\":\"EntryPoint\",\"urlTemplate\":\"https:\\\/\\\/detailspot.lt\\\/?s={search_term_string}\"},\"query-input\":{\"@type\":\"PropertyValueSpecification\",\"valueRequired\":true,\"valueName\":\"search_term_string\"}}],\"inLanguage\":\"en-US\"},{\"@type\":\"Organization\",\"@id\":\"https:\\\/\\\/detailspot.lt\\\/#organization\",\"name\":\"Detail Spot\",\"url\":\"https:\\\/\\\/detailspot.lt\\\/\",\"logo\":{\"@type\":\"ImageObject\",\"inLanguage\":\"en-US\",\"@id\":\"https:\\\/\\\/detailspot.lt\\\/#\\\/schema\\\/logo\\\/image\\\/\",\"url\":\"https:\\\/\\\/detailspot.lt\\\/wp-content\\\/uploads\\\/2022\\\/10\\\/logo-original.svg\",\"contentUrl\":\"https:\\\/\\\/detailspot.lt\\\/wp-content\\\/uploads\\\/2022\\\/10\\\/logo-original.svg\",\"width\":1,\"height\":1,\"caption\":\"Detail Spot\"},\"image\":{\"@id\":\"https:\\\/\\\/detailspot.lt\\\/#\\\/schema\\\/logo\\\/image\\\/\"},\"sameAs\":[\"https:\\\/\\\/www.facebook.com\\\/profile.php?id=100039208338156\"]}]}<\/script>\n<!-- \/ Yoast SEO plugin. -->","yoast_head_json":{"title":"MaxShine Carpet Lint and Hair Brush - Detail Spot","description":"Uses electrostatic technology that attracts fur and hair like a magnet from car mats, upholstery and carpets","robots":{"index":"index","follow":"follow","max-snippet":"max-snippet:-1","max-image-preview":"max-image-preview:large","max-video-preview":"max-video-preview:-1"},"canonical":"https:\/\/detailspot.lt\/en\/produktas\/maxshine-carpet-lint-and-hair-brush\/","og_locale":"en_US","og_type":"article","og_title":"MaxShine Carpet Lint and Hair Brush - Detail Spot","og_description":"Uses electrostatic technology that attracts fur and hair like a magnet from car mats, upholstery and carpets","og_url":"https:\/\/detailspot.lt\/en\/produktas\/maxshine-carpet-lint-and-hair-brush\/","og_site_name":"Detail Spot","article_publisher":"https:\/\/www.facebook.com\/profile.php?id=100039208338156","article_modified_time":"2024-01-17T17:03:24+00:00","og_image":[{"width":800,"height":800,"url":"https:\/\/detailspot.lt\/wp-content\/uploads\/2024\/01\/4341-maxshine-car-carpet-lint-hair-removal-brush-pet-hair-removal-brush.jpg","type":"image\/jpeg"}],"twitter_card":"summary_large_image","schema":{"@context":"https:\/\/schema.org","@graph":[{"@type":"WebPage","@id":"https:\/\/detailspot.lt\/en\/produktas\/maxshine-carpet-lint-and-hair-brush\/","url":"https:\/\/detailspot.lt\/en\/produktas\/maxshine-carpet-lint-and-hair-brush\/","name":"MaxShine Carpet Lint and Hair Brush - Detail Spot","isPartOf":{"@id":"https:\/\/detailspot.lt\/#website"},"primaryImageOfPage":{"@id":"https:\/\/detailspot.lt\/en\/produktas\/maxshine-carpet-lint-and-hair-brush\/#primaryimage"},"image":{"@id":"https:\/\/detailspot.lt\/en\/produktas\/maxshine-carpet-lint-and-hair-brush\/#primaryimage"},"thumbnailUrl":"https:\/\/detailspot.lt\/wp-content\/uploads\/2024\/01\/4341-maxshine-car-carpet-lint-hair-removal-brush-pet-hair-removal-brush.jpg","datePublished":"2024-01-17T16:32:41+00:00","dateModified":"2024-01-17T17:03:24+00:00","description":"Uses electrostatic technology that attracts fur and hair like a magnet from car mats, upholstery and carpets","breadcrumb":{"@id":"https:\/\/detailspot.lt\/en\/produktas\/maxshine-carpet-lint-and-hair-brush\/#breadcrumb"},"inLanguage":"en-US","potentialAction":[{"@type":"ReadAction","target":["https:\/\/detailspot.lt\/en\/produktas\/maxshine-carpet-lint-and-hair-brush\/"]}]},{"@type":"ImageObject","inLanguage":"en-US","@id":"https:\/\/detailspot.lt\/en\/produktas\/maxshine-carpet-lint-and-hair-brush\/#primaryimage","url":"https:\/\/detailspot.lt\/wp-content\/uploads\/2024\/01\/4341-maxshine-car-carpet-lint-hair-removal-brush-pet-hair-removal-brush.jpg","contentUrl":"https:\/\/detailspot.lt\/wp-content\/uploads\/2024\/01\/4341-maxshine-car-carpet-lint-hair-removal-brush-pet-hair-removal-brush.jpg","width":800,"height":800},{"@type":"BreadcrumbList","@id":"https:\/\/detailspot.lt\/en\/produktas\/maxshine-carpet-lint-and-hair-brush\/#breadcrumb","itemListElement":[{"@type":"ListItem","position":1,"name":"Home","item":"https:\/\/detailspot.lt\/en\/"},{"@type":"ListItem","position":2,"name":"Shop","item":"https:\/\/detailspot.lt\/en\/parduotuve\/"},{"@type":"ListItem","position":3,"name":"MaxShine Carpet Lint and Hair Brush"}]},{"@type":"WebSite","@id":"https:\/\/detailspot.lt\/#website","url":"https:\/\/detailspot.lt\/","name":"Detail Spot","description":"Automobili\u0173 prie\u017ei\u016bros priemon\u0117s","publisher":{"@id":"https:\/\/detailspot.lt\/#organization"},"potentialAction":[{"@type":"SearchAction","target":{"@type":"EntryPoint","urlTemplate":"https:\/\/detailspot.lt\/?s={search_term_string}"},"query-input":{"@type":"PropertyValueSpecification","valueRequired":true,"valueName":"search_term_string"}}],"inLanguage":"en-US"},{"@type":"Organization","@id":"https:\/\/detailspot.lt\/#organization","name":"Detail Spot","url":"https:\/\/detailspot.lt\/","logo":{"@type":"ImageObject","inLanguage":"en-US","@id":"https:\/\/detailspot.lt\/#\/schema\/logo\/image\/","url":"https:\/\/detailspot.lt\/wp-content\/uploads\/2022\/10\/logo-original.svg","contentUrl":"https:\/\/detailspot.lt\/wp-content\/uploads\/2022\/10\/logo-original.svg","width":1,"height":1,"caption":"Detail Spot"},"image":{"@id":"https:\/\/detailspot.lt\/#\/schema\/logo\/image\/"},"sameAs":["https:\/\/www.facebook.com\/profile.php?id=100039208338156"]}]}},"_links":{"self":[{"href":"https:\/\/detailspot.lt\/en\/wp-json\/wp\/v2\/product\/7371","targetHints":{"allow":["GET"]}}],"collection":[{"href":"https:\/\/detailspot.lt\/en\/wp-json\/wp\/v2\/product"}],"about":[{"href":"https:\/\/detailspot.lt\/en\/wp-json\/wp\/v2\/types\/product"}],"replies":[{"embeddable":true,"href":"https:\/\/detailspot.lt\/en\/wp-json\/wp\/v2\/comments?post=7371"}],"wp:featuredmedia":[{"embeddable":true,"href":"https:\/\/detailspot.lt\/en\/wp-json\/wp\/v2\/media\/7337"}],"wp:attachment":[{"href":"https:\/\/detailspot.lt\/en\/wp-json\/wp\/v2\/media?parent=7371"}],"wp:term":[{"taxonomy":"product_brand","embeddable":true,"href":"https:\/\/detailspot.lt\/en\/wp-json\/wp\/v2\/product_brand?post=7371"},{"taxonomy":"product_cat","embeddable":true,"href":"https:\/\/detailspot.lt\/en\/wp-json\/wp\/v2\/product_cat?post=7371"},{"taxonomy":"product_tag","embeddable":true,"href":"https:\/\/detailspot.lt\/en\/wp-json\/wp\/v2\/product_tag?post=7371"}],"curies":[{"name":"wp","href":"https:\/\/api.w.org\/{rel}","templated":true}]}}