{"id":7323,"date":"2024-01-08T09:03:08","date_gmt":"2024-01-08T07:03:08","guid":{"rendered":"https:\/\/detailspot.lt\/produktas\/ewocar-2in1-one-cut-one-step-polishing-paste\/"},"modified":"2024-01-08T09:03:08","modified_gmt":"2024-01-08T07:03:08","slug":"ewocar-2in1-one-cut-one-step-polishing-paste","status":"publish","type":"product","link":"https:\/\/detailspot.lt\/en\/produktas\/ewocar-2in1-one-cut-one-step-polishing-paste\/","title":{"rendered":"Ewocar 2in1 One Cut One-step polishing paste"},"content":{"rendered":"<div id=\"heading2\">\n<h2>Ewocar 2in1 One Cut One-step polishing paste<\/h2>\n<\/div>\n<div class=\"grid_100 alpha omega mb20\">\n<div class=\"grid_100 alpha omega goods_links_container\">\n<div id=\"good_links_wrapper_2322\" class=\"grid_100 alpha omega\">\n<p><strong>A oner-step polishing<\/strong> paste that has been developed for easy and quick touch-ups to ensure flawless results. Thanks to <strong>Water bassed technology,<\/strong> you will have virtually no dust and a much longer working time. One of the best choices for car aesthetics centres that care not only about the speed of the work, but also about the final result. Removes sanding marks from P2000<\/p>\n<p>For maximum results, we recommend using this toothpaste with<a href=\"https:\/\/detailspot.lt\/produktas\/decon-delta-pro-poliravimo-kempine-zalia\/\">D-CON DELTA PRO POLISHING SPONGE GREEN<\/a>. Use a good quality mirrored fibre cloth to wipe the surface<strong><a href=\"https:\/\/detailingbaltics.com\/lt\/sluostes\/108-ewocar-sluostes.html\">Ewocar Cloth Set<\/a><\/strong>, with which you won&#8217;t damage the surfaces to be cleaned.<\/p>\n<p>The paste does <strong>not contain<\/strong> <strong>silicone or other impurities<\/strong> that would mask or otherwise affect the correction, so you can safely protect the surface with protective coatings after the correction<\/p>\n<\/div>\n<\/div>\n<\/div>\n<p><img loading=\"lazy\" decoding=\"async\" class=\"size-medium wp-image-3022 aligncenter\" src=\"https:\/\/detailspot.lt\/wp-content\/uploads\/2023\/01\/Ewocar-logo-300x158.jpg\" alt=\"\" width=\"300\" height=\"158\" srcset=\"https:\/\/detailspot.lt\/wp-content\/uploads\/2023\/01\/Ewocar-logo-300x158.jpg 300w, https:\/\/detailspot.lt\/wp-content\/uploads\/2023\/01\/Ewocar-logo-64x34.jpg 64w, https:\/\/detailspot.lt\/wp-content\/uploads\/2023\/01\/Ewocar-logo.jpg 600w\" sizes=\"auto, (max-width: 300px) 100vw, 300px\" \/><\/p>\n","protected":false},"excerpt":{"rendered":"<p>Ewocar 2in1 One Cut One-step polishing paste A oner-step polishing paste that has been developed for easy and quick touch-ups to ensure flawless results. Thanks to Water bassed technology, you will have virtually no dust and a much longer working time. One of the best choices for car aesthetics centres that care not only about&hellip;<\/p>\n","protected":false},"featured_media":4737,"comment_status":"closed","ping_status":"closed","template":"","meta":[],"product_brand":[],"product_cat":[173,170],"product_tag":[],"class_list":{"0":"post-7323","1":"product","2":"type-product","3":"status-publish","4":"has-post-thumbnail","6":"product_cat-polishing-pastes","7":"product_cat-polishing-tools","8":"description-off","10":"first","11":"instock","12":"taxable","13":"shipping-taxable","14":"purchasable","15":"product-type-variable"},"yoast_head":"<!-- This site is optimized with the Yoast SEO plugin v27.2 - https:\/\/yoast.com\/product\/yoast-seo-wordpress\/ -->\n<title>Ewocar 2in1 One Cut One-step polishing paste - Detail Spot<\/title>\n<meta name=\"description\" content=\"A one-step polishing paste that has been developed for easy and quick touch-ups to ensure flawless results.\" \/>\n<meta name=\"robots\" content=\"index, follow, max-snippet:-1, max-image-preview:large, max-video-preview:-1\" \/>\n<link rel=\"canonical\" href=\"https:\/\/detailspot.lt\/en\/produktas\/ewocar-2in1-one-cut-one-step-polishing-paste\/\" \/>\n<meta property=\"og:locale\" content=\"en_US\" \/>\n<meta property=\"og:type\" content=\"article\" \/>\n<meta property=\"og:title\" content=\"Ewocar 2in1 One Cut One-step polishing paste - Detail Spot\" \/>\n<meta property=\"og:description\" content=\"A one-step polishing paste that has been developed for easy and quick touch-ups to ensure flawless results.\" \/>\n<meta property=\"og:url\" content=\"https:\/\/detailspot.lt\/en\/produktas\/ewocar-2in1-one-cut-one-step-polishing-paste\/\" \/>\n<meta property=\"og:site_name\" content=\"Detail Spot\" \/>\n<meta property=\"article:publisher\" content=\"https:\/\/www.facebook.com\/profile.php?id=100039208338156\" \/>\n<meta property=\"og:image\" content=\"https:\/\/detailspot.lt\/wp-content\/uploads\/2023\/04\/Ewocar-one-cut-abi.png\" \/>\n\t<meta property=\"og:image:width\" content=\"1200\" \/>\n\t<meta property=\"og:image:height\" content=\"1600\" \/>\n\t<meta property=\"og:image:type\" content=\"image\/png\" \/>\n<meta name=\"twitter:card\" content=\"summary_large_image\" \/>\n<meta name=\"twitter:label1\" content=\"Est. reading time\" \/>\n\t<meta name=\"twitter:data1\" content=\"1 minute\" \/>\n<script type=\"application\/ld+json\" class=\"yoast-schema-graph\">{\"@context\":\"https:\/\/schema.org\",\"@graph\":[{\"@type\":\"WebPage\",\"@id\":\"https:\/\/detailspot.lt\/en\/produktas\/ewocar-2in1-one-cut-one-step-polishing-paste\/\",\"url\":\"https:\/\/detailspot.lt\/en\/produktas\/ewocar-2in1-one-cut-one-step-polishing-paste\/\",\"name\":\"Ewocar 2in1 One Cut One-step polishing paste - Detail Spot\",\"isPartOf\":{\"@id\":\"https:\/\/detailspot.lt\/#website\"},\"primaryImageOfPage\":{\"@id\":\"https:\/\/detailspot.lt\/en\/produktas\/ewocar-2in1-one-cut-one-step-polishing-paste\/#primaryimage\"},\"image\":{\"@id\":\"https:\/\/detailspot.lt\/en\/produktas\/ewocar-2in1-one-cut-one-step-polishing-paste\/#primaryimage\"},\"thumbnailUrl\":\"https:\/\/detailspot.lt\/wp-content\/uploads\/2023\/04\/Ewocar-one-cut-abi.png\",\"datePublished\":\"2024-01-08T07:03:08+00:00\",\"description\":\"A one-step polishing paste that has been developed for easy and quick touch-ups to ensure flawless results.\",\"breadcrumb\":{\"@id\":\"https:\/\/detailspot.lt\/en\/produktas\/ewocar-2in1-one-cut-one-step-polishing-paste\/#breadcrumb\"},\"inLanguage\":\"en-US\",\"potentialAction\":[{\"@type\":\"ReadAction\",\"target\":[\"https:\/\/detailspot.lt\/en\/produktas\/ewocar-2in1-one-cut-one-step-polishing-paste\/\"]}]},{\"@type\":\"ImageObject\",\"inLanguage\":\"en-US\",\"@id\":\"https:\/\/detailspot.lt\/en\/produktas\/ewocar-2in1-one-cut-one-step-polishing-paste\/#primaryimage\",\"url\":\"https:\/\/detailspot.lt\/wp-content\/uploads\/2023\/04\/Ewocar-one-cut-abi.png\",\"contentUrl\":\"https:\/\/detailspot.lt\/wp-content\/uploads\/2023\/04\/Ewocar-one-cut-abi.png\",\"width\":1200,\"height\":1600},{\"@type\":\"BreadcrumbList\",\"@id\":\"https:\/\/detailspot.lt\/en\/produktas\/ewocar-2in1-one-cut-one-step-polishing-paste\/#breadcrumb\",\"itemListElement\":[{\"@type\":\"ListItem\",\"position\":1,\"name\":\"Home\",\"item\":\"https:\/\/detailspot.lt\/en\/\"},{\"@type\":\"ListItem\",\"position\":2,\"name\":\"Shop\",\"item\":\"https:\/\/detailspot.lt\/en\/parduotuve\/\"},{\"@type\":\"ListItem\",\"position\":3,\"name\":\"Ewocar 2in1 One Cut One-step polishing paste\"}]},{\"@type\":\"WebSite\",\"@id\":\"https:\/\/detailspot.lt\/#website\",\"url\":\"https:\/\/detailspot.lt\/\",\"name\":\"Detail Spot\",\"description\":\"Automobili\u0173 prie\u017ei\u016bros priemon\u0117s\",\"publisher\":{\"@id\":\"https:\/\/detailspot.lt\/#organization\"},\"potentialAction\":[{\"@type\":\"SearchAction\",\"target\":{\"@type\":\"EntryPoint\",\"urlTemplate\":\"https:\/\/detailspot.lt\/?s={search_term_string}\"},\"query-input\":{\"@type\":\"PropertyValueSpecification\",\"valueRequired\":true,\"valueName\":\"search_term_string\"}}],\"inLanguage\":\"en-US\"},{\"@type\":\"Organization\",\"@id\":\"https:\/\/detailspot.lt\/#organization\",\"name\":\"Detail Spot\",\"url\":\"https:\/\/detailspot.lt\/\",\"logo\":{\"@type\":\"ImageObject\",\"inLanguage\":\"en-US\",\"@id\":\"https:\/\/detailspot.lt\/#\/schema\/logo\/image\/\",\"url\":\"https:\/\/detailspot.lt\/wp-content\/uploads\/2022\/10\/logo-original.svg\",\"contentUrl\":\"https:\/\/detailspot.lt\/wp-content\/uploads\/2022\/10\/logo-original.svg\",\"width\":1,\"height\":1,\"caption\":\"Detail Spot\"},\"image\":{\"@id\":\"https:\/\/detailspot.lt\/#\/schema\/logo\/image\/\"},\"sameAs\":[\"https:\/\/www.facebook.com\/profile.php?id=100039208338156\"]}]}<\/script>\n<!-- \/ Yoast SEO plugin. -->","yoast_head_json":{"title":"Ewocar 2in1 One Cut One-step polishing paste - Detail Spot","description":"A one-step polishing paste that has been developed for easy and quick touch-ups to ensure flawless results.","robots":{"index":"index","follow":"follow","max-snippet":"max-snippet:-1","max-image-preview":"max-image-preview:large","max-video-preview":"max-video-preview:-1"},"canonical":"https:\/\/detailspot.lt\/en\/produktas\/ewocar-2in1-one-cut-one-step-polishing-paste\/","og_locale":"en_US","og_type":"article","og_title":"Ewocar 2in1 One Cut One-step polishing paste - Detail Spot","og_description":"A one-step polishing paste that has been developed for easy and quick touch-ups to ensure flawless results.","og_url":"https:\/\/detailspot.lt\/en\/produktas\/ewocar-2in1-one-cut-one-step-polishing-paste\/","og_site_name":"Detail Spot","article_publisher":"https:\/\/www.facebook.com\/profile.php?id=100039208338156","og_image":[{"width":1200,"height":1600,"url":"https:\/\/detailspot.lt\/wp-content\/uploads\/2023\/04\/Ewocar-one-cut-abi.png","type":"image\/png"}],"twitter_card":"summary_large_image","twitter_misc":{"Est. reading time":"1 minute"},"schema":{"@context":"https:\/\/schema.org","@graph":[{"@type":"WebPage","@id":"https:\/\/detailspot.lt\/en\/produktas\/ewocar-2in1-one-cut-one-step-polishing-paste\/","url":"https:\/\/detailspot.lt\/en\/produktas\/ewocar-2in1-one-cut-one-step-polishing-paste\/","name":"Ewocar 2in1 One Cut One-step polishing paste - Detail Spot","isPartOf":{"@id":"https:\/\/detailspot.lt\/#website"},"primaryImageOfPage":{"@id":"https:\/\/detailspot.lt\/en\/produktas\/ewocar-2in1-one-cut-one-step-polishing-paste\/#primaryimage"},"image":{"@id":"https:\/\/detailspot.lt\/en\/produktas\/ewocar-2in1-one-cut-one-step-polishing-paste\/#primaryimage"},"thumbnailUrl":"https:\/\/detailspot.lt\/wp-content\/uploads\/2023\/04\/Ewocar-one-cut-abi.png","datePublished":"2024-01-08T07:03:08+00:00","description":"A one-step polishing paste that has been developed for easy and quick touch-ups to ensure flawless results.","breadcrumb":{"@id":"https:\/\/detailspot.lt\/en\/produktas\/ewocar-2in1-one-cut-one-step-polishing-paste\/#breadcrumb"},"inLanguage":"en-US","potentialAction":[{"@type":"ReadAction","target":["https:\/\/detailspot.lt\/en\/produktas\/ewocar-2in1-one-cut-one-step-polishing-paste\/"]}]},{"@type":"ImageObject","inLanguage":"en-US","@id":"https:\/\/detailspot.lt\/en\/produktas\/ewocar-2in1-one-cut-one-step-polishing-paste\/#primaryimage","url":"https:\/\/detailspot.lt\/wp-content\/uploads\/2023\/04\/Ewocar-one-cut-abi.png","contentUrl":"https:\/\/detailspot.lt\/wp-content\/uploads\/2023\/04\/Ewocar-one-cut-abi.png","width":1200,"height":1600},{"@type":"BreadcrumbList","@id":"https:\/\/detailspot.lt\/en\/produktas\/ewocar-2in1-one-cut-one-step-polishing-paste\/#breadcrumb","itemListElement":[{"@type":"ListItem","position":1,"name":"Home","item":"https:\/\/detailspot.lt\/en\/"},{"@type":"ListItem","position":2,"name":"Shop","item":"https:\/\/detailspot.lt\/en\/parduotuve\/"},{"@type":"ListItem","position":3,"name":"Ewocar 2in1 One Cut One-step polishing paste"}]},{"@type":"WebSite","@id":"https:\/\/detailspot.lt\/#website","url":"https:\/\/detailspot.lt\/","name":"Detail Spot","description":"Automobili\u0173 prie\u017ei\u016bros priemon\u0117s","publisher":{"@id":"https:\/\/detailspot.lt\/#organization"},"potentialAction":[{"@type":"SearchAction","target":{"@type":"EntryPoint","urlTemplate":"https:\/\/detailspot.lt\/?s={search_term_string}"},"query-input":{"@type":"PropertyValueSpecification","valueRequired":true,"valueName":"search_term_string"}}],"inLanguage":"en-US"},{"@type":"Organization","@id":"https:\/\/detailspot.lt\/#organization","name":"Detail Spot","url":"https:\/\/detailspot.lt\/","logo":{"@type":"ImageObject","inLanguage":"en-US","@id":"https:\/\/detailspot.lt\/#\/schema\/logo\/image\/","url":"https:\/\/detailspot.lt\/wp-content\/uploads\/2022\/10\/logo-original.svg","contentUrl":"https:\/\/detailspot.lt\/wp-content\/uploads\/2022\/10\/logo-original.svg","width":1,"height":1,"caption":"Detail Spot"},"image":{"@id":"https:\/\/detailspot.lt\/#\/schema\/logo\/image\/"},"sameAs":["https:\/\/www.facebook.com\/profile.php?id=100039208338156"]}]}},"_links":{"self":[{"href":"https:\/\/detailspot.lt\/en\/wp-json\/wp\/v2\/product\/7323","targetHints":{"allow":["GET"]}}],"collection":[{"href":"https:\/\/detailspot.lt\/en\/wp-json\/wp\/v2\/product"}],"about":[{"href":"https:\/\/detailspot.lt\/en\/wp-json\/wp\/v2\/types\/product"}],"replies":[{"embeddable":true,"href":"https:\/\/detailspot.lt\/en\/wp-json\/wp\/v2\/comments?post=7323"}],"wp:featuredmedia":[{"embeddable":true,"href":"https:\/\/detailspot.lt\/en\/wp-json\/wp\/v2\/media\/4737"}],"wp:attachment":[{"href":"https:\/\/detailspot.lt\/en\/wp-json\/wp\/v2\/media?parent=7323"}],"wp:term":[{"taxonomy":"product_brand","embeddable":true,"href":"https:\/\/detailspot.lt\/en\/wp-json\/wp\/v2\/product_brand?post=7323"},{"taxonomy":"product_cat","embeddable":true,"href":"https:\/\/detailspot.lt\/en\/wp-json\/wp\/v2\/product_cat?post=7323"},{"taxonomy":"product_tag","embeddable":true,"href":"https:\/\/detailspot.lt\/en\/wp-json\/wp\/v2\/product_tag?post=7323"}],"curies":[{"name":"wp","href":"https:\/\/api.w.org\/{rel}","templated":true}]}}