{"id":7303,"date":"2022-12-02T15:14:48","date_gmt":"2022-12-02T13:14:48","guid":{"rendered":"https:\/\/detailspot.lt\/produktas\/scangrip-multimatch-3\/"},"modified":"2022-12-02T15:14:48","modified_gmt":"2022-12-02T13:14:48","slug":"scangrip-multimatch-3","status":"publish","type":"product","link":"https:\/\/detailspot.lt\/en\/produktas\/scangrip-multimatch-3\/","title":{"rendered":"Scangrip Multimatch 3"},"content":{"rendered":"<p>Scangrip Multimatch 3 &#8211; rechargeable luminaire for working on automotive surfaces. It delivers up to 3000 lumens of light to help with painting, colour matching, cleaning and polishing large surfaces.<\/p>\n<p>The luminaire can be controlled remotely via a mobile app on your phone.<\/p>\n<p><strong>Features<\/strong><\/p>\n<ol>\n<li>Flexible support handle<\/li>\n<li>5 colour modes from 2500K to 6500K<\/li>\n<li>Colour rendering index 96 CRI+<\/li>\n<li>Waterproof and dustproof to IP67 standard<\/li>\n<\/ol>\n<p><strong>Technical data<\/strong><\/p>\n<ol>\n<li>Light source: Ultra high CRI+ COB LED<\/li>\n<li>Beam angle: 115\u00b0<\/li>\n<li>Illuminance min\/max: 450\/4500 lux@0,5m<\/li>\n<li>Luminous flux min\/max: 300-3000 lm<\/li>\n<li>Working hours: until 10h<\/li>\n<li>Charging time: 1.5h<\/li>\n<li>Rechargeable battery: 11.1V\/4000 mAh Li-ion<\/li>\n<li>Weight: 3530 g<\/li>\n<li>Operating temperature: -10 \u030aC to +40 \u030aC<\/li>\n<li>Size: 240x 230x 104 mm<\/li>\n<\/ol>\n<p>&nbsp;<\/p>\n<p style=\"text-align: center;\"><img loading=\"lazy\" decoding=\"async\" class=\"alignnone size-medium wp-image-2797\" src=\"https:\/\/detailspot.lt\/wp-content\/uploads\/2022\/12\/Scangrip-logo-300x110.png\" alt=\"\" width=\"300\" height=\"110\" srcset=\"https:\/\/detailspot.lt\/wp-content\/uploads\/2022\/12\/Scangrip-logo-300x110.png 300w, https:\/\/detailspot.lt\/wp-content\/uploads\/2022\/12\/Scangrip-logo-64x23.png 64w, https:\/\/detailspot.lt\/wp-content\/uploads\/2022\/12\/Scangrip-logo.png 371w\" sizes=\"auto, (max-width: 300px) 100vw, 300px\" \/><\/p>\n","protected":false},"excerpt":{"rendered":"<p>Scangrip Multimatch 3 &#8211; rechargeable luminaire for working on automotive surfaces. It delivers up to 3000 lumens of light to help with painting, colour matching, cleaning and polishing large surfaces. The luminaire can be controlled remotely via a mobile app on your phone. Features Flexible support handle 5 colour modes from 2500K to 6500K Colour&hellip;<\/p>\n","protected":false},"featured_media":4242,"comment_status":"closed","ping_status":"closed","template":"","meta":[],"product_brand":[],"product_cat":[155,158],"product_tag":[286],"class_list":{"0":"post-7303","1":"product","2":"type-product","3":"status-publish","4":"has-post-thumbnail","6":"product_cat-accessories","7":"product_cat-scangrip-en","8":"product_tag-scangrip-en","9":"description-off","11":"first","12":"onbackorder","13":"taxable","14":"shipping-taxable","15":"purchasable","16":"product-type-simple"},"yoast_head":"<!-- This site is optimized with the Yoast SEO plugin v27.3 - https:\/\/yoast.com\/product\/yoast-seo-wordpress\/ -->\n<title>Scangrip Multimatch 3 - Detail Spot<\/title>\n<meta name=\"robots\" content=\"index, follow, max-snippet:-1, max-image-preview:large, max-video-preview:-1\" \/>\n<link rel=\"canonical\" href=\"https:\/\/detailspot.lt\/produktas\/scangrip-multimatch-3\/\" \/>\n<meta property=\"og:locale\" content=\"en_US\" \/>\n<meta property=\"og:type\" content=\"article\" \/>\n<meta property=\"og:title\" content=\"Scangrip Multimatch 3 - Detail Spot\" \/>\n<meta property=\"og:description\" content=\"Scangrip Multimatch 3 &#8211; rechargeable luminaire for working on automotive surfaces. It delivers up to 3000 lumens of light to help with painting, colour matching, cleaning and polishing large surfaces. The luminaire can be controlled remotely via a mobile app on your phone. Features Flexible support handle 5 colour modes from 2500K to 6500K Colour&hellip;\" \/>\n<meta property=\"og:url\" content=\"https:\/\/detailspot.lt\/produktas\/scangrip-multimatch-3\/\" \/>\n<meta property=\"og:site_name\" content=\"Detail Spot\" \/>\n<meta property=\"article:publisher\" content=\"https:\/\/www.facebook.com\/profile.php?id=100039208338156\" \/>\n<meta property=\"og:image\" content=\"https:\/\/detailspot.lt\/wp-content\/uploads\/2022\/12\/Scangrip-logo-300x110.png\" \/>\n<meta name=\"twitter:card\" content=\"summary_large_image\" \/>\n<meta name=\"twitter:label1\" content=\"Est. reading time\" \/>\n\t<meta name=\"twitter:data1\" content=\"1 minute\" \/>\n<script type=\"application\/ld+json\" class=\"yoast-schema-graph\">{\"@context\":\"https:\\\/\\\/schema.org\",\"@graph\":[{\"@type\":\"WebPage\",\"@id\":\"https:\\\/\\\/detailspot.lt\\\/produktas\\\/scangrip-multimatch-3\\\/\",\"url\":\"https:\\\/\\\/detailspot.lt\\\/produktas\\\/scangrip-multimatch-3\\\/\",\"name\":\"Scangrip Multimatch 3 - Detail Spot\",\"isPartOf\":{\"@id\":\"https:\\\/\\\/detailspot.lt\\\/#website\"},\"primaryImageOfPage\":{\"@id\":\"https:\\\/\\\/detailspot.lt\\\/produktas\\\/scangrip-multimatch-3\\\/#primaryimage\"},\"image\":{\"@id\":\"https:\\\/\\\/detailspot.lt\\\/produktas\\\/scangrip-multimatch-3\\\/#primaryimage\"},\"thumbnailUrl\":\"https:\\\/\\\/detailspot.lt\\\/wp-content\\\/uploads\\\/2022\\\/12\\\/scangrip-multimatch-3-5.jpg\",\"datePublished\":\"2022-12-02T13:14:48+00:00\",\"breadcrumb\":{\"@id\":\"https:\\\/\\\/detailspot.lt\\\/produktas\\\/scangrip-multimatch-3\\\/#breadcrumb\"},\"inLanguage\":\"en-US\",\"potentialAction\":[{\"@type\":\"ReadAction\",\"target\":[\"https:\\\/\\\/detailspot.lt\\\/produktas\\\/scangrip-multimatch-3\\\/\"]}]},{\"@type\":\"ImageObject\",\"inLanguage\":\"en-US\",\"@id\":\"https:\\\/\\\/detailspot.lt\\\/produktas\\\/scangrip-multimatch-3\\\/#primaryimage\",\"url\":\"https:\\\/\\\/detailspot.lt\\\/wp-content\\\/uploads\\\/2022\\\/12\\\/scangrip-multimatch-3-5.jpg\",\"contentUrl\":\"https:\\\/\\\/detailspot.lt\\\/wp-content\\\/uploads\\\/2022\\\/12\\\/scangrip-multimatch-3-5.jpg\",\"width\":1188,\"height\":1188},{\"@type\":\"BreadcrumbList\",\"@id\":\"https:\\\/\\\/detailspot.lt\\\/produktas\\\/scangrip-multimatch-3\\\/#breadcrumb\",\"itemListElement\":[{\"@type\":\"ListItem\",\"position\":1,\"name\":\"Home\",\"item\":\"https:\\\/\\\/detailspot.lt\\\/en\\\/\"},{\"@type\":\"ListItem\",\"position\":2,\"name\":\"Shop\",\"item\":\"https:\\\/\\\/detailspot.lt\\\/en\\\/parduotuve\\\/\"},{\"@type\":\"ListItem\",\"position\":3,\"name\":\"Scangrip Multimatch 3\"}]},{\"@type\":\"WebSite\",\"@id\":\"https:\\\/\\\/detailspot.lt\\\/#website\",\"url\":\"https:\\\/\\\/detailspot.lt\\\/\",\"name\":\"Detail Spot\",\"description\":\"Automobili\u0173 prie\u017ei\u016bros priemon\u0117s\",\"publisher\":{\"@id\":\"https:\\\/\\\/detailspot.lt\\\/#organization\"},\"potentialAction\":[{\"@type\":\"SearchAction\",\"target\":{\"@type\":\"EntryPoint\",\"urlTemplate\":\"https:\\\/\\\/detailspot.lt\\\/?s={search_term_string}\"},\"query-input\":{\"@type\":\"PropertyValueSpecification\",\"valueRequired\":true,\"valueName\":\"search_term_string\"}}],\"inLanguage\":\"en-US\"},{\"@type\":\"Organization\",\"@id\":\"https:\\\/\\\/detailspot.lt\\\/#organization\",\"name\":\"Detail Spot\",\"url\":\"https:\\\/\\\/detailspot.lt\\\/\",\"logo\":{\"@type\":\"ImageObject\",\"inLanguage\":\"en-US\",\"@id\":\"https:\\\/\\\/detailspot.lt\\\/#\\\/schema\\\/logo\\\/image\\\/\",\"url\":\"https:\\\/\\\/detailspot.lt\\\/wp-content\\\/uploads\\\/2022\\\/10\\\/logo-original.svg\",\"contentUrl\":\"https:\\\/\\\/detailspot.lt\\\/wp-content\\\/uploads\\\/2022\\\/10\\\/logo-original.svg\",\"width\":1,\"height\":1,\"caption\":\"Detail Spot\"},\"image\":{\"@id\":\"https:\\\/\\\/detailspot.lt\\\/#\\\/schema\\\/logo\\\/image\\\/\"},\"sameAs\":[\"https:\\\/\\\/www.facebook.com\\\/profile.php?id=100039208338156\"]}]}<\/script>\n<!-- \/ Yoast SEO plugin. -->","yoast_head_json":{"title":"Scangrip Multimatch 3 - Detail Spot","robots":{"index":"index","follow":"follow","max-snippet":"max-snippet:-1","max-image-preview":"max-image-preview:large","max-video-preview":"max-video-preview:-1"},"canonical":"https:\/\/detailspot.lt\/produktas\/scangrip-multimatch-3\/","og_locale":"en_US","og_type":"article","og_title":"Scangrip Multimatch 3 - Detail Spot","og_description":"Scangrip Multimatch 3 &#8211; rechargeable luminaire for working on automotive surfaces. It delivers up to 3000 lumens of light to help with painting, colour matching, cleaning and polishing large surfaces. The luminaire can be controlled remotely via a mobile app on your phone. Features Flexible support handle 5 colour modes from 2500K to 6500K Colour&hellip;","og_url":"https:\/\/detailspot.lt\/produktas\/scangrip-multimatch-3\/","og_site_name":"Detail Spot","article_publisher":"https:\/\/www.facebook.com\/profile.php?id=100039208338156","og_image":[{"url":"https:\/\/detailspot.lt\/wp-content\/uploads\/2022\/12\/Scangrip-logo-300x110.png","type":"","width":"","height":""}],"twitter_card":"summary_large_image","twitter_misc":{"Est. reading time":"1 minute"},"schema":{"@context":"https:\/\/schema.org","@graph":[{"@type":"WebPage","@id":"https:\/\/detailspot.lt\/produktas\/scangrip-multimatch-3\/","url":"https:\/\/detailspot.lt\/produktas\/scangrip-multimatch-3\/","name":"Scangrip Multimatch 3 - Detail Spot","isPartOf":{"@id":"https:\/\/detailspot.lt\/#website"},"primaryImageOfPage":{"@id":"https:\/\/detailspot.lt\/produktas\/scangrip-multimatch-3\/#primaryimage"},"image":{"@id":"https:\/\/detailspot.lt\/produktas\/scangrip-multimatch-3\/#primaryimage"},"thumbnailUrl":"https:\/\/detailspot.lt\/wp-content\/uploads\/2022\/12\/scangrip-multimatch-3-5.jpg","datePublished":"2022-12-02T13:14:48+00:00","breadcrumb":{"@id":"https:\/\/detailspot.lt\/produktas\/scangrip-multimatch-3\/#breadcrumb"},"inLanguage":"en-US","potentialAction":[{"@type":"ReadAction","target":["https:\/\/detailspot.lt\/produktas\/scangrip-multimatch-3\/"]}]},{"@type":"ImageObject","inLanguage":"en-US","@id":"https:\/\/detailspot.lt\/produktas\/scangrip-multimatch-3\/#primaryimage","url":"https:\/\/detailspot.lt\/wp-content\/uploads\/2022\/12\/scangrip-multimatch-3-5.jpg","contentUrl":"https:\/\/detailspot.lt\/wp-content\/uploads\/2022\/12\/scangrip-multimatch-3-5.jpg","width":1188,"height":1188},{"@type":"BreadcrumbList","@id":"https:\/\/detailspot.lt\/produktas\/scangrip-multimatch-3\/#breadcrumb","itemListElement":[{"@type":"ListItem","position":1,"name":"Home","item":"https:\/\/detailspot.lt\/en\/"},{"@type":"ListItem","position":2,"name":"Shop","item":"https:\/\/detailspot.lt\/en\/parduotuve\/"},{"@type":"ListItem","position":3,"name":"Scangrip Multimatch 3"}]},{"@type":"WebSite","@id":"https:\/\/detailspot.lt\/#website","url":"https:\/\/detailspot.lt\/","name":"Detail Spot","description":"Automobili\u0173 prie\u017ei\u016bros priemon\u0117s","publisher":{"@id":"https:\/\/detailspot.lt\/#organization"},"potentialAction":[{"@type":"SearchAction","target":{"@type":"EntryPoint","urlTemplate":"https:\/\/detailspot.lt\/?s={search_term_string}"},"query-input":{"@type":"PropertyValueSpecification","valueRequired":true,"valueName":"search_term_string"}}],"inLanguage":"en-US"},{"@type":"Organization","@id":"https:\/\/detailspot.lt\/#organization","name":"Detail Spot","url":"https:\/\/detailspot.lt\/","logo":{"@type":"ImageObject","inLanguage":"en-US","@id":"https:\/\/detailspot.lt\/#\/schema\/logo\/image\/","url":"https:\/\/detailspot.lt\/wp-content\/uploads\/2022\/10\/logo-original.svg","contentUrl":"https:\/\/detailspot.lt\/wp-content\/uploads\/2022\/10\/logo-original.svg","width":1,"height":1,"caption":"Detail Spot"},"image":{"@id":"https:\/\/detailspot.lt\/#\/schema\/logo\/image\/"},"sameAs":["https:\/\/www.facebook.com\/profile.php?id=100039208338156"]}]}},"_links":{"self":[{"href":"https:\/\/detailspot.lt\/en\/wp-json\/wp\/v2\/product\/7303","targetHints":{"allow":["GET"]}}],"collection":[{"href":"https:\/\/detailspot.lt\/en\/wp-json\/wp\/v2\/product"}],"about":[{"href":"https:\/\/detailspot.lt\/en\/wp-json\/wp\/v2\/types\/product"}],"replies":[{"embeddable":true,"href":"https:\/\/detailspot.lt\/en\/wp-json\/wp\/v2\/comments?post=7303"}],"wp:featuredmedia":[{"embeddable":true,"href":"https:\/\/detailspot.lt\/en\/wp-json\/wp\/v2\/media\/4242"}],"wp:attachment":[{"href":"https:\/\/detailspot.lt\/en\/wp-json\/wp\/v2\/media?parent=7303"}],"wp:term":[{"taxonomy":"product_brand","embeddable":true,"href":"https:\/\/detailspot.lt\/en\/wp-json\/wp\/v2\/product_brand?post=7303"},{"taxonomy":"product_cat","embeddable":true,"href":"https:\/\/detailspot.lt\/en\/wp-json\/wp\/v2\/product_cat?post=7303"},{"taxonomy":"product_tag","embeddable":true,"href":"https:\/\/detailspot.lt\/en\/wp-json\/wp\/v2\/product_tag?post=7303"}],"curies":[{"name":"wp","href":"https:\/\/api.w.org\/{rel}","templated":true}]}}