{"id":7296,"date":"2022-12-02T15:14:48","date_gmt":"2022-12-02T13:14:48","guid":{"rendered":"https:\/\/detailspot.lt\/produktas\/gyeon-q%c2%b2m-tire-cleaner-tyre-and-rubber-cleaner\/"},"modified":"2022-12-02T15:14:48","modified_gmt":"2022-12-02T13:14:48","slug":"gyeon-q%c2%b2m-tire-cleaner-tyre-and-rubber-cleaner","status":"publish","type":"product","link":"https:\/\/detailspot.lt\/en\/produktas\/gyeon-q%c2%b2m-tire-cleaner-tyre-and-rubber-cleaner\/","title":{"rendered":"Gyeon Q\u00b2M Tire Cleaner tyre and rubber cleaner"},"content":{"rendered":"<h1>Gyeon Q\u00b2M Tire Cleaner tyre and rubber cleaner<\/h1>\n<p>is a highly effective cleaner for tyres and other rubber surfaces. Removes old Dressing-type products and all dirt from the surface. This cleaner is suitable for use on all types of tyres, even vintage tyres with white elements.<\/p>\n<p>Characteristics:<\/p>\n<ol>\n<li>Removes residues from old tyre blackening agents<\/li>\n<li>Suitable for all tyre types<\/li>\n<li>Safe for use on ceramic-coated rims<\/li>\n<\/ol>\n<p>Application:<\/p>\n<ol>\n<li>Wet the surface to be cleaned<\/li>\n<li>Spray the product on the surface to be cleaned<\/li>\n<li>Allow up to 1 minute for the product to work<\/li>\n<li>Use a <a href=\"https:\/\/detailspot.lt\/produktas\/maxshine-tire-scrub-brush\/\">tyre cleaning brush<\/a> for better results <\/li>\n<\/ol>\n<p>&nbsp;<\/p>\n<p style=\"text-align: center;\"><img loading=\"lazy\" decoding=\"async\" class=\"alignnone size-full wp-image-2297\" src=\"https:\/\/detailspot.lt\/wp-content\/uploads\/2022\/12\/Gyeon-logo.png\" alt=\"\" width=\"210\" height=\"140\" srcset=\"https:\/\/detailspot.lt\/wp-content\/uploads\/2022\/12\/Gyeon-logo.png 210w, https:\/\/detailspot.lt\/wp-content\/uploads\/2022\/12\/Gyeon-logo-64x43.png 64w\" sizes=\"auto, (max-width: 210px) 100vw, 210px\" \/><\/p>\n","protected":false},"excerpt":{"rendered":"<p>Gyeon Q\u00b2M Tire Cleaner tyre and rubber cleaner is a highly effective cleaner for tyres and other rubber surfaces. Removes old Dressing-type products and all dirt from the surface. This cleaner is suitable for use on all types of tyres, even vintage tyres with white elements. Characteristics: Removes residues from old tyre blackening agents Suitable&hellip;<\/p>\n","protected":false},"featured_media":3886,"comment_status":"closed","ping_status":"closed","template":"","meta":[],"product_brand":[],"product_cat":[160,176,175],"product_tag":[],"class_list":{"0":"post-7296","1":"product","2":"type-product","3":"status-publish","4":"has-post-thumbnail","6":"product_cat-exterior","7":"product_cat-tires-care","8":"product_cat-wheels-and-tyres","9":"description-off","11":"first","12":"instock","13":"taxable","14":"shipping-taxable","15":"purchasable","16":"product-type-variable"},"yoast_head":"<!-- This site is optimized with the Yoast SEO plugin v27.2 - https:\/\/yoast.com\/product\/yoast-seo-wordpress\/ -->\n<title>Gyeon Q\u00b2M Tire Cleaner tyre and rubber cleaner - Detail Spot<\/title>\n<meta name=\"description\" content=\"is a highly effective cleaner for tyres and other rubber surfaces. Removes old Dressing type products and all dirt from the surface\" \/>\n<meta name=\"robots\" content=\"index, follow, max-snippet:-1, max-image-preview:large, max-video-preview:-1\" \/>\n<link rel=\"canonical\" href=\"https:\/\/detailspot.lt\/en\/produktas\/gyeon-q\u00b2m-tire-cleaner-tyre-and-rubber-cleaner\/\" \/>\n<meta property=\"og:locale\" content=\"en_US\" \/>\n<meta property=\"og:type\" content=\"article\" \/>\n<meta property=\"og:title\" content=\"Gyeon Q\u00b2M Tire Cleaner tyre and rubber cleaner - Detail Spot\" \/>\n<meta property=\"og:description\" content=\"is a highly effective cleaner for tyres and other rubber surfaces. Removes old Dressing type products and all dirt from the surface\" \/>\n<meta property=\"og:url\" content=\"https:\/\/detailspot.lt\/en\/produktas\/gyeon-q\u00b2m-tire-cleaner-tyre-and-rubber-cleaner\/\" \/>\n<meta property=\"og:site_name\" content=\"Detail Spot\" \/>\n<meta property=\"article:publisher\" content=\"https:\/\/www.facebook.com\/profile.php?id=100039208338156\" \/>\n<meta property=\"og:image\" content=\"https:\/\/detailspot.lt\/wp-content\/uploads\/2022\/12\/gyeon-tire-cleaner-gumos-valiklis-400ml.jpg\" \/>\n\t<meta property=\"og:image:width\" content=\"612\" \/>\n\t<meta property=\"og:image:height\" content=\"612\" \/>\n\t<meta property=\"og:image:type\" content=\"image\/jpeg\" \/>\n<meta name=\"twitter:card\" content=\"summary_large_image\" \/>\n<meta name=\"twitter:label1\" content=\"Est. reading time\" \/>\n\t<meta name=\"twitter:data1\" content=\"1 minute\" \/>\n<script type=\"application\/ld+json\" class=\"yoast-schema-graph\">{\"@context\":\"https:\/\/schema.org\",\"@graph\":[{\"@type\":\"WebPage\",\"@id\":\"https:\/\/detailspot.lt\/en\/produktas\/gyeon-q%c2%b2m-tire-cleaner-tyre-and-rubber-cleaner\/\",\"url\":\"https:\/\/detailspot.lt\/en\/produktas\/gyeon-q%c2%b2m-tire-cleaner-tyre-and-rubber-cleaner\/\",\"name\":\"Gyeon Q\u00b2M Tire Cleaner tyre and rubber cleaner - Detail Spot\",\"isPartOf\":{\"@id\":\"https:\/\/detailspot.lt\/#website\"},\"primaryImageOfPage\":{\"@id\":\"https:\/\/detailspot.lt\/en\/produktas\/gyeon-q%c2%b2m-tire-cleaner-tyre-and-rubber-cleaner\/#primaryimage\"},\"image\":{\"@id\":\"https:\/\/detailspot.lt\/en\/produktas\/gyeon-q%c2%b2m-tire-cleaner-tyre-and-rubber-cleaner\/#primaryimage\"},\"thumbnailUrl\":\"https:\/\/detailspot.lt\/wp-content\/uploads\/2022\/12\/gyeon-tire-cleaner-gumos-valiklis-400ml.jpg\",\"datePublished\":\"2022-12-02T13:14:48+00:00\",\"description\":\"is a highly effective cleaner for tyres and other rubber surfaces. Removes old Dressing type products and all dirt from the surface\",\"breadcrumb\":{\"@id\":\"https:\/\/detailspot.lt\/en\/produktas\/gyeon-q%c2%b2m-tire-cleaner-tyre-and-rubber-cleaner\/#breadcrumb\"},\"inLanguage\":\"en-US\",\"potentialAction\":[{\"@type\":\"ReadAction\",\"target\":[\"https:\/\/detailspot.lt\/en\/produktas\/gyeon-q%c2%b2m-tire-cleaner-tyre-and-rubber-cleaner\/\"]}]},{\"@type\":\"ImageObject\",\"inLanguage\":\"en-US\",\"@id\":\"https:\/\/detailspot.lt\/en\/produktas\/gyeon-q%c2%b2m-tire-cleaner-tyre-and-rubber-cleaner\/#primaryimage\",\"url\":\"https:\/\/detailspot.lt\/wp-content\/uploads\/2022\/12\/gyeon-tire-cleaner-gumos-valiklis-400ml.jpg\",\"contentUrl\":\"https:\/\/detailspot.lt\/wp-content\/uploads\/2022\/12\/gyeon-tire-cleaner-gumos-valiklis-400ml.jpg\",\"width\":612,\"height\":612},{\"@type\":\"BreadcrumbList\",\"@id\":\"https:\/\/detailspot.lt\/en\/produktas\/gyeon-q%c2%b2m-tire-cleaner-tyre-and-rubber-cleaner\/#breadcrumb\",\"itemListElement\":[{\"@type\":\"ListItem\",\"position\":1,\"name\":\"Home\",\"item\":\"https:\/\/detailspot.lt\/en\/\"},{\"@type\":\"ListItem\",\"position\":2,\"name\":\"Shop\",\"item\":\"https:\/\/detailspot.lt\/en\/parduotuve\/\"},{\"@type\":\"ListItem\",\"position\":3,\"name\":\"Gyeon Q\u00b2M Tire Cleaner tyre and rubber cleaner\"}]},{\"@type\":\"WebSite\",\"@id\":\"https:\/\/detailspot.lt\/#website\",\"url\":\"https:\/\/detailspot.lt\/\",\"name\":\"Detail Spot\",\"description\":\"Automobili\u0173 prie\u017ei\u016bros priemon\u0117s\",\"publisher\":{\"@id\":\"https:\/\/detailspot.lt\/#organization\"},\"potentialAction\":[{\"@type\":\"SearchAction\",\"target\":{\"@type\":\"EntryPoint\",\"urlTemplate\":\"https:\/\/detailspot.lt\/?s={search_term_string}\"},\"query-input\":{\"@type\":\"PropertyValueSpecification\",\"valueRequired\":true,\"valueName\":\"search_term_string\"}}],\"inLanguage\":\"en-US\"},{\"@type\":\"Organization\",\"@id\":\"https:\/\/detailspot.lt\/#organization\",\"name\":\"Detail Spot\",\"url\":\"https:\/\/detailspot.lt\/\",\"logo\":{\"@type\":\"ImageObject\",\"inLanguage\":\"en-US\",\"@id\":\"https:\/\/detailspot.lt\/#\/schema\/logo\/image\/\",\"url\":\"https:\/\/detailspot.lt\/wp-content\/uploads\/2022\/10\/logo-original.svg\",\"contentUrl\":\"https:\/\/detailspot.lt\/wp-content\/uploads\/2022\/10\/logo-original.svg\",\"width\":1,\"height\":1,\"caption\":\"Detail Spot\"},\"image\":{\"@id\":\"https:\/\/detailspot.lt\/#\/schema\/logo\/image\/\"},\"sameAs\":[\"https:\/\/www.facebook.com\/profile.php?id=100039208338156\"]}]}<\/script>\n<!-- \/ Yoast SEO plugin. -->","yoast_head_json":{"title":"Gyeon Q\u00b2M Tire Cleaner tyre and rubber cleaner - Detail Spot","description":"is a highly effective cleaner for tyres and other rubber surfaces. Removes old Dressing type products and all dirt from the surface","robots":{"index":"index","follow":"follow","max-snippet":"max-snippet:-1","max-image-preview":"max-image-preview:large","max-video-preview":"max-video-preview:-1"},"canonical":"https:\/\/detailspot.lt\/en\/produktas\/gyeon-q\u00b2m-tire-cleaner-tyre-and-rubber-cleaner\/","og_locale":"en_US","og_type":"article","og_title":"Gyeon Q\u00b2M Tire Cleaner tyre and rubber cleaner - Detail Spot","og_description":"is a highly effective cleaner for tyres and other rubber surfaces. Removes old Dressing type products and all dirt from the surface","og_url":"https:\/\/detailspot.lt\/en\/produktas\/gyeon-q\u00b2m-tire-cleaner-tyre-and-rubber-cleaner\/","og_site_name":"Detail Spot","article_publisher":"https:\/\/www.facebook.com\/profile.php?id=100039208338156","og_image":[{"width":612,"height":612,"url":"https:\/\/detailspot.lt\/wp-content\/uploads\/2022\/12\/gyeon-tire-cleaner-gumos-valiklis-400ml.jpg","type":"image\/jpeg"}],"twitter_card":"summary_large_image","twitter_misc":{"Est. reading time":"1 minute"},"schema":{"@context":"https:\/\/schema.org","@graph":[{"@type":"WebPage","@id":"https:\/\/detailspot.lt\/en\/produktas\/gyeon-q%c2%b2m-tire-cleaner-tyre-and-rubber-cleaner\/","url":"https:\/\/detailspot.lt\/en\/produktas\/gyeon-q%c2%b2m-tire-cleaner-tyre-and-rubber-cleaner\/","name":"Gyeon Q\u00b2M Tire Cleaner tyre and rubber cleaner - Detail Spot","isPartOf":{"@id":"https:\/\/detailspot.lt\/#website"},"primaryImageOfPage":{"@id":"https:\/\/detailspot.lt\/en\/produktas\/gyeon-q%c2%b2m-tire-cleaner-tyre-and-rubber-cleaner\/#primaryimage"},"image":{"@id":"https:\/\/detailspot.lt\/en\/produktas\/gyeon-q%c2%b2m-tire-cleaner-tyre-and-rubber-cleaner\/#primaryimage"},"thumbnailUrl":"https:\/\/detailspot.lt\/wp-content\/uploads\/2022\/12\/gyeon-tire-cleaner-gumos-valiklis-400ml.jpg","datePublished":"2022-12-02T13:14:48+00:00","description":"is a highly effective cleaner for tyres and other rubber surfaces. Removes old Dressing type products and all dirt from the surface","breadcrumb":{"@id":"https:\/\/detailspot.lt\/en\/produktas\/gyeon-q%c2%b2m-tire-cleaner-tyre-and-rubber-cleaner\/#breadcrumb"},"inLanguage":"en-US","potentialAction":[{"@type":"ReadAction","target":["https:\/\/detailspot.lt\/en\/produktas\/gyeon-q%c2%b2m-tire-cleaner-tyre-and-rubber-cleaner\/"]}]},{"@type":"ImageObject","inLanguage":"en-US","@id":"https:\/\/detailspot.lt\/en\/produktas\/gyeon-q%c2%b2m-tire-cleaner-tyre-and-rubber-cleaner\/#primaryimage","url":"https:\/\/detailspot.lt\/wp-content\/uploads\/2022\/12\/gyeon-tire-cleaner-gumos-valiklis-400ml.jpg","contentUrl":"https:\/\/detailspot.lt\/wp-content\/uploads\/2022\/12\/gyeon-tire-cleaner-gumos-valiklis-400ml.jpg","width":612,"height":612},{"@type":"BreadcrumbList","@id":"https:\/\/detailspot.lt\/en\/produktas\/gyeon-q%c2%b2m-tire-cleaner-tyre-and-rubber-cleaner\/#breadcrumb","itemListElement":[{"@type":"ListItem","position":1,"name":"Home","item":"https:\/\/detailspot.lt\/en\/"},{"@type":"ListItem","position":2,"name":"Shop","item":"https:\/\/detailspot.lt\/en\/parduotuve\/"},{"@type":"ListItem","position":3,"name":"Gyeon Q\u00b2M Tire Cleaner tyre and rubber cleaner"}]},{"@type":"WebSite","@id":"https:\/\/detailspot.lt\/#website","url":"https:\/\/detailspot.lt\/","name":"Detail Spot","description":"Automobili\u0173 prie\u017ei\u016bros priemon\u0117s","publisher":{"@id":"https:\/\/detailspot.lt\/#organization"},"potentialAction":[{"@type":"SearchAction","target":{"@type":"EntryPoint","urlTemplate":"https:\/\/detailspot.lt\/?s={search_term_string}"},"query-input":{"@type":"PropertyValueSpecification","valueRequired":true,"valueName":"search_term_string"}}],"inLanguage":"en-US"},{"@type":"Organization","@id":"https:\/\/detailspot.lt\/#organization","name":"Detail Spot","url":"https:\/\/detailspot.lt\/","logo":{"@type":"ImageObject","inLanguage":"en-US","@id":"https:\/\/detailspot.lt\/#\/schema\/logo\/image\/","url":"https:\/\/detailspot.lt\/wp-content\/uploads\/2022\/10\/logo-original.svg","contentUrl":"https:\/\/detailspot.lt\/wp-content\/uploads\/2022\/10\/logo-original.svg","width":1,"height":1,"caption":"Detail Spot"},"image":{"@id":"https:\/\/detailspot.lt\/#\/schema\/logo\/image\/"},"sameAs":["https:\/\/www.facebook.com\/profile.php?id=100039208338156"]}]}},"_links":{"self":[{"href":"https:\/\/detailspot.lt\/en\/wp-json\/wp\/v2\/product\/7296","targetHints":{"allow":["GET"]}}],"collection":[{"href":"https:\/\/detailspot.lt\/en\/wp-json\/wp\/v2\/product"}],"about":[{"href":"https:\/\/detailspot.lt\/en\/wp-json\/wp\/v2\/types\/product"}],"replies":[{"embeddable":true,"href":"https:\/\/detailspot.lt\/en\/wp-json\/wp\/v2\/comments?post=7296"}],"wp:featuredmedia":[{"embeddable":true,"href":"https:\/\/detailspot.lt\/en\/wp-json\/wp\/v2\/media\/3886"}],"wp:attachment":[{"href":"https:\/\/detailspot.lt\/en\/wp-json\/wp\/v2\/media?parent=7296"}],"wp:term":[{"taxonomy":"product_brand","embeddable":true,"href":"https:\/\/detailspot.lt\/en\/wp-json\/wp\/v2\/product_brand?post=7296"},{"taxonomy":"product_cat","embeddable":true,"href":"https:\/\/detailspot.lt\/en\/wp-json\/wp\/v2\/product_cat?post=7296"},{"taxonomy":"product_tag","embeddable":true,"href":"https:\/\/detailspot.lt\/en\/wp-json\/wp\/v2\/product_tag?post=7296"}],"curies":[{"name":"wp","href":"https:\/\/api.w.org\/{rel}","templated":true}]}}