{"id":7287,"date":"2022-12-02T15:14:49","date_gmt":"2022-12-02T13:14:49","guid":{"rendered":"https:\/\/detailspot.lt\/produktas\/carpro-ultracut-polishing-paste\/"},"modified":"2022-12-02T15:14:49","modified_gmt":"2022-12-02T13:14:49","slug":"carpro-ultracut-polishing-paste","status":"publish","type":"product","link":"https:\/\/detailspot.lt\/en\/produktas\/carpro-ultracut-polishing-paste\/","title":{"rendered":"CarPro Ultracut polishing paste"},"content":{"rendered":"<h1>CarPro Ultracut polishing paste<\/h1>\n<p>the latest addition to the 2021 range of pastes, which plays the role of the sharpest correction paste from CarPro. Despite its aggressiveness, modern split abrasive technology allows this paste to achieve a very wide range of work by tailoring it to a specific polishing pad and adjusting its aggressiveness.<\/p>\n<p>The newest and sharpest correction paste in the CarPro product line. It uses the technology of splitting abrasives in combination with various polishing pads to achieve excellent finishing results<\/p>\n<h6><strong>Features<\/strong><\/h6>\n<ol>\n<li>Fluid abrasive paste<\/li>\n<li>Suitable for removing all varnish defects<\/li>\n<li>Very low dusting<\/li>\n<li>Can be used on eccentric (Dual Action) or rotary polishers<\/li>\n<li>For aggressive work, use with microfibre or wool soles, e.g. <a href=\"https:\/\/detailspot.lt\/produktas\/flexipads-pro-wool-detailing-kailinis-padas\/\">Flexipads ProWool<\/a>or<a href=\"https:\/\/detailspot.lt\/produktas\/meguiars-da-microfibre-cutting-disc-5\/\">Meguiar&#8217;s mikropluo\u0161to padas<\/a><\/li>\n<li>For mild work, use with medium-soft sponges, e.g. <a href=\"https:\/\/detailspot.lt\/produktas\/rupes-da-yellow-fine-pad\/\">Rupes DA Yellow fine pad<\/a><\/li>\n<\/ol>\n<p>&nbsp;<\/p>\n<p style=\"text-align: center;\"><img loading=\"lazy\" decoding=\"async\" class=\"alignnone size-medium wp-image-1094\" src=\"https:\/\/detailspot.lt\/wp-content\/uploads\/2022\/11\/Carpro_Logo-e1669668109412-300x62.png\" alt=\"\" width=\"300\" height=\"62\" srcset=\"https:\/\/detailspot.lt\/wp-content\/uploads\/2022\/11\/Carpro_Logo-e1669668109412-300x62.png 300w, https:\/\/detailspot.lt\/wp-content\/uploads\/2022\/11\/Carpro_Logo-e1669668109412-768x160.png 768w, https:\/\/detailspot.lt\/wp-content\/uploads\/2022\/11\/Carpro_Logo-e1669668109412-600x125.png 600w, https:\/\/detailspot.lt\/wp-content\/uploads\/2022\/11\/Carpro_Logo-e1669668109412-64x13.png 64w, https:\/\/detailspot.lt\/wp-content\/uploads\/2022\/11\/Carpro_Logo-e1669668109412.png 1000w\" sizes=\"auto, (max-width: 300px) 100vw, 300px\" \/><\/p>\n","protected":false},"excerpt":{"rendered":"<p>CarPro Ultracut polishing paste the latest addition to the 2021 range of pastes, which plays the role of the sharpest correction paste from CarPro. Despite its aggressiveness, modern split abrasive technology allows this paste to achieve a very wide range of work by tailoring it to a specific polishing pad and adjusting its aggressiveness. The&hellip;<\/p>\n","protected":false},"featured_media":4009,"comment_status":"closed","ping_status":"closed","template":"","meta":[],"product_brand":[],"product_cat":[173,170],"product_tag":[],"class_list":{"0":"post-7287","1":"product","2":"type-product","3":"status-publish","4":"has-post-thumbnail","6":"product_cat-polishing-pastes","7":"product_cat-polishing-tools","8":"description-off","10":"first","11":"instock","12":"sale","13":"taxable","14":"shipping-taxable","15":"purchasable","16":"product-type-variable"},"yoast_head":"<!-- This site is optimized with the Yoast SEO plugin v27.4 - https:\/\/yoast.com\/product\/yoast-seo-wordpress\/ -->\n<title>CarPro Ultracut polishing paste - Detail Spot<\/title>\n<meta name=\"description\" content=\"CarPro Ultracut polishing paste The abrasive technology of the splitting abrasive allows this paste to achieve a wide range of work with a specific polishing pad\" \/>\n<meta name=\"robots\" content=\"index, follow, max-snippet:-1, max-image-preview:large, max-video-preview:-1\" \/>\n<link rel=\"canonical\" href=\"https:\/\/detailspot.lt\/en\/produktas\/carpro-ultracut-polishing-paste\/\" \/>\n<meta property=\"og:locale\" content=\"en_US\" \/>\n<meta property=\"og:type\" content=\"article\" \/>\n<meta property=\"og:title\" content=\"CarPro Ultracut polishing paste - Detail Spot\" \/>\n<meta property=\"og:description\" content=\"CarPro Ultracut polishing paste The abrasive technology of the splitting abrasive allows this paste to achieve a wide range of work with a specific polishing pad\" \/>\n<meta property=\"og:url\" content=\"https:\/\/detailspot.lt\/en\/produktas\/carpro-ultracut-polishing-paste\/\" \/>\n<meta property=\"og:site_name\" content=\"Detail Spot\" \/>\n<meta property=\"article:publisher\" content=\"https:\/\/www.facebook.com\/profile.php?id=100039208338156\" \/>\n<meta property=\"og:image\" content=\"https:\/\/detailspot.lt\/wp-content\/uploads\/2022\/12\/carpro-ultracut-korekcijos-pasta-1.jpg\" \/>\n\t<meta property=\"og:image:width\" content=\"1188\" \/>\n\t<meta property=\"og:image:height\" content=\"1188\" \/>\n\t<meta property=\"og:image:type\" content=\"image\/jpeg\" \/>\n<meta name=\"twitter:card\" content=\"summary_large_image\" \/>\n<meta name=\"twitter:label1\" content=\"Est. reading time\" \/>\n\t<meta name=\"twitter:data1\" content=\"1 minute\" \/>\n<script type=\"application\/ld+json\" class=\"yoast-schema-graph\">{\"@context\":\"https:\\\/\\\/schema.org\",\"@graph\":[{\"@type\":\"WebPage\",\"@id\":\"https:\\\/\\\/detailspot.lt\\\/en\\\/produktas\\\/carpro-ultracut-polishing-paste\\\/\",\"url\":\"https:\\\/\\\/detailspot.lt\\\/en\\\/produktas\\\/carpro-ultracut-polishing-paste\\\/\",\"name\":\"CarPro Ultracut polishing paste - Detail Spot\",\"isPartOf\":{\"@id\":\"https:\\\/\\\/detailspot.lt\\\/#website\"},\"primaryImageOfPage\":{\"@id\":\"https:\\\/\\\/detailspot.lt\\\/en\\\/produktas\\\/carpro-ultracut-polishing-paste\\\/#primaryimage\"},\"image\":{\"@id\":\"https:\\\/\\\/detailspot.lt\\\/en\\\/produktas\\\/carpro-ultracut-polishing-paste\\\/#primaryimage\"},\"thumbnailUrl\":\"https:\\\/\\\/detailspot.lt\\\/wp-content\\\/uploads\\\/2022\\\/12\\\/carpro-ultracut-korekcijos-pasta-1.jpg\",\"datePublished\":\"2022-12-02T13:14:49+00:00\",\"description\":\"CarPro Ultracut polishing paste The abrasive technology of the splitting abrasive allows this paste to achieve a wide range of work with a specific polishing pad\",\"breadcrumb\":{\"@id\":\"https:\\\/\\\/detailspot.lt\\\/en\\\/produktas\\\/carpro-ultracut-polishing-paste\\\/#breadcrumb\"},\"inLanguage\":\"en-US\",\"potentialAction\":[{\"@type\":\"ReadAction\",\"target\":[\"https:\\\/\\\/detailspot.lt\\\/en\\\/produktas\\\/carpro-ultracut-polishing-paste\\\/\"]}]},{\"@type\":\"ImageObject\",\"inLanguage\":\"en-US\",\"@id\":\"https:\\\/\\\/detailspot.lt\\\/en\\\/produktas\\\/carpro-ultracut-polishing-paste\\\/#primaryimage\",\"url\":\"https:\\\/\\\/detailspot.lt\\\/wp-content\\\/uploads\\\/2022\\\/12\\\/carpro-ultracut-korekcijos-pasta-1.jpg\",\"contentUrl\":\"https:\\\/\\\/detailspot.lt\\\/wp-content\\\/uploads\\\/2022\\\/12\\\/carpro-ultracut-korekcijos-pasta-1.jpg\",\"width\":1188,\"height\":1188},{\"@type\":\"BreadcrumbList\",\"@id\":\"https:\\\/\\\/detailspot.lt\\\/en\\\/produktas\\\/carpro-ultracut-polishing-paste\\\/#breadcrumb\",\"itemListElement\":[{\"@type\":\"ListItem\",\"position\":1,\"name\":\"Home\",\"item\":\"https:\\\/\\\/detailspot.lt\\\/en\\\/\"},{\"@type\":\"ListItem\",\"position\":2,\"name\":\"Shop\",\"item\":\"https:\\\/\\\/detailspot.lt\\\/en\\\/parduotuve\\\/\"},{\"@type\":\"ListItem\",\"position\":3,\"name\":\"CarPro Ultracut polishing paste\"}]},{\"@type\":\"WebSite\",\"@id\":\"https:\\\/\\\/detailspot.lt\\\/#website\",\"url\":\"https:\\\/\\\/detailspot.lt\\\/\",\"name\":\"Detail Spot\",\"description\":\"Automobili\u0173 prie\u017ei\u016bros priemon\u0117s\",\"publisher\":{\"@id\":\"https:\\\/\\\/detailspot.lt\\\/#organization\"},\"potentialAction\":[{\"@type\":\"SearchAction\",\"target\":{\"@type\":\"EntryPoint\",\"urlTemplate\":\"https:\\\/\\\/detailspot.lt\\\/?s={search_term_string}\"},\"query-input\":{\"@type\":\"PropertyValueSpecification\",\"valueRequired\":true,\"valueName\":\"search_term_string\"}}],\"inLanguage\":\"en-US\"},{\"@type\":\"Organization\",\"@id\":\"https:\\\/\\\/detailspot.lt\\\/#organization\",\"name\":\"Detail Spot\",\"url\":\"https:\\\/\\\/detailspot.lt\\\/\",\"logo\":{\"@type\":\"ImageObject\",\"inLanguage\":\"en-US\",\"@id\":\"https:\\\/\\\/detailspot.lt\\\/#\\\/schema\\\/logo\\\/image\\\/\",\"url\":\"https:\\\/\\\/detailspot.lt\\\/wp-content\\\/uploads\\\/2022\\\/10\\\/logo-original.svg\",\"contentUrl\":\"https:\\\/\\\/detailspot.lt\\\/wp-content\\\/uploads\\\/2022\\\/10\\\/logo-original.svg\",\"width\":1,\"height\":1,\"caption\":\"Detail Spot\"},\"image\":{\"@id\":\"https:\\\/\\\/detailspot.lt\\\/#\\\/schema\\\/logo\\\/image\\\/\"},\"sameAs\":[\"https:\\\/\\\/www.facebook.com\\\/profile.php?id=100039208338156\"]}]}<\/script>\n<!-- \/ Yoast SEO plugin. -->","yoast_head_json":{"title":"CarPro Ultracut polishing paste - Detail Spot","description":"CarPro Ultracut polishing paste The abrasive technology of the splitting abrasive allows this paste to achieve a wide range of work with a specific polishing pad","robots":{"index":"index","follow":"follow","max-snippet":"max-snippet:-1","max-image-preview":"max-image-preview:large","max-video-preview":"max-video-preview:-1"},"canonical":"https:\/\/detailspot.lt\/en\/produktas\/carpro-ultracut-polishing-paste\/","og_locale":"en_US","og_type":"article","og_title":"CarPro Ultracut polishing paste - Detail Spot","og_description":"CarPro Ultracut polishing paste The abrasive technology of the splitting abrasive allows this paste to achieve a wide range of work with a specific polishing pad","og_url":"https:\/\/detailspot.lt\/en\/produktas\/carpro-ultracut-polishing-paste\/","og_site_name":"Detail Spot","article_publisher":"https:\/\/www.facebook.com\/profile.php?id=100039208338156","og_image":[{"width":1188,"height":1188,"url":"https:\/\/detailspot.lt\/wp-content\/uploads\/2022\/12\/carpro-ultracut-korekcijos-pasta-1.jpg","type":"image\/jpeg"}],"twitter_card":"summary_large_image","twitter_misc":{"Est. reading time":"1 minute"},"schema":{"@context":"https:\/\/schema.org","@graph":[{"@type":"WebPage","@id":"https:\/\/detailspot.lt\/en\/produktas\/carpro-ultracut-polishing-paste\/","url":"https:\/\/detailspot.lt\/en\/produktas\/carpro-ultracut-polishing-paste\/","name":"CarPro Ultracut polishing paste - Detail Spot","isPartOf":{"@id":"https:\/\/detailspot.lt\/#website"},"primaryImageOfPage":{"@id":"https:\/\/detailspot.lt\/en\/produktas\/carpro-ultracut-polishing-paste\/#primaryimage"},"image":{"@id":"https:\/\/detailspot.lt\/en\/produktas\/carpro-ultracut-polishing-paste\/#primaryimage"},"thumbnailUrl":"https:\/\/detailspot.lt\/wp-content\/uploads\/2022\/12\/carpro-ultracut-korekcijos-pasta-1.jpg","datePublished":"2022-12-02T13:14:49+00:00","description":"CarPro Ultracut polishing paste The abrasive technology of the splitting abrasive allows this paste to achieve a wide range of work with a specific polishing pad","breadcrumb":{"@id":"https:\/\/detailspot.lt\/en\/produktas\/carpro-ultracut-polishing-paste\/#breadcrumb"},"inLanguage":"en-US","potentialAction":[{"@type":"ReadAction","target":["https:\/\/detailspot.lt\/en\/produktas\/carpro-ultracut-polishing-paste\/"]}]},{"@type":"ImageObject","inLanguage":"en-US","@id":"https:\/\/detailspot.lt\/en\/produktas\/carpro-ultracut-polishing-paste\/#primaryimage","url":"https:\/\/detailspot.lt\/wp-content\/uploads\/2022\/12\/carpro-ultracut-korekcijos-pasta-1.jpg","contentUrl":"https:\/\/detailspot.lt\/wp-content\/uploads\/2022\/12\/carpro-ultracut-korekcijos-pasta-1.jpg","width":1188,"height":1188},{"@type":"BreadcrumbList","@id":"https:\/\/detailspot.lt\/en\/produktas\/carpro-ultracut-polishing-paste\/#breadcrumb","itemListElement":[{"@type":"ListItem","position":1,"name":"Home","item":"https:\/\/detailspot.lt\/en\/"},{"@type":"ListItem","position":2,"name":"Shop","item":"https:\/\/detailspot.lt\/en\/parduotuve\/"},{"@type":"ListItem","position":3,"name":"CarPro Ultracut polishing paste"}]},{"@type":"WebSite","@id":"https:\/\/detailspot.lt\/#website","url":"https:\/\/detailspot.lt\/","name":"Detail Spot","description":"Automobili\u0173 prie\u017ei\u016bros priemon\u0117s","publisher":{"@id":"https:\/\/detailspot.lt\/#organization"},"potentialAction":[{"@type":"SearchAction","target":{"@type":"EntryPoint","urlTemplate":"https:\/\/detailspot.lt\/?s={search_term_string}"},"query-input":{"@type":"PropertyValueSpecification","valueRequired":true,"valueName":"search_term_string"}}],"inLanguage":"en-US"},{"@type":"Organization","@id":"https:\/\/detailspot.lt\/#organization","name":"Detail Spot","url":"https:\/\/detailspot.lt\/","logo":{"@type":"ImageObject","inLanguage":"en-US","@id":"https:\/\/detailspot.lt\/#\/schema\/logo\/image\/","url":"https:\/\/detailspot.lt\/wp-content\/uploads\/2022\/10\/logo-original.svg","contentUrl":"https:\/\/detailspot.lt\/wp-content\/uploads\/2022\/10\/logo-original.svg","width":1,"height":1,"caption":"Detail Spot"},"image":{"@id":"https:\/\/detailspot.lt\/#\/schema\/logo\/image\/"},"sameAs":["https:\/\/www.facebook.com\/profile.php?id=100039208338156"]}]}},"_links":{"self":[{"href":"https:\/\/detailspot.lt\/en\/wp-json\/wp\/v2\/product\/7287","targetHints":{"allow":["GET"]}}],"collection":[{"href":"https:\/\/detailspot.lt\/en\/wp-json\/wp\/v2\/product"}],"about":[{"href":"https:\/\/detailspot.lt\/en\/wp-json\/wp\/v2\/types\/product"}],"replies":[{"embeddable":true,"href":"https:\/\/detailspot.lt\/en\/wp-json\/wp\/v2\/comments?post=7287"}],"wp:featuredmedia":[{"embeddable":true,"href":"https:\/\/detailspot.lt\/en\/wp-json\/wp\/v2\/media\/4009"}],"wp:attachment":[{"href":"https:\/\/detailspot.lt\/en\/wp-json\/wp\/v2\/media?parent=7287"}],"wp:term":[{"taxonomy":"product_brand","embeddable":true,"href":"https:\/\/detailspot.lt\/en\/wp-json\/wp\/v2\/product_brand?post=7287"},{"taxonomy":"product_cat","embeddable":true,"href":"https:\/\/detailspot.lt\/en\/wp-json\/wp\/v2\/product_cat?post=7287"},{"taxonomy":"product_tag","embeddable":true,"href":"https:\/\/detailspot.lt\/en\/wp-json\/wp\/v2\/product_tag?post=7287"}],"curies":[{"name":"wp","href":"https:\/\/api.w.org\/{rel}","templated":true}]}}