{"id":7283,"date":"2022-12-02T15:14:49","date_gmt":"2022-12-02T13:14:49","guid":{"rendered":"https:\/\/detailspot.lt\/produktas\/carpro-reflect-super-fine-polish\/"},"modified":"2022-12-02T15:14:49","modified_gmt":"2022-12-02T13:14:49","slug":"carpro-reflect-super-fine-polish","status":"publish","type":"product","link":"https:\/\/detailspot.lt\/en\/produktas\/carpro-reflect-super-fine-polish\/","title":{"rendered":"CarPro Reflect Super Fine Polish"},"content":{"rendered":"<h1><strong>CarPRO Reflect Super FinePolish<\/strong><\/h1>\n<p>Fast-dissolving abrasives achieve maximum gloss before the application of protective coatings.<\/p>\n<p><strong>Features<\/strong><\/p>\n<ol>\n<li>Designed for the last 2nd stage before protective coatings<\/li>\n<li>Short working time<\/li>\n<li>Fissile abrasives<\/li>\n<li>The paste does not contain filling agents<\/li>\n<li>Low-dust paste<\/li>\n<li>Can be used on orbital (Dual Action) or rotary polishers<\/li>\n<li>Suitable for use with Rupes <a href=\"https:\/\/detailspot.lt\/produktas\/rupes-da-yellow-fine-pad\/\">DA Yellow Fine Pad<\/a> or<a href=\"https:\/\/detailspot.lt\/produktas\/rupes-da-white-ultrafine-pad\/\">Rupes DA White Ultra Fine pad<\/a><\/li>\n<\/ol>\n<p>&nbsp;<\/p>\n<p style=\"text-align: center;\"><img loading=\"lazy\" decoding=\"async\" class=\"alignnone size-medium wp-image-1094\" src=\"https:\/\/detailspot.lt\/wp-content\/uploads\/2022\/11\/Carpro_Logo-e1669668109412-300x62.png\" alt=\"\" width=\"300\" height=\"62\" srcset=\"https:\/\/detailspot.lt\/wp-content\/uploads\/2022\/11\/Carpro_Logo-e1669668109412-300x62.png 300w, https:\/\/detailspot.lt\/wp-content\/uploads\/2022\/11\/Carpro_Logo-e1669668109412-768x160.png 768w, https:\/\/detailspot.lt\/wp-content\/uploads\/2022\/11\/Carpro_Logo-e1669668109412-600x125.png 600w, https:\/\/detailspot.lt\/wp-content\/uploads\/2022\/11\/Carpro_Logo-e1669668109412-64x13.png 64w, https:\/\/detailspot.lt\/wp-content\/uploads\/2022\/11\/Carpro_Logo-e1669668109412.png 1000w\" sizes=\"auto, (max-width: 300px) 100vw, 300px\" \/><\/p>\n","protected":false},"excerpt":{"rendered":"<p>CarPRO Reflect Super FinePolish Fast-dissolving abrasives achieve maximum gloss before the application of protective coatings. Features Designed for the last 2nd stage before protective coatings Short working time Fissile abrasives The paste does not contain filling agents Low-dust paste Can be used on orbital (Dual Action) or rotary polishers Suitable for use with Rupes DA&hellip;<\/p>\n","protected":false},"featured_media":4008,"comment_status":"closed","ping_status":"closed","template":"","meta":[],"product_brand":[],"product_cat":[173,170],"product_tag":[],"class_list":{"0":"post-7283","1":"product","2":"type-product","3":"status-publish","4":"has-post-thumbnail","6":"product_cat-polishing-pastes","7":"product_cat-polishing-tools","8":"description-off","10":"first","11":"instock","12":"taxable","13":"shipping-taxable","14":"purchasable","15":"product-type-variable"},"yoast_head":"<!-- This site is optimized with the Yoast SEO plugin v27.2 - https:\/\/yoast.com\/product\/yoast-seo-wordpress\/ -->\n<title>CarPro Reflect Super Fine Polish - Detail Spot<\/title>\n<meta name=\"description\" content=\"CarPro Reflect Super Fine Polish The fast-dissolving abrasives achieve a maximum level of gloss before the application of protective coatings.\" \/>\n<meta name=\"robots\" content=\"index, follow, max-snippet:-1, max-image-preview:large, max-video-preview:-1\" \/>\n<link rel=\"canonical\" href=\"https:\/\/detailspot.lt\/en\/produktas\/carpro-reflect-super-fine-polish\/\" \/>\n<meta property=\"og:locale\" content=\"en_US\" \/>\n<meta property=\"og:type\" content=\"article\" \/>\n<meta property=\"og:title\" content=\"CarPro Reflect Super Fine Polish - Detail Spot\" \/>\n<meta property=\"og:description\" content=\"CarPro Reflect Super Fine Polish The fast-dissolving abrasives achieve a maximum level of gloss before the application of protective coatings.\" \/>\n<meta property=\"og:url\" content=\"https:\/\/detailspot.lt\/en\/produktas\/carpro-reflect-super-fine-polish\/\" \/>\n<meta property=\"og:site_name\" content=\"Detail Spot\" \/>\n<meta property=\"article:publisher\" content=\"https:\/\/www.facebook.com\/profile.php?id=100039208338156\" \/>\n<meta property=\"og:image\" content=\"https:\/\/detailspot.lt\/wp-content\/uploads\/2022\/12\/carpro-reflect-super-fine-polish-1.jpg\" \/>\n\t<meta property=\"og:image:width\" content=\"1188\" \/>\n\t<meta property=\"og:image:height\" content=\"1188\" \/>\n\t<meta property=\"og:image:type\" content=\"image\/jpeg\" \/>\n<meta name=\"twitter:card\" content=\"summary_large_image\" \/>\n<script type=\"application\/ld+json\" class=\"yoast-schema-graph\">{\"@context\":\"https:\/\/schema.org\",\"@graph\":[{\"@type\":\"WebPage\",\"@id\":\"https:\/\/detailspot.lt\/en\/produktas\/carpro-reflect-super-fine-polish\/\",\"url\":\"https:\/\/detailspot.lt\/en\/produktas\/carpro-reflect-super-fine-polish\/\",\"name\":\"CarPro Reflect Super Fine Polish - Detail Spot\",\"isPartOf\":{\"@id\":\"https:\/\/detailspot.lt\/#website\"},\"primaryImageOfPage\":{\"@id\":\"https:\/\/detailspot.lt\/en\/produktas\/carpro-reflect-super-fine-polish\/#primaryimage\"},\"image\":{\"@id\":\"https:\/\/detailspot.lt\/en\/produktas\/carpro-reflect-super-fine-polish\/#primaryimage\"},\"thumbnailUrl\":\"https:\/\/detailspot.lt\/wp-content\/uploads\/2022\/12\/carpro-reflect-super-fine-polish-1.jpg\",\"datePublished\":\"2022-12-02T13:14:49+00:00\",\"description\":\"CarPro Reflect Super Fine Polish The fast-dissolving abrasives achieve a maximum level of gloss before the application of protective coatings.\",\"breadcrumb\":{\"@id\":\"https:\/\/detailspot.lt\/en\/produktas\/carpro-reflect-super-fine-polish\/#breadcrumb\"},\"inLanguage\":\"en-US\",\"potentialAction\":[{\"@type\":\"ReadAction\",\"target\":[\"https:\/\/detailspot.lt\/en\/produktas\/carpro-reflect-super-fine-polish\/\"]}]},{\"@type\":\"ImageObject\",\"inLanguage\":\"en-US\",\"@id\":\"https:\/\/detailspot.lt\/en\/produktas\/carpro-reflect-super-fine-polish\/#primaryimage\",\"url\":\"https:\/\/detailspot.lt\/wp-content\/uploads\/2022\/12\/carpro-reflect-super-fine-polish-1.jpg\",\"contentUrl\":\"https:\/\/detailspot.lt\/wp-content\/uploads\/2022\/12\/carpro-reflect-super-fine-polish-1.jpg\",\"width\":1188,\"height\":1188},{\"@type\":\"BreadcrumbList\",\"@id\":\"https:\/\/detailspot.lt\/en\/produktas\/carpro-reflect-super-fine-polish\/#breadcrumb\",\"itemListElement\":[{\"@type\":\"ListItem\",\"position\":1,\"name\":\"Home\",\"item\":\"https:\/\/detailspot.lt\/en\/\"},{\"@type\":\"ListItem\",\"position\":2,\"name\":\"Shop\",\"item\":\"https:\/\/detailspot.lt\/en\/parduotuve\/\"},{\"@type\":\"ListItem\",\"position\":3,\"name\":\"CarPro Reflect Super Fine Polish\"}]},{\"@type\":\"WebSite\",\"@id\":\"https:\/\/detailspot.lt\/#website\",\"url\":\"https:\/\/detailspot.lt\/\",\"name\":\"Detail Spot\",\"description\":\"Automobili\u0173 prie\u017ei\u016bros priemon\u0117s\",\"publisher\":{\"@id\":\"https:\/\/detailspot.lt\/#organization\"},\"potentialAction\":[{\"@type\":\"SearchAction\",\"target\":{\"@type\":\"EntryPoint\",\"urlTemplate\":\"https:\/\/detailspot.lt\/?s={search_term_string}\"},\"query-input\":{\"@type\":\"PropertyValueSpecification\",\"valueRequired\":true,\"valueName\":\"search_term_string\"}}],\"inLanguage\":\"en-US\"},{\"@type\":\"Organization\",\"@id\":\"https:\/\/detailspot.lt\/#organization\",\"name\":\"Detail Spot\",\"url\":\"https:\/\/detailspot.lt\/\",\"logo\":{\"@type\":\"ImageObject\",\"inLanguage\":\"en-US\",\"@id\":\"https:\/\/detailspot.lt\/#\/schema\/logo\/image\/\",\"url\":\"https:\/\/detailspot.lt\/wp-content\/uploads\/2022\/10\/logo-original.svg\",\"contentUrl\":\"https:\/\/detailspot.lt\/wp-content\/uploads\/2022\/10\/logo-original.svg\",\"width\":1,\"height\":1,\"caption\":\"Detail Spot\"},\"image\":{\"@id\":\"https:\/\/detailspot.lt\/#\/schema\/logo\/image\/\"},\"sameAs\":[\"https:\/\/www.facebook.com\/profile.php?id=100039208338156\"]}]}<\/script>\n<!-- \/ Yoast SEO plugin. -->","yoast_head_json":{"title":"CarPro Reflect Super Fine Polish - Detail Spot","description":"CarPro Reflect Super Fine Polish The fast-dissolving abrasives achieve a maximum level of gloss before the application of protective coatings.","robots":{"index":"index","follow":"follow","max-snippet":"max-snippet:-1","max-image-preview":"max-image-preview:large","max-video-preview":"max-video-preview:-1"},"canonical":"https:\/\/detailspot.lt\/en\/produktas\/carpro-reflect-super-fine-polish\/","og_locale":"en_US","og_type":"article","og_title":"CarPro Reflect Super Fine Polish - Detail Spot","og_description":"CarPro Reflect Super Fine Polish The fast-dissolving abrasives achieve a maximum level of gloss before the application of protective coatings.","og_url":"https:\/\/detailspot.lt\/en\/produktas\/carpro-reflect-super-fine-polish\/","og_site_name":"Detail Spot","article_publisher":"https:\/\/www.facebook.com\/profile.php?id=100039208338156","og_image":[{"width":1188,"height":1188,"url":"https:\/\/detailspot.lt\/wp-content\/uploads\/2022\/12\/carpro-reflect-super-fine-polish-1.jpg","type":"image\/jpeg"}],"twitter_card":"summary_large_image","schema":{"@context":"https:\/\/schema.org","@graph":[{"@type":"WebPage","@id":"https:\/\/detailspot.lt\/en\/produktas\/carpro-reflect-super-fine-polish\/","url":"https:\/\/detailspot.lt\/en\/produktas\/carpro-reflect-super-fine-polish\/","name":"CarPro Reflect Super Fine Polish - Detail Spot","isPartOf":{"@id":"https:\/\/detailspot.lt\/#website"},"primaryImageOfPage":{"@id":"https:\/\/detailspot.lt\/en\/produktas\/carpro-reflect-super-fine-polish\/#primaryimage"},"image":{"@id":"https:\/\/detailspot.lt\/en\/produktas\/carpro-reflect-super-fine-polish\/#primaryimage"},"thumbnailUrl":"https:\/\/detailspot.lt\/wp-content\/uploads\/2022\/12\/carpro-reflect-super-fine-polish-1.jpg","datePublished":"2022-12-02T13:14:49+00:00","description":"CarPro Reflect Super Fine Polish The fast-dissolving abrasives achieve a maximum level of gloss before the application of protective coatings.","breadcrumb":{"@id":"https:\/\/detailspot.lt\/en\/produktas\/carpro-reflect-super-fine-polish\/#breadcrumb"},"inLanguage":"en-US","potentialAction":[{"@type":"ReadAction","target":["https:\/\/detailspot.lt\/en\/produktas\/carpro-reflect-super-fine-polish\/"]}]},{"@type":"ImageObject","inLanguage":"en-US","@id":"https:\/\/detailspot.lt\/en\/produktas\/carpro-reflect-super-fine-polish\/#primaryimage","url":"https:\/\/detailspot.lt\/wp-content\/uploads\/2022\/12\/carpro-reflect-super-fine-polish-1.jpg","contentUrl":"https:\/\/detailspot.lt\/wp-content\/uploads\/2022\/12\/carpro-reflect-super-fine-polish-1.jpg","width":1188,"height":1188},{"@type":"BreadcrumbList","@id":"https:\/\/detailspot.lt\/en\/produktas\/carpro-reflect-super-fine-polish\/#breadcrumb","itemListElement":[{"@type":"ListItem","position":1,"name":"Home","item":"https:\/\/detailspot.lt\/en\/"},{"@type":"ListItem","position":2,"name":"Shop","item":"https:\/\/detailspot.lt\/en\/parduotuve\/"},{"@type":"ListItem","position":3,"name":"CarPro Reflect Super Fine Polish"}]},{"@type":"WebSite","@id":"https:\/\/detailspot.lt\/#website","url":"https:\/\/detailspot.lt\/","name":"Detail Spot","description":"Automobili\u0173 prie\u017ei\u016bros priemon\u0117s","publisher":{"@id":"https:\/\/detailspot.lt\/#organization"},"potentialAction":[{"@type":"SearchAction","target":{"@type":"EntryPoint","urlTemplate":"https:\/\/detailspot.lt\/?s={search_term_string}"},"query-input":{"@type":"PropertyValueSpecification","valueRequired":true,"valueName":"search_term_string"}}],"inLanguage":"en-US"},{"@type":"Organization","@id":"https:\/\/detailspot.lt\/#organization","name":"Detail Spot","url":"https:\/\/detailspot.lt\/","logo":{"@type":"ImageObject","inLanguage":"en-US","@id":"https:\/\/detailspot.lt\/#\/schema\/logo\/image\/","url":"https:\/\/detailspot.lt\/wp-content\/uploads\/2022\/10\/logo-original.svg","contentUrl":"https:\/\/detailspot.lt\/wp-content\/uploads\/2022\/10\/logo-original.svg","width":1,"height":1,"caption":"Detail Spot"},"image":{"@id":"https:\/\/detailspot.lt\/#\/schema\/logo\/image\/"},"sameAs":["https:\/\/www.facebook.com\/profile.php?id=100039208338156"]}]}},"_links":{"self":[{"href":"https:\/\/detailspot.lt\/en\/wp-json\/wp\/v2\/product\/7283","targetHints":{"allow":["GET"]}}],"collection":[{"href":"https:\/\/detailspot.lt\/en\/wp-json\/wp\/v2\/product"}],"about":[{"href":"https:\/\/detailspot.lt\/en\/wp-json\/wp\/v2\/types\/product"}],"replies":[{"embeddable":true,"href":"https:\/\/detailspot.lt\/en\/wp-json\/wp\/v2\/comments?post=7283"}],"wp:featuredmedia":[{"embeddable":true,"href":"https:\/\/detailspot.lt\/en\/wp-json\/wp\/v2\/media\/4008"}],"wp:attachment":[{"href":"https:\/\/detailspot.lt\/en\/wp-json\/wp\/v2\/media?parent=7283"}],"wp:term":[{"taxonomy":"product_brand","embeddable":true,"href":"https:\/\/detailspot.lt\/en\/wp-json\/wp\/v2\/product_brand?post=7283"},{"taxonomy":"product_cat","embeddable":true,"href":"https:\/\/detailspot.lt\/en\/wp-json\/wp\/v2\/product_cat?post=7283"},{"taxonomy":"product_tag","embeddable":true,"href":"https:\/\/detailspot.lt\/en\/wp-json\/wp\/v2\/product_tag?post=7283"}],"curies":[{"name":"wp","href":"https:\/\/api.w.org\/{rel}","templated":true}]}}