{"id":7264,"date":"2022-12-02T15:14:56","date_gmt":"2022-12-02T13:14:56","guid":{"rendered":"https:\/\/detailspot.lt\/produktas\/carpro-fabric-coat-hydrophobic-coating-for-textiles\/"},"modified":"2022-12-02T15:14:56","modified_gmt":"2022-12-02T13:14:56","slug":"carpro-fabric-coat-hydrophobic-coating-for-textiles","status":"publish","type":"product","link":"https:\/\/detailspot.lt\/en\/produktas\/carpro-fabric-coat-hydrophobic-coating-for-textiles\/","title":{"rendered":"CarPro Fabric Coat Hydrophobic coating for textiles"},"content":{"rendered":"<p><strong>CarPro Fabric Coat<\/strong> &#8211; A protective coating for textiles, leather, alcantara or convertible tops. The coating lasts 6-12 months on surfaces.<\/p>\n<p><strong>Characteristics:<\/strong><\/p>\n<ol>\n<li>Can protect: textiles, leather, alcantara, convertible roofing, nubuck<\/li>\n<li>Water and mud repellency<\/li>\n<li>1-layer protection<\/li>\n<li>Translucent layer, does not alter the surface texture<\/li>\n<li>Protection against UV radiation<\/li>\n<\/ol>\n<p><strong>Technical features:<\/strong><\/p>\n<p>Protection: 6-12 months<\/p>\n<ol>\n<li>Yield: 75-90 ml\/m2<\/li>\n<li>Curing time: 24h<\/li>\n<\/ol>\n<p style=\"text-align: center;\"><img loading=\"lazy\" decoding=\"async\" class=\"alignnone size-medium wp-image-1094\" src=\"https:\/\/detailspot.lt\/wp-content\/uploads\/2022\/11\/Carpro_Logo-e1669668109412-300x62.png\" alt=\"\" width=\"300\" height=\"62\" srcset=\"https:\/\/detailspot.lt\/wp-content\/uploads\/2022\/11\/Carpro_Logo-e1669668109412-300x62.png 300w, https:\/\/detailspot.lt\/wp-content\/uploads\/2022\/11\/Carpro_Logo-e1669668109412-768x160.png 768w, https:\/\/detailspot.lt\/wp-content\/uploads\/2022\/11\/Carpro_Logo-e1669668109412-600x125.png 600w, https:\/\/detailspot.lt\/wp-content\/uploads\/2022\/11\/Carpro_Logo-e1669668109412-64x13.png 64w, https:\/\/detailspot.lt\/wp-content\/uploads\/2022\/11\/Carpro_Logo-e1669668109412.png 1000w\" sizes=\"auto, (max-width: 300px) 100vw, 300px\" \/><\/p>\n","protected":false},"excerpt":{"rendered":"<p>CarPro Fabric Coat &#8211; A protective coating for textiles, leather, alcantara or convertible tops. The coating lasts 6-12 months on surfaces. Characteristics: Can protect: textiles, leather, alcantara, convertible roofing, nubuck Water and mud repellency 1-layer protection Translucent layer, does not alter the surface texture Protection against UV radiation Technical features: Protection: 6-12 months Yield: 75-90&hellip;<\/p>\n","protected":false},"featured_media":3867,"comment_status":"closed","ping_status":"closed","template":"","meta":[],"product_brand":[],"product_cat":[165,168],"product_tag":[],"class_list":{"0":"post-7264","1":"product","2":"type-product","3":"status-publish","4":"has-post-thumbnail","6":"product_cat-interior","7":"product_cat-plastics-and-textiles","8":"description-off","10":"first","11":"instock","12":"taxable","13":"shipping-taxable","14":"purchasable","15":"product-type-variable"},"yoast_head":"<!-- This site is optimized with the Yoast SEO plugin v27.3 - https:\/\/yoast.com\/product\/yoast-seo-wordpress\/ -->\n<title>CarPro Fabric Coat Hydrophobic coating for textiles - Detail Spot<\/title>\n<meta name=\"robots\" content=\"index, follow, max-snippet:-1, max-image-preview:large, max-video-preview:-1\" \/>\n<link rel=\"canonical\" href=\"https:\/\/detailspot.lt\/produktas\/carpro-fabric-coat-hydrophobic-coating-for-textiles\/\" \/>\n<meta property=\"og:locale\" content=\"en_US\" \/>\n<meta property=\"og:type\" content=\"article\" \/>\n<meta property=\"og:title\" content=\"CarPro Fabric Coat Hydrophobic coating for textiles - Detail Spot\" \/>\n<meta property=\"og:description\" content=\"CarPro Fabric Coat &#8211; A protective coating for textiles, leather, alcantara or convertible tops. The coating lasts 6-12 months on surfaces. Characteristics: Can protect: textiles, leather, alcantara, convertible roofing, nubuck Water and mud repellency 1-layer protection Translucent layer, does not alter the surface texture Protection against UV radiation Technical features: Protection: 6-12 months Yield: 75-90&hellip;\" \/>\n<meta property=\"og:url\" content=\"https:\/\/detailspot.lt\/produktas\/carpro-fabric-coat-hydrophobic-coating-for-textiles\/\" \/>\n<meta property=\"og:site_name\" content=\"Detail Spot\" \/>\n<meta property=\"article:publisher\" content=\"https:\/\/www.facebook.com\/profile.php?id=100039208338156\" \/>\n<meta property=\"og:image\" content=\"https:\/\/detailspot.lt\/wp-content\/uploads\/2022\/11\/Carpro_Logo-e1669668109412-300x62.png\" \/>\n<meta name=\"twitter:card\" content=\"summary_large_image\" \/>\n<script type=\"application\/ld+json\" class=\"yoast-schema-graph\">{\"@context\":\"https:\\\/\\\/schema.org\",\"@graph\":[{\"@type\":\"WebPage\",\"@id\":\"https:\\\/\\\/detailspot.lt\\\/produktas\\\/carpro-fabric-coat-hydrophobic-coating-for-textiles\\\/\",\"url\":\"https:\\\/\\\/detailspot.lt\\\/produktas\\\/carpro-fabric-coat-hydrophobic-coating-for-textiles\\\/\",\"name\":\"CarPro Fabric Coat Hydrophobic coating for textiles - Detail Spot\",\"isPartOf\":{\"@id\":\"https:\\\/\\\/detailspot.lt\\\/#website\"},\"primaryImageOfPage\":{\"@id\":\"https:\\\/\\\/detailspot.lt\\\/produktas\\\/carpro-fabric-coat-hydrophobic-coating-for-textiles\\\/#primaryimage\"},\"image\":{\"@id\":\"https:\\\/\\\/detailspot.lt\\\/produktas\\\/carpro-fabric-coat-hydrophobic-coating-for-textiles\\\/#primaryimage\"},\"thumbnailUrl\":\"https:\\\/\\\/detailspot.lt\\\/wp-content\\\/uploads\\\/2022\\\/12\\\/fx-protect-fabric-care-hidrofobine-danga-tekstilei-kopija-1.png\",\"datePublished\":\"2022-12-02T13:14:56+00:00\",\"breadcrumb\":{\"@id\":\"https:\\\/\\\/detailspot.lt\\\/produktas\\\/carpro-fabric-coat-hydrophobic-coating-for-textiles\\\/#breadcrumb\"},\"inLanguage\":\"en-US\",\"potentialAction\":[{\"@type\":\"ReadAction\",\"target\":[\"https:\\\/\\\/detailspot.lt\\\/produktas\\\/carpro-fabric-coat-hydrophobic-coating-for-textiles\\\/\"]}]},{\"@type\":\"ImageObject\",\"inLanguage\":\"en-US\",\"@id\":\"https:\\\/\\\/detailspot.lt\\\/produktas\\\/carpro-fabric-coat-hydrophobic-coating-for-textiles\\\/#primaryimage\",\"url\":\"https:\\\/\\\/detailspot.lt\\\/wp-content\\\/uploads\\\/2022\\\/12\\\/fx-protect-fabric-care-hidrofobine-danga-tekstilei-kopija-1.png\",\"contentUrl\":\"https:\\\/\\\/detailspot.lt\\\/wp-content\\\/uploads\\\/2022\\\/12\\\/fx-protect-fabric-care-hidrofobine-danga-tekstilei-kopija-1.png\",\"width\":892,\"height\":892},{\"@type\":\"BreadcrumbList\",\"@id\":\"https:\\\/\\\/detailspot.lt\\\/produktas\\\/carpro-fabric-coat-hydrophobic-coating-for-textiles\\\/#breadcrumb\",\"itemListElement\":[{\"@type\":\"ListItem\",\"position\":1,\"name\":\"Home\",\"item\":\"https:\\\/\\\/detailspot.lt\\\/en\\\/\"},{\"@type\":\"ListItem\",\"position\":2,\"name\":\"Shop\",\"item\":\"https:\\\/\\\/detailspot.lt\\\/en\\\/parduotuve\\\/\"},{\"@type\":\"ListItem\",\"position\":3,\"name\":\"CarPro Fabric Coat Hydrophobic coating for textiles\"}]},{\"@type\":\"WebSite\",\"@id\":\"https:\\\/\\\/detailspot.lt\\\/#website\",\"url\":\"https:\\\/\\\/detailspot.lt\\\/\",\"name\":\"Detail Spot\",\"description\":\"Automobili\u0173 prie\u017ei\u016bros priemon\u0117s\",\"publisher\":{\"@id\":\"https:\\\/\\\/detailspot.lt\\\/#organization\"},\"potentialAction\":[{\"@type\":\"SearchAction\",\"target\":{\"@type\":\"EntryPoint\",\"urlTemplate\":\"https:\\\/\\\/detailspot.lt\\\/?s={search_term_string}\"},\"query-input\":{\"@type\":\"PropertyValueSpecification\",\"valueRequired\":true,\"valueName\":\"search_term_string\"}}],\"inLanguage\":\"en-US\"},{\"@type\":\"Organization\",\"@id\":\"https:\\\/\\\/detailspot.lt\\\/#organization\",\"name\":\"Detail Spot\",\"url\":\"https:\\\/\\\/detailspot.lt\\\/\",\"logo\":{\"@type\":\"ImageObject\",\"inLanguage\":\"en-US\",\"@id\":\"https:\\\/\\\/detailspot.lt\\\/#\\\/schema\\\/logo\\\/image\\\/\",\"url\":\"https:\\\/\\\/detailspot.lt\\\/wp-content\\\/uploads\\\/2022\\\/10\\\/logo-original.svg\",\"contentUrl\":\"https:\\\/\\\/detailspot.lt\\\/wp-content\\\/uploads\\\/2022\\\/10\\\/logo-original.svg\",\"width\":1,\"height\":1,\"caption\":\"Detail Spot\"},\"image\":{\"@id\":\"https:\\\/\\\/detailspot.lt\\\/#\\\/schema\\\/logo\\\/image\\\/\"},\"sameAs\":[\"https:\\\/\\\/www.facebook.com\\\/profile.php?id=100039208338156\"]}]}<\/script>\n<!-- \/ Yoast SEO plugin. -->","yoast_head_json":{"title":"CarPro Fabric Coat Hydrophobic coating for textiles - Detail Spot","robots":{"index":"index","follow":"follow","max-snippet":"max-snippet:-1","max-image-preview":"max-image-preview:large","max-video-preview":"max-video-preview:-1"},"canonical":"https:\/\/detailspot.lt\/produktas\/carpro-fabric-coat-hydrophobic-coating-for-textiles\/","og_locale":"en_US","og_type":"article","og_title":"CarPro Fabric Coat Hydrophobic coating for textiles - Detail Spot","og_description":"CarPro Fabric Coat &#8211; A protective coating for textiles, leather, alcantara or convertible tops. The coating lasts 6-12 months on surfaces. Characteristics: Can protect: textiles, leather, alcantara, convertible roofing, nubuck Water and mud repellency 1-layer protection Translucent layer, does not alter the surface texture Protection against UV radiation Technical features: Protection: 6-12 months Yield: 75-90&hellip;","og_url":"https:\/\/detailspot.lt\/produktas\/carpro-fabric-coat-hydrophobic-coating-for-textiles\/","og_site_name":"Detail Spot","article_publisher":"https:\/\/www.facebook.com\/profile.php?id=100039208338156","og_image":[{"url":"https:\/\/detailspot.lt\/wp-content\/uploads\/2022\/11\/Carpro_Logo-e1669668109412-300x62.png","type":"","width":"","height":""}],"twitter_card":"summary_large_image","schema":{"@context":"https:\/\/schema.org","@graph":[{"@type":"WebPage","@id":"https:\/\/detailspot.lt\/produktas\/carpro-fabric-coat-hydrophobic-coating-for-textiles\/","url":"https:\/\/detailspot.lt\/produktas\/carpro-fabric-coat-hydrophobic-coating-for-textiles\/","name":"CarPro Fabric Coat Hydrophobic coating for textiles - Detail Spot","isPartOf":{"@id":"https:\/\/detailspot.lt\/#website"},"primaryImageOfPage":{"@id":"https:\/\/detailspot.lt\/produktas\/carpro-fabric-coat-hydrophobic-coating-for-textiles\/#primaryimage"},"image":{"@id":"https:\/\/detailspot.lt\/produktas\/carpro-fabric-coat-hydrophobic-coating-for-textiles\/#primaryimage"},"thumbnailUrl":"https:\/\/detailspot.lt\/wp-content\/uploads\/2022\/12\/fx-protect-fabric-care-hidrofobine-danga-tekstilei-kopija-1.png","datePublished":"2022-12-02T13:14:56+00:00","breadcrumb":{"@id":"https:\/\/detailspot.lt\/produktas\/carpro-fabric-coat-hydrophobic-coating-for-textiles\/#breadcrumb"},"inLanguage":"en-US","potentialAction":[{"@type":"ReadAction","target":["https:\/\/detailspot.lt\/produktas\/carpro-fabric-coat-hydrophobic-coating-for-textiles\/"]}]},{"@type":"ImageObject","inLanguage":"en-US","@id":"https:\/\/detailspot.lt\/produktas\/carpro-fabric-coat-hydrophobic-coating-for-textiles\/#primaryimage","url":"https:\/\/detailspot.lt\/wp-content\/uploads\/2022\/12\/fx-protect-fabric-care-hidrofobine-danga-tekstilei-kopija-1.png","contentUrl":"https:\/\/detailspot.lt\/wp-content\/uploads\/2022\/12\/fx-protect-fabric-care-hidrofobine-danga-tekstilei-kopija-1.png","width":892,"height":892},{"@type":"BreadcrumbList","@id":"https:\/\/detailspot.lt\/produktas\/carpro-fabric-coat-hydrophobic-coating-for-textiles\/#breadcrumb","itemListElement":[{"@type":"ListItem","position":1,"name":"Home","item":"https:\/\/detailspot.lt\/en\/"},{"@type":"ListItem","position":2,"name":"Shop","item":"https:\/\/detailspot.lt\/en\/parduotuve\/"},{"@type":"ListItem","position":3,"name":"CarPro Fabric Coat Hydrophobic coating for textiles"}]},{"@type":"WebSite","@id":"https:\/\/detailspot.lt\/#website","url":"https:\/\/detailspot.lt\/","name":"Detail Spot","description":"Automobili\u0173 prie\u017ei\u016bros priemon\u0117s","publisher":{"@id":"https:\/\/detailspot.lt\/#organization"},"potentialAction":[{"@type":"SearchAction","target":{"@type":"EntryPoint","urlTemplate":"https:\/\/detailspot.lt\/?s={search_term_string}"},"query-input":{"@type":"PropertyValueSpecification","valueRequired":true,"valueName":"search_term_string"}}],"inLanguage":"en-US"},{"@type":"Organization","@id":"https:\/\/detailspot.lt\/#organization","name":"Detail Spot","url":"https:\/\/detailspot.lt\/","logo":{"@type":"ImageObject","inLanguage":"en-US","@id":"https:\/\/detailspot.lt\/#\/schema\/logo\/image\/","url":"https:\/\/detailspot.lt\/wp-content\/uploads\/2022\/10\/logo-original.svg","contentUrl":"https:\/\/detailspot.lt\/wp-content\/uploads\/2022\/10\/logo-original.svg","width":1,"height":1,"caption":"Detail Spot"},"image":{"@id":"https:\/\/detailspot.lt\/#\/schema\/logo\/image\/"},"sameAs":["https:\/\/www.facebook.com\/profile.php?id=100039208338156"]}]}},"_links":{"self":[{"href":"https:\/\/detailspot.lt\/en\/wp-json\/wp\/v2\/product\/7264","targetHints":{"allow":["GET"]}}],"collection":[{"href":"https:\/\/detailspot.lt\/en\/wp-json\/wp\/v2\/product"}],"about":[{"href":"https:\/\/detailspot.lt\/en\/wp-json\/wp\/v2\/types\/product"}],"replies":[{"embeddable":true,"href":"https:\/\/detailspot.lt\/en\/wp-json\/wp\/v2\/comments?post=7264"}],"wp:featuredmedia":[{"embeddable":true,"href":"https:\/\/detailspot.lt\/en\/wp-json\/wp\/v2\/media\/3867"}],"wp:attachment":[{"href":"https:\/\/detailspot.lt\/en\/wp-json\/wp\/v2\/media?parent=7264"}],"wp:term":[{"taxonomy":"product_brand","embeddable":true,"href":"https:\/\/detailspot.lt\/en\/wp-json\/wp\/v2\/product_brand?post=7264"},{"taxonomy":"product_cat","embeddable":true,"href":"https:\/\/detailspot.lt\/en\/wp-json\/wp\/v2\/product_cat?post=7264"},{"taxonomy":"product_tag","embeddable":true,"href":"https:\/\/detailspot.lt\/en\/wp-json\/wp\/v2\/product_tag?post=7264"}],"curies":[{"name":"wp","href":"https:\/\/api.w.org\/{rel}","templated":true}]}}