{"id":7247,"date":"2022-12-02T15:14:41","date_gmt":"2022-12-02T13:14:41","guid":{"rendered":"https:\/\/detailspot.lt\/produktas\/bilt-hamber-automotive-clay\/"},"modified":"2022-12-02T15:14:41","modified_gmt":"2022-12-02T13:14:41","slug":"bilt-hamber-automotive-clay","status":"publish","type":"product","link":"https:\/\/detailspot.lt\/en\/produktas\/bilt-hamber-automotive-clay\/","title":{"rendered":"Bilt Hamber Automotive clay"},"content":{"rendered":"<p><strong>Bilt Hamber Auto Clay<\/strong> &#8211; automotive clay is designed to remove road grime, tar, metal dust that creates surface roughness. This is an essential step before applying the protective layer to achieve its maximum effect.<\/p>\n<p><strong>Option:<\/strong><\/p>\n<ol>\n<li>200 g. Soft<\/li>\n<li>200g. Medium<\/li>\n<li>200g. Hard<\/li>\n<\/ol>\n<p><strong>Application:<br \/>\n<\/strong><\/p>\n<ol>\n<li>Break off 1\/5 of the clay<\/li>\n<li>Knead well to form a half-palm &#8220;pancake&#8221;<\/li>\n<li>Swipe in straight lines on the surface using the special. liquid, e.g. <a href=\"https:\/\/detailspot.lt\/produktas\/carpro-immolube-lubrikantas\/\">Car Pro Immolube<\/a> shampoo water, spray wax or Quick detailer fluid<\/li>\n<li>Once the clay is loose &#8211; knead and hide the dirt and continue working<\/li>\n<\/ol>\n<p>&nbsp;<\/p>\n<p>&nbsp;<\/p>\n<p style=\"text-align: center;\">\n","protected":false},"excerpt":{"rendered":"<p>Bilt Hamber Auto Clay &#8211; automotive clay is designed to remove road grime, tar, metal dust that creates surface roughness. This is an essential step before applying the protective layer to achieve its maximum effect. Option: 200 g. Soft 200g. Medium 200g. Hard Application: Break off 1\/5 of the clay Knead well to form a&hellip;<\/p>\n","protected":false},"featured_media":3797,"comment_status":"closed","ping_status":"closed","template":"","meta":[],"product_brand":[],"product_cat":[162],"product_tag":[],"class_list":{"0":"post-7247","1":"product","2":"type-product","3":"status-publish","4":"has-post-thumbnail","6":"product_cat-surface-preparation","7":"description-off","9":"first","10":"instock","11":"taxable","12":"shipping-taxable","13":"purchasable","14":"product-type-variable"},"yoast_head":"<!-- This site is optimized with the Yoast SEO plugin v27.2 - https:\/\/yoast.com\/product\/yoast-seo-wordpress\/ -->\n<title>Bilt Hamber Automotive clay<\/title>\n<meta name=\"description\" content=\"Bilt Hamber automotive clay is designed to remove road grime, tar, metal dust that creates surface roughness.\" \/>\n<meta name=\"robots\" content=\"index, follow, max-snippet:-1, max-image-preview:large, max-video-preview:-1\" \/>\n<link rel=\"canonical\" href=\"https:\/\/detailspot.lt\/en\/produktas\/bilt-hamber-automotive-clay\/\" \/>\n<meta property=\"og:locale\" content=\"en_US\" \/>\n<meta property=\"og:type\" content=\"article\" \/>\n<meta property=\"og:title\" content=\"Bilt Hamber Automotive clay\" \/>\n<meta property=\"og:description\" content=\"Bilt Hamber automotive clay is designed to remove road grime, tar, metal dust that creates surface roughness.\" \/>\n<meta property=\"og:url\" content=\"https:\/\/detailspot.lt\/en\/produktas\/bilt-hamber-automotive-clay\/\" \/>\n<meta property=\"og:site_name\" content=\"Detail Spot\" \/>\n<meta property=\"article:publisher\" content=\"https:\/\/www.facebook.com\/profile.php?id=100039208338156\" \/>\n<meta property=\"og:image\" content=\"https:\/\/detailspot.lt\/wp-content\/uploads\/2022\/12\/bilt-hamber-auto-clay-soft-2-1.jpg\" \/>\n\t<meta property=\"og:image:width\" content=\"593\" \/>\n\t<meta property=\"og:image:height\" content=\"593\" \/>\n\t<meta property=\"og:image:type\" content=\"image\/jpeg\" \/>\n<meta name=\"twitter:card\" content=\"summary_large_image\" \/>\n<script type=\"application\/ld+json\" class=\"yoast-schema-graph\">{\"@context\":\"https:\/\/schema.org\",\"@graph\":[{\"@type\":\"WebPage\",\"@id\":\"https:\/\/detailspot.lt\/en\/produktas\/bilt-hamber-automotive-clay\/\",\"url\":\"https:\/\/detailspot.lt\/en\/produktas\/bilt-hamber-automotive-clay\/\",\"name\":\"Bilt Hamber Automotive clay\",\"isPartOf\":{\"@id\":\"https:\/\/detailspot.lt\/#website\"},\"primaryImageOfPage\":{\"@id\":\"https:\/\/detailspot.lt\/en\/produktas\/bilt-hamber-automotive-clay\/#primaryimage\"},\"image\":{\"@id\":\"https:\/\/detailspot.lt\/en\/produktas\/bilt-hamber-automotive-clay\/#primaryimage\"},\"thumbnailUrl\":\"https:\/\/detailspot.lt\/wp-content\/uploads\/2022\/12\/bilt-hamber-auto-clay-soft-2-1.jpg\",\"datePublished\":\"2022-12-02T13:14:41+00:00\",\"description\":\"Bilt Hamber automotive clay is designed to remove road grime, tar, metal dust that creates surface roughness.\",\"breadcrumb\":{\"@id\":\"https:\/\/detailspot.lt\/en\/produktas\/bilt-hamber-automotive-clay\/#breadcrumb\"},\"inLanguage\":\"en-US\",\"potentialAction\":[{\"@type\":\"ReadAction\",\"target\":[\"https:\/\/detailspot.lt\/en\/produktas\/bilt-hamber-automotive-clay\/\"]}]},{\"@type\":\"ImageObject\",\"inLanguage\":\"en-US\",\"@id\":\"https:\/\/detailspot.lt\/en\/produktas\/bilt-hamber-automotive-clay\/#primaryimage\",\"url\":\"https:\/\/detailspot.lt\/wp-content\/uploads\/2022\/12\/bilt-hamber-auto-clay-soft-2-1.jpg\",\"contentUrl\":\"https:\/\/detailspot.lt\/wp-content\/uploads\/2022\/12\/bilt-hamber-auto-clay-soft-2-1.jpg\",\"width\":593,\"height\":593},{\"@type\":\"BreadcrumbList\",\"@id\":\"https:\/\/detailspot.lt\/en\/produktas\/bilt-hamber-automotive-clay\/#breadcrumb\",\"itemListElement\":[{\"@type\":\"ListItem\",\"position\":1,\"name\":\"Home\",\"item\":\"https:\/\/detailspot.lt\/en\/\"},{\"@type\":\"ListItem\",\"position\":2,\"name\":\"Shop\",\"item\":\"https:\/\/detailspot.lt\/en\/parduotuve\/\"},{\"@type\":\"ListItem\",\"position\":3,\"name\":\"Bilt Hamber Automotive clay\"}]},{\"@type\":\"WebSite\",\"@id\":\"https:\/\/detailspot.lt\/#website\",\"url\":\"https:\/\/detailspot.lt\/\",\"name\":\"Detail Spot\",\"description\":\"Automobili\u0173 prie\u017ei\u016bros priemon\u0117s\",\"publisher\":{\"@id\":\"https:\/\/detailspot.lt\/#organization\"},\"potentialAction\":[{\"@type\":\"SearchAction\",\"target\":{\"@type\":\"EntryPoint\",\"urlTemplate\":\"https:\/\/detailspot.lt\/?s={search_term_string}\"},\"query-input\":{\"@type\":\"PropertyValueSpecification\",\"valueRequired\":true,\"valueName\":\"search_term_string\"}}],\"inLanguage\":\"en-US\"},{\"@type\":\"Organization\",\"@id\":\"https:\/\/detailspot.lt\/#organization\",\"name\":\"Detail Spot\",\"url\":\"https:\/\/detailspot.lt\/\",\"logo\":{\"@type\":\"ImageObject\",\"inLanguage\":\"en-US\",\"@id\":\"https:\/\/detailspot.lt\/#\/schema\/logo\/image\/\",\"url\":\"https:\/\/detailspot.lt\/wp-content\/uploads\/2022\/10\/logo-original.svg\",\"contentUrl\":\"https:\/\/detailspot.lt\/wp-content\/uploads\/2022\/10\/logo-original.svg\",\"width\":1,\"height\":1,\"caption\":\"Detail Spot\"},\"image\":{\"@id\":\"https:\/\/detailspot.lt\/#\/schema\/logo\/image\/\"},\"sameAs\":[\"https:\/\/www.facebook.com\/profile.php?id=100039208338156\"]}]}<\/script>\n<!-- \/ Yoast SEO plugin. -->","yoast_head_json":{"title":"Bilt Hamber Automotive clay","description":"Bilt Hamber automotive clay is designed to remove road grime, tar, metal dust that creates surface roughness.","robots":{"index":"index","follow":"follow","max-snippet":"max-snippet:-1","max-image-preview":"max-image-preview:large","max-video-preview":"max-video-preview:-1"},"canonical":"https:\/\/detailspot.lt\/en\/produktas\/bilt-hamber-automotive-clay\/","og_locale":"en_US","og_type":"article","og_title":"Bilt Hamber Automotive clay","og_description":"Bilt Hamber automotive clay is designed to remove road grime, tar, metal dust that creates surface roughness.","og_url":"https:\/\/detailspot.lt\/en\/produktas\/bilt-hamber-automotive-clay\/","og_site_name":"Detail Spot","article_publisher":"https:\/\/www.facebook.com\/profile.php?id=100039208338156","og_image":[{"width":593,"height":593,"url":"https:\/\/detailspot.lt\/wp-content\/uploads\/2022\/12\/bilt-hamber-auto-clay-soft-2-1.jpg","type":"image\/jpeg"}],"twitter_card":"summary_large_image","schema":{"@context":"https:\/\/schema.org","@graph":[{"@type":"WebPage","@id":"https:\/\/detailspot.lt\/en\/produktas\/bilt-hamber-automotive-clay\/","url":"https:\/\/detailspot.lt\/en\/produktas\/bilt-hamber-automotive-clay\/","name":"Bilt Hamber Automotive clay","isPartOf":{"@id":"https:\/\/detailspot.lt\/#website"},"primaryImageOfPage":{"@id":"https:\/\/detailspot.lt\/en\/produktas\/bilt-hamber-automotive-clay\/#primaryimage"},"image":{"@id":"https:\/\/detailspot.lt\/en\/produktas\/bilt-hamber-automotive-clay\/#primaryimage"},"thumbnailUrl":"https:\/\/detailspot.lt\/wp-content\/uploads\/2022\/12\/bilt-hamber-auto-clay-soft-2-1.jpg","datePublished":"2022-12-02T13:14:41+00:00","description":"Bilt Hamber automotive clay is designed to remove road grime, tar, metal dust that creates surface roughness.","breadcrumb":{"@id":"https:\/\/detailspot.lt\/en\/produktas\/bilt-hamber-automotive-clay\/#breadcrumb"},"inLanguage":"en-US","potentialAction":[{"@type":"ReadAction","target":["https:\/\/detailspot.lt\/en\/produktas\/bilt-hamber-automotive-clay\/"]}]},{"@type":"ImageObject","inLanguage":"en-US","@id":"https:\/\/detailspot.lt\/en\/produktas\/bilt-hamber-automotive-clay\/#primaryimage","url":"https:\/\/detailspot.lt\/wp-content\/uploads\/2022\/12\/bilt-hamber-auto-clay-soft-2-1.jpg","contentUrl":"https:\/\/detailspot.lt\/wp-content\/uploads\/2022\/12\/bilt-hamber-auto-clay-soft-2-1.jpg","width":593,"height":593},{"@type":"BreadcrumbList","@id":"https:\/\/detailspot.lt\/en\/produktas\/bilt-hamber-automotive-clay\/#breadcrumb","itemListElement":[{"@type":"ListItem","position":1,"name":"Home","item":"https:\/\/detailspot.lt\/en\/"},{"@type":"ListItem","position":2,"name":"Shop","item":"https:\/\/detailspot.lt\/en\/parduotuve\/"},{"@type":"ListItem","position":3,"name":"Bilt Hamber Automotive clay"}]},{"@type":"WebSite","@id":"https:\/\/detailspot.lt\/#website","url":"https:\/\/detailspot.lt\/","name":"Detail Spot","description":"Automobili\u0173 prie\u017ei\u016bros priemon\u0117s","publisher":{"@id":"https:\/\/detailspot.lt\/#organization"},"potentialAction":[{"@type":"SearchAction","target":{"@type":"EntryPoint","urlTemplate":"https:\/\/detailspot.lt\/?s={search_term_string}"},"query-input":{"@type":"PropertyValueSpecification","valueRequired":true,"valueName":"search_term_string"}}],"inLanguage":"en-US"},{"@type":"Organization","@id":"https:\/\/detailspot.lt\/#organization","name":"Detail Spot","url":"https:\/\/detailspot.lt\/","logo":{"@type":"ImageObject","inLanguage":"en-US","@id":"https:\/\/detailspot.lt\/#\/schema\/logo\/image\/","url":"https:\/\/detailspot.lt\/wp-content\/uploads\/2022\/10\/logo-original.svg","contentUrl":"https:\/\/detailspot.lt\/wp-content\/uploads\/2022\/10\/logo-original.svg","width":1,"height":1,"caption":"Detail Spot"},"image":{"@id":"https:\/\/detailspot.lt\/#\/schema\/logo\/image\/"},"sameAs":["https:\/\/www.facebook.com\/profile.php?id=100039208338156"]}]}},"_links":{"self":[{"href":"https:\/\/detailspot.lt\/en\/wp-json\/wp\/v2\/product\/7247","targetHints":{"allow":["GET"]}}],"collection":[{"href":"https:\/\/detailspot.lt\/en\/wp-json\/wp\/v2\/product"}],"about":[{"href":"https:\/\/detailspot.lt\/en\/wp-json\/wp\/v2\/types\/product"}],"replies":[{"embeddable":true,"href":"https:\/\/detailspot.lt\/en\/wp-json\/wp\/v2\/comments?post=7247"}],"wp:featuredmedia":[{"embeddable":true,"href":"https:\/\/detailspot.lt\/en\/wp-json\/wp\/v2\/media\/3797"}],"wp:attachment":[{"href":"https:\/\/detailspot.lt\/en\/wp-json\/wp\/v2\/media?parent=7247"}],"wp:term":[{"taxonomy":"product_brand","embeddable":true,"href":"https:\/\/detailspot.lt\/en\/wp-json\/wp\/v2\/product_brand?post=7247"},{"taxonomy":"product_cat","embeddable":true,"href":"https:\/\/detailspot.lt\/en\/wp-json\/wp\/v2\/product_cat?post=7247"},{"taxonomy":"product_tag","embeddable":true,"href":"https:\/\/detailspot.lt\/en\/wp-json\/wp\/v2\/product_tag?post=7247"}],"curies":[{"name":"wp","href":"https:\/\/api.w.org\/{rel}","templated":true}]}}