{"id":7229,"date":"2022-12-02T15:14:39","date_gmt":"2022-12-02T13:14:39","guid":{"rendered":"https:\/\/detailspot.lt\/produktas\/soft99-authentic-premium-wax\/"},"modified":"2022-12-02T15:14:39","modified_gmt":"2022-12-02T13:14:39","slug":"soft99-authentic-premium-wax","status":"publish","type":"product","link":"https:\/\/detailspot.lt\/en\/produktas\/soft99-authentic-premium-wax\/","title":{"rendered":"Soft99 Authentic Premium Wax"},"content":{"rendered":"<p><strong>Soft99 Authentic Premium<\/strong> is a unique wax made with only the highest quality ingredients and Carnauba wax. T<span lang=\"en-us\">he product creates an exceptionally beautiful, translucent<\/span><span lang=\"en-us\" xml:lang=\"en-us\"> shine on your car. The product is well distributed on the surface without leaving any unevenness. <\/span><\/p>\n<p><strong><span lang=\"en-us\" xml:lang=\"en-us\">Application:<\/span><\/strong><\/p>\n<ol>\n<li>Wash and dry the car&#8217;<\/li>\n<li>Remove road tar, metal dust or other dirt;<\/li>\n<li>Apply the wax evenly and thinly with the applicator;<\/li>\n<li>As the wax starts to dry, rub and wipe the surface with a dry and soft microfibre cloth.<\/li>\n<\/ol>\n<p>&nbsp;<\/p>\n<p style=\"text-align: center;\"><img loading=\"lazy\" decoding=\"async\" class=\"alignnone size-medium wp-image-2051\" src=\"https:\/\/detailspot.lt\/wp-content\/uploads\/2022\/12\/soft99-logo-1-1-300x158.jpg\" alt=\"\" width=\"300\" height=\"158\" srcset=\"https:\/\/detailspot.lt\/wp-content\/uploads\/2022\/12\/soft99-logo-1-1-300x158.jpg 300w, https:\/\/detailspot.lt\/wp-content\/uploads\/2022\/12\/soft99-logo-1-1-1024x538.jpg 1024w, https:\/\/detailspot.lt\/wp-content\/uploads\/2022\/12\/soft99-logo-1-1-768x403.jpg 768w, https:\/\/detailspot.lt\/wp-content\/uploads\/2022\/12\/soft99-logo-1-1-600x315.jpg 600w, https:\/\/detailspot.lt\/wp-content\/uploads\/2022\/12\/soft99-logo-1-1-64x34.jpg 64w, https:\/\/detailspot.lt\/wp-content\/uploads\/2022\/12\/soft99-logo-1-1.jpg 1200w\" sizes=\"auto, (max-width: 300px) 100vw, 300px\" \/><\/p>\n","protected":false},"excerpt":{"rendered":"<p>Soft99 Authentic Premium is a unique wax made with only the highest quality ingredients and Carnauba wax. The product creates an exceptionally beautiful, translucent shine on your car. The product is well distributed on the surface without leaving any unevenness. Application: Wash and dry the car&#8217; Remove road tar, metal dust or other dirt; Apply&hellip;<\/p>\n","protected":false},"featured_media":3758,"comment_status":"closed","ping_status":"closed","template":"","meta":[],"product_brand":[],"product_cat":[160,178],"product_tag":[],"class_list":{"0":"post-7229","1":"product","2":"type-product","3":"status-publish","4":"has-post-thumbnail","6":"product_cat-exterior","7":"product_cat-waxes-and-conservatives","8":"description-off","10":"first","11":"instock","12":"taxable","13":"shipping-taxable","14":"purchasable","15":"product-type-simple"},"yoast_head":"<!-- This site is optimized with the Yoast SEO plugin v27.2 - https:\/\/yoast.com\/product\/yoast-seo-wordpress\/ -->\n<title>Soft99 Authentic Premium Wax - Detail Spot<\/title>\n<meta name=\"robots\" content=\"index, follow, max-snippet:-1, max-image-preview:large, max-video-preview:-1\" \/>\n<link rel=\"canonical\" href=\"https:\/\/detailspot.lt\/produktas\/soft99-authentic-premium-wax\/\" \/>\n<meta property=\"og:locale\" content=\"en_US\" \/>\n<meta property=\"og:type\" content=\"article\" \/>\n<meta property=\"og:title\" content=\"Soft99 Authentic Premium Wax - Detail Spot\" \/>\n<meta property=\"og:description\" content=\"Soft99 Authentic Premium is a unique wax made with only the highest quality ingredients and Carnauba wax. The product creates an exceptionally beautiful, translucent shine on your car. The product is well distributed on the surface without leaving any unevenness. Application: Wash and dry the car&#8217; Remove road tar, metal dust or other dirt; Apply&hellip;\" \/>\n<meta property=\"og:url\" content=\"https:\/\/detailspot.lt\/produktas\/soft99-authentic-premium-wax\/\" \/>\n<meta property=\"og:site_name\" content=\"Detail Spot\" \/>\n<meta property=\"article:publisher\" content=\"https:\/\/www.facebook.com\/profile.php?id=100039208338156\" \/>\n<meta property=\"og:image\" content=\"https:\/\/detailspot.lt\/wp-content\/uploads\/2022\/12\/soft99-logo-1-1-300x158.jpg\" \/>\n<meta name=\"twitter:card\" content=\"summary_large_image\" \/>\n<script type=\"application\/ld+json\" class=\"yoast-schema-graph\">{\"@context\":\"https:\/\/schema.org\",\"@graph\":[{\"@type\":\"WebPage\",\"@id\":\"https:\/\/detailspot.lt\/produktas\/soft99-authentic-premium-wax\/\",\"url\":\"https:\/\/detailspot.lt\/produktas\/soft99-authentic-premium-wax\/\",\"name\":\"Soft99 Authentic Premium Wax - Detail Spot\",\"isPartOf\":{\"@id\":\"https:\/\/detailspot.lt\/#website\"},\"primaryImageOfPage\":{\"@id\":\"https:\/\/detailspot.lt\/produktas\/soft99-authentic-premium-wax\/#primaryimage\"},\"image\":{\"@id\":\"https:\/\/detailspot.lt\/produktas\/soft99-authentic-premium-wax\/#primaryimage\"},\"thumbnailUrl\":\"https:\/\/detailspot.lt\/wp-content\/uploads\/2022\/12\/soft99-authentic-premium-wax-3-1-1.jpg\",\"datePublished\":\"2022-12-02T13:14:39+00:00\",\"breadcrumb\":{\"@id\":\"https:\/\/detailspot.lt\/produktas\/soft99-authentic-premium-wax\/#breadcrumb\"},\"inLanguage\":\"en-US\",\"potentialAction\":[{\"@type\":\"ReadAction\",\"target\":[\"https:\/\/detailspot.lt\/produktas\/soft99-authentic-premium-wax\/\"]}]},{\"@type\":\"ImageObject\",\"inLanguage\":\"en-US\",\"@id\":\"https:\/\/detailspot.lt\/produktas\/soft99-authentic-premium-wax\/#primaryimage\",\"url\":\"https:\/\/detailspot.lt\/wp-content\/uploads\/2022\/12\/soft99-authentic-premium-wax-3-1-1.jpg\",\"contentUrl\":\"https:\/\/detailspot.lt\/wp-content\/uploads\/2022\/12\/soft99-authentic-premium-wax-3-1-1.jpg\",\"width\":800,\"height\":800},{\"@type\":\"BreadcrumbList\",\"@id\":\"https:\/\/detailspot.lt\/produktas\/soft99-authentic-premium-wax\/#breadcrumb\",\"itemListElement\":[{\"@type\":\"ListItem\",\"position\":1,\"name\":\"Home\",\"item\":\"https:\/\/detailspot.lt\/en\/\"},{\"@type\":\"ListItem\",\"position\":2,\"name\":\"Shop\",\"item\":\"https:\/\/detailspot.lt\/en\/parduotuve\/\"},{\"@type\":\"ListItem\",\"position\":3,\"name\":\"Soft99 Authentic Premium Wax\"}]},{\"@type\":\"WebSite\",\"@id\":\"https:\/\/detailspot.lt\/#website\",\"url\":\"https:\/\/detailspot.lt\/\",\"name\":\"Detail Spot\",\"description\":\"Automobili\u0173 prie\u017ei\u016bros priemon\u0117s\",\"publisher\":{\"@id\":\"https:\/\/detailspot.lt\/#organization\"},\"potentialAction\":[{\"@type\":\"SearchAction\",\"target\":{\"@type\":\"EntryPoint\",\"urlTemplate\":\"https:\/\/detailspot.lt\/?s={search_term_string}\"},\"query-input\":{\"@type\":\"PropertyValueSpecification\",\"valueRequired\":true,\"valueName\":\"search_term_string\"}}],\"inLanguage\":\"en-US\"},{\"@type\":\"Organization\",\"@id\":\"https:\/\/detailspot.lt\/#organization\",\"name\":\"Detail Spot\",\"url\":\"https:\/\/detailspot.lt\/\",\"logo\":{\"@type\":\"ImageObject\",\"inLanguage\":\"en-US\",\"@id\":\"https:\/\/detailspot.lt\/#\/schema\/logo\/image\/\",\"url\":\"https:\/\/detailspot.lt\/wp-content\/uploads\/2022\/10\/logo-original.svg\",\"contentUrl\":\"https:\/\/detailspot.lt\/wp-content\/uploads\/2022\/10\/logo-original.svg\",\"width\":1,\"height\":1,\"caption\":\"Detail Spot\"},\"image\":{\"@id\":\"https:\/\/detailspot.lt\/#\/schema\/logo\/image\/\"},\"sameAs\":[\"https:\/\/www.facebook.com\/profile.php?id=100039208338156\"]}]}<\/script>\n<!-- \/ Yoast SEO plugin. -->","yoast_head_json":{"title":"Soft99 Authentic Premium Wax - Detail Spot","robots":{"index":"index","follow":"follow","max-snippet":"max-snippet:-1","max-image-preview":"max-image-preview:large","max-video-preview":"max-video-preview:-1"},"canonical":"https:\/\/detailspot.lt\/produktas\/soft99-authentic-premium-wax\/","og_locale":"en_US","og_type":"article","og_title":"Soft99 Authentic Premium Wax - Detail Spot","og_description":"Soft99 Authentic Premium is a unique wax made with only the highest quality ingredients and Carnauba wax. The product creates an exceptionally beautiful, translucent shine on your car. The product is well distributed on the surface without leaving any unevenness. Application: Wash and dry the car&#8217; Remove road tar, metal dust or other dirt; Apply&hellip;","og_url":"https:\/\/detailspot.lt\/produktas\/soft99-authentic-premium-wax\/","og_site_name":"Detail Spot","article_publisher":"https:\/\/www.facebook.com\/profile.php?id=100039208338156","og_image":[{"url":"https:\/\/detailspot.lt\/wp-content\/uploads\/2022\/12\/soft99-logo-1-1-300x158.jpg","type":"","width":"","height":""}],"twitter_card":"summary_large_image","schema":{"@context":"https:\/\/schema.org","@graph":[{"@type":"WebPage","@id":"https:\/\/detailspot.lt\/produktas\/soft99-authentic-premium-wax\/","url":"https:\/\/detailspot.lt\/produktas\/soft99-authentic-premium-wax\/","name":"Soft99 Authentic Premium Wax - Detail Spot","isPartOf":{"@id":"https:\/\/detailspot.lt\/#website"},"primaryImageOfPage":{"@id":"https:\/\/detailspot.lt\/produktas\/soft99-authentic-premium-wax\/#primaryimage"},"image":{"@id":"https:\/\/detailspot.lt\/produktas\/soft99-authentic-premium-wax\/#primaryimage"},"thumbnailUrl":"https:\/\/detailspot.lt\/wp-content\/uploads\/2022\/12\/soft99-authentic-premium-wax-3-1-1.jpg","datePublished":"2022-12-02T13:14:39+00:00","breadcrumb":{"@id":"https:\/\/detailspot.lt\/produktas\/soft99-authentic-premium-wax\/#breadcrumb"},"inLanguage":"en-US","potentialAction":[{"@type":"ReadAction","target":["https:\/\/detailspot.lt\/produktas\/soft99-authentic-premium-wax\/"]}]},{"@type":"ImageObject","inLanguage":"en-US","@id":"https:\/\/detailspot.lt\/produktas\/soft99-authentic-premium-wax\/#primaryimage","url":"https:\/\/detailspot.lt\/wp-content\/uploads\/2022\/12\/soft99-authentic-premium-wax-3-1-1.jpg","contentUrl":"https:\/\/detailspot.lt\/wp-content\/uploads\/2022\/12\/soft99-authentic-premium-wax-3-1-1.jpg","width":800,"height":800},{"@type":"BreadcrumbList","@id":"https:\/\/detailspot.lt\/produktas\/soft99-authentic-premium-wax\/#breadcrumb","itemListElement":[{"@type":"ListItem","position":1,"name":"Home","item":"https:\/\/detailspot.lt\/en\/"},{"@type":"ListItem","position":2,"name":"Shop","item":"https:\/\/detailspot.lt\/en\/parduotuve\/"},{"@type":"ListItem","position":3,"name":"Soft99 Authentic Premium Wax"}]},{"@type":"WebSite","@id":"https:\/\/detailspot.lt\/#website","url":"https:\/\/detailspot.lt\/","name":"Detail Spot","description":"Automobili\u0173 prie\u017ei\u016bros priemon\u0117s","publisher":{"@id":"https:\/\/detailspot.lt\/#organization"},"potentialAction":[{"@type":"SearchAction","target":{"@type":"EntryPoint","urlTemplate":"https:\/\/detailspot.lt\/?s={search_term_string}"},"query-input":{"@type":"PropertyValueSpecification","valueRequired":true,"valueName":"search_term_string"}}],"inLanguage":"en-US"},{"@type":"Organization","@id":"https:\/\/detailspot.lt\/#organization","name":"Detail Spot","url":"https:\/\/detailspot.lt\/","logo":{"@type":"ImageObject","inLanguage":"en-US","@id":"https:\/\/detailspot.lt\/#\/schema\/logo\/image\/","url":"https:\/\/detailspot.lt\/wp-content\/uploads\/2022\/10\/logo-original.svg","contentUrl":"https:\/\/detailspot.lt\/wp-content\/uploads\/2022\/10\/logo-original.svg","width":1,"height":1,"caption":"Detail Spot"},"image":{"@id":"https:\/\/detailspot.lt\/#\/schema\/logo\/image\/"},"sameAs":["https:\/\/www.facebook.com\/profile.php?id=100039208338156"]}]}},"_links":{"self":[{"href":"https:\/\/detailspot.lt\/en\/wp-json\/wp\/v2\/product\/7229","targetHints":{"allow":["GET"]}}],"collection":[{"href":"https:\/\/detailspot.lt\/en\/wp-json\/wp\/v2\/product"}],"about":[{"href":"https:\/\/detailspot.lt\/en\/wp-json\/wp\/v2\/types\/product"}],"replies":[{"embeddable":true,"href":"https:\/\/detailspot.lt\/en\/wp-json\/wp\/v2\/comments?post=7229"}],"wp:featuredmedia":[{"embeddable":true,"href":"https:\/\/detailspot.lt\/en\/wp-json\/wp\/v2\/media\/3758"}],"wp:attachment":[{"href":"https:\/\/detailspot.lt\/en\/wp-json\/wp\/v2\/media?parent=7229"}],"wp:term":[{"taxonomy":"product_brand","embeddable":true,"href":"https:\/\/detailspot.lt\/en\/wp-json\/wp\/v2\/product_brand?post=7229"},{"taxonomy":"product_cat","embeddable":true,"href":"https:\/\/detailspot.lt\/en\/wp-json\/wp\/v2\/product_cat?post=7229"},{"taxonomy":"product_tag","embeddable":true,"href":"https:\/\/detailspot.lt\/en\/wp-json\/wp\/v2\/product_tag?post=7229"}],"curies":[{"name":"wp","href":"https:\/\/api.w.org\/{rel}","templated":true}]}}