{"id":7226,"date":"2022-12-02T15:14:34","date_gmt":"2022-12-02T13:14:34","guid":{"rendered":"https:\/\/detailspot.lt\/produktas\/soft99-mirror-shine-wax\/"},"modified":"2022-12-02T15:14:34","modified_gmt":"2022-12-02T13:14:34","slug":"soft99-mirror-shine-wax","status":"publish","type":"product","link":"https:\/\/detailspot.lt\/en\/produktas\/soft99-mirror-shine-wax\/","title":{"rendered":"Soft99 Mirror Shine Wax"},"content":{"rendered":"<p><strong>Soft99 Mirror Shine Wax.<\/strong> A hard, natural carnauba wax designed to give a mirror shine to your car. It is the only wax that does not have to wait for the wax to harden on the surface after application, which significantly reduces the application time. This wax can also be used to coat plastic parts such as headlights and taillights.<\/p>\n<p>Dark Wax &#8211; best suited for cars with dark tints.<\/p>\n<p>Light Wax &#8211; best suited for cars with light tints.<\/p>\n<p><strong>Lifespan<\/strong>: up to 3 months<\/p>\n<p><strong>Application:<\/strong><\/p>\n<ol>\n<li>Wash your car and dry it;<\/li>\n<li>If necessary, remove road tar, metal dust and other dirt;<\/li>\n<li>Wax the surface using a microfibre cloth and polish immediately until shiny.<\/li>\n<\/ol>\n<p>&nbsp;<\/p>\n<p style=\"text-align: center;\"><img loading=\"lazy\" decoding=\"async\" class=\"alignnone size-medium wp-image-2051\" src=\"https:\/\/detailspot.lt\/wp-content\/uploads\/2022\/12\/soft99-logo-1-1-300x158.jpg\" alt=\"\" width=\"300\" height=\"158\" srcset=\"https:\/\/detailspot.lt\/wp-content\/uploads\/2022\/12\/soft99-logo-1-1-300x158.jpg 300w, https:\/\/detailspot.lt\/wp-content\/uploads\/2022\/12\/soft99-logo-1-1-1024x538.jpg 1024w, https:\/\/detailspot.lt\/wp-content\/uploads\/2022\/12\/soft99-logo-1-1-768x403.jpg 768w, https:\/\/detailspot.lt\/wp-content\/uploads\/2022\/12\/soft99-logo-1-1-600x315.jpg 600w, https:\/\/detailspot.lt\/wp-content\/uploads\/2022\/12\/soft99-logo-1-1-64x34.jpg 64w, https:\/\/detailspot.lt\/wp-content\/uploads\/2022\/12\/soft99-logo-1-1.jpg 1200w\" sizes=\"auto, (max-width: 300px) 100vw, 300px\" \/><\/p>\n","protected":false},"excerpt":{"rendered":"<p>Soft99 Mirror Shine Wax. A hard, natural carnauba wax designed to give a mirror shine to your car. It is the only wax that does not have to wait for the wax to harden on the surface after application, which significantly reduces the application time. This wax can also be used to coat plastic parts&hellip;<\/p>\n","protected":false},"featured_media":3762,"comment_status":"closed","ping_status":"closed","template":"","meta":[],"product_brand":[],"product_cat":[160,178],"product_tag":[],"class_list":{"0":"post-7226","1":"product","2":"type-product","3":"status-publish","4":"has-post-thumbnail","6":"product_cat-exterior","7":"product_cat-waxes-and-conservatives","8":"description-off","10":"first","11":"instock","12":"taxable","13":"shipping-taxable","14":"purchasable","15":"product-type-variable"},"yoast_head":"<!-- This site is optimized with the Yoast SEO plugin v27.3 - https:\/\/yoast.com\/product\/yoast-seo-wordpress\/ -->\n<title>Soft99 Mirror Shine Wax - Detail Spot<\/title>\n<meta name=\"robots\" content=\"index, follow, max-snippet:-1, max-image-preview:large, max-video-preview:-1\" \/>\n<link rel=\"canonical\" href=\"https:\/\/detailspot.lt\/produktas\/soft99-mirror-shine-wax\/\" \/>\n<meta property=\"og:locale\" content=\"en_US\" \/>\n<meta property=\"og:type\" content=\"article\" \/>\n<meta property=\"og:title\" content=\"Soft99 Mirror Shine Wax - Detail Spot\" \/>\n<meta property=\"og:description\" content=\"Soft99 Mirror Shine Wax. A hard, natural carnauba wax designed to give a mirror shine to your car. It is the only wax that does not have to wait for the wax to harden on the surface after application, which significantly reduces the application time. This wax can also be used to coat plastic parts&hellip;\" \/>\n<meta property=\"og:url\" content=\"https:\/\/detailspot.lt\/produktas\/soft99-mirror-shine-wax\/\" \/>\n<meta property=\"og:site_name\" content=\"Detail Spot\" \/>\n<meta property=\"article:publisher\" content=\"https:\/\/www.facebook.com\/profile.php?id=100039208338156\" \/>\n<meta property=\"og:image\" content=\"https:\/\/detailspot.lt\/wp-content\/uploads\/2022\/12\/soft99-logo-1-1-300x158.jpg\" \/>\n<meta name=\"twitter:card\" content=\"summary_large_image\" \/>\n<meta name=\"twitter:label1\" content=\"Est. reading time\" \/>\n\t<meta name=\"twitter:data1\" content=\"1 minute\" \/>\n<script type=\"application\/ld+json\" class=\"yoast-schema-graph\">{\"@context\":\"https:\\\/\\\/schema.org\",\"@graph\":[{\"@type\":\"WebPage\",\"@id\":\"https:\\\/\\\/detailspot.lt\\\/produktas\\\/soft99-mirror-shine-wax\\\/\",\"url\":\"https:\\\/\\\/detailspot.lt\\\/produktas\\\/soft99-mirror-shine-wax\\\/\",\"name\":\"Soft99 Mirror Shine Wax - Detail Spot\",\"isPartOf\":{\"@id\":\"https:\\\/\\\/detailspot.lt\\\/#website\"},\"primaryImageOfPage\":{\"@id\":\"https:\\\/\\\/detailspot.lt\\\/produktas\\\/soft99-mirror-shine-wax\\\/#primaryimage\"},\"image\":{\"@id\":\"https:\\\/\\\/detailspot.lt\\\/produktas\\\/soft99-mirror-shine-wax\\\/#primaryimage\"},\"thumbnailUrl\":\"https:\\\/\\\/detailspot.lt\\\/wp-content\\\/uploads\\\/2022\\\/12\\\/Mirror-shine-1.jpg\",\"datePublished\":\"2022-12-02T13:14:34+00:00\",\"breadcrumb\":{\"@id\":\"https:\\\/\\\/detailspot.lt\\\/produktas\\\/soft99-mirror-shine-wax\\\/#breadcrumb\"},\"inLanguage\":\"en-US\",\"potentialAction\":[{\"@type\":\"ReadAction\",\"target\":[\"https:\\\/\\\/detailspot.lt\\\/produktas\\\/soft99-mirror-shine-wax\\\/\"]}]},{\"@type\":\"ImageObject\",\"inLanguage\":\"en-US\",\"@id\":\"https:\\\/\\\/detailspot.lt\\\/produktas\\\/soft99-mirror-shine-wax\\\/#primaryimage\",\"url\":\"https:\\\/\\\/detailspot.lt\\\/wp-content\\\/uploads\\\/2022\\\/12\\\/Mirror-shine-1.jpg\",\"contentUrl\":\"https:\\\/\\\/detailspot.lt\\\/wp-content\\\/uploads\\\/2022\\\/12\\\/Mirror-shine-1.jpg\",\"width\":572,\"height\":392},{\"@type\":\"BreadcrumbList\",\"@id\":\"https:\\\/\\\/detailspot.lt\\\/produktas\\\/soft99-mirror-shine-wax\\\/#breadcrumb\",\"itemListElement\":[{\"@type\":\"ListItem\",\"position\":1,\"name\":\"Home\",\"item\":\"https:\\\/\\\/detailspot.lt\\\/en\\\/\"},{\"@type\":\"ListItem\",\"position\":2,\"name\":\"Shop\",\"item\":\"https:\\\/\\\/detailspot.lt\\\/en\\\/parduotuve\\\/\"},{\"@type\":\"ListItem\",\"position\":3,\"name\":\"Soft99 Mirror Shine Wax\"}]},{\"@type\":\"WebSite\",\"@id\":\"https:\\\/\\\/detailspot.lt\\\/#website\",\"url\":\"https:\\\/\\\/detailspot.lt\\\/\",\"name\":\"Detail Spot\",\"description\":\"Automobili\u0173 prie\u017ei\u016bros priemon\u0117s\",\"publisher\":{\"@id\":\"https:\\\/\\\/detailspot.lt\\\/#organization\"},\"potentialAction\":[{\"@type\":\"SearchAction\",\"target\":{\"@type\":\"EntryPoint\",\"urlTemplate\":\"https:\\\/\\\/detailspot.lt\\\/?s={search_term_string}\"},\"query-input\":{\"@type\":\"PropertyValueSpecification\",\"valueRequired\":true,\"valueName\":\"search_term_string\"}}],\"inLanguage\":\"en-US\"},{\"@type\":\"Organization\",\"@id\":\"https:\\\/\\\/detailspot.lt\\\/#organization\",\"name\":\"Detail Spot\",\"url\":\"https:\\\/\\\/detailspot.lt\\\/\",\"logo\":{\"@type\":\"ImageObject\",\"inLanguage\":\"en-US\",\"@id\":\"https:\\\/\\\/detailspot.lt\\\/#\\\/schema\\\/logo\\\/image\\\/\",\"url\":\"https:\\\/\\\/detailspot.lt\\\/wp-content\\\/uploads\\\/2022\\\/10\\\/logo-original.svg\",\"contentUrl\":\"https:\\\/\\\/detailspot.lt\\\/wp-content\\\/uploads\\\/2022\\\/10\\\/logo-original.svg\",\"width\":1,\"height\":1,\"caption\":\"Detail Spot\"},\"image\":{\"@id\":\"https:\\\/\\\/detailspot.lt\\\/#\\\/schema\\\/logo\\\/image\\\/\"},\"sameAs\":[\"https:\\\/\\\/www.facebook.com\\\/profile.php?id=100039208338156\"]}]}<\/script>\n<!-- \/ Yoast SEO plugin. -->","yoast_head_json":{"title":"Soft99 Mirror Shine Wax - Detail Spot","robots":{"index":"index","follow":"follow","max-snippet":"max-snippet:-1","max-image-preview":"max-image-preview:large","max-video-preview":"max-video-preview:-1"},"canonical":"https:\/\/detailspot.lt\/produktas\/soft99-mirror-shine-wax\/","og_locale":"en_US","og_type":"article","og_title":"Soft99 Mirror Shine Wax - Detail Spot","og_description":"Soft99 Mirror Shine Wax. A hard, natural carnauba wax designed to give a mirror shine to your car. It is the only wax that does not have to wait for the wax to harden on the surface after application, which significantly reduces the application time. This wax can also be used to coat plastic parts&hellip;","og_url":"https:\/\/detailspot.lt\/produktas\/soft99-mirror-shine-wax\/","og_site_name":"Detail Spot","article_publisher":"https:\/\/www.facebook.com\/profile.php?id=100039208338156","og_image":[{"url":"https:\/\/detailspot.lt\/wp-content\/uploads\/2022\/12\/soft99-logo-1-1-300x158.jpg","type":"","width":"","height":""}],"twitter_card":"summary_large_image","twitter_misc":{"Est. reading time":"1 minute"},"schema":{"@context":"https:\/\/schema.org","@graph":[{"@type":"WebPage","@id":"https:\/\/detailspot.lt\/produktas\/soft99-mirror-shine-wax\/","url":"https:\/\/detailspot.lt\/produktas\/soft99-mirror-shine-wax\/","name":"Soft99 Mirror Shine Wax - Detail Spot","isPartOf":{"@id":"https:\/\/detailspot.lt\/#website"},"primaryImageOfPage":{"@id":"https:\/\/detailspot.lt\/produktas\/soft99-mirror-shine-wax\/#primaryimage"},"image":{"@id":"https:\/\/detailspot.lt\/produktas\/soft99-mirror-shine-wax\/#primaryimage"},"thumbnailUrl":"https:\/\/detailspot.lt\/wp-content\/uploads\/2022\/12\/Mirror-shine-1.jpg","datePublished":"2022-12-02T13:14:34+00:00","breadcrumb":{"@id":"https:\/\/detailspot.lt\/produktas\/soft99-mirror-shine-wax\/#breadcrumb"},"inLanguage":"en-US","potentialAction":[{"@type":"ReadAction","target":["https:\/\/detailspot.lt\/produktas\/soft99-mirror-shine-wax\/"]}]},{"@type":"ImageObject","inLanguage":"en-US","@id":"https:\/\/detailspot.lt\/produktas\/soft99-mirror-shine-wax\/#primaryimage","url":"https:\/\/detailspot.lt\/wp-content\/uploads\/2022\/12\/Mirror-shine-1.jpg","contentUrl":"https:\/\/detailspot.lt\/wp-content\/uploads\/2022\/12\/Mirror-shine-1.jpg","width":572,"height":392},{"@type":"BreadcrumbList","@id":"https:\/\/detailspot.lt\/produktas\/soft99-mirror-shine-wax\/#breadcrumb","itemListElement":[{"@type":"ListItem","position":1,"name":"Home","item":"https:\/\/detailspot.lt\/en\/"},{"@type":"ListItem","position":2,"name":"Shop","item":"https:\/\/detailspot.lt\/en\/parduotuve\/"},{"@type":"ListItem","position":3,"name":"Soft99 Mirror Shine Wax"}]},{"@type":"WebSite","@id":"https:\/\/detailspot.lt\/#website","url":"https:\/\/detailspot.lt\/","name":"Detail Spot","description":"Automobili\u0173 prie\u017ei\u016bros priemon\u0117s","publisher":{"@id":"https:\/\/detailspot.lt\/#organization"},"potentialAction":[{"@type":"SearchAction","target":{"@type":"EntryPoint","urlTemplate":"https:\/\/detailspot.lt\/?s={search_term_string}"},"query-input":{"@type":"PropertyValueSpecification","valueRequired":true,"valueName":"search_term_string"}}],"inLanguage":"en-US"},{"@type":"Organization","@id":"https:\/\/detailspot.lt\/#organization","name":"Detail Spot","url":"https:\/\/detailspot.lt\/","logo":{"@type":"ImageObject","inLanguage":"en-US","@id":"https:\/\/detailspot.lt\/#\/schema\/logo\/image\/","url":"https:\/\/detailspot.lt\/wp-content\/uploads\/2022\/10\/logo-original.svg","contentUrl":"https:\/\/detailspot.lt\/wp-content\/uploads\/2022\/10\/logo-original.svg","width":1,"height":1,"caption":"Detail Spot"},"image":{"@id":"https:\/\/detailspot.lt\/#\/schema\/logo\/image\/"},"sameAs":["https:\/\/www.facebook.com\/profile.php?id=100039208338156"]}]}},"_links":{"self":[{"href":"https:\/\/detailspot.lt\/en\/wp-json\/wp\/v2\/product\/7226","targetHints":{"allow":["GET"]}}],"collection":[{"href":"https:\/\/detailspot.lt\/en\/wp-json\/wp\/v2\/product"}],"about":[{"href":"https:\/\/detailspot.lt\/en\/wp-json\/wp\/v2\/types\/product"}],"replies":[{"embeddable":true,"href":"https:\/\/detailspot.lt\/en\/wp-json\/wp\/v2\/comments?post=7226"}],"wp:featuredmedia":[{"embeddable":true,"href":"https:\/\/detailspot.lt\/en\/wp-json\/wp\/v2\/media\/3762"}],"wp:attachment":[{"href":"https:\/\/detailspot.lt\/en\/wp-json\/wp\/v2\/media?parent=7226"}],"wp:term":[{"taxonomy":"product_brand","embeddable":true,"href":"https:\/\/detailspot.lt\/en\/wp-json\/wp\/v2\/product_brand?post=7226"},{"taxonomy":"product_cat","embeddable":true,"href":"https:\/\/detailspot.lt\/en\/wp-json\/wp\/v2\/product_cat?post=7226"},{"taxonomy":"product_tag","embeddable":true,"href":"https:\/\/detailspot.lt\/en\/wp-json\/wp\/v2\/product_tag?post=7226"}],"curies":[{"name":"wp","href":"https:\/\/api.w.org\/{rel}","templated":true}]}}