{"id":7223,"date":"2022-12-02T15:14:34","date_gmt":"2022-12-02T13:14:34","guid":{"rendered":"https:\/\/detailspot.lt\/produktas\/soft99-king-of-gloss-gloss-wax\/"},"modified":"2022-12-02T15:14:34","modified_gmt":"2022-12-02T13:14:34","slug":"soft99-king-of-gloss-gloss-wax","status":"publish","type":"product","link":"https:\/\/detailspot.lt\/en\/produktas\/soft99-king-of-gloss-gloss-wax\/","title":{"rendered":"Soft99 King of Gloss Gloss Wax"},"content":{"rendered":"<p><strong>Soft99 King of Gloss Black &amp; Dark wax-<\/strong> a synthetic wax that acts like natural carnauba wax on the car&#8217;s surface, giving your car not only a beautiful shine, but also a very good level of protection and hydrophobic properties, which greatly facilitates regular car maintenance. Black &amp; Dark &#8211; You can apply wax to all cars, but it is best suited to darker shades.<\/p>\n<p>Wax Light &#8211; You can use this wax on all cars, but it is best suited to light coloured cars.<\/p>\n<p><strong>Lifespan<\/strong>: up to 3 months<\/p>\n<p><strong>Usage<\/strong><\/p>\n<ol>\n<li>Wash and dry the car;<\/li>\n<li>If necessary, remove road tar and other dirt with clay;<\/li>\n<li>Apply the wax to the surface using an applicator. <strong>Warning! <\/strong>A very thin, even layer of wax is required;<\/li>\n<li>Depending on the ambient temperature, polish the surface with a dry, soft microfibre cloth 5-10 minutes after application.<\/li>\n<\/ol>\n<p><strong>Yield:<\/strong> ~10g per coat on a medium sized car e.g. Audi A6 series<\/p>\n<p>&nbsp;<\/p>\n<p style=\"text-align: center;\"><img loading=\"lazy\" decoding=\"async\" class=\"alignnone size-medium wp-image-2051\" src=\"https:\/\/detailspot.lt\/wp-content\/uploads\/2022\/12\/soft99-logo-1-1-300x158.jpg\" alt=\"\" width=\"300\" height=\"158\" srcset=\"https:\/\/detailspot.lt\/wp-content\/uploads\/2022\/12\/soft99-logo-1-1-300x158.jpg 300w, https:\/\/detailspot.lt\/wp-content\/uploads\/2022\/12\/soft99-logo-1-1-1024x538.jpg 1024w, https:\/\/detailspot.lt\/wp-content\/uploads\/2022\/12\/soft99-logo-1-1-768x403.jpg 768w, https:\/\/detailspot.lt\/wp-content\/uploads\/2022\/12\/soft99-logo-1-1-600x315.jpg 600w, https:\/\/detailspot.lt\/wp-content\/uploads\/2022\/12\/soft99-logo-1-1-64x34.jpg 64w, https:\/\/detailspot.lt\/wp-content\/uploads\/2022\/12\/soft99-logo-1-1.jpg 1200w\" sizes=\"auto, (max-width: 300px) 100vw, 300px\" \/><\/p>\n","protected":false},"excerpt":{"rendered":"<p>Soft99 King of Gloss Black &amp; Dark wax- a synthetic wax that acts like natural carnauba wax on the car&#8217;s surface, giving your car not only a beautiful shine, but also a very good level of protection and hydrophobic properties, which greatly facilitates regular car maintenance. Black &amp; Dark &#8211; You can apply wax to&hellip;<\/p>\n","protected":false},"featured_media":3764,"comment_status":"closed","ping_status":"closed","template":"","meta":[],"product_brand":[],"product_cat":[160,178],"product_tag":[282,265],"class_list":{"0":"post-7223","1":"product","2":"type-product","3":"status-publish","4":"has-post-thumbnail","6":"product_cat-exterior","7":"product_cat-waxes-and-conservatives","8":"product_tag-protective-coatings","9":"product_tag-soft99-en","10":"description-off","12":"first","13":"instock","14":"taxable","15":"shipping-taxable","16":"purchasable","17":"product-type-variable"},"yoast_head":"<!-- This site is optimized with the Yoast SEO plugin v27.4 - https:\/\/yoast.com\/product\/yoast-seo-wordpress\/ -->\n<title>Soft99 King of Gloss Gloss Wax - Detail Spot<\/title>\n<meta name=\"robots\" content=\"index, follow, max-snippet:-1, max-image-preview:large, max-video-preview:-1\" \/>\n<link rel=\"canonical\" href=\"https:\/\/detailspot.lt\/produktas\/soft99-king-of-gloss-gloss-wax\/\" \/>\n<meta property=\"og:locale\" content=\"en_US\" \/>\n<meta property=\"og:type\" content=\"article\" \/>\n<meta property=\"og:title\" content=\"Soft99 King of Gloss Gloss Wax - Detail Spot\" \/>\n<meta property=\"og:description\" content=\"Soft99 King of Gloss Black &amp; Dark wax- a synthetic wax that acts like natural carnauba wax on the car&#8217;s surface, giving your car not only a beautiful shine, but also a very good level of protection and hydrophobic properties, which greatly facilitates regular car maintenance. Black &amp; Dark &#8211; You can apply wax to&hellip;\" \/>\n<meta property=\"og:url\" content=\"https:\/\/detailspot.lt\/produktas\/soft99-king-of-gloss-gloss-wax\/\" \/>\n<meta property=\"og:site_name\" content=\"Detail Spot\" \/>\n<meta property=\"article:publisher\" content=\"https:\/\/www.facebook.com\/profile.php?id=100039208338156\" \/>\n<meta property=\"og:image\" content=\"https:\/\/detailspot.lt\/wp-content\/uploads\/2022\/12\/soft99-logo-1-1-300x158.jpg\" \/>\n<meta name=\"twitter:card\" content=\"summary_large_image\" \/>\n<meta name=\"twitter:label1\" content=\"Est. reading time\" \/>\n\t<meta name=\"twitter:data1\" content=\"1 minute\" \/>\n<script type=\"application\/ld+json\" class=\"yoast-schema-graph\">{\"@context\":\"https:\\\/\\\/schema.org\",\"@graph\":[{\"@type\":\"WebPage\",\"@id\":\"https:\\\/\\\/detailspot.lt\\\/produktas\\\/soft99-king-of-gloss-gloss-wax\\\/\",\"url\":\"https:\\\/\\\/detailspot.lt\\\/produktas\\\/soft99-king-of-gloss-gloss-wax\\\/\",\"name\":\"Soft99 King of Gloss Gloss Wax - Detail Spot\",\"isPartOf\":{\"@id\":\"https:\\\/\\\/detailspot.lt\\\/#website\"},\"primaryImageOfPage\":{\"@id\":\"https:\\\/\\\/detailspot.lt\\\/produktas\\\/soft99-king-of-gloss-gloss-wax\\\/#primaryimage\"},\"image\":{\"@id\":\"https:\\\/\\\/detailspot.lt\\\/produktas\\\/soft99-king-of-gloss-gloss-wax\\\/#primaryimage\"},\"thumbnailUrl\":\"https:\\\/\\\/detailspot.lt\\\/wp-content\\\/uploads\\\/2022\\\/12\\\/soft99-king-of-gloss-gloss-wax-black-dark-2-1-1.jpg\",\"datePublished\":\"2022-12-02T13:14:34+00:00\",\"breadcrumb\":{\"@id\":\"https:\\\/\\\/detailspot.lt\\\/produktas\\\/soft99-king-of-gloss-gloss-wax\\\/#breadcrumb\"},\"inLanguage\":\"en-US\",\"potentialAction\":[{\"@type\":\"ReadAction\",\"target\":[\"https:\\\/\\\/detailspot.lt\\\/produktas\\\/soft99-king-of-gloss-gloss-wax\\\/\"]}]},{\"@type\":\"ImageObject\",\"inLanguage\":\"en-US\",\"@id\":\"https:\\\/\\\/detailspot.lt\\\/produktas\\\/soft99-king-of-gloss-gloss-wax\\\/#primaryimage\",\"url\":\"https:\\\/\\\/detailspot.lt\\\/wp-content\\\/uploads\\\/2022\\\/12\\\/soft99-king-of-gloss-gloss-wax-black-dark-2-1-1.jpg\",\"contentUrl\":\"https:\\\/\\\/detailspot.lt\\\/wp-content\\\/uploads\\\/2022\\\/12\\\/soft99-king-of-gloss-gloss-wax-black-dark-2-1-1.jpg\",\"width\":800,\"height\":800},{\"@type\":\"BreadcrumbList\",\"@id\":\"https:\\\/\\\/detailspot.lt\\\/produktas\\\/soft99-king-of-gloss-gloss-wax\\\/#breadcrumb\",\"itemListElement\":[{\"@type\":\"ListItem\",\"position\":1,\"name\":\"Home\",\"item\":\"https:\\\/\\\/detailspot.lt\\\/en\\\/\"},{\"@type\":\"ListItem\",\"position\":2,\"name\":\"Shop\",\"item\":\"https:\\\/\\\/detailspot.lt\\\/en\\\/parduotuve\\\/\"},{\"@type\":\"ListItem\",\"position\":3,\"name\":\"Soft99 King of Gloss Gloss Wax\"}]},{\"@type\":\"WebSite\",\"@id\":\"https:\\\/\\\/detailspot.lt\\\/#website\",\"url\":\"https:\\\/\\\/detailspot.lt\\\/\",\"name\":\"Detail Spot\",\"description\":\"Automobili\u0173 prie\u017ei\u016bros priemon\u0117s\",\"publisher\":{\"@id\":\"https:\\\/\\\/detailspot.lt\\\/#organization\"},\"potentialAction\":[{\"@type\":\"SearchAction\",\"target\":{\"@type\":\"EntryPoint\",\"urlTemplate\":\"https:\\\/\\\/detailspot.lt\\\/?s={search_term_string}\"},\"query-input\":{\"@type\":\"PropertyValueSpecification\",\"valueRequired\":true,\"valueName\":\"search_term_string\"}}],\"inLanguage\":\"en-US\"},{\"@type\":\"Organization\",\"@id\":\"https:\\\/\\\/detailspot.lt\\\/#organization\",\"name\":\"Detail Spot\",\"url\":\"https:\\\/\\\/detailspot.lt\\\/\",\"logo\":{\"@type\":\"ImageObject\",\"inLanguage\":\"en-US\",\"@id\":\"https:\\\/\\\/detailspot.lt\\\/#\\\/schema\\\/logo\\\/image\\\/\",\"url\":\"https:\\\/\\\/detailspot.lt\\\/wp-content\\\/uploads\\\/2022\\\/10\\\/logo-original.svg\",\"contentUrl\":\"https:\\\/\\\/detailspot.lt\\\/wp-content\\\/uploads\\\/2022\\\/10\\\/logo-original.svg\",\"width\":1,\"height\":1,\"caption\":\"Detail Spot\"},\"image\":{\"@id\":\"https:\\\/\\\/detailspot.lt\\\/#\\\/schema\\\/logo\\\/image\\\/\"},\"sameAs\":[\"https:\\\/\\\/www.facebook.com\\\/profile.php?id=100039208338156\"]}]}<\/script>\n<!-- \/ Yoast SEO plugin. -->","yoast_head_json":{"title":"Soft99 King of Gloss Gloss Wax - Detail Spot","robots":{"index":"index","follow":"follow","max-snippet":"max-snippet:-1","max-image-preview":"max-image-preview:large","max-video-preview":"max-video-preview:-1"},"canonical":"https:\/\/detailspot.lt\/produktas\/soft99-king-of-gloss-gloss-wax\/","og_locale":"en_US","og_type":"article","og_title":"Soft99 King of Gloss Gloss Wax - Detail Spot","og_description":"Soft99 King of Gloss Black &amp; Dark wax- a synthetic wax that acts like natural carnauba wax on the car&#8217;s surface, giving your car not only a beautiful shine, but also a very good level of protection and hydrophobic properties, which greatly facilitates regular car maintenance. Black &amp; Dark &#8211; You can apply wax to&hellip;","og_url":"https:\/\/detailspot.lt\/produktas\/soft99-king-of-gloss-gloss-wax\/","og_site_name":"Detail Spot","article_publisher":"https:\/\/www.facebook.com\/profile.php?id=100039208338156","og_image":[{"url":"https:\/\/detailspot.lt\/wp-content\/uploads\/2022\/12\/soft99-logo-1-1-300x158.jpg","type":"","width":"","height":""}],"twitter_card":"summary_large_image","twitter_misc":{"Est. reading time":"1 minute"},"schema":{"@context":"https:\/\/schema.org","@graph":[{"@type":"WebPage","@id":"https:\/\/detailspot.lt\/produktas\/soft99-king-of-gloss-gloss-wax\/","url":"https:\/\/detailspot.lt\/produktas\/soft99-king-of-gloss-gloss-wax\/","name":"Soft99 King of Gloss Gloss Wax - Detail Spot","isPartOf":{"@id":"https:\/\/detailspot.lt\/#website"},"primaryImageOfPage":{"@id":"https:\/\/detailspot.lt\/produktas\/soft99-king-of-gloss-gloss-wax\/#primaryimage"},"image":{"@id":"https:\/\/detailspot.lt\/produktas\/soft99-king-of-gloss-gloss-wax\/#primaryimage"},"thumbnailUrl":"https:\/\/detailspot.lt\/wp-content\/uploads\/2022\/12\/soft99-king-of-gloss-gloss-wax-black-dark-2-1-1.jpg","datePublished":"2022-12-02T13:14:34+00:00","breadcrumb":{"@id":"https:\/\/detailspot.lt\/produktas\/soft99-king-of-gloss-gloss-wax\/#breadcrumb"},"inLanguage":"en-US","potentialAction":[{"@type":"ReadAction","target":["https:\/\/detailspot.lt\/produktas\/soft99-king-of-gloss-gloss-wax\/"]}]},{"@type":"ImageObject","inLanguage":"en-US","@id":"https:\/\/detailspot.lt\/produktas\/soft99-king-of-gloss-gloss-wax\/#primaryimage","url":"https:\/\/detailspot.lt\/wp-content\/uploads\/2022\/12\/soft99-king-of-gloss-gloss-wax-black-dark-2-1-1.jpg","contentUrl":"https:\/\/detailspot.lt\/wp-content\/uploads\/2022\/12\/soft99-king-of-gloss-gloss-wax-black-dark-2-1-1.jpg","width":800,"height":800},{"@type":"BreadcrumbList","@id":"https:\/\/detailspot.lt\/produktas\/soft99-king-of-gloss-gloss-wax\/#breadcrumb","itemListElement":[{"@type":"ListItem","position":1,"name":"Home","item":"https:\/\/detailspot.lt\/en\/"},{"@type":"ListItem","position":2,"name":"Shop","item":"https:\/\/detailspot.lt\/en\/parduotuve\/"},{"@type":"ListItem","position":3,"name":"Soft99 King of Gloss Gloss Wax"}]},{"@type":"WebSite","@id":"https:\/\/detailspot.lt\/#website","url":"https:\/\/detailspot.lt\/","name":"Detail Spot","description":"Automobili\u0173 prie\u017ei\u016bros priemon\u0117s","publisher":{"@id":"https:\/\/detailspot.lt\/#organization"},"potentialAction":[{"@type":"SearchAction","target":{"@type":"EntryPoint","urlTemplate":"https:\/\/detailspot.lt\/?s={search_term_string}"},"query-input":{"@type":"PropertyValueSpecification","valueRequired":true,"valueName":"search_term_string"}}],"inLanguage":"en-US"},{"@type":"Organization","@id":"https:\/\/detailspot.lt\/#organization","name":"Detail Spot","url":"https:\/\/detailspot.lt\/","logo":{"@type":"ImageObject","inLanguage":"en-US","@id":"https:\/\/detailspot.lt\/#\/schema\/logo\/image\/","url":"https:\/\/detailspot.lt\/wp-content\/uploads\/2022\/10\/logo-original.svg","contentUrl":"https:\/\/detailspot.lt\/wp-content\/uploads\/2022\/10\/logo-original.svg","width":1,"height":1,"caption":"Detail Spot"},"image":{"@id":"https:\/\/detailspot.lt\/#\/schema\/logo\/image\/"},"sameAs":["https:\/\/www.facebook.com\/profile.php?id=100039208338156"]}]}},"_links":{"self":[{"href":"https:\/\/detailspot.lt\/en\/wp-json\/wp\/v2\/product\/7223","targetHints":{"allow":["GET"]}}],"collection":[{"href":"https:\/\/detailspot.lt\/en\/wp-json\/wp\/v2\/product"}],"about":[{"href":"https:\/\/detailspot.lt\/en\/wp-json\/wp\/v2\/types\/product"}],"replies":[{"embeddable":true,"href":"https:\/\/detailspot.lt\/en\/wp-json\/wp\/v2\/comments?post=7223"}],"wp:featuredmedia":[{"embeddable":true,"href":"https:\/\/detailspot.lt\/en\/wp-json\/wp\/v2\/media\/3764"}],"wp:attachment":[{"href":"https:\/\/detailspot.lt\/en\/wp-json\/wp\/v2\/media?parent=7223"}],"wp:term":[{"taxonomy":"product_brand","embeddable":true,"href":"https:\/\/detailspot.lt\/en\/wp-json\/wp\/v2\/product_brand?post=7223"},{"taxonomy":"product_cat","embeddable":true,"href":"https:\/\/detailspot.lt\/en\/wp-json\/wp\/v2\/product_cat?post=7223"},{"taxonomy":"product_tag","embeddable":true,"href":"https:\/\/detailspot.lt\/en\/wp-json\/wp\/v2\/product_tag?post=7223"}],"curies":[{"name":"wp","href":"https:\/\/api.w.org\/{rel}","templated":true}]}}