{"id":7213,"date":"2022-12-02T15:14:33","date_gmt":"2022-12-02T13:14:33","guid":{"rendered":"https:\/\/detailspot.lt\/produktas\/carpro-cquartz-skin-nano-ceramic-coating-for-films\/"},"modified":"2022-12-02T15:14:33","modified_gmt":"2022-12-02T13:14:33","slug":"carpro-cquartz-skin-nano-ceramic-coating-for-films","status":"publish","type":"product","link":"https:\/\/detailspot.lt\/en\/produktas\/carpro-cquartz-skin-nano-ceramic-coating-for-films\/","title":{"rendered":"CarPro Cquartz Skin nano-ceramic coating for films"},"content":{"rendered":"<p><strong>CarPro Cquartz Skin<\/strong> &#8211; The coating is designed for use on all types of films: coloured, transparent, matt and can be used on uncoated and unpainted plastic components. These surfaces will be protected against UV damage. It also protects the surface from most chemicals and road dirt. The Beabejo coating enhances multi-coloured films by providing an additional colour tone.<\/p>\n<p><strong>Characteristics:<\/strong><\/p>\n<ol>\n<li>Suitable for a wide range of films including matt<\/li>\n<li>Very easy application at different ambient temperatures<\/li>\n<li>Protection against UV, insect debris, salt, various acids, corrosion, calcium stains<\/li>\n<li>The surface acquires self-cleaning properties<\/li>\n<\/ol>\n<p><strong>Application:<\/strong><\/p>\n<ol>\n<li>Wash the car well, rinse and dry<\/li>\n<li>Remove any dirt from the varnish surface<\/li>\n<li>In case of surface debris, use Car Pro TarX to remove it<\/li>\n<li>Prepare the surface with an isopropyl alcohol-based product or Car Pro Eraser<\/li>\n<li>Place a few drops of Cquartz on the applicator<\/li>\n<li>Cover the surface in a criss-cross motion<\/li>\n<li>Wait about 5min and wipe with a microfibre cloth suitable for cleaning the coating<\/li>\n<li>For best results, apply 2-3 coats, spacing the coats ~60min<\/li>\n<\/ol>\n<p>&nbsp;<\/p>\n<p>&nbsp;<\/p>\n<p style=\"text-align: center;\"><img loading=\"lazy\" decoding=\"async\" class=\"alignnone size-medium wp-image-1094\" src=\"https:\/\/detailspot.lt\/wp-content\/uploads\/2022\/11\/Carpro_Logo-e1669668109412-300x62.png\" alt=\"\" width=\"300\" height=\"62\" srcset=\"https:\/\/detailspot.lt\/wp-content\/uploads\/2022\/11\/Carpro_Logo-e1669668109412-300x62.png 300w, https:\/\/detailspot.lt\/wp-content\/uploads\/2022\/11\/Carpro_Logo-e1669668109412-768x160.png 768w, https:\/\/detailspot.lt\/wp-content\/uploads\/2022\/11\/Carpro_Logo-e1669668109412-600x125.png 600w, https:\/\/detailspot.lt\/wp-content\/uploads\/2022\/11\/Carpro_Logo-e1669668109412-64x13.png 64w, https:\/\/detailspot.lt\/wp-content\/uploads\/2022\/11\/Carpro_Logo-e1669668109412.png 1000w\" sizes=\"auto, (max-width: 300px) 100vw, 300px\" \/><\/p>\n","protected":false},"excerpt":{"rendered":"<p>CarPro Cquartz Skin &#8211; The coating is designed for use on all types of films: coloured, transparent, matt and can be used on uncoated and unpainted plastic components. These surfaces will be protected against UV damage. It also protects the surface from most chemicals and road dirt. The Beabejo coating enhances multi-coloured films by providing&hellip;<\/p>\n","protected":false},"featured_media":3774,"comment_status":"closed","ping_status":"closed","template":"","meta":[],"product_brand":[],"product_cat":[161],"product_tag":[254,283,282],"class_list":{"0":"post-7213","1":"product","2":"type-product","3":"status-publish","4":"has-post-thumbnail","6":"product_cat-protective-coatings","7":"product_tag-carpro-en","8":"product_tag-cquartz-en","9":"product_tag-protective-coatings","10":"description-off","12":"first","13":"instock","14":"taxable","15":"shipping-taxable","16":"purchasable","17":"product-type-simple"},"yoast_head":"<!-- This site is optimized with the Yoast SEO plugin v27.4 - https:\/\/yoast.com\/product\/yoast-seo-wordpress\/ -->\n<title>CarPro Cquartz Skin nano-ceramic coating for films - Detail Spot<\/title>\n<meta name=\"robots\" content=\"index, follow, max-snippet:-1, max-image-preview:large, max-video-preview:-1\" \/>\n<link rel=\"canonical\" href=\"https:\/\/detailspot.lt\/produktas\/carpro-cquartz-skin-nano-ceramic-coating-for-films\/\" \/>\n<meta property=\"og:locale\" content=\"en_US\" \/>\n<meta property=\"og:type\" content=\"article\" \/>\n<meta property=\"og:title\" content=\"CarPro Cquartz Skin nano-ceramic coating for films - Detail Spot\" \/>\n<meta property=\"og:description\" content=\"CarPro Cquartz Skin &#8211; The coating is designed for use on all types of films: coloured, transparent, matt and can be used on uncoated and unpainted plastic components. These surfaces will be protected against UV damage. It also protects the surface from most chemicals and road dirt. The Beabejo coating enhances multi-coloured films by providing&hellip;\" \/>\n<meta property=\"og:url\" content=\"https:\/\/detailspot.lt\/produktas\/carpro-cquartz-skin-nano-ceramic-coating-for-films\/\" \/>\n<meta property=\"og:site_name\" content=\"Detail Spot\" \/>\n<meta property=\"article:publisher\" content=\"https:\/\/www.facebook.com\/profile.php?id=100039208338156\" \/>\n<meta property=\"og:image\" content=\"https:\/\/detailspot.lt\/wp-content\/uploads\/2022\/11\/Carpro_Logo-e1669668109412-300x62.png\" \/>\n<meta name=\"twitter:card\" content=\"summary_large_image\" \/>\n<meta name=\"twitter:label1\" content=\"Est. reading time\" \/>\n\t<meta name=\"twitter:data1\" content=\"1 minute\" \/>\n<script type=\"application\/ld+json\" class=\"yoast-schema-graph\">{\"@context\":\"https:\\\/\\\/schema.org\",\"@graph\":[{\"@type\":\"WebPage\",\"@id\":\"https:\\\/\\\/detailspot.lt\\\/produktas\\\/carpro-cquartz-skin-nano-ceramic-coating-for-films\\\/\",\"url\":\"https:\\\/\\\/detailspot.lt\\\/produktas\\\/carpro-cquartz-skin-nano-ceramic-coating-for-films\\\/\",\"name\":\"CarPro Cquartz Skin nano-ceramic coating for films - Detail Spot\",\"isPartOf\":{\"@id\":\"https:\\\/\\\/detailspot.lt\\\/#website\"},\"primaryImageOfPage\":{\"@id\":\"https:\\\/\\\/detailspot.lt\\\/produktas\\\/carpro-cquartz-skin-nano-ceramic-coating-for-films\\\/#primaryimage\"},\"image\":{\"@id\":\"https:\\\/\\\/detailspot.lt\\\/produktas\\\/carpro-cquartz-skin-nano-ceramic-coating-for-films\\\/#primaryimage\"},\"thumbnailUrl\":\"https:\\\/\\\/detailspot.lt\\\/wp-content\\\/uploads\\\/2022\\\/12\\\/carpro-cquartz-skin-nano-keramikine-danga-plevelems-1-1.jpg\",\"datePublished\":\"2022-12-02T13:14:33+00:00\",\"breadcrumb\":{\"@id\":\"https:\\\/\\\/detailspot.lt\\\/produktas\\\/carpro-cquartz-skin-nano-ceramic-coating-for-films\\\/#breadcrumb\"},\"inLanguage\":\"en-US\",\"potentialAction\":[{\"@type\":\"ReadAction\",\"target\":[\"https:\\\/\\\/detailspot.lt\\\/produktas\\\/carpro-cquartz-skin-nano-ceramic-coating-for-films\\\/\"]}]},{\"@type\":\"ImageObject\",\"inLanguage\":\"en-US\",\"@id\":\"https:\\\/\\\/detailspot.lt\\\/produktas\\\/carpro-cquartz-skin-nano-ceramic-coating-for-films\\\/#primaryimage\",\"url\":\"https:\\\/\\\/detailspot.lt\\\/wp-content\\\/uploads\\\/2022\\\/12\\\/carpro-cquartz-skin-nano-keramikine-danga-plevelems-1-1.jpg\",\"contentUrl\":\"https:\\\/\\\/detailspot.lt\\\/wp-content\\\/uploads\\\/2022\\\/12\\\/carpro-cquartz-skin-nano-keramikine-danga-plevelems-1-1.jpg\",\"width\":782,\"height\":782},{\"@type\":\"BreadcrumbList\",\"@id\":\"https:\\\/\\\/detailspot.lt\\\/produktas\\\/carpro-cquartz-skin-nano-ceramic-coating-for-films\\\/#breadcrumb\",\"itemListElement\":[{\"@type\":\"ListItem\",\"position\":1,\"name\":\"Home\",\"item\":\"https:\\\/\\\/detailspot.lt\\\/en\\\/\"},{\"@type\":\"ListItem\",\"position\":2,\"name\":\"Shop\",\"item\":\"https:\\\/\\\/detailspot.lt\\\/en\\\/parduotuve\\\/\"},{\"@type\":\"ListItem\",\"position\":3,\"name\":\"CarPro Cquartz Skin nano-ceramic coating for films\"}]},{\"@type\":\"WebSite\",\"@id\":\"https:\\\/\\\/detailspot.lt\\\/#website\",\"url\":\"https:\\\/\\\/detailspot.lt\\\/\",\"name\":\"Detail Spot\",\"description\":\"Automobili\u0173 prie\u017ei\u016bros priemon\u0117s\",\"publisher\":{\"@id\":\"https:\\\/\\\/detailspot.lt\\\/#organization\"},\"potentialAction\":[{\"@type\":\"SearchAction\",\"target\":{\"@type\":\"EntryPoint\",\"urlTemplate\":\"https:\\\/\\\/detailspot.lt\\\/?s={search_term_string}\"},\"query-input\":{\"@type\":\"PropertyValueSpecification\",\"valueRequired\":true,\"valueName\":\"search_term_string\"}}],\"inLanguage\":\"en-US\"},{\"@type\":\"Organization\",\"@id\":\"https:\\\/\\\/detailspot.lt\\\/#organization\",\"name\":\"Detail Spot\",\"url\":\"https:\\\/\\\/detailspot.lt\\\/\",\"logo\":{\"@type\":\"ImageObject\",\"inLanguage\":\"en-US\",\"@id\":\"https:\\\/\\\/detailspot.lt\\\/#\\\/schema\\\/logo\\\/image\\\/\",\"url\":\"https:\\\/\\\/detailspot.lt\\\/wp-content\\\/uploads\\\/2022\\\/10\\\/logo-original.svg\",\"contentUrl\":\"https:\\\/\\\/detailspot.lt\\\/wp-content\\\/uploads\\\/2022\\\/10\\\/logo-original.svg\",\"width\":1,\"height\":1,\"caption\":\"Detail Spot\"},\"image\":{\"@id\":\"https:\\\/\\\/detailspot.lt\\\/#\\\/schema\\\/logo\\\/image\\\/\"},\"sameAs\":[\"https:\\\/\\\/www.facebook.com\\\/profile.php?id=100039208338156\"]}]}<\/script>\n<!-- \/ Yoast SEO plugin. -->","yoast_head_json":{"title":"CarPro Cquartz Skin nano-ceramic coating for films - Detail Spot","robots":{"index":"index","follow":"follow","max-snippet":"max-snippet:-1","max-image-preview":"max-image-preview:large","max-video-preview":"max-video-preview:-1"},"canonical":"https:\/\/detailspot.lt\/produktas\/carpro-cquartz-skin-nano-ceramic-coating-for-films\/","og_locale":"en_US","og_type":"article","og_title":"CarPro Cquartz Skin nano-ceramic coating for films - Detail Spot","og_description":"CarPro Cquartz Skin &#8211; The coating is designed for use on all types of films: coloured, transparent, matt and can be used on uncoated and unpainted plastic components. These surfaces will be protected against UV damage. It also protects the surface from most chemicals and road dirt. The Beabejo coating enhances multi-coloured films by providing&hellip;","og_url":"https:\/\/detailspot.lt\/produktas\/carpro-cquartz-skin-nano-ceramic-coating-for-films\/","og_site_name":"Detail Spot","article_publisher":"https:\/\/www.facebook.com\/profile.php?id=100039208338156","og_image":[{"url":"https:\/\/detailspot.lt\/wp-content\/uploads\/2022\/11\/Carpro_Logo-e1669668109412-300x62.png","type":"","width":"","height":""}],"twitter_card":"summary_large_image","twitter_misc":{"Est. reading time":"1 minute"},"schema":{"@context":"https:\/\/schema.org","@graph":[{"@type":"WebPage","@id":"https:\/\/detailspot.lt\/produktas\/carpro-cquartz-skin-nano-ceramic-coating-for-films\/","url":"https:\/\/detailspot.lt\/produktas\/carpro-cquartz-skin-nano-ceramic-coating-for-films\/","name":"CarPro Cquartz Skin nano-ceramic coating for films - Detail Spot","isPartOf":{"@id":"https:\/\/detailspot.lt\/#website"},"primaryImageOfPage":{"@id":"https:\/\/detailspot.lt\/produktas\/carpro-cquartz-skin-nano-ceramic-coating-for-films\/#primaryimage"},"image":{"@id":"https:\/\/detailspot.lt\/produktas\/carpro-cquartz-skin-nano-ceramic-coating-for-films\/#primaryimage"},"thumbnailUrl":"https:\/\/detailspot.lt\/wp-content\/uploads\/2022\/12\/carpro-cquartz-skin-nano-keramikine-danga-plevelems-1-1.jpg","datePublished":"2022-12-02T13:14:33+00:00","breadcrumb":{"@id":"https:\/\/detailspot.lt\/produktas\/carpro-cquartz-skin-nano-ceramic-coating-for-films\/#breadcrumb"},"inLanguage":"en-US","potentialAction":[{"@type":"ReadAction","target":["https:\/\/detailspot.lt\/produktas\/carpro-cquartz-skin-nano-ceramic-coating-for-films\/"]}]},{"@type":"ImageObject","inLanguage":"en-US","@id":"https:\/\/detailspot.lt\/produktas\/carpro-cquartz-skin-nano-ceramic-coating-for-films\/#primaryimage","url":"https:\/\/detailspot.lt\/wp-content\/uploads\/2022\/12\/carpro-cquartz-skin-nano-keramikine-danga-plevelems-1-1.jpg","contentUrl":"https:\/\/detailspot.lt\/wp-content\/uploads\/2022\/12\/carpro-cquartz-skin-nano-keramikine-danga-plevelems-1-1.jpg","width":782,"height":782},{"@type":"BreadcrumbList","@id":"https:\/\/detailspot.lt\/produktas\/carpro-cquartz-skin-nano-ceramic-coating-for-films\/#breadcrumb","itemListElement":[{"@type":"ListItem","position":1,"name":"Home","item":"https:\/\/detailspot.lt\/en\/"},{"@type":"ListItem","position":2,"name":"Shop","item":"https:\/\/detailspot.lt\/en\/parduotuve\/"},{"@type":"ListItem","position":3,"name":"CarPro Cquartz Skin nano-ceramic coating for films"}]},{"@type":"WebSite","@id":"https:\/\/detailspot.lt\/#website","url":"https:\/\/detailspot.lt\/","name":"Detail Spot","description":"Automobili\u0173 prie\u017ei\u016bros priemon\u0117s","publisher":{"@id":"https:\/\/detailspot.lt\/#organization"},"potentialAction":[{"@type":"SearchAction","target":{"@type":"EntryPoint","urlTemplate":"https:\/\/detailspot.lt\/?s={search_term_string}"},"query-input":{"@type":"PropertyValueSpecification","valueRequired":true,"valueName":"search_term_string"}}],"inLanguage":"en-US"},{"@type":"Organization","@id":"https:\/\/detailspot.lt\/#organization","name":"Detail Spot","url":"https:\/\/detailspot.lt\/","logo":{"@type":"ImageObject","inLanguage":"en-US","@id":"https:\/\/detailspot.lt\/#\/schema\/logo\/image\/","url":"https:\/\/detailspot.lt\/wp-content\/uploads\/2022\/10\/logo-original.svg","contentUrl":"https:\/\/detailspot.lt\/wp-content\/uploads\/2022\/10\/logo-original.svg","width":1,"height":1,"caption":"Detail Spot"},"image":{"@id":"https:\/\/detailspot.lt\/#\/schema\/logo\/image\/"},"sameAs":["https:\/\/www.facebook.com\/profile.php?id=100039208338156"]}]}},"_links":{"self":[{"href":"https:\/\/detailspot.lt\/en\/wp-json\/wp\/v2\/product\/7213","targetHints":{"allow":["GET"]}}],"collection":[{"href":"https:\/\/detailspot.lt\/en\/wp-json\/wp\/v2\/product"}],"about":[{"href":"https:\/\/detailspot.lt\/en\/wp-json\/wp\/v2\/types\/product"}],"replies":[{"embeddable":true,"href":"https:\/\/detailspot.lt\/en\/wp-json\/wp\/v2\/comments?post=7213"}],"wp:featuredmedia":[{"embeddable":true,"href":"https:\/\/detailspot.lt\/en\/wp-json\/wp\/v2\/media\/3774"}],"wp:attachment":[{"href":"https:\/\/detailspot.lt\/en\/wp-json\/wp\/v2\/media?parent=7213"}],"wp:term":[{"taxonomy":"product_brand","embeddable":true,"href":"https:\/\/detailspot.lt\/en\/wp-json\/wp\/v2\/product_brand?post=7213"},{"taxonomy":"product_cat","embeddable":true,"href":"https:\/\/detailspot.lt\/en\/wp-json\/wp\/v2\/product_cat?post=7213"},{"taxonomy":"product_tag","embeddable":true,"href":"https:\/\/detailspot.lt\/en\/wp-json\/wp\/v2\/product_tag?post=7213"}],"curies":[{"name":"wp","href":"https:\/\/api.w.org\/{rel}","templated":true}]}}