{"id":7197,"date":"2022-12-02T15:14:27","date_gmt":"2022-12-02T13:14:27","guid":{"rendered":"https:\/\/detailspot.lt\/produktas\/fresso-perfumery-set\/"},"modified":"2025-10-01T00:58:07","modified_gmt":"2025-09-30T21:58:07","slug":"fresso-perfumery-set","status":"publish","type":"product","link":"https:\/\/detailspot.lt\/en\/produktas\/fresso-perfumery-set\/","title":{"rendered":"Fresso perfumery set"},"content":{"rendered":"<h1><strong>Fresso perfumery set<\/strong><\/h1>\n<p>Naturally sourced air extractors for car interiors. The fragrances are composed of highly concentrated components that allow the scent to last up to 31 days. Like classic perfumery, fragrances are made up of a variety of notes that give uniqueness to the space in which they are used.<\/p>\n<p>Only <a href=\"https:\/\/detailspot.lt\/produktas\/fresso-wooden-hanger-pakabinamas-oro-gaiviklis\/\">the hanging perfume<\/a> or <a href=\"https:\/\/detailspot.lt\/produktas\/fresso-gift-box-parfumerijos-rinkinys\/\">Gift Box set<\/a> is available separately, or only the <a href=\"https:\/\/detailspot.lt\/produktas\/fresso-automobilio-parfumerija\/\">perfumery<\/a>.<\/p>\n<p><strong>Fresso perfumery set- <\/strong>consists of a hanging wooden perfume and perfumery<\/p>\n<p><strong>Fresso Perfumery Gift Box<\/strong> &#8211; packed and ideal for gift giving<\/p>\n<p><strong>There is a choice of 8 different scents:<\/strong><\/p>\n<ul>\n<li><strong>Magnetic Style&#8217;s<\/strong> sour notes of bergamot and plum are softened by the floral accents of rose, whose character is revealed by the sweet spices of vanilla and musk.<\/li>\n<li><strong>Gentleman<\/strong> is an aromatic blend of spices and herbs creating an aristocratic and relaxing scent. Notes of lavender, rosehip and exotic woods are complemented by sweet vanilla and patchouli. Strong but pleasant aroma.<\/li>\n<li><strong>Sugar Love&#8217;s<\/strong> ultra-sweet sandalwood with vanilla and almond accents is complemented by fruity and warm aromatic notes of pear, orange, pink pepper and sweet rose.<\/li>\n<li><strong>Snow Pearl<\/strong> is a strong citrus blend of silky jasmine and fragrant kalanga for a light aroma with a hint of vanilla.<\/li>\n<li><strong>Dark Delight<\/strong> has rose, magnolia and a rich woody aroma complemented by a sweet hint of caramel. Light and intense scent.<\/li>\n<li><strong>Paradise Spark<\/strong> is a green and fruity natural scent. Lemon, bergamot, herbs, cut grass and crisp apple are the aromas of this Garden of Eden.<\/li>\n<li><strong>Pure Passion<\/strong> cocktail with mandarin, lime, peach and fresh apple. The fruity base is complemented by the floral spices of rose and aromatic kalanga and oakmoss.<\/li>\n<li><strong>Signature Man<\/strong> &#8211; a fragrance that highlights what a confident man wants. It provides and maintains energy throughout the day. The composition opens with sparkling splashes of bergamot, lemon and spicy pepper freshness, enveloped in very aromatic cardamom. The senses are further awakened by a bouquet of delicate flowers &#8211; jasmine, roses, lilies of the valley. Strength and decisiveness are revealed by a blend of oak moss, cadre and sandalwood. It culminates with subtle Brazilian mahogany, musk and vetiver.<\/li>\n<\/ul>\n<p>&nbsp;<\/p>\n<p style=\"text-align: center;\"><img loading=\"lazy\" decoding=\"async\" class=\"alignnone size-full wp-image-2194\" src=\"https:\/\/detailspot.lt\/wp-content\/uploads\/2022\/12\/Fresso-logo.webp\" alt=\"\" width=\"300\" height=\"300\" srcset=\"https:\/\/detailspot.lt\/wp-content\/uploads\/2022\/12\/Fresso-logo.webp 300w, https:\/\/detailspot.lt\/wp-content\/uploads\/2022\/12\/Fresso-logo-150x150.webp 150w, https:\/\/detailspot.lt\/wp-content\/uploads\/2022\/12\/Fresso-logo-200x200.webp 200w, https:\/\/detailspot.lt\/wp-content\/uploads\/2022\/12\/Fresso-logo-64x64.webp 64w\" sizes=\"auto, (max-width: 300px) 100vw, 300px\" \/><\/p>\n<p>&nbsp;<\/p>\n","protected":false},"excerpt":{"rendered":"<p>Fresso perfumery set Naturally sourced air extractors for car interiors. The fragrances are composed of highly concentrated components that allow the scent to last up to 31 days. Like classic perfumery, fragrances are made up of a variety of notes that give uniqueness to the space in which they are used. Only the hanging perfume&hellip;<\/p>\n","protected":false},"featured_media":3827,"comment_status":"closed","ping_status":"closed","template":"","meta":[],"product_brand":[],"product_cat":[165,166],"product_tag":[274,275,276],"class_list":{"0":"post-7197","1":"product","2":"type-product","3":"status-publish","4":"has-post-thumbnail","6":"product_cat-interior","7":"product_cat-perfumes","8":"product_tag-car-perfume","9":"product_tag-fresso-en","10":"product_tag-perfumery","11":"description-off","13":"first","14":"instock","15":"taxable","16":"shipping-taxable","17":"purchasable","18":"product-type-variable","19":"has-default-attributes"},"yoast_head":"<!-- This site is optimized with the Yoast SEO plugin v27.2 - https:\/\/yoast.com\/product\/yoast-seo-wordpress\/ -->\n<title>Fresso perfumery set - Detail Spot<\/title>\n<meta name=\"description\" content=\"Fresso perfumery set Naturally sourced, unique, solidly designed and in the finest fragrance combinations for car interiors.\" \/>\n<meta name=\"robots\" content=\"index, follow, max-snippet:-1, max-image-preview:large, max-video-preview:-1\" \/>\n<link rel=\"canonical\" href=\"https:\/\/detailspot.lt\/en\/produktas\/fresso-perfumery-set\/\" \/>\n<meta property=\"og:locale\" content=\"en_US\" \/>\n<meta property=\"og:type\" content=\"article\" \/>\n<meta property=\"og:title\" content=\"Fresso perfumery set - Detail Spot\" \/>\n<meta property=\"og:description\" content=\"Fresso perfumery set Naturally sourced, unique, solidly designed and in the finest fragrance combinations for car interiors.\" \/>\n<meta property=\"og:url\" content=\"https:\/\/detailspot.lt\/en\/produktas\/fresso-perfumery-set\/\" \/>\n<meta property=\"og:site_name\" content=\"Detail Spot\" \/>\n<meta property=\"article:publisher\" content=\"https:\/\/www.facebook.com\/profile.php?id=100039208338156\" \/>\n<meta property=\"article:modified_time\" content=\"2025-09-30T21:58:07+00:00\" \/>\n<meta property=\"og:image\" content=\"https:\/\/detailspot.lt\/wp-content\/uploads\/2022\/12\/fresso-wooden-hanger-pakabinamas-oro-gaiviklis-2-1-1.jpg\" \/>\n\t<meta property=\"og:image:width\" content=\"1188\" \/>\n\t<meta property=\"og:image:height\" content=\"1188\" \/>\n\t<meta property=\"og:image:type\" content=\"image\/jpeg\" \/>\n<meta name=\"twitter:card\" content=\"summary_large_image\" \/>\n<meta name=\"twitter:label1\" content=\"Est. reading time\" \/>\n\t<meta name=\"twitter:data1\" content=\"2 minutes\" \/>\n<script type=\"application\/ld+json\" class=\"yoast-schema-graph\">{\"@context\":\"https:\/\/schema.org\",\"@graph\":[{\"@type\":\"WebPage\",\"@id\":\"https:\/\/detailspot.lt\/en\/produktas\/fresso-perfumery-set\/\",\"url\":\"https:\/\/detailspot.lt\/en\/produktas\/fresso-perfumery-set\/\",\"name\":\"Fresso perfumery set - Detail Spot\",\"isPartOf\":{\"@id\":\"https:\/\/detailspot.lt\/#website\"},\"primaryImageOfPage\":{\"@id\":\"https:\/\/detailspot.lt\/en\/produktas\/fresso-perfumery-set\/#primaryimage\"},\"image\":{\"@id\":\"https:\/\/detailspot.lt\/en\/produktas\/fresso-perfumery-set\/#primaryimage\"},\"thumbnailUrl\":\"https:\/\/detailspot.lt\/wp-content\/uploads\/2022\/12\/fresso-wooden-hanger-pakabinamas-oro-gaiviklis-2-1-1.jpg\",\"datePublished\":\"2022-12-02T13:14:27+00:00\",\"dateModified\":\"2025-09-30T21:58:07+00:00\",\"description\":\"Fresso perfumery set Naturally sourced, unique, solidly designed and in the finest fragrance combinations for car interiors.\",\"breadcrumb\":{\"@id\":\"https:\/\/detailspot.lt\/en\/produktas\/fresso-perfumery-set\/#breadcrumb\"},\"inLanguage\":\"en-US\",\"potentialAction\":[{\"@type\":\"ReadAction\",\"target\":[\"https:\/\/detailspot.lt\/en\/produktas\/fresso-perfumery-set\/\"]}]},{\"@type\":\"ImageObject\",\"inLanguage\":\"en-US\",\"@id\":\"https:\/\/detailspot.lt\/en\/produktas\/fresso-perfumery-set\/#primaryimage\",\"url\":\"https:\/\/detailspot.lt\/wp-content\/uploads\/2022\/12\/fresso-wooden-hanger-pakabinamas-oro-gaiviklis-2-1-1.jpg\",\"contentUrl\":\"https:\/\/detailspot.lt\/wp-content\/uploads\/2022\/12\/fresso-wooden-hanger-pakabinamas-oro-gaiviklis-2-1-1.jpg\",\"width\":1188,\"height\":1188},{\"@type\":\"BreadcrumbList\",\"@id\":\"https:\/\/detailspot.lt\/en\/produktas\/fresso-perfumery-set\/#breadcrumb\",\"itemListElement\":[{\"@type\":\"ListItem\",\"position\":1,\"name\":\"Home\",\"item\":\"https:\/\/detailspot.lt\/en\/\"},{\"@type\":\"ListItem\",\"position\":2,\"name\":\"Shop\",\"item\":\"https:\/\/detailspot.lt\/en\/parduotuve\/\"},{\"@type\":\"ListItem\",\"position\":3,\"name\":\"Fresso perfumery set\"}]},{\"@type\":\"WebSite\",\"@id\":\"https:\/\/detailspot.lt\/#website\",\"url\":\"https:\/\/detailspot.lt\/\",\"name\":\"Detail Spot\",\"description\":\"Automobili\u0173 prie\u017ei\u016bros priemon\u0117s\",\"publisher\":{\"@id\":\"https:\/\/detailspot.lt\/#organization\"},\"potentialAction\":[{\"@type\":\"SearchAction\",\"target\":{\"@type\":\"EntryPoint\",\"urlTemplate\":\"https:\/\/detailspot.lt\/?s={search_term_string}\"},\"query-input\":{\"@type\":\"PropertyValueSpecification\",\"valueRequired\":true,\"valueName\":\"search_term_string\"}}],\"inLanguage\":\"en-US\"},{\"@type\":\"Organization\",\"@id\":\"https:\/\/detailspot.lt\/#organization\",\"name\":\"Detail Spot\",\"url\":\"https:\/\/detailspot.lt\/\",\"logo\":{\"@type\":\"ImageObject\",\"inLanguage\":\"en-US\",\"@id\":\"https:\/\/detailspot.lt\/#\/schema\/logo\/image\/\",\"url\":\"https:\/\/detailspot.lt\/wp-content\/uploads\/2022\/10\/logo-original.svg\",\"contentUrl\":\"https:\/\/detailspot.lt\/wp-content\/uploads\/2022\/10\/logo-original.svg\",\"width\":1,\"height\":1,\"caption\":\"Detail Spot\"},\"image\":{\"@id\":\"https:\/\/detailspot.lt\/#\/schema\/logo\/image\/\"},\"sameAs\":[\"https:\/\/www.facebook.com\/profile.php?id=100039208338156\"]}]}<\/script>\n<!-- \/ Yoast SEO plugin. -->","yoast_head_json":{"title":"Fresso perfumery set - Detail Spot","description":"Fresso perfumery set Naturally sourced, unique, solidly designed and in the finest fragrance combinations for car interiors.","robots":{"index":"index","follow":"follow","max-snippet":"max-snippet:-1","max-image-preview":"max-image-preview:large","max-video-preview":"max-video-preview:-1"},"canonical":"https:\/\/detailspot.lt\/en\/produktas\/fresso-perfumery-set\/","og_locale":"en_US","og_type":"article","og_title":"Fresso perfumery set - Detail Spot","og_description":"Fresso perfumery set Naturally sourced, unique, solidly designed and in the finest fragrance combinations for car interiors.","og_url":"https:\/\/detailspot.lt\/en\/produktas\/fresso-perfumery-set\/","og_site_name":"Detail Spot","article_publisher":"https:\/\/www.facebook.com\/profile.php?id=100039208338156","article_modified_time":"2025-09-30T21:58:07+00:00","og_image":[{"width":1188,"height":1188,"url":"https:\/\/detailspot.lt\/wp-content\/uploads\/2022\/12\/fresso-wooden-hanger-pakabinamas-oro-gaiviklis-2-1-1.jpg","type":"image\/jpeg"}],"twitter_card":"summary_large_image","twitter_misc":{"Est. reading time":"2 minutes"},"schema":{"@context":"https:\/\/schema.org","@graph":[{"@type":"WebPage","@id":"https:\/\/detailspot.lt\/en\/produktas\/fresso-perfumery-set\/","url":"https:\/\/detailspot.lt\/en\/produktas\/fresso-perfumery-set\/","name":"Fresso perfumery set - Detail Spot","isPartOf":{"@id":"https:\/\/detailspot.lt\/#website"},"primaryImageOfPage":{"@id":"https:\/\/detailspot.lt\/en\/produktas\/fresso-perfumery-set\/#primaryimage"},"image":{"@id":"https:\/\/detailspot.lt\/en\/produktas\/fresso-perfumery-set\/#primaryimage"},"thumbnailUrl":"https:\/\/detailspot.lt\/wp-content\/uploads\/2022\/12\/fresso-wooden-hanger-pakabinamas-oro-gaiviklis-2-1-1.jpg","datePublished":"2022-12-02T13:14:27+00:00","dateModified":"2025-09-30T21:58:07+00:00","description":"Fresso perfumery set Naturally sourced, unique, solidly designed and in the finest fragrance combinations for car interiors.","breadcrumb":{"@id":"https:\/\/detailspot.lt\/en\/produktas\/fresso-perfumery-set\/#breadcrumb"},"inLanguage":"en-US","potentialAction":[{"@type":"ReadAction","target":["https:\/\/detailspot.lt\/en\/produktas\/fresso-perfumery-set\/"]}]},{"@type":"ImageObject","inLanguage":"en-US","@id":"https:\/\/detailspot.lt\/en\/produktas\/fresso-perfumery-set\/#primaryimage","url":"https:\/\/detailspot.lt\/wp-content\/uploads\/2022\/12\/fresso-wooden-hanger-pakabinamas-oro-gaiviklis-2-1-1.jpg","contentUrl":"https:\/\/detailspot.lt\/wp-content\/uploads\/2022\/12\/fresso-wooden-hanger-pakabinamas-oro-gaiviklis-2-1-1.jpg","width":1188,"height":1188},{"@type":"BreadcrumbList","@id":"https:\/\/detailspot.lt\/en\/produktas\/fresso-perfumery-set\/#breadcrumb","itemListElement":[{"@type":"ListItem","position":1,"name":"Home","item":"https:\/\/detailspot.lt\/en\/"},{"@type":"ListItem","position":2,"name":"Shop","item":"https:\/\/detailspot.lt\/en\/parduotuve\/"},{"@type":"ListItem","position":3,"name":"Fresso perfumery set"}]},{"@type":"WebSite","@id":"https:\/\/detailspot.lt\/#website","url":"https:\/\/detailspot.lt\/","name":"Detail Spot","description":"Automobili\u0173 prie\u017ei\u016bros priemon\u0117s","publisher":{"@id":"https:\/\/detailspot.lt\/#organization"},"potentialAction":[{"@type":"SearchAction","target":{"@type":"EntryPoint","urlTemplate":"https:\/\/detailspot.lt\/?s={search_term_string}"},"query-input":{"@type":"PropertyValueSpecification","valueRequired":true,"valueName":"search_term_string"}}],"inLanguage":"en-US"},{"@type":"Organization","@id":"https:\/\/detailspot.lt\/#organization","name":"Detail Spot","url":"https:\/\/detailspot.lt\/","logo":{"@type":"ImageObject","inLanguage":"en-US","@id":"https:\/\/detailspot.lt\/#\/schema\/logo\/image\/","url":"https:\/\/detailspot.lt\/wp-content\/uploads\/2022\/10\/logo-original.svg","contentUrl":"https:\/\/detailspot.lt\/wp-content\/uploads\/2022\/10\/logo-original.svg","width":1,"height":1,"caption":"Detail Spot"},"image":{"@id":"https:\/\/detailspot.lt\/#\/schema\/logo\/image\/"},"sameAs":["https:\/\/www.facebook.com\/profile.php?id=100039208338156"]}]}},"_links":{"self":[{"href":"https:\/\/detailspot.lt\/en\/wp-json\/wp\/v2\/product\/7197","targetHints":{"allow":["GET"]}}],"collection":[{"href":"https:\/\/detailspot.lt\/en\/wp-json\/wp\/v2\/product"}],"about":[{"href":"https:\/\/detailspot.lt\/en\/wp-json\/wp\/v2\/types\/product"}],"replies":[{"embeddable":true,"href":"https:\/\/detailspot.lt\/en\/wp-json\/wp\/v2\/comments?post=7197"}],"wp:featuredmedia":[{"embeddable":true,"href":"https:\/\/detailspot.lt\/en\/wp-json\/wp\/v2\/media\/3827"}],"wp:attachment":[{"href":"https:\/\/detailspot.lt\/en\/wp-json\/wp\/v2\/media?parent=7197"}],"wp:term":[{"taxonomy":"product_brand","embeddable":true,"href":"https:\/\/detailspot.lt\/en\/wp-json\/wp\/v2\/product_brand?post=7197"},{"taxonomy":"product_cat","embeddable":true,"href":"https:\/\/detailspot.lt\/en\/wp-json\/wp\/v2\/product_cat?post=7197"},{"taxonomy":"product_tag","embeddable":true,"href":"https:\/\/detailspot.lt\/en\/wp-json\/wp\/v2\/product_tag?post=7197"}],"curies":[{"name":"wp","href":"https:\/\/api.w.org\/{rel}","templated":true}]}}