{"id":7183,"date":"2022-12-02T15:14:57","date_gmt":"2022-12-02T13:14:57","guid":{"rendered":"https:\/\/detailspot.lt\/produktas\/303-aerospace-protectant\/"},"modified":"2025-05-02T16:00:26","modified_gmt":"2025-05-02T13:00:26","slug":"303-aerospace-protectant","status":"publish","type":"product","link":"https:\/\/detailspot.lt\/en\/produktas\/303-aerospace-protectant\/","title":{"rendered":"303 Aerospace Protectant"},"content":{"rendered":"<h1><strong>303 Aerospace Protectant <\/strong><\/h1>\n<p>a plastic, rubber and leather surface protector developed for the aviation industry. It was only later that car enthusiasts took notice of the 303 and fell in love with it. It is one of the most advanced products of its kind, protecting a wide range of surfaces against UV fading. The surfaces to be coated can be as varied as tyres, the vinyl roof of a convertible, leather seats, plastics in the cabin, plastics under the bonnet, rubber gaskets. In addition to 100% UV protection, it offers hydrophobic water repellency, which provides additional protection against fogging. This care product leaves no traces of cleaning, coats the surface uniformly with a natural semi-matt shine and, as it does not contain any wax, silicone or paraffin, leaves a touchable effect.<\/p>\n<p><strong>Characteristics:<\/strong><\/p>\n<ol>\n<li>SPF 40 UV protection level<\/li>\n<li>Protection against fading, cracking<\/li>\n<li>Durability 10 times higher than similar products<\/li>\n<li>Gives a semi-matt shine<\/li>\n<\/ol>\n<p><strong>Application:<\/strong><\/p>\n<ol>\n<li>Clean the parts to be coated with an all-purpose cleaner (APC)<\/li>\n<li>Apply to a dry surface using a microfibre cloth or applicator and allow to dry<\/li>\n<li>Wipe off excess microfibre cloths<\/li>\n<\/ol>\n<p>&nbsp;<\/p>\n<p style=\"text-align: center;\"><img loading=\"lazy\" decoding=\"async\" class=\"alignnone size-medium wp-image-2078\" src=\"https:\/\/detailspot.lt\/wp-content\/uploads\/2022\/12\/303-logo-300x169.jpg\" alt=\"\" width=\"300\" height=\"169\" srcset=\"https:\/\/detailspot.lt\/wp-content\/uploads\/2022\/12\/303-logo-300x169.jpg 300w, https:\/\/detailspot.lt\/wp-content\/uploads\/2022\/12\/303-logo-1024x576.jpg 1024w, https:\/\/detailspot.lt\/wp-content\/uploads\/2022\/12\/303-logo-768x432.jpg 768w, https:\/\/detailspot.lt\/wp-content\/uploads\/2022\/12\/303-logo-600x338.jpg 600w, https:\/\/detailspot.lt\/wp-content\/uploads\/2022\/12\/303-logo-64x36.jpg 64w, https:\/\/detailspot.lt\/wp-content\/uploads\/2022\/12\/303-logo.jpg 1280w\" sizes=\"auto, (max-width: 300px) 100vw, 300px\" \/><\/p>\n","protected":false},"excerpt":{"rendered":"<p>303 Aerospace Protectant a plastic, rubber and leather surface protector developed for the aviation industry. It was only later that car enthusiasts took notice of the 303 and fell in love with it. It is one of the most advanced products of its kind, protecting a wide range of surfaces against UV fading. The surfaces&hellip;<\/p>\n","protected":false},"featured_media":3861,"comment_status":"closed","ping_status":"closed","template":"","meta":[],"product_brand":[],"product_cat":[165,168],"product_tag":[],"class_list":{"0":"post-7183","1":"product","2":"type-product","3":"status-publish","4":"has-post-thumbnail","6":"product_cat-interior","7":"product_cat-plastics-and-textiles","8":"description-off","10":"first","11":"instock","12":"taxable","13":"shipping-taxable","14":"purchasable","15":"product-type-variable"},"yoast_head":"<!-- This site is optimized with the Yoast SEO plugin v27.4 - https:\/\/yoast.com\/product\/yoast-seo-wordpress\/ -->\n<title>303 Aerospace Protectant - Detail Spot<\/title>\n<meta name=\"description\" content=\"303 Aerospace Protectant a plastic, rubber and leather surface protector developed for the aviation industry.\" \/>\n<meta name=\"robots\" content=\"index, follow, max-snippet:-1, max-image-preview:large, max-video-preview:-1\" \/>\n<link rel=\"canonical\" href=\"https:\/\/detailspot.lt\/en\/produktas\/303-aerospace-protectant\/\" \/>\n<meta property=\"og:locale\" content=\"en_US\" \/>\n<meta property=\"og:type\" content=\"article\" \/>\n<meta property=\"og:title\" content=\"303 Aerospace Protectant - Detail Spot\" \/>\n<meta property=\"og:description\" content=\"303 Aerospace Protectant a plastic, rubber and leather surface protector developed for the aviation industry.\" \/>\n<meta property=\"og:url\" content=\"https:\/\/detailspot.lt\/en\/produktas\/303-aerospace-protectant\/\" \/>\n<meta property=\"og:site_name\" content=\"Detail Spot\" \/>\n<meta property=\"article:publisher\" content=\"https:\/\/www.facebook.com\/profile.php?id=100039208338156\" \/>\n<meta property=\"article:modified_time\" content=\"2025-05-02T13:00:26+00:00\" \/>\n<meta property=\"og:image\" content=\"https:\/\/detailspot.lt\/wp-content\/uploads\/2022\/12\/61FNIBHBkaL-1.jpg\" \/>\n\t<meta property=\"og:image:width\" content=\"2412\" \/>\n\t<meta property=\"og:image:height\" content=\"2412\" \/>\n\t<meta property=\"og:image:type\" content=\"image\/jpeg\" \/>\n<meta name=\"twitter:card\" content=\"summary_large_image\" \/>\n<meta name=\"twitter:label1\" content=\"Est. reading time\" \/>\n\t<meta name=\"twitter:data1\" content=\"1 minute\" \/>\n<script type=\"application\/ld+json\" class=\"yoast-schema-graph\">{\"@context\":\"https:\\\/\\\/schema.org\",\"@graph\":[{\"@type\":\"WebPage\",\"@id\":\"https:\\\/\\\/detailspot.lt\\\/en\\\/produktas\\\/303-aerospace-protectant\\\/\",\"url\":\"https:\\\/\\\/detailspot.lt\\\/en\\\/produktas\\\/303-aerospace-protectant\\\/\",\"name\":\"303 Aerospace Protectant - Detail Spot\",\"isPartOf\":{\"@id\":\"https:\\\/\\\/detailspot.lt\\\/#website\"},\"primaryImageOfPage\":{\"@id\":\"https:\\\/\\\/detailspot.lt\\\/en\\\/produktas\\\/303-aerospace-protectant\\\/#primaryimage\"},\"image\":{\"@id\":\"https:\\\/\\\/detailspot.lt\\\/en\\\/produktas\\\/303-aerospace-protectant\\\/#primaryimage\"},\"thumbnailUrl\":\"https:\\\/\\\/detailspot.lt\\\/wp-content\\\/uploads\\\/2022\\\/12\\\/61FNIBHBkaL-1.jpg\",\"datePublished\":\"2022-12-02T13:14:57+00:00\",\"dateModified\":\"2025-05-02T13:00:26+00:00\",\"description\":\"303 Aerospace Protectant a plastic, rubber and leather surface protector developed for the aviation industry.\",\"breadcrumb\":{\"@id\":\"https:\\\/\\\/detailspot.lt\\\/en\\\/produktas\\\/303-aerospace-protectant\\\/#breadcrumb\"},\"inLanguage\":\"en-US\",\"potentialAction\":[{\"@type\":\"ReadAction\",\"target\":[\"https:\\\/\\\/detailspot.lt\\\/en\\\/produktas\\\/303-aerospace-protectant\\\/\"]}]},{\"@type\":\"ImageObject\",\"inLanguage\":\"en-US\",\"@id\":\"https:\\\/\\\/detailspot.lt\\\/en\\\/produktas\\\/303-aerospace-protectant\\\/#primaryimage\",\"url\":\"https:\\\/\\\/detailspot.lt\\\/wp-content\\\/uploads\\\/2022\\\/12\\\/61FNIBHBkaL-1.jpg\",\"contentUrl\":\"https:\\\/\\\/detailspot.lt\\\/wp-content\\\/uploads\\\/2022\\\/12\\\/61FNIBHBkaL-1.jpg\",\"width\":2412,\"height\":2412},{\"@type\":\"BreadcrumbList\",\"@id\":\"https:\\\/\\\/detailspot.lt\\\/en\\\/produktas\\\/303-aerospace-protectant\\\/#breadcrumb\",\"itemListElement\":[{\"@type\":\"ListItem\",\"position\":1,\"name\":\"Home\",\"item\":\"https:\\\/\\\/detailspot.lt\\\/en\\\/\"},{\"@type\":\"ListItem\",\"position\":2,\"name\":\"Shop\",\"item\":\"https:\\\/\\\/detailspot.lt\\\/en\\\/parduotuve\\\/\"},{\"@type\":\"ListItem\",\"position\":3,\"name\":\"303 Aerospace Protectant\"}]},{\"@type\":\"WebSite\",\"@id\":\"https:\\\/\\\/detailspot.lt\\\/#website\",\"url\":\"https:\\\/\\\/detailspot.lt\\\/\",\"name\":\"Detail Spot\",\"description\":\"Automobili\u0173 prie\u017ei\u016bros priemon\u0117s\",\"publisher\":{\"@id\":\"https:\\\/\\\/detailspot.lt\\\/#organization\"},\"potentialAction\":[{\"@type\":\"SearchAction\",\"target\":{\"@type\":\"EntryPoint\",\"urlTemplate\":\"https:\\\/\\\/detailspot.lt\\\/?s={search_term_string}\"},\"query-input\":{\"@type\":\"PropertyValueSpecification\",\"valueRequired\":true,\"valueName\":\"search_term_string\"}}],\"inLanguage\":\"en-US\"},{\"@type\":\"Organization\",\"@id\":\"https:\\\/\\\/detailspot.lt\\\/#organization\",\"name\":\"Detail Spot\",\"url\":\"https:\\\/\\\/detailspot.lt\\\/\",\"logo\":{\"@type\":\"ImageObject\",\"inLanguage\":\"en-US\",\"@id\":\"https:\\\/\\\/detailspot.lt\\\/#\\\/schema\\\/logo\\\/image\\\/\",\"url\":\"https:\\\/\\\/detailspot.lt\\\/wp-content\\\/uploads\\\/2022\\\/10\\\/logo-original.svg\",\"contentUrl\":\"https:\\\/\\\/detailspot.lt\\\/wp-content\\\/uploads\\\/2022\\\/10\\\/logo-original.svg\",\"width\":1,\"height\":1,\"caption\":\"Detail Spot\"},\"image\":{\"@id\":\"https:\\\/\\\/detailspot.lt\\\/#\\\/schema\\\/logo\\\/image\\\/\"},\"sameAs\":[\"https:\\\/\\\/www.facebook.com\\\/profile.php?id=100039208338156\"]}]}<\/script>\n<!-- \/ Yoast SEO plugin. -->","yoast_head_json":{"title":"303 Aerospace Protectant - Detail Spot","description":"303 Aerospace Protectant a plastic, rubber and leather surface protector developed for the aviation industry.","robots":{"index":"index","follow":"follow","max-snippet":"max-snippet:-1","max-image-preview":"max-image-preview:large","max-video-preview":"max-video-preview:-1"},"canonical":"https:\/\/detailspot.lt\/en\/produktas\/303-aerospace-protectant\/","og_locale":"en_US","og_type":"article","og_title":"303 Aerospace Protectant - Detail Spot","og_description":"303 Aerospace Protectant a plastic, rubber and leather surface protector developed for the aviation industry.","og_url":"https:\/\/detailspot.lt\/en\/produktas\/303-aerospace-protectant\/","og_site_name":"Detail Spot","article_publisher":"https:\/\/www.facebook.com\/profile.php?id=100039208338156","article_modified_time":"2025-05-02T13:00:26+00:00","og_image":[{"width":2412,"height":2412,"url":"https:\/\/detailspot.lt\/wp-content\/uploads\/2022\/12\/61FNIBHBkaL-1.jpg","type":"image\/jpeg"}],"twitter_card":"summary_large_image","twitter_misc":{"Est. reading time":"1 minute"},"schema":{"@context":"https:\/\/schema.org","@graph":[{"@type":"WebPage","@id":"https:\/\/detailspot.lt\/en\/produktas\/303-aerospace-protectant\/","url":"https:\/\/detailspot.lt\/en\/produktas\/303-aerospace-protectant\/","name":"303 Aerospace Protectant - Detail Spot","isPartOf":{"@id":"https:\/\/detailspot.lt\/#website"},"primaryImageOfPage":{"@id":"https:\/\/detailspot.lt\/en\/produktas\/303-aerospace-protectant\/#primaryimage"},"image":{"@id":"https:\/\/detailspot.lt\/en\/produktas\/303-aerospace-protectant\/#primaryimage"},"thumbnailUrl":"https:\/\/detailspot.lt\/wp-content\/uploads\/2022\/12\/61FNIBHBkaL-1.jpg","datePublished":"2022-12-02T13:14:57+00:00","dateModified":"2025-05-02T13:00:26+00:00","description":"303 Aerospace Protectant a plastic, rubber and leather surface protector developed for the aviation industry.","breadcrumb":{"@id":"https:\/\/detailspot.lt\/en\/produktas\/303-aerospace-protectant\/#breadcrumb"},"inLanguage":"en-US","potentialAction":[{"@type":"ReadAction","target":["https:\/\/detailspot.lt\/en\/produktas\/303-aerospace-protectant\/"]}]},{"@type":"ImageObject","inLanguage":"en-US","@id":"https:\/\/detailspot.lt\/en\/produktas\/303-aerospace-protectant\/#primaryimage","url":"https:\/\/detailspot.lt\/wp-content\/uploads\/2022\/12\/61FNIBHBkaL-1.jpg","contentUrl":"https:\/\/detailspot.lt\/wp-content\/uploads\/2022\/12\/61FNIBHBkaL-1.jpg","width":2412,"height":2412},{"@type":"BreadcrumbList","@id":"https:\/\/detailspot.lt\/en\/produktas\/303-aerospace-protectant\/#breadcrumb","itemListElement":[{"@type":"ListItem","position":1,"name":"Home","item":"https:\/\/detailspot.lt\/en\/"},{"@type":"ListItem","position":2,"name":"Shop","item":"https:\/\/detailspot.lt\/en\/parduotuve\/"},{"@type":"ListItem","position":3,"name":"303 Aerospace Protectant"}]},{"@type":"WebSite","@id":"https:\/\/detailspot.lt\/#website","url":"https:\/\/detailspot.lt\/","name":"Detail Spot","description":"Automobili\u0173 prie\u017ei\u016bros priemon\u0117s","publisher":{"@id":"https:\/\/detailspot.lt\/#organization"},"potentialAction":[{"@type":"SearchAction","target":{"@type":"EntryPoint","urlTemplate":"https:\/\/detailspot.lt\/?s={search_term_string}"},"query-input":{"@type":"PropertyValueSpecification","valueRequired":true,"valueName":"search_term_string"}}],"inLanguage":"en-US"},{"@type":"Organization","@id":"https:\/\/detailspot.lt\/#organization","name":"Detail Spot","url":"https:\/\/detailspot.lt\/","logo":{"@type":"ImageObject","inLanguage":"en-US","@id":"https:\/\/detailspot.lt\/#\/schema\/logo\/image\/","url":"https:\/\/detailspot.lt\/wp-content\/uploads\/2022\/10\/logo-original.svg","contentUrl":"https:\/\/detailspot.lt\/wp-content\/uploads\/2022\/10\/logo-original.svg","width":1,"height":1,"caption":"Detail Spot"},"image":{"@id":"https:\/\/detailspot.lt\/#\/schema\/logo\/image\/"},"sameAs":["https:\/\/www.facebook.com\/profile.php?id=100039208338156"]}]}},"_links":{"self":[{"href":"https:\/\/detailspot.lt\/en\/wp-json\/wp\/v2\/product\/7183","targetHints":{"allow":["GET"]}}],"collection":[{"href":"https:\/\/detailspot.lt\/en\/wp-json\/wp\/v2\/product"}],"about":[{"href":"https:\/\/detailspot.lt\/en\/wp-json\/wp\/v2\/types\/product"}],"replies":[{"embeddable":true,"href":"https:\/\/detailspot.lt\/en\/wp-json\/wp\/v2\/comments?post=7183"}],"wp:featuredmedia":[{"embeddable":true,"href":"https:\/\/detailspot.lt\/en\/wp-json\/wp\/v2\/media\/3861"}],"wp:attachment":[{"href":"https:\/\/detailspot.lt\/en\/wp-json\/wp\/v2\/media?parent=7183"}],"wp:term":[{"taxonomy":"product_brand","embeddable":true,"href":"https:\/\/detailspot.lt\/en\/wp-json\/wp\/v2\/product_brand?post=7183"},{"taxonomy":"product_cat","embeddable":true,"href":"https:\/\/detailspot.lt\/en\/wp-json\/wp\/v2\/product_cat?post=7183"},{"taxonomy":"product_tag","embeddable":true,"href":"https:\/\/detailspot.lt\/en\/wp-json\/wp\/v2\/product_tag?post=7183"}],"curies":[{"name":"wp","href":"https:\/\/api.w.org\/{rel}","templated":true}]}}