{"id":7179,"date":"2022-12-02T15:15:04","date_gmt":"2022-12-02T13:15:04","guid":{"rendered":"https:\/\/detailspot.lt\/produktas\/meguiars-ultra-pro-finishing-polish-210\/"},"modified":"2024-05-18T19:52:43","modified_gmt":"2024-05-18T16:52:43","slug":"meguiars-ultra-pro-finishing-polish-210","status":"publish","type":"product","link":"https:\/\/detailspot.lt\/en\/produktas\/meguiars-ultra-pro-finishing-polish-210\/","title":{"rendered":"Meguiar&#8217;s Ultra Pro Finishing Polish 210"},"content":{"rendered":"<div class=\"right\">\n<div id=\"translatedtext\" class=\"query-input\">\n<p><a href=\"https:\/\/www.meguiars.com\/professional\/products\/meguiars-m210-mirror-glaze-ultra-pro-finishing-polish-deep-glossy-finish\">Meguiar&#8217;s Ultra Pro Finishing Polish 210<\/a> &#8211; is a new step in the evolution of true, clean polishing that delivers amazing results even on sensitive polishes. This brand new formula, formulated with professional auto-care shops and detailers in mind, quickly removes light paint defects such as holograms and micro-scratches caused by touch-up work. The oils in Ultra Pro 210 polishing paste create a deep, rich shine, even when working with dark and sensitive paints. Thanks to the exclusive formula, polyol residues are easily removed from the surface. M210 is also a multi-purpose cleaner and polisher that is safe and effective when used by hand, with orbital polishers or rotary polishers. Works well with <a href=\"https:\/\/detailspot.lt\/produktas\/rupes-da-yellow-fine-pad\/\">Rupes DA Yeallow Fine pad<\/a><\/p>\n<\/div>\n<\/div>\n<h1 class=\"product_title entry-title\" style=\"text-align: center;\"><\/h1>\n<p style=\"text-align: center;\"><img loading=\"lazy\" decoding=\"async\" class=\"alignnone size-medium wp-image-2290\" src=\"https:\/\/detailspot.lt\/wp-content\/uploads\/2022\/12\/meg-logo-300x182.png\" alt=\"\" width=\"300\" height=\"182\" srcset=\"https:\/\/detailspot.lt\/wp-content\/uploads\/2022\/12\/meg-logo-300x182.png 300w, https:\/\/detailspot.lt\/wp-content\/uploads\/2022\/12\/meg-logo-1024x622.png 1024w, https:\/\/detailspot.lt\/wp-content\/uploads\/2022\/12\/meg-logo-768x467.png 768w, https:\/\/detailspot.lt\/wp-content\/uploads\/2022\/12\/meg-logo-1536x933.png 1536w, https:\/\/detailspot.lt\/wp-content\/uploads\/2022\/12\/meg-logo-600x365.png 600w, https:\/\/detailspot.lt\/wp-content\/uploads\/2022\/12\/meg-logo-64x39.png 64w, https:\/\/detailspot.lt\/wp-content\/uploads\/2022\/12\/meg-logo.png 1738w\" sizes=\"auto, (max-width: 300px) 100vw, 300px\" \/><\/p>\n","protected":false},"excerpt":{"rendered":"<p>Meguiar&#8217;s Ultra Pro Finishing Polish 210<\/p>\n","protected":false},"featured_media":4004,"comment_status":"closed","ping_status":"closed","template":"","meta":[],"product_brand":[],"product_cat":[173,170],"product_tag":[],"class_list":{"0":"post-7179","1":"product","2":"type-product","3":"status-publish","4":"has-post-thumbnail","6":"product_cat-polishing-pastes","7":"product_cat-polishing-tools","8":"description-off","10":"first","11":"outofstock","12":"taxable","13":"shipping-taxable","14":"purchasable","15":"product-type-simple"},"yoast_head":"<!-- This site is optimized with the Yoast SEO plugin v27.2 - https:\/\/yoast.com\/product\/yoast-seo-wordpress\/ -->\n<title>Meguiar&#039;s Ultra Pro Finishing Polish 210 - Detail Spot<\/title>\n<meta name=\"robots\" content=\"index, follow, max-snippet:-1, max-image-preview:large, max-video-preview:-1\" \/>\n<link rel=\"canonical\" href=\"https:\/\/detailspot.lt\/en\/produktas\/meguiars-ultra-pro-finishing-polish-210\/\" \/>\n<meta property=\"og:locale\" content=\"en_US\" \/>\n<meta property=\"og:type\" content=\"article\" \/>\n<meta property=\"og:title\" content=\"Meguiar&#039;s Ultra Pro Finishing Polish 210 - Detail Spot\" \/>\n<meta property=\"og:description\" content=\"Meguiar&#039;s Ultra Pro Finishing Polish 210\" \/>\n<meta property=\"og:url\" content=\"https:\/\/detailspot.lt\/en\/produktas\/meguiars-ultra-pro-finishing-polish-210\/\" \/>\n<meta property=\"og:site_name\" content=\"Detail Spot\" \/>\n<meta property=\"article:publisher\" content=\"https:\/\/www.facebook.com\/profile.php?id=100039208338156\" \/>\n<meta property=\"article:modified_time\" content=\"2024-05-18T16:52:43+00:00\" \/>\n<meta property=\"og:image\" content=\"https:\/\/detailspot.lt\/wp-content\/uploads\/2022\/12\/meguiars-ultra-finishing-polish-205-kopija-1-1.png\" \/>\n\t<meta property=\"og:image:width\" content=\"650\" \/>\n\t<meta property=\"og:image:height\" content=\"650\" \/>\n\t<meta property=\"og:image:type\" content=\"image\/png\" \/>\n<meta name=\"twitter:card\" content=\"summary_large_image\" \/>\n<meta name=\"twitter:label1\" content=\"Est. reading time\" \/>\n\t<meta name=\"twitter:data1\" content=\"1 minute\" \/>\n<script type=\"application\/ld+json\" class=\"yoast-schema-graph\">{\"@context\":\"https:\/\/schema.org\",\"@graph\":[{\"@type\":\"WebPage\",\"@id\":\"https:\/\/detailspot.lt\/en\/produktas\/meguiars-ultra-pro-finishing-polish-210\/\",\"url\":\"https:\/\/detailspot.lt\/en\/produktas\/meguiars-ultra-pro-finishing-polish-210\/\",\"name\":\"Meguiar's Ultra Pro Finishing Polish 210 - Detail Spot\",\"isPartOf\":{\"@id\":\"https:\/\/detailspot.lt\/#website\"},\"primaryImageOfPage\":{\"@id\":\"https:\/\/detailspot.lt\/en\/produktas\/meguiars-ultra-pro-finishing-polish-210\/#primaryimage\"},\"image\":{\"@id\":\"https:\/\/detailspot.lt\/en\/produktas\/meguiars-ultra-pro-finishing-polish-210\/#primaryimage\"},\"thumbnailUrl\":\"https:\/\/detailspot.lt\/wp-content\/uploads\/2022\/12\/meguiars-ultra-finishing-polish-205-kopija-1-1.png\",\"datePublished\":\"2022-12-02T13:15:04+00:00\",\"dateModified\":\"2024-05-18T16:52:43+00:00\",\"breadcrumb\":{\"@id\":\"https:\/\/detailspot.lt\/en\/produktas\/meguiars-ultra-pro-finishing-polish-210\/#breadcrumb\"},\"inLanguage\":\"en-US\",\"potentialAction\":[{\"@type\":\"ReadAction\",\"target\":[\"https:\/\/detailspot.lt\/en\/produktas\/meguiars-ultra-pro-finishing-polish-210\/\"]}]},{\"@type\":\"ImageObject\",\"inLanguage\":\"en-US\",\"@id\":\"https:\/\/detailspot.lt\/en\/produktas\/meguiars-ultra-pro-finishing-polish-210\/#primaryimage\",\"url\":\"https:\/\/detailspot.lt\/wp-content\/uploads\/2022\/12\/meguiars-ultra-finishing-polish-205-kopija-1-1.png\",\"contentUrl\":\"https:\/\/detailspot.lt\/wp-content\/uploads\/2022\/12\/meguiars-ultra-finishing-polish-205-kopija-1-1.png\",\"width\":650,\"height\":650},{\"@type\":\"BreadcrumbList\",\"@id\":\"https:\/\/detailspot.lt\/en\/produktas\/meguiars-ultra-pro-finishing-polish-210\/#breadcrumb\",\"itemListElement\":[{\"@type\":\"ListItem\",\"position\":1,\"name\":\"Home\",\"item\":\"https:\/\/detailspot.lt\/en\/\"},{\"@type\":\"ListItem\",\"position\":2,\"name\":\"Shop\",\"item\":\"https:\/\/detailspot.lt\/en\/parduotuve\/\"},{\"@type\":\"ListItem\",\"position\":3,\"name\":\"Meguiar&#8217;s Ultra Pro Finishing Polish 210\"}]},{\"@type\":\"WebSite\",\"@id\":\"https:\/\/detailspot.lt\/#website\",\"url\":\"https:\/\/detailspot.lt\/\",\"name\":\"Detail Spot\",\"description\":\"Automobili\u0173 prie\u017ei\u016bros priemon\u0117s\",\"publisher\":{\"@id\":\"https:\/\/detailspot.lt\/#organization\"},\"potentialAction\":[{\"@type\":\"SearchAction\",\"target\":{\"@type\":\"EntryPoint\",\"urlTemplate\":\"https:\/\/detailspot.lt\/?s={search_term_string}\"},\"query-input\":{\"@type\":\"PropertyValueSpecification\",\"valueRequired\":true,\"valueName\":\"search_term_string\"}}],\"inLanguage\":\"en-US\"},{\"@type\":\"Organization\",\"@id\":\"https:\/\/detailspot.lt\/#organization\",\"name\":\"Detail Spot\",\"url\":\"https:\/\/detailspot.lt\/\",\"logo\":{\"@type\":\"ImageObject\",\"inLanguage\":\"en-US\",\"@id\":\"https:\/\/detailspot.lt\/#\/schema\/logo\/image\/\",\"url\":\"https:\/\/detailspot.lt\/wp-content\/uploads\/2022\/10\/logo-original.svg\",\"contentUrl\":\"https:\/\/detailspot.lt\/wp-content\/uploads\/2022\/10\/logo-original.svg\",\"width\":1,\"height\":1,\"caption\":\"Detail Spot\"},\"image\":{\"@id\":\"https:\/\/detailspot.lt\/#\/schema\/logo\/image\/\"},\"sameAs\":[\"https:\/\/www.facebook.com\/profile.php?id=100039208338156\"]}]}<\/script>\n<!-- \/ Yoast SEO plugin. -->","yoast_head_json":{"title":"Meguiar's Ultra Pro Finishing Polish 210 - Detail Spot","robots":{"index":"index","follow":"follow","max-snippet":"max-snippet:-1","max-image-preview":"max-image-preview:large","max-video-preview":"max-video-preview:-1"},"canonical":"https:\/\/detailspot.lt\/en\/produktas\/meguiars-ultra-pro-finishing-polish-210\/","og_locale":"en_US","og_type":"article","og_title":"Meguiar's Ultra Pro Finishing Polish 210 - Detail Spot","og_description":"Meguiar's Ultra Pro Finishing Polish 210","og_url":"https:\/\/detailspot.lt\/en\/produktas\/meguiars-ultra-pro-finishing-polish-210\/","og_site_name":"Detail Spot","article_publisher":"https:\/\/www.facebook.com\/profile.php?id=100039208338156","article_modified_time":"2024-05-18T16:52:43+00:00","og_image":[{"width":650,"height":650,"url":"https:\/\/detailspot.lt\/wp-content\/uploads\/2022\/12\/meguiars-ultra-finishing-polish-205-kopija-1-1.png","type":"image\/png"}],"twitter_card":"summary_large_image","twitter_misc":{"Est. reading time":"1 minute"},"schema":{"@context":"https:\/\/schema.org","@graph":[{"@type":"WebPage","@id":"https:\/\/detailspot.lt\/en\/produktas\/meguiars-ultra-pro-finishing-polish-210\/","url":"https:\/\/detailspot.lt\/en\/produktas\/meguiars-ultra-pro-finishing-polish-210\/","name":"Meguiar's Ultra Pro Finishing Polish 210 - Detail Spot","isPartOf":{"@id":"https:\/\/detailspot.lt\/#website"},"primaryImageOfPage":{"@id":"https:\/\/detailspot.lt\/en\/produktas\/meguiars-ultra-pro-finishing-polish-210\/#primaryimage"},"image":{"@id":"https:\/\/detailspot.lt\/en\/produktas\/meguiars-ultra-pro-finishing-polish-210\/#primaryimage"},"thumbnailUrl":"https:\/\/detailspot.lt\/wp-content\/uploads\/2022\/12\/meguiars-ultra-finishing-polish-205-kopija-1-1.png","datePublished":"2022-12-02T13:15:04+00:00","dateModified":"2024-05-18T16:52:43+00:00","breadcrumb":{"@id":"https:\/\/detailspot.lt\/en\/produktas\/meguiars-ultra-pro-finishing-polish-210\/#breadcrumb"},"inLanguage":"en-US","potentialAction":[{"@type":"ReadAction","target":["https:\/\/detailspot.lt\/en\/produktas\/meguiars-ultra-pro-finishing-polish-210\/"]}]},{"@type":"ImageObject","inLanguage":"en-US","@id":"https:\/\/detailspot.lt\/en\/produktas\/meguiars-ultra-pro-finishing-polish-210\/#primaryimage","url":"https:\/\/detailspot.lt\/wp-content\/uploads\/2022\/12\/meguiars-ultra-finishing-polish-205-kopija-1-1.png","contentUrl":"https:\/\/detailspot.lt\/wp-content\/uploads\/2022\/12\/meguiars-ultra-finishing-polish-205-kopija-1-1.png","width":650,"height":650},{"@type":"BreadcrumbList","@id":"https:\/\/detailspot.lt\/en\/produktas\/meguiars-ultra-pro-finishing-polish-210\/#breadcrumb","itemListElement":[{"@type":"ListItem","position":1,"name":"Home","item":"https:\/\/detailspot.lt\/en\/"},{"@type":"ListItem","position":2,"name":"Shop","item":"https:\/\/detailspot.lt\/en\/parduotuve\/"},{"@type":"ListItem","position":3,"name":"Meguiar&#8217;s Ultra Pro Finishing Polish 210"}]},{"@type":"WebSite","@id":"https:\/\/detailspot.lt\/#website","url":"https:\/\/detailspot.lt\/","name":"Detail Spot","description":"Automobili\u0173 prie\u017ei\u016bros priemon\u0117s","publisher":{"@id":"https:\/\/detailspot.lt\/#organization"},"potentialAction":[{"@type":"SearchAction","target":{"@type":"EntryPoint","urlTemplate":"https:\/\/detailspot.lt\/?s={search_term_string}"},"query-input":{"@type":"PropertyValueSpecification","valueRequired":true,"valueName":"search_term_string"}}],"inLanguage":"en-US"},{"@type":"Organization","@id":"https:\/\/detailspot.lt\/#organization","name":"Detail Spot","url":"https:\/\/detailspot.lt\/","logo":{"@type":"ImageObject","inLanguage":"en-US","@id":"https:\/\/detailspot.lt\/#\/schema\/logo\/image\/","url":"https:\/\/detailspot.lt\/wp-content\/uploads\/2022\/10\/logo-original.svg","contentUrl":"https:\/\/detailspot.lt\/wp-content\/uploads\/2022\/10\/logo-original.svg","width":1,"height":1,"caption":"Detail Spot"},"image":{"@id":"https:\/\/detailspot.lt\/#\/schema\/logo\/image\/"},"sameAs":["https:\/\/www.facebook.com\/profile.php?id=100039208338156"]}]}},"_links":{"self":[{"href":"https:\/\/detailspot.lt\/en\/wp-json\/wp\/v2\/product\/7179","targetHints":{"allow":["GET"]}}],"collection":[{"href":"https:\/\/detailspot.lt\/en\/wp-json\/wp\/v2\/product"}],"about":[{"href":"https:\/\/detailspot.lt\/en\/wp-json\/wp\/v2\/types\/product"}],"replies":[{"embeddable":true,"href":"https:\/\/detailspot.lt\/en\/wp-json\/wp\/v2\/comments?post=7179"}],"wp:featuredmedia":[{"embeddable":true,"href":"https:\/\/detailspot.lt\/en\/wp-json\/wp\/v2\/media\/4004"}],"wp:attachment":[{"href":"https:\/\/detailspot.lt\/en\/wp-json\/wp\/v2\/media?parent=7179"}],"wp:term":[{"taxonomy":"product_brand","embeddable":true,"href":"https:\/\/detailspot.lt\/en\/wp-json\/wp\/v2\/product_brand?post=7179"},{"taxonomy":"product_cat","embeddable":true,"href":"https:\/\/detailspot.lt\/en\/wp-json\/wp\/v2\/product_cat?post=7179"},{"taxonomy":"product_tag","embeddable":true,"href":"https:\/\/detailspot.lt\/en\/wp-json\/wp\/v2\/product_tag?post=7179"}],"curies":[{"name":"wp","href":"https:\/\/api.w.org\/{rel}","templated":true}]}}