{"id":7177,"date":"2022-12-02T15:15:04","date_gmt":"2022-12-02T13:15:04","guid":{"rendered":"https:\/\/detailspot.lt\/produktas\/liquid-elements-a1000-mini-polishing-machine\/"},"modified":"2022-12-02T15:15:04","modified_gmt":"2022-12-02T13:15:04","slug":"liquid-elements-a1000-mini-polishing-machine","status":"publish","type":"product","link":"https:\/\/detailspot.lt\/en\/produktas\/liquid-elements-a1000-mini-polishing-machine\/","title":{"rendered":"Liquid Elements A1000 Mini polishing machine"},"content":{"rendered":"<p>Liquid Elements A1000 &#8211; The battery polisher is similar to the well-known RUPES iBrid Nano polisher. This Liquid Elements A1000 V4 mini cordless polisher comes with a wide range of accessories to enable professional polishing in both circular and eccentric modes in small and hard-to-reach areas, such as headlights, wheel rims, muffler tips, door handles, spoilers and narrow parts. Includes polisher, two 12 volt batteries, battery charger and various accessories in a high quality LE carrying case. Suitable polishing padsi<span style=\"font-size: 16px;\">:<a href=\"https:\/\/detailspot.lt\/produktas\/liquid-elements-pad-boy\/\"> Liqui Elements Pad Boy<\/a> or<\/span><a style=\"font-size: 16px; background-color: #ffffff;\" href=\"https:\/\/detailspot.lt\/produktas\/rupes-poliravimo-kempine-d-a-fine-geltona\/\">Rupes D-A Fine polishing pad,<\/a> <a style=\"font-size: 16px; background-color: #ffffff;\" href=\"https:\/\/detailspot.lt\/produktas\/rupes-coarse-ibrid-poliravimo-padai\/\">Rupes Coarse Ibrid polishing pad<\/a> <span style=\"font-size: 16px;\"> <\/span><\/p>\n<p>&nbsp;<\/p>\n<p><strong>Specification: <\/strong><\/p>\n<ol>\n<li>3mm eccentric nozzle for grinding<\/li>\n<li>8mm eccentric tip for correction\/polishing<\/li>\n<li>Rotary nozzle for correction\/polishing<\/li>\n<li>5 speed positions<\/li>\n<li>Battery level indication<\/li>\n<li>80w power<\/li>\n<li>Constant speed support<\/li>\n<\/ol>\n<p><strong>Technical characteristics:<\/strong><\/p>\n<ol>\n<li>Speed: 0-6000 RPM<\/li>\n<li>Base size: 38mm<\/li>\n<li>Battery life: ~45 min (depending on the attachment)<\/li>\n<li>Charging time to 100%: ~60min<\/li>\n<\/ol>\n<p><strong>The set includes:<br \/>\n<\/strong><\/p>\n<ol>\n<li>1x A1000 v4 tool<\/li>\n<li>2x Lithium-ion 12v batteries<\/li>\n<li>3mm eccentric nozzle for grinding<\/li>\n<li>8mm eccentric tip for correction\/polishing<\/li>\n<li>Rotary nozzle for correction\/polishing<\/li>\n<li>Brush<\/li>\n<li>38mm polishing base<\/li>\n<li>Battery charging station<\/li>\n<li>2x Wrenches<\/li>\n<li>Box<\/li>\n<\/ol>\n<p>&nbsp;<\/p>\n<p style=\"text-align: center;\"><img loading=\"lazy\" decoding=\"async\" class=\"alignnone size-medium wp-image-1062\" src=\"https:\/\/detailspot.lt\/wp-content\/uploads\/2022\/10\/LE_logo_dark_rgbCjaMASES2dhtf-300x103.webp\" alt=\"\" width=\"300\" height=\"103\" srcset=\"https:\/\/detailspot.lt\/wp-content\/uploads\/2022\/10\/LE_logo_dark_rgbCjaMASES2dhtf-300x103.webp 300w, https:\/\/detailspot.lt\/wp-content\/uploads\/2022\/10\/LE_logo_dark_rgbCjaMASES2dhtf.webp 500w\" sizes=\"auto, (max-width: 300px) 100vw, 300px\" \/><\/p>\n","protected":false},"excerpt":{"rendered":"<p>Liquid Elements A1000 &#8211; The battery polisher is similar to the well-known RUPES iBrid Nano polisher. This Liquid Elements A1000 V4 mini cordless polisher comes with a wide range of accessories to enable professional polishing in both circular and eccentric modes in small and hard-to-reach areas, such as headlights, wheel rims, muffler tips, door handles,&hellip;<\/p>\n","protected":false},"featured_media":3901,"comment_status":"closed","ping_status":"closed","template":"","meta":[],"product_brand":[],"product_cat":[171,170],"product_tag":[],"class_list":{"0":"post-7177","1":"product","2":"type-product","3":"status-publish","4":"has-post-thumbnail","6":"product_cat-polishing-machines","7":"product_cat-polishing-tools","8":"description-off","10":"first","11":"onbackorder","12":"taxable","13":"shipping-taxable","14":"purchasable","15":"product-type-simple"},"yoast_head":"<!-- This site is optimized with the Yoast SEO plugin v27.2 - https:\/\/yoast.com\/product\/yoast-seo-wordpress\/ -->\n<title>Liquid Elements A1000 Mini polishing machine - Detail Spot<\/title>\n<meta name=\"robots\" content=\"index, follow, max-snippet:-1, max-image-preview:large, max-video-preview:-1\" \/>\n<link rel=\"canonical\" href=\"https:\/\/detailspot.lt\/produktas\/liquid-elements-a1000-mini-polishing-machine\/\" \/>\n<meta property=\"og:locale\" content=\"en_US\" \/>\n<meta property=\"og:type\" content=\"article\" \/>\n<meta property=\"og:title\" content=\"Liquid Elements A1000 Mini polishing machine - Detail Spot\" \/>\n<meta property=\"og:description\" content=\"Liquid Elements A1000 &#8211; The battery polisher is similar to the well-known RUPES iBrid Nano polisher. This Liquid Elements A1000 V4 mini cordless polisher comes with a wide range of accessories to enable professional polishing in both circular and eccentric modes in small and hard-to-reach areas, such as headlights, wheel rims, muffler tips, door handles,&hellip;\" \/>\n<meta property=\"og:url\" content=\"https:\/\/detailspot.lt\/produktas\/liquid-elements-a1000-mini-polishing-machine\/\" \/>\n<meta property=\"og:site_name\" content=\"Detail Spot\" \/>\n<meta property=\"article:publisher\" content=\"https:\/\/www.facebook.com\/profile.php?id=100039208338156\" \/>\n<meta property=\"og:image\" content=\"https:\/\/detailspot.lt\/wp-content\/uploads\/2022\/10\/LE_logo_dark_rgbCjaMASES2dhtf-300x103.webp\" \/>\n<meta name=\"twitter:card\" content=\"summary_large_image\" \/>\n<meta name=\"twitter:label1\" content=\"Est. reading time\" \/>\n\t<meta name=\"twitter:data1\" content=\"1 minute\" \/>\n<script type=\"application\/ld+json\" class=\"yoast-schema-graph\">{\"@context\":\"https:\/\/schema.org\",\"@graph\":[{\"@type\":\"WebPage\",\"@id\":\"https:\/\/detailspot.lt\/produktas\/liquid-elements-a1000-mini-polishing-machine\/\",\"url\":\"https:\/\/detailspot.lt\/produktas\/liquid-elements-a1000-mini-polishing-machine\/\",\"name\":\"Liquid Elements A1000 Mini polishing machine - Detail Spot\",\"isPartOf\":{\"@id\":\"https:\/\/detailspot.lt\/#website\"},\"primaryImageOfPage\":{\"@id\":\"https:\/\/detailspot.lt\/produktas\/liquid-elements-a1000-mini-polishing-machine\/#primaryimage\"},\"image\":{\"@id\":\"https:\/\/detailspot.lt\/produktas\/liquid-elements-a1000-mini-polishing-machine\/#primaryimage\"},\"thumbnailUrl\":\"https:\/\/detailspot.lt\/wp-content\/uploads\/2022\/12\/liquid-elements-a1000-v4-mini-nano-poliravimo-masinele-4-1.jpg\",\"datePublished\":\"2022-12-02T13:15:04+00:00\",\"breadcrumb\":{\"@id\":\"https:\/\/detailspot.lt\/produktas\/liquid-elements-a1000-mini-polishing-machine\/#breadcrumb\"},\"inLanguage\":\"en-US\",\"potentialAction\":[{\"@type\":\"ReadAction\",\"target\":[\"https:\/\/detailspot.lt\/produktas\/liquid-elements-a1000-mini-polishing-machine\/\"]}]},{\"@type\":\"ImageObject\",\"inLanguage\":\"en-US\",\"@id\":\"https:\/\/detailspot.lt\/produktas\/liquid-elements-a1000-mini-polishing-machine\/#primaryimage\",\"url\":\"https:\/\/detailspot.lt\/wp-content\/uploads\/2022\/12\/liquid-elements-a1000-v4-mini-nano-poliravimo-masinele-4-1.jpg\",\"contentUrl\":\"https:\/\/detailspot.lt\/wp-content\/uploads\/2022\/12\/liquid-elements-a1000-v4-mini-nano-poliravimo-masinele-4-1.jpg\",\"width\":695,\"height\":695},{\"@type\":\"BreadcrumbList\",\"@id\":\"https:\/\/detailspot.lt\/produktas\/liquid-elements-a1000-mini-polishing-machine\/#breadcrumb\",\"itemListElement\":[{\"@type\":\"ListItem\",\"position\":1,\"name\":\"Home\",\"item\":\"https:\/\/detailspot.lt\/en\/\"},{\"@type\":\"ListItem\",\"position\":2,\"name\":\"Shop\",\"item\":\"https:\/\/detailspot.lt\/en\/parduotuve\/\"},{\"@type\":\"ListItem\",\"position\":3,\"name\":\"Liquid Elements A1000 Mini polishing machine\"}]},{\"@type\":\"WebSite\",\"@id\":\"https:\/\/detailspot.lt\/#website\",\"url\":\"https:\/\/detailspot.lt\/\",\"name\":\"Detail Spot\",\"description\":\"Automobili\u0173 prie\u017ei\u016bros priemon\u0117s\",\"publisher\":{\"@id\":\"https:\/\/detailspot.lt\/#organization\"},\"potentialAction\":[{\"@type\":\"SearchAction\",\"target\":{\"@type\":\"EntryPoint\",\"urlTemplate\":\"https:\/\/detailspot.lt\/?s={search_term_string}\"},\"query-input\":{\"@type\":\"PropertyValueSpecification\",\"valueRequired\":true,\"valueName\":\"search_term_string\"}}],\"inLanguage\":\"en-US\"},{\"@type\":\"Organization\",\"@id\":\"https:\/\/detailspot.lt\/#organization\",\"name\":\"Detail Spot\",\"url\":\"https:\/\/detailspot.lt\/\",\"logo\":{\"@type\":\"ImageObject\",\"inLanguage\":\"en-US\",\"@id\":\"https:\/\/detailspot.lt\/#\/schema\/logo\/image\/\",\"url\":\"https:\/\/detailspot.lt\/wp-content\/uploads\/2022\/10\/logo-original.svg\",\"contentUrl\":\"https:\/\/detailspot.lt\/wp-content\/uploads\/2022\/10\/logo-original.svg\",\"width\":1,\"height\":1,\"caption\":\"Detail Spot\"},\"image\":{\"@id\":\"https:\/\/detailspot.lt\/#\/schema\/logo\/image\/\"},\"sameAs\":[\"https:\/\/www.facebook.com\/profile.php?id=100039208338156\"]}]}<\/script>\n<!-- \/ Yoast SEO plugin. -->","yoast_head_json":{"title":"Liquid Elements A1000 Mini polishing machine - Detail Spot","robots":{"index":"index","follow":"follow","max-snippet":"max-snippet:-1","max-image-preview":"max-image-preview:large","max-video-preview":"max-video-preview:-1"},"canonical":"https:\/\/detailspot.lt\/produktas\/liquid-elements-a1000-mini-polishing-machine\/","og_locale":"en_US","og_type":"article","og_title":"Liquid Elements A1000 Mini polishing machine - Detail Spot","og_description":"Liquid Elements A1000 &#8211; The battery polisher is similar to the well-known RUPES iBrid Nano polisher. This Liquid Elements A1000 V4 mini cordless polisher comes with a wide range of accessories to enable professional polishing in both circular and eccentric modes in small and hard-to-reach areas, such as headlights, wheel rims, muffler tips, door handles,&hellip;","og_url":"https:\/\/detailspot.lt\/produktas\/liquid-elements-a1000-mini-polishing-machine\/","og_site_name":"Detail Spot","article_publisher":"https:\/\/www.facebook.com\/profile.php?id=100039208338156","og_image":[{"url":"https:\/\/detailspot.lt\/wp-content\/uploads\/2022\/10\/LE_logo_dark_rgbCjaMASES2dhtf-300x103.webp","type":"","width":"","height":""}],"twitter_card":"summary_large_image","twitter_misc":{"Est. reading time":"1 minute"},"schema":{"@context":"https:\/\/schema.org","@graph":[{"@type":"WebPage","@id":"https:\/\/detailspot.lt\/produktas\/liquid-elements-a1000-mini-polishing-machine\/","url":"https:\/\/detailspot.lt\/produktas\/liquid-elements-a1000-mini-polishing-machine\/","name":"Liquid Elements A1000 Mini polishing machine - Detail Spot","isPartOf":{"@id":"https:\/\/detailspot.lt\/#website"},"primaryImageOfPage":{"@id":"https:\/\/detailspot.lt\/produktas\/liquid-elements-a1000-mini-polishing-machine\/#primaryimage"},"image":{"@id":"https:\/\/detailspot.lt\/produktas\/liquid-elements-a1000-mini-polishing-machine\/#primaryimage"},"thumbnailUrl":"https:\/\/detailspot.lt\/wp-content\/uploads\/2022\/12\/liquid-elements-a1000-v4-mini-nano-poliravimo-masinele-4-1.jpg","datePublished":"2022-12-02T13:15:04+00:00","breadcrumb":{"@id":"https:\/\/detailspot.lt\/produktas\/liquid-elements-a1000-mini-polishing-machine\/#breadcrumb"},"inLanguage":"en-US","potentialAction":[{"@type":"ReadAction","target":["https:\/\/detailspot.lt\/produktas\/liquid-elements-a1000-mini-polishing-machine\/"]}]},{"@type":"ImageObject","inLanguage":"en-US","@id":"https:\/\/detailspot.lt\/produktas\/liquid-elements-a1000-mini-polishing-machine\/#primaryimage","url":"https:\/\/detailspot.lt\/wp-content\/uploads\/2022\/12\/liquid-elements-a1000-v4-mini-nano-poliravimo-masinele-4-1.jpg","contentUrl":"https:\/\/detailspot.lt\/wp-content\/uploads\/2022\/12\/liquid-elements-a1000-v4-mini-nano-poliravimo-masinele-4-1.jpg","width":695,"height":695},{"@type":"BreadcrumbList","@id":"https:\/\/detailspot.lt\/produktas\/liquid-elements-a1000-mini-polishing-machine\/#breadcrumb","itemListElement":[{"@type":"ListItem","position":1,"name":"Home","item":"https:\/\/detailspot.lt\/en\/"},{"@type":"ListItem","position":2,"name":"Shop","item":"https:\/\/detailspot.lt\/en\/parduotuve\/"},{"@type":"ListItem","position":3,"name":"Liquid Elements A1000 Mini polishing machine"}]},{"@type":"WebSite","@id":"https:\/\/detailspot.lt\/#website","url":"https:\/\/detailspot.lt\/","name":"Detail Spot","description":"Automobili\u0173 prie\u017ei\u016bros priemon\u0117s","publisher":{"@id":"https:\/\/detailspot.lt\/#organization"},"potentialAction":[{"@type":"SearchAction","target":{"@type":"EntryPoint","urlTemplate":"https:\/\/detailspot.lt\/?s={search_term_string}"},"query-input":{"@type":"PropertyValueSpecification","valueRequired":true,"valueName":"search_term_string"}}],"inLanguage":"en-US"},{"@type":"Organization","@id":"https:\/\/detailspot.lt\/#organization","name":"Detail Spot","url":"https:\/\/detailspot.lt\/","logo":{"@type":"ImageObject","inLanguage":"en-US","@id":"https:\/\/detailspot.lt\/#\/schema\/logo\/image\/","url":"https:\/\/detailspot.lt\/wp-content\/uploads\/2022\/10\/logo-original.svg","contentUrl":"https:\/\/detailspot.lt\/wp-content\/uploads\/2022\/10\/logo-original.svg","width":1,"height":1,"caption":"Detail Spot"},"image":{"@id":"https:\/\/detailspot.lt\/#\/schema\/logo\/image\/"},"sameAs":["https:\/\/www.facebook.com\/profile.php?id=100039208338156"]}]}},"_links":{"self":[{"href":"https:\/\/detailspot.lt\/en\/wp-json\/wp\/v2\/product\/7177","targetHints":{"allow":["GET"]}}],"collection":[{"href":"https:\/\/detailspot.lt\/en\/wp-json\/wp\/v2\/product"}],"about":[{"href":"https:\/\/detailspot.lt\/en\/wp-json\/wp\/v2\/types\/product"}],"replies":[{"embeddable":true,"href":"https:\/\/detailspot.lt\/en\/wp-json\/wp\/v2\/comments?post=7177"}],"wp:featuredmedia":[{"embeddable":true,"href":"https:\/\/detailspot.lt\/en\/wp-json\/wp\/v2\/media\/3901"}],"wp:attachment":[{"href":"https:\/\/detailspot.lt\/en\/wp-json\/wp\/v2\/media?parent=7177"}],"wp:term":[{"taxonomy":"product_brand","embeddable":true,"href":"https:\/\/detailspot.lt\/en\/wp-json\/wp\/v2\/product_brand?post=7177"},{"taxonomy":"product_cat","embeddable":true,"href":"https:\/\/detailspot.lt\/en\/wp-json\/wp\/v2\/product_cat?post=7177"},{"taxonomy":"product_tag","embeddable":true,"href":"https:\/\/detailspot.lt\/en\/wp-json\/wp\/v2\/product_tag?post=7177"}],"curies":[{"name":"wp","href":"https:\/\/api.w.org\/{rel}","templated":true}]}}