{"id":7173,"date":"2022-12-02T15:15:04","date_gmt":"2022-12-02T13:15:04","guid":{"rendered":"https:\/\/detailspot.lt\/produktas\/liquid-elements-pad-boy\/"},"modified":"2022-12-02T15:15:04","modified_gmt":"2022-12-02T13:15:04","slug":"liquid-elements-pad-boy","status":"publish","type":"product","link":"https:\/\/detailspot.lt\/en\/produktas\/liquid-elements-pad-boy\/","title":{"rendered":"Liquid Elements Pad Boy"},"content":{"rendered":"<p>Liquid Elements Pad Boy &#8211;<span style=\"font-size: 16px;\"> polishing sponges made in Germany are designed and manufactured to the highest quality standards. With a focus on performance, quality and durability, Pad Boy V2 is a revolution in car care. &#8220;The Pad Boy V2 polishing sponges have been developed for every vehicle preparation purpose related to polishing. From highly abrasive polishing to the gentlest for the final stages, Pad Boy V2 offers the best value for money on the market. Polishing sponges are suitable for both professionals and car enthusiasts.<\/span><\/p>\n<p>Suitable for use with <a href=\"https:\/\/detailspot.lt\/produktas\/liquid-elements-a1000-mini-poliravimo-masinele\/\">Liquid Elements A1000<\/a><\/p>\n<p>&nbsp;<\/p>\n<p>&nbsp;<\/p>\n<p style=\"text-align: center;\"><img loading=\"lazy\" decoding=\"async\" class=\"alignnone size-medium wp-image-1062\" src=\"https:\/\/detailspot.lt\/wp-content\/uploads\/2022\/10\/LE_logo_dark_rgbCjaMASES2dhtf-300x103.webp\" alt=\"\" width=\"300\" height=\"103\" srcset=\"https:\/\/detailspot.lt\/wp-content\/uploads\/2022\/10\/LE_logo_dark_rgbCjaMASES2dhtf-300x103.webp 300w, https:\/\/detailspot.lt\/wp-content\/uploads\/2022\/10\/LE_logo_dark_rgbCjaMASES2dhtf.webp 500w\" sizes=\"auto, (max-width: 300px) 100vw, 300px\" \/><\/p>\n","protected":false},"excerpt":{"rendered":"<p>Liquid Elements Pad Boy &#8211; polishing sponges made in Germany are designed and manufactured to the highest quality standards. With a focus on performance, quality and durability, Pad Boy V2 is a revolution in car care. &#8220;The Pad Boy V2 polishing sponges have been developed for every vehicle preparation purpose related to polishing. From highly&hellip;<\/p>\n","protected":false},"featured_media":3950,"comment_status":"closed","ping_status":"closed","template":"","meta":[],"product_brand":[],"product_cat":[172,170],"product_tag":[],"class_list":{"0":"post-7173","1":"product","2":"type-product","3":"status-publish","4":"has-post-thumbnail","6":"product_cat-polishing-pads","7":"product_cat-polishing-tools","8":"description-off","10":"first","11":"outofstock","12":"taxable","13":"shipping-taxable","14":"purchasable","15":"product-type-variable"},"yoast_head":"<!-- This site is optimized with the Yoast SEO plugin v27.2 - https:\/\/yoast.com\/product\/yoast-seo-wordpress\/ -->\n<title>Liquid Elements Pad Boy - Detail Spot<\/title>\n<meta name=\"robots\" content=\"index, follow, max-snippet:-1, max-image-preview:large, max-video-preview:-1\" \/>\n<link rel=\"canonical\" href=\"https:\/\/detailspot.lt\/produktas\/liquid-elements-pad-boy\/\" \/>\n<meta property=\"og:locale\" content=\"en_US\" \/>\n<meta property=\"og:type\" content=\"article\" \/>\n<meta property=\"og:title\" content=\"Liquid Elements Pad Boy - Detail Spot\" \/>\n<meta property=\"og:description\" content=\"Liquid Elements Pad Boy &#8211; polishing sponges made in Germany are designed and manufactured to the highest quality standards. With a focus on performance, quality and durability, Pad Boy V2 is a revolution in car care. &#8220;The Pad Boy V2 polishing sponges have been developed for every vehicle preparation purpose related to polishing. From highly&hellip;\" \/>\n<meta property=\"og:url\" content=\"https:\/\/detailspot.lt\/produktas\/liquid-elements-pad-boy\/\" \/>\n<meta property=\"og:site_name\" content=\"Detail Spot\" \/>\n<meta property=\"article:publisher\" content=\"https:\/\/www.facebook.com\/profile.php?id=100039208338156\" \/>\n<meta property=\"og:image\" content=\"https:\/\/detailspot.lt\/wp-content\/uploads\/2022\/10\/LE_logo_dark_rgbCjaMASES2dhtf-300x103.webp\" \/>\n<meta name=\"twitter:card\" content=\"summary_large_image\" \/>\n<script type=\"application\/ld+json\" class=\"yoast-schema-graph\">{\"@context\":\"https:\/\/schema.org\",\"@graph\":[{\"@type\":\"WebPage\",\"@id\":\"https:\/\/detailspot.lt\/produktas\/liquid-elements-pad-boy\/\",\"url\":\"https:\/\/detailspot.lt\/produktas\/liquid-elements-pad-boy\/\",\"name\":\"Liquid Elements Pad Boy - Detail Spot\",\"isPartOf\":{\"@id\":\"https:\/\/detailspot.lt\/#website\"},\"primaryImageOfPage\":{\"@id\":\"https:\/\/detailspot.lt\/produktas\/liquid-elements-pad-boy\/#primaryimage\"},\"image\":{\"@id\":\"https:\/\/detailspot.lt\/produktas\/liquid-elements-pad-boy\/#primaryimage\"},\"thumbnailUrl\":\"https:\/\/detailspot.lt\/wp-content\/uploads\/2022\/12\/liquid-elements-pad-boy-v2-red-cutting-pad-1.jpg\",\"datePublished\":\"2022-12-02T13:15:04+00:00\",\"breadcrumb\":{\"@id\":\"https:\/\/detailspot.lt\/produktas\/liquid-elements-pad-boy\/#breadcrumb\"},\"inLanguage\":\"en-US\",\"potentialAction\":[{\"@type\":\"ReadAction\",\"target\":[\"https:\/\/detailspot.lt\/produktas\/liquid-elements-pad-boy\/\"]}]},{\"@type\":\"ImageObject\",\"inLanguage\":\"en-US\",\"@id\":\"https:\/\/detailspot.lt\/produktas\/liquid-elements-pad-boy\/#primaryimage\",\"url\":\"https:\/\/detailspot.lt\/wp-content\/uploads\/2022\/12\/liquid-elements-pad-boy-v2-red-cutting-pad-1.jpg\",\"contentUrl\":\"https:\/\/detailspot.lt\/wp-content\/uploads\/2022\/12\/liquid-elements-pad-boy-v2-red-cutting-pad-1.jpg\",\"width\":674,\"height\":674},{\"@type\":\"BreadcrumbList\",\"@id\":\"https:\/\/detailspot.lt\/produktas\/liquid-elements-pad-boy\/#breadcrumb\",\"itemListElement\":[{\"@type\":\"ListItem\",\"position\":1,\"name\":\"Home\",\"item\":\"https:\/\/detailspot.lt\/en\/\"},{\"@type\":\"ListItem\",\"position\":2,\"name\":\"Shop\",\"item\":\"https:\/\/detailspot.lt\/en\/parduotuve\/\"},{\"@type\":\"ListItem\",\"position\":3,\"name\":\"Liquid Elements Pad Boy\"}]},{\"@type\":\"WebSite\",\"@id\":\"https:\/\/detailspot.lt\/#website\",\"url\":\"https:\/\/detailspot.lt\/\",\"name\":\"Detail Spot\",\"description\":\"Automobili\u0173 prie\u017ei\u016bros priemon\u0117s\",\"publisher\":{\"@id\":\"https:\/\/detailspot.lt\/#organization\"},\"potentialAction\":[{\"@type\":\"SearchAction\",\"target\":{\"@type\":\"EntryPoint\",\"urlTemplate\":\"https:\/\/detailspot.lt\/?s={search_term_string}\"},\"query-input\":{\"@type\":\"PropertyValueSpecification\",\"valueRequired\":true,\"valueName\":\"search_term_string\"}}],\"inLanguage\":\"en-US\"},{\"@type\":\"Organization\",\"@id\":\"https:\/\/detailspot.lt\/#organization\",\"name\":\"Detail Spot\",\"url\":\"https:\/\/detailspot.lt\/\",\"logo\":{\"@type\":\"ImageObject\",\"inLanguage\":\"en-US\",\"@id\":\"https:\/\/detailspot.lt\/#\/schema\/logo\/image\/\",\"url\":\"https:\/\/detailspot.lt\/wp-content\/uploads\/2022\/10\/logo-original.svg\",\"contentUrl\":\"https:\/\/detailspot.lt\/wp-content\/uploads\/2022\/10\/logo-original.svg\",\"width\":1,\"height\":1,\"caption\":\"Detail Spot\"},\"image\":{\"@id\":\"https:\/\/detailspot.lt\/#\/schema\/logo\/image\/\"},\"sameAs\":[\"https:\/\/www.facebook.com\/profile.php?id=100039208338156\"]}]}<\/script>\n<!-- \/ Yoast SEO plugin. -->","yoast_head_json":{"title":"Liquid Elements Pad Boy - Detail Spot","robots":{"index":"index","follow":"follow","max-snippet":"max-snippet:-1","max-image-preview":"max-image-preview:large","max-video-preview":"max-video-preview:-1"},"canonical":"https:\/\/detailspot.lt\/produktas\/liquid-elements-pad-boy\/","og_locale":"en_US","og_type":"article","og_title":"Liquid Elements Pad Boy - Detail Spot","og_description":"Liquid Elements Pad Boy &#8211; polishing sponges made in Germany are designed and manufactured to the highest quality standards. With a focus on performance, quality and durability, Pad Boy V2 is a revolution in car care. &#8220;The Pad Boy V2 polishing sponges have been developed for every vehicle preparation purpose related to polishing. From highly&hellip;","og_url":"https:\/\/detailspot.lt\/produktas\/liquid-elements-pad-boy\/","og_site_name":"Detail Spot","article_publisher":"https:\/\/www.facebook.com\/profile.php?id=100039208338156","og_image":[{"url":"https:\/\/detailspot.lt\/wp-content\/uploads\/2022\/10\/LE_logo_dark_rgbCjaMASES2dhtf-300x103.webp","type":"","width":"","height":""}],"twitter_card":"summary_large_image","schema":{"@context":"https:\/\/schema.org","@graph":[{"@type":"WebPage","@id":"https:\/\/detailspot.lt\/produktas\/liquid-elements-pad-boy\/","url":"https:\/\/detailspot.lt\/produktas\/liquid-elements-pad-boy\/","name":"Liquid Elements Pad Boy - Detail Spot","isPartOf":{"@id":"https:\/\/detailspot.lt\/#website"},"primaryImageOfPage":{"@id":"https:\/\/detailspot.lt\/produktas\/liquid-elements-pad-boy\/#primaryimage"},"image":{"@id":"https:\/\/detailspot.lt\/produktas\/liquid-elements-pad-boy\/#primaryimage"},"thumbnailUrl":"https:\/\/detailspot.lt\/wp-content\/uploads\/2022\/12\/liquid-elements-pad-boy-v2-red-cutting-pad-1.jpg","datePublished":"2022-12-02T13:15:04+00:00","breadcrumb":{"@id":"https:\/\/detailspot.lt\/produktas\/liquid-elements-pad-boy\/#breadcrumb"},"inLanguage":"en-US","potentialAction":[{"@type":"ReadAction","target":["https:\/\/detailspot.lt\/produktas\/liquid-elements-pad-boy\/"]}]},{"@type":"ImageObject","inLanguage":"en-US","@id":"https:\/\/detailspot.lt\/produktas\/liquid-elements-pad-boy\/#primaryimage","url":"https:\/\/detailspot.lt\/wp-content\/uploads\/2022\/12\/liquid-elements-pad-boy-v2-red-cutting-pad-1.jpg","contentUrl":"https:\/\/detailspot.lt\/wp-content\/uploads\/2022\/12\/liquid-elements-pad-boy-v2-red-cutting-pad-1.jpg","width":674,"height":674},{"@type":"BreadcrumbList","@id":"https:\/\/detailspot.lt\/produktas\/liquid-elements-pad-boy\/#breadcrumb","itemListElement":[{"@type":"ListItem","position":1,"name":"Home","item":"https:\/\/detailspot.lt\/en\/"},{"@type":"ListItem","position":2,"name":"Shop","item":"https:\/\/detailspot.lt\/en\/parduotuve\/"},{"@type":"ListItem","position":3,"name":"Liquid Elements Pad Boy"}]},{"@type":"WebSite","@id":"https:\/\/detailspot.lt\/#website","url":"https:\/\/detailspot.lt\/","name":"Detail Spot","description":"Automobili\u0173 prie\u017ei\u016bros priemon\u0117s","publisher":{"@id":"https:\/\/detailspot.lt\/#organization"},"potentialAction":[{"@type":"SearchAction","target":{"@type":"EntryPoint","urlTemplate":"https:\/\/detailspot.lt\/?s={search_term_string}"},"query-input":{"@type":"PropertyValueSpecification","valueRequired":true,"valueName":"search_term_string"}}],"inLanguage":"en-US"},{"@type":"Organization","@id":"https:\/\/detailspot.lt\/#organization","name":"Detail Spot","url":"https:\/\/detailspot.lt\/","logo":{"@type":"ImageObject","inLanguage":"en-US","@id":"https:\/\/detailspot.lt\/#\/schema\/logo\/image\/","url":"https:\/\/detailspot.lt\/wp-content\/uploads\/2022\/10\/logo-original.svg","contentUrl":"https:\/\/detailspot.lt\/wp-content\/uploads\/2022\/10\/logo-original.svg","width":1,"height":1,"caption":"Detail Spot"},"image":{"@id":"https:\/\/detailspot.lt\/#\/schema\/logo\/image\/"},"sameAs":["https:\/\/www.facebook.com\/profile.php?id=100039208338156"]}]}},"_links":{"self":[{"href":"https:\/\/detailspot.lt\/en\/wp-json\/wp\/v2\/product\/7173","targetHints":{"allow":["GET"]}}],"collection":[{"href":"https:\/\/detailspot.lt\/en\/wp-json\/wp\/v2\/product"}],"about":[{"href":"https:\/\/detailspot.lt\/en\/wp-json\/wp\/v2\/types\/product"}],"replies":[{"embeddable":true,"href":"https:\/\/detailspot.lt\/en\/wp-json\/wp\/v2\/comments?post=7173"}],"wp:featuredmedia":[{"embeddable":true,"href":"https:\/\/detailspot.lt\/en\/wp-json\/wp\/v2\/media\/3950"}],"wp:attachment":[{"href":"https:\/\/detailspot.lt\/en\/wp-json\/wp\/v2\/media?parent=7173"}],"wp:term":[{"taxonomy":"product_brand","embeddable":true,"href":"https:\/\/detailspot.lt\/en\/wp-json\/wp\/v2\/product_brand?post=7173"},{"taxonomy":"product_cat","embeddable":true,"href":"https:\/\/detailspot.lt\/en\/wp-json\/wp\/v2\/product_cat?post=7173"},{"taxonomy":"product_tag","embeddable":true,"href":"https:\/\/detailspot.lt\/en\/wp-json\/wp\/v2\/product_tag?post=7173"}],"curies":[{"name":"wp","href":"https:\/\/api.w.org\/{rel}","templated":true}]}}