{"id":7170,"date":"2022-12-02T15:15:05","date_gmt":"2022-12-02T13:15:05","guid":{"rendered":"https:\/\/detailspot.lt\/produktas\/carpro-cquartz-dlux\/"},"modified":"2022-12-02T15:15:05","modified_gmt":"2022-12-02T13:15:05","slug":"carpro-cquartz-dlux","status":"publish","type":"product","link":"https:\/\/detailspot.lt\/en\/produktas\/carpro-cquartz-dlux\/","title":{"rendered":"CarPro Cquartz DLUX"},"content":{"rendered":"<p><strong>CarPro CQuartz Dlux<\/strong> a technologically advanced silica-based plastic restoration coating. Made of high-quality organic silane and more than 50% silica, Dlux renews and protects plastics for up to 2 years.<\/p>\n<p><strong>Characteristics:<\/strong><\/p>\n<ol>\n<li>Lasts up to 2 years (longer under favourable conditions);<\/li>\n<li>Withstands a temperature of 420 \u00b0C;<\/li>\n<li>Easily applied;<\/li>\n<li>UV protection for all external parts;<\/li>\n<li>Can be used on plastic, rims, rubber surfaces, metal surfaces, chrome.<\/li>\n<\/ol>\n<p><strong>The set includes:<\/strong><\/p>\n<ol>\n<li>Cquartz DLUX 30ml<\/li>\n<li>4 pcs. 4&#215;4&#8243; suede applicators<\/li>\n<li>1pcs. applicator block<\/li>\n<li>3pcs. 2&#8243; diameter applicators\/pads<\/li>\n<\/ol>\n<p><strong>Application:<\/strong><\/p>\n<ol>\n<li>Clean the surface thoroughly with APC cleaner;<\/li>\n<li>Rinse and dry the surface;<\/li>\n<li>Remove grease with the special. an alcohol-based cleaner;<\/li>\n<li>Place a cloth on the applicator and moisten it with DLUX;<\/li>\n<li>Rub evenly over a small part of the surface within 30 seconds;<\/li>\n<li><strong>Warning! After 1min, do not return to the already covered area!<\/strong><\/li>\n<li>If the plastic is textured &#8211; no wiping required;<\/li>\n<li>When the plastic is smooth &#8211; gently wipe off any excess with a microfibre cloth.<\/li>\n<\/ol>\n<p><strong>Use on lacquered surfaces and chrome<\/strong><\/p>\n<ul>\n<li>Wash surfaces well;<\/li>\n<li>Clean the deposits of metal particles with <a href=\"https:\/\/detailspot.lt\/produktas\/carpro-ironx-metalo-dulkiu-valiklis\/\">IronX<\/a> or similar;<\/li>\n<li>Remove grease with special. a cleaner containing alcohol &#8211;<a href=\"https:\/\/detailspot.lt\/produktas\/carpro-eraser\/\"> CarPro Eraser<\/a>;<\/li>\n<li>Cover the surface;<\/li>\n<li>Allow the product to adhere to the surface for 1min (at 30 \u00b0C) to 10min (at 10 \u00b0C);<\/li>\n<li>Wipe with a chamois cloth in a circular motion until no marks remain.<\/li>\n<\/ul>\n<p><strong>Advice<\/strong><\/p>\n<ul>\n<li>It is recommended not to wash coated surfaces for 3 days;<\/li>\n<li>Wear protective gloves.<\/li>\n<\/ul>\n<p>&nbsp;<\/p>\n<p style=\"text-align: center;\"><img loading=\"lazy\" decoding=\"async\" class=\"alignnone size-medium wp-image-1094\" src=\"https:\/\/detailspot.lt\/wp-content\/uploads\/2022\/11\/Carpro_Logo-e1669668109412-300x62.png\" alt=\"\" width=\"300\" height=\"62\" srcset=\"https:\/\/detailspot.lt\/wp-content\/uploads\/2022\/11\/Carpro_Logo-e1669668109412-300x62.png 300w, https:\/\/detailspot.lt\/wp-content\/uploads\/2022\/11\/Carpro_Logo-e1669668109412-768x160.png 768w, https:\/\/detailspot.lt\/wp-content\/uploads\/2022\/11\/Carpro_Logo-e1669668109412-600x125.png 600w, https:\/\/detailspot.lt\/wp-content\/uploads\/2022\/11\/Carpro_Logo-e1669668109412-64x13.png 64w, https:\/\/detailspot.lt\/wp-content\/uploads\/2022\/11\/Carpro_Logo-e1669668109412.png 1000w\" sizes=\"auto, (max-width: 300px) 100vw, 300px\" \/><\/p>\n","protected":false},"excerpt":{"rendered":"<p>CarPro CQuartz Dlux a technologically advanced silica-based plastic restoration coating. Made of high-quality organic silane and more than 50% silica, Dlux renews and protects plastics for up to 2 years. Characteristics: Lasts up to 2 years (longer under favourable conditions); Withstands a temperature of 420 \u00b0C; Easily applied; UV protection for all external parts; Can&hellip;<\/p>\n","protected":false},"featured_media":3748,"comment_status":"closed","ping_status":"closed","template":"","meta":[],"product_brand":[],"product_cat":[160,161],"product_tag":[],"class_list":{"0":"post-7170","1":"product","2":"type-product","3":"status-publish","4":"has-post-thumbnail","6":"product_cat-exterior","7":"product_cat-protective-coatings","8":"description-off","10":"first","11":"instock","12":"taxable","13":"shipping-taxable","14":"purchasable","15":"product-type-variable"},"yoast_head":"<!-- This site is optimized with the Yoast SEO plugin v27.4 - https:\/\/yoast.com\/product\/yoast-seo-wordpress\/ -->\n<title>CarPro Cquartz DLUX - Detail Spot<\/title>\n<meta name=\"robots\" content=\"index, follow, max-snippet:-1, max-image-preview:large, max-video-preview:-1\" \/>\n<link rel=\"canonical\" href=\"https:\/\/detailspot.lt\/produktas\/carpro-cquartz-dlux\/\" \/>\n<meta property=\"og:locale\" content=\"en_US\" \/>\n<meta property=\"og:type\" content=\"article\" \/>\n<meta property=\"og:title\" content=\"CarPro Cquartz DLUX - Detail Spot\" \/>\n<meta property=\"og:description\" content=\"CarPro CQuartz Dlux a technologically advanced silica-based plastic restoration coating. Made of high-quality organic silane and more than 50% silica, Dlux renews and protects plastics for up to 2 years. Characteristics: Lasts up to 2 years (longer under favourable conditions); Withstands a temperature of 420 \u00b0C; Easily applied; UV protection for all external parts; Can&hellip;\" \/>\n<meta property=\"og:url\" content=\"https:\/\/detailspot.lt\/produktas\/carpro-cquartz-dlux\/\" \/>\n<meta property=\"og:site_name\" content=\"Detail Spot\" \/>\n<meta property=\"article:publisher\" content=\"https:\/\/www.facebook.com\/profile.php?id=100039208338156\" \/>\n<meta property=\"og:image\" content=\"https:\/\/detailspot.lt\/wp-content\/uploads\/2022\/11\/Carpro_Logo-e1669668109412-300x62.png\" \/>\n<meta name=\"twitter:card\" content=\"summary_large_image\" \/>\n<meta name=\"twitter:label1\" content=\"Est. reading time\" \/>\n\t<meta name=\"twitter:data1\" content=\"1 minute\" \/>\n<script type=\"application\/ld+json\" class=\"yoast-schema-graph\">{\"@context\":\"https:\\\/\\\/schema.org\",\"@graph\":[{\"@type\":\"WebPage\",\"@id\":\"https:\\\/\\\/detailspot.lt\\\/produktas\\\/carpro-cquartz-dlux\\\/\",\"url\":\"https:\\\/\\\/detailspot.lt\\\/produktas\\\/carpro-cquartz-dlux\\\/\",\"name\":\"CarPro Cquartz DLUX - Detail Spot\",\"isPartOf\":{\"@id\":\"https:\\\/\\\/detailspot.lt\\\/#website\"},\"primaryImageOfPage\":{\"@id\":\"https:\\\/\\\/detailspot.lt\\\/produktas\\\/carpro-cquartz-dlux\\\/#primaryimage\"},\"image\":{\"@id\":\"https:\\\/\\\/detailspot.lt\\\/produktas\\\/carpro-cquartz-dlux\\\/#primaryimage\"},\"thumbnailUrl\":\"https:\\\/\\\/detailspot.lt\\\/wp-content\\\/uploads\\\/2022\\\/12\\\/carpro-cquartz-dlux-30ml-komplektas-1-1.jpg\",\"datePublished\":\"2022-12-02T13:15:05+00:00\",\"breadcrumb\":{\"@id\":\"https:\\\/\\\/detailspot.lt\\\/produktas\\\/carpro-cquartz-dlux\\\/#breadcrumb\"},\"inLanguage\":\"en-US\",\"potentialAction\":[{\"@type\":\"ReadAction\",\"target\":[\"https:\\\/\\\/detailspot.lt\\\/produktas\\\/carpro-cquartz-dlux\\\/\"]}]},{\"@type\":\"ImageObject\",\"inLanguage\":\"en-US\",\"@id\":\"https:\\\/\\\/detailspot.lt\\\/produktas\\\/carpro-cquartz-dlux\\\/#primaryimage\",\"url\":\"https:\\\/\\\/detailspot.lt\\\/wp-content\\\/uploads\\\/2022\\\/12\\\/carpro-cquartz-dlux-30ml-komplektas-1-1.jpg\",\"contentUrl\":\"https:\\\/\\\/detailspot.lt\\\/wp-content\\\/uploads\\\/2022\\\/12\\\/carpro-cquartz-dlux-30ml-komplektas-1-1.jpg\",\"width\":786,\"height\":786},{\"@type\":\"BreadcrumbList\",\"@id\":\"https:\\\/\\\/detailspot.lt\\\/produktas\\\/carpro-cquartz-dlux\\\/#breadcrumb\",\"itemListElement\":[{\"@type\":\"ListItem\",\"position\":1,\"name\":\"Home\",\"item\":\"https:\\\/\\\/detailspot.lt\\\/en\\\/\"},{\"@type\":\"ListItem\",\"position\":2,\"name\":\"Shop\",\"item\":\"https:\\\/\\\/detailspot.lt\\\/en\\\/parduotuve\\\/\"},{\"@type\":\"ListItem\",\"position\":3,\"name\":\"CarPro Cquartz DLUX\"}]},{\"@type\":\"WebSite\",\"@id\":\"https:\\\/\\\/detailspot.lt\\\/#website\",\"url\":\"https:\\\/\\\/detailspot.lt\\\/\",\"name\":\"Detail Spot\",\"description\":\"Automobili\u0173 prie\u017ei\u016bros priemon\u0117s\",\"publisher\":{\"@id\":\"https:\\\/\\\/detailspot.lt\\\/#organization\"},\"potentialAction\":[{\"@type\":\"SearchAction\",\"target\":{\"@type\":\"EntryPoint\",\"urlTemplate\":\"https:\\\/\\\/detailspot.lt\\\/?s={search_term_string}\"},\"query-input\":{\"@type\":\"PropertyValueSpecification\",\"valueRequired\":true,\"valueName\":\"search_term_string\"}}],\"inLanguage\":\"en-US\"},{\"@type\":\"Organization\",\"@id\":\"https:\\\/\\\/detailspot.lt\\\/#organization\",\"name\":\"Detail Spot\",\"url\":\"https:\\\/\\\/detailspot.lt\\\/\",\"logo\":{\"@type\":\"ImageObject\",\"inLanguage\":\"en-US\",\"@id\":\"https:\\\/\\\/detailspot.lt\\\/#\\\/schema\\\/logo\\\/image\\\/\",\"url\":\"https:\\\/\\\/detailspot.lt\\\/wp-content\\\/uploads\\\/2022\\\/10\\\/logo-original.svg\",\"contentUrl\":\"https:\\\/\\\/detailspot.lt\\\/wp-content\\\/uploads\\\/2022\\\/10\\\/logo-original.svg\",\"width\":1,\"height\":1,\"caption\":\"Detail Spot\"},\"image\":{\"@id\":\"https:\\\/\\\/detailspot.lt\\\/#\\\/schema\\\/logo\\\/image\\\/\"},\"sameAs\":[\"https:\\\/\\\/www.facebook.com\\\/profile.php?id=100039208338156\"]}]}<\/script>\n<!-- \/ Yoast SEO plugin. -->","yoast_head_json":{"title":"CarPro Cquartz DLUX - Detail Spot","robots":{"index":"index","follow":"follow","max-snippet":"max-snippet:-1","max-image-preview":"max-image-preview:large","max-video-preview":"max-video-preview:-1"},"canonical":"https:\/\/detailspot.lt\/produktas\/carpro-cquartz-dlux\/","og_locale":"en_US","og_type":"article","og_title":"CarPro Cquartz DLUX - Detail Spot","og_description":"CarPro CQuartz Dlux a technologically advanced silica-based plastic restoration coating. Made of high-quality organic silane and more than 50% silica, Dlux renews and protects plastics for up to 2 years. Characteristics: Lasts up to 2 years (longer under favourable conditions); Withstands a temperature of 420 \u00b0C; Easily applied; UV protection for all external parts; Can&hellip;","og_url":"https:\/\/detailspot.lt\/produktas\/carpro-cquartz-dlux\/","og_site_name":"Detail Spot","article_publisher":"https:\/\/www.facebook.com\/profile.php?id=100039208338156","og_image":[{"url":"https:\/\/detailspot.lt\/wp-content\/uploads\/2022\/11\/Carpro_Logo-e1669668109412-300x62.png","type":"","width":"","height":""}],"twitter_card":"summary_large_image","twitter_misc":{"Est. reading time":"1 minute"},"schema":{"@context":"https:\/\/schema.org","@graph":[{"@type":"WebPage","@id":"https:\/\/detailspot.lt\/produktas\/carpro-cquartz-dlux\/","url":"https:\/\/detailspot.lt\/produktas\/carpro-cquartz-dlux\/","name":"CarPro Cquartz DLUX - Detail Spot","isPartOf":{"@id":"https:\/\/detailspot.lt\/#website"},"primaryImageOfPage":{"@id":"https:\/\/detailspot.lt\/produktas\/carpro-cquartz-dlux\/#primaryimage"},"image":{"@id":"https:\/\/detailspot.lt\/produktas\/carpro-cquartz-dlux\/#primaryimage"},"thumbnailUrl":"https:\/\/detailspot.lt\/wp-content\/uploads\/2022\/12\/carpro-cquartz-dlux-30ml-komplektas-1-1.jpg","datePublished":"2022-12-02T13:15:05+00:00","breadcrumb":{"@id":"https:\/\/detailspot.lt\/produktas\/carpro-cquartz-dlux\/#breadcrumb"},"inLanguage":"en-US","potentialAction":[{"@type":"ReadAction","target":["https:\/\/detailspot.lt\/produktas\/carpro-cquartz-dlux\/"]}]},{"@type":"ImageObject","inLanguage":"en-US","@id":"https:\/\/detailspot.lt\/produktas\/carpro-cquartz-dlux\/#primaryimage","url":"https:\/\/detailspot.lt\/wp-content\/uploads\/2022\/12\/carpro-cquartz-dlux-30ml-komplektas-1-1.jpg","contentUrl":"https:\/\/detailspot.lt\/wp-content\/uploads\/2022\/12\/carpro-cquartz-dlux-30ml-komplektas-1-1.jpg","width":786,"height":786},{"@type":"BreadcrumbList","@id":"https:\/\/detailspot.lt\/produktas\/carpro-cquartz-dlux\/#breadcrumb","itemListElement":[{"@type":"ListItem","position":1,"name":"Home","item":"https:\/\/detailspot.lt\/en\/"},{"@type":"ListItem","position":2,"name":"Shop","item":"https:\/\/detailspot.lt\/en\/parduotuve\/"},{"@type":"ListItem","position":3,"name":"CarPro Cquartz DLUX"}]},{"@type":"WebSite","@id":"https:\/\/detailspot.lt\/#website","url":"https:\/\/detailspot.lt\/","name":"Detail Spot","description":"Automobili\u0173 prie\u017ei\u016bros priemon\u0117s","publisher":{"@id":"https:\/\/detailspot.lt\/#organization"},"potentialAction":[{"@type":"SearchAction","target":{"@type":"EntryPoint","urlTemplate":"https:\/\/detailspot.lt\/?s={search_term_string}"},"query-input":{"@type":"PropertyValueSpecification","valueRequired":true,"valueName":"search_term_string"}}],"inLanguage":"en-US"},{"@type":"Organization","@id":"https:\/\/detailspot.lt\/#organization","name":"Detail Spot","url":"https:\/\/detailspot.lt\/","logo":{"@type":"ImageObject","inLanguage":"en-US","@id":"https:\/\/detailspot.lt\/#\/schema\/logo\/image\/","url":"https:\/\/detailspot.lt\/wp-content\/uploads\/2022\/10\/logo-original.svg","contentUrl":"https:\/\/detailspot.lt\/wp-content\/uploads\/2022\/10\/logo-original.svg","width":1,"height":1,"caption":"Detail Spot"},"image":{"@id":"https:\/\/detailspot.lt\/#\/schema\/logo\/image\/"},"sameAs":["https:\/\/www.facebook.com\/profile.php?id=100039208338156"]}]}},"_links":{"self":[{"href":"https:\/\/detailspot.lt\/en\/wp-json\/wp\/v2\/product\/7170","targetHints":{"allow":["GET"]}}],"collection":[{"href":"https:\/\/detailspot.lt\/en\/wp-json\/wp\/v2\/product"}],"about":[{"href":"https:\/\/detailspot.lt\/en\/wp-json\/wp\/v2\/types\/product"}],"replies":[{"embeddable":true,"href":"https:\/\/detailspot.lt\/en\/wp-json\/wp\/v2\/comments?post=7170"}],"wp:featuredmedia":[{"embeddable":true,"href":"https:\/\/detailspot.lt\/en\/wp-json\/wp\/v2\/media\/3748"}],"wp:attachment":[{"href":"https:\/\/detailspot.lt\/en\/wp-json\/wp\/v2\/media?parent=7170"}],"wp:term":[{"taxonomy":"product_brand","embeddable":true,"href":"https:\/\/detailspot.lt\/en\/wp-json\/wp\/v2\/product_brand?post=7170"},{"taxonomy":"product_cat","embeddable":true,"href":"https:\/\/detailspot.lt\/en\/wp-json\/wp\/v2\/product_cat?post=7170"},{"taxonomy":"product_tag","embeddable":true,"href":"https:\/\/detailspot.lt\/en\/wp-json\/wp\/v2\/product_tag?post=7170"}],"curies":[{"name":"wp","href":"https:\/\/api.w.org\/{rel}","templated":true}]}}