{"id":7169,"date":"2022-12-02T15:15:05","date_gmt":"2022-12-02T13:15:05","guid":{"rendered":"https:\/\/detailspot.lt\/produktas\/buff-and-shine-braided-abrasive-coat-3g-190-mm\/"},"modified":"2022-12-02T15:15:05","modified_gmt":"2022-12-02T13:15:05","slug":"buff-and-shine-braided-abrasive-coat-3g-190-mm","status":"publish","type":"product","link":"https:\/\/detailspot.lt\/en\/produktas\/buff-and-shine-braided-abrasive-coat-3g-190-mm\/","title":{"rendered":"Buff and Shine Braided Abrasive Coat 3G 190 MM"},"content":{"rendered":"<p><strong>Buff and Shine<\/strong> <strong>Braided Abrasive Coat<\/strong> &#8211; premium quality braided polishing coat for polishing painted lacquered surfaces for professional use.<\/p>\n<p>Maintenance: it is recommended to wash and clean the coat with a coat cleaning tool after polishing.<\/p>\n<ul>\n<li>Size: 190mm (7.5&#8243;)<\/li>\n<li>Wool length: 4cm (1.5&#8243;)<\/li>\n<li>Fastening: velcro<\/li>\n<li>Made of: 100% Wool 4ply Twist<\/li>\n<li>Colour: Natural<\/li>\n<li>Use: Cutting<\/li>\n<li>Turns RPM: 1750-2400<\/li>\n<\/ul>\n","protected":false},"excerpt":{"rendered":"<p>Buff and Shine Braided Abrasive Coat &#8211; premium quality braided polishing coat for polishing painted lacquered surfaces for professional use. Maintenance: it is recommended to wash and clean the coat with a coat cleaning tool after polishing. Size: 190mm (7.5&#8243;) Wool length: 4cm (1.5&#8243;) Fastening: velcro Made of: 100% Wool 4ply Twist Colour: Natural Use:&hellip;<\/p>\n","protected":false},"featured_media":3520,"comment_status":"open","ping_status":"closed","template":"","meta":[],"product_brand":[],"product_cat":[172,170],"product_tag":[],"class_list":{"0":"post-7169","1":"product","2":"type-product","3":"status-publish","4":"has-post-thumbnail","6":"product_cat-polishing-pads","7":"product_cat-polishing-tools","8":"description-off","10":"first","11":"instock","12":"taxable","13":"shipping-taxable","14":"purchasable","15":"product-type-simple"},"yoast_head":"<!-- This site is optimized with the Yoast SEO plugin v27.2 - https:\/\/yoast.com\/product\/yoast-seo-wordpress\/ -->\n<title>Buff and Shine Braided Abrasive Coat 3G 190 MM - Detail Spot<\/title>\n<meta name=\"robots\" content=\"index, follow, max-snippet:-1, max-image-preview:large, max-video-preview:-1\" \/>\n<link rel=\"canonical\" href=\"https:\/\/detailspot.lt\/produktas\/buff-and-shine-braided-abrasive-coat-3g-190-mm\/\" \/>\n<meta property=\"og:locale\" content=\"en_US\" \/>\n<meta property=\"og:type\" content=\"article\" \/>\n<meta property=\"og:title\" content=\"Buff and Shine Braided Abrasive Coat 3G 190 MM - Detail Spot\" \/>\n<meta property=\"og:description\" content=\"Buff and Shine Braided Abrasive Coat &#8211; premium quality braided polishing coat for polishing painted lacquered surfaces for professional use. Maintenance: it is recommended to wash and clean the coat with a coat cleaning tool after polishing. Size: 190mm (7.5&#8243;) Wool length: 4cm (1.5&#8243;) Fastening: velcro Made of: 100% Wool 4ply Twist Colour: Natural Use:&hellip;\" \/>\n<meta property=\"og:url\" content=\"https:\/\/detailspot.lt\/produktas\/buff-and-shine-braided-abrasive-coat-3g-190-mm\/\" \/>\n<meta property=\"og:site_name\" content=\"Detail Spot\" \/>\n<meta property=\"article:publisher\" content=\"https:\/\/www.facebook.com\/profile.php?id=100039208338156\" \/>\n<meta property=\"og:image\" content=\"https:\/\/detailspot.lt\/wp-content\/uploads\/2022\/05\/hero2.jpg\" \/>\n\t<meta property=\"og:image:width\" content=\"1920\" \/>\n\t<meta property=\"og:image:height\" content=\"1280\" \/>\n\t<meta property=\"og:image:type\" content=\"image\/jpeg\" \/>\n<meta name=\"twitter:card\" content=\"summary_large_image\" \/>\n<script type=\"application\/ld+json\" class=\"yoast-schema-graph\">{\"@context\":\"https:\/\/schema.org\",\"@graph\":[{\"@type\":\"WebPage\",\"@id\":\"https:\/\/detailspot.lt\/produktas\/buff-and-shine-braided-abrasive-coat-3g-190-mm\/\",\"url\":\"https:\/\/detailspot.lt\/produktas\/buff-and-shine-braided-abrasive-coat-3g-190-mm\/\",\"name\":\"Buff and Shine Braided Abrasive Coat 3G 190 MM - Detail Spot\",\"isPartOf\":{\"@id\":\"https:\/\/detailspot.lt\/#website\"},\"primaryImageOfPage\":{\"@id\":\"https:\/\/detailspot.lt\/produktas\/buff-and-shine-braided-abrasive-coat-3g-190-mm\/#primaryimage\"},\"image\":{\"@id\":\"https:\/\/detailspot.lt\/produktas\/buff-and-shine-braided-abrasive-coat-3g-190-mm\/#primaryimage\"},\"thumbnailUrl\":\"https:\/\/detailspot.lt\/wp-content\/uploads\/2022\/05\/rsz_kailis_poliravimui_slifavimui_buffandshine.jpg\",\"datePublished\":\"2022-12-02T13:15:05+00:00\",\"breadcrumb\":{\"@id\":\"https:\/\/detailspot.lt\/produktas\/buff-and-shine-braided-abrasive-coat-3g-190-mm\/#breadcrumb\"},\"inLanguage\":\"en-US\",\"potentialAction\":[{\"@type\":\"ReadAction\",\"target\":[\"https:\/\/detailspot.lt\/produktas\/buff-and-shine-braided-abrasive-coat-3g-190-mm\/\"]}]},{\"@type\":\"ImageObject\",\"inLanguage\":\"en-US\",\"@id\":\"https:\/\/detailspot.lt\/produktas\/buff-and-shine-braided-abrasive-coat-3g-190-mm\/#primaryimage\",\"url\":\"https:\/\/detailspot.lt\/wp-content\/uploads\/2022\/05\/rsz_kailis_poliravimui_slifavimui_buffandshine.jpg\",\"contentUrl\":\"https:\/\/detailspot.lt\/wp-content\/uploads\/2022\/05\/rsz_kailis_poliravimui_slifavimui_buffandshine.jpg\",\"width\":300,\"height\":300},{\"@type\":\"BreadcrumbList\",\"@id\":\"https:\/\/detailspot.lt\/produktas\/buff-and-shine-braided-abrasive-coat-3g-190-mm\/#breadcrumb\",\"itemListElement\":[{\"@type\":\"ListItem\",\"position\":1,\"name\":\"Home\",\"item\":\"https:\/\/detailspot.lt\/en\/\"},{\"@type\":\"ListItem\",\"position\":2,\"name\":\"Shop\",\"item\":\"https:\/\/detailspot.lt\/en\/parduotuve\/\"},{\"@type\":\"ListItem\",\"position\":3,\"name\":\"Buff and Shine Braided Abrasive Coat 3G 190 MM\"}]},{\"@type\":\"WebSite\",\"@id\":\"https:\/\/detailspot.lt\/#website\",\"url\":\"https:\/\/detailspot.lt\/\",\"name\":\"Detail Spot\",\"description\":\"Automobili\u0173 prie\u017ei\u016bros priemon\u0117s\",\"publisher\":{\"@id\":\"https:\/\/detailspot.lt\/#organization\"},\"potentialAction\":[{\"@type\":\"SearchAction\",\"target\":{\"@type\":\"EntryPoint\",\"urlTemplate\":\"https:\/\/detailspot.lt\/?s={search_term_string}\"},\"query-input\":{\"@type\":\"PropertyValueSpecification\",\"valueRequired\":true,\"valueName\":\"search_term_string\"}}],\"inLanguage\":\"en-US\"},{\"@type\":\"Organization\",\"@id\":\"https:\/\/detailspot.lt\/#organization\",\"name\":\"Detail Spot\",\"url\":\"https:\/\/detailspot.lt\/\",\"logo\":{\"@type\":\"ImageObject\",\"inLanguage\":\"en-US\",\"@id\":\"https:\/\/detailspot.lt\/#\/schema\/logo\/image\/\",\"url\":\"https:\/\/detailspot.lt\/wp-content\/uploads\/2022\/10\/logo-original.svg\",\"contentUrl\":\"https:\/\/detailspot.lt\/wp-content\/uploads\/2022\/10\/logo-original.svg\",\"width\":1,\"height\":1,\"caption\":\"Detail Spot\"},\"image\":{\"@id\":\"https:\/\/detailspot.lt\/#\/schema\/logo\/image\/\"},\"sameAs\":[\"https:\/\/www.facebook.com\/profile.php?id=100039208338156\"]}]}<\/script>\n<!-- \/ Yoast SEO plugin. -->","yoast_head_json":{"title":"Buff and Shine Braided Abrasive Coat 3G 190 MM - Detail Spot","robots":{"index":"index","follow":"follow","max-snippet":"max-snippet:-1","max-image-preview":"max-image-preview:large","max-video-preview":"max-video-preview:-1"},"canonical":"https:\/\/detailspot.lt\/produktas\/buff-and-shine-braided-abrasive-coat-3g-190-mm\/","og_locale":"en_US","og_type":"article","og_title":"Buff and Shine Braided Abrasive Coat 3G 190 MM - Detail Spot","og_description":"Buff and Shine Braided Abrasive Coat &#8211; premium quality braided polishing coat for polishing painted lacquered surfaces for professional use. Maintenance: it is recommended to wash and clean the coat with a coat cleaning tool after polishing. Size: 190mm (7.5&#8243;) Wool length: 4cm (1.5&#8243;) Fastening: velcro Made of: 100% Wool 4ply Twist Colour: Natural Use:&hellip;","og_url":"https:\/\/detailspot.lt\/produktas\/buff-and-shine-braided-abrasive-coat-3g-190-mm\/","og_site_name":"Detail Spot","article_publisher":"https:\/\/www.facebook.com\/profile.php?id=100039208338156","og_image":[{"width":1920,"height":1280,"url":"https:\/\/detailspot.lt\/wp-content\/uploads\/2022\/05\/hero2.jpg","type":"image\/jpeg"}],"twitter_card":"summary_large_image","schema":{"@context":"https:\/\/schema.org","@graph":[{"@type":"WebPage","@id":"https:\/\/detailspot.lt\/produktas\/buff-and-shine-braided-abrasive-coat-3g-190-mm\/","url":"https:\/\/detailspot.lt\/produktas\/buff-and-shine-braided-abrasive-coat-3g-190-mm\/","name":"Buff and Shine Braided Abrasive Coat 3G 190 MM - Detail Spot","isPartOf":{"@id":"https:\/\/detailspot.lt\/#website"},"primaryImageOfPage":{"@id":"https:\/\/detailspot.lt\/produktas\/buff-and-shine-braided-abrasive-coat-3g-190-mm\/#primaryimage"},"image":{"@id":"https:\/\/detailspot.lt\/produktas\/buff-and-shine-braided-abrasive-coat-3g-190-mm\/#primaryimage"},"thumbnailUrl":"https:\/\/detailspot.lt\/wp-content\/uploads\/2022\/05\/rsz_kailis_poliravimui_slifavimui_buffandshine.jpg","datePublished":"2022-12-02T13:15:05+00:00","breadcrumb":{"@id":"https:\/\/detailspot.lt\/produktas\/buff-and-shine-braided-abrasive-coat-3g-190-mm\/#breadcrumb"},"inLanguage":"en-US","potentialAction":[{"@type":"ReadAction","target":["https:\/\/detailspot.lt\/produktas\/buff-and-shine-braided-abrasive-coat-3g-190-mm\/"]}]},{"@type":"ImageObject","inLanguage":"en-US","@id":"https:\/\/detailspot.lt\/produktas\/buff-and-shine-braided-abrasive-coat-3g-190-mm\/#primaryimage","url":"https:\/\/detailspot.lt\/wp-content\/uploads\/2022\/05\/rsz_kailis_poliravimui_slifavimui_buffandshine.jpg","contentUrl":"https:\/\/detailspot.lt\/wp-content\/uploads\/2022\/05\/rsz_kailis_poliravimui_slifavimui_buffandshine.jpg","width":300,"height":300},{"@type":"BreadcrumbList","@id":"https:\/\/detailspot.lt\/produktas\/buff-and-shine-braided-abrasive-coat-3g-190-mm\/#breadcrumb","itemListElement":[{"@type":"ListItem","position":1,"name":"Home","item":"https:\/\/detailspot.lt\/en\/"},{"@type":"ListItem","position":2,"name":"Shop","item":"https:\/\/detailspot.lt\/en\/parduotuve\/"},{"@type":"ListItem","position":3,"name":"Buff and Shine Braided Abrasive Coat 3G 190 MM"}]},{"@type":"WebSite","@id":"https:\/\/detailspot.lt\/#website","url":"https:\/\/detailspot.lt\/","name":"Detail Spot","description":"Automobili\u0173 prie\u017ei\u016bros priemon\u0117s","publisher":{"@id":"https:\/\/detailspot.lt\/#organization"},"potentialAction":[{"@type":"SearchAction","target":{"@type":"EntryPoint","urlTemplate":"https:\/\/detailspot.lt\/?s={search_term_string}"},"query-input":{"@type":"PropertyValueSpecification","valueRequired":true,"valueName":"search_term_string"}}],"inLanguage":"en-US"},{"@type":"Organization","@id":"https:\/\/detailspot.lt\/#organization","name":"Detail Spot","url":"https:\/\/detailspot.lt\/","logo":{"@type":"ImageObject","inLanguage":"en-US","@id":"https:\/\/detailspot.lt\/#\/schema\/logo\/image\/","url":"https:\/\/detailspot.lt\/wp-content\/uploads\/2022\/10\/logo-original.svg","contentUrl":"https:\/\/detailspot.lt\/wp-content\/uploads\/2022\/10\/logo-original.svg","width":1,"height":1,"caption":"Detail Spot"},"image":{"@id":"https:\/\/detailspot.lt\/#\/schema\/logo\/image\/"},"sameAs":["https:\/\/www.facebook.com\/profile.php?id=100039208338156"]}]}},"_links":{"self":[{"href":"https:\/\/detailspot.lt\/en\/wp-json\/wp\/v2\/product\/7169","targetHints":{"allow":["GET"]}}],"collection":[{"href":"https:\/\/detailspot.lt\/en\/wp-json\/wp\/v2\/product"}],"about":[{"href":"https:\/\/detailspot.lt\/en\/wp-json\/wp\/v2\/types\/product"}],"replies":[{"embeddable":true,"href":"https:\/\/detailspot.lt\/en\/wp-json\/wp\/v2\/comments?post=7169"}],"wp:featuredmedia":[{"embeddable":true,"href":"https:\/\/detailspot.lt\/en\/wp-json\/wp\/v2\/media\/3520"}],"wp:attachment":[{"href":"https:\/\/detailspot.lt\/en\/wp-json\/wp\/v2\/media?parent=7169"}],"wp:term":[{"taxonomy":"product_brand","embeddable":true,"href":"https:\/\/detailspot.lt\/en\/wp-json\/wp\/v2\/product_brand?post=7169"},{"taxonomy":"product_cat","embeddable":true,"href":"https:\/\/detailspot.lt\/en\/wp-json\/wp\/v2\/product_cat?post=7169"},{"taxonomy":"product_tag","embeddable":true,"href":"https:\/\/detailspot.lt\/en\/wp-json\/wp\/v2\/product_tag?post=7169"}],"curies":[{"name":"wp","href":"https:\/\/api.w.org\/{rel}","templated":true}]}}