{"id":7165,"date":"2022-12-02T15:15:06","date_gmt":"2022-12-02T13:15:06","guid":{"rendered":"https:\/\/detailspot.lt\/produktas\/benbow-pro-cleaning-gun-premium-103\/"},"modified":"2025-11-30T04:30:49","modified_gmt":"2025-11-30T02:30:49","slug":"benbow-pro-cleaning-gun-premium-103","status":"publish","type":"product","link":"https:\/\/detailspot.lt\/en\/produktas\/benbow-pro-cleaning-gun-premium-103\/","title":{"rendered":"BenBow PRO Cleaning Gun Premium 103"},"content":{"rendered":"<div id=\"heading2\">\n<p><strong>BenBow PRO Cleaning Gun Premium &#8211; <\/strong>the tool is designed to clean hard-to-reach areas using the high force of a tornado. The plastic parts of the interior, the carpets, mats, upholstery, the engine compartment, the gaps, everything will be cleaned faster, better and more efficiently with the help of the tornado vortex. The device has a chemical tank that is pressurised and passed through a rotating nozzle to create a tornado effect, giving the chemical cleaner additional kinetic force and making the cleaning process extremely fast. <strong>The PRO Premium<\/strong> version is equipped with a professional bearing mechanism which increases the durability and efficiency of the tool compared to the regular <strong>Classic<\/strong> model with an unbalanced hose. The materials of the tool are designed for professional use, continuous use in car washes, etc.<\/p>\n<p><strong>Features<\/strong><\/p>\n<ol>\n<li>Creates a Tornado effect;<\/li>\n<li>Made from high quality materials;<\/li>\n<li>Metal, bearing part for Tornado effect;<\/li>\n<li>Plastic nozzle;<\/li>\n<li>Adjustable chemical dosage;<\/li>\n<li>Adjustable air pressure;<\/li>\n<li>Rotating quick connector for easy use of the tool;<\/li>\n<li>Connects to an air compressor.<\/li>\n<\/ol>\n<p><strong>The set includes<br \/>\n<\/strong><\/p>\n<ol>\n<li>Tornado tool with container<\/li>\n<li>Quick connector for connection to a compressor<\/li>\n<\/ol>\n<\/div>\n<div class=\"clear\" style=\"text-align: center;\"><img loading=\"lazy\" decoding=\"async\" class=\"alignnone wp-image-1946\" src=\"https:\/\/detailspot.lt\/wp-content\/uploads\/2022\/12\/BenBow-logo.png\" alt=\"\" width=\"151\" height=\"151\" srcset=\"https:\/\/detailspot.lt\/wp-content\/uploads\/2022\/12\/BenBow-logo.png 225w, https:\/\/detailspot.lt\/wp-content\/uploads\/2022\/12\/BenBow-logo-150x150.png 150w, https:\/\/detailspot.lt\/wp-content\/uploads\/2022\/12\/BenBow-logo-200x200.png 200w, https:\/\/detailspot.lt\/wp-content\/uploads\/2022\/12\/BenBow-logo-64x64.png 64w\" sizes=\"auto, (max-width: 151px) 100vw, 151px\" \/><\/div>\n<p class=\"grid_26 alpha omega \">\n","protected":false},"excerpt":{"rendered":"<p>BenBow PRO Cleaning Gun Premium &#8211; the tool is designed to clean hard-to-reach areas using the high force of a tornado. The plastic parts of the interior, the carpets, mats, upholstery, the engine compartment, the gaps, everything will be cleaned faster, better and more efficiently with the help of the tornado vortex. The device has&hellip;<\/p>\n","protected":false},"featured_media":9656,"comment_status":"closed","ping_status":"closed","template":"","meta":[],"product_brand":[],"product_cat":[180,179],"product_tag":[],"class_list":{"0":"post-7165","1":"product","2":"type-product","3":"status-publish","4":"has-post-thumbnail","6":"product_cat-benbow-tornado-tools","7":"product_cat-tools","8":"description-off","10":"first","11":"instock","12":"taxable","13":"shipping-taxable","14":"purchasable","15":"product-type-simple"},"yoast_head":"<!-- This site is optimized with the Yoast SEO plugin v27.4 - https:\/\/yoast.com\/product\/yoast-seo-wordpress\/ -->\n<title>BenBow PRO Cleaning Gun Premium 103 - Detail Spot<\/title>\n<meta name=\"description\" content=\"BenBow PRO Cleaning Gun Premium 103the tool is designed to clean hard-to-reach areas using the high force of a tornado.\" \/>\n<meta name=\"robots\" content=\"index, follow, max-snippet:-1, max-image-preview:large, max-video-preview:-1\" \/>\n<link rel=\"canonical\" href=\"https:\/\/detailspot.lt\/produktas\/benbow-pro-cleaning-gun-premium-103\/\" \/>\n<meta property=\"og:locale\" content=\"en_US\" \/>\n<meta property=\"og:type\" content=\"article\" \/>\n<meta property=\"og:title\" content=\"BenBow PRO Cleaning Gun Premium 103 - Detail Spot\" \/>\n<meta property=\"og:description\" content=\"BenBow PRO Cleaning Gun Premium 103the tool is designed to clean hard-to-reach areas using the high force of a tornado.\" \/>\n<meta property=\"og:url\" content=\"https:\/\/detailspot.lt\/produktas\/benbow-pro-cleaning-gun-premium-103\/\" \/>\n<meta property=\"og:site_name\" content=\"Detail Spot\" \/>\n<meta property=\"article:publisher\" content=\"https:\/\/www.facebook.com\/profile.php?id=100039208338156\" \/>\n<meta property=\"article:modified_time\" content=\"2025-11-30T02:30:49+00:00\" \/>\n<meta property=\"og:image\" content=\"https:\/\/detailspot.lt\/wp-content\/uploads\/2022\/05\/rsz_benbow-pro-cleaning-gun-premium-2-1.jpg\" \/>\n\t<meta property=\"og:image:width\" content=\"297\" \/>\n\t<meta property=\"og:image:height\" content=\"297\" \/>\n\t<meta property=\"og:image:type\" content=\"image\/jpeg\" \/>\n<meta name=\"twitter:card\" content=\"summary_large_image\" \/>\n<meta name=\"twitter:label1\" content=\"Est. reading time\" \/>\n\t<meta name=\"twitter:data1\" content=\"1 minute\" \/>\n<script type=\"application\/ld+json\" class=\"yoast-schema-graph\">{\"@context\":\"https:\\\/\\\/schema.org\",\"@graph\":[{\"@type\":\"WebPage\",\"@id\":\"https:\\\/\\\/detailspot.lt\\\/produktas\\\/benbow-pro-cleaning-gun-premium-103\\\/\",\"url\":\"https:\\\/\\\/detailspot.lt\\\/produktas\\\/benbow-pro-cleaning-gun-premium-103\\\/\",\"name\":\"BenBow PRO Cleaning Gun Premium 103 - Detail Spot\",\"isPartOf\":{\"@id\":\"https:\\\/\\\/detailspot.lt\\\/#website\"},\"primaryImageOfPage\":{\"@id\":\"https:\\\/\\\/detailspot.lt\\\/produktas\\\/benbow-pro-cleaning-gun-premium-103\\\/#primaryimage\"},\"image\":{\"@id\":\"https:\\\/\\\/detailspot.lt\\\/produktas\\\/benbow-pro-cleaning-gun-premium-103\\\/#primaryimage\"},\"thumbnailUrl\":\"https:\\\/\\\/detailspot.lt\\\/wp-content\\\/uploads\\\/2022\\\/12\\\/BenBow-103-4.jpg\",\"datePublished\":\"2022-12-02T13:15:06+00:00\",\"dateModified\":\"2025-11-30T02:30:49+00:00\",\"description\":\"BenBow PRO Cleaning Gun Premium 103the tool is designed to clean hard-to-reach areas using the high force of a tornado.\",\"breadcrumb\":{\"@id\":\"https:\\\/\\\/detailspot.lt\\\/produktas\\\/benbow-pro-cleaning-gun-premium-103\\\/#breadcrumb\"},\"inLanguage\":\"en-US\",\"potentialAction\":[{\"@type\":\"ReadAction\",\"target\":[\"https:\\\/\\\/detailspot.lt\\\/produktas\\\/benbow-pro-cleaning-gun-premium-103\\\/\"]}]},{\"@type\":\"ImageObject\",\"inLanguage\":\"en-US\",\"@id\":\"https:\\\/\\\/detailspot.lt\\\/produktas\\\/benbow-pro-cleaning-gun-premium-103\\\/#primaryimage\",\"url\":\"https:\\\/\\\/detailspot.lt\\\/wp-content\\\/uploads\\\/2022\\\/12\\\/BenBow-103-4.jpg\",\"contentUrl\":\"https:\\\/\\\/detailspot.lt\\\/wp-content\\\/uploads\\\/2022\\\/12\\\/BenBow-103-4.jpg\",\"width\":1382,\"height\":1383},{\"@type\":\"BreadcrumbList\",\"@id\":\"https:\\\/\\\/detailspot.lt\\\/produktas\\\/benbow-pro-cleaning-gun-premium-103\\\/#breadcrumb\",\"itemListElement\":[{\"@type\":\"ListItem\",\"position\":1,\"name\":\"Home\",\"item\":\"https:\\\/\\\/detailspot.lt\\\/en\\\/\"},{\"@type\":\"ListItem\",\"position\":2,\"name\":\"Shop\",\"item\":\"https:\\\/\\\/detailspot.lt\\\/en\\\/parduotuve\\\/\"},{\"@type\":\"ListItem\",\"position\":3,\"name\":\"BenBow PRO Cleaning Gun Premium 103\"}]},{\"@type\":\"WebSite\",\"@id\":\"https:\\\/\\\/detailspot.lt\\\/#website\",\"url\":\"https:\\\/\\\/detailspot.lt\\\/\",\"name\":\"Detail Spot\",\"description\":\"Automobili\u0173 prie\u017ei\u016bros priemon\u0117s\",\"publisher\":{\"@id\":\"https:\\\/\\\/detailspot.lt\\\/#organization\"},\"potentialAction\":[{\"@type\":\"SearchAction\",\"target\":{\"@type\":\"EntryPoint\",\"urlTemplate\":\"https:\\\/\\\/detailspot.lt\\\/?s={search_term_string}\"},\"query-input\":{\"@type\":\"PropertyValueSpecification\",\"valueRequired\":true,\"valueName\":\"search_term_string\"}}],\"inLanguage\":\"en-US\"},{\"@type\":\"Organization\",\"@id\":\"https:\\\/\\\/detailspot.lt\\\/#organization\",\"name\":\"Detail Spot\",\"url\":\"https:\\\/\\\/detailspot.lt\\\/\",\"logo\":{\"@type\":\"ImageObject\",\"inLanguage\":\"en-US\",\"@id\":\"https:\\\/\\\/detailspot.lt\\\/#\\\/schema\\\/logo\\\/image\\\/\",\"url\":\"https:\\\/\\\/detailspot.lt\\\/wp-content\\\/uploads\\\/2022\\\/10\\\/logo-original.svg\",\"contentUrl\":\"https:\\\/\\\/detailspot.lt\\\/wp-content\\\/uploads\\\/2022\\\/10\\\/logo-original.svg\",\"width\":1,\"height\":1,\"caption\":\"Detail Spot\"},\"image\":{\"@id\":\"https:\\\/\\\/detailspot.lt\\\/#\\\/schema\\\/logo\\\/image\\\/\"},\"sameAs\":[\"https:\\\/\\\/www.facebook.com\\\/profile.php?id=100039208338156\"]}]}<\/script>\n<!-- \/ Yoast SEO plugin. -->","yoast_head_json":{"title":"BenBow PRO Cleaning Gun Premium 103 - Detail Spot","description":"BenBow PRO Cleaning Gun Premium 103the tool is designed to clean hard-to-reach areas using the high force of a tornado.","robots":{"index":"index","follow":"follow","max-snippet":"max-snippet:-1","max-image-preview":"max-image-preview:large","max-video-preview":"max-video-preview:-1"},"canonical":"https:\/\/detailspot.lt\/produktas\/benbow-pro-cleaning-gun-premium-103\/","og_locale":"en_US","og_type":"article","og_title":"BenBow PRO Cleaning Gun Premium 103 - Detail Spot","og_description":"BenBow PRO Cleaning Gun Premium 103the tool is designed to clean hard-to-reach areas using the high force of a tornado.","og_url":"https:\/\/detailspot.lt\/produktas\/benbow-pro-cleaning-gun-premium-103\/","og_site_name":"Detail Spot","article_publisher":"https:\/\/www.facebook.com\/profile.php?id=100039208338156","article_modified_time":"2025-11-30T02:30:49+00:00","og_image":[{"width":297,"height":297,"url":"https:\/\/detailspot.lt\/wp-content\/uploads\/2022\/05\/rsz_benbow-pro-cleaning-gun-premium-2-1.jpg","type":"image\/jpeg"}],"twitter_card":"summary_large_image","twitter_misc":{"Est. reading time":"1 minute"},"schema":{"@context":"https:\/\/schema.org","@graph":[{"@type":"WebPage","@id":"https:\/\/detailspot.lt\/produktas\/benbow-pro-cleaning-gun-premium-103\/","url":"https:\/\/detailspot.lt\/produktas\/benbow-pro-cleaning-gun-premium-103\/","name":"BenBow PRO Cleaning Gun Premium 103 - Detail Spot","isPartOf":{"@id":"https:\/\/detailspot.lt\/#website"},"primaryImageOfPage":{"@id":"https:\/\/detailspot.lt\/produktas\/benbow-pro-cleaning-gun-premium-103\/#primaryimage"},"image":{"@id":"https:\/\/detailspot.lt\/produktas\/benbow-pro-cleaning-gun-premium-103\/#primaryimage"},"thumbnailUrl":"https:\/\/detailspot.lt\/wp-content\/uploads\/2022\/12\/BenBow-103-4.jpg","datePublished":"2022-12-02T13:15:06+00:00","dateModified":"2025-11-30T02:30:49+00:00","description":"BenBow PRO Cleaning Gun Premium 103the tool is designed to clean hard-to-reach areas using the high force of a tornado.","breadcrumb":{"@id":"https:\/\/detailspot.lt\/produktas\/benbow-pro-cleaning-gun-premium-103\/#breadcrumb"},"inLanguage":"en-US","potentialAction":[{"@type":"ReadAction","target":["https:\/\/detailspot.lt\/produktas\/benbow-pro-cleaning-gun-premium-103\/"]}]},{"@type":"ImageObject","inLanguage":"en-US","@id":"https:\/\/detailspot.lt\/produktas\/benbow-pro-cleaning-gun-premium-103\/#primaryimage","url":"https:\/\/detailspot.lt\/wp-content\/uploads\/2022\/12\/BenBow-103-4.jpg","contentUrl":"https:\/\/detailspot.lt\/wp-content\/uploads\/2022\/12\/BenBow-103-4.jpg","width":1382,"height":1383},{"@type":"BreadcrumbList","@id":"https:\/\/detailspot.lt\/produktas\/benbow-pro-cleaning-gun-premium-103\/#breadcrumb","itemListElement":[{"@type":"ListItem","position":1,"name":"Home","item":"https:\/\/detailspot.lt\/en\/"},{"@type":"ListItem","position":2,"name":"Shop","item":"https:\/\/detailspot.lt\/en\/parduotuve\/"},{"@type":"ListItem","position":3,"name":"BenBow PRO Cleaning Gun Premium 103"}]},{"@type":"WebSite","@id":"https:\/\/detailspot.lt\/#website","url":"https:\/\/detailspot.lt\/","name":"Detail Spot","description":"Automobili\u0173 prie\u017ei\u016bros priemon\u0117s","publisher":{"@id":"https:\/\/detailspot.lt\/#organization"},"potentialAction":[{"@type":"SearchAction","target":{"@type":"EntryPoint","urlTemplate":"https:\/\/detailspot.lt\/?s={search_term_string}"},"query-input":{"@type":"PropertyValueSpecification","valueRequired":true,"valueName":"search_term_string"}}],"inLanguage":"en-US"},{"@type":"Organization","@id":"https:\/\/detailspot.lt\/#organization","name":"Detail Spot","url":"https:\/\/detailspot.lt\/","logo":{"@type":"ImageObject","inLanguage":"en-US","@id":"https:\/\/detailspot.lt\/#\/schema\/logo\/image\/","url":"https:\/\/detailspot.lt\/wp-content\/uploads\/2022\/10\/logo-original.svg","contentUrl":"https:\/\/detailspot.lt\/wp-content\/uploads\/2022\/10\/logo-original.svg","width":1,"height":1,"caption":"Detail Spot"},"image":{"@id":"https:\/\/detailspot.lt\/#\/schema\/logo\/image\/"},"sameAs":["https:\/\/www.facebook.com\/profile.php?id=100039208338156"]}]}},"_links":{"self":[{"href":"https:\/\/detailspot.lt\/en\/wp-json\/wp\/v2\/product\/7165","targetHints":{"allow":["GET"]}}],"collection":[{"href":"https:\/\/detailspot.lt\/en\/wp-json\/wp\/v2\/product"}],"about":[{"href":"https:\/\/detailspot.lt\/en\/wp-json\/wp\/v2\/types\/product"}],"replies":[{"embeddable":true,"href":"https:\/\/detailspot.lt\/en\/wp-json\/wp\/v2\/comments?post=7165"}],"wp:featuredmedia":[{"embeddable":true,"href":"https:\/\/detailspot.lt\/en\/wp-json\/wp\/v2\/media\/9656"}],"wp:attachment":[{"href":"https:\/\/detailspot.lt\/en\/wp-json\/wp\/v2\/media?parent=7165"}],"wp:term":[{"taxonomy":"product_brand","embeddable":true,"href":"https:\/\/detailspot.lt\/en\/wp-json\/wp\/v2\/product_brand?post=7165"},{"taxonomy":"product_cat","embeddable":true,"href":"https:\/\/detailspot.lt\/en\/wp-json\/wp\/v2\/product_cat?post=7165"},{"taxonomy":"product_tag","embeddable":true,"href":"https:\/\/detailspot.lt\/en\/wp-json\/wp\/v2\/product_tag?post=7165"}],"curies":[{"name":"wp","href":"https:\/\/api.w.org\/{rel}","templated":true}]}}