{"id":7163,"date":"2022-12-02T15:15:06","date_gmt":"2022-12-02T13:15:06","guid":{"rendered":"https:\/\/detailspot.lt\/produktas\/benbow-vacuum-washer-adapter-055\/"},"modified":"2025-11-30T04:30:49","modified_gmt":"2025-11-30T02:30:49","slug":"benbow-vacuum-washer-adapter-055","status":"publish","type":"product","link":"https:\/\/detailspot.lt\/en\/produktas\/benbow-vacuum-washer-adapter-055\/","title":{"rendered":"BenBow Vacuum Washer + adapter 055"},"content":{"rendered":"<p><strong>BenBow Vacuum Washer<\/strong> <strong>+ adapter <\/strong>-the tool is designed to clean hard-to-reach areas with high tornado force and suction liquids simultaneously. It is the most effective<strong> <\/strong>the dry cleaning tool of all alternative solutions. Interior plastics, carpets, mats, upholstery, engine compartment, gaps, everything will be cleaned faster, better and more efficiently with the help of the tornado vortex. The device has a chemical tank which, when pressurised, is passed through a rotating nozzle to create a tornado effect, giving additional kinetic force to the chemical cleaner and making the cleaning process extremely fast. <strong>Vacuum Washer<\/strong> The version has a professional bearing mechanism which increases the tool&#8217;s durability and efficiency from the normal <strong>Classic <\/strong>model with a balanced hose, materials for professional use, continuous use in car washes etc.<\/p>\n<p><strong>BenBow Vacuum Washer<\/strong> <strong>+ adapter &#8211; <\/strong>has an additional connection to the pump to simultaneously clean the surface with a tornado effect and suck up all the dirt lifted.<\/p>\n<p><strong>Features<\/strong><\/p>\n<ol>\n<li>Creates a Tornado effect and sucks the liquid away at the same time;<\/li>\n<li>Designed with high quality materials for professional, uninterrupted use;<\/li>\n<li>Plastic, bearing Tornado effect part;<\/li>\n<li>Plastic nozzle with brush;<\/li>\n<li>Adjustable chemical dosage;<\/li>\n<li>Adjustable air pressure;<\/li>\n<li>Rotating quick connector for easy use of the tool;<\/li>\n<li>Connects to the air compressor and pump.<\/li>\n<\/ol>\n<p><strong>The set includes<\/strong><\/p>\n<ul>\n<li>Tornado tool with container;<\/li>\n<li>Quick swivel connector for connection to a compressor;<\/li>\n<li>Pressure regulator;<\/li>\n<li>Transparent nozzle with pump connection;<\/li>\n<li>Flexible pump changeover;<\/li>\n<li>Plastic nozzle with brush;<\/li>\n<li>Pump transitions for different sizes.<\/li>\n<\/ul>\n<p>&nbsp;<\/p>\n<p style=\"text-align: center;\"><img loading=\"lazy\" decoding=\"async\" class=\"alignnone wp-image-1946\" src=\"https:\/\/detailspot.lt\/wp-content\/uploads\/2022\/12\/BenBow-logo.png\" alt=\"\" width=\"152\" height=\"152\" srcset=\"https:\/\/detailspot.lt\/wp-content\/uploads\/2022\/12\/BenBow-logo.png 225w, https:\/\/detailspot.lt\/wp-content\/uploads\/2022\/12\/BenBow-logo-150x150.png 150w, https:\/\/detailspot.lt\/wp-content\/uploads\/2022\/12\/BenBow-logo-200x200.png 200w, https:\/\/detailspot.lt\/wp-content\/uploads\/2022\/12\/BenBow-logo-64x64.png 64w\" sizes=\"auto, (max-width: 152px) 100vw, 152px\" \/><\/p>\n","protected":false},"excerpt":{"rendered":"<p>BenBow Vacuum Washer + adapter -the tool is designed to clean hard-to-reach areas with high tornado force and suction liquids simultaneously. It is the most effective the dry cleaning tool of all alternative solutions. Interior plastics, carpets, mats, upholstery, engine compartment, gaps, everything will be cleaned faster, better and more efficiently with the help of&hellip;<\/p>\n","protected":false},"featured_media":3540,"comment_status":"closed","ping_status":"closed","template":"","meta":[],"product_brand":[],"product_cat":[180,179],"product_tag":[],"class_list":{"0":"post-7163","1":"product","2":"type-product","3":"status-publish","4":"has-post-thumbnail","6":"product_cat-benbow-tornado-tools","7":"product_cat-tools","8":"description-off","10":"first","11":"instock","12":"taxable","13":"shipping-taxable","14":"purchasable","15":"product-type-simple"},"yoast_head":"<!-- This site is optimized with the Yoast SEO plugin v27.4 - https:\/\/yoast.com\/product\/yoast-seo-wordpress\/ -->\n<title>BenBow Vacuum Washer + adapter 055 - Detail Spot<\/title>\n<meta name=\"description\" content=\"BenBow Vacuum Washer + adapter 055 the tool is designed to clean hard-to-reach areas with high tornado force and suction liquids simultaneously.\" \/>\n<meta name=\"robots\" content=\"index, follow, max-snippet:-1, max-image-preview:large, max-video-preview:-1\" \/>\n<link rel=\"canonical\" href=\"https:\/\/detailspot.lt\/produktas\/benbow-vacuum-washer-adapter-055\/\" \/>\n<meta property=\"og:locale\" content=\"en_US\" \/>\n<meta property=\"og:type\" content=\"article\" \/>\n<meta property=\"og:title\" content=\"BenBow Vacuum Washer + adapter 055 - Detail Spot\" \/>\n<meta property=\"og:description\" content=\"BenBow Vacuum Washer + adapter 055 the tool is designed to clean hard-to-reach areas with high tornado force and suction liquids simultaneously.\" \/>\n<meta property=\"og:url\" content=\"https:\/\/detailspot.lt\/produktas\/benbow-vacuum-washer-adapter-055\/\" \/>\n<meta property=\"og:site_name\" content=\"Detail Spot\" \/>\n<meta property=\"article:publisher\" content=\"https:\/\/www.facebook.com\/profile.php?id=100039208338156\" \/>\n<meta property=\"article:modified_time\" content=\"2025-11-30T02:30:49+00:00\" \/>\n<meta property=\"og:image\" content=\"https:\/\/detailspot.lt\/wp-content\/uploads\/2022\/05\/rsz_benbow-vacuum-washer-11-1.jpg\" \/>\n\t<meta property=\"og:image:width\" content=\"297\" \/>\n\t<meta property=\"og:image:height\" content=\"297\" \/>\n\t<meta property=\"og:image:type\" content=\"image\/jpeg\" \/>\n<meta name=\"twitter:card\" content=\"summary_large_image\" \/>\n<meta name=\"twitter:label1\" content=\"Est. reading time\" \/>\n\t<meta name=\"twitter:data1\" content=\"1 minute\" \/>\n<script type=\"application\/ld+json\" class=\"yoast-schema-graph\">{\"@context\":\"https:\\\/\\\/schema.org\",\"@graph\":[{\"@type\":\"WebPage\",\"@id\":\"https:\\\/\\\/detailspot.lt\\\/produktas\\\/benbow-vacuum-washer-adapter-055\\\/\",\"url\":\"https:\\\/\\\/detailspot.lt\\\/produktas\\\/benbow-vacuum-washer-adapter-055\\\/\",\"name\":\"BenBow Vacuum Washer + adapter 055 - Detail Spot\",\"isPartOf\":{\"@id\":\"https:\\\/\\\/detailspot.lt\\\/#website\"},\"primaryImageOfPage\":{\"@id\":\"https:\\\/\\\/detailspot.lt\\\/produktas\\\/benbow-vacuum-washer-adapter-055\\\/#primaryimage\"},\"image\":{\"@id\":\"https:\\\/\\\/detailspot.lt\\\/produktas\\\/benbow-vacuum-washer-adapter-055\\\/#primaryimage\"},\"thumbnailUrl\":\"https:\\\/\\\/detailspot.lt\\\/wp-content\\\/uploads\\\/2022\\\/05\\\/rsz_benbow-vacuum-washer-11-1.jpg\",\"datePublished\":\"2022-12-02T13:15:06+00:00\",\"dateModified\":\"2025-11-30T02:30:49+00:00\",\"description\":\"BenBow Vacuum Washer + adapter 055 the tool is designed to clean hard-to-reach areas with high tornado force and suction liquids simultaneously.\",\"breadcrumb\":{\"@id\":\"https:\\\/\\\/detailspot.lt\\\/produktas\\\/benbow-vacuum-washer-adapter-055\\\/#breadcrumb\"},\"inLanguage\":\"en-US\",\"potentialAction\":[{\"@type\":\"ReadAction\",\"target\":[\"https:\\\/\\\/detailspot.lt\\\/produktas\\\/benbow-vacuum-washer-adapter-055\\\/\"]}]},{\"@type\":\"ImageObject\",\"inLanguage\":\"en-US\",\"@id\":\"https:\\\/\\\/detailspot.lt\\\/produktas\\\/benbow-vacuum-washer-adapter-055\\\/#primaryimage\",\"url\":\"https:\\\/\\\/detailspot.lt\\\/wp-content\\\/uploads\\\/2022\\\/05\\\/rsz_benbow-vacuum-washer-11-1.jpg\",\"contentUrl\":\"https:\\\/\\\/detailspot.lt\\\/wp-content\\\/uploads\\\/2022\\\/05\\\/rsz_benbow-vacuum-washer-11-1.jpg\",\"width\":297,\"height\":297},{\"@type\":\"BreadcrumbList\",\"@id\":\"https:\\\/\\\/detailspot.lt\\\/produktas\\\/benbow-vacuum-washer-adapter-055\\\/#breadcrumb\",\"itemListElement\":[{\"@type\":\"ListItem\",\"position\":1,\"name\":\"Home\",\"item\":\"https:\\\/\\\/detailspot.lt\\\/en\\\/\"},{\"@type\":\"ListItem\",\"position\":2,\"name\":\"Shop\",\"item\":\"https:\\\/\\\/detailspot.lt\\\/en\\\/parduotuve\\\/\"},{\"@type\":\"ListItem\",\"position\":3,\"name\":\"BenBow Vacuum Washer + adapter 055\"}]},{\"@type\":\"WebSite\",\"@id\":\"https:\\\/\\\/detailspot.lt\\\/#website\",\"url\":\"https:\\\/\\\/detailspot.lt\\\/\",\"name\":\"Detail Spot\",\"description\":\"Automobili\u0173 prie\u017ei\u016bros priemon\u0117s\",\"publisher\":{\"@id\":\"https:\\\/\\\/detailspot.lt\\\/#organization\"},\"potentialAction\":[{\"@type\":\"SearchAction\",\"target\":{\"@type\":\"EntryPoint\",\"urlTemplate\":\"https:\\\/\\\/detailspot.lt\\\/?s={search_term_string}\"},\"query-input\":{\"@type\":\"PropertyValueSpecification\",\"valueRequired\":true,\"valueName\":\"search_term_string\"}}],\"inLanguage\":\"en-US\"},{\"@type\":\"Organization\",\"@id\":\"https:\\\/\\\/detailspot.lt\\\/#organization\",\"name\":\"Detail Spot\",\"url\":\"https:\\\/\\\/detailspot.lt\\\/\",\"logo\":{\"@type\":\"ImageObject\",\"inLanguage\":\"en-US\",\"@id\":\"https:\\\/\\\/detailspot.lt\\\/#\\\/schema\\\/logo\\\/image\\\/\",\"url\":\"https:\\\/\\\/detailspot.lt\\\/wp-content\\\/uploads\\\/2022\\\/10\\\/logo-original.svg\",\"contentUrl\":\"https:\\\/\\\/detailspot.lt\\\/wp-content\\\/uploads\\\/2022\\\/10\\\/logo-original.svg\",\"width\":1,\"height\":1,\"caption\":\"Detail Spot\"},\"image\":{\"@id\":\"https:\\\/\\\/detailspot.lt\\\/#\\\/schema\\\/logo\\\/image\\\/\"},\"sameAs\":[\"https:\\\/\\\/www.facebook.com\\\/profile.php?id=100039208338156\"]}]}<\/script>\n<!-- \/ Yoast SEO plugin. -->","yoast_head_json":{"title":"BenBow Vacuum Washer + adapter 055 - Detail Spot","description":"BenBow Vacuum Washer + adapter 055 the tool is designed to clean hard-to-reach areas with high tornado force and suction liquids simultaneously.","robots":{"index":"index","follow":"follow","max-snippet":"max-snippet:-1","max-image-preview":"max-image-preview:large","max-video-preview":"max-video-preview:-1"},"canonical":"https:\/\/detailspot.lt\/produktas\/benbow-vacuum-washer-adapter-055\/","og_locale":"en_US","og_type":"article","og_title":"BenBow Vacuum Washer + adapter 055 - Detail Spot","og_description":"BenBow Vacuum Washer + adapter 055 the tool is designed to clean hard-to-reach areas with high tornado force and suction liquids simultaneously.","og_url":"https:\/\/detailspot.lt\/produktas\/benbow-vacuum-washer-adapter-055\/","og_site_name":"Detail Spot","article_publisher":"https:\/\/www.facebook.com\/profile.php?id=100039208338156","article_modified_time":"2025-11-30T02:30:49+00:00","og_image":[{"width":297,"height":297,"url":"https:\/\/detailspot.lt\/wp-content\/uploads\/2022\/05\/rsz_benbow-vacuum-washer-11-1.jpg","type":"image\/jpeg"}],"twitter_card":"summary_large_image","twitter_misc":{"Est. reading time":"1 minute"},"schema":{"@context":"https:\/\/schema.org","@graph":[{"@type":"WebPage","@id":"https:\/\/detailspot.lt\/produktas\/benbow-vacuum-washer-adapter-055\/","url":"https:\/\/detailspot.lt\/produktas\/benbow-vacuum-washer-adapter-055\/","name":"BenBow Vacuum Washer + adapter 055 - Detail Spot","isPartOf":{"@id":"https:\/\/detailspot.lt\/#website"},"primaryImageOfPage":{"@id":"https:\/\/detailspot.lt\/produktas\/benbow-vacuum-washer-adapter-055\/#primaryimage"},"image":{"@id":"https:\/\/detailspot.lt\/produktas\/benbow-vacuum-washer-adapter-055\/#primaryimage"},"thumbnailUrl":"https:\/\/detailspot.lt\/wp-content\/uploads\/2022\/05\/rsz_benbow-vacuum-washer-11-1.jpg","datePublished":"2022-12-02T13:15:06+00:00","dateModified":"2025-11-30T02:30:49+00:00","description":"BenBow Vacuum Washer + adapter 055 the tool is designed to clean hard-to-reach areas with high tornado force and suction liquids simultaneously.","breadcrumb":{"@id":"https:\/\/detailspot.lt\/produktas\/benbow-vacuum-washer-adapter-055\/#breadcrumb"},"inLanguage":"en-US","potentialAction":[{"@type":"ReadAction","target":["https:\/\/detailspot.lt\/produktas\/benbow-vacuum-washer-adapter-055\/"]}]},{"@type":"ImageObject","inLanguage":"en-US","@id":"https:\/\/detailspot.lt\/produktas\/benbow-vacuum-washer-adapter-055\/#primaryimage","url":"https:\/\/detailspot.lt\/wp-content\/uploads\/2022\/05\/rsz_benbow-vacuum-washer-11-1.jpg","contentUrl":"https:\/\/detailspot.lt\/wp-content\/uploads\/2022\/05\/rsz_benbow-vacuum-washer-11-1.jpg","width":297,"height":297},{"@type":"BreadcrumbList","@id":"https:\/\/detailspot.lt\/produktas\/benbow-vacuum-washer-adapter-055\/#breadcrumb","itemListElement":[{"@type":"ListItem","position":1,"name":"Home","item":"https:\/\/detailspot.lt\/en\/"},{"@type":"ListItem","position":2,"name":"Shop","item":"https:\/\/detailspot.lt\/en\/parduotuve\/"},{"@type":"ListItem","position":3,"name":"BenBow Vacuum Washer + adapter 055"}]},{"@type":"WebSite","@id":"https:\/\/detailspot.lt\/#website","url":"https:\/\/detailspot.lt\/","name":"Detail Spot","description":"Automobili\u0173 prie\u017ei\u016bros priemon\u0117s","publisher":{"@id":"https:\/\/detailspot.lt\/#organization"},"potentialAction":[{"@type":"SearchAction","target":{"@type":"EntryPoint","urlTemplate":"https:\/\/detailspot.lt\/?s={search_term_string}"},"query-input":{"@type":"PropertyValueSpecification","valueRequired":true,"valueName":"search_term_string"}}],"inLanguage":"en-US"},{"@type":"Organization","@id":"https:\/\/detailspot.lt\/#organization","name":"Detail Spot","url":"https:\/\/detailspot.lt\/","logo":{"@type":"ImageObject","inLanguage":"en-US","@id":"https:\/\/detailspot.lt\/#\/schema\/logo\/image\/","url":"https:\/\/detailspot.lt\/wp-content\/uploads\/2022\/10\/logo-original.svg","contentUrl":"https:\/\/detailspot.lt\/wp-content\/uploads\/2022\/10\/logo-original.svg","width":1,"height":1,"caption":"Detail Spot"},"image":{"@id":"https:\/\/detailspot.lt\/#\/schema\/logo\/image\/"},"sameAs":["https:\/\/www.facebook.com\/profile.php?id=100039208338156"]}]}},"_links":{"self":[{"href":"https:\/\/detailspot.lt\/en\/wp-json\/wp\/v2\/product\/7163","targetHints":{"allow":["GET"]}}],"collection":[{"href":"https:\/\/detailspot.lt\/en\/wp-json\/wp\/v2\/product"}],"about":[{"href":"https:\/\/detailspot.lt\/en\/wp-json\/wp\/v2\/types\/product"}],"replies":[{"embeddable":true,"href":"https:\/\/detailspot.lt\/en\/wp-json\/wp\/v2\/comments?post=7163"}],"wp:featuredmedia":[{"embeddable":true,"href":"https:\/\/detailspot.lt\/en\/wp-json\/wp\/v2\/media\/3540"}],"wp:attachment":[{"href":"https:\/\/detailspot.lt\/en\/wp-json\/wp\/v2\/media?parent=7163"}],"wp:term":[{"taxonomy":"product_brand","embeddable":true,"href":"https:\/\/detailspot.lt\/en\/wp-json\/wp\/v2\/product_brand?post=7163"},{"taxonomy":"product_cat","embeddable":true,"href":"https:\/\/detailspot.lt\/en\/wp-json\/wp\/v2\/product_cat?post=7163"},{"taxonomy":"product_tag","embeddable":true,"href":"https:\/\/detailspot.lt\/en\/wp-json\/wp\/v2\/product_tag?post=7163"}],"curies":[{"name":"wp","href":"https:\/\/api.w.org\/{rel}","templated":true}]}}