{"id":7153,"date":"2022-12-02T15:15:11","date_gmt":"2022-12-02T13:15:11","guid":{"rendered":"https:\/\/detailspot.lt\/produktas\/gyeon-q%c2%b2m-iron-wheelcleaner\/"},"modified":"2022-12-02T15:15:11","modified_gmt":"2022-12-02T13:15:11","slug":"gyeon-q%c2%b2m-iron-wheelcleaner","status":"publish","type":"product","link":"https:\/\/detailspot.lt\/en\/produktas\/gyeon-q%c2%b2m-iron-wheelcleaner\/","title":{"rendered":"Gyeon Q\u00b2M Iron WheelCleaner"},"content":{"rendered":"<div id=\"heading2\">\n<h1><strong>Gyeon Q\u00b2M Iron WheelCleaner <\/strong><\/h1>\n<p>A fast and effective rim cleaner with extremely strong dirt dissolving properties, the cleaner perfectly removes metal dust created by brake pads. The product is pH neutral and can be used on all types of rims. As the cleaner has a gel-like consistency, it adheres well to the rims when sprayed on and starts working immediately.<\/p>\n<p><strong>Features<\/strong><\/p>\n<ol>\n<li>pH-neutral<\/li>\n<li>Gel consistency<\/li>\n<li>Removes dirt, dissolves brake dust<\/li>\n<li>Can be used on lacquered body surfaces, aluminium, chrome and lacquered rims<\/li>\n<\/ol>\n<p><strong>Usage<\/strong><\/p>\n<ol>\n<li>Shake the container<\/li>\n<li>Coat the surface with the product<\/li>\n<li>Allow the product to work for 1-2min, but do not let it dry.<\/li>\n<li>Rub the product with a brush or sponge<\/li>\n<li>Rinse the surface<\/li>\n<\/ol>\n<\/div>\n<div class=\"clear\"><\/div>\n<p class=\"grid_26 alpha omega \">\n","protected":false},"excerpt":{"rendered":"<p>Gyeon Q\u00b2M Iron WheelCleaner A fast and effective rim cleaner with extremely strong dirt dissolving properties, the cleaner perfectly removes metal dust created by brake pads. The product is pH neutral and can be used on all types of rims. As the cleaner has a gel-like consistency, it adheres well to the rims when sprayed&hellip;<\/p>\n","protected":false},"featured_media":4331,"comment_status":"closed","ping_status":"closed","template":"","meta":[],"product_brand":[],"product_cat":[160,177],"product_tag":[279,263,264,280],"class_list":{"0":"post-7153","1":"product","2":"type-product","3":"status-publish","4":"has-post-thumbnail","6":"product_cat-exterior","7":"product_cat-wheel-care","8":"product_tag-geyon-en","9":"product_tag-iron-remover-en","10":"product_tag-wheel-cleaner-en","11":"product_tag-wheel-cleaner-en-2","12":"description-off","14":"first","15":"instock","16":"taxable","17":"shipping-taxable","18":"purchasable","19":"product-type-variable"},"yoast_head":"<!-- This site is optimized with the Yoast SEO plugin v27.2 - https:\/\/yoast.com\/product\/yoast-seo-wordpress\/ -->\n<title>Gyeon Q\u00b2M Iron WheelCleaner - Detail Spot<\/title>\n<meta name=\"description\" content=\"Gyeon Q\u00b2M Iron WheelCleaner A fast and effective wheel cleaner with extremely strong dirt dissolving properties,\" \/>\n<meta name=\"robots\" content=\"index, follow, max-snippet:-1, max-image-preview:large, max-video-preview:-1\" \/>\n<link rel=\"canonical\" href=\"https:\/\/detailspot.lt\/en\/produktas\/gyeon-q\u00b2m-iron-wheelcleaner\/\" \/>\n<meta property=\"og:locale\" content=\"en_US\" \/>\n<meta property=\"og:type\" content=\"article\" \/>\n<meta property=\"og:title\" content=\"Gyeon Q\u00b2M Iron WheelCleaner - Detail Spot\" \/>\n<meta property=\"og:description\" content=\"Gyeon Q\u00b2M Iron WheelCleaner A fast and effective wheel cleaner with extremely strong dirt dissolving properties,\" \/>\n<meta property=\"og:url\" content=\"https:\/\/detailspot.lt\/en\/produktas\/gyeon-q\u00b2m-iron-wheelcleaner\/\" \/>\n<meta property=\"og:site_name\" content=\"Detail Spot\" \/>\n<meta property=\"article:publisher\" content=\"https:\/\/www.facebook.com\/profile.php?id=100039208338156\" \/>\n<meta property=\"og:image\" content=\"https:\/\/detailspot.lt\/wp-content\/uploads\/2022\/12\/gyeon-qm-iron-wheelcleaner-ratlankiu-valiklis-1-1.png\" \/>\n\t<meta property=\"og:image:width\" content=\"800\" \/>\n\t<meta property=\"og:image:height\" content=\"800\" \/>\n\t<meta property=\"og:image:type\" content=\"image\/png\" \/>\n<meta name=\"twitter:card\" content=\"summary_large_image\" \/>\n<meta name=\"twitter:label1\" content=\"Est. reading time\" \/>\n\t<meta name=\"twitter:data1\" content=\"1 minute\" \/>\n<script type=\"application\/ld+json\" class=\"yoast-schema-graph\">{\"@context\":\"https:\/\/schema.org\",\"@graph\":[{\"@type\":\"WebPage\",\"@id\":\"https:\/\/detailspot.lt\/en\/produktas\/gyeon-q%c2%b2m-iron-wheelcleaner\/\",\"url\":\"https:\/\/detailspot.lt\/en\/produktas\/gyeon-q%c2%b2m-iron-wheelcleaner\/\",\"name\":\"Gyeon Q\u00b2M Iron WheelCleaner - Detail Spot\",\"isPartOf\":{\"@id\":\"https:\/\/detailspot.lt\/#website\"},\"primaryImageOfPage\":{\"@id\":\"https:\/\/detailspot.lt\/en\/produktas\/gyeon-q%c2%b2m-iron-wheelcleaner\/#primaryimage\"},\"image\":{\"@id\":\"https:\/\/detailspot.lt\/en\/produktas\/gyeon-q%c2%b2m-iron-wheelcleaner\/#primaryimage\"},\"thumbnailUrl\":\"https:\/\/detailspot.lt\/wp-content\/uploads\/2022\/12\/gyeon-qm-iron-wheelcleaner-ratlankiu-valiklis-1-1.png\",\"datePublished\":\"2022-12-02T13:15:11+00:00\",\"description\":\"Gyeon Q\u00b2M Iron WheelCleaner A fast and effective wheel cleaner with extremely strong dirt dissolving properties,\",\"breadcrumb\":{\"@id\":\"https:\/\/detailspot.lt\/en\/produktas\/gyeon-q%c2%b2m-iron-wheelcleaner\/#breadcrumb\"},\"inLanguage\":\"en-US\",\"potentialAction\":[{\"@type\":\"ReadAction\",\"target\":[\"https:\/\/detailspot.lt\/en\/produktas\/gyeon-q%c2%b2m-iron-wheelcleaner\/\"]}]},{\"@type\":\"ImageObject\",\"inLanguage\":\"en-US\",\"@id\":\"https:\/\/detailspot.lt\/en\/produktas\/gyeon-q%c2%b2m-iron-wheelcleaner\/#primaryimage\",\"url\":\"https:\/\/detailspot.lt\/wp-content\/uploads\/2022\/12\/gyeon-qm-iron-wheelcleaner-ratlankiu-valiklis-1-1.png\",\"contentUrl\":\"https:\/\/detailspot.lt\/wp-content\/uploads\/2022\/12\/gyeon-qm-iron-wheelcleaner-ratlankiu-valiklis-1-1.png\",\"width\":800,\"height\":800},{\"@type\":\"BreadcrumbList\",\"@id\":\"https:\/\/detailspot.lt\/en\/produktas\/gyeon-q%c2%b2m-iron-wheelcleaner\/#breadcrumb\",\"itemListElement\":[{\"@type\":\"ListItem\",\"position\":1,\"name\":\"Home\",\"item\":\"https:\/\/detailspot.lt\/en\/\"},{\"@type\":\"ListItem\",\"position\":2,\"name\":\"Shop\",\"item\":\"https:\/\/detailspot.lt\/en\/parduotuve\/\"},{\"@type\":\"ListItem\",\"position\":3,\"name\":\"Gyeon Q\u00b2M Iron WheelCleaner\"}]},{\"@type\":\"WebSite\",\"@id\":\"https:\/\/detailspot.lt\/#website\",\"url\":\"https:\/\/detailspot.lt\/\",\"name\":\"Detail Spot\",\"description\":\"Automobili\u0173 prie\u017ei\u016bros priemon\u0117s\",\"publisher\":{\"@id\":\"https:\/\/detailspot.lt\/#organization\"},\"potentialAction\":[{\"@type\":\"SearchAction\",\"target\":{\"@type\":\"EntryPoint\",\"urlTemplate\":\"https:\/\/detailspot.lt\/?s={search_term_string}\"},\"query-input\":{\"@type\":\"PropertyValueSpecification\",\"valueRequired\":true,\"valueName\":\"search_term_string\"}}],\"inLanguage\":\"en-US\"},{\"@type\":\"Organization\",\"@id\":\"https:\/\/detailspot.lt\/#organization\",\"name\":\"Detail Spot\",\"url\":\"https:\/\/detailspot.lt\/\",\"logo\":{\"@type\":\"ImageObject\",\"inLanguage\":\"en-US\",\"@id\":\"https:\/\/detailspot.lt\/#\/schema\/logo\/image\/\",\"url\":\"https:\/\/detailspot.lt\/wp-content\/uploads\/2022\/10\/logo-original.svg\",\"contentUrl\":\"https:\/\/detailspot.lt\/wp-content\/uploads\/2022\/10\/logo-original.svg\",\"width\":1,\"height\":1,\"caption\":\"Detail Spot\"},\"image\":{\"@id\":\"https:\/\/detailspot.lt\/#\/schema\/logo\/image\/\"},\"sameAs\":[\"https:\/\/www.facebook.com\/profile.php?id=100039208338156\"]}]}<\/script>\n<!-- \/ Yoast SEO plugin. -->","yoast_head_json":{"title":"Gyeon Q\u00b2M Iron WheelCleaner - Detail Spot","description":"Gyeon Q\u00b2M Iron WheelCleaner A fast and effective wheel cleaner with extremely strong dirt dissolving properties,","robots":{"index":"index","follow":"follow","max-snippet":"max-snippet:-1","max-image-preview":"max-image-preview:large","max-video-preview":"max-video-preview:-1"},"canonical":"https:\/\/detailspot.lt\/en\/produktas\/gyeon-q\u00b2m-iron-wheelcleaner\/","og_locale":"en_US","og_type":"article","og_title":"Gyeon Q\u00b2M Iron WheelCleaner - Detail Spot","og_description":"Gyeon Q\u00b2M Iron WheelCleaner A fast and effective wheel cleaner with extremely strong dirt dissolving properties,","og_url":"https:\/\/detailspot.lt\/en\/produktas\/gyeon-q\u00b2m-iron-wheelcleaner\/","og_site_name":"Detail Spot","article_publisher":"https:\/\/www.facebook.com\/profile.php?id=100039208338156","og_image":[{"width":800,"height":800,"url":"https:\/\/detailspot.lt\/wp-content\/uploads\/2022\/12\/gyeon-qm-iron-wheelcleaner-ratlankiu-valiklis-1-1.png","type":"image\/png"}],"twitter_card":"summary_large_image","twitter_misc":{"Est. reading time":"1 minute"},"schema":{"@context":"https:\/\/schema.org","@graph":[{"@type":"WebPage","@id":"https:\/\/detailspot.lt\/en\/produktas\/gyeon-q%c2%b2m-iron-wheelcleaner\/","url":"https:\/\/detailspot.lt\/en\/produktas\/gyeon-q%c2%b2m-iron-wheelcleaner\/","name":"Gyeon Q\u00b2M Iron WheelCleaner - Detail Spot","isPartOf":{"@id":"https:\/\/detailspot.lt\/#website"},"primaryImageOfPage":{"@id":"https:\/\/detailspot.lt\/en\/produktas\/gyeon-q%c2%b2m-iron-wheelcleaner\/#primaryimage"},"image":{"@id":"https:\/\/detailspot.lt\/en\/produktas\/gyeon-q%c2%b2m-iron-wheelcleaner\/#primaryimage"},"thumbnailUrl":"https:\/\/detailspot.lt\/wp-content\/uploads\/2022\/12\/gyeon-qm-iron-wheelcleaner-ratlankiu-valiklis-1-1.png","datePublished":"2022-12-02T13:15:11+00:00","description":"Gyeon Q\u00b2M Iron WheelCleaner A fast and effective wheel cleaner with extremely strong dirt dissolving properties,","breadcrumb":{"@id":"https:\/\/detailspot.lt\/en\/produktas\/gyeon-q%c2%b2m-iron-wheelcleaner\/#breadcrumb"},"inLanguage":"en-US","potentialAction":[{"@type":"ReadAction","target":["https:\/\/detailspot.lt\/en\/produktas\/gyeon-q%c2%b2m-iron-wheelcleaner\/"]}]},{"@type":"ImageObject","inLanguage":"en-US","@id":"https:\/\/detailspot.lt\/en\/produktas\/gyeon-q%c2%b2m-iron-wheelcleaner\/#primaryimage","url":"https:\/\/detailspot.lt\/wp-content\/uploads\/2022\/12\/gyeon-qm-iron-wheelcleaner-ratlankiu-valiklis-1-1.png","contentUrl":"https:\/\/detailspot.lt\/wp-content\/uploads\/2022\/12\/gyeon-qm-iron-wheelcleaner-ratlankiu-valiklis-1-1.png","width":800,"height":800},{"@type":"BreadcrumbList","@id":"https:\/\/detailspot.lt\/en\/produktas\/gyeon-q%c2%b2m-iron-wheelcleaner\/#breadcrumb","itemListElement":[{"@type":"ListItem","position":1,"name":"Home","item":"https:\/\/detailspot.lt\/en\/"},{"@type":"ListItem","position":2,"name":"Shop","item":"https:\/\/detailspot.lt\/en\/parduotuve\/"},{"@type":"ListItem","position":3,"name":"Gyeon Q\u00b2M Iron WheelCleaner"}]},{"@type":"WebSite","@id":"https:\/\/detailspot.lt\/#website","url":"https:\/\/detailspot.lt\/","name":"Detail Spot","description":"Automobili\u0173 prie\u017ei\u016bros priemon\u0117s","publisher":{"@id":"https:\/\/detailspot.lt\/#organization"},"potentialAction":[{"@type":"SearchAction","target":{"@type":"EntryPoint","urlTemplate":"https:\/\/detailspot.lt\/?s={search_term_string}"},"query-input":{"@type":"PropertyValueSpecification","valueRequired":true,"valueName":"search_term_string"}}],"inLanguage":"en-US"},{"@type":"Organization","@id":"https:\/\/detailspot.lt\/#organization","name":"Detail Spot","url":"https:\/\/detailspot.lt\/","logo":{"@type":"ImageObject","inLanguage":"en-US","@id":"https:\/\/detailspot.lt\/#\/schema\/logo\/image\/","url":"https:\/\/detailspot.lt\/wp-content\/uploads\/2022\/10\/logo-original.svg","contentUrl":"https:\/\/detailspot.lt\/wp-content\/uploads\/2022\/10\/logo-original.svg","width":1,"height":1,"caption":"Detail Spot"},"image":{"@id":"https:\/\/detailspot.lt\/#\/schema\/logo\/image\/"},"sameAs":["https:\/\/www.facebook.com\/profile.php?id=100039208338156"]}]}},"_links":{"self":[{"href":"https:\/\/detailspot.lt\/en\/wp-json\/wp\/v2\/product\/7153","targetHints":{"allow":["GET"]}}],"collection":[{"href":"https:\/\/detailspot.lt\/en\/wp-json\/wp\/v2\/product"}],"about":[{"href":"https:\/\/detailspot.lt\/en\/wp-json\/wp\/v2\/types\/product"}],"replies":[{"embeddable":true,"href":"https:\/\/detailspot.lt\/en\/wp-json\/wp\/v2\/comments?post=7153"}],"wp:featuredmedia":[{"embeddable":true,"href":"https:\/\/detailspot.lt\/en\/wp-json\/wp\/v2\/media\/4331"}],"wp:attachment":[{"href":"https:\/\/detailspot.lt\/en\/wp-json\/wp\/v2\/media?parent=7153"}],"wp:term":[{"taxonomy":"product_brand","embeddable":true,"href":"https:\/\/detailspot.lt\/en\/wp-json\/wp\/v2\/product_brand?post=7153"},{"taxonomy":"product_cat","embeddable":true,"href":"https:\/\/detailspot.lt\/en\/wp-json\/wp\/v2\/product_cat?post=7153"},{"taxonomy":"product_tag","embeddable":true,"href":"https:\/\/detailspot.lt\/en\/wp-json\/wp\/v2\/product_tag?post=7153"}],"curies":[{"name":"wp","href":"https:\/\/api.w.org\/{rel}","templated":true}]}}