{"id":7148,"date":"2022-12-02T15:15:11","date_gmt":"2022-12-02T13:15:11","guid":{"rendered":"https:\/\/detailspot.lt\/produktas\/professional-microfibre-cloth\/"},"modified":"2025-07-24T13:21:19","modified_gmt":"2025-07-24T10:21:19","slug":"professional-microfibre-cloth","status":"publish","type":"product","link":"https:\/\/detailspot.lt\/en\/produktas\/professional-microfibre-cloth\/","title":{"rendered":"Professional microfibre cloth"},"content":{"rendered":"<h1>Professional microfibre cloth<\/h1>\n<p>soft, high density (up to 400 g\/m2). This cloth is perfect for cleaning polish residue and excess wax, and will absorb moisture perfectly when used indoors.<\/p>\n<p>Laser cutting, no seams, which protects the surface from scratching and the high quality microfibre leaves no unwanted lint behind<\/p>\n<p>&nbsp;<\/p>\n<p><strong>Special feature:<\/strong><\/p>\n<ol>\n<li>Different colours<\/li>\n<li>Weight: 400 g\/m2<\/li>\n<li>70% polyester, 30% polyamide<\/li>\n<li>Size: 40 x 40 cm<\/li>\n<\/ol>\n","protected":false},"excerpt":{"rendered":"<p>Professional microfibre cloth soft, high density (up to 400 g\/m2). This cloth is perfect for cleaning polish residue and excess wax, and will absorb moisture perfectly when used indoors. Laser cutting, no seams, which protects the surface from scratching and the high quality microfibre leaves no unwanted lint behind &nbsp; Special feature: Different colours Weight:&hellip;<\/p>\n","protected":false},"featured_media":4761,"comment_status":"closed","ping_status":"closed","template":"","meta":[],"product_brand":[],"product_cat":[155,169],"product_tag":[],"class_list":{"0":"post-7148","1":"product","2":"type-product","3":"status-publish","4":"has-post-thumbnail","6":"product_cat-accessories","7":"product_cat-microfibre-cloths","8":"description-off","10":"first","11":"instock","12":"taxable","13":"shipping-taxable","14":"purchasable","15":"product-type-variable"},"yoast_head":"<!-- This site is optimized with the Yoast SEO plugin v27.3 - https:\/\/yoast.com\/product\/yoast-seo-wordpress\/ -->\n<title>Professional microfibre cloth - Detail Spot<\/title>\n<meta name=\"description\" content=\"soft, high density (up to 400 g\/m2). This cloth is perfect for cleaning polish residue and excess wax, and will absorb moisture perfectly when used indoors.\" \/>\n<meta name=\"robots\" content=\"index, follow, max-snippet:-1, max-image-preview:large, max-video-preview:-1\" \/>\n<link rel=\"canonical\" href=\"https:\/\/detailspot.lt\/en\/produktas\/professional-microfibre-cloth\/\" \/>\n<meta property=\"og:locale\" content=\"en_US\" \/>\n<meta property=\"og:type\" content=\"article\" \/>\n<meta property=\"og:title\" content=\"Professional microfibre cloth - Detail Spot\" \/>\n<meta property=\"og:description\" content=\"soft, high density (up to 400 g\/m2). This cloth is perfect for cleaning polish residue and excess wax, and will absorb moisture perfectly when used indoors.\" \/>\n<meta property=\"og:url\" content=\"https:\/\/detailspot.lt\/en\/produktas\/professional-microfibre-cloth\/\" \/>\n<meta property=\"og:site_name\" content=\"Detail Spot\" \/>\n<meta property=\"article:publisher\" content=\"https:\/\/www.facebook.com\/profile.php?id=100039208338156\" \/>\n<meta property=\"article:modified_time\" content=\"2025-07-24T10:21:19+00:00\" \/>\n<meta property=\"og:image\" content=\"https:\/\/detailspot.lt\/wp-content\/uploads\/2023\/04\/sluoste-violetine.jpg\" \/>\n\t<meta property=\"og:image:width\" content=\"1200\" \/>\n\t<meta property=\"og:image:height\" content=\"1600\" \/>\n\t<meta property=\"og:image:type\" content=\"image\/jpeg\" \/>\n<meta name=\"twitter:card\" content=\"summary_large_image\" \/>\n<script type=\"application\/ld+json\" class=\"yoast-schema-graph\">{\"@context\":\"https:\\\/\\\/schema.org\",\"@graph\":[{\"@type\":\"WebPage\",\"@id\":\"https:\\\/\\\/detailspot.lt\\\/en\\\/produktas\\\/professional-microfibre-cloth\\\/\",\"url\":\"https:\\\/\\\/detailspot.lt\\\/en\\\/produktas\\\/professional-microfibre-cloth\\\/\",\"name\":\"Professional microfibre cloth - Detail Spot\",\"isPartOf\":{\"@id\":\"https:\\\/\\\/detailspot.lt\\\/#website\"},\"primaryImageOfPage\":{\"@id\":\"https:\\\/\\\/detailspot.lt\\\/en\\\/produktas\\\/professional-microfibre-cloth\\\/#primaryimage\"},\"image\":{\"@id\":\"https:\\\/\\\/detailspot.lt\\\/en\\\/produktas\\\/professional-microfibre-cloth\\\/#primaryimage\"},\"thumbnailUrl\":\"https:\\\/\\\/detailspot.lt\\\/wp-content\\\/uploads\\\/2023\\\/04\\\/sluoste-violetine.jpg\",\"datePublished\":\"2022-12-02T13:15:11+00:00\",\"dateModified\":\"2025-07-24T10:21:19+00:00\",\"description\":\"soft, high density (up to 400 g\\\/m2). This cloth is perfect for cleaning polish residue and excess wax, and will absorb moisture perfectly when used indoors.\",\"breadcrumb\":{\"@id\":\"https:\\\/\\\/detailspot.lt\\\/en\\\/produktas\\\/professional-microfibre-cloth\\\/#breadcrumb\"},\"inLanguage\":\"en-US\",\"potentialAction\":[{\"@type\":\"ReadAction\",\"target\":[\"https:\\\/\\\/detailspot.lt\\\/en\\\/produktas\\\/professional-microfibre-cloth\\\/\"]}]},{\"@type\":\"ImageObject\",\"inLanguage\":\"en-US\",\"@id\":\"https:\\\/\\\/detailspot.lt\\\/en\\\/produktas\\\/professional-microfibre-cloth\\\/#primaryimage\",\"url\":\"https:\\\/\\\/detailspot.lt\\\/wp-content\\\/uploads\\\/2023\\\/04\\\/sluoste-violetine.jpg\",\"contentUrl\":\"https:\\\/\\\/detailspot.lt\\\/wp-content\\\/uploads\\\/2023\\\/04\\\/sluoste-violetine.jpg\",\"width\":1200,\"height\":1600,\"caption\":\"violetin\u0117 profesionali mikropluo\u0161to \u0161luost\u0117\"},{\"@type\":\"BreadcrumbList\",\"@id\":\"https:\\\/\\\/detailspot.lt\\\/en\\\/produktas\\\/professional-microfibre-cloth\\\/#breadcrumb\",\"itemListElement\":[{\"@type\":\"ListItem\",\"position\":1,\"name\":\"Home\",\"item\":\"https:\\\/\\\/detailspot.lt\\\/en\\\/\"},{\"@type\":\"ListItem\",\"position\":2,\"name\":\"Shop\",\"item\":\"https:\\\/\\\/detailspot.lt\\\/en\\\/parduotuve\\\/\"},{\"@type\":\"ListItem\",\"position\":3,\"name\":\"Professional microfibre cloth\"}]},{\"@type\":\"WebSite\",\"@id\":\"https:\\\/\\\/detailspot.lt\\\/#website\",\"url\":\"https:\\\/\\\/detailspot.lt\\\/\",\"name\":\"Detail Spot\",\"description\":\"Automobili\u0173 prie\u017ei\u016bros priemon\u0117s\",\"publisher\":{\"@id\":\"https:\\\/\\\/detailspot.lt\\\/#organization\"},\"potentialAction\":[{\"@type\":\"SearchAction\",\"target\":{\"@type\":\"EntryPoint\",\"urlTemplate\":\"https:\\\/\\\/detailspot.lt\\\/?s={search_term_string}\"},\"query-input\":{\"@type\":\"PropertyValueSpecification\",\"valueRequired\":true,\"valueName\":\"search_term_string\"}}],\"inLanguage\":\"en-US\"},{\"@type\":\"Organization\",\"@id\":\"https:\\\/\\\/detailspot.lt\\\/#organization\",\"name\":\"Detail Spot\",\"url\":\"https:\\\/\\\/detailspot.lt\\\/\",\"logo\":{\"@type\":\"ImageObject\",\"inLanguage\":\"en-US\",\"@id\":\"https:\\\/\\\/detailspot.lt\\\/#\\\/schema\\\/logo\\\/image\\\/\",\"url\":\"https:\\\/\\\/detailspot.lt\\\/wp-content\\\/uploads\\\/2022\\\/10\\\/logo-original.svg\",\"contentUrl\":\"https:\\\/\\\/detailspot.lt\\\/wp-content\\\/uploads\\\/2022\\\/10\\\/logo-original.svg\",\"width\":1,\"height\":1,\"caption\":\"Detail Spot\"},\"image\":{\"@id\":\"https:\\\/\\\/detailspot.lt\\\/#\\\/schema\\\/logo\\\/image\\\/\"},\"sameAs\":[\"https:\\\/\\\/www.facebook.com\\\/profile.php?id=100039208338156\"]}]}<\/script>\n<!-- \/ Yoast SEO plugin. -->","yoast_head_json":{"title":"Professional microfibre cloth - Detail Spot","description":"soft, high density (up to 400 g\/m2). This cloth is perfect for cleaning polish residue and excess wax, and will absorb moisture perfectly when used indoors.","robots":{"index":"index","follow":"follow","max-snippet":"max-snippet:-1","max-image-preview":"max-image-preview:large","max-video-preview":"max-video-preview:-1"},"canonical":"https:\/\/detailspot.lt\/en\/produktas\/professional-microfibre-cloth\/","og_locale":"en_US","og_type":"article","og_title":"Professional microfibre cloth - Detail Spot","og_description":"soft, high density (up to 400 g\/m2). This cloth is perfect for cleaning polish residue and excess wax, and will absorb moisture perfectly when used indoors.","og_url":"https:\/\/detailspot.lt\/en\/produktas\/professional-microfibre-cloth\/","og_site_name":"Detail Spot","article_publisher":"https:\/\/www.facebook.com\/profile.php?id=100039208338156","article_modified_time":"2025-07-24T10:21:19+00:00","og_image":[{"width":1200,"height":1600,"url":"https:\/\/detailspot.lt\/wp-content\/uploads\/2023\/04\/sluoste-violetine.jpg","type":"image\/jpeg"}],"twitter_card":"summary_large_image","schema":{"@context":"https:\/\/schema.org","@graph":[{"@type":"WebPage","@id":"https:\/\/detailspot.lt\/en\/produktas\/professional-microfibre-cloth\/","url":"https:\/\/detailspot.lt\/en\/produktas\/professional-microfibre-cloth\/","name":"Professional microfibre cloth - Detail Spot","isPartOf":{"@id":"https:\/\/detailspot.lt\/#website"},"primaryImageOfPage":{"@id":"https:\/\/detailspot.lt\/en\/produktas\/professional-microfibre-cloth\/#primaryimage"},"image":{"@id":"https:\/\/detailspot.lt\/en\/produktas\/professional-microfibre-cloth\/#primaryimage"},"thumbnailUrl":"https:\/\/detailspot.lt\/wp-content\/uploads\/2023\/04\/sluoste-violetine.jpg","datePublished":"2022-12-02T13:15:11+00:00","dateModified":"2025-07-24T10:21:19+00:00","description":"soft, high density (up to 400 g\/m2). This cloth is perfect for cleaning polish residue and excess wax, and will absorb moisture perfectly when used indoors.","breadcrumb":{"@id":"https:\/\/detailspot.lt\/en\/produktas\/professional-microfibre-cloth\/#breadcrumb"},"inLanguage":"en-US","potentialAction":[{"@type":"ReadAction","target":["https:\/\/detailspot.lt\/en\/produktas\/professional-microfibre-cloth\/"]}]},{"@type":"ImageObject","inLanguage":"en-US","@id":"https:\/\/detailspot.lt\/en\/produktas\/professional-microfibre-cloth\/#primaryimage","url":"https:\/\/detailspot.lt\/wp-content\/uploads\/2023\/04\/sluoste-violetine.jpg","contentUrl":"https:\/\/detailspot.lt\/wp-content\/uploads\/2023\/04\/sluoste-violetine.jpg","width":1200,"height":1600,"caption":"violetin\u0117 profesionali mikropluo\u0161to \u0161luost\u0117"},{"@type":"BreadcrumbList","@id":"https:\/\/detailspot.lt\/en\/produktas\/professional-microfibre-cloth\/#breadcrumb","itemListElement":[{"@type":"ListItem","position":1,"name":"Home","item":"https:\/\/detailspot.lt\/en\/"},{"@type":"ListItem","position":2,"name":"Shop","item":"https:\/\/detailspot.lt\/en\/parduotuve\/"},{"@type":"ListItem","position":3,"name":"Professional microfibre cloth"}]},{"@type":"WebSite","@id":"https:\/\/detailspot.lt\/#website","url":"https:\/\/detailspot.lt\/","name":"Detail Spot","description":"Automobili\u0173 prie\u017ei\u016bros priemon\u0117s","publisher":{"@id":"https:\/\/detailspot.lt\/#organization"},"potentialAction":[{"@type":"SearchAction","target":{"@type":"EntryPoint","urlTemplate":"https:\/\/detailspot.lt\/?s={search_term_string}"},"query-input":{"@type":"PropertyValueSpecification","valueRequired":true,"valueName":"search_term_string"}}],"inLanguage":"en-US"},{"@type":"Organization","@id":"https:\/\/detailspot.lt\/#organization","name":"Detail Spot","url":"https:\/\/detailspot.lt\/","logo":{"@type":"ImageObject","inLanguage":"en-US","@id":"https:\/\/detailspot.lt\/#\/schema\/logo\/image\/","url":"https:\/\/detailspot.lt\/wp-content\/uploads\/2022\/10\/logo-original.svg","contentUrl":"https:\/\/detailspot.lt\/wp-content\/uploads\/2022\/10\/logo-original.svg","width":1,"height":1,"caption":"Detail Spot"},"image":{"@id":"https:\/\/detailspot.lt\/#\/schema\/logo\/image\/"},"sameAs":["https:\/\/www.facebook.com\/profile.php?id=100039208338156"]}]}},"_links":{"self":[{"href":"https:\/\/detailspot.lt\/en\/wp-json\/wp\/v2\/product\/7148","targetHints":{"allow":["GET"]}}],"collection":[{"href":"https:\/\/detailspot.lt\/en\/wp-json\/wp\/v2\/product"}],"about":[{"href":"https:\/\/detailspot.lt\/en\/wp-json\/wp\/v2\/types\/product"}],"replies":[{"embeddable":true,"href":"https:\/\/detailspot.lt\/en\/wp-json\/wp\/v2\/comments?post=7148"}],"wp:featuredmedia":[{"embeddable":true,"href":"https:\/\/detailspot.lt\/en\/wp-json\/wp\/v2\/media\/4761"}],"wp:attachment":[{"href":"https:\/\/detailspot.lt\/en\/wp-json\/wp\/v2\/media?parent=7148"}],"wp:term":[{"taxonomy":"product_brand","embeddable":true,"href":"https:\/\/detailspot.lt\/en\/wp-json\/wp\/v2\/product_brand?post=7148"},{"taxonomy":"product_cat","embeddable":true,"href":"https:\/\/detailspot.lt\/en\/wp-json\/wp\/v2\/product_cat?post=7148"},{"taxonomy":"product_tag","embeddable":true,"href":"https:\/\/detailspot.lt\/en\/wp-json\/wp\/v2\/product_tag?post=7148"}],"curies":[{"name":"wp","href":"https:\/\/api.w.org\/{rel}","templated":true}]}}