{"id":7147,"date":"2022-12-02T15:15:12","date_gmt":"2022-12-02T13:15:12","guid":{"rendered":"https:\/\/detailspot.lt\/produktas\/fx-protect-polar-white-320gsm-microfibre-cloth\/"},"modified":"2022-12-02T15:15:12","modified_gmt":"2022-12-02T13:15:12","slug":"fx-protect-polar-white-320gsm-microfibre-cloth","status":"publish","type":"product","link":"https:\/\/detailspot.lt\/en\/produktas\/fx-protect-polar-white-320gsm-microfibre-cloth\/","title":{"rendered":"FX Protect Polar White 320GSM microfibre cloth"},"content":{"rendered":"<p>FX Protect Polar White is a closed weave microfibre cloth designed to reinforce the working surface of the cloth and to drag less on the surface, thus ensuring both good absorption of agents and liquids and softness on the surface. Korean microfibre is characterised by the quality of its yarns, its absorption properties and its durability in the field of auto aesthetics, recognised as a high quality indicator. Thanks to the high sewing quality of the product, Korean microfibre products can withstand up to 300 washing cycles.<\/p>\n<p><strong>Details of the cloth:<\/strong><\/p>\n<ol>\n<li>Closed weave fibre;<\/li>\n<li>The cloth is suitable for cleaning interior parts, applying protective coatings and synthetic preservatives;<\/li>\n<li>Size 40x40cm;<\/li>\n<li>320 GSM (g\/m2);<\/li>\n<li>Composition 70% polyester 30% polyamide;;<\/li>\n<li>No hemming.<\/li>\n<\/ol>\n<p><strong>Recommendations:<\/strong><\/p>\n<ol>\n<li>Before the first use rinse, for best microfibre performance, rinse the microfibre cloth with water up to 30\u00b0C<\/li>\n<\/ol>\n<p>&nbsp;<\/p>\n<p style=\"text-align: center;\"><img loading=\"lazy\" decoding=\"async\" class=\"alignnone size-full wp-image-1096\" src=\"https:\/\/detailspot.lt\/wp-content\/uploads\/2022\/11\/fx-protect-logo-white-background-ireland.jpg\" alt=\"\" width=\"300\" height=\"123\" srcset=\"https:\/\/detailspot.lt\/wp-content\/uploads\/2022\/11\/fx-protect-logo-white-background-ireland.jpg 300w, https:\/\/detailspot.lt\/wp-content\/uploads\/2022\/11\/fx-protect-logo-white-background-ireland-64x26.jpg 64w\" sizes=\"auto, (max-width: 300px) 100vw, 300px\" \/><\/p>\n","protected":false},"excerpt":{"rendered":"<p>FX Protect Polar White is a closed weave microfibre cloth designed to reinforce the working surface of the cloth and to drag less on the surface, thus ensuring both good absorption of agents and liquids and softness on the surface. Korean microfibre is characterised by the quality of its yarns, its absorption properties and its&hellip;<\/p>\n","protected":false},"featured_media":4041,"comment_status":"closed","ping_status":"closed","template":"","meta":[],"product_brand":[],"product_cat":[155,169],"product_tag":[],"class_list":{"0":"post-7147","1":"product","2":"type-product","3":"status-publish","4":"has-post-thumbnail","6":"product_cat-accessories","7":"product_cat-microfibre-cloths","8":"description-off","10":"first","11":"instock","12":"taxable","13":"shipping-taxable","14":"purchasable","15":"product-type-simple"},"yoast_head":"<!-- This site is optimized with the Yoast SEO plugin v27.4 - https:\/\/yoast.com\/product\/yoast-seo-wordpress\/ -->\n<title>FX Protect Polar White 320GSM microfibre cloth - Detail Spot<\/title>\n<meta name=\"robots\" content=\"index, follow, max-snippet:-1, max-image-preview:large, max-video-preview:-1\" \/>\n<link rel=\"canonical\" href=\"https:\/\/detailspot.lt\/produktas\/fx-protect-polar-white-320gsm-microfibre-cloth\/\" \/>\n<meta property=\"og:locale\" content=\"en_US\" \/>\n<meta property=\"og:type\" content=\"article\" \/>\n<meta property=\"og:title\" content=\"FX Protect Polar White 320GSM microfibre cloth - Detail Spot\" \/>\n<meta property=\"og:description\" content=\"FX Protect Polar White is a closed weave microfibre cloth designed to reinforce the working surface of the cloth and to drag less on the surface, thus ensuring both good absorption of agents and liquids and softness on the surface. Korean microfibre is characterised by the quality of its yarns, its absorption properties and its&hellip;\" \/>\n<meta property=\"og:url\" content=\"https:\/\/detailspot.lt\/produktas\/fx-protect-polar-white-320gsm-microfibre-cloth\/\" \/>\n<meta property=\"og:site_name\" content=\"Detail Spot\" \/>\n<meta property=\"article:publisher\" content=\"https:\/\/www.facebook.com\/profile.php?id=100039208338156\" \/>\n<meta property=\"og:image\" content=\"https:\/\/detailspot.lt\/wp-content\/uploads\/2022\/11\/fx-protect-logo-white-background-ireland.jpg\" \/>\n<meta name=\"twitter:card\" content=\"summary_large_image\" \/>\n<meta name=\"twitter:label1\" content=\"Est. reading time\" \/>\n\t<meta name=\"twitter:data1\" content=\"1 minute\" \/>\n<script type=\"application\/ld+json\" class=\"yoast-schema-graph\">{\"@context\":\"https:\\\/\\\/schema.org\",\"@graph\":[{\"@type\":\"WebPage\",\"@id\":\"https:\\\/\\\/detailspot.lt\\\/produktas\\\/fx-protect-polar-white-320gsm-microfibre-cloth\\\/\",\"url\":\"https:\\\/\\\/detailspot.lt\\\/produktas\\\/fx-protect-polar-white-320gsm-microfibre-cloth\\\/\",\"name\":\"FX Protect Polar White 320GSM microfibre cloth - Detail Spot\",\"isPartOf\":{\"@id\":\"https:\\\/\\\/detailspot.lt\\\/#website\"},\"primaryImageOfPage\":{\"@id\":\"https:\\\/\\\/detailspot.lt\\\/produktas\\\/fx-protect-polar-white-320gsm-microfibre-cloth\\\/#primaryimage\"},\"image\":{\"@id\":\"https:\\\/\\\/detailspot.lt\\\/produktas\\\/fx-protect-polar-white-320gsm-microfibre-cloth\\\/#primaryimage\"},\"thumbnailUrl\":\"https:\\\/\\\/detailspot.lt\\\/wp-content\\\/uploads\\\/2022\\\/12\\\/fx-protect-polar-white-320gsm-mikropluosto-sluoste-5-1-1.jpg\",\"datePublished\":\"2022-12-02T13:15:12+00:00\",\"breadcrumb\":{\"@id\":\"https:\\\/\\\/detailspot.lt\\\/produktas\\\/fx-protect-polar-white-320gsm-microfibre-cloth\\\/#breadcrumb\"},\"inLanguage\":\"en-US\",\"potentialAction\":[{\"@type\":\"ReadAction\",\"target\":[\"https:\\\/\\\/detailspot.lt\\\/produktas\\\/fx-protect-polar-white-320gsm-microfibre-cloth\\\/\"]}]},{\"@type\":\"ImageObject\",\"inLanguage\":\"en-US\",\"@id\":\"https:\\\/\\\/detailspot.lt\\\/produktas\\\/fx-protect-polar-white-320gsm-microfibre-cloth\\\/#primaryimage\",\"url\":\"https:\\\/\\\/detailspot.lt\\\/wp-content\\\/uploads\\\/2022\\\/12\\\/fx-protect-polar-white-320gsm-mikropluosto-sluoste-5-1-1.jpg\",\"contentUrl\":\"https:\\\/\\\/detailspot.lt\\\/wp-content\\\/uploads\\\/2022\\\/12\\\/fx-protect-polar-white-320gsm-mikropluosto-sluoste-5-1-1.jpg\",\"width\":1000,\"height\":1000},{\"@type\":\"BreadcrumbList\",\"@id\":\"https:\\\/\\\/detailspot.lt\\\/produktas\\\/fx-protect-polar-white-320gsm-microfibre-cloth\\\/#breadcrumb\",\"itemListElement\":[{\"@type\":\"ListItem\",\"position\":1,\"name\":\"Home\",\"item\":\"https:\\\/\\\/detailspot.lt\\\/en\\\/\"},{\"@type\":\"ListItem\",\"position\":2,\"name\":\"Shop\",\"item\":\"https:\\\/\\\/detailspot.lt\\\/en\\\/parduotuve\\\/\"},{\"@type\":\"ListItem\",\"position\":3,\"name\":\"FX Protect Polar White 320GSM microfibre cloth\"}]},{\"@type\":\"WebSite\",\"@id\":\"https:\\\/\\\/detailspot.lt\\\/#website\",\"url\":\"https:\\\/\\\/detailspot.lt\\\/\",\"name\":\"Detail Spot\",\"description\":\"Automobili\u0173 prie\u017ei\u016bros priemon\u0117s\",\"publisher\":{\"@id\":\"https:\\\/\\\/detailspot.lt\\\/#organization\"},\"potentialAction\":[{\"@type\":\"SearchAction\",\"target\":{\"@type\":\"EntryPoint\",\"urlTemplate\":\"https:\\\/\\\/detailspot.lt\\\/?s={search_term_string}\"},\"query-input\":{\"@type\":\"PropertyValueSpecification\",\"valueRequired\":true,\"valueName\":\"search_term_string\"}}],\"inLanguage\":\"en-US\"},{\"@type\":\"Organization\",\"@id\":\"https:\\\/\\\/detailspot.lt\\\/#organization\",\"name\":\"Detail Spot\",\"url\":\"https:\\\/\\\/detailspot.lt\\\/\",\"logo\":{\"@type\":\"ImageObject\",\"inLanguage\":\"en-US\",\"@id\":\"https:\\\/\\\/detailspot.lt\\\/#\\\/schema\\\/logo\\\/image\\\/\",\"url\":\"https:\\\/\\\/detailspot.lt\\\/wp-content\\\/uploads\\\/2022\\\/10\\\/logo-original.svg\",\"contentUrl\":\"https:\\\/\\\/detailspot.lt\\\/wp-content\\\/uploads\\\/2022\\\/10\\\/logo-original.svg\",\"width\":1,\"height\":1,\"caption\":\"Detail Spot\"},\"image\":{\"@id\":\"https:\\\/\\\/detailspot.lt\\\/#\\\/schema\\\/logo\\\/image\\\/\"},\"sameAs\":[\"https:\\\/\\\/www.facebook.com\\\/profile.php?id=100039208338156\"]}]}<\/script>\n<!-- \/ Yoast SEO plugin. -->","yoast_head_json":{"title":"FX Protect Polar White 320GSM microfibre cloth - Detail Spot","robots":{"index":"index","follow":"follow","max-snippet":"max-snippet:-1","max-image-preview":"max-image-preview:large","max-video-preview":"max-video-preview:-1"},"canonical":"https:\/\/detailspot.lt\/produktas\/fx-protect-polar-white-320gsm-microfibre-cloth\/","og_locale":"en_US","og_type":"article","og_title":"FX Protect Polar White 320GSM microfibre cloth - Detail Spot","og_description":"FX Protect Polar White is a closed weave microfibre cloth designed to reinforce the working surface of the cloth and to drag less on the surface, thus ensuring both good absorption of agents and liquids and softness on the surface. Korean microfibre is characterised by the quality of its yarns, its absorption properties and its&hellip;","og_url":"https:\/\/detailspot.lt\/produktas\/fx-protect-polar-white-320gsm-microfibre-cloth\/","og_site_name":"Detail Spot","article_publisher":"https:\/\/www.facebook.com\/profile.php?id=100039208338156","og_image":[{"url":"https:\/\/detailspot.lt\/wp-content\/uploads\/2022\/11\/fx-protect-logo-white-background-ireland.jpg","type":"","width":"","height":""}],"twitter_card":"summary_large_image","twitter_misc":{"Est. reading time":"1 minute"},"schema":{"@context":"https:\/\/schema.org","@graph":[{"@type":"WebPage","@id":"https:\/\/detailspot.lt\/produktas\/fx-protect-polar-white-320gsm-microfibre-cloth\/","url":"https:\/\/detailspot.lt\/produktas\/fx-protect-polar-white-320gsm-microfibre-cloth\/","name":"FX Protect Polar White 320GSM microfibre cloth - Detail Spot","isPartOf":{"@id":"https:\/\/detailspot.lt\/#website"},"primaryImageOfPage":{"@id":"https:\/\/detailspot.lt\/produktas\/fx-protect-polar-white-320gsm-microfibre-cloth\/#primaryimage"},"image":{"@id":"https:\/\/detailspot.lt\/produktas\/fx-protect-polar-white-320gsm-microfibre-cloth\/#primaryimage"},"thumbnailUrl":"https:\/\/detailspot.lt\/wp-content\/uploads\/2022\/12\/fx-protect-polar-white-320gsm-mikropluosto-sluoste-5-1-1.jpg","datePublished":"2022-12-02T13:15:12+00:00","breadcrumb":{"@id":"https:\/\/detailspot.lt\/produktas\/fx-protect-polar-white-320gsm-microfibre-cloth\/#breadcrumb"},"inLanguage":"en-US","potentialAction":[{"@type":"ReadAction","target":["https:\/\/detailspot.lt\/produktas\/fx-protect-polar-white-320gsm-microfibre-cloth\/"]}]},{"@type":"ImageObject","inLanguage":"en-US","@id":"https:\/\/detailspot.lt\/produktas\/fx-protect-polar-white-320gsm-microfibre-cloth\/#primaryimage","url":"https:\/\/detailspot.lt\/wp-content\/uploads\/2022\/12\/fx-protect-polar-white-320gsm-mikropluosto-sluoste-5-1-1.jpg","contentUrl":"https:\/\/detailspot.lt\/wp-content\/uploads\/2022\/12\/fx-protect-polar-white-320gsm-mikropluosto-sluoste-5-1-1.jpg","width":1000,"height":1000},{"@type":"BreadcrumbList","@id":"https:\/\/detailspot.lt\/produktas\/fx-protect-polar-white-320gsm-microfibre-cloth\/#breadcrumb","itemListElement":[{"@type":"ListItem","position":1,"name":"Home","item":"https:\/\/detailspot.lt\/en\/"},{"@type":"ListItem","position":2,"name":"Shop","item":"https:\/\/detailspot.lt\/en\/parduotuve\/"},{"@type":"ListItem","position":3,"name":"FX Protect Polar White 320GSM microfibre cloth"}]},{"@type":"WebSite","@id":"https:\/\/detailspot.lt\/#website","url":"https:\/\/detailspot.lt\/","name":"Detail Spot","description":"Automobili\u0173 prie\u017ei\u016bros priemon\u0117s","publisher":{"@id":"https:\/\/detailspot.lt\/#organization"},"potentialAction":[{"@type":"SearchAction","target":{"@type":"EntryPoint","urlTemplate":"https:\/\/detailspot.lt\/?s={search_term_string}"},"query-input":{"@type":"PropertyValueSpecification","valueRequired":true,"valueName":"search_term_string"}}],"inLanguage":"en-US"},{"@type":"Organization","@id":"https:\/\/detailspot.lt\/#organization","name":"Detail Spot","url":"https:\/\/detailspot.lt\/","logo":{"@type":"ImageObject","inLanguage":"en-US","@id":"https:\/\/detailspot.lt\/#\/schema\/logo\/image\/","url":"https:\/\/detailspot.lt\/wp-content\/uploads\/2022\/10\/logo-original.svg","contentUrl":"https:\/\/detailspot.lt\/wp-content\/uploads\/2022\/10\/logo-original.svg","width":1,"height":1,"caption":"Detail Spot"},"image":{"@id":"https:\/\/detailspot.lt\/#\/schema\/logo\/image\/"},"sameAs":["https:\/\/www.facebook.com\/profile.php?id=100039208338156"]}]}},"_links":{"self":[{"href":"https:\/\/detailspot.lt\/en\/wp-json\/wp\/v2\/product\/7147","targetHints":{"allow":["GET"]}}],"collection":[{"href":"https:\/\/detailspot.lt\/en\/wp-json\/wp\/v2\/product"}],"about":[{"href":"https:\/\/detailspot.lt\/en\/wp-json\/wp\/v2\/types\/product"}],"replies":[{"embeddable":true,"href":"https:\/\/detailspot.lt\/en\/wp-json\/wp\/v2\/comments?post=7147"}],"wp:featuredmedia":[{"embeddable":true,"href":"https:\/\/detailspot.lt\/en\/wp-json\/wp\/v2\/media\/4041"}],"wp:attachment":[{"href":"https:\/\/detailspot.lt\/en\/wp-json\/wp\/v2\/media?parent=7147"}],"wp:term":[{"taxonomy":"product_brand","embeddable":true,"href":"https:\/\/detailspot.lt\/en\/wp-json\/wp\/v2\/product_brand?post=7147"},{"taxonomy":"product_cat","embeddable":true,"href":"https:\/\/detailspot.lt\/en\/wp-json\/wp\/v2\/product_cat?post=7147"},{"taxonomy":"product_tag","embeddable":true,"href":"https:\/\/detailspot.lt\/en\/wp-json\/wp\/v2\/product_tag?post=7147"}],"curies":[{"name":"wp","href":"https:\/\/api.w.org\/{rel}","templated":true}]}}