{"id":7142,"date":"2022-12-02T15:15:12","date_gmt":"2022-12-02T13:15:12","guid":{"rendered":"https:\/\/detailspot.lt\/produktas\/koch-chemie-gs-green-star-universal-cleaner\/"},"modified":"2024-02-12T21:12:02","modified_gmt":"2024-02-12T19:12:02","slug":"koch-chemie-gs-green-star-universal-cleaner","status":"publish","type":"product","link":"https:\/\/detailspot.lt\/en\/produktas\/koch-chemie-gs-green-star-universal-cleaner\/","title":{"rendered":"Koch Chemie Gs Green Star universal cleaner"},"content":{"rendered":"<h1>Koch Chemie Gs Green Star universal cleaner<\/h1>\n<p><span id=\"result_box\" lang=\"lt\">is a concentrated, phosphate- and solvent-free all-purpose cleaner suitable for interior, exterior or engine compartment cleaning applications.<\/span> <\/p>\n<p><strong>Characteristics:<\/strong><\/p>\n<ol>\n<li>Alkaline 12,5 pH;<\/li>\n<li>Concentrate, dilute with water 1:5-1:30;<\/li>\n<li>Can be used on textiles, leather, alcantara-type leather, for cleaning work floors.<\/li>\n<\/ol>\n<p><strong>Application:<\/strong><\/p>\n<ol>\n<li>Dilute the product in the desired ratio;<\/li>\n<li>Spray the surface;<\/li>\n<li>Allow the remedy to work;<\/li>\n<li>Rinse thoroughly or flush with water using a soaring pump.<\/li>\n<\/ol>\n<p><img loading=\"lazy\" decoding=\"async\" class=\"aligncenter\" src=\"https:\/\/www.detaily.lt\/images\/Userfiles\/Koch_Chemie.png\" alt=\"\" width=\"300\" height=\"68\"><\/p>\n","protected":false},"excerpt":{"rendered":"<p>Koch Chemie Gs Green Star universal cleaner is a concentrated, phosphate- and solvent-free all-purpose cleaner suitable for interior, exterior or engine compartment cleaning applications. Characteristics: Alkaline 12,5 pH; Concentrate, dilute with water 1:5-1:30; Can be used on textiles, leather, alcantara-type leather, for cleaning work floors. Application: Dilute the product in the desired ratio; Spray the&hellip;<\/p>\n","protected":false},"featured_media":3858,"comment_status":"closed","ping_status":"closed","template":"","meta":[],"product_brand":[],"product_cat":[165,168],"product_tag":[],"class_list":{"0":"post-7142","1":"product","2":"type-product","3":"status-publish","4":"has-post-thumbnail","6":"product_cat-interior","7":"product_cat-plastics-and-textiles","8":"description-off","10":"first","11":"instock","12":"taxable","13":"shipping-taxable","14":"purchasable","15":"product-type-variable"},"yoast_head":"<!-- This site is optimized with the Yoast SEO plugin v27.2 - https:\/\/yoast.com\/product\/yoast-seo-wordpress\/ -->\n<title>Koch Chemie Gs Green Star universal cleaner - Detail Spot<\/title>\n<meta name=\"description\" content=\"is a concentrated, phosphate- and solvent-free all-purpose cleaner suitable for interior, exterior or engine compartment cleaning applications.\" \/>\n<meta name=\"robots\" content=\"index, follow, max-snippet:-1, max-image-preview:large, max-video-preview:-1\" \/>\n<link rel=\"canonical\" href=\"https:\/\/detailspot.lt\/en\/produktas\/koch-chemie-gs-green-star-universal-cleaner\/\" \/>\n<meta property=\"og:locale\" content=\"en_US\" \/>\n<meta property=\"og:type\" content=\"article\" \/>\n<meta property=\"og:title\" content=\"Koch Chemie Gs Green Star universal cleaner - Detail Spot\" \/>\n<meta property=\"og:description\" content=\"is a concentrated, phosphate- and solvent-free all-purpose cleaner suitable for interior, exterior or engine compartment cleaning applications.\" \/>\n<meta property=\"og:url\" content=\"https:\/\/detailspot.lt\/en\/produktas\/koch-chemie-gs-green-star-universal-cleaner\/\" \/>\n<meta property=\"og:site_name\" content=\"Detail Spot\" \/>\n<meta property=\"article:publisher\" content=\"https:\/\/www.facebook.com\/profile.php?id=100039208338156\" \/>\n<meta property=\"article:modified_time\" content=\"2024-02-12T19:12:02+00:00\" \/>\n<meta property=\"og:image\" content=\"https:\/\/detailspot.lt\/wp-content\/uploads\/2022\/12\/koch-chemie-gs-green-star-universalus-valiklis-1.jpg\" \/>\n\t<meta property=\"og:image:width\" content=\"667\" \/>\n\t<meta property=\"og:image:height\" content=\"667\" \/>\n\t<meta property=\"og:image:type\" content=\"image\/jpeg\" \/>\n<meta name=\"twitter:card\" content=\"summary_large_image\" \/>\n<script type=\"application\/ld+json\" class=\"yoast-schema-graph\">{\"@context\":\"https:\/\/schema.org\",\"@graph\":[{\"@type\":\"WebPage\",\"@id\":\"https:\/\/detailspot.lt\/en\/produktas\/koch-chemie-gs-green-star-universal-cleaner\/\",\"url\":\"https:\/\/detailspot.lt\/en\/produktas\/koch-chemie-gs-green-star-universal-cleaner\/\",\"name\":\"Koch Chemie Gs Green Star universal cleaner - Detail Spot\",\"isPartOf\":{\"@id\":\"https:\/\/detailspot.lt\/#website\"},\"primaryImageOfPage\":{\"@id\":\"https:\/\/detailspot.lt\/en\/produktas\/koch-chemie-gs-green-star-universal-cleaner\/#primaryimage\"},\"image\":{\"@id\":\"https:\/\/detailspot.lt\/en\/produktas\/koch-chemie-gs-green-star-universal-cleaner\/#primaryimage\"},\"thumbnailUrl\":\"https:\/\/detailspot.lt\/wp-content\/uploads\/2022\/12\/koch-chemie-gs-green-star-universalus-valiklis-1.jpg\",\"datePublished\":\"2022-12-02T13:15:12+00:00\",\"dateModified\":\"2024-02-12T19:12:02+00:00\",\"description\":\"is a concentrated, phosphate- and solvent-free all-purpose cleaner suitable for interior, exterior or engine compartment cleaning applications.\",\"breadcrumb\":{\"@id\":\"https:\/\/detailspot.lt\/en\/produktas\/koch-chemie-gs-green-star-universal-cleaner\/#breadcrumb\"},\"inLanguage\":\"en-US\",\"potentialAction\":[{\"@type\":\"ReadAction\",\"target\":[\"https:\/\/detailspot.lt\/en\/produktas\/koch-chemie-gs-green-star-universal-cleaner\/\"]}]},{\"@type\":\"ImageObject\",\"inLanguage\":\"en-US\",\"@id\":\"https:\/\/detailspot.lt\/en\/produktas\/koch-chemie-gs-green-star-universal-cleaner\/#primaryimage\",\"url\":\"https:\/\/detailspot.lt\/wp-content\/uploads\/2022\/12\/koch-chemie-gs-green-star-universalus-valiklis-1.jpg\",\"contentUrl\":\"https:\/\/detailspot.lt\/wp-content\/uploads\/2022\/12\/koch-chemie-gs-green-star-universalus-valiklis-1.jpg\",\"width\":667,\"height\":667},{\"@type\":\"BreadcrumbList\",\"@id\":\"https:\/\/detailspot.lt\/en\/produktas\/koch-chemie-gs-green-star-universal-cleaner\/#breadcrumb\",\"itemListElement\":[{\"@type\":\"ListItem\",\"position\":1,\"name\":\"Home\",\"item\":\"https:\/\/detailspot.lt\/en\/\"},{\"@type\":\"ListItem\",\"position\":2,\"name\":\"Shop\",\"item\":\"https:\/\/detailspot.lt\/en\/parduotuve\/\"},{\"@type\":\"ListItem\",\"position\":3,\"name\":\"Koch Chemie Gs Green Star universal cleaner\"}]},{\"@type\":\"WebSite\",\"@id\":\"https:\/\/detailspot.lt\/#website\",\"url\":\"https:\/\/detailspot.lt\/\",\"name\":\"Detail Spot\",\"description\":\"Automobili\u0173 prie\u017ei\u016bros priemon\u0117s\",\"publisher\":{\"@id\":\"https:\/\/detailspot.lt\/#organization\"},\"potentialAction\":[{\"@type\":\"SearchAction\",\"target\":{\"@type\":\"EntryPoint\",\"urlTemplate\":\"https:\/\/detailspot.lt\/?s={search_term_string}\"},\"query-input\":{\"@type\":\"PropertyValueSpecification\",\"valueRequired\":true,\"valueName\":\"search_term_string\"}}],\"inLanguage\":\"en-US\"},{\"@type\":\"Organization\",\"@id\":\"https:\/\/detailspot.lt\/#organization\",\"name\":\"Detail Spot\",\"url\":\"https:\/\/detailspot.lt\/\",\"logo\":{\"@type\":\"ImageObject\",\"inLanguage\":\"en-US\",\"@id\":\"https:\/\/detailspot.lt\/#\/schema\/logo\/image\/\",\"url\":\"https:\/\/detailspot.lt\/wp-content\/uploads\/2022\/10\/logo-original.svg\",\"contentUrl\":\"https:\/\/detailspot.lt\/wp-content\/uploads\/2022\/10\/logo-original.svg\",\"width\":1,\"height\":1,\"caption\":\"Detail Spot\"},\"image\":{\"@id\":\"https:\/\/detailspot.lt\/#\/schema\/logo\/image\/\"},\"sameAs\":[\"https:\/\/www.facebook.com\/profile.php?id=100039208338156\"]}]}<\/script>\n<!-- \/ Yoast SEO plugin. -->","yoast_head_json":{"title":"Koch Chemie Gs Green Star universal cleaner - Detail Spot","description":"is a concentrated, phosphate- and solvent-free all-purpose cleaner suitable for interior, exterior or engine compartment cleaning applications.","robots":{"index":"index","follow":"follow","max-snippet":"max-snippet:-1","max-image-preview":"max-image-preview:large","max-video-preview":"max-video-preview:-1"},"canonical":"https:\/\/detailspot.lt\/en\/produktas\/koch-chemie-gs-green-star-universal-cleaner\/","og_locale":"en_US","og_type":"article","og_title":"Koch Chemie Gs Green Star universal cleaner - Detail Spot","og_description":"is a concentrated, phosphate- and solvent-free all-purpose cleaner suitable for interior, exterior or engine compartment cleaning applications.","og_url":"https:\/\/detailspot.lt\/en\/produktas\/koch-chemie-gs-green-star-universal-cleaner\/","og_site_name":"Detail Spot","article_publisher":"https:\/\/www.facebook.com\/profile.php?id=100039208338156","article_modified_time":"2024-02-12T19:12:02+00:00","og_image":[{"width":667,"height":667,"url":"https:\/\/detailspot.lt\/wp-content\/uploads\/2022\/12\/koch-chemie-gs-green-star-universalus-valiklis-1.jpg","type":"image\/jpeg"}],"twitter_card":"summary_large_image","schema":{"@context":"https:\/\/schema.org","@graph":[{"@type":"WebPage","@id":"https:\/\/detailspot.lt\/en\/produktas\/koch-chemie-gs-green-star-universal-cleaner\/","url":"https:\/\/detailspot.lt\/en\/produktas\/koch-chemie-gs-green-star-universal-cleaner\/","name":"Koch Chemie Gs Green Star universal cleaner - Detail Spot","isPartOf":{"@id":"https:\/\/detailspot.lt\/#website"},"primaryImageOfPage":{"@id":"https:\/\/detailspot.lt\/en\/produktas\/koch-chemie-gs-green-star-universal-cleaner\/#primaryimage"},"image":{"@id":"https:\/\/detailspot.lt\/en\/produktas\/koch-chemie-gs-green-star-universal-cleaner\/#primaryimage"},"thumbnailUrl":"https:\/\/detailspot.lt\/wp-content\/uploads\/2022\/12\/koch-chemie-gs-green-star-universalus-valiklis-1.jpg","datePublished":"2022-12-02T13:15:12+00:00","dateModified":"2024-02-12T19:12:02+00:00","description":"is a concentrated, phosphate- and solvent-free all-purpose cleaner suitable for interior, exterior or engine compartment cleaning applications.","breadcrumb":{"@id":"https:\/\/detailspot.lt\/en\/produktas\/koch-chemie-gs-green-star-universal-cleaner\/#breadcrumb"},"inLanguage":"en-US","potentialAction":[{"@type":"ReadAction","target":["https:\/\/detailspot.lt\/en\/produktas\/koch-chemie-gs-green-star-universal-cleaner\/"]}]},{"@type":"ImageObject","inLanguage":"en-US","@id":"https:\/\/detailspot.lt\/en\/produktas\/koch-chemie-gs-green-star-universal-cleaner\/#primaryimage","url":"https:\/\/detailspot.lt\/wp-content\/uploads\/2022\/12\/koch-chemie-gs-green-star-universalus-valiklis-1.jpg","contentUrl":"https:\/\/detailspot.lt\/wp-content\/uploads\/2022\/12\/koch-chemie-gs-green-star-universalus-valiklis-1.jpg","width":667,"height":667},{"@type":"BreadcrumbList","@id":"https:\/\/detailspot.lt\/en\/produktas\/koch-chemie-gs-green-star-universal-cleaner\/#breadcrumb","itemListElement":[{"@type":"ListItem","position":1,"name":"Home","item":"https:\/\/detailspot.lt\/en\/"},{"@type":"ListItem","position":2,"name":"Shop","item":"https:\/\/detailspot.lt\/en\/parduotuve\/"},{"@type":"ListItem","position":3,"name":"Koch Chemie Gs Green Star universal cleaner"}]},{"@type":"WebSite","@id":"https:\/\/detailspot.lt\/#website","url":"https:\/\/detailspot.lt\/","name":"Detail Spot","description":"Automobili\u0173 prie\u017ei\u016bros priemon\u0117s","publisher":{"@id":"https:\/\/detailspot.lt\/#organization"},"potentialAction":[{"@type":"SearchAction","target":{"@type":"EntryPoint","urlTemplate":"https:\/\/detailspot.lt\/?s={search_term_string}"},"query-input":{"@type":"PropertyValueSpecification","valueRequired":true,"valueName":"search_term_string"}}],"inLanguage":"en-US"},{"@type":"Organization","@id":"https:\/\/detailspot.lt\/#organization","name":"Detail Spot","url":"https:\/\/detailspot.lt\/","logo":{"@type":"ImageObject","inLanguage":"en-US","@id":"https:\/\/detailspot.lt\/#\/schema\/logo\/image\/","url":"https:\/\/detailspot.lt\/wp-content\/uploads\/2022\/10\/logo-original.svg","contentUrl":"https:\/\/detailspot.lt\/wp-content\/uploads\/2022\/10\/logo-original.svg","width":1,"height":1,"caption":"Detail Spot"},"image":{"@id":"https:\/\/detailspot.lt\/#\/schema\/logo\/image\/"},"sameAs":["https:\/\/www.facebook.com\/profile.php?id=100039208338156"]}]}},"_links":{"self":[{"href":"https:\/\/detailspot.lt\/en\/wp-json\/wp\/v2\/product\/7142","targetHints":{"allow":["GET"]}}],"collection":[{"href":"https:\/\/detailspot.lt\/en\/wp-json\/wp\/v2\/product"}],"about":[{"href":"https:\/\/detailspot.lt\/en\/wp-json\/wp\/v2\/types\/product"}],"replies":[{"embeddable":true,"href":"https:\/\/detailspot.lt\/en\/wp-json\/wp\/v2\/comments?post=7142"}],"wp:featuredmedia":[{"embeddable":true,"href":"https:\/\/detailspot.lt\/en\/wp-json\/wp\/v2\/media\/3858"}],"wp:attachment":[{"href":"https:\/\/detailspot.lt\/en\/wp-json\/wp\/v2\/media?parent=7142"}],"wp:term":[{"taxonomy":"product_brand","embeddable":true,"href":"https:\/\/detailspot.lt\/en\/wp-json\/wp\/v2\/product_brand?post=7142"},{"taxonomy":"product_cat","embeddable":true,"href":"https:\/\/detailspot.lt\/en\/wp-json\/wp\/v2\/product_cat?post=7142"},{"taxonomy":"product_tag","embeddable":true,"href":"https:\/\/detailspot.lt\/en\/wp-json\/wp\/v2\/product_tag?post=7142"}],"curies":[{"name":"wp","href":"https:\/\/api.w.org\/{rel}","templated":true}]}}