{"id":7141,"date":"2022-12-02T15:15:12","date_gmt":"2022-12-02T13:15:12","guid":{"rendered":"https:\/\/detailspot.lt\/produktas\/sonax-profiline-plastic-care-1l\/"},"modified":"2022-12-02T15:15:12","modified_gmt":"2022-12-02T13:15:12","slug":"sonax-profiline-plastic-care-1l","status":"publish","type":"product","link":"https:\/\/detailspot.lt\/en\/produktas\/sonax-profiline-plastic-care-1l\/","title":{"rendered":"SONAX Profiline Plastic Care 1l"},"content":{"rendered":"<p style=\"font-weight: 400;\"><b><strong>SONAX Profiline Plastic Care &#8211;<\/strong><\/b> professional care product for plastic surfaces. Perfectly refreshes colours, leaves a subtle shine and hides dull spots and scratches. Protects all plastics in the vehicle interior area. Suitable for use on the exterior of the car and engine<br \/>\nSection. It contains no solvents and has a pleasant smell, and as it does not contain silicone, it does not attract dust and does not leave a &#8220;greasy layer&#8221; on surfaces.<\/p>\n<p><strong>Application:<\/strong><\/p>\n<p><strong>Engine compartment trim material:<\/strong><\/p>\n<ol>\n<li>Clean the engine compartment;<\/li>\n<li>Drain the surfaces and dry well;<\/li>\n<li>Spray the plastic refinisher in an even coat or apply evenly with a SONAX special soft sponge or SONAX microfibre cloth<\/li>\n<li>Depending on the desired gloss, dilute the product 1:3 with water.<strong>NOTE:<\/strong><\/li>\n<\/ol>\n<ul>\n<li>Do not use in direct sunlight or on hot surfaces.<\/li>\n<\/ul>\n<p>&nbsp;<\/p>\n<p style=\"text-align: center;\"><img loading=\"lazy\" decoding=\"async\" class=\"alignnone wp-image-2066\" src=\"https:\/\/detailspot.lt\/wp-content\/uploads\/2022\/12\/sonax-vector-logo-2022-300x167.png\" alt=\"\" width=\"212\" height=\"118\" srcset=\"https:\/\/detailspot.lt\/wp-content\/uploads\/2022\/12\/sonax-vector-logo-2022-300x167.png 300w, https:\/\/detailspot.lt\/wp-content\/uploads\/2022\/12\/sonax-vector-logo-2022-768x427.png 768w, https:\/\/detailspot.lt\/wp-content\/uploads\/2022\/12\/sonax-vector-logo-2022-600x333.png 600w, https:\/\/detailspot.lt\/wp-content\/uploads\/2022\/12\/sonax-vector-logo-2022-64x36.png 64w, https:\/\/detailspot.lt\/wp-content\/uploads\/2022\/12\/sonax-vector-logo-2022.png 900w\" sizes=\"auto, (max-width: 212px) 100vw, 212px\" \/><\/p>\n","protected":false},"excerpt":{"rendered":"<p>SONAX Profiline Plastic Care &#8211; professional care product for plastic surfaces. Perfectly refreshes colours, leaves a subtle shine and hides dull spots and scratches. Protects all plastics in the vehicle interior area. Suitable for use on the exterior of the car and engine Section. It contains no solvents and has a pleasant smell, and as&hellip;<\/p>\n","protected":false},"featured_media":3857,"comment_status":"closed","ping_status":"closed","template":"","meta":[],"product_brand":[],"product_cat":[165,168],"product_tag":[],"class_list":{"0":"post-7141","1":"product","2":"type-product","3":"status-publish","4":"has-post-thumbnail","6":"product_cat-interior","7":"product_cat-plastics-and-textiles","8":"description-off","10":"first","11":"instock","12":"taxable","13":"shipping-taxable","14":"purchasable","15":"product-type-simple"},"yoast_head":"<!-- This site is optimized with the Yoast SEO plugin v27.2 - https:\/\/yoast.com\/product\/yoast-seo-wordpress\/ -->\n<title>SONAX Profiline Plastic Care 1l - Detail Spot<\/title>\n<meta name=\"robots\" content=\"index, follow, max-snippet:-1, max-image-preview:large, max-video-preview:-1\" \/>\n<link rel=\"canonical\" href=\"https:\/\/detailspot.lt\/produktas\/sonax-profiline-plastic-care-1l\/\" \/>\n<meta property=\"og:locale\" content=\"en_US\" \/>\n<meta property=\"og:type\" content=\"article\" \/>\n<meta property=\"og:title\" content=\"SONAX Profiline Plastic Care 1l - Detail Spot\" \/>\n<meta property=\"og:description\" content=\"SONAX Profiline Plastic Care &#8211; professional care product for plastic surfaces. Perfectly refreshes colours, leaves a subtle shine and hides dull spots and scratches. Protects all plastics in the vehicle interior area. Suitable for use on the exterior of the car and engine Section. It contains no solvents and has a pleasant smell, and as&hellip;\" \/>\n<meta property=\"og:url\" content=\"https:\/\/detailspot.lt\/produktas\/sonax-profiline-plastic-care-1l\/\" \/>\n<meta property=\"og:site_name\" content=\"Detail Spot\" \/>\n<meta property=\"article:publisher\" content=\"https:\/\/www.facebook.com\/profile.php?id=100039208338156\" \/>\n<meta property=\"og:image\" content=\"https:\/\/detailspot.lt\/wp-content\/uploads\/2022\/12\/sonax-vector-logo-2022-300x167.png\" \/>\n<meta name=\"twitter:card\" content=\"summary_large_image\" \/>\n<meta name=\"twitter:label1\" content=\"Est. reading time\" \/>\n\t<meta name=\"twitter:data1\" content=\"1 minute\" \/>\n<script type=\"application\/ld+json\" class=\"yoast-schema-graph\">{\"@context\":\"https:\/\/schema.org\",\"@graph\":[{\"@type\":\"WebPage\",\"@id\":\"https:\/\/detailspot.lt\/produktas\/sonax-profiline-plastic-care-1l\/\",\"url\":\"https:\/\/detailspot.lt\/produktas\/sonax-profiline-plastic-care-1l\/\",\"name\":\"SONAX Profiline Plastic Care 1l - Detail Spot\",\"isPartOf\":{\"@id\":\"https:\/\/detailspot.lt\/#website\"},\"primaryImageOfPage\":{\"@id\":\"https:\/\/detailspot.lt\/produktas\/sonax-profiline-plastic-care-1l\/#primaryimage\"},\"image\":{\"@id\":\"https:\/\/detailspot.lt\/produktas\/sonax-profiline-plastic-care-1l\/#primaryimage\"},\"thumbnailUrl\":\"https:\/\/detailspot.lt\/wp-content\/uploads\/2022\/12\/Sonax-plastic-care-1.jpg\",\"datePublished\":\"2022-12-02T13:15:12+00:00\",\"breadcrumb\":{\"@id\":\"https:\/\/detailspot.lt\/produktas\/sonax-profiline-plastic-care-1l\/#breadcrumb\"},\"inLanguage\":\"en-US\",\"potentialAction\":[{\"@type\":\"ReadAction\",\"target\":[\"https:\/\/detailspot.lt\/produktas\/sonax-profiline-plastic-care-1l\/\"]}]},{\"@type\":\"ImageObject\",\"inLanguage\":\"en-US\",\"@id\":\"https:\/\/detailspot.lt\/produktas\/sonax-profiline-plastic-care-1l\/#primaryimage\",\"url\":\"https:\/\/detailspot.lt\/wp-content\/uploads\/2022\/12\/Sonax-plastic-care-1.jpg\",\"contentUrl\":\"https:\/\/detailspot.lt\/wp-content\/uploads\/2022\/12\/Sonax-plastic-care-1.jpg\",\"width\":1280,\"height\":1280},{\"@type\":\"BreadcrumbList\",\"@id\":\"https:\/\/detailspot.lt\/produktas\/sonax-profiline-plastic-care-1l\/#breadcrumb\",\"itemListElement\":[{\"@type\":\"ListItem\",\"position\":1,\"name\":\"Home\",\"item\":\"https:\/\/detailspot.lt\/en\/\"},{\"@type\":\"ListItem\",\"position\":2,\"name\":\"Shop\",\"item\":\"https:\/\/detailspot.lt\/en\/parduotuve\/\"},{\"@type\":\"ListItem\",\"position\":3,\"name\":\"SONAX Profiline Plastic Care 1l\"}]},{\"@type\":\"WebSite\",\"@id\":\"https:\/\/detailspot.lt\/#website\",\"url\":\"https:\/\/detailspot.lt\/\",\"name\":\"Detail Spot\",\"description\":\"Automobili\u0173 prie\u017ei\u016bros priemon\u0117s\",\"publisher\":{\"@id\":\"https:\/\/detailspot.lt\/#organization\"},\"potentialAction\":[{\"@type\":\"SearchAction\",\"target\":{\"@type\":\"EntryPoint\",\"urlTemplate\":\"https:\/\/detailspot.lt\/?s={search_term_string}\"},\"query-input\":{\"@type\":\"PropertyValueSpecification\",\"valueRequired\":true,\"valueName\":\"search_term_string\"}}],\"inLanguage\":\"en-US\"},{\"@type\":\"Organization\",\"@id\":\"https:\/\/detailspot.lt\/#organization\",\"name\":\"Detail Spot\",\"url\":\"https:\/\/detailspot.lt\/\",\"logo\":{\"@type\":\"ImageObject\",\"inLanguage\":\"en-US\",\"@id\":\"https:\/\/detailspot.lt\/#\/schema\/logo\/image\/\",\"url\":\"https:\/\/detailspot.lt\/wp-content\/uploads\/2022\/10\/logo-original.svg\",\"contentUrl\":\"https:\/\/detailspot.lt\/wp-content\/uploads\/2022\/10\/logo-original.svg\",\"width\":1,\"height\":1,\"caption\":\"Detail Spot\"},\"image\":{\"@id\":\"https:\/\/detailspot.lt\/#\/schema\/logo\/image\/\"},\"sameAs\":[\"https:\/\/www.facebook.com\/profile.php?id=100039208338156\"]}]}<\/script>\n<!-- \/ Yoast SEO plugin. -->","yoast_head_json":{"title":"SONAX Profiline Plastic Care 1l - Detail Spot","robots":{"index":"index","follow":"follow","max-snippet":"max-snippet:-1","max-image-preview":"max-image-preview:large","max-video-preview":"max-video-preview:-1"},"canonical":"https:\/\/detailspot.lt\/produktas\/sonax-profiline-plastic-care-1l\/","og_locale":"en_US","og_type":"article","og_title":"SONAX Profiline Plastic Care 1l - Detail Spot","og_description":"SONAX Profiline Plastic Care &#8211; professional care product for plastic surfaces. Perfectly refreshes colours, leaves a subtle shine and hides dull spots and scratches. Protects all plastics in the vehicle interior area. Suitable for use on the exterior of the car and engine Section. It contains no solvents and has a pleasant smell, and as&hellip;","og_url":"https:\/\/detailspot.lt\/produktas\/sonax-profiline-plastic-care-1l\/","og_site_name":"Detail Spot","article_publisher":"https:\/\/www.facebook.com\/profile.php?id=100039208338156","og_image":[{"url":"https:\/\/detailspot.lt\/wp-content\/uploads\/2022\/12\/sonax-vector-logo-2022-300x167.png","type":"","width":"","height":""}],"twitter_card":"summary_large_image","twitter_misc":{"Est. reading time":"1 minute"},"schema":{"@context":"https:\/\/schema.org","@graph":[{"@type":"WebPage","@id":"https:\/\/detailspot.lt\/produktas\/sonax-profiline-plastic-care-1l\/","url":"https:\/\/detailspot.lt\/produktas\/sonax-profiline-plastic-care-1l\/","name":"SONAX Profiline Plastic Care 1l - Detail Spot","isPartOf":{"@id":"https:\/\/detailspot.lt\/#website"},"primaryImageOfPage":{"@id":"https:\/\/detailspot.lt\/produktas\/sonax-profiline-plastic-care-1l\/#primaryimage"},"image":{"@id":"https:\/\/detailspot.lt\/produktas\/sonax-profiline-plastic-care-1l\/#primaryimage"},"thumbnailUrl":"https:\/\/detailspot.lt\/wp-content\/uploads\/2022\/12\/Sonax-plastic-care-1.jpg","datePublished":"2022-12-02T13:15:12+00:00","breadcrumb":{"@id":"https:\/\/detailspot.lt\/produktas\/sonax-profiline-plastic-care-1l\/#breadcrumb"},"inLanguage":"en-US","potentialAction":[{"@type":"ReadAction","target":["https:\/\/detailspot.lt\/produktas\/sonax-profiline-plastic-care-1l\/"]}]},{"@type":"ImageObject","inLanguage":"en-US","@id":"https:\/\/detailspot.lt\/produktas\/sonax-profiline-plastic-care-1l\/#primaryimage","url":"https:\/\/detailspot.lt\/wp-content\/uploads\/2022\/12\/Sonax-plastic-care-1.jpg","contentUrl":"https:\/\/detailspot.lt\/wp-content\/uploads\/2022\/12\/Sonax-plastic-care-1.jpg","width":1280,"height":1280},{"@type":"BreadcrumbList","@id":"https:\/\/detailspot.lt\/produktas\/sonax-profiline-plastic-care-1l\/#breadcrumb","itemListElement":[{"@type":"ListItem","position":1,"name":"Home","item":"https:\/\/detailspot.lt\/en\/"},{"@type":"ListItem","position":2,"name":"Shop","item":"https:\/\/detailspot.lt\/en\/parduotuve\/"},{"@type":"ListItem","position":3,"name":"SONAX Profiline Plastic Care 1l"}]},{"@type":"WebSite","@id":"https:\/\/detailspot.lt\/#website","url":"https:\/\/detailspot.lt\/","name":"Detail Spot","description":"Automobili\u0173 prie\u017ei\u016bros priemon\u0117s","publisher":{"@id":"https:\/\/detailspot.lt\/#organization"},"potentialAction":[{"@type":"SearchAction","target":{"@type":"EntryPoint","urlTemplate":"https:\/\/detailspot.lt\/?s={search_term_string}"},"query-input":{"@type":"PropertyValueSpecification","valueRequired":true,"valueName":"search_term_string"}}],"inLanguage":"en-US"},{"@type":"Organization","@id":"https:\/\/detailspot.lt\/#organization","name":"Detail Spot","url":"https:\/\/detailspot.lt\/","logo":{"@type":"ImageObject","inLanguage":"en-US","@id":"https:\/\/detailspot.lt\/#\/schema\/logo\/image\/","url":"https:\/\/detailspot.lt\/wp-content\/uploads\/2022\/10\/logo-original.svg","contentUrl":"https:\/\/detailspot.lt\/wp-content\/uploads\/2022\/10\/logo-original.svg","width":1,"height":1,"caption":"Detail Spot"},"image":{"@id":"https:\/\/detailspot.lt\/#\/schema\/logo\/image\/"},"sameAs":["https:\/\/www.facebook.com\/profile.php?id=100039208338156"]}]}},"_links":{"self":[{"href":"https:\/\/detailspot.lt\/en\/wp-json\/wp\/v2\/product\/7141","targetHints":{"allow":["GET"]}}],"collection":[{"href":"https:\/\/detailspot.lt\/en\/wp-json\/wp\/v2\/product"}],"about":[{"href":"https:\/\/detailspot.lt\/en\/wp-json\/wp\/v2\/types\/product"}],"replies":[{"embeddable":true,"href":"https:\/\/detailspot.lt\/en\/wp-json\/wp\/v2\/comments?post=7141"}],"wp:featuredmedia":[{"embeddable":true,"href":"https:\/\/detailspot.lt\/en\/wp-json\/wp\/v2\/media\/3857"}],"wp:attachment":[{"href":"https:\/\/detailspot.lt\/en\/wp-json\/wp\/v2\/media?parent=7141"}],"wp:term":[{"taxonomy":"product_brand","embeddable":true,"href":"https:\/\/detailspot.lt\/en\/wp-json\/wp\/v2\/product_brand?post=7141"},{"taxonomy":"product_cat","embeddable":true,"href":"https:\/\/detailspot.lt\/en\/wp-json\/wp\/v2\/product_cat?post=7141"},{"taxonomy":"product_tag","embeddable":true,"href":"https:\/\/detailspot.lt\/en\/wp-json\/wp\/v2\/product_tag?post=7141"}],"curies":[{"name":"wp","href":"https:\/\/api.w.org\/{rel}","templated":true}]}}