{"id":7137,"date":"2022-12-02T15:15:13","date_gmt":"2022-12-02T13:15:13","guid":{"rendered":"https:\/\/detailspot.lt\/produktas\/fx-protect-leather-coating-coating-of-leather-surfaces\/"},"modified":"2022-12-02T15:15:13","modified_gmt":"2022-12-02T13:15:13","slug":"fx-protect-leather-coating-coating-of-leather-surfaces","status":"publish","type":"product","link":"https:\/\/detailspot.lt\/en\/produktas\/fx-protect-leather-coating-coating-of-leather-surfaces\/","title":{"rendered":"FX Protect Leather Coating coating of leather surfaces"},"content":{"rendered":"<p><strong>FX Protect Leather Coating &#8211;<\/strong> <span style=\"font-size: 16px;\">You do know that leather upholstery is an extremely delicate material, much more susceptible to any mechanical damage than textile upholstery, right? Then you&#8217;re probably wondering if there&#8217;s anything you can do to protect your skin so that it retains its aesthetic qualities for a long time. You&#8217;ve come to the right place to find a product that will protect and slow down the ageing process of your car&#8217;s leather upholstery! <\/span><\/p>\n<div class=\"right\">\n<div id=\"translatedtext\" class=\"query-input\">Leather Coating is a protective coating that is completely transparent, which means that it does not affect the colour, nor does it leave any visible marks when applied. It offers excellent protection against the damaging effects of UV rays and fading, and thanks to its hydrophobic properties, it protects against dirt, discolouration and, for example, stains left by jeans.<\/div>\n<\/div>\n<p>&nbsp;<\/p>\n<p><strong>Characteristics:<\/strong><\/p>\n<ol>\n<li>Longevity 5-8 months<\/li>\n<li>Prevents the transfer of dyes from clothing to skin and vice versa<\/li>\n<li>The surface becomes hydrophobic<\/li>\n<li>UV protection against fading<\/li>\n<\/ol>\n<p><strong>Output:<\/strong><\/p>\n<ol>\n<li>Natural leather ~ 40ml \/ m2<\/li>\n<li>Synthetic leather ~ 30ml \/ m2<\/li>\n<\/ol>\n<p>&nbsp;<\/p>\n<p style=\"text-align: center;\"><strong><img loading=\"lazy\" decoding=\"async\" class=\"alignnone size-full wp-image-1096\" src=\"https:\/\/detailspot.lt\/wp-content\/uploads\/2022\/11\/fx-protect-logo-white-background-ireland.jpg\" alt=\"\" width=\"300\" height=\"123\" srcset=\"https:\/\/detailspot.lt\/wp-content\/uploads\/2022\/11\/fx-protect-logo-white-background-ireland.jpg 300w, https:\/\/detailspot.lt\/wp-content\/uploads\/2022\/11\/fx-protect-logo-white-background-ireland-64x26.jpg 64w\" sizes=\"auto, (max-width: 300px) 100vw, 300px\" \/><\/strong><\/p>\n","protected":false},"excerpt":{"rendered":"<p>FX Protect Leather Coating &#8211; You do know that leather upholstery is an extremely delicate material, much more susceptible to any mechanical damage than textile upholstery, right? Then you&#8217;re probably wondering if there&#8217;s anything you can do to protect your skin so that it retains its aesthetic qualities for a long time. You&#8217;ve come to&hellip;<\/p>\n","protected":false},"featured_media":3838,"comment_status":"closed","ping_status":"closed","template":"","meta":[],"product_brand":[],"product_cat":[165,167],"product_tag":[],"class_list":{"0":"post-7137","1":"product","2":"type-product","3":"status-publish","4":"has-post-thumbnail","6":"product_cat-interior","7":"product_cat-skin-care","8":"description-off","10":"first","11":"instock","12":"taxable","13":"shipping-taxable","14":"purchasable","15":"product-type-simple"},"yoast_head":"<!-- This site is optimized with the Yoast SEO plugin v27.2 - https:\/\/yoast.com\/product\/yoast-seo-wordpress\/ -->\n<title>FX Protect Leather Coating coating of leather surfaces - Detail Spot<\/title>\n<meta name=\"robots\" content=\"index, follow, max-snippet:-1, max-image-preview:large, max-video-preview:-1\" \/>\n<link rel=\"canonical\" href=\"https:\/\/detailspot.lt\/produktas\/fx-protect-leather-coating-coating-of-leather-surfaces\/\" \/>\n<meta property=\"og:locale\" content=\"en_US\" \/>\n<meta property=\"og:type\" content=\"article\" \/>\n<meta property=\"og:title\" content=\"FX Protect Leather Coating coating of leather surfaces - Detail Spot\" \/>\n<meta property=\"og:description\" content=\"FX Protect Leather Coating &#8211; You do know that leather upholstery is an extremely delicate material, much more susceptible to any mechanical damage than textile upholstery, right? Then you&#8217;re probably wondering if there&#8217;s anything you can do to protect your skin so that it retains its aesthetic qualities for a long time. You&#8217;ve come to&hellip;\" \/>\n<meta property=\"og:url\" content=\"https:\/\/detailspot.lt\/produktas\/fx-protect-leather-coating-coating-of-leather-surfaces\/\" \/>\n<meta property=\"og:site_name\" content=\"Detail Spot\" \/>\n<meta property=\"article:publisher\" content=\"https:\/\/www.facebook.com\/profile.php?id=100039208338156\" \/>\n<meta property=\"og:image\" content=\"https:\/\/detailspot.lt\/wp-content\/uploads\/2022\/11\/fx-protect-logo-white-background-ireland.jpg\" \/>\n<meta name=\"twitter:card\" content=\"summary_large_image\" \/>\n<meta name=\"twitter:label1\" content=\"Est. reading time\" \/>\n\t<meta name=\"twitter:data1\" content=\"1 minute\" \/>\n<script type=\"application\/ld+json\" class=\"yoast-schema-graph\">{\"@context\":\"https:\/\/schema.org\",\"@graph\":[{\"@type\":\"WebPage\",\"@id\":\"https:\/\/detailspot.lt\/produktas\/fx-protect-leather-coating-coating-of-leather-surfaces\/\",\"url\":\"https:\/\/detailspot.lt\/produktas\/fx-protect-leather-coating-coating-of-leather-surfaces\/\",\"name\":\"FX Protect Leather Coating coating of leather surfaces - Detail Spot\",\"isPartOf\":{\"@id\":\"https:\/\/detailspot.lt\/#website\"},\"primaryImageOfPage\":{\"@id\":\"https:\/\/detailspot.lt\/produktas\/fx-protect-leather-coating-coating-of-leather-surfaces\/#primaryimage\"},\"image\":{\"@id\":\"https:\/\/detailspot.lt\/produktas\/fx-protect-leather-coating-coating-of-leather-surfaces\/#primaryimage\"},\"thumbnailUrl\":\"https:\/\/detailspot.lt\/wp-content\/uploads\/2022\/12\/fx-protect-leather-coating-1.jpg\",\"datePublished\":\"2022-12-02T13:15:13+00:00\",\"breadcrumb\":{\"@id\":\"https:\/\/detailspot.lt\/produktas\/fx-protect-leather-coating-coating-of-leather-surfaces\/#breadcrumb\"},\"inLanguage\":\"en-US\",\"potentialAction\":[{\"@type\":\"ReadAction\",\"target\":[\"https:\/\/detailspot.lt\/produktas\/fx-protect-leather-coating-coating-of-leather-surfaces\/\"]}]},{\"@type\":\"ImageObject\",\"inLanguage\":\"en-US\",\"@id\":\"https:\/\/detailspot.lt\/produktas\/fx-protect-leather-coating-coating-of-leather-surfaces\/#primaryimage\",\"url\":\"https:\/\/detailspot.lt\/wp-content\/uploads\/2022\/12\/fx-protect-leather-coating-1.jpg\",\"contentUrl\":\"https:\/\/detailspot.lt\/wp-content\/uploads\/2022\/12\/fx-protect-leather-coating-1.jpg\",\"width\":821,\"height\":821},{\"@type\":\"BreadcrumbList\",\"@id\":\"https:\/\/detailspot.lt\/produktas\/fx-protect-leather-coating-coating-of-leather-surfaces\/#breadcrumb\",\"itemListElement\":[{\"@type\":\"ListItem\",\"position\":1,\"name\":\"Home\",\"item\":\"https:\/\/detailspot.lt\/en\/\"},{\"@type\":\"ListItem\",\"position\":2,\"name\":\"Shop\",\"item\":\"https:\/\/detailspot.lt\/en\/parduotuve\/\"},{\"@type\":\"ListItem\",\"position\":3,\"name\":\"FX Protect Leather Coating coating of leather surfaces\"}]},{\"@type\":\"WebSite\",\"@id\":\"https:\/\/detailspot.lt\/#website\",\"url\":\"https:\/\/detailspot.lt\/\",\"name\":\"Detail Spot\",\"description\":\"Automobili\u0173 prie\u017ei\u016bros priemon\u0117s\",\"publisher\":{\"@id\":\"https:\/\/detailspot.lt\/#organization\"},\"potentialAction\":[{\"@type\":\"SearchAction\",\"target\":{\"@type\":\"EntryPoint\",\"urlTemplate\":\"https:\/\/detailspot.lt\/?s={search_term_string}\"},\"query-input\":{\"@type\":\"PropertyValueSpecification\",\"valueRequired\":true,\"valueName\":\"search_term_string\"}}],\"inLanguage\":\"en-US\"},{\"@type\":\"Organization\",\"@id\":\"https:\/\/detailspot.lt\/#organization\",\"name\":\"Detail Spot\",\"url\":\"https:\/\/detailspot.lt\/\",\"logo\":{\"@type\":\"ImageObject\",\"inLanguage\":\"en-US\",\"@id\":\"https:\/\/detailspot.lt\/#\/schema\/logo\/image\/\",\"url\":\"https:\/\/detailspot.lt\/wp-content\/uploads\/2022\/10\/logo-original.svg\",\"contentUrl\":\"https:\/\/detailspot.lt\/wp-content\/uploads\/2022\/10\/logo-original.svg\",\"width\":1,\"height\":1,\"caption\":\"Detail Spot\"},\"image\":{\"@id\":\"https:\/\/detailspot.lt\/#\/schema\/logo\/image\/\"},\"sameAs\":[\"https:\/\/www.facebook.com\/profile.php?id=100039208338156\"]}]}<\/script>\n<!-- \/ Yoast SEO plugin. -->","yoast_head_json":{"title":"FX Protect Leather Coating coating of leather surfaces - Detail Spot","robots":{"index":"index","follow":"follow","max-snippet":"max-snippet:-1","max-image-preview":"max-image-preview:large","max-video-preview":"max-video-preview:-1"},"canonical":"https:\/\/detailspot.lt\/produktas\/fx-protect-leather-coating-coating-of-leather-surfaces\/","og_locale":"en_US","og_type":"article","og_title":"FX Protect Leather Coating coating of leather surfaces - Detail Spot","og_description":"FX Protect Leather Coating &#8211; You do know that leather upholstery is an extremely delicate material, much more susceptible to any mechanical damage than textile upholstery, right? Then you&#8217;re probably wondering if there&#8217;s anything you can do to protect your skin so that it retains its aesthetic qualities for a long time. You&#8217;ve come to&hellip;","og_url":"https:\/\/detailspot.lt\/produktas\/fx-protect-leather-coating-coating-of-leather-surfaces\/","og_site_name":"Detail Spot","article_publisher":"https:\/\/www.facebook.com\/profile.php?id=100039208338156","og_image":[{"url":"https:\/\/detailspot.lt\/wp-content\/uploads\/2022\/11\/fx-protect-logo-white-background-ireland.jpg","type":"","width":"","height":""}],"twitter_card":"summary_large_image","twitter_misc":{"Est. reading time":"1 minute"},"schema":{"@context":"https:\/\/schema.org","@graph":[{"@type":"WebPage","@id":"https:\/\/detailspot.lt\/produktas\/fx-protect-leather-coating-coating-of-leather-surfaces\/","url":"https:\/\/detailspot.lt\/produktas\/fx-protect-leather-coating-coating-of-leather-surfaces\/","name":"FX Protect Leather Coating coating of leather surfaces - Detail Spot","isPartOf":{"@id":"https:\/\/detailspot.lt\/#website"},"primaryImageOfPage":{"@id":"https:\/\/detailspot.lt\/produktas\/fx-protect-leather-coating-coating-of-leather-surfaces\/#primaryimage"},"image":{"@id":"https:\/\/detailspot.lt\/produktas\/fx-protect-leather-coating-coating-of-leather-surfaces\/#primaryimage"},"thumbnailUrl":"https:\/\/detailspot.lt\/wp-content\/uploads\/2022\/12\/fx-protect-leather-coating-1.jpg","datePublished":"2022-12-02T13:15:13+00:00","breadcrumb":{"@id":"https:\/\/detailspot.lt\/produktas\/fx-protect-leather-coating-coating-of-leather-surfaces\/#breadcrumb"},"inLanguage":"en-US","potentialAction":[{"@type":"ReadAction","target":["https:\/\/detailspot.lt\/produktas\/fx-protect-leather-coating-coating-of-leather-surfaces\/"]}]},{"@type":"ImageObject","inLanguage":"en-US","@id":"https:\/\/detailspot.lt\/produktas\/fx-protect-leather-coating-coating-of-leather-surfaces\/#primaryimage","url":"https:\/\/detailspot.lt\/wp-content\/uploads\/2022\/12\/fx-protect-leather-coating-1.jpg","contentUrl":"https:\/\/detailspot.lt\/wp-content\/uploads\/2022\/12\/fx-protect-leather-coating-1.jpg","width":821,"height":821},{"@type":"BreadcrumbList","@id":"https:\/\/detailspot.lt\/produktas\/fx-protect-leather-coating-coating-of-leather-surfaces\/#breadcrumb","itemListElement":[{"@type":"ListItem","position":1,"name":"Home","item":"https:\/\/detailspot.lt\/en\/"},{"@type":"ListItem","position":2,"name":"Shop","item":"https:\/\/detailspot.lt\/en\/parduotuve\/"},{"@type":"ListItem","position":3,"name":"FX Protect Leather Coating coating of leather surfaces"}]},{"@type":"WebSite","@id":"https:\/\/detailspot.lt\/#website","url":"https:\/\/detailspot.lt\/","name":"Detail Spot","description":"Automobili\u0173 prie\u017ei\u016bros priemon\u0117s","publisher":{"@id":"https:\/\/detailspot.lt\/#organization"},"potentialAction":[{"@type":"SearchAction","target":{"@type":"EntryPoint","urlTemplate":"https:\/\/detailspot.lt\/?s={search_term_string}"},"query-input":{"@type":"PropertyValueSpecification","valueRequired":true,"valueName":"search_term_string"}}],"inLanguage":"en-US"},{"@type":"Organization","@id":"https:\/\/detailspot.lt\/#organization","name":"Detail Spot","url":"https:\/\/detailspot.lt\/","logo":{"@type":"ImageObject","inLanguage":"en-US","@id":"https:\/\/detailspot.lt\/#\/schema\/logo\/image\/","url":"https:\/\/detailspot.lt\/wp-content\/uploads\/2022\/10\/logo-original.svg","contentUrl":"https:\/\/detailspot.lt\/wp-content\/uploads\/2022\/10\/logo-original.svg","width":1,"height":1,"caption":"Detail Spot"},"image":{"@id":"https:\/\/detailspot.lt\/#\/schema\/logo\/image\/"},"sameAs":["https:\/\/www.facebook.com\/profile.php?id=100039208338156"]}]}},"_links":{"self":[{"href":"https:\/\/detailspot.lt\/en\/wp-json\/wp\/v2\/product\/7137","targetHints":{"allow":["GET"]}}],"collection":[{"href":"https:\/\/detailspot.lt\/en\/wp-json\/wp\/v2\/product"}],"about":[{"href":"https:\/\/detailspot.lt\/en\/wp-json\/wp\/v2\/types\/product"}],"replies":[{"embeddable":true,"href":"https:\/\/detailspot.lt\/en\/wp-json\/wp\/v2\/comments?post=7137"}],"wp:featuredmedia":[{"embeddable":true,"href":"https:\/\/detailspot.lt\/en\/wp-json\/wp\/v2\/media\/3838"}],"wp:attachment":[{"href":"https:\/\/detailspot.lt\/en\/wp-json\/wp\/v2\/media?parent=7137"}],"wp:term":[{"taxonomy":"product_brand","embeddable":true,"href":"https:\/\/detailspot.lt\/en\/wp-json\/wp\/v2\/product_brand?post=7137"},{"taxonomy":"product_cat","embeddable":true,"href":"https:\/\/detailspot.lt\/en\/wp-json\/wp\/v2\/product_cat?post=7137"},{"taxonomy":"product_tag","embeddable":true,"href":"https:\/\/detailspot.lt\/en\/wp-json\/wp\/v2\/product_tag?post=7137"}],"curies":[{"name":"wp","href":"https:\/\/api.w.org\/{rel}","templated":true}]}}