{"id":7134,"date":"2022-12-02T15:15:13","date_gmt":"2022-12-02T13:15:13","guid":{"rendered":"https:\/\/detailspot.lt\/produktas\/fx-protect-fabric-care-hydrophobic-coating-for-textiles\/"},"modified":"2022-12-02T15:15:13","modified_gmt":"2022-12-02T13:15:13","slug":"fx-protect-fabric-care-hydrophobic-coating-for-textiles","status":"publish","type":"product","link":"https:\/\/detailspot.lt\/en\/produktas\/fx-protect-fabric-care-hydrophobic-coating-for-textiles\/","title":{"rendered":"FX Protect Fabric Care hydrophobic coating for textiles"},"content":{"rendered":"<div id=\"heading2\">\n<h1><strong>FX Protect Fabric Care<\/strong> hydrophobic coating for textiles<\/h1>\n<p><span style=\"font-size: 16px;\">is a preparation for the protection of all types of textiles, convertible soft tops as well as nubuck, suede and alcantara. The product creates an invisible, hydrophobic, protective layer that protects the surface from the penetration of dirt, water and oily substances, as well as from harmful UV radiation. Thanks to its unique nanoparticle content, Fabric Care penetrates into every fibre of the material to be protected, without changing the structure of the material. The impregnation creates a fully breathable layer. It is very easy to use and completely safe for health and the environment. Depending on the method of use, as well as the frequency of use on the surfaces to be protected, the durability of the product is between 6 and 12 months.<\/span><\/p>\n<\/div>\n<p><strong>Characteristics:<\/strong><\/p>\n<ol>\n<li>Can protect: textiles, leather, alcantara, convertible roofing, nubuck<\/li>\n<li>Water and mud repellency<\/li>\n<li>1-layer protection<\/li>\n<li>Translucent layer, does not alter the surface texture<\/li>\n<li>Protection against UV radiation<\/li>\n<\/ol>\n<p><strong>Technical features:<\/strong><\/p>\n<ol>\n<li>Protection: 6-12 months<\/li>\n<li>Yield: 75-90 ml\/m2<\/li>\n<li>Curing time: 24h<\/li>\n<\/ol>\n<p>&nbsp;<\/p>\n<p style=\"text-align: center;\"><img loading=\"lazy\" decoding=\"async\" class=\"alignnone size-full wp-image-1096\" src=\"https:\/\/detailspot.lt\/wp-content\/uploads\/2022\/11\/fx-protect-logo-white-background-ireland.jpg\" alt=\"\" width=\"300\" height=\"123\" srcset=\"https:\/\/detailspot.lt\/wp-content\/uploads\/2022\/11\/fx-protect-logo-white-background-ireland.jpg 300w, https:\/\/detailspot.lt\/wp-content\/uploads\/2022\/11\/fx-protect-logo-white-background-ireland-64x26.jpg 64w\" sizes=\"auto, (max-width: 300px) 100vw, 300px\" \/><\/p>\n<div class=\"clear\"><\/div>\n<div class=\"grid_27 alpha omega \">\n<p id=\"good_links_wrapper_1406\">\n<\/div>\n","protected":false},"excerpt":{"rendered":"<p>FX Protect Fabric Care hydrophobic coating for textiles is a preparation for the protection of all types of textiles, convertible soft tops as well as nubuck, suede and alcantara. The product creates an invisible, hydrophobic, protective layer that protects the surface from the penetration of dirt, water and oily substances, as well as from harmful&hellip;<\/p>\n","protected":false},"featured_media":4340,"comment_status":"closed","ping_status":"closed","template":"","meta":[],"product_brand":[],"product_cat":[165,168],"product_tag":[],"class_list":{"0":"post-7134","1":"product","2":"type-product","3":"status-publish","4":"has-post-thumbnail","6":"product_cat-interior","7":"product_cat-plastics-and-textiles","8":"description-off","10":"first","11":"instock","12":"taxable","13":"shipping-taxable","14":"purchasable","15":"product-type-variable"},"yoast_head":"<!-- This site is optimized with the Yoast SEO plugin v27.3 - https:\/\/yoast.com\/product\/yoast-seo-wordpress\/ -->\n<title>FX Protect Fabric Care hydrophobic coating for textiles - Detail Spot<\/title>\n<meta name=\"description\" content=\"is a preparation for the protection of all types of textiles, convertible soft tops as well as nubuck, suede and alcantara\" \/>\n<meta name=\"robots\" content=\"index, follow, max-snippet:-1, max-image-preview:large, max-video-preview:-1\" \/>\n<link rel=\"canonical\" href=\"https:\/\/detailspot.lt\/en\/produktas\/fx-protect-fabric-care-hydrophobic-coating-for-textiles\/\" \/>\n<meta property=\"og:locale\" content=\"en_US\" \/>\n<meta property=\"og:type\" content=\"article\" \/>\n<meta property=\"og:title\" content=\"FX Protect Fabric Care hydrophobic coating for textiles - Detail Spot\" \/>\n<meta property=\"og:description\" content=\"is a preparation for the protection of all types of textiles, convertible soft tops as well as nubuck, suede and alcantara\" \/>\n<meta property=\"og:url\" content=\"https:\/\/detailspot.lt\/en\/produktas\/fx-protect-fabric-care-hydrophobic-coating-for-textiles\/\" \/>\n<meta property=\"og:site_name\" content=\"Detail Spot\" \/>\n<meta property=\"article:publisher\" content=\"https:\/\/www.facebook.com\/profile.php?id=100039208338156\" \/>\n<meta property=\"og:image\" content=\"https:\/\/detailspot.lt\/wp-content\/uploads\/2022\/12\/fx-protect-fabric-care-hidrofobine-danga-tekstilei-1.jpg\" \/>\n\t<meta property=\"og:image:width\" content=\"908\" \/>\n\t<meta property=\"og:image:height\" content=\"908\" \/>\n\t<meta property=\"og:image:type\" content=\"image\/jpeg\" \/>\n<meta name=\"twitter:card\" content=\"summary_large_image\" \/>\n<meta name=\"twitter:label1\" content=\"Est. reading time\" \/>\n\t<meta name=\"twitter:data1\" content=\"1 minute\" \/>\n<script type=\"application\/ld+json\" class=\"yoast-schema-graph\">{\"@context\":\"https:\\\/\\\/schema.org\",\"@graph\":[{\"@type\":\"WebPage\",\"@id\":\"https:\\\/\\\/detailspot.lt\\\/en\\\/produktas\\\/fx-protect-fabric-care-hydrophobic-coating-for-textiles\\\/\",\"url\":\"https:\\\/\\\/detailspot.lt\\\/en\\\/produktas\\\/fx-protect-fabric-care-hydrophobic-coating-for-textiles\\\/\",\"name\":\"FX Protect Fabric Care hydrophobic coating for textiles - Detail Spot\",\"isPartOf\":{\"@id\":\"https:\\\/\\\/detailspot.lt\\\/#website\"},\"primaryImageOfPage\":{\"@id\":\"https:\\\/\\\/detailspot.lt\\\/en\\\/produktas\\\/fx-protect-fabric-care-hydrophobic-coating-for-textiles\\\/#primaryimage\"},\"image\":{\"@id\":\"https:\\\/\\\/detailspot.lt\\\/en\\\/produktas\\\/fx-protect-fabric-care-hydrophobic-coating-for-textiles\\\/#primaryimage\"},\"thumbnailUrl\":\"https:\\\/\\\/detailspot.lt\\\/wp-content\\\/uploads\\\/2022\\\/12\\\/fx-protect-fabric-care-hidrofobine-danga-tekstilei-1.jpg\",\"datePublished\":\"2022-12-02T13:15:13+00:00\",\"description\":\"is a preparation for the protection of all types of textiles, convertible soft tops as well as nubuck, suede and alcantara\",\"breadcrumb\":{\"@id\":\"https:\\\/\\\/detailspot.lt\\\/en\\\/produktas\\\/fx-protect-fabric-care-hydrophobic-coating-for-textiles\\\/#breadcrumb\"},\"inLanguage\":\"en-US\",\"potentialAction\":[{\"@type\":\"ReadAction\",\"target\":[\"https:\\\/\\\/detailspot.lt\\\/en\\\/produktas\\\/fx-protect-fabric-care-hydrophobic-coating-for-textiles\\\/\"]}]},{\"@type\":\"ImageObject\",\"inLanguage\":\"en-US\",\"@id\":\"https:\\\/\\\/detailspot.lt\\\/en\\\/produktas\\\/fx-protect-fabric-care-hydrophobic-coating-for-textiles\\\/#primaryimage\",\"url\":\"https:\\\/\\\/detailspot.lt\\\/wp-content\\\/uploads\\\/2022\\\/12\\\/fx-protect-fabric-care-hidrofobine-danga-tekstilei-1.jpg\",\"contentUrl\":\"https:\\\/\\\/detailspot.lt\\\/wp-content\\\/uploads\\\/2022\\\/12\\\/fx-protect-fabric-care-hidrofobine-danga-tekstilei-1.jpg\",\"width\":908,\"height\":908},{\"@type\":\"BreadcrumbList\",\"@id\":\"https:\\\/\\\/detailspot.lt\\\/en\\\/produktas\\\/fx-protect-fabric-care-hydrophobic-coating-for-textiles\\\/#breadcrumb\",\"itemListElement\":[{\"@type\":\"ListItem\",\"position\":1,\"name\":\"Home\",\"item\":\"https:\\\/\\\/detailspot.lt\\\/en\\\/\"},{\"@type\":\"ListItem\",\"position\":2,\"name\":\"Shop\",\"item\":\"https:\\\/\\\/detailspot.lt\\\/en\\\/parduotuve\\\/\"},{\"@type\":\"ListItem\",\"position\":3,\"name\":\"FX Protect Fabric Care hydrophobic coating for textiles\"}]},{\"@type\":\"WebSite\",\"@id\":\"https:\\\/\\\/detailspot.lt\\\/#website\",\"url\":\"https:\\\/\\\/detailspot.lt\\\/\",\"name\":\"Detail Spot\",\"description\":\"Automobili\u0173 prie\u017ei\u016bros priemon\u0117s\",\"publisher\":{\"@id\":\"https:\\\/\\\/detailspot.lt\\\/#organization\"},\"potentialAction\":[{\"@type\":\"SearchAction\",\"target\":{\"@type\":\"EntryPoint\",\"urlTemplate\":\"https:\\\/\\\/detailspot.lt\\\/?s={search_term_string}\"},\"query-input\":{\"@type\":\"PropertyValueSpecification\",\"valueRequired\":true,\"valueName\":\"search_term_string\"}}],\"inLanguage\":\"en-US\"},{\"@type\":\"Organization\",\"@id\":\"https:\\\/\\\/detailspot.lt\\\/#organization\",\"name\":\"Detail Spot\",\"url\":\"https:\\\/\\\/detailspot.lt\\\/\",\"logo\":{\"@type\":\"ImageObject\",\"inLanguage\":\"en-US\",\"@id\":\"https:\\\/\\\/detailspot.lt\\\/#\\\/schema\\\/logo\\\/image\\\/\",\"url\":\"https:\\\/\\\/detailspot.lt\\\/wp-content\\\/uploads\\\/2022\\\/10\\\/logo-original.svg\",\"contentUrl\":\"https:\\\/\\\/detailspot.lt\\\/wp-content\\\/uploads\\\/2022\\\/10\\\/logo-original.svg\",\"width\":1,\"height\":1,\"caption\":\"Detail Spot\"},\"image\":{\"@id\":\"https:\\\/\\\/detailspot.lt\\\/#\\\/schema\\\/logo\\\/image\\\/\"},\"sameAs\":[\"https:\\\/\\\/www.facebook.com\\\/profile.php?id=100039208338156\"]}]}<\/script>\n<!-- \/ Yoast SEO plugin. -->","yoast_head_json":{"title":"FX Protect Fabric Care hydrophobic coating for textiles - Detail Spot","description":"is a preparation for the protection of all types of textiles, convertible soft tops as well as nubuck, suede and alcantara","robots":{"index":"index","follow":"follow","max-snippet":"max-snippet:-1","max-image-preview":"max-image-preview:large","max-video-preview":"max-video-preview:-1"},"canonical":"https:\/\/detailspot.lt\/en\/produktas\/fx-protect-fabric-care-hydrophobic-coating-for-textiles\/","og_locale":"en_US","og_type":"article","og_title":"FX Protect Fabric Care hydrophobic coating for textiles - Detail Spot","og_description":"is a preparation for the protection of all types of textiles, convertible soft tops as well as nubuck, suede and alcantara","og_url":"https:\/\/detailspot.lt\/en\/produktas\/fx-protect-fabric-care-hydrophobic-coating-for-textiles\/","og_site_name":"Detail Spot","article_publisher":"https:\/\/www.facebook.com\/profile.php?id=100039208338156","og_image":[{"width":908,"height":908,"url":"https:\/\/detailspot.lt\/wp-content\/uploads\/2022\/12\/fx-protect-fabric-care-hidrofobine-danga-tekstilei-1.jpg","type":"image\/jpeg"}],"twitter_card":"summary_large_image","twitter_misc":{"Est. reading time":"1 minute"},"schema":{"@context":"https:\/\/schema.org","@graph":[{"@type":"WebPage","@id":"https:\/\/detailspot.lt\/en\/produktas\/fx-protect-fabric-care-hydrophobic-coating-for-textiles\/","url":"https:\/\/detailspot.lt\/en\/produktas\/fx-protect-fabric-care-hydrophobic-coating-for-textiles\/","name":"FX Protect Fabric Care hydrophobic coating for textiles - Detail Spot","isPartOf":{"@id":"https:\/\/detailspot.lt\/#website"},"primaryImageOfPage":{"@id":"https:\/\/detailspot.lt\/en\/produktas\/fx-protect-fabric-care-hydrophobic-coating-for-textiles\/#primaryimage"},"image":{"@id":"https:\/\/detailspot.lt\/en\/produktas\/fx-protect-fabric-care-hydrophobic-coating-for-textiles\/#primaryimage"},"thumbnailUrl":"https:\/\/detailspot.lt\/wp-content\/uploads\/2022\/12\/fx-protect-fabric-care-hidrofobine-danga-tekstilei-1.jpg","datePublished":"2022-12-02T13:15:13+00:00","description":"is a preparation for the protection of all types of textiles, convertible soft tops as well as nubuck, suede and alcantara","breadcrumb":{"@id":"https:\/\/detailspot.lt\/en\/produktas\/fx-protect-fabric-care-hydrophobic-coating-for-textiles\/#breadcrumb"},"inLanguage":"en-US","potentialAction":[{"@type":"ReadAction","target":["https:\/\/detailspot.lt\/en\/produktas\/fx-protect-fabric-care-hydrophobic-coating-for-textiles\/"]}]},{"@type":"ImageObject","inLanguage":"en-US","@id":"https:\/\/detailspot.lt\/en\/produktas\/fx-protect-fabric-care-hydrophobic-coating-for-textiles\/#primaryimage","url":"https:\/\/detailspot.lt\/wp-content\/uploads\/2022\/12\/fx-protect-fabric-care-hidrofobine-danga-tekstilei-1.jpg","contentUrl":"https:\/\/detailspot.lt\/wp-content\/uploads\/2022\/12\/fx-protect-fabric-care-hidrofobine-danga-tekstilei-1.jpg","width":908,"height":908},{"@type":"BreadcrumbList","@id":"https:\/\/detailspot.lt\/en\/produktas\/fx-protect-fabric-care-hydrophobic-coating-for-textiles\/#breadcrumb","itemListElement":[{"@type":"ListItem","position":1,"name":"Home","item":"https:\/\/detailspot.lt\/en\/"},{"@type":"ListItem","position":2,"name":"Shop","item":"https:\/\/detailspot.lt\/en\/parduotuve\/"},{"@type":"ListItem","position":3,"name":"FX Protect Fabric Care hydrophobic coating for textiles"}]},{"@type":"WebSite","@id":"https:\/\/detailspot.lt\/#website","url":"https:\/\/detailspot.lt\/","name":"Detail Spot","description":"Automobili\u0173 prie\u017ei\u016bros priemon\u0117s","publisher":{"@id":"https:\/\/detailspot.lt\/#organization"},"potentialAction":[{"@type":"SearchAction","target":{"@type":"EntryPoint","urlTemplate":"https:\/\/detailspot.lt\/?s={search_term_string}"},"query-input":{"@type":"PropertyValueSpecification","valueRequired":true,"valueName":"search_term_string"}}],"inLanguage":"en-US"},{"@type":"Organization","@id":"https:\/\/detailspot.lt\/#organization","name":"Detail Spot","url":"https:\/\/detailspot.lt\/","logo":{"@type":"ImageObject","inLanguage":"en-US","@id":"https:\/\/detailspot.lt\/#\/schema\/logo\/image\/","url":"https:\/\/detailspot.lt\/wp-content\/uploads\/2022\/10\/logo-original.svg","contentUrl":"https:\/\/detailspot.lt\/wp-content\/uploads\/2022\/10\/logo-original.svg","width":1,"height":1,"caption":"Detail Spot"},"image":{"@id":"https:\/\/detailspot.lt\/#\/schema\/logo\/image\/"},"sameAs":["https:\/\/www.facebook.com\/profile.php?id=100039208338156"]}]}},"_links":{"self":[{"href":"https:\/\/detailspot.lt\/en\/wp-json\/wp\/v2\/product\/7134","targetHints":{"allow":["GET"]}}],"collection":[{"href":"https:\/\/detailspot.lt\/en\/wp-json\/wp\/v2\/product"}],"about":[{"href":"https:\/\/detailspot.lt\/en\/wp-json\/wp\/v2\/types\/product"}],"replies":[{"embeddable":true,"href":"https:\/\/detailspot.lt\/en\/wp-json\/wp\/v2\/comments?post=7134"}],"wp:featuredmedia":[{"embeddable":true,"href":"https:\/\/detailspot.lt\/en\/wp-json\/wp\/v2\/media\/4340"}],"wp:attachment":[{"href":"https:\/\/detailspot.lt\/en\/wp-json\/wp\/v2\/media?parent=7134"}],"wp:term":[{"taxonomy":"product_brand","embeddable":true,"href":"https:\/\/detailspot.lt\/en\/wp-json\/wp\/v2\/product_brand?post=7134"},{"taxonomy":"product_cat","embeddable":true,"href":"https:\/\/detailspot.lt\/en\/wp-json\/wp\/v2\/product_cat?post=7134"},{"taxonomy":"product_tag","embeddable":true,"href":"https:\/\/detailspot.lt\/en\/wp-json\/wp\/v2\/product_tag?post=7134"}],"curies":[{"name":"wp","href":"https:\/\/api.w.org\/{rel}","templated":true}]}}