{"id":7089,"date":"2022-12-02T15:14:18","date_gmt":"2022-12-02T13:14:18","guid":{"rendered":"https:\/\/detailspot.lt\/produktas\/carpro-ironx-metal-dust-remover\/"},"modified":"2022-12-02T15:14:18","modified_gmt":"2022-12-02T13:14:18","slug":"carpro-ironx-metal-dust-remover","status":"publish","type":"product","link":"https:\/\/detailspot.lt\/en\/produktas\/carpro-ironx-metal-dust-remover\/","title":{"rendered":"CarPro IronX metal dust remover"},"content":{"rendered":"<div class=\"right\">\n<h1 id=\"translatedtext\" class=\"query-input\"><strong>CarPro IronX metal dust remover<\/strong><\/h1>\n<div class=\"query-input\">CARPRO IronX is a highly effective, non-acidic and pH-balanced metal plaque remover. &#8220;Using IronX saves you time and avoids the car clay cleaning process used in traditional car care regimes. This CARPRO IronX formula is safe and effective for use on all car surfaces. Chemical compounds and black particles (particles containing iron) in the air actually penetrate the paint\/varnish and create corrosive compounds that burrow deep into the paint\/varnish layers. It is a gradual process that is not obvious until it is too late. IronX contains unique chemical ingredients that effectively dissolve sintered iron to form a water-soluble iron complex.<\/div>\n<div><\/div>\n<\/div>\n<div>\n<p><strong>Characteristics:<\/strong><\/p>\n<ol>\n<li>pH-neutral<\/li>\n<li>Removes metal particles<\/li>\n<li>Cherry scent<\/li>\n<li>Can be used on lacquered body surfaces, aluminium, chrome and lacquered rims<\/li>\n<li>Can be used on all hard surfaces (avoid use on textiles)<\/li>\n<\/ol>\n<p><strong>Application:<\/strong><\/p>\n<ol>\n<li>Shake the container<\/li>\n<li>Coat the surface with the product<\/li>\n<li>Allow the product to work for 5min, but do not let it dry.<\/li>\n<li>Rub the product with a brush or sponge<\/li>\n<li>Rinse the surface<\/li>\n<\/ol>\n<\/div>\n<div><\/div>\n<div><\/div>\n<div style=\"text-align: center;\"><img loading=\"lazy\" decoding=\"async\" class=\"alignnone size-medium wp-image-1094\" src=\"https:\/\/detailspot.lt\/wp-content\/uploads\/2022\/11\/Carpro_Logo-e1669668109412-300x62.png\" alt=\"\" width=\"300\" height=\"62\" srcset=\"https:\/\/detailspot.lt\/wp-content\/uploads\/2022\/11\/Carpro_Logo-e1669668109412-300x62.png 300w, https:\/\/detailspot.lt\/wp-content\/uploads\/2022\/11\/Carpro_Logo-e1669668109412-768x160.png 768w, https:\/\/detailspot.lt\/wp-content\/uploads\/2022\/11\/Carpro_Logo-e1669668109412-600x125.png 600w, https:\/\/detailspot.lt\/wp-content\/uploads\/2022\/11\/Carpro_Logo-e1669668109412-64x13.png 64w, https:\/\/detailspot.lt\/wp-content\/uploads\/2022\/11\/Carpro_Logo-e1669668109412.png 1000w\" sizes=\"auto, (max-width: 300px) 100vw, 300px\" \/><\/div>\n<div><\/div>\n<div><\/div>\n","protected":false},"excerpt":{"rendered":"<p>CarPro IronX metal dust remover CARPRO IronX is a highly effective, non-acidic and pH-balanced metal plaque remover. &#8220;Using IronX saves you time and avoids the car clay cleaning process used in traditional car care regimes. This CARPRO IronX formula is safe and effective for use on all car surfaces. Chemical compounds and black particles (particles&hellip;<\/p>\n","protected":false},"featured_media":3804,"comment_status":"closed","ping_status":"closed","template":"","meta":[],"product_brand":[],"product_cat":[160,162,177],"product_tag":[254,263,264],"class_list":{"0":"post-7089","1":"product","2":"type-product","3":"status-publish","4":"has-post-thumbnail","6":"product_cat-exterior","7":"product_cat-surface-preparation","8":"product_cat-wheel-care","9":"product_tag-carpro-en","10":"product_tag-iron-remover-en","11":"product_tag-wheel-cleaner-en","12":"description-off","14":"first","15":"instock","16":"taxable","17":"shipping-taxable","18":"purchasable","19":"product-type-variable"},"yoast_head":"<!-- This site is optimized with the Yoast SEO plugin v27.4 - https:\/\/yoast.com\/product\/yoast-seo-wordpress\/ -->\n<title>CarPro IronX metal dust remover - Detail Spot<\/title>\n<meta name=\"description\" content=\"&quot;Using IronX saves you time and avoids the car clay cleaning process used in traditional car care regimes.\" \/>\n<meta name=\"robots\" content=\"index, follow, max-snippet:-1, max-image-preview:large, max-video-preview:-1\" \/>\n<link rel=\"canonical\" href=\"https:\/\/detailspot.lt\/en\/produktas\/carpro-ironx-metal-dust-remover\/\" \/>\n<meta property=\"og:locale\" content=\"en_US\" \/>\n<meta property=\"og:type\" content=\"article\" \/>\n<meta property=\"og:title\" content=\"CarPro IronX metal dust remover - Detail Spot\" \/>\n<meta property=\"og:description\" content=\"&quot;Using IronX saves you time and avoids the car clay cleaning process used in traditional car care regimes.\" \/>\n<meta property=\"og:url\" content=\"https:\/\/detailspot.lt\/en\/produktas\/carpro-ironx-metal-dust-remover\/\" \/>\n<meta property=\"og:site_name\" content=\"Detail Spot\" \/>\n<meta property=\"article:publisher\" content=\"https:\/\/www.facebook.com\/profile.php?id=100039208338156\" \/>\n<meta property=\"og:image\" content=\"https:\/\/detailspot.lt\/wp-content\/uploads\/2022\/12\/carpro-ironx-metalo-dulkiu-valiklis-1-1.jpg\" \/>\n\t<meta property=\"og:image:width\" content=\"1188\" \/>\n\t<meta property=\"og:image:height\" content=\"1188\" \/>\n\t<meta property=\"og:image:type\" content=\"image\/jpeg\" \/>\n<meta name=\"twitter:card\" content=\"summary_large_image\" \/>\n<meta name=\"twitter:label1\" content=\"Est. reading time\" \/>\n\t<meta name=\"twitter:data1\" content=\"1 minute\" \/>\n<script type=\"application\/ld+json\" class=\"yoast-schema-graph\">{\"@context\":\"https:\\\/\\\/schema.org\",\"@graph\":[{\"@type\":\"WebPage\",\"@id\":\"https:\\\/\\\/detailspot.lt\\\/en\\\/produktas\\\/carpro-ironx-metal-dust-remover\\\/\",\"url\":\"https:\\\/\\\/detailspot.lt\\\/en\\\/produktas\\\/carpro-ironx-metal-dust-remover\\\/\",\"name\":\"CarPro IronX metal dust remover - Detail Spot\",\"isPartOf\":{\"@id\":\"https:\\\/\\\/detailspot.lt\\\/#website\"},\"primaryImageOfPage\":{\"@id\":\"https:\\\/\\\/detailspot.lt\\\/en\\\/produktas\\\/carpro-ironx-metal-dust-remover\\\/#primaryimage\"},\"image\":{\"@id\":\"https:\\\/\\\/detailspot.lt\\\/en\\\/produktas\\\/carpro-ironx-metal-dust-remover\\\/#primaryimage\"},\"thumbnailUrl\":\"https:\\\/\\\/detailspot.lt\\\/wp-content\\\/uploads\\\/2022\\\/12\\\/carpro-ironx-metalo-dulkiu-valiklis-1-1.jpg\",\"datePublished\":\"2022-12-02T13:14:18+00:00\",\"description\":\"\\\"Using IronX saves you time and avoids the car clay cleaning process used in traditional car care regimes.\",\"breadcrumb\":{\"@id\":\"https:\\\/\\\/detailspot.lt\\\/en\\\/produktas\\\/carpro-ironx-metal-dust-remover\\\/#breadcrumb\"},\"inLanguage\":\"en-US\",\"potentialAction\":[{\"@type\":\"ReadAction\",\"target\":[\"https:\\\/\\\/detailspot.lt\\\/en\\\/produktas\\\/carpro-ironx-metal-dust-remover\\\/\"]}]},{\"@type\":\"ImageObject\",\"inLanguage\":\"en-US\",\"@id\":\"https:\\\/\\\/detailspot.lt\\\/en\\\/produktas\\\/carpro-ironx-metal-dust-remover\\\/#primaryimage\",\"url\":\"https:\\\/\\\/detailspot.lt\\\/wp-content\\\/uploads\\\/2022\\\/12\\\/carpro-ironx-metalo-dulkiu-valiklis-1-1.jpg\",\"contentUrl\":\"https:\\\/\\\/detailspot.lt\\\/wp-content\\\/uploads\\\/2022\\\/12\\\/carpro-ironx-metalo-dulkiu-valiklis-1-1.jpg\",\"width\":1188,\"height\":1188},{\"@type\":\"BreadcrumbList\",\"@id\":\"https:\\\/\\\/detailspot.lt\\\/en\\\/produktas\\\/carpro-ironx-metal-dust-remover\\\/#breadcrumb\",\"itemListElement\":[{\"@type\":\"ListItem\",\"position\":1,\"name\":\"Home\",\"item\":\"https:\\\/\\\/detailspot.lt\\\/en\\\/\"},{\"@type\":\"ListItem\",\"position\":2,\"name\":\"Shop\",\"item\":\"https:\\\/\\\/detailspot.lt\\\/en\\\/parduotuve\\\/\"},{\"@type\":\"ListItem\",\"position\":3,\"name\":\"CarPro IronX metal dust remover\"}]},{\"@type\":\"WebSite\",\"@id\":\"https:\\\/\\\/detailspot.lt\\\/#website\",\"url\":\"https:\\\/\\\/detailspot.lt\\\/\",\"name\":\"Detail Spot\",\"description\":\"Automobili\u0173 prie\u017ei\u016bros priemon\u0117s\",\"publisher\":{\"@id\":\"https:\\\/\\\/detailspot.lt\\\/#organization\"},\"potentialAction\":[{\"@type\":\"SearchAction\",\"target\":{\"@type\":\"EntryPoint\",\"urlTemplate\":\"https:\\\/\\\/detailspot.lt\\\/?s={search_term_string}\"},\"query-input\":{\"@type\":\"PropertyValueSpecification\",\"valueRequired\":true,\"valueName\":\"search_term_string\"}}],\"inLanguage\":\"en-US\"},{\"@type\":\"Organization\",\"@id\":\"https:\\\/\\\/detailspot.lt\\\/#organization\",\"name\":\"Detail Spot\",\"url\":\"https:\\\/\\\/detailspot.lt\\\/\",\"logo\":{\"@type\":\"ImageObject\",\"inLanguage\":\"en-US\",\"@id\":\"https:\\\/\\\/detailspot.lt\\\/#\\\/schema\\\/logo\\\/image\\\/\",\"url\":\"https:\\\/\\\/detailspot.lt\\\/wp-content\\\/uploads\\\/2022\\\/10\\\/logo-original.svg\",\"contentUrl\":\"https:\\\/\\\/detailspot.lt\\\/wp-content\\\/uploads\\\/2022\\\/10\\\/logo-original.svg\",\"width\":1,\"height\":1,\"caption\":\"Detail Spot\"},\"image\":{\"@id\":\"https:\\\/\\\/detailspot.lt\\\/#\\\/schema\\\/logo\\\/image\\\/\"},\"sameAs\":[\"https:\\\/\\\/www.facebook.com\\\/profile.php?id=100039208338156\"]}]}<\/script>\n<!-- \/ Yoast SEO plugin. -->","yoast_head_json":{"title":"CarPro IronX metal dust remover - Detail Spot","description":"\"Using IronX saves you time and avoids the car clay cleaning process used in traditional car care regimes.","robots":{"index":"index","follow":"follow","max-snippet":"max-snippet:-1","max-image-preview":"max-image-preview:large","max-video-preview":"max-video-preview:-1"},"canonical":"https:\/\/detailspot.lt\/en\/produktas\/carpro-ironx-metal-dust-remover\/","og_locale":"en_US","og_type":"article","og_title":"CarPro IronX metal dust remover - Detail Spot","og_description":"\"Using IronX saves you time and avoids the car clay cleaning process used in traditional car care regimes.","og_url":"https:\/\/detailspot.lt\/en\/produktas\/carpro-ironx-metal-dust-remover\/","og_site_name":"Detail Spot","article_publisher":"https:\/\/www.facebook.com\/profile.php?id=100039208338156","og_image":[{"width":1188,"height":1188,"url":"https:\/\/detailspot.lt\/wp-content\/uploads\/2022\/12\/carpro-ironx-metalo-dulkiu-valiklis-1-1.jpg","type":"image\/jpeg"}],"twitter_card":"summary_large_image","twitter_misc":{"Est. reading time":"1 minute"},"schema":{"@context":"https:\/\/schema.org","@graph":[{"@type":"WebPage","@id":"https:\/\/detailspot.lt\/en\/produktas\/carpro-ironx-metal-dust-remover\/","url":"https:\/\/detailspot.lt\/en\/produktas\/carpro-ironx-metal-dust-remover\/","name":"CarPro IronX metal dust remover - Detail Spot","isPartOf":{"@id":"https:\/\/detailspot.lt\/#website"},"primaryImageOfPage":{"@id":"https:\/\/detailspot.lt\/en\/produktas\/carpro-ironx-metal-dust-remover\/#primaryimage"},"image":{"@id":"https:\/\/detailspot.lt\/en\/produktas\/carpro-ironx-metal-dust-remover\/#primaryimage"},"thumbnailUrl":"https:\/\/detailspot.lt\/wp-content\/uploads\/2022\/12\/carpro-ironx-metalo-dulkiu-valiklis-1-1.jpg","datePublished":"2022-12-02T13:14:18+00:00","description":"\"Using IronX saves you time and avoids the car clay cleaning process used in traditional car care regimes.","breadcrumb":{"@id":"https:\/\/detailspot.lt\/en\/produktas\/carpro-ironx-metal-dust-remover\/#breadcrumb"},"inLanguage":"en-US","potentialAction":[{"@type":"ReadAction","target":["https:\/\/detailspot.lt\/en\/produktas\/carpro-ironx-metal-dust-remover\/"]}]},{"@type":"ImageObject","inLanguage":"en-US","@id":"https:\/\/detailspot.lt\/en\/produktas\/carpro-ironx-metal-dust-remover\/#primaryimage","url":"https:\/\/detailspot.lt\/wp-content\/uploads\/2022\/12\/carpro-ironx-metalo-dulkiu-valiklis-1-1.jpg","contentUrl":"https:\/\/detailspot.lt\/wp-content\/uploads\/2022\/12\/carpro-ironx-metalo-dulkiu-valiklis-1-1.jpg","width":1188,"height":1188},{"@type":"BreadcrumbList","@id":"https:\/\/detailspot.lt\/en\/produktas\/carpro-ironx-metal-dust-remover\/#breadcrumb","itemListElement":[{"@type":"ListItem","position":1,"name":"Home","item":"https:\/\/detailspot.lt\/en\/"},{"@type":"ListItem","position":2,"name":"Shop","item":"https:\/\/detailspot.lt\/en\/parduotuve\/"},{"@type":"ListItem","position":3,"name":"CarPro IronX metal dust remover"}]},{"@type":"WebSite","@id":"https:\/\/detailspot.lt\/#website","url":"https:\/\/detailspot.lt\/","name":"Detail Spot","description":"Automobili\u0173 prie\u017ei\u016bros priemon\u0117s","publisher":{"@id":"https:\/\/detailspot.lt\/#organization"},"potentialAction":[{"@type":"SearchAction","target":{"@type":"EntryPoint","urlTemplate":"https:\/\/detailspot.lt\/?s={search_term_string}"},"query-input":{"@type":"PropertyValueSpecification","valueRequired":true,"valueName":"search_term_string"}}],"inLanguage":"en-US"},{"@type":"Organization","@id":"https:\/\/detailspot.lt\/#organization","name":"Detail Spot","url":"https:\/\/detailspot.lt\/","logo":{"@type":"ImageObject","inLanguage":"en-US","@id":"https:\/\/detailspot.lt\/#\/schema\/logo\/image\/","url":"https:\/\/detailspot.lt\/wp-content\/uploads\/2022\/10\/logo-original.svg","contentUrl":"https:\/\/detailspot.lt\/wp-content\/uploads\/2022\/10\/logo-original.svg","width":1,"height":1,"caption":"Detail Spot"},"image":{"@id":"https:\/\/detailspot.lt\/#\/schema\/logo\/image\/"},"sameAs":["https:\/\/www.facebook.com\/profile.php?id=100039208338156"]}]}},"_links":{"self":[{"href":"https:\/\/detailspot.lt\/en\/wp-json\/wp\/v2\/product\/7089","targetHints":{"allow":["GET"]}}],"collection":[{"href":"https:\/\/detailspot.lt\/en\/wp-json\/wp\/v2\/product"}],"about":[{"href":"https:\/\/detailspot.lt\/en\/wp-json\/wp\/v2\/types\/product"}],"replies":[{"embeddable":true,"href":"https:\/\/detailspot.lt\/en\/wp-json\/wp\/v2\/comments?post=7089"}],"wp:featuredmedia":[{"embeddable":true,"href":"https:\/\/detailspot.lt\/en\/wp-json\/wp\/v2\/media\/3804"}],"wp:attachment":[{"href":"https:\/\/detailspot.lt\/en\/wp-json\/wp\/v2\/media?parent=7089"}],"wp:term":[{"taxonomy":"product_brand","embeddable":true,"href":"https:\/\/detailspot.lt\/en\/wp-json\/wp\/v2\/product_brand?post=7089"},{"taxonomy":"product_cat","embeddable":true,"href":"https:\/\/detailspot.lt\/en\/wp-json\/wp\/v2\/product_cat?post=7089"},{"taxonomy":"product_tag","embeddable":true,"href":"https:\/\/detailspot.lt\/en\/wp-json\/wp\/v2\/product_tag?post=7089"}],"curies":[{"name":"wp","href":"https:\/\/api.w.org\/{rel}","templated":true}]}}