{"id":7082,"date":"2022-12-02T15:15:20","date_gmt":"2022-12-02T13:15:20","guid":{"rendered":"https:\/\/detailspot.lt\/produktas\/poka-premium-double-polishing-tool-holder\/"},"modified":"2022-12-02T15:15:20","modified_gmt":"2022-12-02T13:15:20","slug":"poka-premium-double-polishing-tool-holder","status":"publish","type":"product","link":"https:\/\/detailspot.lt\/en\/produktas\/poka-premium-double-polishing-tool-holder\/","title":{"rendered":"Poka Premium Double Polishing Tool Holder"},"content":{"rendered":"<p><strong>Poka Premium Double Polishing Tool Holder &#8211;<\/strong>designed to reliable store two polishers. The hook at the bottom of the holder is for neatly hanging the cable. The holder is laser-cut from 1.5mm thick metal which is powder-coated to ensure durability. The holder is designed for wall mounting.<\/p>\n<p>&nbsp;<\/p>\n<p>&nbsp;<\/p>\n<p style=\"text-align: center;\"><img loading=\"lazy\" decoding=\"async\" class=\"alignnone size-full wp-image-2643\" src=\"https:\/\/detailspot.lt\/wp-content\/uploads\/2022\/12\/Poka_logo.jpg\" alt=\"\" width=\"190\" height=\"276\" srcset=\"https:\/\/detailspot.lt\/wp-content\/uploads\/2022\/12\/Poka_logo.jpg 190w, https:\/\/detailspot.lt\/wp-content\/uploads\/2022\/12\/Poka_logo-64x93.jpg 64w\" sizes=\"auto, (max-width: 190px) 100vw, 190px\" \/><\/p>\n","protected":false},"excerpt":{"rendered":"<p>Poka Premium Double Polishing Tool Holder &#8211;designed to reliable store two polishers. The hook at the bottom of the holder is for neatly hanging the cable. The holder is laser-cut from 1.5mm thick metal which is powder-coated to ensure durability. The holder is designed for wall mounting. &nbsp; &nbsp;<\/p>\n","protected":false},"featured_media":4217,"comment_status":"closed","ping_status":"closed","template":"","meta":[],"product_brand":[],"product_cat":[182,179],"product_tag":[],"class_list":{"0":"post-7082","1":"product","2":"type-product","3":"status-publish","4":"has-post-thumbnail","6":"product_cat-poka-premium-en","7":"product_cat-tools","8":"description-off","10":"first","11":"onbackorder","12":"sale","13":"taxable","14":"shipping-taxable","15":"purchasable","16":"product-type-simple"},"yoast_head":"<!-- This site is optimized with the Yoast SEO plugin v27.2 - https:\/\/yoast.com\/product\/yoast-seo-wordpress\/ -->\n<title>Poka Premium Double Polishing Tool Holder - Detail Spot<\/title>\n<meta name=\"robots\" content=\"index, follow, max-snippet:-1, max-image-preview:large, max-video-preview:-1\" \/>\n<link rel=\"canonical\" href=\"https:\/\/detailspot.lt\/produktas\/poka-premium-double-polishing-tool-holder\/\" \/>\n<meta property=\"og:locale\" content=\"en_US\" \/>\n<meta property=\"og:type\" content=\"article\" \/>\n<meta property=\"og:title\" content=\"Poka Premium Double Polishing Tool Holder - Detail Spot\" \/>\n<meta property=\"og:description\" content=\"Poka Premium Double Polishing Tool Holder &#8211;designed to reliable store two polishers. The hook at the bottom of the holder is for neatly hanging the cable. The holder is laser-cut from 1.5mm thick metal which is powder-coated to ensure durability. The holder is designed for wall mounting. &nbsp; &nbsp;\" \/>\n<meta property=\"og:url\" content=\"https:\/\/detailspot.lt\/produktas\/poka-premium-double-polishing-tool-holder\/\" \/>\n<meta property=\"og:site_name\" content=\"Detail Spot\" \/>\n<meta property=\"article:publisher\" content=\"https:\/\/www.facebook.com\/profile.php?id=100039208338156\" \/>\n<meta property=\"og:image\" content=\"https:\/\/detailspot.lt\/wp-content\/uploads\/2022\/12\/Poka_logo.jpg\" \/>\n<meta name=\"twitter:card\" content=\"summary_large_image\" \/>\n<script type=\"application\/ld+json\" class=\"yoast-schema-graph\">{\"@context\":\"https:\/\/schema.org\",\"@graph\":[{\"@type\":\"WebPage\",\"@id\":\"https:\/\/detailspot.lt\/produktas\/poka-premium-double-polishing-tool-holder\/\",\"url\":\"https:\/\/detailspot.lt\/produktas\/poka-premium-double-polishing-tool-holder\/\",\"name\":\"Poka Premium Double Polishing Tool Holder - Detail Spot\",\"isPartOf\":{\"@id\":\"https:\/\/detailspot.lt\/#website\"},\"primaryImageOfPage\":{\"@id\":\"https:\/\/detailspot.lt\/produktas\/poka-premium-double-polishing-tool-holder\/#primaryimage\"},\"image\":{\"@id\":\"https:\/\/detailspot.lt\/produktas\/poka-premium-double-polishing-tool-holder\/#primaryimage\"},\"thumbnailUrl\":\"https:\/\/detailspot.lt\/wp-content\/uploads\/2022\/12\/poka-premium-double-polisher-holder-4.jpg\",\"datePublished\":\"2022-12-02T13:15:20+00:00\",\"breadcrumb\":{\"@id\":\"https:\/\/detailspot.lt\/produktas\/poka-premium-double-polishing-tool-holder\/#breadcrumb\"},\"inLanguage\":\"en-US\",\"potentialAction\":[{\"@type\":\"ReadAction\",\"target\":[\"https:\/\/detailspot.lt\/produktas\/poka-premium-double-polishing-tool-holder\/\"]}]},{\"@type\":\"ImageObject\",\"inLanguage\":\"en-US\",\"@id\":\"https:\/\/detailspot.lt\/produktas\/poka-premium-double-polishing-tool-holder\/#primaryimage\",\"url\":\"https:\/\/detailspot.lt\/wp-content\/uploads\/2022\/12\/poka-premium-double-polisher-holder-4.jpg\",\"contentUrl\":\"https:\/\/detailspot.lt\/wp-content\/uploads\/2022\/12\/poka-premium-double-polisher-holder-4.jpg\",\"width\":1188,\"height\":1188},{\"@type\":\"BreadcrumbList\",\"@id\":\"https:\/\/detailspot.lt\/produktas\/poka-premium-double-polishing-tool-holder\/#breadcrumb\",\"itemListElement\":[{\"@type\":\"ListItem\",\"position\":1,\"name\":\"Home\",\"item\":\"https:\/\/detailspot.lt\/en\/\"},{\"@type\":\"ListItem\",\"position\":2,\"name\":\"Shop\",\"item\":\"https:\/\/detailspot.lt\/en\/parduotuve\/\"},{\"@type\":\"ListItem\",\"position\":3,\"name\":\"Poka Premium Double Polishing Tool Holder\"}]},{\"@type\":\"WebSite\",\"@id\":\"https:\/\/detailspot.lt\/#website\",\"url\":\"https:\/\/detailspot.lt\/\",\"name\":\"Detail Spot\",\"description\":\"Automobili\u0173 prie\u017ei\u016bros priemon\u0117s\",\"publisher\":{\"@id\":\"https:\/\/detailspot.lt\/#organization\"},\"potentialAction\":[{\"@type\":\"SearchAction\",\"target\":{\"@type\":\"EntryPoint\",\"urlTemplate\":\"https:\/\/detailspot.lt\/?s={search_term_string}\"},\"query-input\":{\"@type\":\"PropertyValueSpecification\",\"valueRequired\":true,\"valueName\":\"search_term_string\"}}],\"inLanguage\":\"en-US\"},{\"@type\":\"Organization\",\"@id\":\"https:\/\/detailspot.lt\/#organization\",\"name\":\"Detail Spot\",\"url\":\"https:\/\/detailspot.lt\/\",\"logo\":{\"@type\":\"ImageObject\",\"inLanguage\":\"en-US\",\"@id\":\"https:\/\/detailspot.lt\/#\/schema\/logo\/image\/\",\"url\":\"https:\/\/detailspot.lt\/wp-content\/uploads\/2022\/10\/logo-original.svg\",\"contentUrl\":\"https:\/\/detailspot.lt\/wp-content\/uploads\/2022\/10\/logo-original.svg\",\"width\":1,\"height\":1,\"caption\":\"Detail Spot\"},\"image\":{\"@id\":\"https:\/\/detailspot.lt\/#\/schema\/logo\/image\/\"},\"sameAs\":[\"https:\/\/www.facebook.com\/profile.php?id=100039208338156\"]}]}<\/script>\n<!-- \/ Yoast SEO plugin. -->","yoast_head_json":{"title":"Poka Premium Double Polishing Tool Holder - Detail Spot","robots":{"index":"index","follow":"follow","max-snippet":"max-snippet:-1","max-image-preview":"max-image-preview:large","max-video-preview":"max-video-preview:-1"},"canonical":"https:\/\/detailspot.lt\/produktas\/poka-premium-double-polishing-tool-holder\/","og_locale":"en_US","og_type":"article","og_title":"Poka Premium Double Polishing Tool Holder - Detail Spot","og_description":"Poka Premium Double Polishing Tool Holder &#8211;designed to reliable store two polishers. The hook at the bottom of the holder is for neatly hanging the cable. The holder is laser-cut from 1.5mm thick metal which is powder-coated to ensure durability. The holder is designed for wall mounting. &nbsp; &nbsp;","og_url":"https:\/\/detailspot.lt\/produktas\/poka-premium-double-polishing-tool-holder\/","og_site_name":"Detail Spot","article_publisher":"https:\/\/www.facebook.com\/profile.php?id=100039208338156","og_image":[{"url":"https:\/\/detailspot.lt\/wp-content\/uploads\/2022\/12\/Poka_logo.jpg","type":"","width":"","height":""}],"twitter_card":"summary_large_image","schema":{"@context":"https:\/\/schema.org","@graph":[{"@type":"WebPage","@id":"https:\/\/detailspot.lt\/produktas\/poka-premium-double-polishing-tool-holder\/","url":"https:\/\/detailspot.lt\/produktas\/poka-premium-double-polishing-tool-holder\/","name":"Poka Premium Double Polishing Tool Holder - Detail Spot","isPartOf":{"@id":"https:\/\/detailspot.lt\/#website"},"primaryImageOfPage":{"@id":"https:\/\/detailspot.lt\/produktas\/poka-premium-double-polishing-tool-holder\/#primaryimage"},"image":{"@id":"https:\/\/detailspot.lt\/produktas\/poka-premium-double-polishing-tool-holder\/#primaryimage"},"thumbnailUrl":"https:\/\/detailspot.lt\/wp-content\/uploads\/2022\/12\/poka-premium-double-polisher-holder-4.jpg","datePublished":"2022-12-02T13:15:20+00:00","breadcrumb":{"@id":"https:\/\/detailspot.lt\/produktas\/poka-premium-double-polishing-tool-holder\/#breadcrumb"},"inLanguage":"en-US","potentialAction":[{"@type":"ReadAction","target":["https:\/\/detailspot.lt\/produktas\/poka-premium-double-polishing-tool-holder\/"]}]},{"@type":"ImageObject","inLanguage":"en-US","@id":"https:\/\/detailspot.lt\/produktas\/poka-premium-double-polishing-tool-holder\/#primaryimage","url":"https:\/\/detailspot.lt\/wp-content\/uploads\/2022\/12\/poka-premium-double-polisher-holder-4.jpg","contentUrl":"https:\/\/detailspot.lt\/wp-content\/uploads\/2022\/12\/poka-premium-double-polisher-holder-4.jpg","width":1188,"height":1188},{"@type":"BreadcrumbList","@id":"https:\/\/detailspot.lt\/produktas\/poka-premium-double-polishing-tool-holder\/#breadcrumb","itemListElement":[{"@type":"ListItem","position":1,"name":"Home","item":"https:\/\/detailspot.lt\/en\/"},{"@type":"ListItem","position":2,"name":"Shop","item":"https:\/\/detailspot.lt\/en\/parduotuve\/"},{"@type":"ListItem","position":3,"name":"Poka Premium Double Polishing Tool Holder"}]},{"@type":"WebSite","@id":"https:\/\/detailspot.lt\/#website","url":"https:\/\/detailspot.lt\/","name":"Detail Spot","description":"Automobili\u0173 prie\u017ei\u016bros priemon\u0117s","publisher":{"@id":"https:\/\/detailspot.lt\/#organization"},"potentialAction":[{"@type":"SearchAction","target":{"@type":"EntryPoint","urlTemplate":"https:\/\/detailspot.lt\/?s={search_term_string}"},"query-input":{"@type":"PropertyValueSpecification","valueRequired":true,"valueName":"search_term_string"}}],"inLanguage":"en-US"},{"@type":"Organization","@id":"https:\/\/detailspot.lt\/#organization","name":"Detail Spot","url":"https:\/\/detailspot.lt\/","logo":{"@type":"ImageObject","inLanguage":"en-US","@id":"https:\/\/detailspot.lt\/#\/schema\/logo\/image\/","url":"https:\/\/detailspot.lt\/wp-content\/uploads\/2022\/10\/logo-original.svg","contentUrl":"https:\/\/detailspot.lt\/wp-content\/uploads\/2022\/10\/logo-original.svg","width":1,"height":1,"caption":"Detail Spot"},"image":{"@id":"https:\/\/detailspot.lt\/#\/schema\/logo\/image\/"},"sameAs":["https:\/\/www.facebook.com\/profile.php?id=100039208338156"]}]}},"_links":{"self":[{"href":"https:\/\/detailspot.lt\/en\/wp-json\/wp\/v2\/product\/7082","targetHints":{"allow":["GET"]}}],"collection":[{"href":"https:\/\/detailspot.lt\/en\/wp-json\/wp\/v2\/product"}],"about":[{"href":"https:\/\/detailspot.lt\/en\/wp-json\/wp\/v2\/types\/product"}],"replies":[{"embeddable":true,"href":"https:\/\/detailspot.lt\/en\/wp-json\/wp\/v2\/comments?post=7082"}],"wp:featuredmedia":[{"embeddable":true,"href":"https:\/\/detailspot.lt\/en\/wp-json\/wp\/v2\/media\/4217"}],"wp:attachment":[{"href":"https:\/\/detailspot.lt\/en\/wp-json\/wp\/v2\/media?parent=7082"}],"wp:term":[{"taxonomy":"product_brand","embeddable":true,"href":"https:\/\/detailspot.lt\/en\/wp-json\/wp\/v2\/product_brand?post=7082"},{"taxonomy":"product_cat","embeddable":true,"href":"https:\/\/detailspot.lt\/en\/wp-json\/wp\/v2\/product_cat?post=7082"},{"taxonomy":"product_tag","embeddable":true,"href":"https:\/\/detailspot.lt\/en\/wp-json\/wp\/v2\/product_tag?post=7082"}],"curies":[{"name":"wp","href":"https:\/\/api.w.org\/{rel}","templated":true}]}}