{"id":7065,"date":"2022-12-02T15:15:21","date_gmt":"2022-12-02T13:15:21","guid":{"rendered":"https:\/\/detailspot.lt\/produktas\/air-compressor-100l-380v-strom-with-kit\/"},"modified":"2022-12-02T15:15:21","modified_gmt":"2022-12-02T13:15:21","slug":"air-compressor-100l-380v-strom-with-kit","status":"publish","type":"product","link":"https:\/\/detailspot.lt\/en\/produktas\/air-compressor-100l-380v-strom-with-kit\/","title":{"rendered":"AIR COMPRESSOR 100L, 380V STROM WITH KIT"},"content":{"rendered":"<p><strong>Air compressor 100L, 380V STROM with kit<\/strong><\/p>\n<p>The belt-driven piston\/oil compressor is suitable for professional heavy-duty applications.<\/p>\n<p>Power supply voltage: 380 V<br \/>\nFrequency: 50 Hz<br \/>\nEngine power: 4.0 kW, 5.5 hp (electric motor Y-112M-2 )<br \/>\n2 cylinders, diameter \u00d890 mm, \u00d880 mm<br \/>\nCompressor with belt drive<br \/>\nCapacity: 100 l<br \/>\nFlow rate: 600 l\/min<br \/>\nPressure: 12.5 bar<br \/>\nWeight: 100 kg<\/p>\n<p><strong>Included:<\/strong><\/p>\n<p>Air compressor 100L, 380V STROM V-0.6\/8<br \/>\nAir flow controller with moisture filter and oil filter 3\/8&#8243;, 1700l\/min AC3010-03<br \/>\nPneumatic oil 1L STROM ST ISO 22 ST22<br \/>\nCompressor oil 1L STVDL100<br \/>\nPneumatic hose | Hybrid | 10 mm x 10m STROM ST1010<br \/>\nQuick connector (socket) 3\/8&#8221;,16 ~ 16,65mm (Tapered external screw thread) UEC30M<br \/>\nQuick connector (plug) 3\/8&#8221;,16 ~ 16,65mm (Tapered male thread) UOP30M<\/p>\n","protected":false},"excerpt":{"rendered":"<p>Air compressor 100L, 380V STROM with kit The belt-driven piston\/oil compressor is suitable for professional heavy-duty applications. Power supply voltage: 380 V Frequency: 50 Hz Engine power: 4.0 kW, 5.5 hp (electric motor Y-112M-2 ) 2 cylinders, diameter \u00d890 mm, \u00d880 mm Compressor with belt drive Capacity: 100 l Flow rate: 600 l\/min Pressure: 12.5&hellip;<\/p>\n","protected":false},"featured_media":3550,"comment_status":"closed","ping_status":"closed","template":"","meta":[],"product_brand":[],"product_cat":[181,179],"product_tag":[],"class_list":{"0":"post-7065","1":"product","2":"type-product","3":"status-publish","4":"has-post-thumbnail","6":"product_cat-air-compressors","7":"product_cat-tools","8":"description-off","10":"first","11":"outofstock","12":"taxable","13":"shipping-taxable","14":"purchasable","15":"product-type-simple"},"yoast_head":"<!-- This site is optimized with the Yoast SEO plugin v27.4 - https:\/\/yoast.com\/product\/yoast-seo-wordpress\/ -->\n<title>AIR COMPRESSOR 100L, 380V STROM WITH KIT - Detail Spot<\/title>\n<meta name=\"robots\" content=\"index, follow, max-snippet:-1, max-image-preview:large, max-video-preview:-1\" \/>\n<link rel=\"canonical\" href=\"https:\/\/detailspot.lt\/produktas\/air-compressor-100l-380v-strom-with-kit\/\" \/>\n<meta property=\"og:locale\" content=\"en_US\" \/>\n<meta property=\"og:type\" content=\"article\" \/>\n<meta property=\"og:title\" content=\"AIR COMPRESSOR 100L, 380V STROM WITH KIT - Detail Spot\" \/>\n<meta property=\"og:description\" content=\"Air compressor 100L, 380V STROM with kit The belt-driven piston\/oil compressor is suitable for professional heavy-duty applications. Power supply voltage: 380 V Frequency: 50 Hz Engine power: 4.0 kW, 5.5 hp (electric motor Y-112M-2 ) 2 cylinders, diameter \u00d890 mm, \u00d880 mm Compressor with belt drive Capacity: 100 l Flow rate: 600 l\/min Pressure: 12.5&hellip;\" \/>\n<meta property=\"og:url\" content=\"https:\/\/detailspot.lt\/produktas\/air-compressor-100l-380v-strom-with-kit\/\" \/>\n<meta property=\"og:site_name\" content=\"Detail Spot\" \/>\n<meta property=\"article:publisher\" content=\"https:\/\/www.facebook.com\/profile.php?id=100039208338156\" \/>\n<meta property=\"og:image\" content=\"https:\/\/detailspot.lt\/wp-content\/uploads\/2022\/05\/hero2.jpg\" \/>\n\t<meta property=\"og:image:width\" content=\"1920\" \/>\n\t<meta property=\"og:image:height\" content=\"1280\" \/>\n\t<meta property=\"og:image:type\" content=\"image\/jpeg\" \/>\n<meta name=\"twitter:card\" content=\"summary_large_image\" \/>\n<meta name=\"twitter:label1\" content=\"Est. reading time\" \/>\n\t<meta name=\"twitter:data1\" content=\"1 minute\" \/>\n<script type=\"application\/ld+json\" class=\"yoast-schema-graph\">{\"@context\":\"https:\\\/\\\/schema.org\",\"@graph\":[{\"@type\":\"WebPage\",\"@id\":\"https:\\\/\\\/detailspot.lt\\\/produktas\\\/air-compressor-100l-380v-strom-with-kit\\\/\",\"url\":\"https:\\\/\\\/detailspot.lt\\\/produktas\\\/air-compressor-100l-380v-strom-with-kit\\\/\",\"name\":\"AIR COMPRESSOR 100L, 380V STROM WITH KIT - Detail Spot\",\"isPartOf\":{\"@id\":\"https:\\\/\\\/detailspot.lt\\\/#website\"},\"primaryImageOfPage\":{\"@id\":\"https:\\\/\\\/detailspot.lt\\\/produktas\\\/air-compressor-100l-380v-strom-with-kit\\\/#primaryimage\"},\"image\":{\"@id\":\"https:\\\/\\\/detailspot.lt\\\/produktas\\\/air-compressor-100l-380v-strom-with-kit\\\/#primaryimage\"},\"thumbnailUrl\":\"https:\\\/\\\/detailspot.lt\\\/wp-content\\\/uploads\\\/2022\\\/05\\\/oro-kompresorius-100l-380v-strom-su-rinkiniu-v-0-6-12-5-600x600-1.jpg\",\"datePublished\":\"2022-12-02T13:15:21+00:00\",\"breadcrumb\":{\"@id\":\"https:\\\/\\\/detailspot.lt\\\/produktas\\\/air-compressor-100l-380v-strom-with-kit\\\/#breadcrumb\"},\"inLanguage\":\"en-US\",\"potentialAction\":[{\"@type\":\"ReadAction\",\"target\":[\"https:\\\/\\\/detailspot.lt\\\/produktas\\\/air-compressor-100l-380v-strom-with-kit\\\/\"]}]},{\"@type\":\"ImageObject\",\"inLanguage\":\"en-US\",\"@id\":\"https:\\\/\\\/detailspot.lt\\\/produktas\\\/air-compressor-100l-380v-strom-with-kit\\\/#primaryimage\",\"url\":\"https:\\\/\\\/detailspot.lt\\\/wp-content\\\/uploads\\\/2022\\\/05\\\/oro-kompresorius-100l-380v-strom-su-rinkiniu-v-0-6-12-5-600x600-1.jpg\",\"contentUrl\":\"https:\\\/\\\/detailspot.lt\\\/wp-content\\\/uploads\\\/2022\\\/05\\\/oro-kompresorius-100l-380v-strom-su-rinkiniu-v-0-6-12-5-600x600-1.jpg\",\"width\":600,\"height\":600},{\"@type\":\"BreadcrumbList\",\"@id\":\"https:\\\/\\\/detailspot.lt\\\/produktas\\\/air-compressor-100l-380v-strom-with-kit\\\/#breadcrumb\",\"itemListElement\":[{\"@type\":\"ListItem\",\"position\":1,\"name\":\"Home\",\"item\":\"https:\\\/\\\/detailspot.lt\\\/en\\\/\"},{\"@type\":\"ListItem\",\"position\":2,\"name\":\"Shop\",\"item\":\"https:\\\/\\\/detailspot.lt\\\/en\\\/parduotuve\\\/\"},{\"@type\":\"ListItem\",\"position\":3,\"name\":\"AIR COMPRESSOR 100L, 380V STROM WITH KIT\"}]},{\"@type\":\"WebSite\",\"@id\":\"https:\\\/\\\/detailspot.lt\\\/#website\",\"url\":\"https:\\\/\\\/detailspot.lt\\\/\",\"name\":\"Detail Spot\",\"description\":\"Automobili\u0173 prie\u017ei\u016bros priemon\u0117s\",\"publisher\":{\"@id\":\"https:\\\/\\\/detailspot.lt\\\/#organization\"},\"potentialAction\":[{\"@type\":\"SearchAction\",\"target\":{\"@type\":\"EntryPoint\",\"urlTemplate\":\"https:\\\/\\\/detailspot.lt\\\/?s={search_term_string}\"},\"query-input\":{\"@type\":\"PropertyValueSpecification\",\"valueRequired\":true,\"valueName\":\"search_term_string\"}}],\"inLanguage\":\"en-US\"},{\"@type\":\"Organization\",\"@id\":\"https:\\\/\\\/detailspot.lt\\\/#organization\",\"name\":\"Detail Spot\",\"url\":\"https:\\\/\\\/detailspot.lt\\\/\",\"logo\":{\"@type\":\"ImageObject\",\"inLanguage\":\"en-US\",\"@id\":\"https:\\\/\\\/detailspot.lt\\\/#\\\/schema\\\/logo\\\/image\\\/\",\"url\":\"https:\\\/\\\/detailspot.lt\\\/wp-content\\\/uploads\\\/2022\\\/10\\\/logo-original.svg\",\"contentUrl\":\"https:\\\/\\\/detailspot.lt\\\/wp-content\\\/uploads\\\/2022\\\/10\\\/logo-original.svg\",\"width\":1,\"height\":1,\"caption\":\"Detail Spot\"},\"image\":{\"@id\":\"https:\\\/\\\/detailspot.lt\\\/#\\\/schema\\\/logo\\\/image\\\/\"},\"sameAs\":[\"https:\\\/\\\/www.facebook.com\\\/profile.php?id=100039208338156\"]}]}<\/script>\n<!-- \/ Yoast SEO plugin. -->","yoast_head_json":{"title":"AIR COMPRESSOR 100L, 380V STROM WITH KIT - Detail Spot","robots":{"index":"index","follow":"follow","max-snippet":"max-snippet:-1","max-image-preview":"max-image-preview:large","max-video-preview":"max-video-preview:-1"},"canonical":"https:\/\/detailspot.lt\/produktas\/air-compressor-100l-380v-strom-with-kit\/","og_locale":"en_US","og_type":"article","og_title":"AIR COMPRESSOR 100L, 380V STROM WITH KIT - Detail Spot","og_description":"Air compressor 100L, 380V STROM with kit The belt-driven piston\/oil compressor is suitable for professional heavy-duty applications. Power supply voltage: 380 V Frequency: 50 Hz Engine power: 4.0 kW, 5.5 hp (electric motor Y-112M-2 ) 2 cylinders, diameter \u00d890 mm, \u00d880 mm Compressor with belt drive Capacity: 100 l Flow rate: 600 l\/min Pressure: 12.5&hellip;","og_url":"https:\/\/detailspot.lt\/produktas\/air-compressor-100l-380v-strom-with-kit\/","og_site_name":"Detail Spot","article_publisher":"https:\/\/www.facebook.com\/profile.php?id=100039208338156","og_image":[{"width":1920,"height":1280,"url":"https:\/\/detailspot.lt\/wp-content\/uploads\/2022\/05\/hero2.jpg","type":"image\/jpeg"}],"twitter_card":"summary_large_image","twitter_misc":{"Est. reading time":"1 minute"},"schema":{"@context":"https:\/\/schema.org","@graph":[{"@type":"WebPage","@id":"https:\/\/detailspot.lt\/produktas\/air-compressor-100l-380v-strom-with-kit\/","url":"https:\/\/detailspot.lt\/produktas\/air-compressor-100l-380v-strom-with-kit\/","name":"AIR COMPRESSOR 100L, 380V STROM WITH KIT - Detail Spot","isPartOf":{"@id":"https:\/\/detailspot.lt\/#website"},"primaryImageOfPage":{"@id":"https:\/\/detailspot.lt\/produktas\/air-compressor-100l-380v-strom-with-kit\/#primaryimage"},"image":{"@id":"https:\/\/detailspot.lt\/produktas\/air-compressor-100l-380v-strom-with-kit\/#primaryimage"},"thumbnailUrl":"https:\/\/detailspot.lt\/wp-content\/uploads\/2022\/05\/oro-kompresorius-100l-380v-strom-su-rinkiniu-v-0-6-12-5-600x600-1.jpg","datePublished":"2022-12-02T13:15:21+00:00","breadcrumb":{"@id":"https:\/\/detailspot.lt\/produktas\/air-compressor-100l-380v-strom-with-kit\/#breadcrumb"},"inLanguage":"en-US","potentialAction":[{"@type":"ReadAction","target":["https:\/\/detailspot.lt\/produktas\/air-compressor-100l-380v-strom-with-kit\/"]}]},{"@type":"ImageObject","inLanguage":"en-US","@id":"https:\/\/detailspot.lt\/produktas\/air-compressor-100l-380v-strom-with-kit\/#primaryimage","url":"https:\/\/detailspot.lt\/wp-content\/uploads\/2022\/05\/oro-kompresorius-100l-380v-strom-su-rinkiniu-v-0-6-12-5-600x600-1.jpg","contentUrl":"https:\/\/detailspot.lt\/wp-content\/uploads\/2022\/05\/oro-kompresorius-100l-380v-strom-su-rinkiniu-v-0-6-12-5-600x600-1.jpg","width":600,"height":600},{"@type":"BreadcrumbList","@id":"https:\/\/detailspot.lt\/produktas\/air-compressor-100l-380v-strom-with-kit\/#breadcrumb","itemListElement":[{"@type":"ListItem","position":1,"name":"Home","item":"https:\/\/detailspot.lt\/en\/"},{"@type":"ListItem","position":2,"name":"Shop","item":"https:\/\/detailspot.lt\/en\/parduotuve\/"},{"@type":"ListItem","position":3,"name":"AIR COMPRESSOR 100L, 380V STROM WITH KIT"}]},{"@type":"WebSite","@id":"https:\/\/detailspot.lt\/#website","url":"https:\/\/detailspot.lt\/","name":"Detail Spot","description":"Automobili\u0173 prie\u017ei\u016bros priemon\u0117s","publisher":{"@id":"https:\/\/detailspot.lt\/#organization"},"potentialAction":[{"@type":"SearchAction","target":{"@type":"EntryPoint","urlTemplate":"https:\/\/detailspot.lt\/?s={search_term_string}"},"query-input":{"@type":"PropertyValueSpecification","valueRequired":true,"valueName":"search_term_string"}}],"inLanguage":"en-US"},{"@type":"Organization","@id":"https:\/\/detailspot.lt\/#organization","name":"Detail Spot","url":"https:\/\/detailspot.lt\/","logo":{"@type":"ImageObject","inLanguage":"en-US","@id":"https:\/\/detailspot.lt\/#\/schema\/logo\/image\/","url":"https:\/\/detailspot.lt\/wp-content\/uploads\/2022\/10\/logo-original.svg","contentUrl":"https:\/\/detailspot.lt\/wp-content\/uploads\/2022\/10\/logo-original.svg","width":1,"height":1,"caption":"Detail Spot"},"image":{"@id":"https:\/\/detailspot.lt\/#\/schema\/logo\/image\/"},"sameAs":["https:\/\/www.facebook.com\/profile.php?id=100039208338156"]}]}},"_links":{"self":[{"href":"https:\/\/detailspot.lt\/en\/wp-json\/wp\/v2\/product\/7065","targetHints":{"allow":["GET"]}}],"collection":[{"href":"https:\/\/detailspot.lt\/en\/wp-json\/wp\/v2\/product"}],"about":[{"href":"https:\/\/detailspot.lt\/en\/wp-json\/wp\/v2\/types\/product"}],"replies":[{"embeddable":true,"href":"https:\/\/detailspot.lt\/en\/wp-json\/wp\/v2\/comments?post=7065"}],"wp:featuredmedia":[{"embeddable":true,"href":"https:\/\/detailspot.lt\/en\/wp-json\/wp\/v2\/media\/3550"}],"wp:attachment":[{"href":"https:\/\/detailspot.lt\/en\/wp-json\/wp\/v2\/media?parent=7065"}],"wp:term":[{"taxonomy":"product_brand","embeddable":true,"href":"https:\/\/detailspot.lt\/en\/wp-json\/wp\/v2\/product_brand?post=7065"},{"taxonomy":"product_cat","embeddable":true,"href":"https:\/\/detailspot.lt\/en\/wp-json\/wp\/v2\/product_cat?post=7065"},{"taxonomy":"product_tag","embeddable":true,"href":"https:\/\/detailspot.lt\/en\/wp-json\/wp\/v2\/product_tag?post=7065"}],"curies":[{"name":"wp","href":"https:\/\/api.w.org\/{rel}","templated":true}]}}