{"id":7064,"date":"2022-12-02T15:15:22","date_gmt":"2022-12-02T13:15:22","guid":{"rendered":"https:\/\/detailspot.lt\/produktas\/sonax-profiline-hybrid-body-coating-cc-one\/"},"modified":"2022-12-02T15:15:22","modified_gmt":"2022-12-02T13:15:22","slug":"sonax-profiline-hybrid-body-coating-cc-one","status":"publish","type":"product","link":"https:\/\/detailspot.lt\/en\/produktas\/sonax-profiline-hybrid-body-coating-cc-one\/","title":{"rendered":"SONAX Profiline Hybrid body coating CC ONE"},"content":{"rendered":"<p class=\"product_title entry-title elementor-heading-title elementor-size-default\"><strong>SONAX Profiline Hybrid body coating CC ONE &#8211;<\/strong><\/p>\n<p style=\"font-weight: 400;\">It is a single-stage, long-lasting body coating that protects painted, varnished surfaces for up to 15 months. Easy and quick to use: just apply evenly and wipe. Product<br \/>\nintensifies colour, ensures a soft and smooth surface, gives a dazzling shine and creates a dirt-repelling effect.<\/p>\n<p style=\"font-weight: 400;\">Includes 4 sponges &#8211; for covering 2 cars.<\/p>\n<p style=\"font-weight: 400;\">Once applied, the hybrid CC ONE coating layer blends and bonds to the varnish like a net. Special applicator sponges ensure that CC ONE is evenly applied over the entire area. The result of this unique interaction: a protective layer for the surface with a strong colour depth that lasts up to 15 months. The surface becomes very smooth and fine. The CC ONE coating layer has the elastic characteristics needed to allow the coating to behave at the right moment to provide even more effective resistance to external influences.<\/p>\n<h3 style=\"font-weight: 500;\"><b>Application:<\/b><\/h3>\n<ul style=\"font-weight: 400;\">\n<li>Shake well before use<br \/>\nthe bottle.<\/li>\n<li>Apply a few drops of CC One<br \/>\non the light side of the sponge and spread a thin layer over the painted<br \/>\n, varnished surface. The area to be treated should be approximately half a square<br \/>\nmetre (1\/4 bonnet).<\/li>\n<li>Wait 1 to 5 minutes (depending on the absorption properties of the varnish) and<br \/>\nwipe off any surplus product with a new microfibre cloth, and with another new &#8211;<br \/>\nshine it up. Treat the entire vehicle in this way and let<br \/>\nfor the coating to harden (at least 4 hours). &#8211;<\/li>\n<li>Throughout the period<br \/>\nthe vehicle must be in a clean and dry environment and the surfaces must not be<br \/>\ntouched. Do not wash the vehicle with any chemicals after application<br \/>\n(for at least one week).<\/li>\n<\/ul>\n<p style=\"font-weight: 400;\">\n<p style=\"font-weight: 400;\">If the CC One distribution sponge starts to harden during the use,<br \/>\nreplace it with a new one.<\/p>\n","protected":false},"excerpt":{"rendered":"<p>SONAX Profiline Hybrid body coating CC ONE &#8211; It is a single-stage, long-lasting body coating that protects painted, varnished surfaces for up to 15 months. Easy and quick to use: just apply evenly and wipe. Product intensifies colour, ensures a soft and smooth surface, gives a dazzling shine and creates a dirt-repelling effect. Includes 4&hellip;<\/p>\n","protected":false},"featured_media":3558,"comment_status":"closed","ping_status":"closed","template":"","meta":[],"product_brand":[],"product_cat":[160,161],"product_tag":[],"class_list":{"0":"post-7064","1":"product","2":"type-product","3":"status-publish","4":"has-post-thumbnail","6":"product_cat-exterior","7":"product_cat-protective-coatings","8":"description-off","10":"first","11":"onbackorder","12":"taxable","13":"shipping-taxable","14":"purchasable","15":"product-type-simple"},"yoast_head":"<!-- This site is optimized with the Yoast SEO plugin v27.4 - https:\/\/yoast.com\/product\/yoast-seo-wordpress\/ -->\n<title>SONAX Profiline Hybrid body coating CC ONE - Detail Spot<\/title>\n<meta name=\"robots\" content=\"index, follow, max-snippet:-1, max-image-preview:large, max-video-preview:-1\" \/>\n<link rel=\"canonical\" href=\"https:\/\/detailspot.lt\/produktas\/sonax-profiline-hybrid-body-coating-cc-one\/\" \/>\n<meta property=\"og:locale\" content=\"en_US\" \/>\n<meta property=\"og:type\" content=\"article\" \/>\n<meta property=\"og:title\" content=\"SONAX Profiline Hybrid body coating CC ONE - Detail Spot\" \/>\n<meta property=\"og:description\" content=\"SONAX Profiline Hybrid body coating CC ONE &#8211; It is a single-stage, long-lasting body coating that protects painted, varnished surfaces for up to 15 months. Easy and quick to use: just apply evenly and wipe. Product intensifies colour, ensures a soft and smooth surface, gives a dazzling shine and creates a dirt-repelling effect. Includes 4&hellip;\" \/>\n<meta property=\"og:url\" content=\"https:\/\/detailspot.lt\/produktas\/sonax-profiline-hybrid-body-coating-cc-one\/\" \/>\n<meta property=\"og:site_name\" content=\"Detail Spot\" \/>\n<meta property=\"article:publisher\" content=\"https:\/\/www.facebook.com\/profile.php?id=100039208338156\" \/>\n<meta property=\"og:image\" content=\"https:\/\/detailspot.lt\/wp-content\/uploads\/2022\/05\/hero2.jpg\" \/>\n\t<meta property=\"og:image:width\" content=\"1920\" \/>\n\t<meta property=\"og:image:height\" content=\"1280\" \/>\n\t<meta property=\"og:image:type\" content=\"image\/jpeg\" \/>\n<meta name=\"twitter:card\" content=\"summary_large_image\" \/>\n<meta name=\"twitter:label1\" content=\"Est. reading time\" \/>\n\t<meta name=\"twitter:data1\" content=\"1 minute\" \/>\n<script type=\"application\/ld+json\" class=\"yoast-schema-graph\">{\"@context\":\"https:\\\/\\\/schema.org\",\"@graph\":[{\"@type\":\"WebPage\",\"@id\":\"https:\\\/\\\/detailspot.lt\\\/produktas\\\/sonax-profiline-hybrid-body-coating-cc-one\\\/\",\"url\":\"https:\\\/\\\/detailspot.lt\\\/produktas\\\/sonax-profiline-hybrid-body-coating-cc-one\\\/\",\"name\":\"SONAX Profiline Hybrid body coating CC ONE - Detail Spot\",\"isPartOf\":{\"@id\":\"https:\\\/\\\/detailspot.lt\\\/#website\"},\"primaryImageOfPage\":{\"@id\":\"https:\\\/\\\/detailspot.lt\\\/produktas\\\/sonax-profiline-hybrid-body-coating-cc-one\\\/#primaryimage\"},\"image\":{\"@id\":\"https:\\\/\\\/detailspot.lt\\\/produktas\\\/sonax-profiline-hybrid-body-coating-cc-one\\\/#primaryimage\"},\"thumbnailUrl\":\"https:\\\/\\\/detailspot.lt\\\/wp-content\\\/uploads\\\/2022\\\/05\\\/SONAX-hibridine-kebulo-danga-CC-ONE-267000-600x327-1.png\",\"datePublished\":\"2022-12-02T13:15:22+00:00\",\"breadcrumb\":{\"@id\":\"https:\\\/\\\/detailspot.lt\\\/produktas\\\/sonax-profiline-hybrid-body-coating-cc-one\\\/#breadcrumb\"},\"inLanguage\":\"en-US\",\"potentialAction\":[{\"@type\":\"ReadAction\",\"target\":[\"https:\\\/\\\/detailspot.lt\\\/produktas\\\/sonax-profiline-hybrid-body-coating-cc-one\\\/\"]}]},{\"@type\":\"ImageObject\",\"inLanguage\":\"en-US\",\"@id\":\"https:\\\/\\\/detailspot.lt\\\/produktas\\\/sonax-profiline-hybrid-body-coating-cc-one\\\/#primaryimage\",\"url\":\"https:\\\/\\\/detailspot.lt\\\/wp-content\\\/uploads\\\/2022\\\/05\\\/SONAX-hibridine-kebulo-danga-CC-ONE-267000-600x327-1.png\",\"contentUrl\":\"https:\\\/\\\/detailspot.lt\\\/wp-content\\\/uploads\\\/2022\\\/05\\\/SONAX-hibridine-kebulo-danga-CC-ONE-267000-600x327-1.png\",\"width\":600,\"height\":327},{\"@type\":\"BreadcrumbList\",\"@id\":\"https:\\\/\\\/detailspot.lt\\\/produktas\\\/sonax-profiline-hybrid-body-coating-cc-one\\\/#breadcrumb\",\"itemListElement\":[{\"@type\":\"ListItem\",\"position\":1,\"name\":\"Home\",\"item\":\"https:\\\/\\\/detailspot.lt\\\/en\\\/\"},{\"@type\":\"ListItem\",\"position\":2,\"name\":\"Shop\",\"item\":\"https:\\\/\\\/detailspot.lt\\\/en\\\/parduotuve\\\/\"},{\"@type\":\"ListItem\",\"position\":3,\"name\":\"SONAX Profiline Hybrid body coating CC ONE\"}]},{\"@type\":\"WebSite\",\"@id\":\"https:\\\/\\\/detailspot.lt\\\/#website\",\"url\":\"https:\\\/\\\/detailspot.lt\\\/\",\"name\":\"Detail Spot\",\"description\":\"Automobili\u0173 prie\u017ei\u016bros priemon\u0117s\",\"publisher\":{\"@id\":\"https:\\\/\\\/detailspot.lt\\\/#organization\"},\"potentialAction\":[{\"@type\":\"SearchAction\",\"target\":{\"@type\":\"EntryPoint\",\"urlTemplate\":\"https:\\\/\\\/detailspot.lt\\\/?s={search_term_string}\"},\"query-input\":{\"@type\":\"PropertyValueSpecification\",\"valueRequired\":true,\"valueName\":\"search_term_string\"}}],\"inLanguage\":\"en-US\"},{\"@type\":\"Organization\",\"@id\":\"https:\\\/\\\/detailspot.lt\\\/#organization\",\"name\":\"Detail Spot\",\"url\":\"https:\\\/\\\/detailspot.lt\\\/\",\"logo\":{\"@type\":\"ImageObject\",\"inLanguage\":\"en-US\",\"@id\":\"https:\\\/\\\/detailspot.lt\\\/#\\\/schema\\\/logo\\\/image\\\/\",\"url\":\"https:\\\/\\\/detailspot.lt\\\/wp-content\\\/uploads\\\/2022\\\/10\\\/logo-original.svg\",\"contentUrl\":\"https:\\\/\\\/detailspot.lt\\\/wp-content\\\/uploads\\\/2022\\\/10\\\/logo-original.svg\",\"width\":1,\"height\":1,\"caption\":\"Detail Spot\"},\"image\":{\"@id\":\"https:\\\/\\\/detailspot.lt\\\/#\\\/schema\\\/logo\\\/image\\\/\"},\"sameAs\":[\"https:\\\/\\\/www.facebook.com\\\/profile.php?id=100039208338156\"]}]}<\/script>\n<!-- \/ Yoast SEO plugin. -->","yoast_head_json":{"title":"SONAX Profiline Hybrid body coating CC ONE - Detail Spot","robots":{"index":"index","follow":"follow","max-snippet":"max-snippet:-1","max-image-preview":"max-image-preview:large","max-video-preview":"max-video-preview:-1"},"canonical":"https:\/\/detailspot.lt\/produktas\/sonax-profiline-hybrid-body-coating-cc-one\/","og_locale":"en_US","og_type":"article","og_title":"SONAX Profiline Hybrid body coating CC ONE - Detail Spot","og_description":"SONAX Profiline Hybrid body coating CC ONE &#8211; It is a single-stage, long-lasting body coating that protects painted, varnished surfaces for up to 15 months. Easy and quick to use: just apply evenly and wipe. Product intensifies colour, ensures a soft and smooth surface, gives a dazzling shine and creates a dirt-repelling effect. Includes 4&hellip;","og_url":"https:\/\/detailspot.lt\/produktas\/sonax-profiline-hybrid-body-coating-cc-one\/","og_site_name":"Detail Spot","article_publisher":"https:\/\/www.facebook.com\/profile.php?id=100039208338156","og_image":[{"width":1920,"height":1280,"url":"https:\/\/detailspot.lt\/wp-content\/uploads\/2022\/05\/hero2.jpg","type":"image\/jpeg"}],"twitter_card":"summary_large_image","twitter_misc":{"Est. reading time":"1 minute"},"schema":{"@context":"https:\/\/schema.org","@graph":[{"@type":"WebPage","@id":"https:\/\/detailspot.lt\/produktas\/sonax-profiline-hybrid-body-coating-cc-one\/","url":"https:\/\/detailspot.lt\/produktas\/sonax-profiline-hybrid-body-coating-cc-one\/","name":"SONAX Profiline Hybrid body coating CC ONE - Detail Spot","isPartOf":{"@id":"https:\/\/detailspot.lt\/#website"},"primaryImageOfPage":{"@id":"https:\/\/detailspot.lt\/produktas\/sonax-profiline-hybrid-body-coating-cc-one\/#primaryimage"},"image":{"@id":"https:\/\/detailspot.lt\/produktas\/sonax-profiline-hybrid-body-coating-cc-one\/#primaryimage"},"thumbnailUrl":"https:\/\/detailspot.lt\/wp-content\/uploads\/2022\/05\/SONAX-hibridine-kebulo-danga-CC-ONE-267000-600x327-1.png","datePublished":"2022-12-02T13:15:22+00:00","breadcrumb":{"@id":"https:\/\/detailspot.lt\/produktas\/sonax-profiline-hybrid-body-coating-cc-one\/#breadcrumb"},"inLanguage":"en-US","potentialAction":[{"@type":"ReadAction","target":["https:\/\/detailspot.lt\/produktas\/sonax-profiline-hybrid-body-coating-cc-one\/"]}]},{"@type":"ImageObject","inLanguage":"en-US","@id":"https:\/\/detailspot.lt\/produktas\/sonax-profiline-hybrid-body-coating-cc-one\/#primaryimage","url":"https:\/\/detailspot.lt\/wp-content\/uploads\/2022\/05\/SONAX-hibridine-kebulo-danga-CC-ONE-267000-600x327-1.png","contentUrl":"https:\/\/detailspot.lt\/wp-content\/uploads\/2022\/05\/SONAX-hibridine-kebulo-danga-CC-ONE-267000-600x327-1.png","width":600,"height":327},{"@type":"BreadcrumbList","@id":"https:\/\/detailspot.lt\/produktas\/sonax-profiline-hybrid-body-coating-cc-one\/#breadcrumb","itemListElement":[{"@type":"ListItem","position":1,"name":"Home","item":"https:\/\/detailspot.lt\/en\/"},{"@type":"ListItem","position":2,"name":"Shop","item":"https:\/\/detailspot.lt\/en\/parduotuve\/"},{"@type":"ListItem","position":3,"name":"SONAX Profiline Hybrid body coating CC ONE"}]},{"@type":"WebSite","@id":"https:\/\/detailspot.lt\/#website","url":"https:\/\/detailspot.lt\/","name":"Detail Spot","description":"Automobili\u0173 prie\u017ei\u016bros priemon\u0117s","publisher":{"@id":"https:\/\/detailspot.lt\/#organization"},"potentialAction":[{"@type":"SearchAction","target":{"@type":"EntryPoint","urlTemplate":"https:\/\/detailspot.lt\/?s={search_term_string}"},"query-input":{"@type":"PropertyValueSpecification","valueRequired":true,"valueName":"search_term_string"}}],"inLanguage":"en-US"},{"@type":"Organization","@id":"https:\/\/detailspot.lt\/#organization","name":"Detail Spot","url":"https:\/\/detailspot.lt\/","logo":{"@type":"ImageObject","inLanguage":"en-US","@id":"https:\/\/detailspot.lt\/#\/schema\/logo\/image\/","url":"https:\/\/detailspot.lt\/wp-content\/uploads\/2022\/10\/logo-original.svg","contentUrl":"https:\/\/detailspot.lt\/wp-content\/uploads\/2022\/10\/logo-original.svg","width":1,"height":1,"caption":"Detail Spot"},"image":{"@id":"https:\/\/detailspot.lt\/#\/schema\/logo\/image\/"},"sameAs":["https:\/\/www.facebook.com\/profile.php?id=100039208338156"]}]}},"_links":{"self":[{"href":"https:\/\/detailspot.lt\/en\/wp-json\/wp\/v2\/product\/7064","targetHints":{"allow":["GET"]}}],"collection":[{"href":"https:\/\/detailspot.lt\/en\/wp-json\/wp\/v2\/product"}],"about":[{"href":"https:\/\/detailspot.lt\/en\/wp-json\/wp\/v2\/types\/product"}],"replies":[{"embeddable":true,"href":"https:\/\/detailspot.lt\/en\/wp-json\/wp\/v2\/comments?post=7064"}],"wp:featuredmedia":[{"embeddable":true,"href":"https:\/\/detailspot.lt\/en\/wp-json\/wp\/v2\/media\/3558"}],"wp:attachment":[{"href":"https:\/\/detailspot.lt\/en\/wp-json\/wp\/v2\/media?parent=7064"}],"wp:term":[{"taxonomy":"product_brand","embeddable":true,"href":"https:\/\/detailspot.lt\/en\/wp-json\/wp\/v2\/product_brand?post=7064"},{"taxonomy":"product_cat","embeddable":true,"href":"https:\/\/detailspot.lt\/en\/wp-json\/wp\/v2\/product_cat?post=7064"},{"taxonomy":"product_tag","embeddable":true,"href":"https:\/\/detailspot.lt\/en\/wp-json\/wp\/v2\/product_tag?post=7064"}],"curies":[{"name":"wp","href":"https:\/\/api.w.org\/{rel}","templated":true}]}}