{"id":7060,"date":"2022-12-02T15:15:22","date_gmt":"2022-12-02T13:15:22","guid":{"rendered":"https:\/\/detailspot.lt\/produktas\/fx-protect-arctic-ice-acid-shampoo\/"},"modified":"2022-12-02T15:15:22","modified_gmt":"2022-12-02T13:15:22","slug":"fx-protect-arctic-ice-acid-shampoo","status":"publish","type":"product","link":"https:\/\/detailspot.lt\/en\/produktas\/fx-protect-arctic-ice-acid-shampoo\/","title":{"rendered":"FX Protect Arctic Ice Acid Shampoo"},"content":{"rendered":"<h1><strong>FX Protect Arctic Ice Acid Shampoo<\/strong><\/h1>\n<p>A shampoo designed exclusively for the long-term care of coated surfaces and for maintaining and restoring their best functional condition. It goes beyond the standard shampoo characteristics by eliminating and preventing damage caused by hard water stains or remains. Keeping the surface free of mineral stains maintains a smooth surface and the long-lasting hydrophobic characteristics of the coating, which contribute significantly to maintaining cleanliness.<\/p>\n<p>The shampoo&#8217;s moisturising components ensure that the sponge or glove glides easily over the surface, while the drying components reduce the chance of water spots when washing in direct sunlight. The shampoo contains components that are responsible for neutralising water and stopping the appearance of water spots.<\/p>\n<p><strong>Features<br \/>\n<\/strong><\/p>\n<ol>\n<li>Acid Shampoo<\/li>\n<li>For the care of long-term coatings<\/li>\n<li>Concentrate<\/li>\n<li>For daily washing, dilute 1:100-1:200<\/li>\n<li>For removing dirt from ceramic coatings 1:50 (every 5 washes)<\/li>\n<li>For removal of mineral remains and water stains, dilute to 1:10<\/li>\n<li>Components to ease drying<\/li>\n<li>Nice lollipop aroma<\/li>\n<\/ol>\n<p style=\"text-align: center;\"><img loading=\"lazy\" decoding=\"async\" class=\"alignnone size-full wp-image-1096\" src=\"https:\/\/detailspot.lt\/wp-content\/uploads\/2022\/11\/fx-protect-logo-white-background-ireland.jpg\" alt=\"\" width=\"300\" height=\"123\" srcset=\"https:\/\/detailspot.lt\/wp-content\/uploads\/2022\/11\/fx-protect-logo-white-background-ireland.jpg 300w, https:\/\/detailspot.lt\/wp-content\/uploads\/2022\/11\/fx-protect-logo-white-background-ireland-64x26.jpg 64w\" sizes=\"auto, (max-width: 300px) 100vw, 300px\" \/><\/p>\n","protected":false},"excerpt":{"rendered":"<p>FX Protect Arctic Ice Acid Shampoo A shampoo designed exclusively for the long-term care of coated surfaces and for maintaining and restoring their best functional condition. It goes beyond the standard shampoo characteristics by eliminating and preventing damage caused by hard water stains or remains. Keeping the surface free of mineral stains maintains a smooth&hellip;<\/p>\n","protected":false},"featured_media":4330,"comment_status":"closed","ping_status":"closed","template":"","meta":[],"product_brand":[],"product_cat":[160,164],"product_tag":[258,217,246,259],"class_list":{"0":"post-7060","1":"product","2":"type-product","3":"status-publish","4":"has-post-thumbnail","6":"product_cat-exterior","7":"product_cat-shampoos-and-cleansers","8":"product_tag-detergents","9":"product_tag-fx-protect-en","10":"product_tag-shampoo-en","11":"product_tag-shampoo-en-2","12":"description-off","14":"first","15":"instock","16":"taxable","17":"shipping-taxable","18":"purchasable","19":"product-type-variable"},"yoast_head":"<!-- This site is optimized with the Yoast SEO plugin v27.2 - https:\/\/yoast.com\/product\/yoast-seo-wordpress\/ -->\n<title>FX Protect Arctic Ice Acid Shampoo - Detail Spot<\/title>\n<meta name=\"description\" content=\"A shampoo designed exclusively for the long-term care of coated surfaces and for maintaining and restoring their best functional condition.\" \/>\n<meta name=\"robots\" content=\"index, follow, max-snippet:-1, max-image-preview:large, max-video-preview:-1\" \/>\n<link rel=\"canonical\" href=\"https:\/\/detailspot.lt\/en\/produktas\/fx-protect-arctic-ice-acid-shampoo\/\" \/>\n<meta property=\"og:locale\" content=\"en_US\" \/>\n<meta property=\"og:type\" content=\"article\" \/>\n<meta property=\"og:title\" content=\"FX Protect Arctic Ice Acid Shampoo - Detail Spot\" \/>\n<meta property=\"og:description\" content=\"A shampoo designed exclusively for the long-term care of coated surfaces and for maintaining and restoring their best functional condition.\" \/>\n<meta property=\"og:url\" content=\"https:\/\/detailspot.lt\/en\/produktas\/fx-protect-arctic-ice-acid-shampoo\/\" \/>\n<meta property=\"og:site_name\" content=\"Detail Spot\" \/>\n<meta property=\"article:publisher\" content=\"https:\/\/www.facebook.com\/profile.php?id=100039208338156\" \/>\n<meta property=\"og:image\" content=\"https:\/\/detailspot.lt\/wp-content\/uploads\/2022\/12\/fx-arctic-500-1.jpg\" \/>\n\t<meta property=\"og:image:width\" content=\"652\" \/>\n\t<meta property=\"og:image:height\" content=\"652\" \/>\n\t<meta property=\"og:image:type\" content=\"image\/jpeg\" \/>\n<meta name=\"twitter:card\" content=\"summary_large_image\" \/>\n<meta name=\"twitter:label1\" content=\"Est. reading time\" \/>\n\t<meta name=\"twitter:data1\" content=\"1 minute\" \/>\n<script type=\"application\/ld+json\" class=\"yoast-schema-graph\">{\"@context\":\"https:\/\/schema.org\",\"@graph\":[{\"@type\":\"WebPage\",\"@id\":\"https:\/\/detailspot.lt\/en\/produktas\/fx-protect-arctic-ice-acid-shampoo\/\",\"url\":\"https:\/\/detailspot.lt\/en\/produktas\/fx-protect-arctic-ice-acid-shampoo\/\",\"name\":\"FX Protect Arctic Ice Acid Shampoo - Detail Spot\",\"isPartOf\":{\"@id\":\"https:\/\/detailspot.lt\/#website\"},\"primaryImageOfPage\":{\"@id\":\"https:\/\/detailspot.lt\/en\/produktas\/fx-protect-arctic-ice-acid-shampoo\/#primaryimage\"},\"image\":{\"@id\":\"https:\/\/detailspot.lt\/en\/produktas\/fx-protect-arctic-ice-acid-shampoo\/#primaryimage\"},\"thumbnailUrl\":\"https:\/\/detailspot.lt\/wp-content\/uploads\/2022\/12\/fx-arctic-500-1.jpg\",\"datePublished\":\"2022-12-02T13:15:22+00:00\",\"description\":\"A shampoo designed exclusively for the long-term care of coated surfaces and for maintaining and restoring their best functional condition.\",\"breadcrumb\":{\"@id\":\"https:\/\/detailspot.lt\/en\/produktas\/fx-protect-arctic-ice-acid-shampoo\/#breadcrumb\"},\"inLanguage\":\"en-US\",\"potentialAction\":[{\"@type\":\"ReadAction\",\"target\":[\"https:\/\/detailspot.lt\/en\/produktas\/fx-protect-arctic-ice-acid-shampoo\/\"]}]},{\"@type\":\"ImageObject\",\"inLanguage\":\"en-US\",\"@id\":\"https:\/\/detailspot.lt\/en\/produktas\/fx-protect-arctic-ice-acid-shampoo\/#primaryimage\",\"url\":\"https:\/\/detailspot.lt\/wp-content\/uploads\/2022\/12\/fx-arctic-500-1.jpg\",\"contentUrl\":\"https:\/\/detailspot.lt\/wp-content\/uploads\/2022\/12\/fx-arctic-500-1.jpg\",\"width\":652,\"height\":652},{\"@type\":\"BreadcrumbList\",\"@id\":\"https:\/\/detailspot.lt\/en\/produktas\/fx-protect-arctic-ice-acid-shampoo\/#breadcrumb\",\"itemListElement\":[{\"@type\":\"ListItem\",\"position\":1,\"name\":\"Home\",\"item\":\"https:\/\/detailspot.lt\/en\/\"},{\"@type\":\"ListItem\",\"position\":2,\"name\":\"Shop\",\"item\":\"https:\/\/detailspot.lt\/en\/parduotuve\/\"},{\"@type\":\"ListItem\",\"position\":3,\"name\":\"FX Protect Arctic Ice Acid Shampoo\"}]},{\"@type\":\"WebSite\",\"@id\":\"https:\/\/detailspot.lt\/#website\",\"url\":\"https:\/\/detailspot.lt\/\",\"name\":\"Detail Spot\",\"description\":\"Automobili\u0173 prie\u017ei\u016bros priemon\u0117s\",\"publisher\":{\"@id\":\"https:\/\/detailspot.lt\/#organization\"},\"potentialAction\":[{\"@type\":\"SearchAction\",\"target\":{\"@type\":\"EntryPoint\",\"urlTemplate\":\"https:\/\/detailspot.lt\/?s={search_term_string}\"},\"query-input\":{\"@type\":\"PropertyValueSpecification\",\"valueRequired\":true,\"valueName\":\"search_term_string\"}}],\"inLanguage\":\"en-US\"},{\"@type\":\"Organization\",\"@id\":\"https:\/\/detailspot.lt\/#organization\",\"name\":\"Detail Spot\",\"url\":\"https:\/\/detailspot.lt\/\",\"logo\":{\"@type\":\"ImageObject\",\"inLanguage\":\"en-US\",\"@id\":\"https:\/\/detailspot.lt\/#\/schema\/logo\/image\/\",\"url\":\"https:\/\/detailspot.lt\/wp-content\/uploads\/2022\/10\/logo-original.svg\",\"contentUrl\":\"https:\/\/detailspot.lt\/wp-content\/uploads\/2022\/10\/logo-original.svg\",\"width\":1,\"height\":1,\"caption\":\"Detail Spot\"},\"image\":{\"@id\":\"https:\/\/detailspot.lt\/#\/schema\/logo\/image\/\"},\"sameAs\":[\"https:\/\/www.facebook.com\/profile.php?id=100039208338156\"]}]}<\/script>\n<!-- \/ Yoast SEO plugin. -->","yoast_head_json":{"title":"FX Protect Arctic Ice Acid Shampoo - Detail Spot","description":"A shampoo designed exclusively for the long-term care of coated surfaces and for maintaining and restoring their best functional condition.","robots":{"index":"index","follow":"follow","max-snippet":"max-snippet:-1","max-image-preview":"max-image-preview:large","max-video-preview":"max-video-preview:-1"},"canonical":"https:\/\/detailspot.lt\/en\/produktas\/fx-protect-arctic-ice-acid-shampoo\/","og_locale":"en_US","og_type":"article","og_title":"FX Protect Arctic Ice Acid Shampoo - Detail Spot","og_description":"A shampoo designed exclusively for the long-term care of coated surfaces and for maintaining and restoring their best functional condition.","og_url":"https:\/\/detailspot.lt\/en\/produktas\/fx-protect-arctic-ice-acid-shampoo\/","og_site_name":"Detail Spot","article_publisher":"https:\/\/www.facebook.com\/profile.php?id=100039208338156","og_image":[{"width":652,"height":652,"url":"https:\/\/detailspot.lt\/wp-content\/uploads\/2022\/12\/fx-arctic-500-1.jpg","type":"image\/jpeg"}],"twitter_card":"summary_large_image","twitter_misc":{"Est. reading time":"1 minute"},"schema":{"@context":"https:\/\/schema.org","@graph":[{"@type":"WebPage","@id":"https:\/\/detailspot.lt\/en\/produktas\/fx-protect-arctic-ice-acid-shampoo\/","url":"https:\/\/detailspot.lt\/en\/produktas\/fx-protect-arctic-ice-acid-shampoo\/","name":"FX Protect Arctic Ice Acid Shampoo - Detail Spot","isPartOf":{"@id":"https:\/\/detailspot.lt\/#website"},"primaryImageOfPage":{"@id":"https:\/\/detailspot.lt\/en\/produktas\/fx-protect-arctic-ice-acid-shampoo\/#primaryimage"},"image":{"@id":"https:\/\/detailspot.lt\/en\/produktas\/fx-protect-arctic-ice-acid-shampoo\/#primaryimage"},"thumbnailUrl":"https:\/\/detailspot.lt\/wp-content\/uploads\/2022\/12\/fx-arctic-500-1.jpg","datePublished":"2022-12-02T13:15:22+00:00","description":"A shampoo designed exclusively for the long-term care of coated surfaces and for maintaining and restoring their best functional condition.","breadcrumb":{"@id":"https:\/\/detailspot.lt\/en\/produktas\/fx-protect-arctic-ice-acid-shampoo\/#breadcrumb"},"inLanguage":"en-US","potentialAction":[{"@type":"ReadAction","target":["https:\/\/detailspot.lt\/en\/produktas\/fx-protect-arctic-ice-acid-shampoo\/"]}]},{"@type":"ImageObject","inLanguage":"en-US","@id":"https:\/\/detailspot.lt\/en\/produktas\/fx-protect-arctic-ice-acid-shampoo\/#primaryimage","url":"https:\/\/detailspot.lt\/wp-content\/uploads\/2022\/12\/fx-arctic-500-1.jpg","contentUrl":"https:\/\/detailspot.lt\/wp-content\/uploads\/2022\/12\/fx-arctic-500-1.jpg","width":652,"height":652},{"@type":"BreadcrumbList","@id":"https:\/\/detailspot.lt\/en\/produktas\/fx-protect-arctic-ice-acid-shampoo\/#breadcrumb","itemListElement":[{"@type":"ListItem","position":1,"name":"Home","item":"https:\/\/detailspot.lt\/en\/"},{"@type":"ListItem","position":2,"name":"Shop","item":"https:\/\/detailspot.lt\/en\/parduotuve\/"},{"@type":"ListItem","position":3,"name":"FX Protect Arctic Ice Acid Shampoo"}]},{"@type":"WebSite","@id":"https:\/\/detailspot.lt\/#website","url":"https:\/\/detailspot.lt\/","name":"Detail Spot","description":"Automobili\u0173 prie\u017ei\u016bros priemon\u0117s","publisher":{"@id":"https:\/\/detailspot.lt\/#organization"},"potentialAction":[{"@type":"SearchAction","target":{"@type":"EntryPoint","urlTemplate":"https:\/\/detailspot.lt\/?s={search_term_string}"},"query-input":{"@type":"PropertyValueSpecification","valueRequired":true,"valueName":"search_term_string"}}],"inLanguage":"en-US"},{"@type":"Organization","@id":"https:\/\/detailspot.lt\/#organization","name":"Detail Spot","url":"https:\/\/detailspot.lt\/","logo":{"@type":"ImageObject","inLanguage":"en-US","@id":"https:\/\/detailspot.lt\/#\/schema\/logo\/image\/","url":"https:\/\/detailspot.lt\/wp-content\/uploads\/2022\/10\/logo-original.svg","contentUrl":"https:\/\/detailspot.lt\/wp-content\/uploads\/2022\/10\/logo-original.svg","width":1,"height":1,"caption":"Detail Spot"},"image":{"@id":"https:\/\/detailspot.lt\/#\/schema\/logo\/image\/"},"sameAs":["https:\/\/www.facebook.com\/profile.php?id=100039208338156"]}]}},"_links":{"self":[{"href":"https:\/\/detailspot.lt\/en\/wp-json\/wp\/v2\/product\/7060","targetHints":{"allow":["GET"]}}],"collection":[{"href":"https:\/\/detailspot.lt\/en\/wp-json\/wp\/v2\/product"}],"about":[{"href":"https:\/\/detailspot.lt\/en\/wp-json\/wp\/v2\/types\/product"}],"replies":[{"embeddable":true,"href":"https:\/\/detailspot.lt\/en\/wp-json\/wp\/v2\/comments?post=7060"}],"wp:featuredmedia":[{"embeddable":true,"href":"https:\/\/detailspot.lt\/en\/wp-json\/wp\/v2\/media\/4330"}],"wp:attachment":[{"href":"https:\/\/detailspot.lt\/en\/wp-json\/wp\/v2\/media?parent=7060"}],"wp:term":[{"taxonomy":"product_brand","embeddable":true,"href":"https:\/\/detailspot.lt\/en\/wp-json\/wp\/v2\/product_brand?post=7060"},{"taxonomy":"product_cat","embeddable":true,"href":"https:\/\/detailspot.lt\/en\/wp-json\/wp\/v2\/product_cat?post=7060"},{"taxonomy":"product_tag","embeddable":true,"href":"https:\/\/detailspot.lt\/en\/wp-json\/wp\/v2\/product_tag?post=7060"}],"curies":[{"name":"wp","href":"https:\/\/api.w.org\/{rel}","templated":true}]}}