{"id":7052,"date":"2022-12-02T15:14:17","date_gmt":"2022-12-02T13:14:17","guid":{"rendered":"https:\/\/detailspot.lt\/produktas\/rupes-duetto-lhr12e-bas-polishing-kit\/"},"modified":"2022-12-02T15:14:17","modified_gmt":"2022-12-02T13:14:17","slug":"rupes-duetto-lhr12e-bas-polishing-kit","status":"publish","type":"product","link":"https:\/\/detailspot.lt\/en\/produktas\/rupes-duetto-lhr12e-bas-polishing-kit\/","title":{"rendered":"RUPES DUETTO LHR12E\/BAS POLISHING KIT"},"content":{"rendered":"<p>RUPES DUETTO LHR12E\/BAS POLISHING KIT<\/p>\n<p>The LHR12E with 12 mm wide orbit is recommended for use with fine abrasives. After the surface has been polished, the polishing process can be continued with the same tool by replacing the abrasive disc with a polishing sponge and polishing paste. This dual functionality thus enables the user to correct deep surface defects and restore surface gloss.<\/p>\n<p class=\"rtejustify\">The set includes:<\/p>\n<ul>\n<li>1 x LHR12E electric orbital polisher<\/li>\n<li>1 x D-A Coarse polishing paste (250 ml)<\/li>\n<li>1 x D-A Fine polishing paste (250 ml)<\/li>\n<li>1 x D-A polishing pad (\u201eFine\u201c)<\/li>\n<li>1 x D-A woolpad (&#8220;Coarse&#8221;)<\/li>\n<li>1 x Cable clamp.<\/li>\n<li>2 x Microfibre cloths in different colours<\/li>\n<\/ul>\n<p>&nbsp;<\/p>\n<p style=\"text-align: center;\"><img loading=\"lazy\" decoding=\"async\" class=\"alignnone size-medium wp-image-1063\" src=\"https:\/\/detailspot.lt\/wp-content\/uploads\/2022\/10\/rupes_logo-300x150.png\" alt=\"\" width=\"300\" height=\"150\" srcset=\"https:\/\/detailspot.lt\/wp-content\/uploads\/2022\/10\/rupes_logo-300x150.png 300w, https:\/\/detailspot.lt\/wp-content\/uploads\/2022\/10\/rupes_logo.png 360w\" sizes=\"auto, (max-width: 300px) 100vw, 300px\" \/><\/p>\n","protected":false},"excerpt":{"rendered":"<p>RUPES DUETTO LHR12E\/BAS POLISHING KIT The LHR12E with 12 mm wide orbit is recommended for use with fine abrasives. After the surface has been polished, the polishing process can be continued with the same tool by replacing the abrasive disc with a polishing sponge and polishing paste. This dual functionality thus enables the user to&hellip;<\/p>\n","protected":false},"featured_media":3917,"comment_status":"closed","ping_status":"closed","template":"","meta":[],"product_brand":[],"product_cat":[171,170],"product_tag":[252,253,192,194],"class_list":{"0":"post-7052","1":"product","2":"type-product","3":"status-publish","4":"has-post-thumbnail","6":"product_cat-polishing-machines","7":"product_cat-polishing-tools","8":"product_tag-bigfoot-en","9":"product_tag-polisher","10":"product_tag-polishing","11":"product_tag-rupes-en","12":"description-off","14":"first","15":"onbackorder","16":"taxable","17":"shipping-taxable","18":"purchasable","19":"product-type-simple"},"yoast_head":"<!-- This site is optimized with the Yoast SEO plugin v27.5 - https:\/\/yoast.com\/product\/yoast-seo-wordpress\/ -->\n<title>RUPES DUETTO LHR12E\/BAS POLISHING KIT - Detail Spot<\/title>\n<meta name=\"robots\" content=\"index, follow, max-snippet:-1, max-image-preview:large, max-video-preview:-1\" \/>\n<link rel=\"canonical\" href=\"https:\/\/detailspot.lt\/produktas\/rupes-duetto-lhr12e-bas-poliravimo-rinkinys\/\" \/>\n<meta property=\"og:locale\" content=\"en_US\" \/>\n<meta property=\"og:type\" content=\"article\" \/>\n<meta property=\"og:title\" content=\"RUPES DUETTO LHR12E\/BAS POLISHING KIT - Detail Spot\" \/>\n<meta property=\"og:description\" content=\"RUPES DUETTO LHR12E\/BAS POLISHING KIT The LHR12E with 12 mm wide orbit is recommended for use with fine abrasives. After the surface has been polished, the polishing process can be continued with the same tool by replacing the abrasive disc with a polishing sponge and polishing paste. This dual functionality thus enables the user to&hellip;\" \/>\n<meta property=\"og:url\" content=\"https:\/\/detailspot.lt\/produktas\/rupes-duetto-lhr12e-bas-poliravimo-rinkinys\/\" \/>\n<meta property=\"og:site_name\" content=\"Detail Spot\" \/>\n<meta property=\"article:publisher\" content=\"https:\/\/www.facebook.com\/profile.php?id=100039208338156\" \/>\n<meta property=\"og:image\" content=\"https:\/\/detailspot.lt\/wp-content\/uploads\/2022\/12\/rupes-bigfoot-lhr12e-duetto-lux-komplektas-kopija-1.jpg\" \/>\n\t<meta property=\"og:image:width\" content=\"965\" \/>\n\t<meta property=\"og:image:height\" content=\"965\" \/>\n\t<meta property=\"og:image:type\" content=\"image\/jpeg\" \/>\n<meta name=\"twitter:card\" content=\"summary_large_image\" \/>\n<meta name=\"twitter:label1\" content=\"Est. reading time\" \/>\n\t<meta name=\"twitter:data1\" content=\"1 minute\" \/>\n<script type=\"application\/ld+json\" class=\"yoast-schema-graph\">{\"@context\":\"https:\\\/\\\/schema.org\",\"@graph\":[{\"@type\":\"WebPage\",\"@id\":\"https:\\\/\\\/detailspot.lt\\\/produktas\\\/rupes-duetto-lhr12e-bas-poliravimo-rinkinys\\\/\",\"url\":\"https:\\\/\\\/detailspot.lt\\\/produktas\\\/rupes-duetto-lhr12e-bas-poliravimo-rinkinys\\\/\",\"name\":\"RUPES DUETTO LHR12E\\\/BAS POLISHING KIT - Detail Spot\",\"isPartOf\":{\"@id\":\"https:\\\/\\\/detailspot.lt\\\/#website\"},\"primaryImageOfPage\":{\"@id\":\"https:\\\/\\\/detailspot.lt\\\/produktas\\\/rupes-duetto-lhr12e-bas-poliravimo-rinkinys\\\/#primaryimage\"},\"image\":{\"@id\":\"https:\\\/\\\/detailspot.lt\\\/produktas\\\/rupes-duetto-lhr12e-bas-poliravimo-rinkinys\\\/#primaryimage\"},\"thumbnailUrl\":\"https:\\\/\\\/detailspot.lt\\\/wp-content\\\/uploads\\\/2022\\\/12\\\/rupes-bigfoot-lhr12e-duetto-lux-komplektas-kopija-1.jpg\",\"datePublished\":\"2022-12-02T13:14:17+00:00\",\"breadcrumb\":{\"@id\":\"https:\\\/\\\/detailspot.lt\\\/produktas\\\/rupes-duetto-lhr12e-bas-poliravimo-rinkinys\\\/#breadcrumb\"},\"inLanguage\":\"en-US\",\"potentialAction\":[{\"@type\":\"ReadAction\",\"target\":[\"https:\\\/\\\/detailspot.lt\\\/produktas\\\/rupes-duetto-lhr12e-bas-poliravimo-rinkinys\\\/\"]}]},{\"@type\":\"ImageObject\",\"inLanguage\":\"en-US\",\"@id\":\"https:\\\/\\\/detailspot.lt\\\/produktas\\\/rupes-duetto-lhr12e-bas-poliravimo-rinkinys\\\/#primaryimage\",\"url\":\"https:\\\/\\\/detailspot.lt\\\/wp-content\\\/uploads\\\/2022\\\/12\\\/rupes-bigfoot-lhr12e-duetto-lux-komplektas-kopija-1.jpg\",\"contentUrl\":\"https:\\\/\\\/detailspot.lt\\\/wp-content\\\/uploads\\\/2022\\\/12\\\/rupes-bigfoot-lhr12e-duetto-lux-komplektas-kopija-1.jpg\",\"width\":965,\"height\":965},{\"@type\":\"BreadcrumbList\",\"@id\":\"https:\\\/\\\/detailspot.lt\\\/produktas\\\/rupes-duetto-lhr12e-bas-poliravimo-rinkinys\\\/#breadcrumb\",\"itemListElement\":[{\"@type\":\"ListItem\",\"position\":1,\"name\":\"Home\",\"item\":\"https:\\\/\\\/detailspot.lt\\\/en\\\/\"},{\"@type\":\"ListItem\",\"position\":2,\"name\":\"Shop\",\"item\":\"https:\\\/\\\/detailspot.lt\\\/en\\\/parduotuve\\\/\"},{\"@type\":\"ListItem\",\"position\":3,\"name\":\"RUPES DUETTO LHR12E\\\/BAS POLISHING KIT\"}]},{\"@type\":\"WebSite\",\"@id\":\"https:\\\/\\\/detailspot.lt\\\/#website\",\"url\":\"https:\\\/\\\/detailspot.lt\\\/\",\"name\":\"Detail Spot\",\"description\":\"Automobili\u0173 prie\u017ei\u016bros priemon\u0117s\",\"publisher\":{\"@id\":\"https:\\\/\\\/detailspot.lt\\\/#organization\"},\"potentialAction\":[{\"@type\":\"SearchAction\",\"target\":{\"@type\":\"EntryPoint\",\"urlTemplate\":\"https:\\\/\\\/detailspot.lt\\\/?s={search_term_string}\"},\"query-input\":{\"@type\":\"PropertyValueSpecification\",\"valueRequired\":true,\"valueName\":\"search_term_string\"}}],\"inLanguage\":\"en-US\"},{\"@type\":\"Organization\",\"@id\":\"https:\\\/\\\/detailspot.lt\\\/#organization\",\"name\":\"Detail Spot\",\"url\":\"https:\\\/\\\/detailspot.lt\\\/\",\"logo\":{\"@type\":\"ImageObject\",\"inLanguage\":\"en-US\",\"@id\":\"https:\\\/\\\/detailspot.lt\\\/#\\\/schema\\\/logo\\\/image\\\/\",\"url\":\"https:\\\/\\\/detailspot.lt\\\/wp-content\\\/uploads\\\/2022\\\/10\\\/logo-original.svg\",\"contentUrl\":\"https:\\\/\\\/detailspot.lt\\\/wp-content\\\/uploads\\\/2022\\\/10\\\/logo-original.svg\",\"width\":1,\"height\":1,\"caption\":\"Detail Spot\"},\"image\":{\"@id\":\"https:\\\/\\\/detailspot.lt\\\/#\\\/schema\\\/logo\\\/image\\\/\"},\"sameAs\":[\"https:\\\/\\\/www.facebook.com\\\/profile.php?id=100039208338156\"]}]}<\/script>\n<!-- \/ Yoast SEO plugin. -->","yoast_head_json":{"title":"RUPES DUETTO LHR12E\/BAS POLISHING KIT - Detail Spot","robots":{"index":"index","follow":"follow","max-snippet":"max-snippet:-1","max-image-preview":"max-image-preview:large","max-video-preview":"max-video-preview:-1"},"canonical":"https:\/\/detailspot.lt\/produktas\/rupes-duetto-lhr12e-bas-poliravimo-rinkinys\/","og_locale":"en_US","og_type":"article","og_title":"RUPES DUETTO LHR12E\/BAS POLISHING KIT - Detail Spot","og_description":"RUPES DUETTO LHR12E\/BAS POLISHING KIT The LHR12E with 12 mm wide orbit is recommended for use with fine abrasives. After the surface has been polished, the polishing process can be continued with the same tool by replacing the abrasive disc with a polishing sponge and polishing paste. This dual functionality thus enables the user to&hellip;","og_url":"https:\/\/detailspot.lt\/produktas\/rupes-duetto-lhr12e-bas-poliravimo-rinkinys\/","og_site_name":"Detail Spot","article_publisher":"https:\/\/www.facebook.com\/profile.php?id=100039208338156","og_image":[{"width":965,"height":965,"url":"https:\/\/detailspot.lt\/wp-content\/uploads\/2022\/12\/rupes-bigfoot-lhr12e-duetto-lux-komplektas-kopija-1.jpg","type":"image\/jpeg"}],"twitter_card":"summary_large_image","twitter_misc":{"Est. reading time":"1 minute"},"schema":{"@context":"https:\/\/schema.org","@graph":[{"@type":"WebPage","@id":"https:\/\/detailspot.lt\/produktas\/rupes-duetto-lhr12e-bas-poliravimo-rinkinys\/","url":"https:\/\/detailspot.lt\/produktas\/rupes-duetto-lhr12e-bas-poliravimo-rinkinys\/","name":"RUPES DUETTO LHR12E\/BAS POLISHING KIT - Detail Spot","isPartOf":{"@id":"https:\/\/detailspot.lt\/#website"},"primaryImageOfPage":{"@id":"https:\/\/detailspot.lt\/produktas\/rupes-duetto-lhr12e-bas-poliravimo-rinkinys\/#primaryimage"},"image":{"@id":"https:\/\/detailspot.lt\/produktas\/rupes-duetto-lhr12e-bas-poliravimo-rinkinys\/#primaryimage"},"thumbnailUrl":"https:\/\/detailspot.lt\/wp-content\/uploads\/2022\/12\/rupes-bigfoot-lhr12e-duetto-lux-komplektas-kopija-1.jpg","datePublished":"2022-12-02T13:14:17+00:00","breadcrumb":{"@id":"https:\/\/detailspot.lt\/produktas\/rupes-duetto-lhr12e-bas-poliravimo-rinkinys\/#breadcrumb"},"inLanguage":"en-US","potentialAction":[{"@type":"ReadAction","target":["https:\/\/detailspot.lt\/produktas\/rupes-duetto-lhr12e-bas-poliravimo-rinkinys\/"]}]},{"@type":"ImageObject","inLanguage":"en-US","@id":"https:\/\/detailspot.lt\/produktas\/rupes-duetto-lhr12e-bas-poliravimo-rinkinys\/#primaryimage","url":"https:\/\/detailspot.lt\/wp-content\/uploads\/2022\/12\/rupes-bigfoot-lhr12e-duetto-lux-komplektas-kopija-1.jpg","contentUrl":"https:\/\/detailspot.lt\/wp-content\/uploads\/2022\/12\/rupes-bigfoot-lhr12e-duetto-lux-komplektas-kopija-1.jpg","width":965,"height":965},{"@type":"BreadcrumbList","@id":"https:\/\/detailspot.lt\/produktas\/rupes-duetto-lhr12e-bas-poliravimo-rinkinys\/#breadcrumb","itemListElement":[{"@type":"ListItem","position":1,"name":"Home","item":"https:\/\/detailspot.lt\/en\/"},{"@type":"ListItem","position":2,"name":"Shop","item":"https:\/\/detailspot.lt\/en\/parduotuve\/"},{"@type":"ListItem","position":3,"name":"RUPES DUETTO LHR12E\/BAS POLISHING KIT"}]},{"@type":"WebSite","@id":"https:\/\/detailspot.lt\/#website","url":"https:\/\/detailspot.lt\/","name":"Detail Spot","description":"Automobili\u0173 prie\u017ei\u016bros priemon\u0117s","publisher":{"@id":"https:\/\/detailspot.lt\/#organization"},"potentialAction":[{"@type":"SearchAction","target":{"@type":"EntryPoint","urlTemplate":"https:\/\/detailspot.lt\/?s={search_term_string}"},"query-input":{"@type":"PropertyValueSpecification","valueRequired":true,"valueName":"search_term_string"}}],"inLanguage":"en-US"},{"@type":"Organization","@id":"https:\/\/detailspot.lt\/#organization","name":"Detail Spot","url":"https:\/\/detailspot.lt\/","logo":{"@type":"ImageObject","inLanguage":"en-US","@id":"https:\/\/detailspot.lt\/#\/schema\/logo\/image\/","url":"https:\/\/detailspot.lt\/wp-content\/uploads\/2022\/10\/logo-original.svg","contentUrl":"https:\/\/detailspot.lt\/wp-content\/uploads\/2022\/10\/logo-original.svg","width":1,"height":1,"caption":"Detail Spot"},"image":{"@id":"https:\/\/detailspot.lt\/#\/schema\/logo\/image\/"},"sameAs":["https:\/\/www.facebook.com\/profile.php?id=100039208338156"]}]}},"_links":{"self":[{"href":"https:\/\/detailspot.lt\/en\/wp-json\/wp\/v2\/product\/7052","targetHints":{"allow":["GET"]}}],"collection":[{"href":"https:\/\/detailspot.lt\/en\/wp-json\/wp\/v2\/product"}],"about":[{"href":"https:\/\/detailspot.lt\/en\/wp-json\/wp\/v2\/types\/product"}],"replies":[{"embeddable":true,"href":"https:\/\/detailspot.lt\/en\/wp-json\/wp\/v2\/comments?post=7052"}],"wp:featuredmedia":[{"embeddable":true,"href":"https:\/\/detailspot.lt\/en\/wp-json\/wp\/v2\/media\/3917"}],"wp:attachment":[{"href":"https:\/\/detailspot.lt\/en\/wp-json\/wp\/v2\/media?parent=7052"}],"wp:term":[{"taxonomy":"product_brand","embeddable":true,"href":"https:\/\/detailspot.lt\/en\/wp-json\/wp\/v2\/product_brand?post=7052"},{"taxonomy":"product_cat","embeddable":true,"href":"https:\/\/detailspot.lt\/en\/wp-json\/wp\/v2\/product_cat?post=7052"},{"taxonomy":"product_tag","embeddable":true,"href":"https:\/\/detailspot.lt\/en\/wp-json\/wp\/v2\/product_tag?post=7052"}],"curies":[{"name":"wp","href":"https:\/\/api.w.org\/{rel}","templated":true}]}}