{"id":7049,"date":"2022-12-02T15:14:17","date_gmt":"2022-12-02T13:14:17","guid":{"rendered":"https:\/\/detailspot.lt\/produktas\/rupes-lhr21-mark-iii-bas-set\/"},"modified":"2022-12-02T15:14:17","modified_gmt":"2022-12-02T13:14:17","slug":"rupes-lhr21-mark-iii-bas-set","status":"publish","type":"product","link":"https:\/\/detailspot.lt\/en\/produktas\/rupes-lhr21-mark-iii-bas-set\/","title":{"rendered":"Rupes LHR21 Mark III BAS set"},"content":{"rendered":"<p>Rupes LHR21 Mark III BAS set &#8211;<\/p>\n<p>The set includes:<\/p>\n<ul>\n<li>1 x LHR21 MARK III orbital polisher<\/li>\n<li>1 x D-A COARSE polishing paste (250 ml).<\/li>\n<li>1 x D-A FINE polishing paste (250 ml).<\/li>\n<li>1 x Woolpad 9.BW180H (&#8220;Coarse&#8221;).<\/li>\n<li>1 x D-A FINE polishing pad 9.DA180M.<\/li>\n<li>2 x Microfibre cloths in different colours<\/li>\n<li>1 x Cable clamp<\/li>\n<\/ul>\n","protected":false},"excerpt":{"rendered":"<p>Rupes LHR21 Mark III BAS set &#8211; The set includes: 1 x LHR21 MARK III orbital polisher 1 x D-A COARSE polishing paste (250 ml). 1 x D-A FINE polishing paste (250 ml). 1 x Woolpad 9.BW180H (&#8220;Coarse&#8221;). 1 x D-A FINE polishing pad 9.DA180M. 2 x Microfibre cloths in different colours 1 x Cable&hellip;<\/p>\n","protected":false},"featured_media":3484,"comment_status":"closed","ping_status":"closed","template":"","meta":[],"product_brand":[],"product_cat":[171],"product_tag":[252,253,192,194],"class_list":{"0":"post-7049","1":"product","2":"type-product","3":"status-publish","4":"has-post-thumbnail","6":"product_cat-polishing-machines","7":"product_tag-bigfoot-en","8":"product_tag-polisher","9":"product_tag-polishing","10":"product_tag-rupes-en","11":"description-off","13":"first","14":"onbackorder","15":"taxable","16":"shipping-taxable","17":"purchasable","18":"product-type-simple"},"yoast_head":"<!-- This site is optimized with the Yoast SEO plugin v27.2 - https:\/\/yoast.com\/product\/yoast-seo-wordpress\/ -->\n<title>Rupes LHR21 Mark III BAS set - Detail Spot<\/title>\n<meta name=\"robots\" content=\"index, follow, max-snippet:-1, max-image-preview:large, max-video-preview:-1\" \/>\n<link rel=\"canonical\" href=\"https:\/\/detailspot.lt\/produktas\/rupes-lhr21-mark-iii-bas-set\/\" \/>\n<meta property=\"og:locale\" content=\"en_US\" \/>\n<meta property=\"og:type\" content=\"article\" \/>\n<meta property=\"og:title\" content=\"Rupes LHR21 Mark III BAS set - Detail Spot\" \/>\n<meta property=\"og:description\" content=\"Rupes LHR21 Mark III BAS set &#8211; The set includes: 1 x LHR21 MARK III orbital polisher 1 x D-A COARSE polishing paste (250 ml). 1 x D-A FINE polishing paste (250 ml). 1 x Woolpad 9.BW180H (&#8220;Coarse&#8221;). 1 x D-A FINE polishing pad 9.DA180M. 2 x Microfibre cloths in different colours 1 x Cable&hellip;\" \/>\n<meta property=\"og:url\" content=\"https:\/\/detailspot.lt\/produktas\/rupes-lhr21-mark-iii-bas-set\/\" \/>\n<meta property=\"og:site_name\" content=\"Detail Spot\" \/>\n<meta property=\"article:publisher\" content=\"https:\/\/www.facebook.com\/profile.php?id=100039208338156\" \/>\n<meta property=\"og:image\" content=\"https:\/\/detailspot.lt\/wp-content\/uploads\/2022\/05\/hero2.jpg\" \/>\n\t<meta property=\"og:image:width\" content=\"1920\" \/>\n\t<meta property=\"og:image:height\" content=\"1280\" \/>\n\t<meta property=\"og:image:type\" content=\"image\/jpeg\" \/>\n<meta name=\"twitter:card\" content=\"summary_large_image\" \/>\n<script type=\"application\/ld+json\" class=\"yoast-schema-graph\">{\"@context\":\"https:\/\/schema.org\",\"@graph\":[{\"@type\":\"WebPage\",\"@id\":\"https:\/\/detailspot.lt\/produktas\/rupes-lhr21-mark-iii-bas-set\/\",\"url\":\"https:\/\/detailspot.lt\/produktas\/rupes-lhr21-mark-iii-bas-set\/\",\"name\":\"Rupes LHR21 Mark III BAS set - Detail Spot\",\"isPartOf\":{\"@id\":\"https:\/\/detailspot.lt\/#website\"},\"primaryImageOfPage\":{\"@id\":\"https:\/\/detailspot.lt\/produktas\/rupes-lhr21-mark-iii-bas-set\/#primaryimage\"},\"image\":{\"@id\":\"https:\/\/detailspot.lt\/produktas\/rupes-lhr21-mark-iii-bas-set\/#primaryimage\"},\"thumbnailUrl\":\"https:\/\/detailspot.lt\/wp-content\/uploads\/2022\/05\/rsz_rupes-bigfoot-lhr21-mark-iii-standard-komplektas-2-1.jpg\",\"datePublished\":\"2022-12-02T13:14:17+00:00\",\"breadcrumb\":{\"@id\":\"https:\/\/detailspot.lt\/produktas\/rupes-lhr21-mark-iii-bas-set\/#breadcrumb\"},\"inLanguage\":\"en-US\",\"potentialAction\":[{\"@type\":\"ReadAction\",\"target\":[\"https:\/\/detailspot.lt\/produktas\/rupes-lhr21-mark-iii-bas-set\/\"]}]},{\"@type\":\"ImageObject\",\"inLanguage\":\"en-US\",\"@id\":\"https:\/\/detailspot.lt\/produktas\/rupes-lhr21-mark-iii-bas-set\/#primaryimage\",\"url\":\"https:\/\/detailspot.lt\/wp-content\/uploads\/2022\/05\/rsz_rupes-bigfoot-lhr21-mark-iii-standard-komplektas-2-1.jpg\",\"contentUrl\":\"https:\/\/detailspot.lt\/wp-content\/uploads\/2022\/05\/rsz_rupes-bigfoot-lhr21-mark-iii-standard-komplektas-2-1.jpg\",\"width\":297,\"height\":297},{\"@type\":\"BreadcrumbList\",\"@id\":\"https:\/\/detailspot.lt\/produktas\/rupes-lhr21-mark-iii-bas-set\/#breadcrumb\",\"itemListElement\":[{\"@type\":\"ListItem\",\"position\":1,\"name\":\"Home\",\"item\":\"https:\/\/detailspot.lt\/en\/\"},{\"@type\":\"ListItem\",\"position\":2,\"name\":\"Shop\",\"item\":\"https:\/\/detailspot.lt\/en\/parduotuve\/\"},{\"@type\":\"ListItem\",\"position\":3,\"name\":\"Rupes LHR21 Mark III BAS set\"}]},{\"@type\":\"WebSite\",\"@id\":\"https:\/\/detailspot.lt\/#website\",\"url\":\"https:\/\/detailspot.lt\/\",\"name\":\"Detail Spot\",\"description\":\"Automobili\u0173 prie\u017ei\u016bros priemon\u0117s\",\"publisher\":{\"@id\":\"https:\/\/detailspot.lt\/#organization\"},\"potentialAction\":[{\"@type\":\"SearchAction\",\"target\":{\"@type\":\"EntryPoint\",\"urlTemplate\":\"https:\/\/detailspot.lt\/?s={search_term_string}\"},\"query-input\":{\"@type\":\"PropertyValueSpecification\",\"valueRequired\":true,\"valueName\":\"search_term_string\"}}],\"inLanguage\":\"en-US\"},{\"@type\":\"Organization\",\"@id\":\"https:\/\/detailspot.lt\/#organization\",\"name\":\"Detail Spot\",\"url\":\"https:\/\/detailspot.lt\/\",\"logo\":{\"@type\":\"ImageObject\",\"inLanguage\":\"en-US\",\"@id\":\"https:\/\/detailspot.lt\/#\/schema\/logo\/image\/\",\"url\":\"https:\/\/detailspot.lt\/wp-content\/uploads\/2022\/10\/logo-original.svg\",\"contentUrl\":\"https:\/\/detailspot.lt\/wp-content\/uploads\/2022\/10\/logo-original.svg\",\"width\":1,\"height\":1,\"caption\":\"Detail Spot\"},\"image\":{\"@id\":\"https:\/\/detailspot.lt\/#\/schema\/logo\/image\/\"},\"sameAs\":[\"https:\/\/www.facebook.com\/profile.php?id=100039208338156\"]}]}<\/script>\n<!-- \/ Yoast SEO plugin. -->","yoast_head_json":{"title":"Rupes LHR21 Mark III BAS set - Detail Spot","robots":{"index":"index","follow":"follow","max-snippet":"max-snippet:-1","max-image-preview":"max-image-preview:large","max-video-preview":"max-video-preview:-1"},"canonical":"https:\/\/detailspot.lt\/produktas\/rupes-lhr21-mark-iii-bas-set\/","og_locale":"en_US","og_type":"article","og_title":"Rupes LHR21 Mark III BAS set - Detail Spot","og_description":"Rupes LHR21 Mark III BAS set &#8211; The set includes: 1 x LHR21 MARK III orbital polisher 1 x D-A COARSE polishing paste (250 ml). 1 x D-A FINE polishing paste (250 ml). 1 x Woolpad 9.BW180H (&#8220;Coarse&#8221;). 1 x D-A FINE polishing pad 9.DA180M. 2 x Microfibre cloths in different colours 1 x Cable&hellip;","og_url":"https:\/\/detailspot.lt\/produktas\/rupes-lhr21-mark-iii-bas-set\/","og_site_name":"Detail Spot","article_publisher":"https:\/\/www.facebook.com\/profile.php?id=100039208338156","og_image":[{"width":1920,"height":1280,"url":"https:\/\/detailspot.lt\/wp-content\/uploads\/2022\/05\/hero2.jpg","type":"image\/jpeg"}],"twitter_card":"summary_large_image","schema":{"@context":"https:\/\/schema.org","@graph":[{"@type":"WebPage","@id":"https:\/\/detailspot.lt\/produktas\/rupes-lhr21-mark-iii-bas-set\/","url":"https:\/\/detailspot.lt\/produktas\/rupes-lhr21-mark-iii-bas-set\/","name":"Rupes LHR21 Mark III BAS set - Detail Spot","isPartOf":{"@id":"https:\/\/detailspot.lt\/#website"},"primaryImageOfPage":{"@id":"https:\/\/detailspot.lt\/produktas\/rupes-lhr21-mark-iii-bas-set\/#primaryimage"},"image":{"@id":"https:\/\/detailspot.lt\/produktas\/rupes-lhr21-mark-iii-bas-set\/#primaryimage"},"thumbnailUrl":"https:\/\/detailspot.lt\/wp-content\/uploads\/2022\/05\/rsz_rupes-bigfoot-lhr21-mark-iii-standard-komplektas-2-1.jpg","datePublished":"2022-12-02T13:14:17+00:00","breadcrumb":{"@id":"https:\/\/detailspot.lt\/produktas\/rupes-lhr21-mark-iii-bas-set\/#breadcrumb"},"inLanguage":"en-US","potentialAction":[{"@type":"ReadAction","target":["https:\/\/detailspot.lt\/produktas\/rupes-lhr21-mark-iii-bas-set\/"]}]},{"@type":"ImageObject","inLanguage":"en-US","@id":"https:\/\/detailspot.lt\/produktas\/rupes-lhr21-mark-iii-bas-set\/#primaryimage","url":"https:\/\/detailspot.lt\/wp-content\/uploads\/2022\/05\/rsz_rupes-bigfoot-lhr21-mark-iii-standard-komplektas-2-1.jpg","contentUrl":"https:\/\/detailspot.lt\/wp-content\/uploads\/2022\/05\/rsz_rupes-bigfoot-lhr21-mark-iii-standard-komplektas-2-1.jpg","width":297,"height":297},{"@type":"BreadcrumbList","@id":"https:\/\/detailspot.lt\/produktas\/rupes-lhr21-mark-iii-bas-set\/#breadcrumb","itemListElement":[{"@type":"ListItem","position":1,"name":"Home","item":"https:\/\/detailspot.lt\/en\/"},{"@type":"ListItem","position":2,"name":"Shop","item":"https:\/\/detailspot.lt\/en\/parduotuve\/"},{"@type":"ListItem","position":3,"name":"Rupes LHR21 Mark III BAS set"}]},{"@type":"WebSite","@id":"https:\/\/detailspot.lt\/#website","url":"https:\/\/detailspot.lt\/","name":"Detail Spot","description":"Automobili\u0173 prie\u017ei\u016bros priemon\u0117s","publisher":{"@id":"https:\/\/detailspot.lt\/#organization"},"potentialAction":[{"@type":"SearchAction","target":{"@type":"EntryPoint","urlTemplate":"https:\/\/detailspot.lt\/?s={search_term_string}"},"query-input":{"@type":"PropertyValueSpecification","valueRequired":true,"valueName":"search_term_string"}}],"inLanguage":"en-US"},{"@type":"Organization","@id":"https:\/\/detailspot.lt\/#organization","name":"Detail Spot","url":"https:\/\/detailspot.lt\/","logo":{"@type":"ImageObject","inLanguage":"en-US","@id":"https:\/\/detailspot.lt\/#\/schema\/logo\/image\/","url":"https:\/\/detailspot.lt\/wp-content\/uploads\/2022\/10\/logo-original.svg","contentUrl":"https:\/\/detailspot.lt\/wp-content\/uploads\/2022\/10\/logo-original.svg","width":1,"height":1,"caption":"Detail Spot"},"image":{"@id":"https:\/\/detailspot.lt\/#\/schema\/logo\/image\/"},"sameAs":["https:\/\/www.facebook.com\/profile.php?id=100039208338156"]}]}},"_links":{"self":[{"href":"https:\/\/detailspot.lt\/en\/wp-json\/wp\/v2\/product\/7049","targetHints":{"allow":["GET"]}}],"collection":[{"href":"https:\/\/detailspot.lt\/en\/wp-json\/wp\/v2\/product"}],"about":[{"href":"https:\/\/detailspot.lt\/en\/wp-json\/wp\/v2\/types\/product"}],"replies":[{"embeddable":true,"href":"https:\/\/detailspot.lt\/en\/wp-json\/wp\/v2\/comments?post=7049"}],"wp:featuredmedia":[{"embeddable":true,"href":"https:\/\/detailspot.lt\/en\/wp-json\/wp\/v2\/media\/3484"}],"wp:attachment":[{"href":"https:\/\/detailspot.lt\/en\/wp-json\/wp\/v2\/media?parent=7049"}],"wp:term":[{"taxonomy":"product_brand","embeddable":true,"href":"https:\/\/detailspot.lt\/en\/wp-json\/wp\/v2\/product_brand?post=7049"},{"taxonomy":"product_cat","embeddable":true,"href":"https:\/\/detailspot.lt\/en\/wp-json\/wp\/v2\/product_cat?post=7049"},{"taxonomy":"product_tag","embeddable":true,"href":"https:\/\/detailspot.lt\/en\/wp-json\/wp\/v2\/product_tag?post=7049"}],"curies":[{"name":"wp","href":"https:\/\/api.w.org\/{rel}","templated":true}]}}