{"id":7047,"date":"2022-12-02T15:14:16","date_gmt":"2022-12-02T13:14:16","guid":{"rendered":"https:\/\/detailspot.lt\/produktas\/rupes-lhr15-mark-iii-lux-polishing-machines-set\/"},"modified":"2022-12-02T15:14:16","modified_gmt":"2022-12-02T13:14:16","slug":"rupes-lhr15-mark-iii-lux-polishing-machines-set","status":"publish","type":"product","link":"https:\/\/detailspot.lt\/en\/produktas\/rupes-lhr15-mark-iii-lux-polishing-machines-set\/","title":{"rendered":"RUPES LHR15 MARK III LUX Polishing Machines Set"},"content":{"rendered":"<p class=\"rtejustify\"><strong>RUPES LHR15 MARK III LUX<\/strong> &#8211; The LHR15 polishing tool with a \u00d8 15 mm orbit and \u00d8 125 mm support pad and eccentric orbital spindles makes it particularly suitable for uneven surfaces. The LHR15 tool, with its 15 mm orbit, is shorter than its &#8220;big brother&#8221; LHR21, but to compensate for this, technologists have designed a higher-speed motor for the tool. Despite the lower orbit, the higher working speed gives the LHR15 the same aggressive polishing power as the LHR21. With a polishing sponge diameter of 150 mm and a perfectly balanced, vibration-free design, the LHR15 is a real gem and a must-have on the shelf of people who polish every day.<\/p>\n<p class=\"rtejustify\">RUPES LHR15 MARK III LUX Polishing Machine Set includes:<\/p>\n<p class=\"rtejustify\">1 x LHR15 MARK III orbital polisher.<br \/>\n1 x D-A Coarse coarse polishing paste (250 ml).<br \/>\n1 x D-A Fine polishing paste (250 ml).<br \/>\n1 x UNO Protect One-Step polishing paste (250 ml)<br \/>\n1 x 9.BW150H woolpad (Coarse).<br \/>\n1 x 9.BW150M woolpad (Fine).<br \/>\n1 x 9.DA150H Coarse polishing sponge (D-A Coarse).<br \/>\n1 x 9.DA150M Fine polishing pad (D-A Fine).<br \/>\n3 x microfibre cloths in different colours.<br \/>\n1 x 9.Z1043\/BF Bigfoot bag.<br \/>\n1 x 9.Z1024 Cable clamp.<br \/>\n1 x 9.Z868 BIGFOOT apron.<br \/>\n1 x 9.BF7001 Sponge cleaning tool.<\/p>\n<p>&nbsp;<\/p>\n<p>&nbsp;<\/p>\n<p style=\"text-align: center;\"><img loading=\"lazy\" decoding=\"async\" class=\"alignnone wp-image-1063\" src=\"https:\/\/detailspot.lt\/wp-content\/uploads\/2022\/10\/rupes_logo-300x150.png\" alt=\"\" width=\"206\" height=\"103\" srcset=\"https:\/\/detailspot.lt\/wp-content\/uploads\/2022\/10\/rupes_logo-300x150.png 300w, https:\/\/detailspot.lt\/wp-content\/uploads\/2022\/10\/rupes_logo.png 360w\" sizes=\"auto, (max-width: 206px) 100vw, 206px\" \/><\/p>\n","protected":false},"excerpt":{"rendered":"<p>RUPES LHR15 MARK III LUX &#8211; The LHR15 polishing tool with a \u00d8 15 mm orbit and \u00d8 125 mm support pad and eccentric orbital spindles makes it particularly suitable for uneven surfaces. The LHR15 tool, with its 15 mm orbit, is shorter than its &#8220;big brother&#8221; LHR21, but to compensate for this, technologists have&hellip;<\/p>\n","protected":false},"featured_media":3928,"comment_status":"closed","ping_status":"closed","template":"","meta":[],"product_brand":[],"product_cat":[171,170],"product_tag":[252,253,192,194],"class_list":{"0":"post-7047","1":"product","2":"type-product","3":"status-publish","4":"has-post-thumbnail","6":"product_cat-polishing-machines","7":"product_cat-polishing-tools","8":"product_tag-bigfoot-en","9":"product_tag-polisher","10":"product_tag-polishing","11":"product_tag-rupes-en","12":"description-off","14":"first","15":"onbackorder","16":"sale","17":"taxable","18":"shipping-taxable","19":"purchasable","20":"product-type-simple"},"yoast_head":"<!-- This site is optimized with the Yoast SEO plugin v27.4 - https:\/\/yoast.com\/product\/yoast-seo-wordpress\/ -->\n<title>RUPES LHR15 MARK III LUX Polishing Machines Set - Detail Spot<\/title>\n<meta name=\"robots\" content=\"index, follow, max-snippet:-1, max-image-preview:large, max-video-preview:-1\" \/>\n<link rel=\"canonical\" href=\"https:\/\/detailspot.lt\/produktas\/rupes-lhr15-mark-iii-lux-polishing-machines-set\/\" \/>\n<meta property=\"og:locale\" content=\"en_US\" \/>\n<meta property=\"og:type\" content=\"article\" \/>\n<meta property=\"og:title\" content=\"RUPES LHR15 MARK III LUX Polishing Machines Set - Detail Spot\" \/>\n<meta property=\"og:description\" content=\"RUPES LHR15 MARK III LUX &#8211; The LHR15 polishing tool with a \u00d8 15 mm orbit and \u00d8 125 mm support pad and eccentric orbital spindles makes it particularly suitable for uneven surfaces. The LHR15 tool, with its 15 mm orbit, is shorter than its &#8220;big brother&#8221; LHR21, but to compensate for this, technologists have&hellip;\" \/>\n<meta property=\"og:url\" content=\"https:\/\/detailspot.lt\/produktas\/rupes-lhr15-mark-iii-lux-polishing-machines-set\/\" \/>\n<meta property=\"og:site_name\" content=\"Detail Spot\" \/>\n<meta property=\"article:publisher\" content=\"https:\/\/www.facebook.com\/profile.php?id=100039208338156\" \/>\n<meta property=\"og:image\" content=\"https:\/\/detailspot.lt\/wp-content\/uploads\/2022\/10\/rupes_logo-300x150.png\" \/>\n<meta name=\"twitter:card\" content=\"summary_large_image\" \/>\n<meta name=\"twitter:label1\" content=\"Est. reading time\" \/>\n\t<meta name=\"twitter:data1\" content=\"1 minute\" \/>\n<script type=\"application\/ld+json\" class=\"yoast-schema-graph\">{\"@context\":\"https:\\\/\\\/schema.org\",\"@graph\":[{\"@type\":\"WebPage\",\"@id\":\"https:\\\/\\\/detailspot.lt\\\/produktas\\\/rupes-lhr15-mark-iii-lux-polishing-machines-set\\\/\",\"url\":\"https:\\\/\\\/detailspot.lt\\\/produktas\\\/rupes-lhr15-mark-iii-lux-polishing-machines-set\\\/\",\"name\":\"RUPES LHR15 MARK III LUX Polishing Machines Set - Detail Spot\",\"isPartOf\":{\"@id\":\"https:\\\/\\\/detailspot.lt\\\/#website\"},\"primaryImageOfPage\":{\"@id\":\"https:\\\/\\\/detailspot.lt\\\/produktas\\\/rupes-lhr15-mark-iii-lux-polishing-machines-set\\\/#primaryimage\"},\"image\":{\"@id\":\"https:\\\/\\\/detailspot.lt\\\/produktas\\\/rupes-lhr15-mark-iii-lux-polishing-machines-set\\\/#primaryimage\"},\"thumbnailUrl\":\"https:\\\/\\\/detailspot.lt\\\/wp-content\\\/uploads\\\/2022\\\/12\\\/rupes-poliravimo-rinkinys-bigfoot-lhr15-mark-iii-deluxe-5-1.jpg\",\"datePublished\":\"2022-12-02T13:14:16+00:00\",\"breadcrumb\":{\"@id\":\"https:\\\/\\\/detailspot.lt\\\/produktas\\\/rupes-lhr15-mark-iii-lux-polishing-machines-set\\\/#breadcrumb\"},\"inLanguage\":\"en-US\",\"potentialAction\":[{\"@type\":\"ReadAction\",\"target\":[\"https:\\\/\\\/detailspot.lt\\\/produktas\\\/rupes-lhr15-mark-iii-lux-polishing-machines-set\\\/\"]}]},{\"@type\":\"ImageObject\",\"inLanguage\":\"en-US\",\"@id\":\"https:\\\/\\\/detailspot.lt\\\/produktas\\\/rupes-lhr15-mark-iii-lux-polishing-machines-set\\\/#primaryimage\",\"url\":\"https:\\\/\\\/detailspot.lt\\\/wp-content\\\/uploads\\\/2022\\\/12\\\/rupes-poliravimo-rinkinys-bigfoot-lhr15-mark-iii-deluxe-5-1.jpg\",\"contentUrl\":\"https:\\\/\\\/detailspot.lt\\\/wp-content\\\/uploads\\\/2022\\\/12\\\/rupes-poliravimo-rinkinys-bigfoot-lhr15-mark-iii-deluxe-5-1.jpg\",\"width\":871,\"height\":871},{\"@type\":\"BreadcrumbList\",\"@id\":\"https:\\\/\\\/detailspot.lt\\\/produktas\\\/rupes-lhr15-mark-iii-lux-polishing-machines-set\\\/#breadcrumb\",\"itemListElement\":[{\"@type\":\"ListItem\",\"position\":1,\"name\":\"Home\",\"item\":\"https:\\\/\\\/detailspot.lt\\\/en\\\/\"},{\"@type\":\"ListItem\",\"position\":2,\"name\":\"Shop\",\"item\":\"https:\\\/\\\/detailspot.lt\\\/en\\\/parduotuve\\\/\"},{\"@type\":\"ListItem\",\"position\":3,\"name\":\"RUPES LHR15 MARK III LUX Polishing Machines Set\"}]},{\"@type\":\"WebSite\",\"@id\":\"https:\\\/\\\/detailspot.lt\\\/#website\",\"url\":\"https:\\\/\\\/detailspot.lt\\\/\",\"name\":\"Detail Spot\",\"description\":\"Automobili\u0173 prie\u017ei\u016bros priemon\u0117s\",\"publisher\":{\"@id\":\"https:\\\/\\\/detailspot.lt\\\/#organization\"},\"potentialAction\":[{\"@type\":\"SearchAction\",\"target\":{\"@type\":\"EntryPoint\",\"urlTemplate\":\"https:\\\/\\\/detailspot.lt\\\/?s={search_term_string}\"},\"query-input\":{\"@type\":\"PropertyValueSpecification\",\"valueRequired\":true,\"valueName\":\"search_term_string\"}}],\"inLanguage\":\"en-US\"},{\"@type\":\"Organization\",\"@id\":\"https:\\\/\\\/detailspot.lt\\\/#organization\",\"name\":\"Detail Spot\",\"url\":\"https:\\\/\\\/detailspot.lt\\\/\",\"logo\":{\"@type\":\"ImageObject\",\"inLanguage\":\"en-US\",\"@id\":\"https:\\\/\\\/detailspot.lt\\\/#\\\/schema\\\/logo\\\/image\\\/\",\"url\":\"https:\\\/\\\/detailspot.lt\\\/wp-content\\\/uploads\\\/2022\\\/10\\\/logo-original.svg\",\"contentUrl\":\"https:\\\/\\\/detailspot.lt\\\/wp-content\\\/uploads\\\/2022\\\/10\\\/logo-original.svg\",\"width\":1,\"height\":1,\"caption\":\"Detail Spot\"},\"image\":{\"@id\":\"https:\\\/\\\/detailspot.lt\\\/#\\\/schema\\\/logo\\\/image\\\/\"},\"sameAs\":[\"https:\\\/\\\/www.facebook.com\\\/profile.php?id=100039208338156\"]}]}<\/script>\n<!-- \/ Yoast SEO plugin. -->","yoast_head_json":{"title":"RUPES LHR15 MARK III LUX Polishing Machines Set - Detail Spot","robots":{"index":"index","follow":"follow","max-snippet":"max-snippet:-1","max-image-preview":"max-image-preview:large","max-video-preview":"max-video-preview:-1"},"canonical":"https:\/\/detailspot.lt\/produktas\/rupes-lhr15-mark-iii-lux-polishing-machines-set\/","og_locale":"en_US","og_type":"article","og_title":"RUPES LHR15 MARK III LUX Polishing Machines Set - Detail Spot","og_description":"RUPES LHR15 MARK III LUX &#8211; The LHR15 polishing tool with a \u00d8 15 mm orbit and \u00d8 125 mm support pad and eccentric orbital spindles makes it particularly suitable for uneven surfaces. The LHR15 tool, with its 15 mm orbit, is shorter than its &#8220;big brother&#8221; LHR21, but to compensate for this, technologists have&hellip;","og_url":"https:\/\/detailspot.lt\/produktas\/rupes-lhr15-mark-iii-lux-polishing-machines-set\/","og_site_name":"Detail Spot","article_publisher":"https:\/\/www.facebook.com\/profile.php?id=100039208338156","og_image":[{"url":"https:\/\/detailspot.lt\/wp-content\/uploads\/2022\/10\/rupes_logo-300x150.png","type":"","width":"","height":""}],"twitter_card":"summary_large_image","twitter_misc":{"Est. reading time":"1 minute"},"schema":{"@context":"https:\/\/schema.org","@graph":[{"@type":"WebPage","@id":"https:\/\/detailspot.lt\/produktas\/rupes-lhr15-mark-iii-lux-polishing-machines-set\/","url":"https:\/\/detailspot.lt\/produktas\/rupes-lhr15-mark-iii-lux-polishing-machines-set\/","name":"RUPES LHR15 MARK III LUX Polishing Machines Set - Detail Spot","isPartOf":{"@id":"https:\/\/detailspot.lt\/#website"},"primaryImageOfPage":{"@id":"https:\/\/detailspot.lt\/produktas\/rupes-lhr15-mark-iii-lux-polishing-machines-set\/#primaryimage"},"image":{"@id":"https:\/\/detailspot.lt\/produktas\/rupes-lhr15-mark-iii-lux-polishing-machines-set\/#primaryimage"},"thumbnailUrl":"https:\/\/detailspot.lt\/wp-content\/uploads\/2022\/12\/rupes-poliravimo-rinkinys-bigfoot-lhr15-mark-iii-deluxe-5-1.jpg","datePublished":"2022-12-02T13:14:16+00:00","breadcrumb":{"@id":"https:\/\/detailspot.lt\/produktas\/rupes-lhr15-mark-iii-lux-polishing-machines-set\/#breadcrumb"},"inLanguage":"en-US","potentialAction":[{"@type":"ReadAction","target":["https:\/\/detailspot.lt\/produktas\/rupes-lhr15-mark-iii-lux-polishing-machines-set\/"]}]},{"@type":"ImageObject","inLanguage":"en-US","@id":"https:\/\/detailspot.lt\/produktas\/rupes-lhr15-mark-iii-lux-polishing-machines-set\/#primaryimage","url":"https:\/\/detailspot.lt\/wp-content\/uploads\/2022\/12\/rupes-poliravimo-rinkinys-bigfoot-lhr15-mark-iii-deluxe-5-1.jpg","contentUrl":"https:\/\/detailspot.lt\/wp-content\/uploads\/2022\/12\/rupes-poliravimo-rinkinys-bigfoot-lhr15-mark-iii-deluxe-5-1.jpg","width":871,"height":871},{"@type":"BreadcrumbList","@id":"https:\/\/detailspot.lt\/produktas\/rupes-lhr15-mark-iii-lux-polishing-machines-set\/#breadcrumb","itemListElement":[{"@type":"ListItem","position":1,"name":"Home","item":"https:\/\/detailspot.lt\/en\/"},{"@type":"ListItem","position":2,"name":"Shop","item":"https:\/\/detailspot.lt\/en\/parduotuve\/"},{"@type":"ListItem","position":3,"name":"RUPES LHR15 MARK III LUX Polishing Machines Set"}]},{"@type":"WebSite","@id":"https:\/\/detailspot.lt\/#website","url":"https:\/\/detailspot.lt\/","name":"Detail Spot","description":"Automobili\u0173 prie\u017ei\u016bros priemon\u0117s","publisher":{"@id":"https:\/\/detailspot.lt\/#organization"},"potentialAction":[{"@type":"SearchAction","target":{"@type":"EntryPoint","urlTemplate":"https:\/\/detailspot.lt\/?s={search_term_string}"},"query-input":{"@type":"PropertyValueSpecification","valueRequired":true,"valueName":"search_term_string"}}],"inLanguage":"en-US"},{"@type":"Organization","@id":"https:\/\/detailspot.lt\/#organization","name":"Detail Spot","url":"https:\/\/detailspot.lt\/","logo":{"@type":"ImageObject","inLanguage":"en-US","@id":"https:\/\/detailspot.lt\/#\/schema\/logo\/image\/","url":"https:\/\/detailspot.lt\/wp-content\/uploads\/2022\/10\/logo-original.svg","contentUrl":"https:\/\/detailspot.lt\/wp-content\/uploads\/2022\/10\/logo-original.svg","width":1,"height":1,"caption":"Detail Spot"},"image":{"@id":"https:\/\/detailspot.lt\/#\/schema\/logo\/image\/"},"sameAs":["https:\/\/www.facebook.com\/profile.php?id=100039208338156"]}]}},"_links":{"self":[{"href":"https:\/\/detailspot.lt\/en\/wp-json\/wp\/v2\/product\/7047","targetHints":{"allow":["GET"]}}],"collection":[{"href":"https:\/\/detailspot.lt\/en\/wp-json\/wp\/v2\/product"}],"about":[{"href":"https:\/\/detailspot.lt\/en\/wp-json\/wp\/v2\/types\/product"}],"replies":[{"embeddable":true,"href":"https:\/\/detailspot.lt\/en\/wp-json\/wp\/v2\/comments?post=7047"}],"wp:featuredmedia":[{"embeddable":true,"href":"https:\/\/detailspot.lt\/en\/wp-json\/wp\/v2\/media\/3928"}],"wp:attachment":[{"href":"https:\/\/detailspot.lt\/en\/wp-json\/wp\/v2\/media?parent=7047"}],"wp:term":[{"taxonomy":"product_brand","embeddable":true,"href":"https:\/\/detailspot.lt\/en\/wp-json\/wp\/v2\/product_brand?post=7047"},{"taxonomy":"product_cat","embeddable":true,"href":"https:\/\/detailspot.lt\/en\/wp-json\/wp\/v2\/product_cat?post=7047"},{"taxonomy":"product_tag","embeddable":true,"href":"https:\/\/detailspot.lt\/en\/wp-json\/wp\/v2\/product_tag?post=7047"}],"curies":[{"name":"wp","href":"https:\/\/api.w.org\/{rel}","templated":true}]}}