{"id":7039,"date":"2022-12-02T15:14:10","date_gmt":"2022-12-02T13:14:10","guid":{"rendered":"https:\/\/detailspot.lt\/produktas\/carpro-immolube-lubricant\/"},"modified":"2022-12-02T15:14:10","modified_gmt":"2022-12-02T13:14:10","slug":"carpro-immolube-lubricant","status":"publish","type":"product","link":"https:\/\/detailspot.lt\/en\/produktas\/carpro-immolube-lubricant\/","title":{"rendered":"CarPro ImmoLube lubricant"},"content":{"rendered":"<h1><strong>CarPro ImmoLube<\/strong><\/h1>\n<p>The lubricant is designed to reduce friction when treating the surface with cleaning clay, thereby reducing the number of defects that can be caused. Immolube can be used for clay cleaning, scrubbing or polishing. The slippery and non-viscous liquid reduces unwanted surface scratching and, as it does not contain any polymers or gloss promoters, the finished surface leaves a realistic result. This is particularly useful when sanding painted parts to remove defects in the painting process e.g. dust abrasion<\/p>\n<p>&nbsp;<\/p>\n<p style=\"text-align: center;\"><img loading=\"lazy\" decoding=\"async\" class=\"alignnone size-medium wp-image-1094\" src=\"https:\/\/detailspot.lt\/wp-content\/uploads\/2022\/11\/Carpro_Logo-e1669668109412-300x62.png\" alt=\"\" width=\"300\" height=\"62\" srcset=\"https:\/\/detailspot.lt\/wp-content\/uploads\/2022\/11\/Carpro_Logo-e1669668109412-300x62.png 300w, https:\/\/detailspot.lt\/wp-content\/uploads\/2022\/11\/Carpro_Logo-e1669668109412-768x160.png 768w, https:\/\/detailspot.lt\/wp-content\/uploads\/2022\/11\/Carpro_Logo-e1669668109412-600x125.png 600w, https:\/\/detailspot.lt\/wp-content\/uploads\/2022\/11\/Carpro_Logo-e1669668109412-64x13.png 64w, https:\/\/detailspot.lt\/wp-content\/uploads\/2022\/11\/Carpro_Logo-e1669668109412.png 1000w\" sizes=\"auto, (max-width: 300px) 100vw, 300px\" \/><\/p>\n","protected":false},"excerpt":{"rendered":"<p>CarPro ImmoLube The lubricant is designed to reduce friction when treating the surface with cleaning clay, thereby reducing the number of defects that can be caused. Immolube can be used for clay cleaning, scrubbing or polishing. The slippery and non-viscous liquid reduces unwanted surface scratching and, as it does not contain any polymers or gloss&hellip;<\/p>\n","protected":false},"featured_media":3807,"comment_status":"closed","ping_status":"closed","template":"","meta":[],"product_brand":[],"product_cat":[160,164,162],"product_tag":[254],"class_list":{"0":"post-7039","1":"product","2":"type-product","3":"status-publish","4":"has-post-thumbnail","6":"product_cat-exterior","7":"product_cat-shampoos-and-cleansers","8":"product_cat-surface-preparation","9":"product_tag-carpro-en","10":"description-off","12":"first","13":"instock","14":"taxable","15":"shipping-taxable","16":"purchasable","17":"product-type-variable"},"yoast_head":"<!-- This site is optimized with the Yoast SEO plugin v27.4 - https:\/\/yoast.com\/product\/yoast-seo-wordpress\/ -->\n<title>CarPro ImmoLube lubricant - Detail Spot<\/title>\n<meta name=\"description\" content=\"CarPro ImmoLube lubricant Lubricant designed to reduce friction when treating the surface with cleaning clay, thereby reducing the number of defects\" \/>\n<meta name=\"robots\" content=\"index, follow, max-snippet:-1, max-image-preview:large, max-video-preview:-1\" \/>\n<link rel=\"canonical\" href=\"https:\/\/detailspot.lt\/en\/produktas\/carpro-immolube-lubricant\/\" \/>\n<meta property=\"og:locale\" content=\"en_US\" \/>\n<meta property=\"og:type\" content=\"article\" \/>\n<meta property=\"og:title\" content=\"CarPro ImmoLube lubricant - Detail Spot\" \/>\n<meta property=\"og:description\" content=\"CarPro ImmoLube lubricant Lubricant designed to reduce friction when treating the surface with cleaning clay, thereby reducing the number of defects\" \/>\n<meta property=\"og:url\" content=\"https:\/\/detailspot.lt\/en\/produktas\/carpro-immolube-lubricant\/\" \/>\n<meta property=\"og:site_name\" content=\"Detail Spot\" \/>\n<meta property=\"article:publisher\" content=\"https:\/\/www.facebook.com\/profile.php?id=100039208338156\" \/>\n<meta property=\"og:image\" content=\"https:\/\/detailspot.lt\/wp-content\/uploads\/2022\/12\/carpro-immolube-lubrikantas-1-1.jpg\" \/>\n\t<meta property=\"og:image:width\" content=\"1188\" \/>\n\t<meta property=\"og:image:height\" content=\"1188\" \/>\n\t<meta property=\"og:image:type\" content=\"image\/jpeg\" \/>\n<meta name=\"twitter:card\" content=\"summary_large_image\" \/>\n<script type=\"application\/ld+json\" class=\"yoast-schema-graph\">{\"@context\":\"https:\\\/\\\/schema.org\",\"@graph\":[{\"@type\":\"WebPage\",\"@id\":\"https:\\\/\\\/detailspot.lt\\\/en\\\/produktas\\\/carpro-immolube-lubricant\\\/\",\"url\":\"https:\\\/\\\/detailspot.lt\\\/en\\\/produktas\\\/carpro-immolube-lubricant\\\/\",\"name\":\"CarPro ImmoLube lubricant - Detail Spot\",\"isPartOf\":{\"@id\":\"https:\\\/\\\/detailspot.lt\\\/#website\"},\"primaryImageOfPage\":{\"@id\":\"https:\\\/\\\/detailspot.lt\\\/en\\\/produktas\\\/carpro-immolube-lubricant\\\/#primaryimage\"},\"image\":{\"@id\":\"https:\\\/\\\/detailspot.lt\\\/en\\\/produktas\\\/carpro-immolube-lubricant\\\/#primaryimage\"},\"thumbnailUrl\":\"https:\\\/\\\/detailspot.lt\\\/wp-content\\\/uploads\\\/2022\\\/12\\\/carpro-immolube-lubrikantas-1-1.jpg\",\"datePublished\":\"2022-12-02T13:14:10+00:00\",\"description\":\"CarPro ImmoLube lubricant Lubricant designed to reduce friction when treating the surface with cleaning clay, thereby reducing the number of defects\",\"breadcrumb\":{\"@id\":\"https:\\\/\\\/detailspot.lt\\\/en\\\/produktas\\\/carpro-immolube-lubricant\\\/#breadcrumb\"},\"inLanguage\":\"en-US\",\"potentialAction\":[{\"@type\":\"ReadAction\",\"target\":[\"https:\\\/\\\/detailspot.lt\\\/en\\\/produktas\\\/carpro-immolube-lubricant\\\/\"]}]},{\"@type\":\"ImageObject\",\"inLanguage\":\"en-US\",\"@id\":\"https:\\\/\\\/detailspot.lt\\\/en\\\/produktas\\\/carpro-immolube-lubricant\\\/#primaryimage\",\"url\":\"https:\\\/\\\/detailspot.lt\\\/wp-content\\\/uploads\\\/2022\\\/12\\\/carpro-immolube-lubrikantas-1-1.jpg\",\"contentUrl\":\"https:\\\/\\\/detailspot.lt\\\/wp-content\\\/uploads\\\/2022\\\/12\\\/carpro-immolube-lubrikantas-1-1.jpg\",\"width\":1188,\"height\":1188},{\"@type\":\"BreadcrumbList\",\"@id\":\"https:\\\/\\\/detailspot.lt\\\/en\\\/produktas\\\/carpro-immolube-lubricant\\\/#breadcrumb\",\"itemListElement\":[{\"@type\":\"ListItem\",\"position\":1,\"name\":\"Home\",\"item\":\"https:\\\/\\\/detailspot.lt\\\/en\\\/\"},{\"@type\":\"ListItem\",\"position\":2,\"name\":\"Shop\",\"item\":\"https:\\\/\\\/detailspot.lt\\\/en\\\/parduotuve\\\/\"},{\"@type\":\"ListItem\",\"position\":3,\"name\":\"CarPro ImmoLube lubricant\"}]},{\"@type\":\"WebSite\",\"@id\":\"https:\\\/\\\/detailspot.lt\\\/#website\",\"url\":\"https:\\\/\\\/detailspot.lt\\\/\",\"name\":\"Detail Spot\",\"description\":\"Automobili\u0173 prie\u017ei\u016bros priemon\u0117s\",\"publisher\":{\"@id\":\"https:\\\/\\\/detailspot.lt\\\/#organization\"},\"potentialAction\":[{\"@type\":\"SearchAction\",\"target\":{\"@type\":\"EntryPoint\",\"urlTemplate\":\"https:\\\/\\\/detailspot.lt\\\/?s={search_term_string}\"},\"query-input\":{\"@type\":\"PropertyValueSpecification\",\"valueRequired\":true,\"valueName\":\"search_term_string\"}}],\"inLanguage\":\"en-US\"},{\"@type\":\"Organization\",\"@id\":\"https:\\\/\\\/detailspot.lt\\\/#organization\",\"name\":\"Detail Spot\",\"url\":\"https:\\\/\\\/detailspot.lt\\\/\",\"logo\":{\"@type\":\"ImageObject\",\"inLanguage\":\"en-US\",\"@id\":\"https:\\\/\\\/detailspot.lt\\\/#\\\/schema\\\/logo\\\/image\\\/\",\"url\":\"https:\\\/\\\/detailspot.lt\\\/wp-content\\\/uploads\\\/2022\\\/10\\\/logo-original.svg\",\"contentUrl\":\"https:\\\/\\\/detailspot.lt\\\/wp-content\\\/uploads\\\/2022\\\/10\\\/logo-original.svg\",\"width\":1,\"height\":1,\"caption\":\"Detail Spot\"},\"image\":{\"@id\":\"https:\\\/\\\/detailspot.lt\\\/#\\\/schema\\\/logo\\\/image\\\/\"},\"sameAs\":[\"https:\\\/\\\/www.facebook.com\\\/profile.php?id=100039208338156\"]}]}<\/script>\n<!-- \/ Yoast SEO plugin. -->","yoast_head_json":{"title":"CarPro ImmoLube lubricant - Detail Spot","description":"CarPro ImmoLube lubricant Lubricant designed to reduce friction when treating the surface with cleaning clay, thereby reducing the number of defects","robots":{"index":"index","follow":"follow","max-snippet":"max-snippet:-1","max-image-preview":"max-image-preview:large","max-video-preview":"max-video-preview:-1"},"canonical":"https:\/\/detailspot.lt\/en\/produktas\/carpro-immolube-lubricant\/","og_locale":"en_US","og_type":"article","og_title":"CarPro ImmoLube lubricant - Detail Spot","og_description":"CarPro ImmoLube lubricant Lubricant designed to reduce friction when treating the surface with cleaning clay, thereby reducing the number of defects","og_url":"https:\/\/detailspot.lt\/en\/produktas\/carpro-immolube-lubricant\/","og_site_name":"Detail Spot","article_publisher":"https:\/\/www.facebook.com\/profile.php?id=100039208338156","og_image":[{"width":1188,"height":1188,"url":"https:\/\/detailspot.lt\/wp-content\/uploads\/2022\/12\/carpro-immolube-lubrikantas-1-1.jpg","type":"image\/jpeg"}],"twitter_card":"summary_large_image","schema":{"@context":"https:\/\/schema.org","@graph":[{"@type":"WebPage","@id":"https:\/\/detailspot.lt\/en\/produktas\/carpro-immolube-lubricant\/","url":"https:\/\/detailspot.lt\/en\/produktas\/carpro-immolube-lubricant\/","name":"CarPro ImmoLube lubricant - Detail Spot","isPartOf":{"@id":"https:\/\/detailspot.lt\/#website"},"primaryImageOfPage":{"@id":"https:\/\/detailspot.lt\/en\/produktas\/carpro-immolube-lubricant\/#primaryimage"},"image":{"@id":"https:\/\/detailspot.lt\/en\/produktas\/carpro-immolube-lubricant\/#primaryimage"},"thumbnailUrl":"https:\/\/detailspot.lt\/wp-content\/uploads\/2022\/12\/carpro-immolube-lubrikantas-1-1.jpg","datePublished":"2022-12-02T13:14:10+00:00","description":"CarPro ImmoLube lubricant Lubricant designed to reduce friction when treating the surface with cleaning clay, thereby reducing the number of defects","breadcrumb":{"@id":"https:\/\/detailspot.lt\/en\/produktas\/carpro-immolube-lubricant\/#breadcrumb"},"inLanguage":"en-US","potentialAction":[{"@type":"ReadAction","target":["https:\/\/detailspot.lt\/en\/produktas\/carpro-immolube-lubricant\/"]}]},{"@type":"ImageObject","inLanguage":"en-US","@id":"https:\/\/detailspot.lt\/en\/produktas\/carpro-immolube-lubricant\/#primaryimage","url":"https:\/\/detailspot.lt\/wp-content\/uploads\/2022\/12\/carpro-immolube-lubrikantas-1-1.jpg","contentUrl":"https:\/\/detailspot.lt\/wp-content\/uploads\/2022\/12\/carpro-immolube-lubrikantas-1-1.jpg","width":1188,"height":1188},{"@type":"BreadcrumbList","@id":"https:\/\/detailspot.lt\/en\/produktas\/carpro-immolube-lubricant\/#breadcrumb","itemListElement":[{"@type":"ListItem","position":1,"name":"Home","item":"https:\/\/detailspot.lt\/en\/"},{"@type":"ListItem","position":2,"name":"Shop","item":"https:\/\/detailspot.lt\/en\/parduotuve\/"},{"@type":"ListItem","position":3,"name":"CarPro ImmoLube lubricant"}]},{"@type":"WebSite","@id":"https:\/\/detailspot.lt\/#website","url":"https:\/\/detailspot.lt\/","name":"Detail Spot","description":"Automobili\u0173 prie\u017ei\u016bros priemon\u0117s","publisher":{"@id":"https:\/\/detailspot.lt\/#organization"},"potentialAction":[{"@type":"SearchAction","target":{"@type":"EntryPoint","urlTemplate":"https:\/\/detailspot.lt\/?s={search_term_string}"},"query-input":{"@type":"PropertyValueSpecification","valueRequired":true,"valueName":"search_term_string"}}],"inLanguage":"en-US"},{"@type":"Organization","@id":"https:\/\/detailspot.lt\/#organization","name":"Detail Spot","url":"https:\/\/detailspot.lt\/","logo":{"@type":"ImageObject","inLanguage":"en-US","@id":"https:\/\/detailspot.lt\/#\/schema\/logo\/image\/","url":"https:\/\/detailspot.lt\/wp-content\/uploads\/2022\/10\/logo-original.svg","contentUrl":"https:\/\/detailspot.lt\/wp-content\/uploads\/2022\/10\/logo-original.svg","width":1,"height":1,"caption":"Detail Spot"},"image":{"@id":"https:\/\/detailspot.lt\/#\/schema\/logo\/image\/"},"sameAs":["https:\/\/www.facebook.com\/profile.php?id=100039208338156"]}]}},"_links":{"self":[{"href":"https:\/\/detailspot.lt\/en\/wp-json\/wp\/v2\/product\/7039","targetHints":{"allow":["GET"]}}],"collection":[{"href":"https:\/\/detailspot.lt\/en\/wp-json\/wp\/v2\/product"}],"about":[{"href":"https:\/\/detailspot.lt\/en\/wp-json\/wp\/v2\/types\/product"}],"replies":[{"embeddable":true,"href":"https:\/\/detailspot.lt\/en\/wp-json\/wp\/v2\/comments?post=7039"}],"wp:featuredmedia":[{"embeddable":true,"href":"https:\/\/detailspot.lt\/en\/wp-json\/wp\/v2\/media\/3807"}],"wp:attachment":[{"href":"https:\/\/detailspot.lt\/en\/wp-json\/wp\/v2\/media?parent=7039"}],"wp:term":[{"taxonomy":"product_brand","embeddable":true,"href":"https:\/\/detailspot.lt\/en\/wp-json\/wp\/v2\/product_brand?post=7039"},{"taxonomy":"product_cat","embeddable":true,"href":"https:\/\/detailspot.lt\/en\/wp-json\/wp\/v2\/product_cat?post=7039"},{"taxonomy":"product_tag","embeddable":true,"href":"https:\/\/detailspot.lt\/en\/wp-json\/wp\/v2\/product_tag?post=7039"}],"curies":[{"name":"wp","href":"https:\/\/api.w.org\/{rel}","templated":true}]}}