{"id":7036,"date":"2022-12-02T15:14:10","date_gmt":"2022-12-02T13:14:10","guid":{"rendered":"https:\/\/detailspot.lt\/produktas\/rupes-bigfoot-lhr15-mark-iii-polisher\/"},"modified":"2022-12-02T15:14:10","modified_gmt":"2022-12-02T13:14:10","slug":"rupes-bigfoot-lhr15-mark-iii-polisher","status":"publish","type":"product","link":"https:\/\/detailspot.lt\/en\/produktas\/rupes-bigfoot-lhr15-mark-iii-polisher\/","title":{"rendered":"Rupes Bigfoot LHR15 Mark III polisher"},"content":{"rendered":"<p><strong>Rupes Bigfoot LHR15<\/strong> -The LHR15 polishing tool with a \u00d8 15 mm orbit and \u00d8 125 mm support pad and eccentric orbital spindles makes it particularly suitable for uneven surfaces. The LHR15 tool, with its 15 mm orbit, is shorter than its &#8220;big brother&#8221; LHR21, but to compensate for this, technologists have designed a higher-speed motor for the tool. Despite the lower orbit, the higher working speed gives the LHR15 the same aggressive polishing power as the LHR21. With a polishing sponge diameter of 150 mm and a perfectly balanced, vibration-free design, the LHR15 is a real gem and a must-have on the shelf of those who polish every day<\/p>\n<p>&nbsp;<\/p>\n<p style=\"text-align: center;\"><img loading=\"lazy\" decoding=\"async\" class=\"alignnone wp-image-1063\" src=\"https:\/\/detailspot.lt\/wp-content\/uploads\/2022\/10\/rupes_logo-300x150.png\" alt=\"\" width=\"208\" height=\"104\" srcset=\"https:\/\/detailspot.lt\/wp-content\/uploads\/2022\/10\/rupes_logo-300x150.png 300w, https:\/\/detailspot.lt\/wp-content\/uploads\/2022\/10\/rupes_logo.png 360w\" sizes=\"auto, (max-width: 208px) 100vw, 208px\" \/><\/p>\n","protected":false},"excerpt":{"rendered":"<p>Rupes Bigfoot LHR15 -The LHR15 polishing tool with a \u00d8 15 mm orbit and \u00d8 125 mm support pad and eccentric orbital spindles makes it particularly suitable for uneven surfaces. The LHR15 tool, with its 15 mm orbit, is shorter than its &#8220;big brother&#8221; LHR21, but to compensate for this, technologists have designed a higher-speed&hellip;<\/p>\n","protected":false},"featured_media":3926,"comment_status":"closed","ping_status":"closed","template":"","meta":[],"product_brand":[],"product_cat":[171,170],"product_tag":[252,253,192,194],"class_list":{"0":"post-7036","1":"product","2":"type-product","3":"status-publish","4":"has-post-thumbnail","6":"product_cat-polishing-machines","7":"product_cat-polishing-tools","8":"product_tag-bigfoot-en","9":"product_tag-polisher","10":"product_tag-polishing","11":"product_tag-rupes-en","12":"description-off","14":"first","15":"onbackorder","16":"taxable","17":"shipping-taxable","18":"purchasable","19":"product-type-simple"},"yoast_head":"<!-- This site is optimized with the Yoast SEO plugin v27.4 - https:\/\/yoast.com\/product\/yoast-seo-wordpress\/ -->\n<title>Rupes Bigfoot LHR15 Mark III polisher - Detail Spot<\/title>\n<meta name=\"robots\" content=\"index, follow, max-snippet:-1, max-image-preview:large, max-video-preview:-1\" \/>\n<link rel=\"canonical\" href=\"https:\/\/detailspot.lt\/produktas\/rupes-bigfoot-lhr15-mark-iii-polisher\/\" \/>\n<meta property=\"og:locale\" content=\"en_US\" \/>\n<meta property=\"og:type\" content=\"article\" \/>\n<meta property=\"og:title\" content=\"Rupes Bigfoot LHR15 Mark III polisher - Detail Spot\" \/>\n<meta property=\"og:description\" content=\"Rupes Bigfoot LHR15 -The LHR15 polishing tool with a \u00d8 15 mm orbit and \u00d8 125 mm support pad and eccentric orbital spindles makes it particularly suitable for uneven surfaces. The LHR15 tool, with its 15 mm orbit, is shorter than its &#8220;big brother&#8221; LHR21, but to compensate for this, technologists have designed a higher-speed&hellip;\" \/>\n<meta property=\"og:url\" content=\"https:\/\/detailspot.lt\/produktas\/rupes-bigfoot-lhr15-mark-iii-polisher\/\" \/>\n<meta property=\"og:site_name\" content=\"Detail Spot\" \/>\n<meta property=\"article:publisher\" content=\"https:\/\/www.facebook.com\/profile.php?id=100039208338156\" \/>\n<meta property=\"og:image\" content=\"https:\/\/detailspot.lt\/wp-content\/uploads\/2022\/10\/rupes_logo-300x150.png\" \/>\n<meta name=\"twitter:card\" content=\"summary_large_image\" \/>\n<meta name=\"twitter:label1\" content=\"Est. reading time\" \/>\n\t<meta name=\"twitter:data1\" content=\"1 minute\" \/>\n<script type=\"application\/ld+json\" class=\"yoast-schema-graph\">{\"@context\":\"https:\\\/\\\/schema.org\",\"@graph\":[{\"@type\":\"WebPage\",\"@id\":\"https:\\\/\\\/detailspot.lt\\\/produktas\\\/rupes-bigfoot-lhr15-mark-iii-polisher\\\/\",\"url\":\"https:\\\/\\\/detailspot.lt\\\/produktas\\\/rupes-bigfoot-lhr15-mark-iii-polisher\\\/\",\"name\":\"Rupes Bigfoot LHR15 Mark III polisher - Detail Spot\",\"isPartOf\":{\"@id\":\"https:\\\/\\\/detailspot.lt\\\/#website\"},\"primaryImageOfPage\":{\"@id\":\"https:\\\/\\\/detailspot.lt\\\/produktas\\\/rupes-bigfoot-lhr15-mark-iii-polisher\\\/#primaryimage\"},\"image\":{\"@id\":\"https:\\\/\\\/detailspot.lt\\\/produktas\\\/rupes-bigfoot-lhr15-mark-iii-polisher\\\/#primaryimage\"},\"thumbnailUrl\":\"https:\\\/\\\/detailspot.lt\\\/wp-content\\\/uploads\\\/2022\\\/12\\\/rupes-bigfoot-lhr15-mark-iii-poliravimo-masinele-1.jpg\",\"datePublished\":\"2022-12-02T13:14:10+00:00\",\"breadcrumb\":{\"@id\":\"https:\\\/\\\/detailspot.lt\\\/produktas\\\/rupes-bigfoot-lhr15-mark-iii-polisher\\\/#breadcrumb\"},\"inLanguage\":\"en-US\",\"potentialAction\":[{\"@type\":\"ReadAction\",\"target\":[\"https:\\\/\\\/detailspot.lt\\\/produktas\\\/rupes-bigfoot-lhr15-mark-iii-polisher\\\/\"]}]},{\"@type\":\"ImageObject\",\"inLanguage\":\"en-US\",\"@id\":\"https:\\\/\\\/detailspot.lt\\\/produktas\\\/rupes-bigfoot-lhr15-mark-iii-polisher\\\/#primaryimage\",\"url\":\"https:\\\/\\\/detailspot.lt\\\/wp-content\\\/uploads\\\/2022\\\/12\\\/rupes-bigfoot-lhr15-mark-iii-poliravimo-masinele-1.jpg\",\"contentUrl\":\"https:\\\/\\\/detailspot.lt\\\/wp-content\\\/uploads\\\/2022\\\/12\\\/rupes-bigfoot-lhr15-mark-iii-poliravimo-masinele-1.jpg\",\"width\":560,\"height\":560},{\"@type\":\"BreadcrumbList\",\"@id\":\"https:\\\/\\\/detailspot.lt\\\/produktas\\\/rupes-bigfoot-lhr15-mark-iii-polisher\\\/#breadcrumb\",\"itemListElement\":[{\"@type\":\"ListItem\",\"position\":1,\"name\":\"Home\",\"item\":\"https:\\\/\\\/detailspot.lt\\\/en\\\/\"},{\"@type\":\"ListItem\",\"position\":2,\"name\":\"Shop\",\"item\":\"https:\\\/\\\/detailspot.lt\\\/en\\\/parduotuve\\\/\"},{\"@type\":\"ListItem\",\"position\":3,\"name\":\"Rupes Bigfoot LHR15 Mark III polisher\"}]},{\"@type\":\"WebSite\",\"@id\":\"https:\\\/\\\/detailspot.lt\\\/#website\",\"url\":\"https:\\\/\\\/detailspot.lt\\\/\",\"name\":\"Detail Spot\",\"description\":\"Automobili\u0173 prie\u017ei\u016bros priemon\u0117s\",\"publisher\":{\"@id\":\"https:\\\/\\\/detailspot.lt\\\/#organization\"},\"potentialAction\":[{\"@type\":\"SearchAction\",\"target\":{\"@type\":\"EntryPoint\",\"urlTemplate\":\"https:\\\/\\\/detailspot.lt\\\/?s={search_term_string}\"},\"query-input\":{\"@type\":\"PropertyValueSpecification\",\"valueRequired\":true,\"valueName\":\"search_term_string\"}}],\"inLanguage\":\"en-US\"},{\"@type\":\"Organization\",\"@id\":\"https:\\\/\\\/detailspot.lt\\\/#organization\",\"name\":\"Detail Spot\",\"url\":\"https:\\\/\\\/detailspot.lt\\\/\",\"logo\":{\"@type\":\"ImageObject\",\"inLanguage\":\"en-US\",\"@id\":\"https:\\\/\\\/detailspot.lt\\\/#\\\/schema\\\/logo\\\/image\\\/\",\"url\":\"https:\\\/\\\/detailspot.lt\\\/wp-content\\\/uploads\\\/2022\\\/10\\\/logo-original.svg\",\"contentUrl\":\"https:\\\/\\\/detailspot.lt\\\/wp-content\\\/uploads\\\/2022\\\/10\\\/logo-original.svg\",\"width\":1,\"height\":1,\"caption\":\"Detail Spot\"},\"image\":{\"@id\":\"https:\\\/\\\/detailspot.lt\\\/#\\\/schema\\\/logo\\\/image\\\/\"},\"sameAs\":[\"https:\\\/\\\/www.facebook.com\\\/profile.php?id=100039208338156\"]}]}<\/script>\n<!-- \/ Yoast SEO plugin. -->","yoast_head_json":{"title":"Rupes Bigfoot LHR15 Mark III polisher - Detail Spot","robots":{"index":"index","follow":"follow","max-snippet":"max-snippet:-1","max-image-preview":"max-image-preview:large","max-video-preview":"max-video-preview:-1"},"canonical":"https:\/\/detailspot.lt\/produktas\/rupes-bigfoot-lhr15-mark-iii-polisher\/","og_locale":"en_US","og_type":"article","og_title":"Rupes Bigfoot LHR15 Mark III polisher - Detail Spot","og_description":"Rupes Bigfoot LHR15 -The LHR15 polishing tool with a \u00d8 15 mm orbit and \u00d8 125 mm support pad and eccentric orbital spindles makes it particularly suitable for uneven surfaces. The LHR15 tool, with its 15 mm orbit, is shorter than its &#8220;big brother&#8221; LHR21, but to compensate for this, technologists have designed a higher-speed&hellip;","og_url":"https:\/\/detailspot.lt\/produktas\/rupes-bigfoot-lhr15-mark-iii-polisher\/","og_site_name":"Detail Spot","article_publisher":"https:\/\/www.facebook.com\/profile.php?id=100039208338156","og_image":[{"url":"https:\/\/detailspot.lt\/wp-content\/uploads\/2022\/10\/rupes_logo-300x150.png","type":"","width":"","height":""}],"twitter_card":"summary_large_image","twitter_misc":{"Est. reading time":"1 minute"},"schema":{"@context":"https:\/\/schema.org","@graph":[{"@type":"WebPage","@id":"https:\/\/detailspot.lt\/produktas\/rupes-bigfoot-lhr15-mark-iii-polisher\/","url":"https:\/\/detailspot.lt\/produktas\/rupes-bigfoot-lhr15-mark-iii-polisher\/","name":"Rupes Bigfoot LHR15 Mark III polisher - Detail Spot","isPartOf":{"@id":"https:\/\/detailspot.lt\/#website"},"primaryImageOfPage":{"@id":"https:\/\/detailspot.lt\/produktas\/rupes-bigfoot-lhr15-mark-iii-polisher\/#primaryimage"},"image":{"@id":"https:\/\/detailspot.lt\/produktas\/rupes-bigfoot-lhr15-mark-iii-polisher\/#primaryimage"},"thumbnailUrl":"https:\/\/detailspot.lt\/wp-content\/uploads\/2022\/12\/rupes-bigfoot-lhr15-mark-iii-poliravimo-masinele-1.jpg","datePublished":"2022-12-02T13:14:10+00:00","breadcrumb":{"@id":"https:\/\/detailspot.lt\/produktas\/rupes-bigfoot-lhr15-mark-iii-polisher\/#breadcrumb"},"inLanguage":"en-US","potentialAction":[{"@type":"ReadAction","target":["https:\/\/detailspot.lt\/produktas\/rupes-bigfoot-lhr15-mark-iii-polisher\/"]}]},{"@type":"ImageObject","inLanguage":"en-US","@id":"https:\/\/detailspot.lt\/produktas\/rupes-bigfoot-lhr15-mark-iii-polisher\/#primaryimage","url":"https:\/\/detailspot.lt\/wp-content\/uploads\/2022\/12\/rupes-bigfoot-lhr15-mark-iii-poliravimo-masinele-1.jpg","contentUrl":"https:\/\/detailspot.lt\/wp-content\/uploads\/2022\/12\/rupes-bigfoot-lhr15-mark-iii-poliravimo-masinele-1.jpg","width":560,"height":560},{"@type":"BreadcrumbList","@id":"https:\/\/detailspot.lt\/produktas\/rupes-bigfoot-lhr15-mark-iii-polisher\/#breadcrumb","itemListElement":[{"@type":"ListItem","position":1,"name":"Home","item":"https:\/\/detailspot.lt\/en\/"},{"@type":"ListItem","position":2,"name":"Shop","item":"https:\/\/detailspot.lt\/en\/parduotuve\/"},{"@type":"ListItem","position":3,"name":"Rupes Bigfoot LHR15 Mark III polisher"}]},{"@type":"WebSite","@id":"https:\/\/detailspot.lt\/#website","url":"https:\/\/detailspot.lt\/","name":"Detail Spot","description":"Automobili\u0173 prie\u017ei\u016bros priemon\u0117s","publisher":{"@id":"https:\/\/detailspot.lt\/#organization"},"potentialAction":[{"@type":"SearchAction","target":{"@type":"EntryPoint","urlTemplate":"https:\/\/detailspot.lt\/?s={search_term_string}"},"query-input":{"@type":"PropertyValueSpecification","valueRequired":true,"valueName":"search_term_string"}}],"inLanguage":"en-US"},{"@type":"Organization","@id":"https:\/\/detailspot.lt\/#organization","name":"Detail Spot","url":"https:\/\/detailspot.lt\/","logo":{"@type":"ImageObject","inLanguage":"en-US","@id":"https:\/\/detailspot.lt\/#\/schema\/logo\/image\/","url":"https:\/\/detailspot.lt\/wp-content\/uploads\/2022\/10\/logo-original.svg","contentUrl":"https:\/\/detailspot.lt\/wp-content\/uploads\/2022\/10\/logo-original.svg","width":1,"height":1,"caption":"Detail Spot"},"image":{"@id":"https:\/\/detailspot.lt\/#\/schema\/logo\/image\/"},"sameAs":["https:\/\/www.facebook.com\/profile.php?id=100039208338156"]}]}},"_links":{"self":[{"href":"https:\/\/detailspot.lt\/en\/wp-json\/wp\/v2\/product\/7036","targetHints":{"allow":["GET"]}}],"collection":[{"href":"https:\/\/detailspot.lt\/en\/wp-json\/wp\/v2\/product"}],"about":[{"href":"https:\/\/detailspot.lt\/en\/wp-json\/wp\/v2\/types\/product"}],"replies":[{"embeddable":true,"href":"https:\/\/detailspot.lt\/en\/wp-json\/wp\/v2\/comments?post=7036"}],"wp:featuredmedia":[{"embeddable":true,"href":"https:\/\/detailspot.lt\/en\/wp-json\/wp\/v2\/media\/3926"}],"wp:attachment":[{"href":"https:\/\/detailspot.lt\/en\/wp-json\/wp\/v2\/media?parent=7036"}],"wp:term":[{"taxonomy":"product_brand","embeddable":true,"href":"https:\/\/detailspot.lt\/en\/wp-json\/wp\/v2\/product_brand?post=7036"},{"taxonomy":"product_cat","embeddable":true,"href":"https:\/\/detailspot.lt\/en\/wp-json\/wp\/v2\/product_cat?post=7036"},{"taxonomy":"product_tag","embeddable":true,"href":"https:\/\/detailspot.lt\/en\/wp-json\/wp\/v2\/product_tag?post=7036"}],"curies":[{"name":"wp","href":"https:\/\/api.w.org\/{rel}","templated":true}]}}