{"id":7034,"date":"2022-12-02T15:14:10","date_gmt":"2022-12-02T13:14:10","guid":{"rendered":"https:\/\/detailspot.lt\/produktas\/liquid-elements-green-scale-windsreen-cloth\/"},"modified":"2022-12-02T15:14:10","modified_gmt":"2022-12-02T13:14:10","slug":"liquid-elements-green-scale-windsreen-cloth","status":"publish","type":"product","link":"https:\/\/detailspot.lt\/en\/produktas\/liquid-elements-green-scale-windsreen-cloth\/","title":{"rendered":"Liquid Elements Green Scale windsreen cloth"},"content":{"rendered":"<h1>Liquid Elements Green Scale windsreen cloth<\/h1>\n<p><span style=\"font-size: 16px;\">Window cleaning cloth 300GSM. Perfect window cleaning on all glass surfaces is child&#8217;s play with the Green Scale Glass Cleaning Cloth. The cloth has a &#8220;fish scale&#8221; texture and ensures the surface is wiped clean without leaving lint or streaks. Perfect in combination with Liquid Elements See You Glass Cleaner. The special fish scale structure has been optimised for smooth, non-sensitive surfaces and is ideally suited for absorbing liquids and impurities very quickly and efficiently without leaving fibres and lint. <\/span><\/p>\n<p style=\"font-weight: 400;\"><b><strong>Features:<\/strong><\/b><\/p>\n<ol style=\"font-weight: 400;\">\n<li>Size: 35x35cm<\/li>\n<li>300GSM<\/li>\n<li>Laser cut edges<\/li>\n<li>Composition 80% polyester 20% polyamide<\/li>\n<\/ol>\n<p>&nbsp;<\/p>\n<p>&nbsp;<\/p>\n<p style=\"text-align: center;\"><img loading=\"lazy\" decoding=\"async\" class=\"alignnone size-medium wp-image-1062\" src=\"https:\/\/detailspot.lt\/wp-content\/uploads\/2022\/10\/LE_logo_dark_rgbCjaMASES2dhtf-300x103.webp\" alt=\"\" width=\"300\" height=\"103\" srcset=\"https:\/\/detailspot.lt\/wp-content\/uploads\/2022\/10\/LE_logo_dark_rgbCjaMASES2dhtf-300x103.webp 300w, https:\/\/detailspot.lt\/wp-content\/uploads\/2022\/10\/LE_logo_dark_rgbCjaMASES2dhtf.webp 500w\" sizes=\"auto, (max-width: 300px) 100vw, 300px\" \/><\/p>\n","protected":false},"excerpt":{"rendered":"<p>Liquid Elements Green Scale windsreen cloth Window cleaning cloth 300GSM. Perfect window cleaning on all glass surfaces is child&#8217;s play with the Green Scale Glass Cleaning Cloth. The cloth has a &#8220;fish scale&#8221; texture and ensures the surface is wiped clean without leaving lint or streaks. Perfect in combination with Liquid Elements See You Glass&hellip;<\/p>\n","protected":false},"featured_media":9261,"comment_status":"closed","ping_status":"closed","template":"","meta":[],"product_brand":[],"product_cat":[155,169],"product_tag":[250,251],"class_list":{"0":"post-7034","1":"product","2":"type-product","3":"status-publish","4":"has-post-thumbnail","6":"product_cat-accessories","7":"product_cat-microfibre-cloths","8":"product_tag-liquid-elements-en","9":"product_tag-stiklu-prieziura-en","10":"description-off","12":"first","13":"outofstock","14":"taxable","15":"shipping-taxable","16":"purchasable","17":"product-type-simple"},"yoast_head":"<!-- This site is optimized with the Yoast SEO plugin v27.4 - https:\/\/yoast.com\/product\/yoast-seo-wordpress\/ -->\n<title>Liquid Elements Green Scale windsreen cloth - Detail Spot<\/title>\n<meta name=\"description\" content=\"Liquid Elements Green Scale windsreen cloth Perfect window cleaning on all glass surfaces is child&#039;s play with the Green Scale Glass Cleaning Cloth.\" \/>\n<meta name=\"robots\" content=\"index, follow, max-snippet:-1, max-image-preview:large, max-video-preview:-1\" \/>\n<link rel=\"canonical\" href=\"https:\/\/detailspot.lt\/en\/produktas\/liquid-elements-green-scale-windsreen-cloth\/\" \/>\n<meta property=\"og:locale\" content=\"en_US\" \/>\n<meta property=\"og:type\" content=\"article\" \/>\n<meta property=\"og:title\" content=\"Liquid Elements Green Scale windsreen cloth - Detail Spot\" \/>\n<meta property=\"og:description\" content=\"Liquid Elements Green Scale windsreen cloth Perfect window cleaning on all glass surfaces is child&#039;s play with the Green Scale Glass Cleaning Cloth.\" \/>\n<meta property=\"og:url\" content=\"https:\/\/detailspot.lt\/en\/produktas\/liquid-elements-green-scale-windsreen-cloth\/\" \/>\n<meta property=\"og:site_name\" content=\"Detail Spot\" \/>\n<meta property=\"article:publisher\" content=\"https:\/\/www.facebook.com\/profile.php?id=100039208338156\" \/>\n<meta property=\"og:image\" content=\"https:\/\/detailspot.lt\/wp-content\/uploads\/2022\/12\/Liquid-elements-green-scale-sluoste-stiklams.webp\" \/>\n\t<meta property=\"og:image:width\" content=\"800\" \/>\n\t<meta property=\"og:image:height\" content=\"800\" \/>\n\t<meta property=\"og:image:type\" content=\"image\/webp\" \/>\n<meta name=\"twitter:card\" content=\"summary_large_image\" \/>\n<script type=\"application\/ld+json\" class=\"yoast-schema-graph\">{\"@context\":\"https:\\\/\\\/schema.org\",\"@graph\":[{\"@type\":\"WebPage\",\"@id\":\"https:\\\/\\\/detailspot.lt\\\/en\\\/produktas\\\/liquid-elements-green-scale-windsreen-cloth\\\/\",\"url\":\"https:\\\/\\\/detailspot.lt\\\/en\\\/produktas\\\/liquid-elements-green-scale-windsreen-cloth\\\/\",\"name\":\"Liquid Elements Green Scale windsreen cloth - Detail Spot\",\"isPartOf\":{\"@id\":\"https:\\\/\\\/detailspot.lt\\\/#website\"},\"primaryImageOfPage\":{\"@id\":\"https:\\\/\\\/detailspot.lt\\\/en\\\/produktas\\\/liquid-elements-green-scale-windsreen-cloth\\\/#primaryimage\"},\"image\":{\"@id\":\"https:\\\/\\\/detailspot.lt\\\/en\\\/produktas\\\/liquid-elements-green-scale-windsreen-cloth\\\/#primaryimage\"},\"thumbnailUrl\":\"https:\\\/\\\/detailspot.lt\\\/wp-content\\\/uploads\\\/2022\\\/12\\\/Liquid-elements-green-scale-sluoste-stiklams.webp\",\"datePublished\":\"2022-12-02T13:14:10+00:00\",\"description\":\"Liquid Elements Green Scale windsreen cloth Perfect window cleaning on all glass surfaces is child's play with the Green Scale Glass Cleaning Cloth.\",\"breadcrumb\":{\"@id\":\"https:\\\/\\\/detailspot.lt\\\/en\\\/produktas\\\/liquid-elements-green-scale-windsreen-cloth\\\/#breadcrumb\"},\"inLanguage\":\"en-US\",\"potentialAction\":[{\"@type\":\"ReadAction\",\"target\":[\"https:\\\/\\\/detailspot.lt\\\/en\\\/produktas\\\/liquid-elements-green-scale-windsreen-cloth\\\/\"]}]},{\"@type\":\"ImageObject\",\"inLanguage\":\"en-US\",\"@id\":\"https:\\\/\\\/detailspot.lt\\\/en\\\/produktas\\\/liquid-elements-green-scale-windsreen-cloth\\\/#primaryimage\",\"url\":\"https:\\\/\\\/detailspot.lt\\\/wp-content\\\/uploads\\\/2022\\\/12\\\/Liquid-elements-green-scale-sluoste-stiklams.webp\",\"contentUrl\":\"https:\\\/\\\/detailspot.lt\\\/wp-content\\\/uploads\\\/2022\\\/12\\\/Liquid-elements-green-scale-sluoste-stiklams.webp\",\"width\":800,\"height\":800},{\"@type\":\"BreadcrumbList\",\"@id\":\"https:\\\/\\\/detailspot.lt\\\/en\\\/produktas\\\/liquid-elements-green-scale-windsreen-cloth\\\/#breadcrumb\",\"itemListElement\":[{\"@type\":\"ListItem\",\"position\":1,\"name\":\"Home\",\"item\":\"https:\\\/\\\/detailspot.lt\\\/en\\\/\"},{\"@type\":\"ListItem\",\"position\":2,\"name\":\"Shop\",\"item\":\"https:\\\/\\\/detailspot.lt\\\/en\\\/parduotuve\\\/\"},{\"@type\":\"ListItem\",\"position\":3,\"name\":\"Liquid Elements Green Scale windsreen cloth\"}]},{\"@type\":\"WebSite\",\"@id\":\"https:\\\/\\\/detailspot.lt\\\/#website\",\"url\":\"https:\\\/\\\/detailspot.lt\\\/\",\"name\":\"Detail Spot\",\"description\":\"Automobili\u0173 prie\u017ei\u016bros priemon\u0117s\",\"publisher\":{\"@id\":\"https:\\\/\\\/detailspot.lt\\\/#organization\"},\"potentialAction\":[{\"@type\":\"SearchAction\",\"target\":{\"@type\":\"EntryPoint\",\"urlTemplate\":\"https:\\\/\\\/detailspot.lt\\\/?s={search_term_string}\"},\"query-input\":{\"@type\":\"PropertyValueSpecification\",\"valueRequired\":true,\"valueName\":\"search_term_string\"}}],\"inLanguage\":\"en-US\"},{\"@type\":\"Organization\",\"@id\":\"https:\\\/\\\/detailspot.lt\\\/#organization\",\"name\":\"Detail Spot\",\"url\":\"https:\\\/\\\/detailspot.lt\\\/\",\"logo\":{\"@type\":\"ImageObject\",\"inLanguage\":\"en-US\",\"@id\":\"https:\\\/\\\/detailspot.lt\\\/#\\\/schema\\\/logo\\\/image\\\/\",\"url\":\"https:\\\/\\\/detailspot.lt\\\/wp-content\\\/uploads\\\/2022\\\/10\\\/logo-original.svg\",\"contentUrl\":\"https:\\\/\\\/detailspot.lt\\\/wp-content\\\/uploads\\\/2022\\\/10\\\/logo-original.svg\",\"width\":1,\"height\":1,\"caption\":\"Detail Spot\"},\"image\":{\"@id\":\"https:\\\/\\\/detailspot.lt\\\/#\\\/schema\\\/logo\\\/image\\\/\"},\"sameAs\":[\"https:\\\/\\\/www.facebook.com\\\/profile.php?id=100039208338156\"]}]}<\/script>\n<!-- \/ Yoast SEO plugin. -->","yoast_head_json":{"title":"Liquid Elements Green Scale windsreen cloth - Detail Spot","description":"Liquid Elements Green Scale windsreen cloth Perfect window cleaning on all glass surfaces is child's play with the Green Scale Glass Cleaning Cloth.","robots":{"index":"index","follow":"follow","max-snippet":"max-snippet:-1","max-image-preview":"max-image-preview:large","max-video-preview":"max-video-preview:-1"},"canonical":"https:\/\/detailspot.lt\/en\/produktas\/liquid-elements-green-scale-windsreen-cloth\/","og_locale":"en_US","og_type":"article","og_title":"Liquid Elements Green Scale windsreen cloth - Detail Spot","og_description":"Liquid Elements Green Scale windsreen cloth Perfect window cleaning on all glass surfaces is child's play with the Green Scale Glass Cleaning Cloth.","og_url":"https:\/\/detailspot.lt\/en\/produktas\/liquid-elements-green-scale-windsreen-cloth\/","og_site_name":"Detail Spot","article_publisher":"https:\/\/www.facebook.com\/profile.php?id=100039208338156","og_image":[{"width":800,"height":800,"url":"https:\/\/detailspot.lt\/wp-content\/uploads\/2022\/12\/Liquid-elements-green-scale-sluoste-stiklams.webp","type":"image\/webp"}],"twitter_card":"summary_large_image","schema":{"@context":"https:\/\/schema.org","@graph":[{"@type":"WebPage","@id":"https:\/\/detailspot.lt\/en\/produktas\/liquid-elements-green-scale-windsreen-cloth\/","url":"https:\/\/detailspot.lt\/en\/produktas\/liquid-elements-green-scale-windsreen-cloth\/","name":"Liquid Elements Green Scale windsreen cloth - Detail Spot","isPartOf":{"@id":"https:\/\/detailspot.lt\/#website"},"primaryImageOfPage":{"@id":"https:\/\/detailspot.lt\/en\/produktas\/liquid-elements-green-scale-windsreen-cloth\/#primaryimage"},"image":{"@id":"https:\/\/detailspot.lt\/en\/produktas\/liquid-elements-green-scale-windsreen-cloth\/#primaryimage"},"thumbnailUrl":"https:\/\/detailspot.lt\/wp-content\/uploads\/2022\/12\/Liquid-elements-green-scale-sluoste-stiklams.webp","datePublished":"2022-12-02T13:14:10+00:00","description":"Liquid Elements Green Scale windsreen cloth Perfect window cleaning on all glass surfaces is child's play with the Green Scale Glass Cleaning Cloth.","breadcrumb":{"@id":"https:\/\/detailspot.lt\/en\/produktas\/liquid-elements-green-scale-windsreen-cloth\/#breadcrumb"},"inLanguage":"en-US","potentialAction":[{"@type":"ReadAction","target":["https:\/\/detailspot.lt\/en\/produktas\/liquid-elements-green-scale-windsreen-cloth\/"]}]},{"@type":"ImageObject","inLanguage":"en-US","@id":"https:\/\/detailspot.lt\/en\/produktas\/liquid-elements-green-scale-windsreen-cloth\/#primaryimage","url":"https:\/\/detailspot.lt\/wp-content\/uploads\/2022\/12\/Liquid-elements-green-scale-sluoste-stiklams.webp","contentUrl":"https:\/\/detailspot.lt\/wp-content\/uploads\/2022\/12\/Liquid-elements-green-scale-sluoste-stiklams.webp","width":800,"height":800},{"@type":"BreadcrumbList","@id":"https:\/\/detailspot.lt\/en\/produktas\/liquid-elements-green-scale-windsreen-cloth\/#breadcrumb","itemListElement":[{"@type":"ListItem","position":1,"name":"Home","item":"https:\/\/detailspot.lt\/en\/"},{"@type":"ListItem","position":2,"name":"Shop","item":"https:\/\/detailspot.lt\/en\/parduotuve\/"},{"@type":"ListItem","position":3,"name":"Liquid Elements Green Scale windsreen cloth"}]},{"@type":"WebSite","@id":"https:\/\/detailspot.lt\/#website","url":"https:\/\/detailspot.lt\/","name":"Detail Spot","description":"Automobili\u0173 prie\u017ei\u016bros priemon\u0117s","publisher":{"@id":"https:\/\/detailspot.lt\/#organization"},"potentialAction":[{"@type":"SearchAction","target":{"@type":"EntryPoint","urlTemplate":"https:\/\/detailspot.lt\/?s={search_term_string}"},"query-input":{"@type":"PropertyValueSpecification","valueRequired":true,"valueName":"search_term_string"}}],"inLanguage":"en-US"},{"@type":"Organization","@id":"https:\/\/detailspot.lt\/#organization","name":"Detail Spot","url":"https:\/\/detailspot.lt\/","logo":{"@type":"ImageObject","inLanguage":"en-US","@id":"https:\/\/detailspot.lt\/#\/schema\/logo\/image\/","url":"https:\/\/detailspot.lt\/wp-content\/uploads\/2022\/10\/logo-original.svg","contentUrl":"https:\/\/detailspot.lt\/wp-content\/uploads\/2022\/10\/logo-original.svg","width":1,"height":1,"caption":"Detail Spot"},"image":{"@id":"https:\/\/detailspot.lt\/#\/schema\/logo\/image\/"},"sameAs":["https:\/\/www.facebook.com\/profile.php?id=100039208338156"]}]}},"_links":{"self":[{"href":"https:\/\/detailspot.lt\/en\/wp-json\/wp\/v2\/product\/7034","targetHints":{"allow":["GET"]}}],"collection":[{"href":"https:\/\/detailspot.lt\/en\/wp-json\/wp\/v2\/product"}],"about":[{"href":"https:\/\/detailspot.lt\/en\/wp-json\/wp\/v2\/types\/product"}],"replies":[{"embeddable":true,"href":"https:\/\/detailspot.lt\/en\/wp-json\/wp\/v2\/comments?post=7034"}],"wp:featuredmedia":[{"embeddable":true,"href":"https:\/\/detailspot.lt\/en\/wp-json\/wp\/v2\/media\/9261"}],"wp:attachment":[{"href":"https:\/\/detailspot.lt\/en\/wp-json\/wp\/v2\/media?parent=7034"}],"wp:term":[{"taxonomy":"product_brand","embeddable":true,"href":"https:\/\/detailspot.lt\/en\/wp-json\/wp\/v2\/product_brand?post=7034"},{"taxonomy":"product_cat","embeddable":true,"href":"https:\/\/detailspot.lt\/en\/wp-json\/wp\/v2\/product_cat?post=7034"},{"taxonomy":"product_tag","embeddable":true,"href":"https:\/\/detailspot.lt\/en\/wp-json\/wp\/v2\/product_tag?post=7034"}],"curies":[{"name":"wp","href":"https:\/\/api.w.org\/{rel}","templated":true}]}}