{"id":7025,"date":"2022-12-02T15:14:09","date_gmt":"2022-12-02T13:14:09","guid":{"rendered":"https:\/\/detailspot.lt\/produktas\/sonax-hybrid-woolpad-polishing-pad-143mm\/"},"modified":"2022-12-02T15:14:09","modified_gmt":"2022-12-02T13:14:09","slug":"sonax-hybrid-woolpad-polishing-pad-143mm","status":"publish","type":"product","link":"https:\/\/detailspot.lt\/en\/produktas\/sonax-hybrid-woolpad-polishing-pad-143mm\/","title":{"rendered":"SONAX Hybrid Woolpad Polishing Pad, 143mm"},"content":{"rendered":"<h1>SONAX Hybrid Woolpad Polishing Pad<\/h1>\n<p>High-performance polishing pad for eccentric polishers. Designed to remove deep scratches and blemishes.<\/p>\n<p style=\"font-weight: 400;\">An innovative blend of natural lambswool and polyester. High polishing speed without overheating.For eccentric (DA) polishers with 125 mm base.<\/p>\n<p style=\"font-weight: 400;\">Ideal for use with <a href=\"https:\/\/detailspot.lt\/produktas\/sonax-ultimatecut-profiline-poliravimo-pasta\/\">SONAX Profiline Ultimate Cut<\/a>, <a href=\"https:\/\/detailspot.lt\/produktas\/sonax-cutmax-profiline-poliravimo-pasta\/\">SONAX Profiline CutMax<\/a> in the first polishing step or in one-step polishing, use with- <a href=\"https:\/\/detailspot.lt\/produktas\/sonax-cut-finish-profiline-poliravimo-pasta\/\">SONAX Profiline Cut &amp;Finish (225300)<\/a><\/p>\n<p style=\"font-weight: 400;\">It can be used to repair defects such as P800 sanding marks.<\/p>\n<p style=\"font-weight: 400;\">Clean the polishing pad with an air compressor from time to time during polishing to prolong its service life.<\/p>\n<p>&nbsp;<\/p>\n<p style=\"text-align: center;\"><img loading=\"lazy\" decoding=\"async\" class=\"alignnone size-medium wp-image-2066\" src=\"https:\/\/detailspot.lt\/wp-content\/uploads\/2022\/12\/sonax-vector-logo-2022-300x167.png\" alt=\"\" width=\"300\" height=\"167\" srcset=\"https:\/\/detailspot.lt\/wp-content\/uploads\/2022\/12\/sonax-vector-logo-2022-300x167.png 300w, https:\/\/detailspot.lt\/wp-content\/uploads\/2022\/12\/sonax-vector-logo-2022-768x427.png 768w, https:\/\/detailspot.lt\/wp-content\/uploads\/2022\/12\/sonax-vector-logo-2022-600x333.png 600w, https:\/\/detailspot.lt\/wp-content\/uploads\/2022\/12\/sonax-vector-logo-2022-64x36.png 64w, https:\/\/detailspot.lt\/wp-content\/uploads\/2022\/12\/sonax-vector-logo-2022.png 900w\" sizes=\"auto, (max-width: 300px) 100vw, 300px\" \/><\/p>\n","protected":false},"excerpt":{"rendered":"<p>SONAX Hybrid Woolpad Polishing Pad High-performance polishing pad for eccentric polishers. Designed to remove deep scratches and blemishes. An innovative blend of natural lambswool and polyester. High polishing speed without overheating.For eccentric (DA) polishers with 125 mm base. Ideal for use with SONAX Profiline Ultimate Cut, SONAX Profiline CutMax in the first polishing step or&hellip;<\/p>\n","protected":false},"featured_media":3958,"comment_status":"closed","ping_status":"closed","template":"","meta":[],"product_brand":[],"product_cat":[172,170],"product_tag":[192,193,214],"class_list":{"0":"post-7025","1":"product","2":"type-product","3":"status-publish","4":"has-post-thumbnail","6":"product_cat-polishing-pads","7":"product_cat-polishing-tools","8":"product_tag-polishing","9":"product_tag-polishing-pads","10":"product_tag-woolpads","11":"description-off","13":"first","14":"outofstock","15":"taxable","16":"shipping-taxable","17":"purchasable","18":"product-type-variable"},"yoast_head":"<!-- This site is optimized with the Yoast SEO plugin v27.4 - https:\/\/yoast.com\/product\/yoast-seo-wordpress\/ -->\n<title>SONAX Hybrid Woolpad Polishing Pad, 143mm - Detail Spot<\/title>\n<meta name=\"description\" content=\"High-performance polishing pad for eccentric polishers. Designed to remove deep scratches and blemishes.\" \/>\n<meta name=\"robots\" content=\"index, follow, max-snippet:-1, max-image-preview:large, max-video-preview:-1\" \/>\n<link rel=\"canonical\" href=\"https:\/\/detailspot.lt\/en\/produktas\/sonax-hybrid-woolpad-polishing-pad-143mm\/\" \/>\n<meta property=\"og:locale\" content=\"en_US\" \/>\n<meta property=\"og:type\" content=\"article\" \/>\n<meta property=\"og:title\" content=\"SONAX Hybrid Woolpad Polishing Pad, 143mm - Detail Spot\" \/>\n<meta property=\"og:description\" content=\"High-performance polishing pad for eccentric polishers. Designed to remove deep scratches and blemishes.\" \/>\n<meta property=\"og:url\" content=\"https:\/\/detailspot.lt\/en\/produktas\/sonax-hybrid-woolpad-polishing-pad-143mm\/\" \/>\n<meta property=\"og:site_name\" content=\"Detail Spot\" \/>\n<meta property=\"article:publisher\" content=\"https:\/\/www.facebook.com\/profile.php?id=100039208338156\" \/>\n<meta property=\"og:image\" content=\"https:\/\/detailspot.lt\/wp-content\/uploads\/2022\/12\/Sonax-hibridinis-avikailio-padas-1.png\" \/>\n\t<meta property=\"og:image:width\" content=\"1240\" \/>\n\t<meta property=\"og:image:height\" content=\"771\" \/>\n\t<meta property=\"og:image:type\" content=\"image\/png\" \/>\n<meta name=\"twitter:card\" content=\"summary_large_image\" \/>\n<script type=\"application\/ld+json\" class=\"yoast-schema-graph\">{\"@context\":\"https:\\\/\\\/schema.org\",\"@graph\":[{\"@type\":\"WebPage\",\"@id\":\"https:\\\/\\\/detailspot.lt\\\/en\\\/produktas\\\/sonax-hybrid-woolpad-polishing-pad-143mm\\\/\",\"url\":\"https:\\\/\\\/detailspot.lt\\\/en\\\/produktas\\\/sonax-hybrid-woolpad-polishing-pad-143mm\\\/\",\"name\":\"SONAX Hybrid Woolpad Polishing Pad, 143mm - Detail Spot\",\"isPartOf\":{\"@id\":\"https:\\\/\\\/detailspot.lt\\\/#website\"},\"primaryImageOfPage\":{\"@id\":\"https:\\\/\\\/detailspot.lt\\\/en\\\/produktas\\\/sonax-hybrid-woolpad-polishing-pad-143mm\\\/#primaryimage\"},\"image\":{\"@id\":\"https:\\\/\\\/detailspot.lt\\\/en\\\/produktas\\\/sonax-hybrid-woolpad-polishing-pad-143mm\\\/#primaryimage\"},\"thumbnailUrl\":\"https:\\\/\\\/detailspot.lt\\\/wp-content\\\/uploads\\\/2022\\\/12\\\/Sonax-hibridinis-avikailio-padas-1.png\",\"datePublished\":\"2022-12-02T13:14:09+00:00\",\"description\":\"High-performance polishing pad for eccentric polishers. Designed to remove deep scratches and blemishes.\",\"breadcrumb\":{\"@id\":\"https:\\\/\\\/detailspot.lt\\\/en\\\/produktas\\\/sonax-hybrid-woolpad-polishing-pad-143mm\\\/#breadcrumb\"},\"inLanguage\":\"en-US\",\"potentialAction\":[{\"@type\":\"ReadAction\",\"target\":[\"https:\\\/\\\/detailspot.lt\\\/en\\\/produktas\\\/sonax-hybrid-woolpad-polishing-pad-143mm\\\/\"]}]},{\"@type\":\"ImageObject\",\"inLanguage\":\"en-US\",\"@id\":\"https:\\\/\\\/detailspot.lt\\\/en\\\/produktas\\\/sonax-hybrid-woolpad-polishing-pad-143mm\\\/#primaryimage\",\"url\":\"https:\\\/\\\/detailspot.lt\\\/wp-content\\\/uploads\\\/2022\\\/12\\\/Sonax-hibridinis-avikailio-padas-1.png\",\"contentUrl\":\"https:\\\/\\\/detailspot.lt\\\/wp-content\\\/uploads\\\/2022\\\/12\\\/Sonax-hibridinis-avikailio-padas-1.png\",\"width\":1240,\"height\":771},{\"@type\":\"BreadcrumbList\",\"@id\":\"https:\\\/\\\/detailspot.lt\\\/en\\\/produktas\\\/sonax-hybrid-woolpad-polishing-pad-143mm\\\/#breadcrumb\",\"itemListElement\":[{\"@type\":\"ListItem\",\"position\":1,\"name\":\"Home\",\"item\":\"https:\\\/\\\/detailspot.lt\\\/en\\\/\"},{\"@type\":\"ListItem\",\"position\":2,\"name\":\"Shop\",\"item\":\"https:\\\/\\\/detailspot.lt\\\/en\\\/parduotuve\\\/\"},{\"@type\":\"ListItem\",\"position\":3,\"name\":\"SONAX Hybrid Woolpad Polishing Pad, 143mm\"}]},{\"@type\":\"WebSite\",\"@id\":\"https:\\\/\\\/detailspot.lt\\\/#website\",\"url\":\"https:\\\/\\\/detailspot.lt\\\/\",\"name\":\"Detail Spot\",\"description\":\"Automobili\u0173 prie\u017ei\u016bros priemon\u0117s\",\"publisher\":{\"@id\":\"https:\\\/\\\/detailspot.lt\\\/#organization\"},\"potentialAction\":[{\"@type\":\"SearchAction\",\"target\":{\"@type\":\"EntryPoint\",\"urlTemplate\":\"https:\\\/\\\/detailspot.lt\\\/?s={search_term_string}\"},\"query-input\":{\"@type\":\"PropertyValueSpecification\",\"valueRequired\":true,\"valueName\":\"search_term_string\"}}],\"inLanguage\":\"en-US\"},{\"@type\":\"Organization\",\"@id\":\"https:\\\/\\\/detailspot.lt\\\/#organization\",\"name\":\"Detail Spot\",\"url\":\"https:\\\/\\\/detailspot.lt\\\/\",\"logo\":{\"@type\":\"ImageObject\",\"inLanguage\":\"en-US\",\"@id\":\"https:\\\/\\\/detailspot.lt\\\/#\\\/schema\\\/logo\\\/image\\\/\",\"url\":\"https:\\\/\\\/detailspot.lt\\\/wp-content\\\/uploads\\\/2022\\\/10\\\/logo-original.svg\",\"contentUrl\":\"https:\\\/\\\/detailspot.lt\\\/wp-content\\\/uploads\\\/2022\\\/10\\\/logo-original.svg\",\"width\":1,\"height\":1,\"caption\":\"Detail Spot\"},\"image\":{\"@id\":\"https:\\\/\\\/detailspot.lt\\\/#\\\/schema\\\/logo\\\/image\\\/\"},\"sameAs\":[\"https:\\\/\\\/www.facebook.com\\\/profile.php?id=100039208338156\"]}]}<\/script>\n<!-- \/ Yoast SEO plugin. -->","yoast_head_json":{"title":"SONAX Hybrid Woolpad Polishing Pad, 143mm - Detail Spot","description":"High-performance polishing pad for eccentric polishers. Designed to remove deep scratches and blemishes.","robots":{"index":"index","follow":"follow","max-snippet":"max-snippet:-1","max-image-preview":"max-image-preview:large","max-video-preview":"max-video-preview:-1"},"canonical":"https:\/\/detailspot.lt\/en\/produktas\/sonax-hybrid-woolpad-polishing-pad-143mm\/","og_locale":"en_US","og_type":"article","og_title":"SONAX Hybrid Woolpad Polishing Pad, 143mm - Detail Spot","og_description":"High-performance polishing pad for eccentric polishers. Designed to remove deep scratches and blemishes.","og_url":"https:\/\/detailspot.lt\/en\/produktas\/sonax-hybrid-woolpad-polishing-pad-143mm\/","og_site_name":"Detail Spot","article_publisher":"https:\/\/www.facebook.com\/profile.php?id=100039208338156","og_image":[{"width":1240,"height":771,"url":"https:\/\/detailspot.lt\/wp-content\/uploads\/2022\/12\/Sonax-hibridinis-avikailio-padas-1.png","type":"image\/png"}],"twitter_card":"summary_large_image","schema":{"@context":"https:\/\/schema.org","@graph":[{"@type":"WebPage","@id":"https:\/\/detailspot.lt\/en\/produktas\/sonax-hybrid-woolpad-polishing-pad-143mm\/","url":"https:\/\/detailspot.lt\/en\/produktas\/sonax-hybrid-woolpad-polishing-pad-143mm\/","name":"SONAX Hybrid Woolpad Polishing Pad, 143mm - Detail Spot","isPartOf":{"@id":"https:\/\/detailspot.lt\/#website"},"primaryImageOfPage":{"@id":"https:\/\/detailspot.lt\/en\/produktas\/sonax-hybrid-woolpad-polishing-pad-143mm\/#primaryimage"},"image":{"@id":"https:\/\/detailspot.lt\/en\/produktas\/sonax-hybrid-woolpad-polishing-pad-143mm\/#primaryimage"},"thumbnailUrl":"https:\/\/detailspot.lt\/wp-content\/uploads\/2022\/12\/Sonax-hibridinis-avikailio-padas-1.png","datePublished":"2022-12-02T13:14:09+00:00","description":"High-performance polishing pad for eccentric polishers. Designed to remove deep scratches and blemishes.","breadcrumb":{"@id":"https:\/\/detailspot.lt\/en\/produktas\/sonax-hybrid-woolpad-polishing-pad-143mm\/#breadcrumb"},"inLanguage":"en-US","potentialAction":[{"@type":"ReadAction","target":["https:\/\/detailspot.lt\/en\/produktas\/sonax-hybrid-woolpad-polishing-pad-143mm\/"]}]},{"@type":"ImageObject","inLanguage":"en-US","@id":"https:\/\/detailspot.lt\/en\/produktas\/sonax-hybrid-woolpad-polishing-pad-143mm\/#primaryimage","url":"https:\/\/detailspot.lt\/wp-content\/uploads\/2022\/12\/Sonax-hibridinis-avikailio-padas-1.png","contentUrl":"https:\/\/detailspot.lt\/wp-content\/uploads\/2022\/12\/Sonax-hibridinis-avikailio-padas-1.png","width":1240,"height":771},{"@type":"BreadcrumbList","@id":"https:\/\/detailspot.lt\/en\/produktas\/sonax-hybrid-woolpad-polishing-pad-143mm\/#breadcrumb","itemListElement":[{"@type":"ListItem","position":1,"name":"Home","item":"https:\/\/detailspot.lt\/en\/"},{"@type":"ListItem","position":2,"name":"Shop","item":"https:\/\/detailspot.lt\/en\/parduotuve\/"},{"@type":"ListItem","position":3,"name":"SONAX Hybrid Woolpad Polishing Pad, 143mm"}]},{"@type":"WebSite","@id":"https:\/\/detailspot.lt\/#website","url":"https:\/\/detailspot.lt\/","name":"Detail Spot","description":"Automobili\u0173 prie\u017ei\u016bros priemon\u0117s","publisher":{"@id":"https:\/\/detailspot.lt\/#organization"},"potentialAction":[{"@type":"SearchAction","target":{"@type":"EntryPoint","urlTemplate":"https:\/\/detailspot.lt\/?s={search_term_string}"},"query-input":{"@type":"PropertyValueSpecification","valueRequired":true,"valueName":"search_term_string"}}],"inLanguage":"en-US"},{"@type":"Organization","@id":"https:\/\/detailspot.lt\/#organization","name":"Detail Spot","url":"https:\/\/detailspot.lt\/","logo":{"@type":"ImageObject","inLanguage":"en-US","@id":"https:\/\/detailspot.lt\/#\/schema\/logo\/image\/","url":"https:\/\/detailspot.lt\/wp-content\/uploads\/2022\/10\/logo-original.svg","contentUrl":"https:\/\/detailspot.lt\/wp-content\/uploads\/2022\/10\/logo-original.svg","width":1,"height":1,"caption":"Detail Spot"},"image":{"@id":"https:\/\/detailspot.lt\/#\/schema\/logo\/image\/"},"sameAs":["https:\/\/www.facebook.com\/profile.php?id=100039208338156"]}]}},"_links":{"self":[{"href":"https:\/\/detailspot.lt\/en\/wp-json\/wp\/v2\/product\/7025","targetHints":{"allow":["GET"]}}],"collection":[{"href":"https:\/\/detailspot.lt\/en\/wp-json\/wp\/v2\/product"}],"about":[{"href":"https:\/\/detailspot.lt\/en\/wp-json\/wp\/v2\/types\/product"}],"replies":[{"embeddable":true,"href":"https:\/\/detailspot.lt\/en\/wp-json\/wp\/v2\/comments?post=7025"}],"wp:featuredmedia":[{"embeddable":true,"href":"https:\/\/detailspot.lt\/en\/wp-json\/wp\/v2\/media\/3958"}],"wp:attachment":[{"href":"https:\/\/detailspot.lt\/en\/wp-json\/wp\/v2\/media?parent=7025"}],"wp:term":[{"taxonomy":"product_brand","embeddable":true,"href":"https:\/\/detailspot.lt\/en\/wp-json\/wp\/v2\/product_brand?post=7025"},{"taxonomy":"product_cat","embeddable":true,"href":"https:\/\/detailspot.lt\/en\/wp-json\/wp\/v2\/product_cat?post=7025"},{"taxonomy":"product_tag","embeddable":true,"href":"https:\/\/detailspot.lt\/en\/wp-json\/wp\/v2\/product_tag?post=7025"}],"curies":[{"name":"wp","href":"https:\/\/api.w.org\/{rel}","templated":true}]}}