{"id":6996,"date":"2022-12-02T15:14:00","date_gmt":"2022-12-02T13:14:00","guid":{"rendered":"https:\/\/detailspot.lt\/produktas\/fx-protect-iron-remover-metal-particle-remover\/"},"modified":"2025-06-20T14:26:21","modified_gmt":"2025-06-20T11:26:21","slug":"fx-protect-iron-remover-metal-particle-remover","status":"publish","type":"product","link":"https:\/\/detailspot.lt\/en\/produktas\/fx-protect-iron-remover-metal-particle-remover\/","title":{"rendered":"FX Protect Iron Remover Metal Particle Remover"},"content":{"rendered":"<h1><strong>FX Protect Iron Remover Metal Particle Remover<\/strong><\/h1>\n<p>designed to remove metal particles from rims and other painted or varnished surfaces. The advanced formula safely dissolves metal particles, so you can quickly remove them with a high-pressure jet or just a normal water jet. Also use <a href=\"https:\/\/detailspot.lt\/produktas\/liquid-elements-furby-ratlankiu-sepetys\/\">Liquid Elements Furby<\/a> Wheel Wash Brushes<\/p>\n<p><strong>Characteristics:<br \/>\n<\/strong><\/p>\n<ol>\n<li>ph Neutral cleaner &#8211; safe for protective coatings<\/li>\n<li>Makes the ligaments &#8220;bleed&#8221;<\/li>\n<li>Efficient and easy to use<\/li>\n<li>Can be used on rims and body surfaces<\/li>\n<\/ol>\n<p>&nbsp;<\/p>\n<p style=\"text-align: center;\"><img loading=\"lazy\" decoding=\"async\" class=\"alignnone size-full wp-image-1096\" src=\"https:\/\/detailspot.lt\/wp-content\/uploads\/2022\/11\/fx-protect-logo-white-background-ireland.jpg\" alt=\"\" width=\"300\" height=\"123\" srcset=\"https:\/\/detailspot.lt\/wp-content\/uploads\/2022\/11\/fx-protect-logo-white-background-ireland.jpg 300w, https:\/\/detailspot.lt\/wp-content\/uploads\/2022\/11\/fx-protect-logo-white-background-ireland-64x26.jpg 64w\" sizes=\"auto, (max-width: 300px) 100vw, 300px\" \/><\/p>\n","protected":false},"excerpt":{"rendered":"<p>FX Protect Iron Remover Metal Particle Remover designed to remove metal particles from rims and other painted or varnished surfaces. The advanced formula safely dissolves metal particles, so you can quickly remove them with a high-pressure jet or just a normal water jet. Also use Liquid Elements Furby Wheel Wash Brushes Characteristics: ph Neutral cleaner&hellip;<\/p>\n","protected":false},"featured_media":3809,"comment_status":"closed","ping_status":"closed","template":"","meta":[],"product_brand":[],"product_cat":[160,164,162,177],"product_tag":[217],"class_list":{"0":"post-6996","1":"product","2":"type-product","3":"status-publish","4":"has-post-thumbnail","6":"product_cat-exterior","7":"product_cat-shampoos-and-cleansers","8":"product_cat-surface-preparation","9":"product_cat-wheel-care","10":"product_tag-fx-protect-en","11":"description-off","13":"first","14":"instock","15":"taxable","16":"shipping-taxable","17":"purchasable","18":"product-type-variable"},"yoast_head":"<!-- This site is optimized with the Yoast SEO plugin v27.4 - https:\/\/yoast.com\/product\/yoast-seo-wordpress\/ -->\n<title>FX Protect Iron Remover Metal Particle Remover - Detail Spot<\/title>\n<meta name=\"description\" content=\"FX Protect Iron Remover Metal Particle Remover is a cleaner designed to remove metal particles from rims and other painted or varnished surfaces\" \/>\n<meta name=\"robots\" content=\"index, follow, max-snippet:-1, max-image-preview:large, max-video-preview:-1\" \/>\n<link rel=\"canonical\" href=\"https:\/\/detailspot.lt\/en\/produktas\/fx-protect-iron-remover-metal-particle-remover\/\" \/>\n<meta property=\"og:locale\" content=\"en_US\" \/>\n<meta property=\"og:type\" content=\"article\" \/>\n<meta property=\"og:title\" content=\"FX Protect Iron Remover Metal Particle Remover - Detail Spot\" \/>\n<meta property=\"og:description\" content=\"FX Protect Iron Remover Metal Particle Remover is a cleaner designed to remove metal particles from rims and other painted or varnished surfaces\" \/>\n<meta property=\"og:url\" content=\"https:\/\/detailspot.lt\/en\/produktas\/fx-protect-iron-remover-metal-particle-remover\/\" \/>\n<meta property=\"og:site_name\" content=\"Detail Spot\" \/>\n<meta property=\"article:publisher\" content=\"https:\/\/www.facebook.com\/profile.php?id=100039208338156\" \/>\n<meta property=\"article:modified_time\" content=\"2025-06-20T11:26:21+00:00\" \/>\n<meta property=\"og:image\" content=\"https:\/\/detailspot.lt\/wp-content\/uploads\/2022\/12\/FX-protect-iron-remover-500ml.webp\" \/>\n\t<meta property=\"og:image:width\" content=\"680\" \/>\n\t<meta property=\"og:image:height\" content=\"680\" \/>\n\t<meta property=\"og:image:type\" content=\"image\/webp\" \/>\n<meta name=\"twitter:card\" content=\"summary_large_image\" \/>\n<script type=\"application\/ld+json\" class=\"yoast-schema-graph\">{\"@context\":\"https:\\\/\\\/schema.org\",\"@graph\":[{\"@type\":\"WebPage\",\"@id\":\"https:\\\/\\\/detailspot.lt\\\/en\\\/produktas\\\/fx-protect-iron-remover-metal-particle-remover\\\/\",\"url\":\"https:\\\/\\\/detailspot.lt\\\/en\\\/produktas\\\/fx-protect-iron-remover-metal-particle-remover\\\/\",\"name\":\"FX Protect Iron Remover Metal Particle Remover - Detail Spot\",\"isPartOf\":{\"@id\":\"https:\\\/\\\/detailspot.lt\\\/#website\"},\"primaryImageOfPage\":{\"@id\":\"https:\\\/\\\/detailspot.lt\\\/en\\\/produktas\\\/fx-protect-iron-remover-metal-particle-remover\\\/#primaryimage\"},\"image\":{\"@id\":\"https:\\\/\\\/detailspot.lt\\\/en\\\/produktas\\\/fx-protect-iron-remover-metal-particle-remover\\\/#primaryimage\"},\"thumbnailUrl\":\"https:\\\/\\\/detailspot.lt\\\/wp-content\\\/uploads\\\/2022\\\/12\\\/FX-protect-iron-remover-500ml.webp\",\"datePublished\":\"2022-12-02T13:14:00+00:00\",\"dateModified\":\"2025-06-20T11:26:21+00:00\",\"description\":\"FX Protect Iron Remover Metal Particle Remover is a cleaner designed to remove metal particles from rims and other painted or varnished surfaces\",\"breadcrumb\":{\"@id\":\"https:\\\/\\\/detailspot.lt\\\/en\\\/produktas\\\/fx-protect-iron-remover-metal-particle-remover\\\/#breadcrumb\"},\"inLanguage\":\"en-US\",\"potentialAction\":[{\"@type\":\"ReadAction\",\"target\":[\"https:\\\/\\\/detailspot.lt\\\/en\\\/produktas\\\/fx-protect-iron-remover-metal-particle-remover\\\/\"]}]},{\"@type\":\"ImageObject\",\"inLanguage\":\"en-US\",\"@id\":\"https:\\\/\\\/detailspot.lt\\\/en\\\/produktas\\\/fx-protect-iron-remover-metal-particle-remover\\\/#primaryimage\",\"url\":\"https:\\\/\\\/detailspot.lt\\\/wp-content\\\/uploads\\\/2022\\\/12\\\/FX-protect-iron-remover-500ml.webp\",\"contentUrl\":\"https:\\\/\\\/detailspot.lt\\\/wp-content\\\/uploads\\\/2022\\\/12\\\/FX-protect-iron-remover-500ml.webp\",\"width\":680,\"height\":680},{\"@type\":\"BreadcrumbList\",\"@id\":\"https:\\\/\\\/detailspot.lt\\\/en\\\/produktas\\\/fx-protect-iron-remover-metal-particle-remover\\\/#breadcrumb\",\"itemListElement\":[{\"@type\":\"ListItem\",\"position\":1,\"name\":\"Home\",\"item\":\"https:\\\/\\\/detailspot.lt\\\/en\\\/\"},{\"@type\":\"ListItem\",\"position\":2,\"name\":\"Shop\",\"item\":\"https:\\\/\\\/detailspot.lt\\\/en\\\/parduotuve\\\/\"},{\"@type\":\"ListItem\",\"position\":3,\"name\":\"FX Protect Iron Remover Metal Particle Remover\"}]},{\"@type\":\"WebSite\",\"@id\":\"https:\\\/\\\/detailspot.lt\\\/#website\",\"url\":\"https:\\\/\\\/detailspot.lt\\\/\",\"name\":\"Detail Spot\",\"description\":\"Automobili\u0173 prie\u017ei\u016bros priemon\u0117s\",\"publisher\":{\"@id\":\"https:\\\/\\\/detailspot.lt\\\/#organization\"},\"potentialAction\":[{\"@type\":\"SearchAction\",\"target\":{\"@type\":\"EntryPoint\",\"urlTemplate\":\"https:\\\/\\\/detailspot.lt\\\/?s={search_term_string}\"},\"query-input\":{\"@type\":\"PropertyValueSpecification\",\"valueRequired\":true,\"valueName\":\"search_term_string\"}}],\"inLanguage\":\"en-US\"},{\"@type\":\"Organization\",\"@id\":\"https:\\\/\\\/detailspot.lt\\\/#organization\",\"name\":\"Detail Spot\",\"url\":\"https:\\\/\\\/detailspot.lt\\\/\",\"logo\":{\"@type\":\"ImageObject\",\"inLanguage\":\"en-US\",\"@id\":\"https:\\\/\\\/detailspot.lt\\\/#\\\/schema\\\/logo\\\/image\\\/\",\"url\":\"https:\\\/\\\/detailspot.lt\\\/wp-content\\\/uploads\\\/2022\\\/10\\\/logo-original.svg\",\"contentUrl\":\"https:\\\/\\\/detailspot.lt\\\/wp-content\\\/uploads\\\/2022\\\/10\\\/logo-original.svg\",\"width\":1,\"height\":1,\"caption\":\"Detail Spot\"},\"image\":{\"@id\":\"https:\\\/\\\/detailspot.lt\\\/#\\\/schema\\\/logo\\\/image\\\/\"},\"sameAs\":[\"https:\\\/\\\/www.facebook.com\\\/profile.php?id=100039208338156\"]}]}<\/script>\n<!-- \/ Yoast SEO plugin. -->","yoast_head_json":{"title":"FX Protect Iron Remover Metal Particle Remover - Detail Spot","description":"FX Protect Iron Remover Metal Particle Remover is a cleaner designed to remove metal particles from rims and other painted or varnished surfaces","robots":{"index":"index","follow":"follow","max-snippet":"max-snippet:-1","max-image-preview":"max-image-preview:large","max-video-preview":"max-video-preview:-1"},"canonical":"https:\/\/detailspot.lt\/en\/produktas\/fx-protect-iron-remover-metal-particle-remover\/","og_locale":"en_US","og_type":"article","og_title":"FX Protect Iron Remover Metal Particle Remover - Detail Spot","og_description":"FX Protect Iron Remover Metal Particle Remover is a cleaner designed to remove metal particles from rims and other painted or varnished surfaces","og_url":"https:\/\/detailspot.lt\/en\/produktas\/fx-protect-iron-remover-metal-particle-remover\/","og_site_name":"Detail Spot","article_publisher":"https:\/\/www.facebook.com\/profile.php?id=100039208338156","article_modified_time":"2025-06-20T11:26:21+00:00","og_image":[{"width":680,"height":680,"url":"https:\/\/detailspot.lt\/wp-content\/uploads\/2022\/12\/FX-protect-iron-remover-500ml.webp","type":"image\/webp"}],"twitter_card":"summary_large_image","schema":{"@context":"https:\/\/schema.org","@graph":[{"@type":"WebPage","@id":"https:\/\/detailspot.lt\/en\/produktas\/fx-protect-iron-remover-metal-particle-remover\/","url":"https:\/\/detailspot.lt\/en\/produktas\/fx-protect-iron-remover-metal-particle-remover\/","name":"FX Protect Iron Remover Metal Particle Remover - Detail Spot","isPartOf":{"@id":"https:\/\/detailspot.lt\/#website"},"primaryImageOfPage":{"@id":"https:\/\/detailspot.lt\/en\/produktas\/fx-protect-iron-remover-metal-particle-remover\/#primaryimage"},"image":{"@id":"https:\/\/detailspot.lt\/en\/produktas\/fx-protect-iron-remover-metal-particle-remover\/#primaryimage"},"thumbnailUrl":"https:\/\/detailspot.lt\/wp-content\/uploads\/2022\/12\/FX-protect-iron-remover-500ml.webp","datePublished":"2022-12-02T13:14:00+00:00","dateModified":"2025-06-20T11:26:21+00:00","description":"FX Protect Iron Remover Metal Particle Remover is a cleaner designed to remove metal particles from rims and other painted or varnished surfaces","breadcrumb":{"@id":"https:\/\/detailspot.lt\/en\/produktas\/fx-protect-iron-remover-metal-particle-remover\/#breadcrumb"},"inLanguage":"en-US","potentialAction":[{"@type":"ReadAction","target":["https:\/\/detailspot.lt\/en\/produktas\/fx-protect-iron-remover-metal-particle-remover\/"]}]},{"@type":"ImageObject","inLanguage":"en-US","@id":"https:\/\/detailspot.lt\/en\/produktas\/fx-protect-iron-remover-metal-particle-remover\/#primaryimage","url":"https:\/\/detailspot.lt\/wp-content\/uploads\/2022\/12\/FX-protect-iron-remover-500ml.webp","contentUrl":"https:\/\/detailspot.lt\/wp-content\/uploads\/2022\/12\/FX-protect-iron-remover-500ml.webp","width":680,"height":680},{"@type":"BreadcrumbList","@id":"https:\/\/detailspot.lt\/en\/produktas\/fx-protect-iron-remover-metal-particle-remover\/#breadcrumb","itemListElement":[{"@type":"ListItem","position":1,"name":"Home","item":"https:\/\/detailspot.lt\/en\/"},{"@type":"ListItem","position":2,"name":"Shop","item":"https:\/\/detailspot.lt\/en\/parduotuve\/"},{"@type":"ListItem","position":3,"name":"FX Protect Iron Remover Metal Particle Remover"}]},{"@type":"WebSite","@id":"https:\/\/detailspot.lt\/#website","url":"https:\/\/detailspot.lt\/","name":"Detail Spot","description":"Automobili\u0173 prie\u017ei\u016bros priemon\u0117s","publisher":{"@id":"https:\/\/detailspot.lt\/#organization"},"potentialAction":[{"@type":"SearchAction","target":{"@type":"EntryPoint","urlTemplate":"https:\/\/detailspot.lt\/?s={search_term_string}"},"query-input":{"@type":"PropertyValueSpecification","valueRequired":true,"valueName":"search_term_string"}}],"inLanguage":"en-US"},{"@type":"Organization","@id":"https:\/\/detailspot.lt\/#organization","name":"Detail Spot","url":"https:\/\/detailspot.lt\/","logo":{"@type":"ImageObject","inLanguage":"en-US","@id":"https:\/\/detailspot.lt\/#\/schema\/logo\/image\/","url":"https:\/\/detailspot.lt\/wp-content\/uploads\/2022\/10\/logo-original.svg","contentUrl":"https:\/\/detailspot.lt\/wp-content\/uploads\/2022\/10\/logo-original.svg","width":1,"height":1,"caption":"Detail Spot"},"image":{"@id":"https:\/\/detailspot.lt\/#\/schema\/logo\/image\/"},"sameAs":["https:\/\/www.facebook.com\/profile.php?id=100039208338156"]}]}},"_links":{"self":[{"href":"https:\/\/detailspot.lt\/en\/wp-json\/wp\/v2\/product\/6996","targetHints":{"allow":["GET"]}}],"collection":[{"href":"https:\/\/detailspot.lt\/en\/wp-json\/wp\/v2\/product"}],"about":[{"href":"https:\/\/detailspot.lt\/en\/wp-json\/wp\/v2\/types\/product"}],"replies":[{"embeddable":true,"href":"https:\/\/detailspot.lt\/en\/wp-json\/wp\/v2\/comments?post=6996"}],"wp:featuredmedia":[{"embeddable":true,"href":"https:\/\/detailspot.lt\/en\/wp-json\/wp\/v2\/media\/3809"}],"wp:attachment":[{"href":"https:\/\/detailspot.lt\/en\/wp-json\/wp\/v2\/media?parent=6996"}],"wp:term":[{"taxonomy":"product_brand","embeddable":true,"href":"https:\/\/detailspot.lt\/en\/wp-json\/wp\/v2\/product_brand?post=6996"},{"taxonomy":"product_cat","embeddable":true,"href":"https:\/\/detailspot.lt\/en\/wp-json\/wp\/v2\/product_cat?post=6996"},{"taxonomy":"product_tag","embeddable":true,"href":"https:\/\/detailspot.lt\/en\/wp-json\/wp\/v2\/product_tag?post=6996"}],"curies":[{"name":"wp","href":"https:\/\/api.w.org\/{rel}","templated":true}]}}