{"id":6992,"date":"2022-12-02T15:14:00","date_gmt":"2022-12-02T13:14:00","guid":{"rendered":"https:\/\/detailspot.lt\/produktas\/fx-protect-nano-shampoo-with-nano-component\/"},"modified":"2022-12-02T15:14:00","modified_gmt":"2022-12-02T13:14:00","slug":"fx-protect-nano-shampoo-with-nano-component","status":"publish","type":"product","link":"https:\/\/detailspot.lt\/en\/produktas\/fx-protect-nano-shampoo-with-nano-component\/","title":{"rendered":"FX Protect Nano Shampoo with nano component"},"content":{"rendered":"<h1>FX Protect Nano Shampoo with nano component<\/h1>\n<p>The SiO2 particles in the product provide excellent maintenance properties for surfaces decorated with protective coatings, while the unique combination of cleaning agents helps to safely remove dirt from the surface and ensure a safe process. This shampoo is designed for the daily care of cars with protective coatings<\/p>\n<p>&nbsp;<\/p>\n<p style=\"text-align: center;\"><img loading=\"lazy\" decoding=\"async\" class=\"alignnone size-full wp-image-1096\" src=\"https:\/\/detailspot.lt\/wp-content\/uploads\/2022\/11\/fx-protect-logo-white-background-ireland.jpg\" alt=\"\" width=\"300\" height=\"123\" srcset=\"https:\/\/detailspot.lt\/wp-content\/uploads\/2022\/11\/fx-protect-logo-white-background-ireland.jpg 300w, https:\/\/detailspot.lt\/wp-content\/uploads\/2022\/11\/fx-protect-logo-white-background-ireland-64x26.jpg 64w\" sizes=\"auto, (max-width: 300px) 100vw, 300px\" \/><\/p>\n","protected":false},"excerpt":{"rendered":"<p>FX Protect Nano Shampoo with nano component The SiO2 particles in the product provide excellent maintenance properties for surfaces decorated with protective coatings, while the unique combination of cleaning agents helps to safely remove dirt from the surface and ensure a safe process. This shampoo is designed for the daily care of cars with protective&hellip;<\/p>\n","protected":false},"featured_media":4285,"comment_status":"closed","ping_status":"closed","template":"","meta":[],"product_brand":[],"product_cat":[160,164],"product_tag":[217,246],"class_list":{"0":"post-6992","1":"product","2":"type-product","3":"status-publish","4":"has-post-thumbnail","6":"product_cat-exterior","7":"product_cat-shampoos-and-cleansers","8":"product_tag-fx-protect-en","9":"product_tag-shampoo-en","10":"description-off","12":"first","13":"instock","14":"taxable","15":"shipping-taxable","16":"purchasable","17":"product-type-variable"},"yoast_head":"<!-- This site is optimized with the Yoast SEO plugin v27.4 - https:\/\/yoast.com\/product\/yoast-seo-wordpress\/ -->\n<title>FX Protect Nano Shampoo with nano component<\/title>\n<meta name=\"description\" content=\"FX Protect nano shampoo&#039;s unique combination of cleaning agents safely removes dirt from the surface and ensures a safe process\" \/>\n<meta name=\"robots\" content=\"index, follow, max-snippet:-1, max-image-preview:large, max-video-preview:-1\" \/>\n<link rel=\"canonical\" href=\"https:\/\/detailspot.lt\/en\/produktas\/fx-protect-nano-shampoo-with-nano-component\/\" \/>\n<meta property=\"og:locale\" content=\"en_US\" \/>\n<meta property=\"og:type\" content=\"article\" \/>\n<meta property=\"og:title\" content=\"FX Protect Nano Shampoo with nano component\" \/>\n<meta property=\"og:description\" content=\"FX Protect nano shampoo&#039;s unique combination of cleaning agents safely removes dirt from the surface and ensures a safe process\" \/>\n<meta property=\"og:url\" content=\"https:\/\/detailspot.lt\/en\/produktas\/fx-protect-nano-shampoo-with-nano-component\/\" \/>\n<meta property=\"og:site_name\" content=\"Detail Spot\" \/>\n<meta property=\"article:publisher\" content=\"https:\/\/www.facebook.com\/profile.php?id=100039208338156\" \/>\n<meta property=\"og:image\" content=\"https:\/\/detailspot.lt\/wp-content\/uploads\/2022\/12\/fx-protect-car-shampoo-sampunas-kopija-1.jpg\" \/>\n\t<meta property=\"og:image:width\" content=\"878\" \/>\n\t<meta property=\"og:image:height\" content=\"878\" \/>\n\t<meta property=\"og:image:type\" content=\"image\/jpeg\" \/>\n<meta name=\"twitter:card\" content=\"summary_large_image\" \/>\n<script type=\"application\/ld+json\" class=\"yoast-schema-graph\">{\"@context\":\"https:\\\/\\\/schema.org\",\"@graph\":[{\"@type\":\"WebPage\",\"@id\":\"https:\\\/\\\/detailspot.lt\\\/en\\\/produktas\\\/fx-protect-nano-shampoo-with-nano-component\\\/\",\"url\":\"https:\\\/\\\/detailspot.lt\\\/en\\\/produktas\\\/fx-protect-nano-shampoo-with-nano-component\\\/\",\"name\":\"FX Protect Nano Shampoo with nano component\",\"isPartOf\":{\"@id\":\"https:\\\/\\\/detailspot.lt\\\/#website\"},\"primaryImageOfPage\":{\"@id\":\"https:\\\/\\\/detailspot.lt\\\/en\\\/produktas\\\/fx-protect-nano-shampoo-with-nano-component\\\/#primaryimage\"},\"image\":{\"@id\":\"https:\\\/\\\/detailspot.lt\\\/en\\\/produktas\\\/fx-protect-nano-shampoo-with-nano-component\\\/#primaryimage\"},\"thumbnailUrl\":\"https:\\\/\\\/detailspot.lt\\\/wp-content\\\/uploads\\\/2022\\\/12\\\/fx-protect-car-shampoo-sampunas-kopija-1.jpg\",\"datePublished\":\"2022-12-02T13:14:00+00:00\",\"description\":\"FX Protect nano shampoo's unique combination of cleaning agents safely removes dirt from the surface and ensures a safe process\",\"breadcrumb\":{\"@id\":\"https:\\\/\\\/detailspot.lt\\\/en\\\/produktas\\\/fx-protect-nano-shampoo-with-nano-component\\\/#breadcrumb\"},\"inLanguage\":\"en-US\",\"potentialAction\":[{\"@type\":\"ReadAction\",\"target\":[\"https:\\\/\\\/detailspot.lt\\\/en\\\/produktas\\\/fx-protect-nano-shampoo-with-nano-component\\\/\"]}]},{\"@type\":\"ImageObject\",\"inLanguage\":\"en-US\",\"@id\":\"https:\\\/\\\/detailspot.lt\\\/en\\\/produktas\\\/fx-protect-nano-shampoo-with-nano-component\\\/#primaryimage\",\"url\":\"https:\\\/\\\/detailspot.lt\\\/wp-content\\\/uploads\\\/2022\\\/12\\\/fx-protect-car-shampoo-sampunas-kopija-1.jpg\",\"contentUrl\":\"https:\\\/\\\/detailspot.lt\\\/wp-content\\\/uploads\\\/2022\\\/12\\\/fx-protect-car-shampoo-sampunas-kopija-1.jpg\",\"width\":878,\"height\":878},{\"@type\":\"BreadcrumbList\",\"@id\":\"https:\\\/\\\/detailspot.lt\\\/en\\\/produktas\\\/fx-protect-nano-shampoo-with-nano-component\\\/#breadcrumb\",\"itemListElement\":[{\"@type\":\"ListItem\",\"position\":1,\"name\":\"Home\",\"item\":\"https:\\\/\\\/detailspot.lt\\\/en\\\/\"},{\"@type\":\"ListItem\",\"position\":2,\"name\":\"Shop\",\"item\":\"https:\\\/\\\/detailspot.lt\\\/en\\\/parduotuve\\\/\"},{\"@type\":\"ListItem\",\"position\":3,\"name\":\"FX Protect Nano Shampoo with nano component\"}]},{\"@type\":\"WebSite\",\"@id\":\"https:\\\/\\\/detailspot.lt\\\/#website\",\"url\":\"https:\\\/\\\/detailspot.lt\\\/\",\"name\":\"Detail Spot\",\"description\":\"Automobili\u0173 prie\u017ei\u016bros priemon\u0117s\",\"publisher\":{\"@id\":\"https:\\\/\\\/detailspot.lt\\\/#organization\"},\"potentialAction\":[{\"@type\":\"SearchAction\",\"target\":{\"@type\":\"EntryPoint\",\"urlTemplate\":\"https:\\\/\\\/detailspot.lt\\\/?s={search_term_string}\"},\"query-input\":{\"@type\":\"PropertyValueSpecification\",\"valueRequired\":true,\"valueName\":\"search_term_string\"}}],\"inLanguage\":\"en-US\"},{\"@type\":\"Organization\",\"@id\":\"https:\\\/\\\/detailspot.lt\\\/#organization\",\"name\":\"Detail Spot\",\"url\":\"https:\\\/\\\/detailspot.lt\\\/\",\"logo\":{\"@type\":\"ImageObject\",\"inLanguage\":\"en-US\",\"@id\":\"https:\\\/\\\/detailspot.lt\\\/#\\\/schema\\\/logo\\\/image\\\/\",\"url\":\"https:\\\/\\\/detailspot.lt\\\/wp-content\\\/uploads\\\/2022\\\/10\\\/logo-original.svg\",\"contentUrl\":\"https:\\\/\\\/detailspot.lt\\\/wp-content\\\/uploads\\\/2022\\\/10\\\/logo-original.svg\",\"width\":1,\"height\":1,\"caption\":\"Detail Spot\"},\"image\":{\"@id\":\"https:\\\/\\\/detailspot.lt\\\/#\\\/schema\\\/logo\\\/image\\\/\"},\"sameAs\":[\"https:\\\/\\\/www.facebook.com\\\/profile.php?id=100039208338156\"]}]}<\/script>\n<!-- \/ Yoast SEO plugin. -->","yoast_head_json":{"title":"FX Protect Nano Shampoo with nano component","description":"FX Protect nano shampoo's unique combination of cleaning agents safely removes dirt from the surface and ensures a safe process","robots":{"index":"index","follow":"follow","max-snippet":"max-snippet:-1","max-image-preview":"max-image-preview:large","max-video-preview":"max-video-preview:-1"},"canonical":"https:\/\/detailspot.lt\/en\/produktas\/fx-protect-nano-shampoo-with-nano-component\/","og_locale":"en_US","og_type":"article","og_title":"FX Protect Nano Shampoo with nano component","og_description":"FX Protect nano shampoo's unique combination of cleaning agents safely removes dirt from the surface and ensures a safe process","og_url":"https:\/\/detailspot.lt\/en\/produktas\/fx-protect-nano-shampoo-with-nano-component\/","og_site_name":"Detail Spot","article_publisher":"https:\/\/www.facebook.com\/profile.php?id=100039208338156","og_image":[{"width":878,"height":878,"url":"https:\/\/detailspot.lt\/wp-content\/uploads\/2022\/12\/fx-protect-car-shampoo-sampunas-kopija-1.jpg","type":"image\/jpeg"}],"twitter_card":"summary_large_image","schema":{"@context":"https:\/\/schema.org","@graph":[{"@type":"WebPage","@id":"https:\/\/detailspot.lt\/en\/produktas\/fx-protect-nano-shampoo-with-nano-component\/","url":"https:\/\/detailspot.lt\/en\/produktas\/fx-protect-nano-shampoo-with-nano-component\/","name":"FX Protect Nano Shampoo with nano component","isPartOf":{"@id":"https:\/\/detailspot.lt\/#website"},"primaryImageOfPage":{"@id":"https:\/\/detailspot.lt\/en\/produktas\/fx-protect-nano-shampoo-with-nano-component\/#primaryimage"},"image":{"@id":"https:\/\/detailspot.lt\/en\/produktas\/fx-protect-nano-shampoo-with-nano-component\/#primaryimage"},"thumbnailUrl":"https:\/\/detailspot.lt\/wp-content\/uploads\/2022\/12\/fx-protect-car-shampoo-sampunas-kopija-1.jpg","datePublished":"2022-12-02T13:14:00+00:00","description":"FX Protect nano shampoo's unique combination of cleaning agents safely removes dirt from the surface and ensures a safe process","breadcrumb":{"@id":"https:\/\/detailspot.lt\/en\/produktas\/fx-protect-nano-shampoo-with-nano-component\/#breadcrumb"},"inLanguage":"en-US","potentialAction":[{"@type":"ReadAction","target":["https:\/\/detailspot.lt\/en\/produktas\/fx-protect-nano-shampoo-with-nano-component\/"]}]},{"@type":"ImageObject","inLanguage":"en-US","@id":"https:\/\/detailspot.lt\/en\/produktas\/fx-protect-nano-shampoo-with-nano-component\/#primaryimage","url":"https:\/\/detailspot.lt\/wp-content\/uploads\/2022\/12\/fx-protect-car-shampoo-sampunas-kopija-1.jpg","contentUrl":"https:\/\/detailspot.lt\/wp-content\/uploads\/2022\/12\/fx-protect-car-shampoo-sampunas-kopija-1.jpg","width":878,"height":878},{"@type":"BreadcrumbList","@id":"https:\/\/detailspot.lt\/en\/produktas\/fx-protect-nano-shampoo-with-nano-component\/#breadcrumb","itemListElement":[{"@type":"ListItem","position":1,"name":"Home","item":"https:\/\/detailspot.lt\/en\/"},{"@type":"ListItem","position":2,"name":"Shop","item":"https:\/\/detailspot.lt\/en\/parduotuve\/"},{"@type":"ListItem","position":3,"name":"FX Protect Nano Shampoo with nano component"}]},{"@type":"WebSite","@id":"https:\/\/detailspot.lt\/#website","url":"https:\/\/detailspot.lt\/","name":"Detail Spot","description":"Automobili\u0173 prie\u017ei\u016bros priemon\u0117s","publisher":{"@id":"https:\/\/detailspot.lt\/#organization"},"potentialAction":[{"@type":"SearchAction","target":{"@type":"EntryPoint","urlTemplate":"https:\/\/detailspot.lt\/?s={search_term_string}"},"query-input":{"@type":"PropertyValueSpecification","valueRequired":true,"valueName":"search_term_string"}}],"inLanguage":"en-US"},{"@type":"Organization","@id":"https:\/\/detailspot.lt\/#organization","name":"Detail Spot","url":"https:\/\/detailspot.lt\/","logo":{"@type":"ImageObject","inLanguage":"en-US","@id":"https:\/\/detailspot.lt\/#\/schema\/logo\/image\/","url":"https:\/\/detailspot.lt\/wp-content\/uploads\/2022\/10\/logo-original.svg","contentUrl":"https:\/\/detailspot.lt\/wp-content\/uploads\/2022\/10\/logo-original.svg","width":1,"height":1,"caption":"Detail Spot"},"image":{"@id":"https:\/\/detailspot.lt\/#\/schema\/logo\/image\/"},"sameAs":["https:\/\/www.facebook.com\/profile.php?id=100039208338156"]}]}},"_links":{"self":[{"href":"https:\/\/detailspot.lt\/en\/wp-json\/wp\/v2\/product\/6992","targetHints":{"allow":["GET"]}}],"collection":[{"href":"https:\/\/detailspot.lt\/en\/wp-json\/wp\/v2\/product"}],"about":[{"href":"https:\/\/detailspot.lt\/en\/wp-json\/wp\/v2\/types\/product"}],"replies":[{"embeddable":true,"href":"https:\/\/detailspot.lt\/en\/wp-json\/wp\/v2\/comments?post=6992"}],"wp:featuredmedia":[{"embeddable":true,"href":"https:\/\/detailspot.lt\/en\/wp-json\/wp\/v2\/media\/4285"}],"wp:attachment":[{"href":"https:\/\/detailspot.lt\/en\/wp-json\/wp\/v2\/media?parent=6992"}],"wp:term":[{"taxonomy":"product_brand","embeddable":true,"href":"https:\/\/detailspot.lt\/en\/wp-json\/wp\/v2\/product_brand?post=6992"},{"taxonomy":"product_cat","embeddable":true,"href":"https:\/\/detailspot.lt\/en\/wp-json\/wp\/v2\/product_cat?post=6992"},{"taxonomy":"product_tag","embeddable":true,"href":"https:\/\/detailspot.lt\/en\/wp-json\/wp\/v2\/product_tag?post=6992"}],"curies":[{"name":"wp","href":"https:\/\/api.w.org\/{rel}","templated":true}]}}