{"id":6931,"date":"2022-12-02T15:15:36","date_gmt":"2022-12-02T13:15:36","guid":{"rendered":"https:\/\/detailspot.lt\/produktas\/poka-premium-brush-bottle-holder\/"},"modified":"2024-01-03T19:13:21","modified_gmt":"2024-01-03T17:13:21","slug":"poka-premium-brush-bottle-holder","status":"publish","type":"product","link":"https:\/\/detailspot.lt\/en\/produktas\/poka-premium-brush-bottle-holder\/","title":{"rendered":"Poka Premium Brush &amp; Bottle Holder"},"content":{"rendered":"<p>Poka Premium Brush &amp; Bottle Holder &#8211; functional holder for brushes, bottles and other accessories. The holder can hold up to 10 kg of accessories<\/p>\n<p><strong>Features<br \/>\n<\/strong><\/p>\n<ol>\n<li>Length 40 cm<\/li>\n<li>Laser cut from 1,5 mm metal<\/li>\n<li>Powder coated<\/li>\n<li>Optionally with cut-out markings on the front<\/li>\n<li>Wall-mounted<\/li>\n<li>7 holes at the top, two different sizes (5+2)<\/li>\n<li>Bottle holder on the front<\/li>\n<\/ol>\n<p style=\"text-align: center;\"><img loading=\"lazy\" decoding=\"async\" class=\"alignnone size-full wp-image-2643\" src=\"https:\/\/detailspot.lt\/wp-content\/uploads\/2022\/12\/Poka_logo.jpg\" alt=\"\" width=\"190\" height=\"276\" srcset=\"https:\/\/detailspot.lt\/wp-content\/uploads\/2022\/12\/Poka_logo.jpg 190w, https:\/\/detailspot.lt\/wp-content\/uploads\/2022\/12\/Poka_logo-64x93.jpg 64w\" sizes=\"auto, (max-width: 190px) 100vw, 190px\" \/><\/p>\n","protected":false},"excerpt":{"rendered":"<p>Poka Premium Brush &amp; Bottle Holder &#8211; functional holder for brushes, bottles and other accessories. The holder can hold up to 10 kg of accessories Features Length 40 cm Laser cut from 1,5 mm metal Powder coated Optionally with cut-out markings on the front Wall-mounted 7 holes at the top, two different sizes (5+2) Bottle&hellip;<\/p>\n","protected":false},"featured_media":4123,"comment_status":"closed","ping_status":"closed","template":"","meta":[],"product_brand":[],"product_cat":[182,179],"product_tag":[225,226,228,227,224,203,204],"class_list":{"0":"post-6931","1":"product","2":"type-product","3":"status-publish","4":"has-post-thumbnail","6":"product_cat-poka-premium-en","7":"product_cat-tools","8":"product_tag-bottle-holder-en","9":"product_tag-bottle-holder-en-2","10":"product_tag-brush-bottle-holder-en","11":"product_tag-brush-holder-en-2","12":"product_tag-brush-holder-en","13":"product_tag-holder-en","14":"product_tag-poka-premium-en","15":"description-off","17":"first","18":"onbackorder","19":"taxable","20":"shipping-taxable","21":"purchasable","22":"product-type-variable"},"yoast_head":"<!-- This site is optimized with the Yoast SEO plugin v27.5 - https:\/\/yoast.com\/product\/yoast-seo-wordpress\/ -->\n<title>Poka Premium Brush &amp; Bottle Holder - Detail Spot<\/title>\n<meta name=\"robots\" content=\"index, follow, max-snippet:-1, max-image-preview:large, max-video-preview:-1\" \/>\n<link rel=\"canonical\" href=\"https:\/\/detailspot.lt\/en\/produktas\/poka-premium-brush-bottle-holder\/\" \/>\n<meta property=\"og:locale\" content=\"en_US\" \/>\n<meta property=\"og:type\" content=\"article\" \/>\n<meta property=\"og:title\" content=\"Poka Premium Brush &amp; Bottle Holder - Detail Spot\" \/>\n<meta property=\"og:description\" content=\"Poka Premium Brush &amp; Bottle Holder &#8211; functional holder for brushes, bottles and other accessories. The holder can hold up to 10 kg of accessories Features Length 40 cm Laser cut from 1,5 mm metal Powder coated Optionally with cut-out markings on the front Wall-mounted 7 holes at the top, two different sizes (5+2) Bottle&hellip;\" \/>\n<meta property=\"og:url\" content=\"https:\/\/detailspot.lt\/en\/produktas\/poka-premium-brush-bottle-holder\/\" \/>\n<meta property=\"og:site_name\" content=\"Detail Spot\" \/>\n<meta property=\"article:publisher\" content=\"https:\/\/www.facebook.com\/profile.php?id=100039208338156\" \/>\n<meta property=\"article:modified_time\" content=\"2024-01-03T17:13:21+00:00\" \/>\n<meta property=\"og:image\" content=\"https:\/\/detailspot.lt\/wp-content\/uploads\/2022\/12\/poka-premium-80cm-brush-bottle-holder-3-1.jpg\" \/>\n\t<meta property=\"og:image:width\" content=\"1188\" \/>\n\t<meta property=\"og:image:height\" content=\"1188\" \/>\n\t<meta property=\"og:image:type\" content=\"image\/jpeg\" \/>\n<meta name=\"twitter:card\" content=\"summary_large_image\" \/>\n<script type=\"application\/ld+json\" class=\"yoast-schema-graph\">{\"@context\":\"https:\\\/\\\/schema.org\",\"@graph\":[{\"@type\":\"WebPage\",\"@id\":\"https:\\\/\\\/detailspot.lt\\\/en\\\/produktas\\\/poka-premium-brush-bottle-holder\\\/\",\"url\":\"https:\\\/\\\/detailspot.lt\\\/en\\\/produktas\\\/poka-premium-brush-bottle-holder\\\/\",\"name\":\"Poka Premium Brush &amp; Bottle Holder - Detail Spot\",\"isPartOf\":{\"@id\":\"https:\\\/\\\/detailspot.lt\\\/#website\"},\"primaryImageOfPage\":{\"@id\":\"https:\\\/\\\/detailspot.lt\\\/en\\\/produktas\\\/poka-premium-brush-bottle-holder\\\/#primaryimage\"},\"image\":{\"@id\":\"https:\\\/\\\/detailspot.lt\\\/en\\\/produktas\\\/poka-premium-brush-bottle-holder\\\/#primaryimage\"},\"thumbnailUrl\":\"https:\\\/\\\/detailspot.lt\\\/wp-content\\\/uploads\\\/2022\\\/12\\\/poka-premium-80cm-brush-bottle-holder-3-1.jpg\",\"datePublished\":\"2022-12-02T13:15:36+00:00\",\"dateModified\":\"2024-01-03T17:13:21+00:00\",\"breadcrumb\":{\"@id\":\"https:\\\/\\\/detailspot.lt\\\/en\\\/produktas\\\/poka-premium-brush-bottle-holder\\\/#breadcrumb\"},\"inLanguage\":\"en-US\",\"potentialAction\":[{\"@type\":\"ReadAction\",\"target\":[\"https:\\\/\\\/detailspot.lt\\\/en\\\/produktas\\\/poka-premium-brush-bottle-holder\\\/\"]}]},{\"@type\":\"ImageObject\",\"inLanguage\":\"en-US\",\"@id\":\"https:\\\/\\\/detailspot.lt\\\/en\\\/produktas\\\/poka-premium-brush-bottle-holder\\\/#primaryimage\",\"url\":\"https:\\\/\\\/detailspot.lt\\\/wp-content\\\/uploads\\\/2022\\\/12\\\/poka-premium-80cm-brush-bottle-holder-3-1.jpg\",\"contentUrl\":\"https:\\\/\\\/detailspot.lt\\\/wp-content\\\/uploads\\\/2022\\\/12\\\/poka-premium-80cm-brush-bottle-holder-3-1.jpg\",\"width\":1188,\"height\":1188},{\"@type\":\"BreadcrumbList\",\"@id\":\"https:\\\/\\\/detailspot.lt\\\/en\\\/produktas\\\/poka-premium-brush-bottle-holder\\\/#breadcrumb\",\"itemListElement\":[{\"@type\":\"ListItem\",\"position\":1,\"name\":\"Home\",\"item\":\"https:\\\/\\\/detailspot.lt\\\/en\\\/\"},{\"@type\":\"ListItem\",\"position\":2,\"name\":\"Shop\",\"item\":\"https:\\\/\\\/detailspot.lt\\\/en\\\/parduotuve\\\/\"},{\"@type\":\"ListItem\",\"position\":3,\"name\":\"Poka Premium Brush &amp; Bottle Holder\"}]},{\"@type\":\"WebSite\",\"@id\":\"https:\\\/\\\/detailspot.lt\\\/#website\",\"url\":\"https:\\\/\\\/detailspot.lt\\\/\",\"name\":\"Detail Spot\",\"description\":\"Automobili\u0173 prie\u017ei\u016bros priemon\u0117s\",\"publisher\":{\"@id\":\"https:\\\/\\\/detailspot.lt\\\/#organization\"},\"potentialAction\":[{\"@type\":\"SearchAction\",\"target\":{\"@type\":\"EntryPoint\",\"urlTemplate\":\"https:\\\/\\\/detailspot.lt\\\/?s={search_term_string}\"},\"query-input\":{\"@type\":\"PropertyValueSpecification\",\"valueRequired\":true,\"valueName\":\"search_term_string\"}}],\"inLanguage\":\"en-US\"},{\"@type\":\"Organization\",\"@id\":\"https:\\\/\\\/detailspot.lt\\\/#organization\",\"name\":\"Detail Spot\",\"url\":\"https:\\\/\\\/detailspot.lt\\\/\",\"logo\":{\"@type\":\"ImageObject\",\"inLanguage\":\"en-US\",\"@id\":\"https:\\\/\\\/detailspot.lt\\\/#\\\/schema\\\/logo\\\/image\\\/\",\"url\":\"https:\\\/\\\/detailspot.lt\\\/wp-content\\\/uploads\\\/2022\\\/10\\\/logo-original.svg\",\"contentUrl\":\"https:\\\/\\\/detailspot.lt\\\/wp-content\\\/uploads\\\/2022\\\/10\\\/logo-original.svg\",\"width\":1,\"height\":1,\"caption\":\"Detail Spot\"},\"image\":{\"@id\":\"https:\\\/\\\/detailspot.lt\\\/#\\\/schema\\\/logo\\\/image\\\/\"},\"sameAs\":[\"https:\\\/\\\/www.facebook.com\\\/profile.php?id=100039208338156\"]}]}<\/script>\n<!-- \/ Yoast SEO plugin. -->","yoast_head_json":{"title":"Poka Premium Brush &amp; Bottle Holder - Detail Spot","robots":{"index":"index","follow":"follow","max-snippet":"max-snippet:-1","max-image-preview":"max-image-preview:large","max-video-preview":"max-video-preview:-1"},"canonical":"https:\/\/detailspot.lt\/en\/produktas\/poka-premium-brush-bottle-holder\/","og_locale":"en_US","og_type":"article","og_title":"Poka Premium Brush &amp; Bottle Holder - Detail Spot","og_description":"Poka Premium Brush &amp; Bottle Holder &#8211; functional holder for brushes, bottles and other accessories. The holder can hold up to 10 kg of accessories Features Length 40 cm Laser cut from 1,5 mm metal Powder coated Optionally with cut-out markings on the front Wall-mounted 7 holes at the top, two different sizes (5+2) Bottle&hellip;","og_url":"https:\/\/detailspot.lt\/en\/produktas\/poka-premium-brush-bottle-holder\/","og_site_name":"Detail Spot","article_publisher":"https:\/\/www.facebook.com\/profile.php?id=100039208338156","article_modified_time":"2024-01-03T17:13:21+00:00","og_image":[{"width":1188,"height":1188,"url":"https:\/\/detailspot.lt\/wp-content\/uploads\/2022\/12\/poka-premium-80cm-brush-bottle-holder-3-1.jpg","type":"image\/jpeg"}],"twitter_card":"summary_large_image","schema":{"@context":"https:\/\/schema.org","@graph":[{"@type":"WebPage","@id":"https:\/\/detailspot.lt\/en\/produktas\/poka-premium-brush-bottle-holder\/","url":"https:\/\/detailspot.lt\/en\/produktas\/poka-premium-brush-bottle-holder\/","name":"Poka Premium Brush &amp; Bottle Holder - Detail Spot","isPartOf":{"@id":"https:\/\/detailspot.lt\/#website"},"primaryImageOfPage":{"@id":"https:\/\/detailspot.lt\/en\/produktas\/poka-premium-brush-bottle-holder\/#primaryimage"},"image":{"@id":"https:\/\/detailspot.lt\/en\/produktas\/poka-premium-brush-bottle-holder\/#primaryimage"},"thumbnailUrl":"https:\/\/detailspot.lt\/wp-content\/uploads\/2022\/12\/poka-premium-80cm-brush-bottle-holder-3-1.jpg","datePublished":"2022-12-02T13:15:36+00:00","dateModified":"2024-01-03T17:13:21+00:00","breadcrumb":{"@id":"https:\/\/detailspot.lt\/en\/produktas\/poka-premium-brush-bottle-holder\/#breadcrumb"},"inLanguage":"en-US","potentialAction":[{"@type":"ReadAction","target":["https:\/\/detailspot.lt\/en\/produktas\/poka-premium-brush-bottle-holder\/"]}]},{"@type":"ImageObject","inLanguage":"en-US","@id":"https:\/\/detailspot.lt\/en\/produktas\/poka-premium-brush-bottle-holder\/#primaryimage","url":"https:\/\/detailspot.lt\/wp-content\/uploads\/2022\/12\/poka-premium-80cm-brush-bottle-holder-3-1.jpg","contentUrl":"https:\/\/detailspot.lt\/wp-content\/uploads\/2022\/12\/poka-premium-80cm-brush-bottle-holder-3-1.jpg","width":1188,"height":1188},{"@type":"BreadcrumbList","@id":"https:\/\/detailspot.lt\/en\/produktas\/poka-premium-brush-bottle-holder\/#breadcrumb","itemListElement":[{"@type":"ListItem","position":1,"name":"Home","item":"https:\/\/detailspot.lt\/en\/"},{"@type":"ListItem","position":2,"name":"Shop","item":"https:\/\/detailspot.lt\/en\/parduotuve\/"},{"@type":"ListItem","position":3,"name":"Poka Premium Brush &amp; Bottle Holder"}]},{"@type":"WebSite","@id":"https:\/\/detailspot.lt\/#website","url":"https:\/\/detailspot.lt\/","name":"Detail Spot","description":"Automobili\u0173 prie\u017ei\u016bros priemon\u0117s","publisher":{"@id":"https:\/\/detailspot.lt\/#organization"},"potentialAction":[{"@type":"SearchAction","target":{"@type":"EntryPoint","urlTemplate":"https:\/\/detailspot.lt\/?s={search_term_string}"},"query-input":{"@type":"PropertyValueSpecification","valueRequired":true,"valueName":"search_term_string"}}],"inLanguage":"en-US"},{"@type":"Organization","@id":"https:\/\/detailspot.lt\/#organization","name":"Detail Spot","url":"https:\/\/detailspot.lt\/","logo":{"@type":"ImageObject","inLanguage":"en-US","@id":"https:\/\/detailspot.lt\/#\/schema\/logo\/image\/","url":"https:\/\/detailspot.lt\/wp-content\/uploads\/2022\/10\/logo-original.svg","contentUrl":"https:\/\/detailspot.lt\/wp-content\/uploads\/2022\/10\/logo-original.svg","width":1,"height":1,"caption":"Detail Spot"},"image":{"@id":"https:\/\/detailspot.lt\/#\/schema\/logo\/image\/"},"sameAs":["https:\/\/www.facebook.com\/profile.php?id=100039208338156"]}]}},"_links":{"self":[{"href":"https:\/\/detailspot.lt\/en\/wp-json\/wp\/v2\/product\/6931","targetHints":{"allow":["GET"]}}],"collection":[{"href":"https:\/\/detailspot.lt\/en\/wp-json\/wp\/v2\/product"}],"about":[{"href":"https:\/\/detailspot.lt\/en\/wp-json\/wp\/v2\/types\/product"}],"replies":[{"embeddable":true,"href":"https:\/\/detailspot.lt\/en\/wp-json\/wp\/v2\/comments?post=6931"}],"wp:featuredmedia":[{"embeddable":true,"href":"https:\/\/detailspot.lt\/en\/wp-json\/wp\/v2\/media\/4123"}],"wp:attachment":[{"href":"https:\/\/detailspot.lt\/en\/wp-json\/wp\/v2\/media?parent=6931"}],"wp:term":[{"taxonomy":"product_brand","embeddable":true,"href":"https:\/\/detailspot.lt\/en\/wp-json\/wp\/v2\/product_brand?post=6931"},{"taxonomy":"product_cat","embeddable":true,"href":"https:\/\/detailspot.lt\/en\/wp-json\/wp\/v2\/product_cat?post=6931"},{"taxonomy":"product_tag","embeddable":true,"href":"https:\/\/detailspot.lt\/en\/wp-json\/wp\/v2\/product_tag?post=6931"}],"curies":[{"name":"wp","href":"https:\/\/api.w.org\/{rel}","templated":true}]}}