{"id":6930,"date":"2022-12-02T15:15:36","date_gmt":"2022-12-02T13:15:36","guid":{"rendered":"https:\/\/detailspot.lt\/produktas\/poka-premium-large-pads-tray\/"},"modified":"2022-12-02T15:15:36","modified_gmt":"2022-12-02T13:15:36","slug":"poka-premium-large-pads-tray","status":"publish","type":"product","link":"https:\/\/detailspot.lt\/en\/produktas\/poka-premium-large-pads-tray\/","title":{"rendered":"Poka Premium Large Pads Tray"},"content":{"rendered":"<div id=\"heading2\">\n<p><strong>Poka Premium Large Pads Tray -a<\/strong> tray specially designed to keep large-diameter tyres in a convenient place for you. A cutting in the lower part of the tray allows you to take out the pad of your choice<\/p>\n<p><strong>Features<\/strong><\/p>\n<ol>\n<li>Holds pads up to 165mm diameter<\/li>\n<li>Hold about 15 pcs. for pads<\/li>\n<li>Height 40 cm<\/li>\n<li>Width 20 cm<\/li>\n<li>Depth 17 cm<\/li>\n<li>Laser cut from 1,5 mm metal<\/li>\n<li>Powder coated<\/li>\n<li>Wall-mounted<\/li>\n<\/ol>\n<p style=\"text-align: center;\"><img loading=\"lazy\" decoding=\"async\" class=\"alignnone size-full wp-image-2643\" src=\"https:\/\/detailspot.lt\/wp-content\/uploads\/2022\/12\/Poka_logo.jpg\" alt=\"\" width=\"190\" height=\"276\" srcset=\"https:\/\/detailspot.lt\/wp-content\/uploads\/2022\/12\/Poka_logo.jpg 190w, https:\/\/detailspot.lt\/wp-content\/uploads\/2022\/12\/Poka_logo-64x93.jpg 64w\" sizes=\"auto, (max-width: 190px) 100vw, 190px\" \/><\/p>\n<\/div>\n<div class=\"clear\"><\/div>\n<p class=\"grid_26 alpha omega \">\n","protected":false},"excerpt":{"rendered":"<p>Poka Premium Large Pads Tray -a tray specially designed to keep large-diameter tyres in a convenient place for you. A cutting in the lower part of the tray allows you to take out the pad of your choice Features Holds pads up to 165mm diameter Hold about 15 pcs. for pads Height 40 cm Width&hellip;<\/p>\n","protected":false},"featured_media":4117,"comment_status":"closed","ping_status":"closed","template":"","meta":[],"product_brand":[],"product_cat":[182,179],"product_tag":[222,204,223,221],"class_list":{"0":"post-6930","1":"product","2":"type-product","3":"status-publish","4":"has-post-thumbnail","6":"product_cat-poka-premium-en","7":"product_cat-tools","8":"product_tag-pads-tray-en","9":"product_tag-poka-premium-en","10":"product_tag-polishing-pad-shelf","11":"product_tag-shelf-en-2","12":"description-off","14":"first","15":"onbackorder","16":"sale","17":"taxable","18":"shipping-taxable","19":"purchasable","20":"product-type-simple"},"yoast_head":"<!-- This site is optimized with the Yoast SEO plugin v27.5 - https:\/\/yoast.com\/product\/yoast-seo-wordpress\/ -->\n<title>Poka Premium Large Pads Tray - Detail Spot<\/title>\n<meta name=\"robots\" content=\"index, follow, max-snippet:-1, max-image-preview:large, max-video-preview:-1\" \/>\n<link rel=\"canonical\" href=\"https:\/\/detailspot.lt\/produktas\/poka-premium-large-pads-tray\/\" \/>\n<meta property=\"og:locale\" content=\"en_US\" \/>\n<meta property=\"og:type\" content=\"article\" \/>\n<meta property=\"og:title\" content=\"Poka Premium Large Pads Tray - Detail Spot\" \/>\n<meta property=\"og:description\" content=\"Poka Premium Large Pads Tray -a tray specially designed to keep large-diameter tyres in a convenient place for you. A cutting in the lower part of the tray allows you to take out the pad of your choice Features Holds pads up to 165mm diameter Hold about 15 pcs. for pads Height 40 cm Width&hellip;\" \/>\n<meta property=\"og:url\" content=\"https:\/\/detailspot.lt\/produktas\/poka-premium-large-pads-tray\/\" \/>\n<meta property=\"og:site_name\" content=\"Detail Spot\" \/>\n<meta property=\"article:publisher\" content=\"https:\/\/www.facebook.com\/profile.php?id=100039208338156\" \/>\n<meta property=\"og:image\" content=\"https:\/\/detailspot.lt\/wp-content\/uploads\/2022\/12\/Poka_logo.jpg\" \/>\n<meta name=\"twitter:card\" content=\"summary_large_image\" \/>\n<script type=\"application\/ld+json\" class=\"yoast-schema-graph\">{\"@context\":\"https:\\\/\\\/schema.org\",\"@graph\":[{\"@type\":\"WebPage\",\"@id\":\"https:\\\/\\\/detailspot.lt\\\/produktas\\\/poka-premium-large-pads-tray\\\/\",\"url\":\"https:\\\/\\\/detailspot.lt\\\/produktas\\\/poka-premium-large-pads-tray\\\/\",\"name\":\"Poka Premium Large Pads Tray - Detail Spot\",\"isPartOf\":{\"@id\":\"https:\\\/\\\/detailspot.lt\\\/#website\"},\"primaryImageOfPage\":{\"@id\":\"https:\\\/\\\/detailspot.lt\\\/produktas\\\/poka-premium-large-pads-tray\\\/#primaryimage\"},\"image\":{\"@id\":\"https:\\\/\\\/detailspot.lt\\\/produktas\\\/poka-premium-large-pads-tray\\\/#primaryimage\"},\"thumbnailUrl\":\"https:\\\/\\\/detailspot.lt\\\/wp-content\\\/uploads\\\/2022\\\/12\\\/poka-premium-large-pads-tray-4-1.jpg\",\"datePublished\":\"2022-12-02T13:15:36+00:00\",\"breadcrumb\":{\"@id\":\"https:\\\/\\\/detailspot.lt\\\/produktas\\\/poka-premium-large-pads-tray\\\/#breadcrumb\"},\"inLanguage\":\"en-US\",\"potentialAction\":[{\"@type\":\"ReadAction\",\"target\":[\"https:\\\/\\\/detailspot.lt\\\/produktas\\\/poka-premium-large-pads-tray\\\/\"]}]},{\"@type\":\"ImageObject\",\"inLanguage\":\"en-US\",\"@id\":\"https:\\\/\\\/detailspot.lt\\\/produktas\\\/poka-premium-large-pads-tray\\\/#primaryimage\",\"url\":\"https:\\\/\\\/detailspot.lt\\\/wp-content\\\/uploads\\\/2022\\\/12\\\/poka-premium-large-pads-tray-4-1.jpg\",\"contentUrl\":\"https:\\\/\\\/detailspot.lt\\\/wp-content\\\/uploads\\\/2022\\\/12\\\/poka-premium-large-pads-tray-4-1.jpg\",\"width\":1188,\"height\":1188},{\"@type\":\"BreadcrumbList\",\"@id\":\"https:\\\/\\\/detailspot.lt\\\/produktas\\\/poka-premium-large-pads-tray\\\/#breadcrumb\",\"itemListElement\":[{\"@type\":\"ListItem\",\"position\":1,\"name\":\"Home\",\"item\":\"https:\\\/\\\/detailspot.lt\\\/en\\\/\"},{\"@type\":\"ListItem\",\"position\":2,\"name\":\"Shop\",\"item\":\"https:\\\/\\\/detailspot.lt\\\/en\\\/parduotuve\\\/\"},{\"@type\":\"ListItem\",\"position\":3,\"name\":\"Poka Premium Large Pads Tray\"}]},{\"@type\":\"WebSite\",\"@id\":\"https:\\\/\\\/detailspot.lt\\\/#website\",\"url\":\"https:\\\/\\\/detailspot.lt\\\/\",\"name\":\"Detail Spot\",\"description\":\"Automobili\u0173 prie\u017ei\u016bros priemon\u0117s\",\"publisher\":{\"@id\":\"https:\\\/\\\/detailspot.lt\\\/#organization\"},\"potentialAction\":[{\"@type\":\"SearchAction\",\"target\":{\"@type\":\"EntryPoint\",\"urlTemplate\":\"https:\\\/\\\/detailspot.lt\\\/?s={search_term_string}\"},\"query-input\":{\"@type\":\"PropertyValueSpecification\",\"valueRequired\":true,\"valueName\":\"search_term_string\"}}],\"inLanguage\":\"en-US\"},{\"@type\":\"Organization\",\"@id\":\"https:\\\/\\\/detailspot.lt\\\/#organization\",\"name\":\"Detail Spot\",\"url\":\"https:\\\/\\\/detailspot.lt\\\/\",\"logo\":{\"@type\":\"ImageObject\",\"inLanguage\":\"en-US\",\"@id\":\"https:\\\/\\\/detailspot.lt\\\/#\\\/schema\\\/logo\\\/image\\\/\",\"url\":\"https:\\\/\\\/detailspot.lt\\\/wp-content\\\/uploads\\\/2022\\\/10\\\/logo-original.svg\",\"contentUrl\":\"https:\\\/\\\/detailspot.lt\\\/wp-content\\\/uploads\\\/2022\\\/10\\\/logo-original.svg\",\"width\":1,\"height\":1,\"caption\":\"Detail Spot\"},\"image\":{\"@id\":\"https:\\\/\\\/detailspot.lt\\\/#\\\/schema\\\/logo\\\/image\\\/\"},\"sameAs\":[\"https:\\\/\\\/www.facebook.com\\\/profile.php?id=100039208338156\"]}]}<\/script>\n<!-- \/ Yoast SEO plugin. -->","yoast_head_json":{"title":"Poka Premium Large Pads Tray - Detail Spot","robots":{"index":"index","follow":"follow","max-snippet":"max-snippet:-1","max-image-preview":"max-image-preview:large","max-video-preview":"max-video-preview:-1"},"canonical":"https:\/\/detailspot.lt\/produktas\/poka-premium-large-pads-tray\/","og_locale":"en_US","og_type":"article","og_title":"Poka Premium Large Pads Tray - Detail Spot","og_description":"Poka Premium Large Pads Tray -a tray specially designed to keep large-diameter tyres in a convenient place for you. A cutting in the lower part of the tray allows you to take out the pad of your choice Features Holds pads up to 165mm diameter Hold about 15 pcs. for pads Height 40 cm Width&hellip;","og_url":"https:\/\/detailspot.lt\/produktas\/poka-premium-large-pads-tray\/","og_site_name":"Detail Spot","article_publisher":"https:\/\/www.facebook.com\/profile.php?id=100039208338156","og_image":[{"url":"https:\/\/detailspot.lt\/wp-content\/uploads\/2022\/12\/Poka_logo.jpg","type":"","width":"","height":""}],"twitter_card":"summary_large_image","schema":{"@context":"https:\/\/schema.org","@graph":[{"@type":"WebPage","@id":"https:\/\/detailspot.lt\/produktas\/poka-premium-large-pads-tray\/","url":"https:\/\/detailspot.lt\/produktas\/poka-premium-large-pads-tray\/","name":"Poka Premium Large Pads Tray - Detail Spot","isPartOf":{"@id":"https:\/\/detailspot.lt\/#website"},"primaryImageOfPage":{"@id":"https:\/\/detailspot.lt\/produktas\/poka-premium-large-pads-tray\/#primaryimage"},"image":{"@id":"https:\/\/detailspot.lt\/produktas\/poka-premium-large-pads-tray\/#primaryimage"},"thumbnailUrl":"https:\/\/detailspot.lt\/wp-content\/uploads\/2022\/12\/poka-premium-large-pads-tray-4-1.jpg","datePublished":"2022-12-02T13:15:36+00:00","breadcrumb":{"@id":"https:\/\/detailspot.lt\/produktas\/poka-premium-large-pads-tray\/#breadcrumb"},"inLanguage":"en-US","potentialAction":[{"@type":"ReadAction","target":["https:\/\/detailspot.lt\/produktas\/poka-premium-large-pads-tray\/"]}]},{"@type":"ImageObject","inLanguage":"en-US","@id":"https:\/\/detailspot.lt\/produktas\/poka-premium-large-pads-tray\/#primaryimage","url":"https:\/\/detailspot.lt\/wp-content\/uploads\/2022\/12\/poka-premium-large-pads-tray-4-1.jpg","contentUrl":"https:\/\/detailspot.lt\/wp-content\/uploads\/2022\/12\/poka-premium-large-pads-tray-4-1.jpg","width":1188,"height":1188},{"@type":"BreadcrumbList","@id":"https:\/\/detailspot.lt\/produktas\/poka-premium-large-pads-tray\/#breadcrumb","itemListElement":[{"@type":"ListItem","position":1,"name":"Home","item":"https:\/\/detailspot.lt\/en\/"},{"@type":"ListItem","position":2,"name":"Shop","item":"https:\/\/detailspot.lt\/en\/parduotuve\/"},{"@type":"ListItem","position":3,"name":"Poka Premium Large Pads Tray"}]},{"@type":"WebSite","@id":"https:\/\/detailspot.lt\/#website","url":"https:\/\/detailspot.lt\/","name":"Detail Spot","description":"Automobili\u0173 prie\u017ei\u016bros priemon\u0117s","publisher":{"@id":"https:\/\/detailspot.lt\/#organization"},"potentialAction":[{"@type":"SearchAction","target":{"@type":"EntryPoint","urlTemplate":"https:\/\/detailspot.lt\/?s={search_term_string}"},"query-input":{"@type":"PropertyValueSpecification","valueRequired":true,"valueName":"search_term_string"}}],"inLanguage":"en-US"},{"@type":"Organization","@id":"https:\/\/detailspot.lt\/#organization","name":"Detail Spot","url":"https:\/\/detailspot.lt\/","logo":{"@type":"ImageObject","inLanguage":"en-US","@id":"https:\/\/detailspot.lt\/#\/schema\/logo\/image\/","url":"https:\/\/detailspot.lt\/wp-content\/uploads\/2022\/10\/logo-original.svg","contentUrl":"https:\/\/detailspot.lt\/wp-content\/uploads\/2022\/10\/logo-original.svg","width":1,"height":1,"caption":"Detail Spot"},"image":{"@id":"https:\/\/detailspot.lt\/#\/schema\/logo\/image\/"},"sameAs":["https:\/\/www.facebook.com\/profile.php?id=100039208338156"]}]}},"_links":{"self":[{"href":"https:\/\/detailspot.lt\/en\/wp-json\/wp\/v2\/product\/6930","targetHints":{"allow":["GET"]}}],"collection":[{"href":"https:\/\/detailspot.lt\/en\/wp-json\/wp\/v2\/product"}],"about":[{"href":"https:\/\/detailspot.lt\/en\/wp-json\/wp\/v2\/types\/product"}],"replies":[{"embeddable":true,"href":"https:\/\/detailspot.lt\/en\/wp-json\/wp\/v2\/comments?post=6930"}],"wp:featuredmedia":[{"embeddable":true,"href":"https:\/\/detailspot.lt\/en\/wp-json\/wp\/v2\/media\/4117"}],"wp:attachment":[{"href":"https:\/\/detailspot.lt\/en\/wp-json\/wp\/v2\/media?parent=6930"}],"wp:term":[{"taxonomy":"product_brand","embeddable":true,"href":"https:\/\/detailspot.lt\/en\/wp-json\/wp\/v2\/product_brand?post=6930"},{"taxonomy":"product_cat","embeddable":true,"href":"https:\/\/detailspot.lt\/en\/wp-json\/wp\/v2\/product_cat?post=6930"},{"taxonomy":"product_tag","embeddable":true,"href":"https:\/\/detailspot.lt\/en\/wp-json\/wp\/v2\/product_tag?post=6930"}],"curies":[{"name":"wp","href":"https:\/\/api.w.org\/{rel}","templated":true}]}}