{"id":6908,"date":"2022-12-02T15:13:50","date_gmt":"2022-12-02T13:13:50","guid":{"rendered":"https:\/\/detailspot.lt\/produktas\/meguiars-microfibre-polishing-pad-6\/"},"modified":"2022-12-02T15:13:50","modified_gmt":"2022-12-02T13:13:50","slug":"meguiars-microfibre-polishing-pad-6","status":"publish","type":"product","link":"https:\/\/detailspot.lt\/en\/produktas\/meguiars-microfibre-polishing-pad-6\/","title":{"rendered":"Meguiar&#8217;s microfibre polishing pad 6"},"content":{"rendered":"<p>Meguiar&#8217;s Microfibre Polishing Pad 6 &#8211; a microfibre pad designed for aggressive polish correction and to help achieve the highest possible level of surface finish, even when using polish correction pastes. The specially designed sole base ensures optimum sole temperature and effectiveness in removing deep scratches.<\/p>\n<p>&nbsp;<\/p>\n<p style=\"text-align: center;\"><img loading=\"lazy\" decoding=\"async\" class=\"alignnone size-medium wp-image-2290\" src=\"https:\/\/detailspot.lt\/wp-content\/uploads\/2022\/12\/meg-logo-300x182.png\" alt=\"\" width=\"300\" height=\"182\" srcset=\"https:\/\/detailspot.lt\/wp-content\/uploads\/2022\/12\/meg-logo-300x182.png 300w, https:\/\/detailspot.lt\/wp-content\/uploads\/2022\/12\/meg-logo-1024x622.png 1024w, https:\/\/detailspot.lt\/wp-content\/uploads\/2022\/12\/meg-logo-768x467.png 768w, https:\/\/detailspot.lt\/wp-content\/uploads\/2022\/12\/meg-logo-1536x933.png 1536w, https:\/\/detailspot.lt\/wp-content\/uploads\/2022\/12\/meg-logo-600x365.png 600w, https:\/\/detailspot.lt\/wp-content\/uploads\/2022\/12\/meg-logo-64x39.png 64w, https:\/\/detailspot.lt\/wp-content\/uploads\/2022\/12\/meg-logo.png 1738w\" sizes=\"auto, (max-width: 300px) 100vw, 300px\" \/><\/p>\n","protected":false},"excerpt":{"rendered":"<p>Meguiar&#8217;s Microfibre Polishing Pad 6 &#8211; a microfibre pad designed for aggressive polish correction and to help achieve the highest possible level of surface finish, even when using polish correction pastes. The specially designed sole base ensures optimum sole temperature and effectiveness in removing deep scratches. &nbsp;<\/p>\n","protected":false},"featured_media":3956,"comment_status":"closed","ping_status":"closed","template":"","meta":[],"product_brand":[],"product_cat":[172,170],"product_tag":[215,195,192,193],"class_list":{"0":"post-6908","1":"product","2":"type-product","3":"status-publish","4":"has-post-thumbnail","6":"product_cat-polishing-pads","7":"product_cat-polishing-tools","8":"product_tag-meguiars-en","9":"product_tag-microfiber-en","10":"product_tag-polishing","11":"product_tag-polishing-pads","12":"description-off","14":"first","15":"outofstock","16":"taxable","17":"shipping-taxable","18":"purchasable","19":"product-type-variable"},"yoast_head":"<!-- This site is optimized with the Yoast SEO plugin v27.4 - https:\/\/yoast.com\/product\/yoast-seo-wordpress\/ -->\n<title>Meguiar&#039;s microfibre polishing pad 6 - Detail Spot<\/title>\n<meta name=\"robots\" content=\"index, follow, max-snippet:-1, max-image-preview:large, max-video-preview:-1\" \/>\n<link rel=\"canonical\" href=\"https:\/\/detailspot.lt\/produktas\/meguiars-microfibre-polishing-pad-6\/\" \/>\n<meta property=\"og:locale\" content=\"en_US\" \/>\n<meta property=\"og:type\" content=\"article\" \/>\n<meta property=\"og:title\" content=\"Meguiar&#039;s microfibre polishing pad 6 - Detail Spot\" \/>\n<meta property=\"og:description\" content=\"Meguiar&#8217;s Microfibre Polishing Pad 6 &#8211; a microfibre pad designed for aggressive polish correction and to help achieve the highest possible level of surface finish, even when using polish correction pastes. The specially designed sole base ensures optimum sole temperature and effectiveness in removing deep scratches. &nbsp;\" \/>\n<meta property=\"og:url\" content=\"https:\/\/detailspot.lt\/produktas\/meguiars-microfibre-polishing-pad-6\/\" \/>\n<meta property=\"og:site_name\" content=\"Detail Spot\" \/>\n<meta property=\"article:publisher\" content=\"https:\/\/www.facebook.com\/profile.php?id=100039208338156\" \/>\n<meta property=\"og:image\" content=\"https:\/\/detailspot.lt\/wp-content\/uploads\/2022\/12\/meg-logo-300x182.png\" \/>\n<meta name=\"twitter:card\" content=\"summary_large_image\" \/>\n<script type=\"application\/ld+json\" class=\"yoast-schema-graph\">{\"@context\":\"https:\\\/\\\/schema.org\",\"@graph\":[{\"@type\":\"WebPage\",\"@id\":\"https:\\\/\\\/detailspot.lt\\\/produktas\\\/meguiars-microfibre-polishing-pad-6\\\/\",\"url\":\"https:\\\/\\\/detailspot.lt\\\/produktas\\\/meguiars-microfibre-polishing-pad-6\\\/\",\"name\":\"Meguiar's microfibre polishing pad 6 - Detail Spot\",\"isPartOf\":{\"@id\":\"https:\\\/\\\/detailspot.lt\\\/#website\"},\"primaryImageOfPage\":{\"@id\":\"https:\\\/\\\/detailspot.lt\\\/produktas\\\/meguiars-microfibre-polishing-pad-6\\\/#primaryimage\"},\"image\":{\"@id\":\"https:\\\/\\\/detailspot.lt\\\/produktas\\\/meguiars-microfibre-polishing-pad-6\\\/#primaryimage\"},\"thumbnailUrl\":\"https:\\\/\\\/detailspot.lt\\\/wp-content\\\/uploads\\\/2022\\\/12\\\/meguiars-da-microfibre-cutting-disc-6-1.jpg\",\"datePublished\":\"2022-12-02T13:13:50+00:00\",\"breadcrumb\":{\"@id\":\"https:\\\/\\\/detailspot.lt\\\/produktas\\\/meguiars-microfibre-polishing-pad-6\\\/#breadcrumb\"},\"inLanguage\":\"en-US\",\"potentialAction\":[{\"@type\":\"ReadAction\",\"target\":[\"https:\\\/\\\/detailspot.lt\\\/produktas\\\/meguiars-microfibre-polishing-pad-6\\\/\"]}]},{\"@type\":\"ImageObject\",\"inLanguage\":\"en-US\",\"@id\":\"https:\\\/\\\/detailspot.lt\\\/produktas\\\/meguiars-microfibre-polishing-pad-6\\\/#primaryimage\",\"url\":\"https:\\\/\\\/detailspot.lt\\\/wp-content\\\/uploads\\\/2022\\\/12\\\/meguiars-da-microfibre-cutting-disc-6-1.jpg\",\"contentUrl\":\"https:\\\/\\\/detailspot.lt\\\/wp-content\\\/uploads\\\/2022\\\/12\\\/meguiars-da-microfibre-cutting-disc-6-1.jpg\",\"width\":388,\"height\":388},{\"@type\":\"BreadcrumbList\",\"@id\":\"https:\\\/\\\/detailspot.lt\\\/produktas\\\/meguiars-microfibre-polishing-pad-6\\\/#breadcrumb\",\"itemListElement\":[{\"@type\":\"ListItem\",\"position\":1,\"name\":\"Home\",\"item\":\"https:\\\/\\\/detailspot.lt\\\/en\\\/\"},{\"@type\":\"ListItem\",\"position\":2,\"name\":\"Shop\",\"item\":\"https:\\\/\\\/detailspot.lt\\\/en\\\/parduotuve\\\/\"},{\"@type\":\"ListItem\",\"position\":3,\"name\":\"Meguiar&#8217;s microfibre polishing pad 6\"}]},{\"@type\":\"WebSite\",\"@id\":\"https:\\\/\\\/detailspot.lt\\\/#website\",\"url\":\"https:\\\/\\\/detailspot.lt\\\/\",\"name\":\"Detail Spot\",\"description\":\"Automobili\u0173 prie\u017ei\u016bros priemon\u0117s\",\"publisher\":{\"@id\":\"https:\\\/\\\/detailspot.lt\\\/#organization\"},\"potentialAction\":[{\"@type\":\"SearchAction\",\"target\":{\"@type\":\"EntryPoint\",\"urlTemplate\":\"https:\\\/\\\/detailspot.lt\\\/?s={search_term_string}\"},\"query-input\":{\"@type\":\"PropertyValueSpecification\",\"valueRequired\":true,\"valueName\":\"search_term_string\"}}],\"inLanguage\":\"en-US\"},{\"@type\":\"Organization\",\"@id\":\"https:\\\/\\\/detailspot.lt\\\/#organization\",\"name\":\"Detail Spot\",\"url\":\"https:\\\/\\\/detailspot.lt\\\/\",\"logo\":{\"@type\":\"ImageObject\",\"inLanguage\":\"en-US\",\"@id\":\"https:\\\/\\\/detailspot.lt\\\/#\\\/schema\\\/logo\\\/image\\\/\",\"url\":\"https:\\\/\\\/detailspot.lt\\\/wp-content\\\/uploads\\\/2022\\\/10\\\/logo-original.svg\",\"contentUrl\":\"https:\\\/\\\/detailspot.lt\\\/wp-content\\\/uploads\\\/2022\\\/10\\\/logo-original.svg\",\"width\":1,\"height\":1,\"caption\":\"Detail Spot\"},\"image\":{\"@id\":\"https:\\\/\\\/detailspot.lt\\\/#\\\/schema\\\/logo\\\/image\\\/\"},\"sameAs\":[\"https:\\\/\\\/www.facebook.com\\\/profile.php?id=100039208338156\"]}]}<\/script>\n<!-- \/ Yoast SEO plugin. -->","yoast_head_json":{"title":"Meguiar's microfibre polishing pad 6 - Detail Spot","robots":{"index":"index","follow":"follow","max-snippet":"max-snippet:-1","max-image-preview":"max-image-preview:large","max-video-preview":"max-video-preview:-1"},"canonical":"https:\/\/detailspot.lt\/produktas\/meguiars-microfibre-polishing-pad-6\/","og_locale":"en_US","og_type":"article","og_title":"Meguiar's microfibre polishing pad 6 - Detail Spot","og_description":"Meguiar&#8217;s Microfibre Polishing Pad 6 &#8211; a microfibre pad designed for aggressive polish correction and to help achieve the highest possible level of surface finish, even when using polish correction pastes. The specially designed sole base ensures optimum sole temperature and effectiveness in removing deep scratches. &nbsp;","og_url":"https:\/\/detailspot.lt\/produktas\/meguiars-microfibre-polishing-pad-6\/","og_site_name":"Detail Spot","article_publisher":"https:\/\/www.facebook.com\/profile.php?id=100039208338156","og_image":[{"url":"https:\/\/detailspot.lt\/wp-content\/uploads\/2022\/12\/meg-logo-300x182.png","type":"","width":"","height":""}],"twitter_card":"summary_large_image","schema":{"@context":"https:\/\/schema.org","@graph":[{"@type":"WebPage","@id":"https:\/\/detailspot.lt\/produktas\/meguiars-microfibre-polishing-pad-6\/","url":"https:\/\/detailspot.lt\/produktas\/meguiars-microfibre-polishing-pad-6\/","name":"Meguiar's microfibre polishing pad 6 - Detail Spot","isPartOf":{"@id":"https:\/\/detailspot.lt\/#website"},"primaryImageOfPage":{"@id":"https:\/\/detailspot.lt\/produktas\/meguiars-microfibre-polishing-pad-6\/#primaryimage"},"image":{"@id":"https:\/\/detailspot.lt\/produktas\/meguiars-microfibre-polishing-pad-6\/#primaryimage"},"thumbnailUrl":"https:\/\/detailspot.lt\/wp-content\/uploads\/2022\/12\/meguiars-da-microfibre-cutting-disc-6-1.jpg","datePublished":"2022-12-02T13:13:50+00:00","breadcrumb":{"@id":"https:\/\/detailspot.lt\/produktas\/meguiars-microfibre-polishing-pad-6\/#breadcrumb"},"inLanguage":"en-US","potentialAction":[{"@type":"ReadAction","target":["https:\/\/detailspot.lt\/produktas\/meguiars-microfibre-polishing-pad-6\/"]}]},{"@type":"ImageObject","inLanguage":"en-US","@id":"https:\/\/detailspot.lt\/produktas\/meguiars-microfibre-polishing-pad-6\/#primaryimage","url":"https:\/\/detailspot.lt\/wp-content\/uploads\/2022\/12\/meguiars-da-microfibre-cutting-disc-6-1.jpg","contentUrl":"https:\/\/detailspot.lt\/wp-content\/uploads\/2022\/12\/meguiars-da-microfibre-cutting-disc-6-1.jpg","width":388,"height":388},{"@type":"BreadcrumbList","@id":"https:\/\/detailspot.lt\/produktas\/meguiars-microfibre-polishing-pad-6\/#breadcrumb","itemListElement":[{"@type":"ListItem","position":1,"name":"Home","item":"https:\/\/detailspot.lt\/en\/"},{"@type":"ListItem","position":2,"name":"Shop","item":"https:\/\/detailspot.lt\/en\/parduotuve\/"},{"@type":"ListItem","position":3,"name":"Meguiar&#8217;s microfibre polishing pad 6"}]},{"@type":"WebSite","@id":"https:\/\/detailspot.lt\/#website","url":"https:\/\/detailspot.lt\/","name":"Detail Spot","description":"Automobili\u0173 prie\u017ei\u016bros priemon\u0117s","publisher":{"@id":"https:\/\/detailspot.lt\/#organization"},"potentialAction":[{"@type":"SearchAction","target":{"@type":"EntryPoint","urlTemplate":"https:\/\/detailspot.lt\/?s={search_term_string}"},"query-input":{"@type":"PropertyValueSpecification","valueRequired":true,"valueName":"search_term_string"}}],"inLanguage":"en-US"},{"@type":"Organization","@id":"https:\/\/detailspot.lt\/#organization","name":"Detail Spot","url":"https:\/\/detailspot.lt\/","logo":{"@type":"ImageObject","inLanguage":"en-US","@id":"https:\/\/detailspot.lt\/#\/schema\/logo\/image\/","url":"https:\/\/detailspot.lt\/wp-content\/uploads\/2022\/10\/logo-original.svg","contentUrl":"https:\/\/detailspot.lt\/wp-content\/uploads\/2022\/10\/logo-original.svg","width":1,"height":1,"caption":"Detail Spot"},"image":{"@id":"https:\/\/detailspot.lt\/#\/schema\/logo\/image\/"},"sameAs":["https:\/\/www.facebook.com\/profile.php?id=100039208338156"]}]}},"_links":{"self":[{"href":"https:\/\/detailspot.lt\/en\/wp-json\/wp\/v2\/product\/6908","targetHints":{"allow":["GET"]}}],"collection":[{"href":"https:\/\/detailspot.lt\/en\/wp-json\/wp\/v2\/product"}],"about":[{"href":"https:\/\/detailspot.lt\/en\/wp-json\/wp\/v2\/types\/product"}],"replies":[{"embeddable":true,"href":"https:\/\/detailspot.lt\/en\/wp-json\/wp\/v2\/comments?post=6908"}],"wp:featuredmedia":[{"embeddable":true,"href":"https:\/\/detailspot.lt\/en\/wp-json\/wp\/v2\/media\/3956"}],"wp:attachment":[{"href":"https:\/\/detailspot.lt\/en\/wp-json\/wp\/v2\/media?parent=6908"}],"wp:term":[{"taxonomy":"product_brand","embeddable":true,"href":"https:\/\/detailspot.lt\/en\/wp-json\/wp\/v2\/product_brand?post=6908"},{"taxonomy":"product_cat","embeddable":true,"href":"https:\/\/detailspot.lt\/en\/wp-json\/wp\/v2\/product_cat?post=6908"},{"taxonomy":"product_tag","embeddable":true,"href":"https:\/\/detailspot.lt\/en\/wp-json\/wp\/v2\/product_tag?post=6908"}],"curies":[{"name":"wp","href":"https:\/\/api.w.org\/{rel}","templated":true}]}}