{"id":6828,"date":"2022-12-02T15:13:36","date_gmt":"2022-12-02T13:13:36","guid":{"rendered":"https:\/\/detailspot.lt\/produktas\/liquid-elements-furby-wheel-brush\/"},"modified":"2022-12-02T15:13:36","modified_gmt":"2022-12-02T13:13:36","slug":"liquid-elements-furby-wheel-brush","status":"publish","type":"product","link":"https:\/\/detailspot.lt\/en\/produktas\/liquid-elements-furby-wheel-brush\/","title":{"rendered":"Liquid Elements Furby Wheel Brush"},"content":{"rendered":"<h1>Liquid Elements Furby Wheel Brush<\/h1>\n<p>The Furby makes it easy to clean different rims. Even the smallest corner can be reached and the fluffy fleece reliably protects the rims from scratches. Rubber grip for optimum traction. Gentle, simple, effective and, above all, fast rim cleaning. Ideal in combination with &#8220;<a href=\"https:\/\/detailspot.lt\/produktas\/fx-protect-iron-remover-metalo-daleliu-valiklis\/\">FX Protect Iron remover<\/a>&#8221; or &#8220;<a href=\"https:\/\/detailspot.lt\/produktas\/carpro-ironx-metalo-dulkiu-valiklis\/\">CarPro IronX<\/a>&#8221; wheel cleaner.<\/p>\n<p>&nbsp;<\/p>\n<p>The soft microfibre bristles are safe but excellent at removing dirt from rims<\/p>\n<p>M &#8211; microfibre piece measuring 11 cm<br \/>\nXL &#8211; microfibre piece 21 cm long<\/p>\n<p>&nbsp;<\/p>\n<p>&nbsp;<\/p>\n<p style=\"text-align: center;\"><img loading=\"lazy\" decoding=\"async\" class=\"alignnone size-medium wp-image-1062\" src=\"https:\/\/detailspot.lt\/wp-content\/uploads\/2022\/10\/LE_logo_dark_rgbCjaMASES2dhtf-300x103.webp\" alt=\"\" width=\"300\" height=\"103\" srcset=\"https:\/\/detailspot.lt\/wp-content\/uploads\/2022\/10\/LE_logo_dark_rgbCjaMASES2dhtf-300x103.webp 300w, https:\/\/detailspot.lt\/wp-content\/uploads\/2022\/10\/LE_logo_dark_rgbCjaMASES2dhtf.webp 500w\" sizes=\"auto, (max-width: 300px) 100vw, 300px\" \/><\/p>\n","protected":false},"excerpt":{"rendered":"<p>Liquid Elements Furby Wheel Brush The Furby makes it easy to clean different rims. Even the smallest corner can be reached and the fluffy fleece reliably protects the rims from scratches. Rubber grip for optimum traction. Gentle, simple, effective and, above all, fast rim cleaning. Ideal in combination with &#8220;FX Protect Iron remover&#8221; or &#8220;CarPro&hellip;<\/p>\n","protected":false},"featured_media":4107,"comment_status":"closed","ping_status":"closed","template":"","meta":[],"product_brand":[],"product_cat":[183],"product_tag":[250],"class_list":{"0":"post-6828","1":"product","2":"type-product","3":"status-publish","4":"has-post-thumbnail","6":"product_cat-brushes","7":"product_tag-liquid-elements-en","8":"description-off","10":"first","11":"instock","12":"taxable","13":"shipping-taxable","14":"purchasable","15":"product-type-variable"},"yoast_head":"<!-- This site is optimized with the Yoast SEO plugin v27.4 - https:\/\/yoast.com\/product\/yoast-seo-wordpress\/ -->\n<title>Liquid Elements Furby Wheel Brush - Detail Spot<\/title>\n<meta name=\"description\" content=\"The Furby makes it easy to clean different rims. Even the smallest corner can be reached and the fluffy fleece reliably protects the rims from scratches.\" \/>\n<meta name=\"robots\" content=\"index, follow, max-snippet:-1, max-image-preview:large, max-video-preview:-1\" \/>\n<link rel=\"canonical\" href=\"https:\/\/detailspot.lt\/en\/produktas\/liquid-elements-furby-wheel-brush\/\" \/>\n<meta property=\"og:locale\" content=\"en_US\" \/>\n<meta property=\"og:type\" content=\"article\" \/>\n<meta property=\"og:title\" content=\"Liquid Elements Furby Wheel Brush - Detail Spot\" \/>\n<meta property=\"og:description\" content=\"The Furby makes it easy to clean different rims. Even the smallest corner can be reached and the fluffy fleece reliably protects the rims from scratches.\" \/>\n<meta property=\"og:url\" content=\"https:\/\/detailspot.lt\/en\/produktas\/liquid-elements-furby-wheel-brush\/\" \/>\n<meta property=\"og:site_name\" content=\"Detail Spot\" \/>\n<meta property=\"article:publisher\" content=\"https:\/\/www.facebook.com\/profile.php?id=100039208338156\" \/>\n<meta property=\"og:image\" content=\"https:\/\/detailspot.lt\/wp-content\/uploads\/2022\/12\/liquid-elements-furby-xl-kailinis-sepetys-1.jpg\" \/>\n\t<meta property=\"og:image:width\" content=\"717\" \/>\n\t<meta property=\"og:image:height\" content=\"717\" \/>\n\t<meta property=\"og:image:type\" content=\"image\/jpeg\" \/>\n<meta name=\"twitter:card\" content=\"summary_large_image\" \/>\n<script type=\"application\/ld+json\" class=\"yoast-schema-graph\">{\"@context\":\"https:\\\/\\\/schema.org\",\"@graph\":[{\"@type\":\"WebPage\",\"@id\":\"https:\\\/\\\/detailspot.lt\\\/en\\\/produktas\\\/liquid-elements-furby-wheel-brush\\\/\",\"url\":\"https:\\\/\\\/detailspot.lt\\\/en\\\/produktas\\\/liquid-elements-furby-wheel-brush\\\/\",\"name\":\"Liquid Elements Furby Wheel Brush - Detail Spot\",\"isPartOf\":{\"@id\":\"https:\\\/\\\/detailspot.lt\\\/#website\"},\"primaryImageOfPage\":{\"@id\":\"https:\\\/\\\/detailspot.lt\\\/en\\\/produktas\\\/liquid-elements-furby-wheel-brush\\\/#primaryimage\"},\"image\":{\"@id\":\"https:\\\/\\\/detailspot.lt\\\/en\\\/produktas\\\/liquid-elements-furby-wheel-brush\\\/#primaryimage\"},\"thumbnailUrl\":\"https:\\\/\\\/detailspot.lt\\\/wp-content\\\/uploads\\\/2022\\\/12\\\/liquid-elements-furby-xl-kailinis-sepetys-1.jpg\",\"datePublished\":\"2022-12-02T13:13:36+00:00\",\"description\":\"The Furby makes it easy to clean different rims. Even the smallest corner can be reached and the fluffy fleece reliably protects the rims from scratches.\",\"breadcrumb\":{\"@id\":\"https:\\\/\\\/detailspot.lt\\\/en\\\/produktas\\\/liquid-elements-furby-wheel-brush\\\/#breadcrumb\"},\"inLanguage\":\"en-US\",\"potentialAction\":[{\"@type\":\"ReadAction\",\"target\":[\"https:\\\/\\\/detailspot.lt\\\/en\\\/produktas\\\/liquid-elements-furby-wheel-brush\\\/\"]}]},{\"@type\":\"ImageObject\",\"inLanguage\":\"en-US\",\"@id\":\"https:\\\/\\\/detailspot.lt\\\/en\\\/produktas\\\/liquid-elements-furby-wheel-brush\\\/#primaryimage\",\"url\":\"https:\\\/\\\/detailspot.lt\\\/wp-content\\\/uploads\\\/2022\\\/12\\\/liquid-elements-furby-xl-kailinis-sepetys-1.jpg\",\"contentUrl\":\"https:\\\/\\\/detailspot.lt\\\/wp-content\\\/uploads\\\/2022\\\/12\\\/liquid-elements-furby-xl-kailinis-sepetys-1.jpg\",\"width\":717,\"height\":717},{\"@type\":\"BreadcrumbList\",\"@id\":\"https:\\\/\\\/detailspot.lt\\\/en\\\/produktas\\\/liquid-elements-furby-wheel-brush\\\/#breadcrumb\",\"itemListElement\":[{\"@type\":\"ListItem\",\"position\":1,\"name\":\"Home\",\"item\":\"https:\\\/\\\/detailspot.lt\\\/en\\\/\"},{\"@type\":\"ListItem\",\"position\":2,\"name\":\"Shop\",\"item\":\"https:\\\/\\\/detailspot.lt\\\/en\\\/parduotuve\\\/\"},{\"@type\":\"ListItem\",\"position\":3,\"name\":\"Liquid Elements Furby Wheel Brush\"}]},{\"@type\":\"WebSite\",\"@id\":\"https:\\\/\\\/detailspot.lt\\\/#website\",\"url\":\"https:\\\/\\\/detailspot.lt\\\/\",\"name\":\"Detail Spot\",\"description\":\"Automobili\u0173 prie\u017ei\u016bros priemon\u0117s\",\"publisher\":{\"@id\":\"https:\\\/\\\/detailspot.lt\\\/#organization\"},\"potentialAction\":[{\"@type\":\"SearchAction\",\"target\":{\"@type\":\"EntryPoint\",\"urlTemplate\":\"https:\\\/\\\/detailspot.lt\\\/?s={search_term_string}\"},\"query-input\":{\"@type\":\"PropertyValueSpecification\",\"valueRequired\":true,\"valueName\":\"search_term_string\"}}],\"inLanguage\":\"en-US\"},{\"@type\":\"Organization\",\"@id\":\"https:\\\/\\\/detailspot.lt\\\/#organization\",\"name\":\"Detail Spot\",\"url\":\"https:\\\/\\\/detailspot.lt\\\/\",\"logo\":{\"@type\":\"ImageObject\",\"inLanguage\":\"en-US\",\"@id\":\"https:\\\/\\\/detailspot.lt\\\/#\\\/schema\\\/logo\\\/image\\\/\",\"url\":\"https:\\\/\\\/detailspot.lt\\\/wp-content\\\/uploads\\\/2022\\\/10\\\/logo-original.svg\",\"contentUrl\":\"https:\\\/\\\/detailspot.lt\\\/wp-content\\\/uploads\\\/2022\\\/10\\\/logo-original.svg\",\"width\":1,\"height\":1,\"caption\":\"Detail Spot\"},\"image\":{\"@id\":\"https:\\\/\\\/detailspot.lt\\\/#\\\/schema\\\/logo\\\/image\\\/\"},\"sameAs\":[\"https:\\\/\\\/www.facebook.com\\\/profile.php?id=100039208338156\"]}]}<\/script>\n<!-- \/ Yoast SEO plugin. -->","yoast_head_json":{"title":"Liquid Elements Furby Wheel Brush - Detail Spot","description":"The Furby makes it easy to clean different rims. Even the smallest corner can be reached and the fluffy fleece reliably protects the rims from scratches.","robots":{"index":"index","follow":"follow","max-snippet":"max-snippet:-1","max-image-preview":"max-image-preview:large","max-video-preview":"max-video-preview:-1"},"canonical":"https:\/\/detailspot.lt\/en\/produktas\/liquid-elements-furby-wheel-brush\/","og_locale":"en_US","og_type":"article","og_title":"Liquid Elements Furby Wheel Brush - Detail Spot","og_description":"The Furby makes it easy to clean different rims. Even the smallest corner can be reached and the fluffy fleece reliably protects the rims from scratches.","og_url":"https:\/\/detailspot.lt\/en\/produktas\/liquid-elements-furby-wheel-brush\/","og_site_name":"Detail Spot","article_publisher":"https:\/\/www.facebook.com\/profile.php?id=100039208338156","og_image":[{"width":717,"height":717,"url":"https:\/\/detailspot.lt\/wp-content\/uploads\/2022\/12\/liquid-elements-furby-xl-kailinis-sepetys-1.jpg","type":"image\/jpeg"}],"twitter_card":"summary_large_image","schema":{"@context":"https:\/\/schema.org","@graph":[{"@type":"WebPage","@id":"https:\/\/detailspot.lt\/en\/produktas\/liquid-elements-furby-wheel-brush\/","url":"https:\/\/detailspot.lt\/en\/produktas\/liquid-elements-furby-wheel-brush\/","name":"Liquid Elements Furby Wheel Brush - Detail Spot","isPartOf":{"@id":"https:\/\/detailspot.lt\/#website"},"primaryImageOfPage":{"@id":"https:\/\/detailspot.lt\/en\/produktas\/liquid-elements-furby-wheel-brush\/#primaryimage"},"image":{"@id":"https:\/\/detailspot.lt\/en\/produktas\/liquid-elements-furby-wheel-brush\/#primaryimage"},"thumbnailUrl":"https:\/\/detailspot.lt\/wp-content\/uploads\/2022\/12\/liquid-elements-furby-xl-kailinis-sepetys-1.jpg","datePublished":"2022-12-02T13:13:36+00:00","description":"The Furby makes it easy to clean different rims. Even the smallest corner can be reached and the fluffy fleece reliably protects the rims from scratches.","breadcrumb":{"@id":"https:\/\/detailspot.lt\/en\/produktas\/liquid-elements-furby-wheel-brush\/#breadcrumb"},"inLanguage":"en-US","potentialAction":[{"@type":"ReadAction","target":["https:\/\/detailspot.lt\/en\/produktas\/liquid-elements-furby-wheel-brush\/"]}]},{"@type":"ImageObject","inLanguage":"en-US","@id":"https:\/\/detailspot.lt\/en\/produktas\/liquid-elements-furby-wheel-brush\/#primaryimage","url":"https:\/\/detailspot.lt\/wp-content\/uploads\/2022\/12\/liquid-elements-furby-xl-kailinis-sepetys-1.jpg","contentUrl":"https:\/\/detailspot.lt\/wp-content\/uploads\/2022\/12\/liquid-elements-furby-xl-kailinis-sepetys-1.jpg","width":717,"height":717},{"@type":"BreadcrumbList","@id":"https:\/\/detailspot.lt\/en\/produktas\/liquid-elements-furby-wheel-brush\/#breadcrumb","itemListElement":[{"@type":"ListItem","position":1,"name":"Home","item":"https:\/\/detailspot.lt\/en\/"},{"@type":"ListItem","position":2,"name":"Shop","item":"https:\/\/detailspot.lt\/en\/parduotuve\/"},{"@type":"ListItem","position":3,"name":"Liquid Elements Furby Wheel Brush"}]},{"@type":"WebSite","@id":"https:\/\/detailspot.lt\/#website","url":"https:\/\/detailspot.lt\/","name":"Detail Spot","description":"Automobili\u0173 prie\u017ei\u016bros priemon\u0117s","publisher":{"@id":"https:\/\/detailspot.lt\/#organization"},"potentialAction":[{"@type":"SearchAction","target":{"@type":"EntryPoint","urlTemplate":"https:\/\/detailspot.lt\/?s={search_term_string}"},"query-input":{"@type":"PropertyValueSpecification","valueRequired":true,"valueName":"search_term_string"}}],"inLanguage":"en-US"},{"@type":"Organization","@id":"https:\/\/detailspot.lt\/#organization","name":"Detail Spot","url":"https:\/\/detailspot.lt\/","logo":{"@type":"ImageObject","inLanguage":"en-US","@id":"https:\/\/detailspot.lt\/#\/schema\/logo\/image\/","url":"https:\/\/detailspot.lt\/wp-content\/uploads\/2022\/10\/logo-original.svg","contentUrl":"https:\/\/detailspot.lt\/wp-content\/uploads\/2022\/10\/logo-original.svg","width":1,"height":1,"caption":"Detail Spot"},"image":{"@id":"https:\/\/detailspot.lt\/#\/schema\/logo\/image\/"},"sameAs":["https:\/\/www.facebook.com\/profile.php?id=100039208338156"]}]}},"_links":{"self":[{"href":"https:\/\/detailspot.lt\/en\/wp-json\/wp\/v2\/product\/6828","targetHints":{"allow":["GET"]}}],"collection":[{"href":"https:\/\/detailspot.lt\/en\/wp-json\/wp\/v2\/product"}],"about":[{"href":"https:\/\/detailspot.lt\/en\/wp-json\/wp\/v2\/types\/product"}],"replies":[{"embeddable":true,"href":"https:\/\/detailspot.lt\/en\/wp-json\/wp\/v2\/comments?post=6828"}],"wp:featuredmedia":[{"embeddable":true,"href":"https:\/\/detailspot.lt\/en\/wp-json\/wp\/v2\/media\/4107"}],"wp:attachment":[{"href":"https:\/\/detailspot.lt\/en\/wp-json\/wp\/v2\/media?parent=6828"}],"wp:term":[{"taxonomy":"product_brand","embeddable":true,"href":"https:\/\/detailspot.lt\/en\/wp-json\/wp\/v2\/product_brand?post=6828"},{"taxonomy":"product_cat","embeddable":true,"href":"https:\/\/detailspot.lt\/en\/wp-json\/wp\/v2\/product_cat?post=6828"},{"taxonomy":"product_tag","embeddable":true,"href":"https:\/\/detailspot.lt\/en\/wp-json\/wp\/v2\/product_tag?post=6828"}],"curies":[{"name":"wp","href":"https:\/\/api.w.org\/{rel}","templated":true}]}}