{"id":6810,"date":"2022-12-02T15:13:37","date_gmt":"2022-12-02T13:13:37","guid":{"rendered":"https:\/\/detailspot.lt\/produktas\/maxshine-tire-scrub-brush-2\/"},"modified":"2025-12-05T16:08:38","modified_gmt":"2025-12-05T14:08:38","slug":"maxshine-tire-scrub-brush-2","status":"publish","type":"product","link":"https:\/\/detailspot.lt\/en\/produktas\/maxshine-tire-scrub-brush-2\/","title":{"rendered":"Maxshine Tire Scrub Brush"},"content":{"rendered":"<p>Maxshine Tire Scrub Brush &#8211; P<span style=\"font-size: 16px;\">A tyre cleaning brush with a long handle that is the perfect helper for removing stubborn dirt on tyres and mudguards. When tyre cleaner is used, this brush easily activates the cleaning properties of the cleaner and removes all the dirt. The long, ergonomic brush handle provides a comfortable grip to maximise your comfort for those long scrubbing sessions. This brush has 25 mm long white high-quality PVC bristles that are stiff enough to clean your tyres deeply and thoroughly. <\/span><\/p>\n","protected":false},"excerpt":{"rendered":"<p>Maxshine Tire Scrub Brush &#8211; PA tyre cleaning brush with a long handle that is the perfect helper for removing stubborn dirt on tyres and mudguards. When tyre cleaner is used, this brush easily activates the cleaning properties of the cleaner and removes all the dirt. The long, ergonomic brush handle provides a comfortable grip&hellip;<\/p>\n","protected":false},"featured_media":3414,"comment_status":"closed","ping_status":"closed","template":"","meta":[],"product_brand":[],"product_cat":[183],"product_tag":[],"class_list":{"0":"post-6810","1":"product","2":"type-product","3":"status-publish","4":"has-post-thumbnail","6":"product_cat-brushes","7":"description-off","9":"first","10":"instock","11":"taxable","12":"shipping-taxable","13":"purchasable","14":"product-type-simple"},"yoast_head":"<!-- This site is optimized with the Yoast SEO plugin v27.4 - https:\/\/yoast.com\/product\/yoast-seo-wordpress\/ -->\n<title>Maxshine Tire Scrub Brush - Detail Spot<\/title>\n<meta name=\"robots\" content=\"index, follow, max-snippet:-1, max-image-preview:large, max-video-preview:-1\" \/>\n<link rel=\"canonical\" href=\"https:\/\/detailspot.lt\/produktas\/maxshine-tire-scrub-brush-2\/\" \/>\n<meta property=\"og:locale\" content=\"en_US\" \/>\n<meta property=\"og:type\" content=\"article\" \/>\n<meta property=\"og:title\" content=\"Maxshine Tire Scrub Brush - Detail Spot\" \/>\n<meta property=\"og:description\" content=\"Maxshine Tire Scrub Brush &#8211; PA tyre cleaning brush with a long handle that is the perfect helper for removing stubborn dirt on tyres and mudguards. When tyre cleaner is used, this brush easily activates the cleaning properties of the cleaner and removes all the dirt. The long, ergonomic brush handle provides a comfortable grip&hellip;\" \/>\n<meta property=\"og:url\" content=\"https:\/\/detailspot.lt\/produktas\/maxshine-tire-scrub-brush-2\/\" \/>\n<meta property=\"og:site_name\" content=\"Detail Spot\" \/>\n<meta property=\"article:publisher\" content=\"https:\/\/www.facebook.com\/profile.php?id=100039208338156\" \/>\n<meta property=\"article:modified_time\" content=\"2025-12-05T14:08:38+00:00\" \/>\n<meta property=\"og:image\" content=\"https:\/\/detailspot.lt\/wp-content\/uploads\/2022\/05\/hero2.jpg\" \/>\n\t<meta property=\"og:image:width\" content=\"1920\" \/>\n\t<meta property=\"og:image:height\" content=\"1280\" \/>\n\t<meta property=\"og:image:type\" content=\"image\/jpeg\" \/>\n<meta name=\"twitter:card\" content=\"summary_large_image\" \/>\n<script type=\"application\/ld+json\" class=\"yoast-schema-graph\">{\"@context\":\"https:\\\/\\\/schema.org\",\"@graph\":[{\"@type\":\"WebPage\",\"@id\":\"https:\\\/\\\/detailspot.lt\\\/produktas\\\/maxshine-tire-scrub-brush-2\\\/\",\"url\":\"https:\\\/\\\/detailspot.lt\\\/produktas\\\/maxshine-tire-scrub-brush-2\\\/\",\"name\":\"Maxshine Tire Scrub Brush - Detail Spot\",\"isPartOf\":{\"@id\":\"https:\\\/\\\/detailspot.lt\\\/#website\"},\"primaryImageOfPage\":{\"@id\":\"https:\\\/\\\/detailspot.lt\\\/produktas\\\/maxshine-tire-scrub-brush-2\\\/#primaryimage\"},\"image\":{\"@id\":\"https:\\\/\\\/detailspot.lt\\\/produktas\\\/maxshine-tire-scrub-brush-2\\\/#primaryimage\"},\"thumbnailUrl\":\"https:\\\/\\\/detailspot.lt\\\/wp-content\\\/uploads\\\/2022\\\/05\\\/maxshine-tire-scrub-brush-1.jpg\",\"datePublished\":\"2022-12-02T13:13:37+00:00\",\"dateModified\":\"2025-12-05T14:08:38+00:00\",\"breadcrumb\":{\"@id\":\"https:\\\/\\\/detailspot.lt\\\/produktas\\\/maxshine-tire-scrub-brush-2\\\/#breadcrumb\"},\"inLanguage\":\"en-US\",\"potentialAction\":[{\"@type\":\"ReadAction\",\"target\":[\"https:\\\/\\\/detailspot.lt\\\/produktas\\\/maxshine-tire-scrub-brush-2\\\/\"]}]},{\"@type\":\"ImageObject\",\"inLanguage\":\"en-US\",\"@id\":\"https:\\\/\\\/detailspot.lt\\\/produktas\\\/maxshine-tire-scrub-brush-2\\\/#primaryimage\",\"url\":\"https:\\\/\\\/detailspot.lt\\\/wp-content\\\/uploads\\\/2022\\\/05\\\/maxshine-tire-scrub-brush-1.jpg\",\"contentUrl\":\"https:\\\/\\\/detailspot.lt\\\/wp-content\\\/uploads\\\/2022\\\/05\\\/maxshine-tire-scrub-brush-1.jpg\",\"width\":388,\"height\":388},{\"@type\":\"BreadcrumbList\",\"@id\":\"https:\\\/\\\/detailspot.lt\\\/produktas\\\/maxshine-tire-scrub-brush-2\\\/#breadcrumb\",\"itemListElement\":[{\"@type\":\"ListItem\",\"position\":1,\"name\":\"Home\",\"item\":\"https:\\\/\\\/detailspot.lt\\\/en\\\/\"},{\"@type\":\"ListItem\",\"position\":2,\"name\":\"Shop\",\"item\":\"https:\\\/\\\/detailspot.lt\\\/en\\\/parduotuve\\\/\"},{\"@type\":\"ListItem\",\"position\":3,\"name\":\"Maxshine Tire Scrub Brush\"}]},{\"@type\":\"WebSite\",\"@id\":\"https:\\\/\\\/detailspot.lt\\\/#website\",\"url\":\"https:\\\/\\\/detailspot.lt\\\/\",\"name\":\"Detail Spot\",\"description\":\"Automobili\u0173 prie\u017ei\u016bros priemon\u0117s\",\"publisher\":{\"@id\":\"https:\\\/\\\/detailspot.lt\\\/#organization\"},\"potentialAction\":[{\"@type\":\"SearchAction\",\"target\":{\"@type\":\"EntryPoint\",\"urlTemplate\":\"https:\\\/\\\/detailspot.lt\\\/?s={search_term_string}\"},\"query-input\":{\"@type\":\"PropertyValueSpecification\",\"valueRequired\":true,\"valueName\":\"search_term_string\"}}],\"inLanguage\":\"en-US\"},{\"@type\":\"Organization\",\"@id\":\"https:\\\/\\\/detailspot.lt\\\/#organization\",\"name\":\"Detail Spot\",\"url\":\"https:\\\/\\\/detailspot.lt\\\/\",\"logo\":{\"@type\":\"ImageObject\",\"inLanguage\":\"en-US\",\"@id\":\"https:\\\/\\\/detailspot.lt\\\/#\\\/schema\\\/logo\\\/image\\\/\",\"url\":\"https:\\\/\\\/detailspot.lt\\\/wp-content\\\/uploads\\\/2022\\\/10\\\/logo-original.svg\",\"contentUrl\":\"https:\\\/\\\/detailspot.lt\\\/wp-content\\\/uploads\\\/2022\\\/10\\\/logo-original.svg\",\"width\":1,\"height\":1,\"caption\":\"Detail Spot\"},\"image\":{\"@id\":\"https:\\\/\\\/detailspot.lt\\\/#\\\/schema\\\/logo\\\/image\\\/\"},\"sameAs\":[\"https:\\\/\\\/www.facebook.com\\\/profile.php?id=100039208338156\"]}]}<\/script>\n<!-- \/ Yoast SEO plugin. -->","yoast_head_json":{"title":"Maxshine Tire Scrub Brush - Detail Spot","robots":{"index":"index","follow":"follow","max-snippet":"max-snippet:-1","max-image-preview":"max-image-preview:large","max-video-preview":"max-video-preview:-1"},"canonical":"https:\/\/detailspot.lt\/produktas\/maxshine-tire-scrub-brush-2\/","og_locale":"en_US","og_type":"article","og_title":"Maxshine Tire Scrub Brush - Detail Spot","og_description":"Maxshine Tire Scrub Brush &#8211; PA tyre cleaning brush with a long handle that is the perfect helper for removing stubborn dirt on tyres and mudguards. When tyre cleaner is used, this brush easily activates the cleaning properties of the cleaner and removes all the dirt. The long, ergonomic brush handle provides a comfortable grip&hellip;","og_url":"https:\/\/detailspot.lt\/produktas\/maxshine-tire-scrub-brush-2\/","og_site_name":"Detail Spot","article_publisher":"https:\/\/www.facebook.com\/profile.php?id=100039208338156","article_modified_time":"2025-12-05T14:08:38+00:00","og_image":[{"width":1920,"height":1280,"url":"https:\/\/detailspot.lt\/wp-content\/uploads\/2022\/05\/hero2.jpg","type":"image\/jpeg"}],"twitter_card":"summary_large_image","schema":{"@context":"https:\/\/schema.org","@graph":[{"@type":"WebPage","@id":"https:\/\/detailspot.lt\/produktas\/maxshine-tire-scrub-brush-2\/","url":"https:\/\/detailspot.lt\/produktas\/maxshine-tire-scrub-brush-2\/","name":"Maxshine Tire Scrub Brush - Detail Spot","isPartOf":{"@id":"https:\/\/detailspot.lt\/#website"},"primaryImageOfPage":{"@id":"https:\/\/detailspot.lt\/produktas\/maxshine-tire-scrub-brush-2\/#primaryimage"},"image":{"@id":"https:\/\/detailspot.lt\/produktas\/maxshine-tire-scrub-brush-2\/#primaryimage"},"thumbnailUrl":"https:\/\/detailspot.lt\/wp-content\/uploads\/2022\/05\/maxshine-tire-scrub-brush-1.jpg","datePublished":"2022-12-02T13:13:37+00:00","dateModified":"2025-12-05T14:08:38+00:00","breadcrumb":{"@id":"https:\/\/detailspot.lt\/produktas\/maxshine-tire-scrub-brush-2\/#breadcrumb"},"inLanguage":"en-US","potentialAction":[{"@type":"ReadAction","target":["https:\/\/detailspot.lt\/produktas\/maxshine-tire-scrub-brush-2\/"]}]},{"@type":"ImageObject","inLanguage":"en-US","@id":"https:\/\/detailspot.lt\/produktas\/maxshine-tire-scrub-brush-2\/#primaryimage","url":"https:\/\/detailspot.lt\/wp-content\/uploads\/2022\/05\/maxshine-tire-scrub-brush-1.jpg","contentUrl":"https:\/\/detailspot.lt\/wp-content\/uploads\/2022\/05\/maxshine-tire-scrub-brush-1.jpg","width":388,"height":388},{"@type":"BreadcrumbList","@id":"https:\/\/detailspot.lt\/produktas\/maxshine-tire-scrub-brush-2\/#breadcrumb","itemListElement":[{"@type":"ListItem","position":1,"name":"Home","item":"https:\/\/detailspot.lt\/en\/"},{"@type":"ListItem","position":2,"name":"Shop","item":"https:\/\/detailspot.lt\/en\/parduotuve\/"},{"@type":"ListItem","position":3,"name":"Maxshine Tire Scrub Brush"}]},{"@type":"WebSite","@id":"https:\/\/detailspot.lt\/#website","url":"https:\/\/detailspot.lt\/","name":"Detail Spot","description":"Automobili\u0173 prie\u017ei\u016bros priemon\u0117s","publisher":{"@id":"https:\/\/detailspot.lt\/#organization"},"potentialAction":[{"@type":"SearchAction","target":{"@type":"EntryPoint","urlTemplate":"https:\/\/detailspot.lt\/?s={search_term_string}"},"query-input":{"@type":"PropertyValueSpecification","valueRequired":true,"valueName":"search_term_string"}}],"inLanguage":"en-US"},{"@type":"Organization","@id":"https:\/\/detailspot.lt\/#organization","name":"Detail Spot","url":"https:\/\/detailspot.lt\/","logo":{"@type":"ImageObject","inLanguage":"en-US","@id":"https:\/\/detailspot.lt\/#\/schema\/logo\/image\/","url":"https:\/\/detailspot.lt\/wp-content\/uploads\/2022\/10\/logo-original.svg","contentUrl":"https:\/\/detailspot.lt\/wp-content\/uploads\/2022\/10\/logo-original.svg","width":1,"height":1,"caption":"Detail Spot"},"image":{"@id":"https:\/\/detailspot.lt\/#\/schema\/logo\/image\/"},"sameAs":["https:\/\/www.facebook.com\/profile.php?id=100039208338156"]}]}},"_links":{"self":[{"href":"https:\/\/detailspot.lt\/en\/wp-json\/wp\/v2\/product\/6810","targetHints":{"allow":["GET"]}}],"collection":[{"href":"https:\/\/detailspot.lt\/en\/wp-json\/wp\/v2\/product"}],"about":[{"href":"https:\/\/detailspot.lt\/en\/wp-json\/wp\/v2\/types\/product"}],"replies":[{"embeddable":true,"href":"https:\/\/detailspot.lt\/en\/wp-json\/wp\/v2\/comments?post=6810"}],"wp:featuredmedia":[{"embeddable":true,"href":"https:\/\/detailspot.lt\/en\/wp-json\/wp\/v2\/media\/3414"}],"wp:attachment":[{"href":"https:\/\/detailspot.lt\/en\/wp-json\/wp\/v2\/media?parent=6810"}],"wp:term":[{"taxonomy":"product_brand","embeddable":true,"href":"https:\/\/detailspot.lt\/en\/wp-json\/wp\/v2\/product_brand?post=6810"},{"taxonomy":"product_cat","embeddable":true,"href":"https:\/\/detailspot.lt\/en\/wp-json\/wp\/v2\/product_cat?post=6810"},{"taxonomy":"product_tag","embeddable":true,"href":"https:\/\/detailspot.lt\/en\/wp-json\/wp\/v2\/product_tag?post=6810"}],"curies":[{"name":"wp","href":"https:\/\/api.w.org\/{rel}","templated":true}]}}