{"id":6809,"date":"2022-12-02T15:13:37","date_gmt":"2022-12-02T13:13:37","guid":{"rendered":"https:\/\/detailspot.lt\/produktas\/liquid-elements-heavy-duty-brush-2\/"},"modified":"2022-12-02T15:13:37","modified_gmt":"2022-12-02T13:13:37","slug":"liquid-elements-heavy-duty-brush-2","status":"publish","type":"product","link":"https:\/\/detailspot.lt\/en\/produktas\/liquid-elements-heavy-duty-brush-2\/","title":{"rendered":"Liquid Elements Heavy Duty Brush"},"content":{"rendered":"<p>Liquid Elements Heavy Duty Brush &#8211; <span style=\"font-size: 16px;\">&#8220;Heavy Brush blue&#8221; The bristles are ideal for heavy dirt in hard-to-reach areas and deep-rooted dirt, such as in the car interior, on all fabric and leather surfaces. The extra strong bristles are also resistant to alkaline and acidic cleaners. Nevertheless, it is recommended to rinse the brush with water after use to keep it in the best possible condition.<\/span><\/p>\n<p>&nbsp;<\/p>\n<p style=\"text-align: center;\"><img loading=\"lazy\" decoding=\"async\" class=\"alignnone size-medium wp-image-1062\" src=\"https:\/\/detailspot.lt\/wp-content\/uploads\/2022\/10\/LE_logo_dark_rgbCjaMASES2dhtf-300x103.webp\" alt=\"\" width=\"300\" height=\"103\" srcset=\"https:\/\/detailspot.lt\/wp-content\/uploads\/2022\/10\/LE_logo_dark_rgbCjaMASES2dhtf-300x103.webp 300w, https:\/\/detailspot.lt\/wp-content\/uploads\/2022\/10\/LE_logo_dark_rgbCjaMASES2dhtf.webp 500w\" sizes=\"auto, (max-width: 300px) 100vw, 300px\" \/><\/p>\n","protected":false},"excerpt":{"rendered":"<p>Liquid Elements Heavy Duty Brush &#8211; &#8220;Heavy Brush blue&#8221; The bristles are ideal for heavy dirt in hard-to-reach areas and deep-rooted dirt, such as in the car interior, on all fabric and leather surfaces. The extra strong bristles are also resistant to alkaline and acidic cleaners. Nevertheless, it is recommended to rinse the brush with&hellip;<\/p>\n","protected":false},"featured_media":4103,"comment_status":"closed","ping_status":"closed","template":"","meta":[],"product_brand":[],"product_cat":[155,183],"product_tag":[],"class_list":{"0":"post-6809","1":"product","2":"type-product","3":"status-publish","4":"has-post-thumbnail","6":"product_cat-accessories","7":"product_cat-brushes","8":"description-off","10":"first","11":"outofstock","12":"taxable","13":"shipping-taxable","14":"purchasable","15":"product-type-simple"},"yoast_head":"<!-- This site is optimized with the Yoast SEO plugin v27.2 - https:\/\/yoast.com\/product\/yoast-seo-wordpress\/ -->\n<title>Liquid Elements Heavy Duty Brush - Detail Spot<\/title>\n<meta name=\"robots\" content=\"index, follow, max-snippet:-1, max-image-preview:large, max-video-preview:-1\" \/>\n<link rel=\"canonical\" href=\"https:\/\/detailspot.lt\/produktas\/liquid-elements-heavy-duty-brush-2\/\" \/>\n<meta property=\"og:locale\" content=\"en_US\" \/>\n<meta property=\"og:type\" content=\"article\" \/>\n<meta property=\"og:title\" content=\"Liquid Elements Heavy Duty Brush - Detail Spot\" \/>\n<meta property=\"og:description\" content=\"Liquid Elements Heavy Duty Brush &#8211; &#8220;Heavy Brush blue&#8221; The bristles are ideal for heavy dirt in hard-to-reach areas and deep-rooted dirt, such as in the car interior, on all fabric and leather surfaces. The extra strong bristles are also resistant to alkaline and acidic cleaners. Nevertheless, it is recommended to rinse the brush with&hellip;\" \/>\n<meta property=\"og:url\" content=\"https:\/\/detailspot.lt\/produktas\/liquid-elements-heavy-duty-brush-2\/\" \/>\n<meta property=\"og:site_name\" content=\"Detail Spot\" \/>\n<meta property=\"article:publisher\" content=\"https:\/\/www.facebook.com\/profile.php?id=100039208338156\" \/>\n<meta property=\"og:image\" content=\"https:\/\/detailspot.lt\/wp-content\/uploads\/2022\/10\/LE_logo_dark_rgbCjaMASES2dhtf-300x103.webp\" \/>\n<meta name=\"twitter:card\" content=\"summary_large_image\" \/>\n<script type=\"application\/ld+json\" class=\"yoast-schema-graph\">{\"@context\":\"https:\/\/schema.org\",\"@graph\":[{\"@type\":\"WebPage\",\"@id\":\"https:\/\/detailspot.lt\/produktas\/liquid-elements-heavy-duty-brush-2\/\",\"url\":\"https:\/\/detailspot.lt\/produktas\/liquid-elements-heavy-duty-brush-2\/\",\"name\":\"Liquid Elements Heavy Duty Brush - Detail Spot\",\"isPartOf\":{\"@id\":\"https:\/\/detailspot.lt\/#website\"},\"primaryImageOfPage\":{\"@id\":\"https:\/\/detailspot.lt\/produktas\/liquid-elements-heavy-duty-brush-2\/#primaryimage\"},\"image\":{\"@id\":\"https:\/\/detailspot.lt\/produktas\/liquid-elements-heavy-duty-brush-2\/#primaryimage\"},\"thumbnailUrl\":\"https:\/\/detailspot.lt\/wp-content\/uploads\/2022\/12\/liquid-elements-heavy-duty-brush-1.jpg\",\"datePublished\":\"2022-12-02T13:13:37+00:00\",\"breadcrumb\":{\"@id\":\"https:\/\/detailspot.lt\/produktas\/liquid-elements-heavy-duty-brush-2\/#breadcrumb\"},\"inLanguage\":\"en-US\",\"potentialAction\":[{\"@type\":\"ReadAction\",\"target\":[\"https:\/\/detailspot.lt\/produktas\/liquid-elements-heavy-duty-brush-2\/\"]}]},{\"@type\":\"ImageObject\",\"inLanguage\":\"en-US\",\"@id\":\"https:\/\/detailspot.lt\/produktas\/liquid-elements-heavy-duty-brush-2\/#primaryimage\",\"url\":\"https:\/\/detailspot.lt\/wp-content\/uploads\/2022\/12\/liquid-elements-heavy-duty-brush-1.jpg\",\"contentUrl\":\"https:\/\/detailspot.lt\/wp-content\/uploads\/2022\/12\/liquid-elements-heavy-duty-brush-1.jpg\",\"width\":608,\"height\":608},{\"@type\":\"BreadcrumbList\",\"@id\":\"https:\/\/detailspot.lt\/produktas\/liquid-elements-heavy-duty-brush-2\/#breadcrumb\",\"itemListElement\":[{\"@type\":\"ListItem\",\"position\":1,\"name\":\"Home\",\"item\":\"https:\/\/detailspot.lt\/en\/\"},{\"@type\":\"ListItem\",\"position\":2,\"name\":\"Shop\",\"item\":\"https:\/\/detailspot.lt\/en\/parduotuve\/\"},{\"@type\":\"ListItem\",\"position\":3,\"name\":\"Liquid Elements Heavy Duty Brush\"}]},{\"@type\":\"WebSite\",\"@id\":\"https:\/\/detailspot.lt\/#website\",\"url\":\"https:\/\/detailspot.lt\/\",\"name\":\"Detail Spot\",\"description\":\"Automobili\u0173 prie\u017ei\u016bros priemon\u0117s\",\"publisher\":{\"@id\":\"https:\/\/detailspot.lt\/#organization\"},\"potentialAction\":[{\"@type\":\"SearchAction\",\"target\":{\"@type\":\"EntryPoint\",\"urlTemplate\":\"https:\/\/detailspot.lt\/?s={search_term_string}\"},\"query-input\":{\"@type\":\"PropertyValueSpecification\",\"valueRequired\":true,\"valueName\":\"search_term_string\"}}],\"inLanguage\":\"en-US\"},{\"@type\":\"Organization\",\"@id\":\"https:\/\/detailspot.lt\/#organization\",\"name\":\"Detail Spot\",\"url\":\"https:\/\/detailspot.lt\/\",\"logo\":{\"@type\":\"ImageObject\",\"inLanguage\":\"en-US\",\"@id\":\"https:\/\/detailspot.lt\/#\/schema\/logo\/image\/\",\"url\":\"https:\/\/detailspot.lt\/wp-content\/uploads\/2022\/10\/logo-original.svg\",\"contentUrl\":\"https:\/\/detailspot.lt\/wp-content\/uploads\/2022\/10\/logo-original.svg\",\"width\":1,\"height\":1,\"caption\":\"Detail Spot\"},\"image\":{\"@id\":\"https:\/\/detailspot.lt\/#\/schema\/logo\/image\/\"},\"sameAs\":[\"https:\/\/www.facebook.com\/profile.php?id=100039208338156\"]}]}<\/script>\n<!-- \/ Yoast SEO plugin. -->","yoast_head_json":{"title":"Liquid Elements Heavy Duty Brush - Detail Spot","robots":{"index":"index","follow":"follow","max-snippet":"max-snippet:-1","max-image-preview":"max-image-preview:large","max-video-preview":"max-video-preview:-1"},"canonical":"https:\/\/detailspot.lt\/produktas\/liquid-elements-heavy-duty-brush-2\/","og_locale":"en_US","og_type":"article","og_title":"Liquid Elements Heavy Duty Brush - Detail Spot","og_description":"Liquid Elements Heavy Duty Brush &#8211; &#8220;Heavy Brush blue&#8221; The bristles are ideal for heavy dirt in hard-to-reach areas and deep-rooted dirt, such as in the car interior, on all fabric and leather surfaces. The extra strong bristles are also resistant to alkaline and acidic cleaners. Nevertheless, it is recommended to rinse the brush with&hellip;","og_url":"https:\/\/detailspot.lt\/produktas\/liquid-elements-heavy-duty-brush-2\/","og_site_name":"Detail Spot","article_publisher":"https:\/\/www.facebook.com\/profile.php?id=100039208338156","og_image":[{"url":"https:\/\/detailspot.lt\/wp-content\/uploads\/2022\/10\/LE_logo_dark_rgbCjaMASES2dhtf-300x103.webp","type":"","width":"","height":""}],"twitter_card":"summary_large_image","schema":{"@context":"https:\/\/schema.org","@graph":[{"@type":"WebPage","@id":"https:\/\/detailspot.lt\/produktas\/liquid-elements-heavy-duty-brush-2\/","url":"https:\/\/detailspot.lt\/produktas\/liquid-elements-heavy-duty-brush-2\/","name":"Liquid Elements Heavy Duty Brush - Detail Spot","isPartOf":{"@id":"https:\/\/detailspot.lt\/#website"},"primaryImageOfPage":{"@id":"https:\/\/detailspot.lt\/produktas\/liquid-elements-heavy-duty-brush-2\/#primaryimage"},"image":{"@id":"https:\/\/detailspot.lt\/produktas\/liquid-elements-heavy-duty-brush-2\/#primaryimage"},"thumbnailUrl":"https:\/\/detailspot.lt\/wp-content\/uploads\/2022\/12\/liquid-elements-heavy-duty-brush-1.jpg","datePublished":"2022-12-02T13:13:37+00:00","breadcrumb":{"@id":"https:\/\/detailspot.lt\/produktas\/liquid-elements-heavy-duty-brush-2\/#breadcrumb"},"inLanguage":"en-US","potentialAction":[{"@type":"ReadAction","target":["https:\/\/detailspot.lt\/produktas\/liquid-elements-heavy-duty-brush-2\/"]}]},{"@type":"ImageObject","inLanguage":"en-US","@id":"https:\/\/detailspot.lt\/produktas\/liquid-elements-heavy-duty-brush-2\/#primaryimage","url":"https:\/\/detailspot.lt\/wp-content\/uploads\/2022\/12\/liquid-elements-heavy-duty-brush-1.jpg","contentUrl":"https:\/\/detailspot.lt\/wp-content\/uploads\/2022\/12\/liquid-elements-heavy-duty-brush-1.jpg","width":608,"height":608},{"@type":"BreadcrumbList","@id":"https:\/\/detailspot.lt\/produktas\/liquid-elements-heavy-duty-brush-2\/#breadcrumb","itemListElement":[{"@type":"ListItem","position":1,"name":"Home","item":"https:\/\/detailspot.lt\/en\/"},{"@type":"ListItem","position":2,"name":"Shop","item":"https:\/\/detailspot.lt\/en\/parduotuve\/"},{"@type":"ListItem","position":3,"name":"Liquid Elements Heavy Duty Brush"}]},{"@type":"WebSite","@id":"https:\/\/detailspot.lt\/#website","url":"https:\/\/detailspot.lt\/","name":"Detail Spot","description":"Automobili\u0173 prie\u017ei\u016bros priemon\u0117s","publisher":{"@id":"https:\/\/detailspot.lt\/#organization"},"potentialAction":[{"@type":"SearchAction","target":{"@type":"EntryPoint","urlTemplate":"https:\/\/detailspot.lt\/?s={search_term_string}"},"query-input":{"@type":"PropertyValueSpecification","valueRequired":true,"valueName":"search_term_string"}}],"inLanguage":"en-US"},{"@type":"Organization","@id":"https:\/\/detailspot.lt\/#organization","name":"Detail Spot","url":"https:\/\/detailspot.lt\/","logo":{"@type":"ImageObject","inLanguage":"en-US","@id":"https:\/\/detailspot.lt\/#\/schema\/logo\/image\/","url":"https:\/\/detailspot.lt\/wp-content\/uploads\/2022\/10\/logo-original.svg","contentUrl":"https:\/\/detailspot.lt\/wp-content\/uploads\/2022\/10\/logo-original.svg","width":1,"height":1,"caption":"Detail Spot"},"image":{"@id":"https:\/\/detailspot.lt\/#\/schema\/logo\/image\/"},"sameAs":["https:\/\/www.facebook.com\/profile.php?id=100039208338156"]}]}},"_links":{"self":[{"href":"https:\/\/detailspot.lt\/en\/wp-json\/wp\/v2\/product\/6809","targetHints":{"allow":["GET"]}}],"collection":[{"href":"https:\/\/detailspot.lt\/en\/wp-json\/wp\/v2\/product"}],"about":[{"href":"https:\/\/detailspot.lt\/en\/wp-json\/wp\/v2\/types\/product"}],"replies":[{"embeddable":true,"href":"https:\/\/detailspot.lt\/en\/wp-json\/wp\/v2\/comments?post=6809"}],"wp:featuredmedia":[{"embeddable":true,"href":"https:\/\/detailspot.lt\/en\/wp-json\/wp\/v2\/media\/4103"}],"wp:attachment":[{"href":"https:\/\/detailspot.lt\/en\/wp-json\/wp\/v2\/media?parent=6809"}],"wp:term":[{"taxonomy":"product_brand","embeddable":true,"href":"https:\/\/detailspot.lt\/en\/wp-json\/wp\/v2\/product_brand?post=6809"},{"taxonomy":"product_cat","embeddable":true,"href":"https:\/\/detailspot.lt\/en\/wp-json\/wp\/v2\/product_cat?post=6809"},{"taxonomy":"product_tag","embeddable":true,"href":"https:\/\/detailspot.lt\/en\/wp-json\/wp\/v2\/product_tag?post=6809"}],"curies":[{"name":"wp","href":"https:\/\/api.w.org\/{rel}","templated":true}]}}